{"id":3185,"date":"2025-03-02T00:03:16","date_gmt":"2025-03-01T22:03:16","guid":{"rendered":"https:\/\/santamonica.lv\/?page_id=3185"},"modified":"2025-03-05T22:42:35","modified_gmt":"2025-03-05T20:42:35","slug":"dichlorooctan","status":"publish","type":"page","link":"https:\/\/santamonica.lv\/pl\/dla-zdrowia\/dichlorooctan\/","title":{"rendered":"Dichlorooctan"},"content":{"rendered":"\n<div class=\"wp-block-columns is-layout-flex wp-container-core-columns-is-layout-9d6595d7 wp-block-columns-is-layout-flex\">\n<div class=\"wp-block-column is-layout-flow wp-block-column-is-layout-flow\" style=\"flex-basis:33.33%\">\n<figure class=\"wp-block-image size-full\"><img loading=\"lazy\" decoding=\"async\" width=\"1908\" height=\"1146\" src=\"https:\/\/santamonica.lv\/wp-content\/uploads\/2024\/01\/dihloroacetats.jpg\" alt=\"\" class=\"wp-image-1053\" srcset=\"https:\/\/santamonica.lv\/wp-content\/uploads\/2024\/01\/dihloroacetats.jpg 1908w, https:\/\/santamonica.lv\/wp-content\/uploads\/2024\/01\/dihloroacetats-300x180.jpg 300w, https:\/\/santamonica.lv\/wp-content\/uploads\/2024\/01\/dihloroacetats-1024x615.jpg 1024w, https:\/\/santamonica.lv\/wp-content\/uploads\/2024\/01\/dihloroacetats-768x461.jpg 768w, https:\/\/santamonica.lv\/wp-content\/uploads\/2024\/01\/dihloroacetats-1536x923.jpg 1536w, https:\/\/santamonica.lv\/wp-content\/uploads\/2024\/01\/dihloroacetats-600x360.jpg 600w\" sizes=\"auto, (max-width: 1908px) 100vw, 1908px\" \/><\/figure>\n<\/div>\n\n\n\n<div class=\"wp-block-column is-layout-flow wp-block-column-is-layout-flow\" style=\"flex-basis:66.66%\">\n<p>Od pocz\u0105tku lek o nazwie dichlorooctan by\u0142 stosowany w leczeniu stosunkowo rzadkiej choroby metabolicznej u dzieci (kwasicy mleczanowej). Nast\u0119pnie zesp\u00f3\u0142 badawczy z Kanady dowiedzia\u0142 si\u0119, \u017ce substancj\u0119 t\u0119 mo\u017cna stosowa\u0107 tak\u017ce w leczeniu nowotwor\u00f3w. DCA dzia\u0142a g\u0142\u00f3wnie jako aktywator energii w mitochondriach kom\u00f3rek, ale w tkance nowotworowej metabolizm ten jest zaburzony.<\/p>\n<\/div>\n<\/div>\n\n\n\n<p>Dichlorooctan jest stosowany w leczeniu raka. Jak wiadomo, prawid\u0142owy metabolizm energetyczny, kt\u00f3ry \u017cywy organizm pobiera ze sk\u0142adnik\u00f3w od\u017cywczych w obecno\u015bci tlenu, jest w kom\u00f3rkach nowotworowych zaburzony. Kom\u00f3rki nowotworowe nauczy\u0142y si\u0119 wykorzystywa\u0107 cukier przy braku tlenu. W rezultacie trac\u0105 wi\u0119kszo\u015b\u0107 dost\u0119pnej energii organizmu, a rak inicjuje prymitywny mechanizm przetrwania. DCA jest w stanie przynajmniej cz\u0119\u015bciowo przywr\u00f3ci\u0107 prawid\u0142ow\u0105 funkcj\u0119 mitochondri\u00f3w. W rezultacie ponownie nast\u0119puje normalna naturalna \u015bmier\u0107 kom\u00f3rek \u2013 apoptoza. DCA ma tak\u017ce dzia\u0142anie regeneruj\u0105ce na kom\u00f3rki nowotworowe, czyli jak twierdz\u0105 eksperci \u2013 dzia\u0142anie r\u00f3\u017cnicuj\u0105ce. W medycynie pozwala to na \u0142\u0105czenie DCA z innymi terapiami dzia\u0142aj\u0105cymi w podobny spos\u00f3b, takimi jak dieta niskow\u0119glowodanowa, hipertermia terapeutyczna i inne.<\/p>\n\n\n\n<p>Przeciwnowotworowe w\u0142a\u015bciwo\u015bci dichlorooctanu opisano w wielu \u017ar\u00f3d\u0142ach literaturowych, jednak jego skuteczno\u015b\u0107 kliniczna w leczeniu nowotwor\u00f3w nie zosta\u0142a potwierdzona, poniewa\u017c nie s\u0105 dozwolone szeroko zakrojone badania kliniczne. Jako uzasadnienie podaje si\u0119 niepo\u017c\u0105dane skutki uboczne lek\u00f3w, takie jak neurotoksyczno\u015b\u0107 i mo\u017cliwe dzia\u0142anie rakotw\u00f3rcze. Jednak pomimo powy\u017cszych fakt\u00f3w, w ostatnich latach zastosowanie DCA zosta\u0142o szerzej opisane ze wzgl\u0119du na zainteresowanie zdolno\u015bci\u0105 tego leku do wp\u0142ywania na metabolizm kom\u00f3rek nowotworowych.<\/p>\n\n\n\n<p>Analiza mechanizmu dzia\u0142ania DCA pozwala lepiej zrozumie\u0107 i doceni\u0107, dlaczego jest on tak selektywnie skuteczny wobec kom\u00f3rek nowotworowych. Za skuteczne uznano tak\u017ce stosowanie DCA \u0142\u0105cznie z tradycyjnymi metodami leczenia nowotwor\u00f3w \u2013 chemioterapi\u0105, radioterapi\u0105 oraz \u0142\u0105cznie z innymi lekami, w tym substancjami biologicznymi. Zaleca si\u0119 stosowanie DCA razem z innymi substancjami biologicznie aktywnymi, aby zwi\u0119kszy\u0107 jego biodost\u0119pno\u015b\u0107 i wch\u0142anianie przez tkanki. Opisane powy\u017cej wyniki dotycz\u0105ce skuteczno\u015bci DCA zach\u0119caj\u0105 do podj\u0119cia nowych bada\u0144 na szersz\u0105 skal\u0119. Wiadomo, \u017ce DCA ma zdolno\u015b\u0107 dzia\u0142ania, t\u0142umienia i zabijania nowotworowych kom\u00f3rek macierzystych, aby zatrzyma\u0107 wzrost guza i proliferacj\u0119 kom\u00f3rek. Dzi\u0119ki tym badaniom DCA jest nadal stosowane w leczeniu raka.<\/p>\n\n\n\n<p>Opisana powy\u017cej aktywno\u015b\u0107 DCA bezpo\u015brednio wskazuje na fakt, \u017ce zwi\u0105zek ten jest w stanie zmienia\u0107 charakterystyk\u0119 metaboliczn\u0105 kom\u00f3rek nowotworowych. Pomimo obecno\u015bci tlenu kom\u00f3rki nowotworowe nauczy\u0142y si\u0119 przetrwa\u0107, czerpi\u0105c energi\u0119 z niepe\u0142nej glikolizy z powodu zmniejszonej aktywno\u015bci mitochondri\u00f3w. Naukowcy nazywaj\u0105 to efektem Warburga. W rezultacie dochodzi do zwi\u0119kszonego tworzenia si\u0119 produkt\u00f3w kwasu mlekowego (mleczanu). Nadmierna aktywno\u015b\u0107 glikolizy na skutek tworzenia si\u0119 mleczan\u00f3w w s\u0105siedztwie guza powoduje kwasic\u0119 metaboliczn\u0105 (mikro\u015brodowisko reakcji kwasowej). Z drugiej strony mleczany obecne w otaczaj\u0105cych tkankach sprzyjaj\u0105 proliferacji kom\u00f3rek nowotworowych i hamuj\u0105 mechanizmy apoptozy kom\u00f3rek nowotworowych. Decyduj\u0105 o tym enzymy bior\u0105ce udzia\u0142 w procesie glikolizy, kt\u00f3re potrafi\u0105 go st\u0142umi\u0107 i zahamowa\u0107. Mechanizm dzia\u0142ania DCA opiera si\u0119 na zmianie metabolizmu w kom\u00f3rkach nowotworowych \u2013 hamuj\u0105c aktywno\u015b\u0107 kinazy dehydrogenazy pirogronianowej, metabolizm oparty na wzmo\u017conej glikolizie przekszta\u0142ca si\u0119 w fosforylacj\u0119 oksydacyjn\u0105. Aktywacja PDH sprzyja utlenianiu pirogronianu w mitochondriach, powoduj\u0105c w ten spos\u00f3b zaburzenia metaboliczne w kom\u00f3rkach nowotworowych. W rezultacie w tkankach nowotworowych dochodzi do wyra\u017anego deficytu energii. Ponadto zmniejszona produkcja mleczanu zmniejsza kwasic\u0119 w tkance nowotworowej, hamuj\u0105c w ten spos\u00f3b wzrost i rozprzestrzenianie si\u0119 nowotworu. Nap\u0142yw pirogronianu do mitochondri\u00f3w sprzyja uwalnianiu cytochromu C i innych czynnik\u00f3w sprzyjaj\u0105cych apoptozie, co znacz\u0105co zmniejsza prze\u017cywalno\u015b\u0107 kom\u00f3rek nowotworowych.<\/p>\n\n\n\n<p>Do u\u017cytku klinicznego firmy farmaceutyczne opracowa\u0142y preparaty DCA do stosowania doustnego i pozajelitowego. Zalecane dawki wynosz\u0105 od 10 \u2013 50 mg\/kg dziennie. Podczas stosowania DCA nie ma oznak powodowanych przez niego toksycznych skutk\u00f3w ubocznych, kt\u00f3re powoduj\u0105 wyra\u017ane zmiany w sk\u0142adzie krwi, wska\u017anikach w\u0105troby i nerek, a tak\u017ce kardiotoksyczno\u015b\u0107. Oznacza to, \u017ce podawanie DCA pacjentom jest bezpieczne. Zaburzenia \u017co\u0142\u0105dkowo-jelitowe wyst\u0119puj\u0105 rzadko. Najcz\u0119\u015bciej stosowanie tego preparatu ogranicza obserwowana w badaniach klinicznych polineuropatia obwodowa. W celu ograniczenia polineuropatii indukowanej DCA zaleca si\u0119 r\u00f3wnoleg\u0142e podawanie antyoksydant\u00f3w, a tak\u017ce indywidualne dostosowywanie podawanej dawki DCA w przeliczeniu na kilogram masy cia\u0142a. Efekt ten jest r\u00f3wnie\u017c \u0142agodzony poprzez pozajelitowe stosowanie preparatu.<\/p>\n\n\n\n<p>Powszechn\u0105 strategi\u0105 w leczeniu nowotwor\u00f3w jest \u0142\u0105czenie r\u00f3\u017cnych lek\u00f3w w celu uzyskania jak najwi\u0119kszego efektu. Umo\u017cliwia to zwi\u0119kszenie efektywno\u015bci poprzez zmniejszenie ca\u0142kowitej podawanej dawki, a tak\u017ce zapobieganie dzia\u0142aniu toksycznemu. DCA cz\u0119sto \u0142\u0105czy si\u0119 z innymi lekami stosowanymi w chemioterapii. Hamuj\u0105 tak\u017ce rozw\u00f3j oporno\u015bci kom\u00f3rek nowotworowych na leki stosowane w chemioterapii. Na przyk\u0142ad DCA \u0142\u0105czy si\u0119 z paklitakselem w leczeniu raka p\u0142uc. Cz\u0119sto stosuje si\u0119 go tak\u017ce razem z doksorubicyn\u0105 i cisplatyn\u0105. Takie po\u0142\u0105czenia stosuje si\u0119 w leczeniu raka p\u0119cherza moczowego i raka w\u0105trobowokom\u00f3rkowego, gdy rozwin\u0119\u0142a si\u0119 oporno\u015b\u0107.<\/p>\n\n\n\n<p>\u015arednia dawka doustna wynosi 15 mg\/kg na dzie\u0144. Po dw\u00f3ch tygodniach stosowania nast\u0119puje tygodniowa przerwa i nast\u0119pnie mo\u017cna rozpocz\u0105\u0107 podawanie do\u017cylne w dawce 30 mg\/kg dwa razy w tygodniu, rozcie\u0144czaj\u0105c preparat 0,9% roztworem chlorku sodu do obj\u0119to\u015bci 250 ml.<\/p>\n\n\n\n<p><strong>Wykorzystana literatura:<\/strong><br><a href=\"https:\/\/www.ncbi.nlm.nih.gov\/pmc\/articles\/PMC6885244\/\" target=\"_blank\" rel=\"noreferrer noopener\">https:\/\/www.ncbi.nlm.nih.gov\/pmc\/articles\/PMC6885244\/<\/a><\/p>\n","protected":false},"excerpt":{"rendered":"<p>Od pocz\u0105tku lek o nazwie dichlorooctan by\u0142 stosowany w leczeniu stosunkowo rzadkiej choroby metabolicznej u dzieci (kwasicy mleczanowej). Nast\u0119pnie zesp\u00f3\u0142 badawczy z Kanady dowiedzia\u0142 si\u0119, \u017ce substancj\u0119 t\u0119 mo\u017cna stosowa\u0107 tak\u017ce w leczeniu nowotwor\u00f3w. DCA dzia\u0142a g\u0142\u00f3wnie jako aktywator energii w mitochondriach kom\u00f3rek, ale w tkance nowotworowej metabolizm ten jest zaburzony. Dichlorooctan jest stosowany w&#8230;<\/p>\n","protected":false},"author":3,"featured_media":2597,"parent":2522,"menu_order":0,"comment_status":"closed","ping_status":"closed","template":"","meta":{"_acf_changed":false,"_uag_custom_page_level_css":"","_kadence_starter_templates_imported_post":false,"_kad_post_transparent":"","_kad_post_title":"","_kad_post_layout":"","_kad_post_sidebar_id":"","_kad_post_content_style":"","_kad_post_vertical_padding":"","_kad_post_feature":"","_kad_post_feature_position":"","_kad_post_header":false,"_kad_post_footer":false,"footnotes":""},"class_list":["post-3185","page","type-page","status-publish","has-post-thumbnail","hentry"],"acf":[],"yoast_head":"<!-- This site is optimized with the Yoast SEO plugin v26.4 - https:\/\/yoast.com\/wordpress\/plugins\/seo\/ -->\n<title>Dichlorooctan - Santa Monica<\/title>\n<meta name=\"robots\" content=\"index, follow, max-snippet:-1, max-image-preview:large, max-video-preview:-1\" \/>\n<link rel=\"canonical\" href=\"https:\/\/santamonica.lv\/pl\/dla-zdrowia\/dichlorooctan\/\" \/>\n<meta property=\"og:locale\" content=\"pl_PL\" \/>\n<meta property=\"og:type\" content=\"article\" \/>\n<meta property=\"og:title\" content=\"Dichlorooctan - Santa Monica\" \/>\n<meta property=\"og:description\" content=\"Od pocz\u0105tku lek o nazwie dichlorooctan by\u0142 stosowany w leczeniu stosunkowo rzadkiej choroby metabolicznej u dzieci (kwasicy mleczanowej). Nast\u0119pnie zesp\u00f3\u0142 badawczy z Kanady dowiedzia\u0142 si\u0119, \u017ce substancj\u0119 t\u0119 mo\u017cna stosowa\u0107 tak\u017ce w leczeniu nowotwor\u00f3w. DCA dzia\u0142a g\u0142\u00f3wnie jako aktywator energii w mitochondriach kom\u00f3rek, ale w tkance nowotworowej metabolizm ten jest zaburzony. Dichlorooctan jest stosowany w...\" \/>\n<meta property=\"og:url\" content=\"https:\/\/santamonica.lv\/pl\/dla-zdrowia\/dichlorooctan\/\" \/>\n<meta property=\"og:site_name\" content=\"Santa Monica\" \/>\n<meta property=\"article:publisher\" content=\"https:\/\/www.facebook.com\/klinikasantamonica\" \/>\n<meta property=\"article:modified_time\" content=\"2025-03-05T20:42:35+00:00\" \/>\n<meta property=\"og:image\" content=\"https:\/\/santamonica.lv\/wp-content\/uploads\/2024\/01\/dihloroacetats.jpg\" \/>\n\t<meta property=\"og:image:width\" content=\"1908\" \/>\n\t<meta property=\"og:image:height\" content=\"1146\" \/>\n\t<meta property=\"og:image:type\" content=\"image\/jpeg\" \/>\n<meta name=\"twitter:card\" content=\"summary_large_image\" \/>\n<meta name=\"twitter:label1\" content=\"Est. reading time\" \/>\n\t<meta name=\"twitter:data1\" content=\"5 minut\" \/>\n<script type=\"application\/ld+json\" class=\"yoast-schema-graph\">{\"@context\":\"https:\/\/schema.org\",\"@graph\":[{\"@type\":\"WebPage\",\"@id\":\"https:\/\/santamonica.lv\/pl\/dla-zdrowia\/dichlorooctan\/\",\"url\":\"https:\/\/santamonica.lv\/pl\/dla-zdrowia\/dichlorooctan\/\",\"name\":\"Dichlorooctan - Santa Monica\",\"isPartOf\":{\"@id\":\"https:\/\/santamonica.lv\/pl\/#website\"},\"primaryImageOfPage\":{\"@id\":\"https:\/\/santamonica.lv\/pl\/dla-zdrowia\/dichlorooctan\/#primaryimage\"},\"image\":{\"@id\":\"https:\/\/santamonica.lv\/pl\/dla-zdrowia\/dichlorooctan\/#primaryimage\"},\"thumbnailUrl\":\"https:\/\/santamonica.lv\/wp-content\/uploads\/2024\/01\/dihloroacetats.jpg\",\"datePublished\":\"2025-03-01T22:03:16+00:00\",\"dateModified\":\"2025-03-05T20:42:35+00:00\",\"breadcrumb\":{\"@id\":\"https:\/\/santamonica.lv\/pl\/dla-zdrowia\/dichlorooctan\/#breadcrumb\"},\"inLanguage\":\"pl-PL\",\"potentialAction\":[{\"@type\":\"ReadAction\",\"target\":[\"https:\/\/santamonica.lv\/pl\/dla-zdrowia\/dichlorooctan\/\"]}]},{\"@type\":\"ImageObject\",\"inLanguage\":\"pl-PL\",\"@id\":\"https:\/\/santamonica.lv\/pl\/dla-zdrowia\/dichlorooctan\/#primaryimage\",\"url\":\"https:\/\/santamonica.lv\/wp-content\/uploads\/2024\/01\/dihloroacetats.jpg\",\"contentUrl\":\"https:\/\/santamonica.lv\/wp-content\/uploads\/2024\/01\/dihloroacetats.jpg\",\"width\":1908,\"height\":1146},{\"@type\":\"BreadcrumbList\",\"@id\":\"https:\/\/santamonica.lv\/pl\/dla-zdrowia\/dichlorooctan\/#breadcrumb\",\"itemListElement\":[{\"@type\":\"ListItem\",\"position\":1,\"name\":\"Home\",\"item\":\"https:\/\/santamonica.lv\/pl\/poczatek\/\"},{\"@type\":\"ListItem\",\"position\":2,\"name\":\"Dla zdrowia\",\"item\":\"https:\/\/santamonica.lv\/pl\/dla-zdrowia\/\"},{\"@type\":\"ListItem\",\"position\":3,\"name\":\"Dichlorooctan\"}]},{\"@type\":\"WebSite\",\"@id\":\"https:\/\/santamonica.lv\/pl\/#website\",\"url\":\"https:\/\/santamonica.lv\/pl\/\",\"name\":\"Santa Monica\",\"description\":\"\",\"potentialAction\":[{\"@type\":\"SearchAction\",\"target\":{\"@type\":\"EntryPoint\",\"urlTemplate\":\"https:\/\/santamonica.lv\/pl\/?s={search_term_string}\"},\"query-input\":{\"@type\":\"PropertyValueSpecification\",\"valueRequired\":true,\"valueName\":\"search_term_string\"}}],\"inLanguage\":\"pl-PL\"}]}<\/script>\n<!-- \/ Yoast SEO plugin. -->","yoast_head_json":{"title":"Dichlorooctan - Santa Monica","robots":{"index":"index","follow":"follow","max-snippet":"max-snippet:-1","max-image-preview":"max-image-preview:large","max-video-preview":"max-video-preview:-1"},"canonical":"https:\/\/santamonica.lv\/pl\/dla-zdrowia\/dichlorooctan\/","og_locale":"pl_PL","og_type":"article","og_title":"Dichlorooctan - Santa Monica","og_description":"Od pocz\u0105tku lek o nazwie dichlorooctan by\u0142 stosowany w leczeniu stosunkowo rzadkiej choroby metabolicznej u dzieci (kwasicy mleczanowej). Nast\u0119pnie zesp\u00f3\u0142 badawczy z Kanady dowiedzia\u0142 si\u0119, \u017ce substancj\u0119 t\u0119 mo\u017cna stosowa\u0107 tak\u017ce w leczeniu nowotwor\u00f3w. DCA dzia\u0142a g\u0142\u00f3wnie jako aktywator energii w mitochondriach kom\u00f3rek, ale w tkance nowotworowej metabolizm ten jest zaburzony. Dichlorooctan jest stosowany w...","og_url":"https:\/\/santamonica.lv\/pl\/dla-zdrowia\/dichlorooctan\/","og_site_name":"Santa Monica","article_publisher":"https:\/\/www.facebook.com\/klinikasantamonica","article_modified_time":"2025-03-05T20:42:35+00:00","og_image":[{"width":1908,"height":1146,"url":"https:\/\/santamonica.lv\/wp-content\/uploads\/2024\/01\/dihloroacetats.jpg","type":"image\/jpeg"}],"twitter_card":"summary_large_image","twitter_misc":{"Est. reading time":"5 minut"},"schema":{"@context":"https:\/\/schema.org","@graph":[{"@type":"WebPage","@id":"https:\/\/santamonica.lv\/pl\/dla-zdrowia\/dichlorooctan\/","url":"https:\/\/santamonica.lv\/pl\/dla-zdrowia\/dichlorooctan\/","name":"Dichlorooctan - Santa Monica","isPartOf":{"@id":"https:\/\/santamonica.lv\/pl\/#website"},"primaryImageOfPage":{"@id":"https:\/\/santamonica.lv\/pl\/dla-zdrowia\/dichlorooctan\/#primaryimage"},"image":{"@id":"https:\/\/santamonica.lv\/pl\/dla-zdrowia\/dichlorooctan\/#primaryimage"},"thumbnailUrl":"https:\/\/santamonica.lv\/wp-content\/uploads\/2024\/01\/dihloroacetats.jpg","datePublished":"2025-03-01T22:03:16+00:00","dateModified":"2025-03-05T20:42:35+00:00","breadcrumb":{"@id":"https:\/\/santamonica.lv\/pl\/dla-zdrowia\/dichlorooctan\/#breadcrumb"},"inLanguage":"pl-PL","potentialAction":[{"@type":"ReadAction","target":["https:\/\/santamonica.lv\/pl\/dla-zdrowia\/dichlorooctan\/"]}]},{"@type":"ImageObject","inLanguage":"pl-PL","@id":"https:\/\/santamonica.lv\/pl\/dla-zdrowia\/dichlorooctan\/#primaryimage","url":"https:\/\/santamonica.lv\/wp-content\/uploads\/2024\/01\/dihloroacetats.jpg","contentUrl":"https:\/\/santamonica.lv\/wp-content\/uploads\/2024\/01\/dihloroacetats.jpg","width":1908,"height":1146},{"@type":"BreadcrumbList","@id":"https:\/\/santamonica.lv\/pl\/dla-zdrowia\/dichlorooctan\/#breadcrumb","itemListElement":[{"@type":"ListItem","position":1,"name":"Home","item":"https:\/\/santamonica.lv\/pl\/poczatek\/"},{"@type":"ListItem","position":2,"name":"Dla zdrowia","item":"https:\/\/santamonica.lv\/pl\/dla-zdrowia\/"},{"@type":"ListItem","position":3,"name":"Dichlorooctan"}]},{"@type":"WebSite","@id":"https:\/\/santamonica.lv\/pl\/#website","url":"https:\/\/santamonica.lv\/pl\/","name":"Santa Monica","description":"","potentialAction":[{"@type":"SearchAction","target":{"@type":"EntryPoint","urlTemplate":"https:\/\/santamonica.lv\/pl\/?s={search_term_string}"},"query-input":{"@type":"PropertyValueSpecification","valueRequired":true,"valueName":"search_term_string"}}],"inLanguage":"pl-PL"}]}},"uagb_featured_image_src":{"full":["https:\/\/santamonica.lv\/wp-content\/uploads\/2024\/01\/dihloroacetats.jpg",1908,1146,false],"thumbnail":["https:\/\/santamonica.lv\/wp-content\/uploads\/2024\/01\/dihloroacetats-150x150.jpg",150,150,true],"medium":["https:\/\/santamonica.lv\/wp-content\/uploads\/2024\/01\/dihloroacetats-300x180.jpg",300,180,true],"medium_large":["https:\/\/santamonica.lv\/wp-content\/uploads\/2024\/01\/dihloroacetats-768x461.jpg",768,461,true],"large":["https:\/\/santamonica.lv\/wp-content\/uploads\/2024\/01\/dihloroacetats-1024x615.jpg",1024,615,true],"1536x1536":["https:\/\/santamonica.lv\/wp-content\/uploads\/2024\/01\/dihloroacetats-1536x923.jpg",1536,923,true],"2048x2048":["https:\/\/santamonica.lv\/wp-content\/uploads\/2024\/01\/dihloroacetats.jpg",1908,1146,false],"woocommerce_thumbnail":["https:\/\/santamonica.lv\/wp-content\/uploads\/2024\/01\/dihloroacetats-300x300.jpg",300,300,true],"woocommerce_single":["https:\/\/santamonica.lv\/wp-content\/uploads\/2024\/01\/dihloroacetats-600x360.jpg",600,360,true],"woocommerce_gallery_thumbnail":["https:\/\/santamonica.lv\/wp-content\/uploads\/2024\/01\/dihloroacetats-100x100.jpg",100,100,true]},"uagb_author_info":{"display_name":"Aigars","author_link":"https:\/\/santamonica.lv\/pl\/author\/aigars\/"},"uagb_comment_info":0,"uagb_excerpt":"Od pocz\u0105tku lek o nazwie dichlorooctan by\u0142 stosowany w leczeniu stosunkowo rzadkiej choroby metabolicznej u dzieci (kwasicy mleczanowej). Nast\u0119pnie zesp\u00f3\u0142 badawczy z Kanady dowiedzia\u0142 si\u0119, \u017ce substancj\u0119 t\u0119 mo\u017cna stosowa\u0107 tak\u017ce w leczeniu nowotwor\u00f3w. DCA dzia\u0142a g\u0142\u00f3wnie jako aktywator energii w mitochondriach kom\u00f3rek, ale w tkance nowotworowej metabolizm ten jest zaburzony. Dichlorooctan jest stosowany w...","_links":{"self":[{"href":"https:\/\/santamonica.lv\/pl\/wp-json\/wp\/v2\/pages\/3185","targetHints":{"allow":["GET"]}}],"collection":[{"href":"https:\/\/santamonica.lv\/pl\/wp-json\/wp\/v2\/pages"}],"about":[{"href":"https:\/\/santamonica.lv\/pl\/wp-json\/wp\/v2\/types\/page"}],"author":[{"embeddable":true,"href":"https:\/\/santamonica.lv\/pl\/wp-json\/wp\/v2\/users\/3"}],"replies":[{"embeddable":true,"href":"https:\/\/santamonica.lv\/pl\/wp-json\/wp\/v2\/comments?post=3185"}],"version-history":[{"count":1,"href":"https:\/\/santamonica.lv\/pl\/wp-json\/wp\/v2\/pages\/3185\/revisions"}],"predecessor-version":[{"id":3186,"href":"https:\/\/santamonica.lv\/pl\/wp-json\/wp\/v2\/pages\/3185\/revisions\/3186"}],"up":[{"embeddable":true,"href":"https:\/\/santamonica.lv\/pl\/wp-json\/wp\/v2\/pages\/2522"}],"wp:featuredmedia":[{"embeddable":true,"href":"https:\/\/santamonica.lv\/pl\/wp-json\/wp\/v2\/media\/2597"}],"wp:attachment":[{"href":"https:\/\/santamonica.lv\/pl\/wp-json\/wp\/v2\/media?parent=3185"}],"curies":[{"name":"wp","href":"https:\/\/api.w.org\/{rel}","templated":true}]}}