{"id":3187,"date":"2025-03-02T00:09:20","date_gmt":"2025-03-01T22:09:20","guid":{"rendered":"https:\/\/santamonica.lv\/?page_id=3187"},"modified":"2025-03-05T22:43:15","modified_gmt":"2025-03-05T20:43:15","slug":"witamina-c","status":"publish","type":"page","link":"https:\/\/santamonica.lv\/pl\/dla-zdrowia\/witamina-c\/","title":{"rendered":"Witamina C"},"content":{"rendered":"\n<div class=\"wp-block-columns is-layout-flex wp-container-core-columns-is-layout-9d6595d7 wp-block-columns-is-layout-flex\">\n<div class=\"wp-block-column is-layout-flow wp-block-column-is-layout-flow\" style=\"flex-basis:33.33%\">\n<figure class=\"wp-block-image size-full\"><img loading=\"lazy\" decoding=\"async\" width=\"1024\" height=\"683\" src=\"https:\/\/santamonica.lv\/wp-content\/uploads\/2024\/01\/vitamina-c-terapija-veza-arstesanai.jpg\" alt=\"\" class=\"wp-image-1039\" srcset=\"https:\/\/santamonica.lv\/wp-content\/uploads\/2024\/01\/vitamina-c-terapija-veza-arstesanai.jpg 1024w, https:\/\/santamonica.lv\/wp-content\/uploads\/2024\/01\/vitamina-c-terapija-veza-arstesanai-600x400.jpg 600w, https:\/\/santamonica.lv\/wp-content\/uploads\/2024\/01\/vitamina-c-terapija-veza-arstesanai-300x200.jpg 300w, https:\/\/santamonica.lv\/wp-content\/uploads\/2024\/01\/vitamina-c-terapija-veza-arstesanai-768x512.jpg 768w\" sizes=\"auto, (max-width: 1024px) 100vw, 1024px\" \/><\/figure>\n<\/div>\n\n\n\n<div class=\"wp-block-column is-layout-flow wp-block-column-is-layout-flow\" style=\"flex-basis:66.66%\">\n<p>Skuteczne narz\u0119dzie w leczeniu r\u00f3\u017cnych chor\u00f3b. Witamina C dzia\u0142a zar\u00f3wno na wirusy, jak i mo\u017cna j\u0105 stosowa\u0107 tak\u017ce w przypadku infekcji bakteryjnych. Dzia\u0142a w r\u00f3\u017cnych kierunkach jednocze\u015bnie. Aktywuj\u0105c dzia\u0142anie kom\u00f3rek NK, patogenne mikroorganizmy ulegaj\u0105 zniszczeniu. W tym czasie aktywowane s\u0105 r\u00f3wnie\u017c makrofagi, kt\u00f3re z kolei dzia\u0142aj\u0105 ju\u017c na innym froncie obronnym. Witamina C stymuluje tak\u017ce kom\u00f3rki uk\u0142adu odporno\u015bciowego, kt\u00f3re wytwarzaj\u0105 nadtlenek niezb\u0119dny do zabicia mikroorganizm\u00f3w.<\/p>\n<\/div>\n<\/div>\n\n\n\n<p>Witamina C wytwarzana jest zar\u00f3wno w postaci kwasu askorbinowego, jak i askorbinian\u00f3w (askorbinian wapnia i sodu \u2013 bezkwasowa forma witaminy C).<\/p>\n\n\n\n<p>Witamina C stosunkowo s\u0142abo wch\u0142ania si\u0119 z przewodu pokarmowego, dlatego jej biodost\u0119pno\u015b\u0107 w tkankach jest niska. Nieco lepiej wch\u0142aniana jest liposomalna forma witaminy C. Obecnie firmy farmaceutyczne opracowa\u0142y ten produkt do stosowania pozajelitowego w postaci wlew\u00f3w do\u017cylnych. Podczas doustnego przyjmowania du\u017cych dawek witaminy C cz\u0119sto obserwuje si\u0119 biegunk\u0119, dlatego nale\u017cy zachowa\u0107 ostro\u017cno\u015b\u0107 u os\u00f3b z zaburzeniami metabolizmu szczawian\u00f3w. Przy pozajelitowym podawaniu leku dzia\u0142ania niepo\u017c\u0105dane obserwowa\u0142am znacznie rzadziej.<\/p>\n\n\n\n<p>Witamina C znalaz\u0142a szerokie zastosowanie w onkologii integracyjnej od lat 40. XX wieku. Do\u017cylnie stosuje si\u0119 zar\u00f3wno du\u017ce dawki, jak i mniejsze dawki \u2013 do 5 gram\u00f3w dziennie, a ka\u017cdy z nich ma sw\u00f3j pozytywny wp\u0142yw na organizm.<\/p>\n\n\n\n<p>Onkolodzy integracyjni cz\u0119sto przepisuj\u0105 do\u017cyln\u0105 witamin\u0119 C przed innymi lekami biologicznymi (np. przed do\u017cylnym wlewem nadtlenku) oraz w po\u0142\u0105czeniu z wieloma innymi lekami.<\/p>\n\n\n\n<p>Witamina C ma tak\u017ce wyra\u017ane dzia\u0142anie przeciwzapalne, dlatego wykorzystuje si\u0119 j\u0105 w leczeniu wielu przewlek\u0142ych chor\u00f3b zapalnych. Zaleca si\u0119 dodanie go do terapii pacjent\u00f3w z przewlek\u0142ymi infekcjami, gru\u017alic\u0105, zapaleniem w\u0105troby, chorobami staw\u00f3w itp.<\/p>\n\n\n\n<p>Dane z bada\u0144 pokazuj\u0105, \u017ce po infuzjach markery stanu zapalnego (CRO) zmniejszaj\u0105 si\u0119 nawet o 75%. W onkologii lek ten stosuje si\u0119, poniewa\u017c aktywuje w organizmie gen hamuj\u0105cy rozw\u00f3j nowotworu. Witamina C hamuje r\u00f3wnie\u017c neoangiogenez\u0119, co powoduje, \u017ce kom\u00f3rki nowotworowe nie otrzymuj\u0105 wystarczaj\u0105cej ilo\u015bci sk\u0142adnik\u00f3w od\u017cywczych z krwi. Cz\u0119sto niejasne jest pytanie, co zrobi\u0107 z podawaniem tego leku w trakcie chemioterapii. Poprzednie badania i ich wyniki potwierdzaj\u0105, \u017ce witamina C jest przydatna przed, w trakcie i po chemioterapii. Cz\u0119sto nawet nasila dzia\u0142anie lek\u00f3w stosowanych w chemioterapii i zwi\u0119ksza ich skuteczno\u015b\u0107.<\/p>\n\n\n\n<p>W 2012 roku przeprowadzono obszerne badanie, kt\u00f3rego wyniki potwierdzaj\u0105, \u017ce u pacjent\u00f3w, kt\u00f3rzy przyjmowali chemioterapi\u0119 i witamin\u0119 C 2 razy w tygodniu, wyst\u0119powa\u0142y znacznie rzadziej skutki uboczne, takie jak zm\u0119czenie, b\u00f3l, nudno\u015bci i wymioty, bezsenno\u015b\u0107 i zaparcia. Poprawi\u0142 si\u0119 tak\u017ce apetyt, stan emocjonalny i funkcje poznawcze.<\/p>\n\n\n\n<p>Witamin\u0119 C nale\u017cy stosowa\u0107 do monitorowania czynno\u015bci nerek i soli. Pacjenci otrzymuj\u0105cy du\u017ce dawki witaminy C wymagaj\u0105 tak\u017ce monitorowania poziomu glukozy we krwi w dniu wlewu.<\/p>\n\n\n\n<p>Santa Monica oferuje fiolki z witamin\u0105 C w r\u00f3\u017cnych dawkach \u2013 5g, 7,5g, 15g, 25g i 50g zaleca si\u0119 stosowa\u0107 napary 3-5 razy w tygodniu, w zale\u017cno\u015bci od dawki leku, rozcie\u0144czaj\u0105c go sterylnym roztworem chlorku sodu. Preferowany przebieg terapii to 8 tygodni.<\/p>\n","protected":false},"excerpt":{"rendered":"<p>Skuteczne narz\u0119dzie w leczeniu r\u00f3\u017cnych chor\u00f3b. Witamina C dzia\u0142a zar\u00f3wno na wirusy, jak i mo\u017cna j\u0105 stosowa\u0107 tak\u017ce w przypadku infekcji bakteryjnych. Dzia\u0142a w r\u00f3\u017cnych kierunkach jednocze\u015bnie. Aktywuj\u0105c dzia\u0142anie kom\u00f3rek NK, patogenne mikroorganizmy ulegaj\u0105 zniszczeniu. W tym czasie aktywowane s\u0105 r\u00f3wnie\u017c makrofagi, kt\u00f3re z kolei dzia\u0142aj\u0105 ju\u017c na innym froncie obronnym. Witamina C stymuluje tak\u017ce&#8230;<\/p>\n","protected":false},"author":3,"featured_media":2604,"parent":2522,"menu_order":0,"comment_status":"closed","ping_status":"closed","template":"","meta":{"_acf_changed":false,"_uag_custom_page_level_css":"","_kadence_starter_templates_imported_post":false,"_kad_post_transparent":"","_kad_post_title":"","_kad_post_layout":"","_kad_post_sidebar_id":"","_kad_post_content_style":"","_kad_post_vertical_padding":"","_kad_post_feature":"","_kad_post_feature_position":"","_kad_post_header":false,"_kad_post_footer":false,"footnotes":""},"class_list":["post-3187","page","type-page","status-publish","has-post-thumbnail","hentry"],"acf":[],"yoast_head":"<!-- This site is optimized with the Yoast SEO plugin v26.4 - https:\/\/yoast.com\/wordpress\/plugins\/seo\/ -->\n<title>Witamina C - Santa Monica<\/title>\n<meta name=\"robots\" content=\"index, follow, max-snippet:-1, max-image-preview:large, max-video-preview:-1\" \/>\n<link rel=\"canonical\" href=\"https:\/\/santamonica.lv\/pl\/dla-zdrowia\/witamina-c\/\" \/>\n<meta property=\"og:locale\" content=\"pl_PL\" \/>\n<meta property=\"og:type\" content=\"article\" \/>\n<meta property=\"og:title\" content=\"Witamina C - Santa Monica\" \/>\n<meta property=\"og:description\" content=\"Skuteczne narz\u0119dzie w leczeniu r\u00f3\u017cnych chor\u00f3b. Witamina C dzia\u0142a zar\u00f3wno na wirusy, jak i mo\u017cna j\u0105 stosowa\u0107 tak\u017ce w przypadku infekcji bakteryjnych. Dzia\u0142a w r\u00f3\u017cnych kierunkach jednocze\u015bnie. Aktywuj\u0105c dzia\u0142anie kom\u00f3rek NK, patogenne mikroorganizmy ulegaj\u0105 zniszczeniu. W tym czasie aktywowane s\u0105 r\u00f3wnie\u017c makrofagi, kt\u00f3re z kolei dzia\u0142aj\u0105 ju\u017c na innym froncie obronnym. Witamina C stymuluje tak\u017ce...\" \/>\n<meta property=\"og:url\" content=\"https:\/\/santamonica.lv\/pl\/dla-zdrowia\/witamina-c\/\" \/>\n<meta property=\"og:site_name\" content=\"Santa Monica\" \/>\n<meta property=\"article:publisher\" content=\"https:\/\/www.facebook.com\/klinikasantamonica\" \/>\n<meta property=\"article:modified_time\" content=\"2025-03-05T20:43:15+00:00\" \/>\n<meta property=\"og:image\" content=\"https:\/\/santamonica.lv\/wp-content\/uploads\/2024\/01\/vitamina-c-terapija-veza-arstesanai.jpg\" \/>\n\t<meta property=\"og:image:width\" content=\"1024\" \/>\n\t<meta property=\"og:image:height\" content=\"683\" \/>\n\t<meta property=\"og:image:type\" content=\"image\/jpeg\" \/>\n<meta name=\"twitter:card\" content=\"summary_large_image\" \/>\n<meta name=\"twitter:label1\" content=\"Est. reading time\" \/>\n\t<meta name=\"twitter:data1\" content=\"3 minuty\" \/>\n<script type=\"application\/ld+json\" class=\"yoast-schema-graph\">{\"@context\":\"https:\/\/schema.org\",\"@graph\":[{\"@type\":\"WebPage\",\"@id\":\"https:\/\/santamonica.lv\/pl\/dla-zdrowia\/witamina-c\/\",\"url\":\"https:\/\/santamonica.lv\/pl\/dla-zdrowia\/witamina-c\/\",\"name\":\"Witamina C - Santa Monica\",\"isPartOf\":{\"@id\":\"https:\/\/santamonica.lv\/pl\/#website\"},\"primaryImageOfPage\":{\"@id\":\"https:\/\/santamonica.lv\/pl\/dla-zdrowia\/witamina-c\/#primaryimage\"},\"image\":{\"@id\":\"https:\/\/santamonica.lv\/pl\/dla-zdrowia\/witamina-c\/#primaryimage\"},\"thumbnailUrl\":\"https:\/\/santamonica.lv\/wp-content\/uploads\/2024\/01\/vitamina-c-terapija-veza-arstesanai.jpg\",\"datePublished\":\"2025-03-01T22:09:20+00:00\",\"dateModified\":\"2025-03-05T20:43:15+00:00\",\"breadcrumb\":{\"@id\":\"https:\/\/santamonica.lv\/pl\/dla-zdrowia\/witamina-c\/#breadcrumb\"},\"inLanguage\":\"pl-PL\",\"potentialAction\":[{\"@type\":\"ReadAction\",\"target\":[\"https:\/\/santamonica.lv\/pl\/dla-zdrowia\/witamina-c\/\"]}]},{\"@type\":\"ImageObject\",\"inLanguage\":\"pl-PL\",\"@id\":\"https:\/\/santamonica.lv\/pl\/dla-zdrowia\/witamina-c\/#primaryimage\",\"url\":\"https:\/\/santamonica.lv\/wp-content\/uploads\/2024\/01\/vitamina-c-terapija-veza-arstesanai.jpg\",\"contentUrl\":\"https:\/\/santamonica.lv\/wp-content\/uploads\/2024\/01\/vitamina-c-terapija-veza-arstesanai.jpg\",\"width\":1024,\"height\":683},{\"@type\":\"BreadcrumbList\",\"@id\":\"https:\/\/santamonica.lv\/pl\/dla-zdrowia\/witamina-c\/#breadcrumb\",\"itemListElement\":[{\"@type\":\"ListItem\",\"position\":1,\"name\":\"Home\",\"item\":\"https:\/\/santamonica.lv\/pl\/poczatek\/\"},{\"@type\":\"ListItem\",\"position\":2,\"name\":\"Dla zdrowia\",\"item\":\"https:\/\/santamonica.lv\/pl\/dla-zdrowia\/\"},{\"@type\":\"ListItem\",\"position\":3,\"name\":\"Witamina C\"}]},{\"@type\":\"WebSite\",\"@id\":\"https:\/\/santamonica.lv\/pl\/#website\",\"url\":\"https:\/\/santamonica.lv\/pl\/\",\"name\":\"Santa Monica\",\"description\":\"\",\"potentialAction\":[{\"@type\":\"SearchAction\",\"target\":{\"@type\":\"EntryPoint\",\"urlTemplate\":\"https:\/\/santamonica.lv\/pl\/?s={search_term_string}\"},\"query-input\":{\"@type\":\"PropertyValueSpecification\",\"valueRequired\":true,\"valueName\":\"search_term_string\"}}],\"inLanguage\":\"pl-PL\"}]}<\/script>\n<!-- \/ Yoast SEO plugin. -->","yoast_head_json":{"title":"Witamina C - Santa Monica","robots":{"index":"index","follow":"follow","max-snippet":"max-snippet:-1","max-image-preview":"max-image-preview:large","max-video-preview":"max-video-preview:-1"},"canonical":"https:\/\/santamonica.lv\/pl\/dla-zdrowia\/witamina-c\/","og_locale":"pl_PL","og_type":"article","og_title":"Witamina C - Santa Monica","og_description":"Skuteczne narz\u0119dzie w leczeniu r\u00f3\u017cnych chor\u00f3b. Witamina C dzia\u0142a zar\u00f3wno na wirusy, jak i mo\u017cna j\u0105 stosowa\u0107 tak\u017ce w przypadku infekcji bakteryjnych. Dzia\u0142a w r\u00f3\u017cnych kierunkach jednocze\u015bnie. Aktywuj\u0105c dzia\u0142anie kom\u00f3rek NK, patogenne mikroorganizmy ulegaj\u0105 zniszczeniu. W tym czasie aktywowane s\u0105 r\u00f3wnie\u017c makrofagi, kt\u00f3re z kolei dzia\u0142aj\u0105 ju\u017c na innym froncie obronnym. Witamina C stymuluje tak\u017ce...","og_url":"https:\/\/santamonica.lv\/pl\/dla-zdrowia\/witamina-c\/","og_site_name":"Santa Monica","article_publisher":"https:\/\/www.facebook.com\/klinikasantamonica","article_modified_time":"2025-03-05T20:43:15+00:00","og_image":[{"width":1024,"height":683,"url":"https:\/\/santamonica.lv\/wp-content\/uploads\/2024\/01\/vitamina-c-terapija-veza-arstesanai.jpg","type":"image\/jpeg"}],"twitter_card":"summary_large_image","twitter_misc":{"Est. reading time":"3 minuty"},"schema":{"@context":"https:\/\/schema.org","@graph":[{"@type":"WebPage","@id":"https:\/\/santamonica.lv\/pl\/dla-zdrowia\/witamina-c\/","url":"https:\/\/santamonica.lv\/pl\/dla-zdrowia\/witamina-c\/","name":"Witamina C - Santa Monica","isPartOf":{"@id":"https:\/\/santamonica.lv\/pl\/#website"},"primaryImageOfPage":{"@id":"https:\/\/santamonica.lv\/pl\/dla-zdrowia\/witamina-c\/#primaryimage"},"image":{"@id":"https:\/\/santamonica.lv\/pl\/dla-zdrowia\/witamina-c\/#primaryimage"},"thumbnailUrl":"https:\/\/santamonica.lv\/wp-content\/uploads\/2024\/01\/vitamina-c-terapija-veza-arstesanai.jpg","datePublished":"2025-03-01T22:09:20+00:00","dateModified":"2025-03-05T20:43:15+00:00","breadcrumb":{"@id":"https:\/\/santamonica.lv\/pl\/dla-zdrowia\/witamina-c\/#breadcrumb"},"inLanguage":"pl-PL","potentialAction":[{"@type":"ReadAction","target":["https:\/\/santamonica.lv\/pl\/dla-zdrowia\/witamina-c\/"]}]},{"@type":"ImageObject","inLanguage":"pl-PL","@id":"https:\/\/santamonica.lv\/pl\/dla-zdrowia\/witamina-c\/#primaryimage","url":"https:\/\/santamonica.lv\/wp-content\/uploads\/2024\/01\/vitamina-c-terapija-veza-arstesanai.jpg","contentUrl":"https:\/\/santamonica.lv\/wp-content\/uploads\/2024\/01\/vitamina-c-terapija-veza-arstesanai.jpg","width":1024,"height":683},{"@type":"BreadcrumbList","@id":"https:\/\/santamonica.lv\/pl\/dla-zdrowia\/witamina-c\/#breadcrumb","itemListElement":[{"@type":"ListItem","position":1,"name":"Home","item":"https:\/\/santamonica.lv\/pl\/poczatek\/"},{"@type":"ListItem","position":2,"name":"Dla zdrowia","item":"https:\/\/santamonica.lv\/pl\/dla-zdrowia\/"},{"@type":"ListItem","position":3,"name":"Witamina C"}]},{"@type":"WebSite","@id":"https:\/\/santamonica.lv\/pl\/#website","url":"https:\/\/santamonica.lv\/pl\/","name":"Santa Monica","description":"","potentialAction":[{"@type":"SearchAction","target":{"@type":"EntryPoint","urlTemplate":"https:\/\/santamonica.lv\/pl\/?s={search_term_string}"},"query-input":{"@type":"PropertyValueSpecification","valueRequired":true,"valueName":"search_term_string"}}],"inLanguage":"pl-PL"}]}},"uagb_featured_image_src":{"full":["https:\/\/santamonica.lv\/wp-content\/uploads\/2024\/01\/vitamina-c-terapija-veza-arstesanai.jpg",1024,683,false],"thumbnail":["https:\/\/santamonica.lv\/wp-content\/uploads\/2024\/01\/vitamina-c-terapija-veza-arstesanai-150x150.jpg",150,150,true],"medium":["https:\/\/santamonica.lv\/wp-content\/uploads\/2024\/01\/vitamina-c-terapija-veza-arstesanai-300x200.jpg",300,200,true],"medium_large":["https:\/\/santamonica.lv\/wp-content\/uploads\/2024\/01\/vitamina-c-terapija-veza-arstesanai-768x512.jpg",768,512,true],"large":["https:\/\/santamonica.lv\/wp-content\/uploads\/2024\/01\/vitamina-c-terapija-veza-arstesanai.jpg",1024,683,false],"1536x1536":["https:\/\/santamonica.lv\/wp-content\/uploads\/2024\/01\/vitamina-c-terapija-veza-arstesanai.jpg",1024,683,false],"2048x2048":["https:\/\/santamonica.lv\/wp-content\/uploads\/2024\/01\/vitamina-c-terapija-veza-arstesanai.jpg",1024,683,false],"woocommerce_thumbnail":["https:\/\/santamonica.lv\/wp-content\/uploads\/2024\/01\/vitamina-c-terapija-veza-arstesanai-300x300.jpg",300,300,true],"woocommerce_single":["https:\/\/santamonica.lv\/wp-content\/uploads\/2024\/01\/vitamina-c-terapija-veza-arstesanai-600x400.jpg",600,400,true],"woocommerce_gallery_thumbnail":["https:\/\/santamonica.lv\/wp-content\/uploads\/2024\/01\/vitamina-c-terapija-veza-arstesanai-100x100.jpg",100,100,true]},"uagb_author_info":{"display_name":"Aigars","author_link":"https:\/\/santamonica.lv\/pl\/author\/aigars\/"},"uagb_comment_info":0,"uagb_excerpt":"Skuteczne narz\u0119dzie w leczeniu r\u00f3\u017cnych chor\u00f3b. Witamina C dzia\u0142a zar\u00f3wno na wirusy, jak i mo\u017cna j\u0105 stosowa\u0107 tak\u017ce w przypadku infekcji bakteryjnych. Dzia\u0142a w r\u00f3\u017cnych kierunkach jednocze\u015bnie. Aktywuj\u0105c dzia\u0142anie kom\u00f3rek NK, patogenne mikroorganizmy ulegaj\u0105 zniszczeniu. W tym czasie aktywowane s\u0105 r\u00f3wnie\u017c makrofagi, kt\u00f3re z kolei dzia\u0142aj\u0105 ju\u017c na innym froncie obronnym. Witamina C stymuluje tak\u017ce...","_links":{"self":[{"href":"https:\/\/santamonica.lv\/pl\/wp-json\/wp\/v2\/pages\/3187","targetHints":{"allow":["GET"]}}],"collection":[{"href":"https:\/\/santamonica.lv\/pl\/wp-json\/wp\/v2\/pages"}],"about":[{"href":"https:\/\/santamonica.lv\/pl\/wp-json\/wp\/v2\/types\/page"}],"author":[{"embeddable":true,"href":"https:\/\/santamonica.lv\/pl\/wp-json\/wp\/v2\/users\/3"}],"replies":[{"embeddable":true,"href":"https:\/\/santamonica.lv\/pl\/wp-json\/wp\/v2\/comments?post=3187"}],"version-history":[{"count":1,"href":"https:\/\/santamonica.lv\/pl\/wp-json\/wp\/v2\/pages\/3187\/revisions"}],"predecessor-version":[{"id":3188,"href":"https:\/\/santamonica.lv\/pl\/wp-json\/wp\/v2\/pages\/3187\/revisions\/3188"}],"up":[{"embeddable":true,"href":"https:\/\/santamonica.lv\/pl\/wp-json\/wp\/v2\/pages\/2522"}],"wp:featuredmedia":[{"embeddable":true,"href":"https:\/\/santamonica.lv\/pl\/wp-json\/wp\/v2\/media\/2604"}],"wp:attachment":[{"href":"https:\/\/santamonica.lv\/pl\/wp-json\/wp\/v2\/media?parent=3187"}],"curies":[{"name":"wp","href":"https:\/\/api.w.org\/{rel}","templated":true}]}}