{"id":3189,"date":"2025-03-02T00:15:06","date_gmt":"2025-03-01T22:15:06","guid":{"rendered":"https:\/\/santamonica.lv\/?page_id=3189"},"modified":"2025-03-05T22:42:30","modified_gmt":"2025-03-05T20:42:30","slug":"artesunat","status":"publish","type":"page","link":"https:\/\/santamonica.lv\/pl\/dla-zdrowia\/artesunat\/","title":{"rendered":"Artesunat"},"content":{"rendered":"\n<div class=\"wp-block-columns is-layout-flex wp-container-core-columns-is-layout-9d6595d7 wp-block-columns-is-layout-flex\">\n<div class=\"wp-block-column is-layout-flow wp-block-column-is-layout-flow\" style=\"flex-basis:33.33%\">\n<figure class=\"wp-block-image size-full\"><img loading=\"lazy\" decoding=\"async\" width=\"986\" height=\"521\" src=\"https:\/\/santamonica.lv\/wp-content\/uploads\/2024\/01\/artemisia-annua.jpg\" alt=\"\" class=\"wp-image-1034\" srcset=\"https:\/\/santamonica.lv\/wp-content\/uploads\/2024\/01\/artemisia-annua.jpg 986w, https:\/\/santamonica.lv\/wp-content\/uploads\/2024\/01\/artemisia-annua-600x317.jpg 600w, https:\/\/santamonica.lv\/wp-content\/uploads\/2024\/01\/artemisia-annua-300x159.jpg 300w, https:\/\/santamonica.lv\/wp-content\/uploads\/2024\/01\/artemisia-annua-768x406.jpg 768w\" sizes=\"auto, (max-width: 986px) 100vw, 986px\" \/><\/figure>\n<\/div>\n\n\n\n<div class=\"wp-block-column is-layout-flow wp-block-column-is-layout-flow\" style=\"flex-basis:66.66%\">\n<p>Artesunate to pochodna artemizyny otrzymywana z chi\u0144skiej ro\u015bliny Artemisia annua, czyli chi\u0144skiego pio\u0142unu. Od stuleci stosowana jest w krajach azjatyckich jako tradycyjny lek na infekcje. \u00a0<\/p>\n<\/div>\n<\/div>\n\n\n\n<p>Mechanizm dzia\u0142ania artesunatu, kt\u00f3ry niszczy kom\u00f3rki nowotworowe, polega na niszczeniu bia\u0142ek zawieraj\u0105cych \u017celazo w cytoplazmie kom\u00f3rki nowotworowej. Odkryto kolejne dzia\u0142anie farmakologiczne, kt\u00f3re pomaga w walce z kom\u00f3rkami nowotworowymi. Artesunate hamuje powstawanie nowych naczy\u0144 krwiono\u015bnych w tkance nowotworowej (neoangiogenez\u0119). W rezultacie guz nie otrzymuje niezb\u0119dnych sk\u0142adnik\u00f3w od\u017cywczych, a jego wzrost zostaje zahamowany.Od dawna wiadomo, \u017ce szybko proliferuj\u0105ce kom\u00f3rki nowotworowe aktywnie przyci\u0105gaj\u0105 \u017celazo. W rezultacie u pacjent\u00f3w onkologicznych po kr\u00f3tkim czasie rozwija si\u0119 anemia, kt\u00f3ra objawia si\u0119 zm\u0119czeniem. Wlewy artesunatu pomagaj\u0105 zachowa\u0107 zapasy \u017celaza w organizmie, je\u015bli do\u017cylne preparaty zawieraj\u0105ce \u017celazo podawane s\u0105 przed ich rozpocz\u0119ciem lub r\u00f3wnolegle z podawaniem artesunatu. Nast\u0119pnie artesunat wi\u0105\u017ce si\u0119 z \u017celazem w osoczu, kt\u00f3re z kolei wi\u0105\u017ce si\u0119 z cz\u0105steczk\u0105 transportuj\u0105c\u0105 \u017celazo \u2013 receptorami transferyny. W przeciwie\u0144stwie do normalnych kom\u00f3rek, na powierzchni kom\u00f3rek nowotworowych znajduje si\u0119 wiele receptor\u00f3w transferyny. Za pomoc\u0105 specyficznych receptor\u00f3w kompleksy \u017celaza i artesunianu naciekaj\u0105 kom\u00f3rki nowotworowe, gdzie w ich cytoplazmie rozpoczynaj\u0105 si\u0119 reakcje cytotoksyczne i uwalniaj\u0105 si\u0119 agresywne wolne rodniki tlenowe, kt\u00f3re nieodwracalnie niszcz\u0105 kom\u00f3rki nowotworowe od \u015brodka.<\/p>\n\n\n\n<p>Artesunat jest substancj\u0105 biologicznie aktywn\u0105, kt\u00f3ra rozpuszcza si\u0119 wy\u0142\u0105cznie w \u015brodowisku zasadowym, dlatego przed podaniem rozpuszcza si\u0119 go w roztworze wodorow\u0119glanu przez maksymalnie 5 minut i dopiero potem rozcie\u0144cza sterylnym roztworem chlorku sodu. Nie zaleca si\u0119 podawania jednocze\u015bnie z witamin\u0105 C i innymi preparatami biologicznymi, najlepiej zachowa\u0107 odst\u0119p co najmniej 1 godziny. Infuzj\u0119 nale\u017cy wykonywa\u0107 powoli, oko\u0142o 60 minut.<\/p>\n\n\n\n<p>Z regu\u0142y pacjenci dobrze toleruj\u0105 ten preparat, w rzadkich przypadkach obserwuje si\u0119 nudno\u015bci i zawroty g\u0142owy. Przebieg terapii obejmuje 15-20 wlew\u00f3w, zaleca si\u0119 cotygodniow\u0105 kontrol\u0119 bada\u0144 krwi, gdy\u017c preparat ten mo\u017ce zmniejsza\u0107 liczb\u0119 erytrocyt\u00f3w.<\/p>\n","protected":false},"excerpt":{"rendered":"<p>Artesunate to pochodna artemizyny otrzymywana z chi\u0144skiej ro\u015bliny Artemisia annua, czyli chi\u0144skiego pio\u0142unu. Od stuleci stosowana jest w krajach azjatyckich jako tradycyjny lek na infekcje. \u00a0 Mechanizm dzia\u0142ania artesunatu, kt\u00f3ry niszczy kom\u00f3rki nowotworowe, polega na niszczeniu bia\u0142ek zawieraj\u0105cych \u017celazo w cytoplazmie kom\u00f3rki nowotworowej. Odkryto kolejne dzia\u0142anie farmakologiczne, kt\u00f3re pomaga w walce z kom\u00f3rkami nowotworowymi. Artesunate&#8230;<\/p>\n","protected":false},"author":3,"featured_media":2608,"parent":2522,"menu_order":0,"comment_status":"closed","ping_status":"closed","template":"","meta":{"_acf_changed":false,"_uag_custom_page_level_css":"","_kadence_starter_templates_imported_post":false,"_kad_post_transparent":"","_kad_post_title":"","_kad_post_layout":"","_kad_post_sidebar_id":"","_kad_post_content_style":"","_kad_post_vertical_padding":"","_kad_post_feature":"","_kad_post_feature_position":"","_kad_post_header":false,"_kad_post_footer":false,"footnotes":""},"class_list":["post-3189","page","type-page","status-publish","has-post-thumbnail","hentry"],"acf":[],"yoast_head":"<!-- This site is optimized with the Yoast SEO plugin v26.4 - https:\/\/yoast.com\/wordpress\/plugins\/seo\/ -->\n<title>Artesunat - Santa Monica<\/title>\n<meta name=\"robots\" content=\"index, follow, max-snippet:-1, max-image-preview:large, max-video-preview:-1\" \/>\n<link rel=\"canonical\" href=\"https:\/\/santamonica.lv\/pl\/dla-zdrowia\/artesunat\/\" \/>\n<meta property=\"og:locale\" content=\"pl_PL\" \/>\n<meta property=\"og:type\" content=\"article\" \/>\n<meta property=\"og:title\" content=\"Artesunat - Santa Monica\" \/>\n<meta property=\"og:description\" content=\"Artesunate to pochodna artemizyny otrzymywana z chi\u0144skiej ro\u015bliny Artemisia annua, czyli chi\u0144skiego pio\u0142unu. Od stuleci stosowana jest w krajach azjatyckich jako tradycyjny lek na infekcje. \u00a0 Mechanizm dzia\u0142ania artesunatu, kt\u00f3ry niszczy kom\u00f3rki nowotworowe, polega na niszczeniu bia\u0142ek zawieraj\u0105cych \u017celazo w cytoplazmie kom\u00f3rki nowotworowej. Odkryto kolejne dzia\u0142anie farmakologiczne, kt\u00f3re pomaga w walce z kom\u00f3rkami nowotworowymi. Artesunate...\" \/>\n<meta property=\"og:url\" content=\"https:\/\/santamonica.lv\/pl\/dla-zdrowia\/artesunat\/\" \/>\n<meta property=\"og:site_name\" content=\"Santa Monica\" \/>\n<meta property=\"article:publisher\" content=\"https:\/\/www.facebook.com\/klinikasantamonica\" \/>\n<meta property=\"article:modified_time\" content=\"2025-03-05T20:42:30+00:00\" \/>\n<meta property=\"og:image\" content=\"https:\/\/santamonica.lv\/wp-content\/uploads\/2024\/01\/artemisia-annua.jpg\" \/>\n\t<meta property=\"og:image:width\" content=\"986\" \/>\n\t<meta property=\"og:image:height\" content=\"521\" \/>\n\t<meta property=\"og:image:type\" content=\"image\/jpeg\" \/>\n<meta name=\"twitter:card\" content=\"summary_large_image\" \/>\n<meta name=\"twitter:label1\" content=\"Est. reading time\" \/>\n\t<meta name=\"twitter:data1\" content=\"2 minuty\" \/>\n<script type=\"application\/ld+json\" class=\"yoast-schema-graph\">{\"@context\":\"https:\/\/schema.org\",\"@graph\":[{\"@type\":\"WebPage\",\"@id\":\"https:\/\/santamonica.lv\/pl\/dla-zdrowia\/artesunat\/\",\"url\":\"https:\/\/santamonica.lv\/pl\/dla-zdrowia\/artesunat\/\",\"name\":\"Artesunat - Santa Monica\",\"isPartOf\":{\"@id\":\"https:\/\/santamonica.lv\/pl\/#website\"},\"primaryImageOfPage\":{\"@id\":\"https:\/\/santamonica.lv\/pl\/dla-zdrowia\/artesunat\/#primaryimage\"},\"image\":{\"@id\":\"https:\/\/santamonica.lv\/pl\/dla-zdrowia\/artesunat\/#primaryimage\"},\"thumbnailUrl\":\"https:\/\/santamonica.lv\/wp-content\/uploads\/2024\/01\/artemisia-annua.jpg\",\"datePublished\":\"2025-03-01T22:15:06+00:00\",\"dateModified\":\"2025-03-05T20:42:30+00:00\",\"breadcrumb\":{\"@id\":\"https:\/\/santamonica.lv\/pl\/dla-zdrowia\/artesunat\/#breadcrumb\"},\"inLanguage\":\"pl-PL\",\"potentialAction\":[{\"@type\":\"ReadAction\",\"target\":[\"https:\/\/santamonica.lv\/pl\/dla-zdrowia\/artesunat\/\"]}]},{\"@type\":\"ImageObject\",\"inLanguage\":\"pl-PL\",\"@id\":\"https:\/\/santamonica.lv\/pl\/dla-zdrowia\/artesunat\/#primaryimage\",\"url\":\"https:\/\/santamonica.lv\/wp-content\/uploads\/2024\/01\/artemisia-annua.jpg\",\"contentUrl\":\"https:\/\/santamonica.lv\/wp-content\/uploads\/2024\/01\/artemisia-annua.jpg\",\"width\":986,\"height\":521},{\"@type\":\"BreadcrumbList\",\"@id\":\"https:\/\/santamonica.lv\/pl\/dla-zdrowia\/artesunat\/#breadcrumb\",\"itemListElement\":[{\"@type\":\"ListItem\",\"position\":1,\"name\":\"Home\",\"item\":\"https:\/\/santamonica.lv\/pl\/poczatek\/\"},{\"@type\":\"ListItem\",\"position\":2,\"name\":\"Dla zdrowia\",\"item\":\"https:\/\/santamonica.lv\/pl\/dla-zdrowia\/\"},{\"@type\":\"ListItem\",\"position\":3,\"name\":\"Artesunat\"}]},{\"@type\":\"WebSite\",\"@id\":\"https:\/\/santamonica.lv\/pl\/#website\",\"url\":\"https:\/\/santamonica.lv\/pl\/\",\"name\":\"Santa Monica\",\"description\":\"\",\"potentialAction\":[{\"@type\":\"SearchAction\",\"target\":{\"@type\":\"EntryPoint\",\"urlTemplate\":\"https:\/\/santamonica.lv\/pl\/?s={search_term_string}\"},\"query-input\":{\"@type\":\"PropertyValueSpecification\",\"valueRequired\":true,\"valueName\":\"search_term_string\"}}],\"inLanguage\":\"pl-PL\"}]}<\/script>\n<!-- \/ Yoast SEO plugin. -->","yoast_head_json":{"title":"Artesunat - Santa Monica","robots":{"index":"index","follow":"follow","max-snippet":"max-snippet:-1","max-image-preview":"max-image-preview:large","max-video-preview":"max-video-preview:-1"},"canonical":"https:\/\/santamonica.lv\/pl\/dla-zdrowia\/artesunat\/","og_locale":"pl_PL","og_type":"article","og_title":"Artesunat - Santa Monica","og_description":"Artesunate to pochodna artemizyny otrzymywana z chi\u0144skiej ro\u015bliny Artemisia annua, czyli chi\u0144skiego pio\u0142unu. Od stuleci stosowana jest w krajach azjatyckich jako tradycyjny lek na infekcje. \u00a0 Mechanizm dzia\u0142ania artesunatu, kt\u00f3ry niszczy kom\u00f3rki nowotworowe, polega na niszczeniu bia\u0142ek zawieraj\u0105cych \u017celazo w cytoplazmie kom\u00f3rki nowotworowej. Odkryto kolejne dzia\u0142anie farmakologiczne, kt\u00f3re pomaga w walce z kom\u00f3rkami nowotworowymi. Artesunate...","og_url":"https:\/\/santamonica.lv\/pl\/dla-zdrowia\/artesunat\/","og_site_name":"Santa Monica","article_publisher":"https:\/\/www.facebook.com\/klinikasantamonica","article_modified_time":"2025-03-05T20:42:30+00:00","og_image":[{"width":986,"height":521,"url":"https:\/\/santamonica.lv\/wp-content\/uploads\/2024\/01\/artemisia-annua.jpg","type":"image\/jpeg"}],"twitter_card":"summary_large_image","twitter_misc":{"Est. reading time":"2 minuty"},"schema":{"@context":"https:\/\/schema.org","@graph":[{"@type":"WebPage","@id":"https:\/\/santamonica.lv\/pl\/dla-zdrowia\/artesunat\/","url":"https:\/\/santamonica.lv\/pl\/dla-zdrowia\/artesunat\/","name":"Artesunat - Santa Monica","isPartOf":{"@id":"https:\/\/santamonica.lv\/pl\/#website"},"primaryImageOfPage":{"@id":"https:\/\/santamonica.lv\/pl\/dla-zdrowia\/artesunat\/#primaryimage"},"image":{"@id":"https:\/\/santamonica.lv\/pl\/dla-zdrowia\/artesunat\/#primaryimage"},"thumbnailUrl":"https:\/\/santamonica.lv\/wp-content\/uploads\/2024\/01\/artemisia-annua.jpg","datePublished":"2025-03-01T22:15:06+00:00","dateModified":"2025-03-05T20:42:30+00:00","breadcrumb":{"@id":"https:\/\/santamonica.lv\/pl\/dla-zdrowia\/artesunat\/#breadcrumb"},"inLanguage":"pl-PL","potentialAction":[{"@type":"ReadAction","target":["https:\/\/santamonica.lv\/pl\/dla-zdrowia\/artesunat\/"]}]},{"@type":"ImageObject","inLanguage":"pl-PL","@id":"https:\/\/santamonica.lv\/pl\/dla-zdrowia\/artesunat\/#primaryimage","url":"https:\/\/santamonica.lv\/wp-content\/uploads\/2024\/01\/artemisia-annua.jpg","contentUrl":"https:\/\/santamonica.lv\/wp-content\/uploads\/2024\/01\/artemisia-annua.jpg","width":986,"height":521},{"@type":"BreadcrumbList","@id":"https:\/\/santamonica.lv\/pl\/dla-zdrowia\/artesunat\/#breadcrumb","itemListElement":[{"@type":"ListItem","position":1,"name":"Home","item":"https:\/\/santamonica.lv\/pl\/poczatek\/"},{"@type":"ListItem","position":2,"name":"Dla zdrowia","item":"https:\/\/santamonica.lv\/pl\/dla-zdrowia\/"},{"@type":"ListItem","position":3,"name":"Artesunat"}]},{"@type":"WebSite","@id":"https:\/\/santamonica.lv\/pl\/#website","url":"https:\/\/santamonica.lv\/pl\/","name":"Santa Monica","description":"","potentialAction":[{"@type":"SearchAction","target":{"@type":"EntryPoint","urlTemplate":"https:\/\/santamonica.lv\/pl\/?s={search_term_string}"},"query-input":{"@type":"PropertyValueSpecification","valueRequired":true,"valueName":"search_term_string"}}],"inLanguage":"pl-PL"}]}},"uagb_featured_image_src":{"full":["https:\/\/santamonica.lv\/wp-content\/uploads\/2024\/01\/artemisia-annua.jpg",986,521,false],"thumbnail":["https:\/\/santamonica.lv\/wp-content\/uploads\/2024\/01\/artemisia-annua-150x150.jpg",150,150,true],"medium":["https:\/\/santamonica.lv\/wp-content\/uploads\/2024\/01\/artemisia-annua-300x159.jpg",300,159,true],"medium_large":["https:\/\/santamonica.lv\/wp-content\/uploads\/2024\/01\/artemisia-annua-768x406.jpg",768,406,true],"large":["https:\/\/santamonica.lv\/wp-content\/uploads\/2024\/01\/artemisia-annua.jpg",986,521,false],"1536x1536":["https:\/\/santamonica.lv\/wp-content\/uploads\/2024\/01\/artemisia-annua.jpg",986,521,false],"2048x2048":["https:\/\/santamonica.lv\/wp-content\/uploads\/2024\/01\/artemisia-annua.jpg",986,521,false],"woocommerce_thumbnail":["https:\/\/santamonica.lv\/wp-content\/uploads\/2024\/01\/artemisia-annua-300x300.jpg",300,300,true],"woocommerce_single":["https:\/\/santamonica.lv\/wp-content\/uploads\/2024\/01\/artemisia-annua-600x317.jpg",600,317,true],"woocommerce_gallery_thumbnail":["https:\/\/santamonica.lv\/wp-content\/uploads\/2024\/01\/artemisia-annua-100x100.jpg",100,100,true]},"uagb_author_info":{"display_name":"Aigars","author_link":"https:\/\/santamonica.lv\/pl\/author\/aigars\/"},"uagb_comment_info":0,"uagb_excerpt":"Artesunate to pochodna artemizyny otrzymywana z chi\u0144skiej ro\u015bliny Artemisia annua, czyli chi\u0144skiego pio\u0142unu. Od stuleci stosowana jest w krajach azjatyckich jako tradycyjny lek na infekcje. \u00a0 Mechanizm dzia\u0142ania artesunatu, kt\u00f3ry niszczy kom\u00f3rki nowotworowe, polega na niszczeniu bia\u0142ek zawieraj\u0105cych \u017celazo w cytoplazmie kom\u00f3rki nowotworowej. Odkryto kolejne dzia\u0142anie farmakologiczne, kt\u00f3re pomaga w walce z kom\u00f3rkami nowotworowymi. Artesunate...","_links":{"self":[{"href":"https:\/\/santamonica.lv\/pl\/wp-json\/wp\/v2\/pages\/3189","targetHints":{"allow":["GET"]}}],"collection":[{"href":"https:\/\/santamonica.lv\/pl\/wp-json\/wp\/v2\/pages"}],"about":[{"href":"https:\/\/santamonica.lv\/pl\/wp-json\/wp\/v2\/types\/page"}],"author":[{"embeddable":true,"href":"https:\/\/santamonica.lv\/pl\/wp-json\/wp\/v2\/users\/3"}],"replies":[{"embeddable":true,"href":"https:\/\/santamonica.lv\/pl\/wp-json\/wp\/v2\/comments?post=3189"}],"version-history":[{"count":1,"href":"https:\/\/santamonica.lv\/pl\/wp-json\/wp\/v2\/pages\/3189\/revisions"}],"predecessor-version":[{"id":3190,"href":"https:\/\/santamonica.lv\/pl\/wp-json\/wp\/v2\/pages\/3189\/revisions\/3190"}],"up":[{"embeddable":true,"href":"https:\/\/santamonica.lv\/pl\/wp-json\/wp\/v2\/pages\/2522"}],"wp:featuredmedia":[{"embeddable":true,"href":"https:\/\/santamonica.lv\/pl\/wp-json\/wp\/v2\/media\/2608"}],"wp:attachment":[{"href":"https:\/\/santamonica.lv\/pl\/wp-json\/wp\/v2\/media?parent=3189"}],"curies":[{"name":"wp","href":"https:\/\/api.w.org\/{rel}","templated":true}]}}