{"id":3191,"date":"2025-03-02T00:23:31","date_gmt":"2025-03-01T22:23:31","guid":{"rendered":"https:\/\/santamonica.lv\/?page_id=3191"},"modified":"2025-03-05T22:43:12","modified_gmt":"2025-03-05T20:43:12","slug":"kwas-alfa-liponowy","status":"publish","type":"page","link":"https:\/\/santamonica.lv\/pl\/dla-zdrowia\/kwas-alfa-liponowy\/","title":{"rendered":"was alfa liponowy"},"content":{"rendered":"\n<div class=\"wp-block-columns is-layout-flex wp-container-core-columns-is-layout-9d6595d7 wp-block-columns-is-layout-flex\">\n<div class=\"wp-block-column is-layout-flow wp-block-column-is-layout-flow\" style=\"flex-basis:33.33%\">\n<figure class=\"wp-block-image size-full\"><img loading=\"lazy\" decoding=\"async\" width=\"1000\" height=\"667\" src=\"https:\/\/santamonica.lv\/wp-content\/uploads\/2024\/01\/alpha-lipoic-acid.jpg\" alt=\"\" class=\"wp-image-1073\" srcset=\"https:\/\/santamonica.lv\/wp-content\/uploads\/2024\/01\/alpha-lipoic-acid.jpg 1000w, https:\/\/santamonica.lv\/wp-content\/uploads\/2024\/01\/alpha-lipoic-acid-300x200.jpg 300w, https:\/\/santamonica.lv\/wp-content\/uploads\/2024\/01\/alpha-lipoic-acid-768x512.jpg 768w, https:\/\/santamonica.lv\/wp-content\/uploads\/2024\/01\/alpha-lipoic-acid-600x400.jpg 600w\" sizes=\"auto, (max-width: 1000px) 100vw, 1000px\" \/><\/figure>\n<\/div>\n\n\n\n<div class=\"wp-block-column is-layout-flow wp-block-column-is-layout-flow\" style=\"flex-basis:66.66%\">\n<p>Kwas liponowy, znany r\u00f3wnie\u017c jako kwas \u03b1-liponowy, kwas alfa-liponowy lub kwas tioktowy, jest zwi\u0105zkiem organicznym zawieraj\u0105cym siark\u0119 pochodz\u0105cym z kwasu kaprylowego. ALS jest zwykle wytwarzany przez zwierz\u0119ta i jest niezb\u0119dny do metabolizmu tlenowego.<\/p>\n<\/div>\n<\/div>\n\n\n\n<p>Jest to naturalny przeciwutleniacz syntetyzowany w samym organizmie. Substancja ta bierze udzia\u0142 w metabolizmie, zapewniaj\u0105c prawid\u0142owy metabolizm glukozy w ka\u017cdej kom\u00f3rce, co skutkuje wytwarzaniem energii w mitochondriach. Jako silny przeciwutleniacz, kwas alfa liponowy zwalcza wolne rodniki i pomaga pozby\u0107 si\u0119 ko\u0144cowych produkt\u00f3w przemiany materii.<\/p>\n\n\n\n<p>W medycynie lek ten stosuje si\u0119 w leczeniu polineuropatii wywo\u0142anej cukrzyc\u0105, poniewa\u017c zbadano, \u017ce ma on szczeg\u00f3lne dzia\u0142anie ochronne na kom\u00f3rki nerwowe.<\/p>\n\n\n\n<p>Kwas alfa liponowy produkowany jest w postaci roztwor\u00f3w do wstrzykiwa\u0144 do\u017cylnych do stosowania dojelitowego i pozajelitowego, gdzie ka\u017cda fiolka 50 ml zawiera 600 mg substancji czynnej.<\/p>\n","protected":false},"excerpt":{"rendered":"<p>Kwas liponowy, znany r\u00f3wnie\u017c jako kwas \u03b1-liponowy, kwas alfa-liponowy lub kwas tioktowy, jest zwi\u0105zkiem organicznym zawieraj\u0105cym siark\u0119 pochodz\u0105cym z kwasu kaprylowego. ALS jest zwykle wytwarzany przez zwierz\u0119ta i jest niezb\u0119dny do metabolizmu tlenowego. Jest to naturalny przeciwutleniacz syntetyzowany w samym organizmie. Substancja ta bierze udzia\u0142 w metabolizmie, zapewniaj\u0105c prawid\u0142owy metabolizm glukozy w ka\u017cdej kom\u00f3rce, co&#8230;<\/p>\n","protected":false},"author":3,"featured_media":2557,"parent":2522,"menu_order":0,"comment_status":"closed","ping_status":"closed","template":"","meta":{"_acf_changed":false,"_uag_custom_page_level_css":"","_kadence_starter_templates_imported_post":false,"_kad_post_transparent":"","_kad_post_title":"","_kad_post_layout":"","_kad_post_sidebar_id":"","_kad_post_content_style":"","_kad_post_vertical_padding":"","_kad_post_feature":"","_kad_post_feature_position":"","_kad_post_header":false,"_kad_post_footer":false,"footnotes":""},"class_list":["post-3191","page","type-page","status-publish","has-post-thumbnail","hentry"],"acf":[],"yoast_head":"<!-- This site is optimized with the Yoast SEO plugin v26.4 - https:\/\/yoast.com\/wordpress\/plugins\/seo\/ -->\n<title>was alfa liponowy - Santa Monica<\/title>\n<meta name=\"robots\" content=\"index, follow, max-snippet:-1, max-image-preview:large, max-video-preview:-1\" \/>\n<link rel=\"canonical\" href=\"https:\/\/santamonica.lv\/pl\/dla-zdrowia\/kwas-alfa-liponowy\/\" \/>\n<meta property=\"og:locale\" content=\"pl_PL\" \/>\n<meta property=\"og:type\" content=\"article\" \/>\n<meta property=\"og:title\" content=\"was alfa liponowy - Santa Monica\" \/>\n<meta property=\"og:description\" content=\"Kwas liponowy, znany r\u00f3wnie\u017c jako kwas \u03b1-liponowy, kwas alfa-liponowy lub kwas tioktowy, jest zwi\u0105zkiem organicznym zawieraj\u0105cym siark\u0119 pochodz\u0105cym z kwasu kaprylowego. ALS jest zwykle wytwarzany przez zwierz\u0119ta i jest niezb\u0119dny do metabolizmu tlenowego. Jest to naturalny przeciwutleniacz syntetyzowany w samym organizmie. Substancja ta bierze udzia\u0142 w metabolizmie, zapewniaj\u0105c prawid\u0142owy metabolizm glukozy w ka\u017cdej kom\u00f3rce, co...\" \/>\n<meta property=\"og:url\" content=\"https:\/\/santamonica.lv\/pl\/dla-zdrowia\/kwas-alfa-liponowy\/\" \/>\n<meta property=\"og:site_name\" content=\"Santa Monica\" \/>\n<meta property=\"article:publisher\" content=\"https:\/\/www.facebook.com\/klinikasantamonica\" \/>\n<meta property=\"article:modified_time\" content=\"2025-03-05T20:43:12+00:00\" \/>\n<meta property=\"og:image\" content=\"https:\/\/santamonica.lv\/wp-content\/uploads\/2024\/01\/alpha-lipoic-acid.jpg\" \/>\n\t<meta property=\"og:image:width\" content=\"1000\" \/>\n\t<meta property=\"og:image:height\" content=\"667\" \/>\n\t<meta property=\"og:image:type\" content=\"image\/jpeg\" \/>\n<meta name=\"twitter:card\" content=\"summary_large_image\" \/>\n<meta name=\"twitter:label1\" content=\"Est. reading time\" \/>\n\t<meta name=\"twitter:data1\" content=\"1 minuta\" \/>\n<script type=\"application\/ld+json\" class=\"yoast-schema-graph\">{\"@context\":\"https:\/\/schema.org\",\"@graph\":[{\"@type\":\"WebPage\",\"@id\":\"https:\/\/santamonica.lv\/pl\/dla-zdrowia\/kwas-alfa-liponowy\/\",\"url\":\"https:\/\/santamonica.lv\/pl\/dla-zdrowia\/kwas-alfa-liponowy\/\",\"name\":\"was alfa liponowy - Santa Monica\",\"isPartOf\":{\"@id\":\"https:\/\/santamonica.lv\/pl\/#website\"},\"primaryImageOfPage\":{\"@id\":\"https:\/\/santamonica.lv\/pl\/dla-zdrowia\/kwas-alfa-liponowy\/#primaryimage\"},\"image\":{\"@id\":\"https:\/\/santamonica.lv\/pl\/dla-zdrowia\/kwas-alfa-liponowy\/#primaryimage\"},\"thumbnailUrl\":\"https:\/\/santamonica.lv\/wp-content\/uploads\/2024\/01\/alpha-lipoic-acid.jpg\",\"datePublished\":\"2025-03-01T22:23:31+00:00\",\"dateModified\":\"2025-03-05T20:43:12+00:00\",\"breadcrumb\":{\"@id\":\"https:\/\/santamonica.lv\/pl\/dla-zdrowia\/kwas-alfa-liponowy\/#breadcrumb\"},\"inLanguage\":\"pl-PL\",\"potentialAction\":[{\"@type\":\"ReadAction\",\"target\":[\"https:\/\/santamonica.lv\/pl\/dla-zdrowia\/kwas-alfa-liponowy\/\"]}]},{\"@type\":\"ImageObject\",\"inLanguage\":\"pl-PL\",\"@id\":\"https:\/\/santamonica.lv\/pl\/dla-zdrowia\/kwas-alfa-liponowy\/#primaryimage\",\"url\":\"https:\/\/santamonica.lv\/wp-content\/uploads\/2024\/01\/alpha-lipoic-acid.jpg\",\"contentUrl\":\"https:\/\/santamonica.lv\/wp-content\/uploads\/2024\/01\/alpha-lipoic-acid.jpg\",\"width\":1000,\"height\":667},{\"@type\":\"BreadcrumbList\",\"@id\":\"https:\/\/santamonica.lv\/pl\/dla-zdrowia\/kwas-alfa-liponowy\/#breadcrumb\",\"itemListElement\":[{\"@type\":\"ListItem\",\"position\":1,\"name\":\"Home\",\"item\":\"https:\/\/santamonica.lv\/pl\/poczatek\/\"},{\"@type\":\"ListItem\",\"position\":2,\"name\":\"Dla zdrowia\",\"item\":\"https:\/\/santamonica.lv\/pl\/dla-zdrowia\/\"},{\"@type\":\"ListItem\",\"position\":3,\"name\":\"was alfa liponowy\"}]},{\"@type\":\"WebSite\",\"@id\":\"https:\/\/santamonica.lv\/pl\/#website\",\"url\":\"https:\/\/santamonica.lv\/pl\/\",\"name\":\"Santa Monica\",\"description\":\"\",\"potentialAction\":[{\"@type\":\"SearchAction\",\"target\":{\"@type\":\"EntryPoint\",\"urlTemplate\":\"https:\/\/santamonica.lv\/pl\/?s={search_term_string}\"},\"query-input\":{\"@type\":\"PropertyValueSpecification\",\"valueRequired\":true,\"valueName\":\"search_term_string\"}}],\"inLanguage\":\"pl-PL\"}]}<\/script>\n<!-- \/ Yoast SEO plugin. -->","yoast_head_json":{"title":"was alfa liponowy - Santa Monica","robots":{"index":"index","follow":"follow","max-snippet":"max-snippet:-1","max-image-preview":"max-image-preview:large","max-video-preview":"max-video-preview:-1"},"canonical":"https:\/\/santamonica.lv\/pl\/dla-zdrowia\/kwas-alfa-liponowy\/","og_locale":"pl_PL","og_type":"article","og_title":"was alfa liponowy - Santa Monica","og_description":"Kwas liponowy, znany r\u00f3wnie\u017c jako kwas \u03b1-liponowy, kwas alfa-liponowy lub kwas tioktowy, jest zwi\u0105zkiem organicznym zawieraj\u0105cym siark\u0119 pochodz\u0105cym z kwasu kaprylowego. ALS jest zwykle wytwarzany przez zwierz\u0119ta i jest niezb\u0119dny do metabolizmu tlenowego. Jest to naturalny przeciwutleniacz syntetyzowany w samym organizmie. Substancja ta bierze udzia\u0142 w metabolizmie, zapewniaj\u0105c prawid\u0142owy metabolizm glukozy w ka\u017cdej kom\u00f3rce, co...","og_url":"https:\/\/santamonica.lv\/pl\/dla-zdrowia\/kwas-alfa-liponowy\/","og_site_name":"Santa Monica","article_publisher":"https:\/\/www.facebook.com\/klinikasantamonica","article_modified_time":"2025-03-05T20:43:12+00:00","og_image":[{"width":1000,"height":667,"url":"https:\/\/santamonica.lv\/wp-content\/uploads\/2024\/01\/alpha-lipoic-acid.jpg","type":"image\/jpeg"}],"twitter_card":"summary_large_image","twitter_misc":{"Est. reading time":"1 minuta"},"schema":{"@context":"https:\/\/schema.org","@graph":[{"@type":"WebPage","@id":"https:\/\/santamonica.lv\/pl\/dla-zdrowia\/kwas-alfa-liponowy\/","url":"https:\/\/santamonica.lv\/pl\/dla-zdrowia\/kwas-alfa-liponowy\/","name":"was alfa liponowy - Santa Monica","isPartOf":{"@id":"https:\/\/santamonica.lv\/pl\/#website"},"primaryImageOfPage":{"@id":"https:\/\/santamonica.lv\/pl\/dla-zdrowia\/kwas-alfa-liponowy\/#primaryimage"},"image":{"@id":"https:\/\/santamonica.lv\/pl\/dla-zdrowia\/kwas-alfa-liponowy\/#primaryimage"},"thumbnailUrl":"https:\/\/santamonica.lv\/wp-content\/uploads\/2024\/01\/alpha-lipoic-acid.jpg","datePublished":"2025-03-01T22:23:31+00:00","dateModified":"2025-03-05T20:43:12+00:00","breadcrumb":{"@id":"https:\/\/santamonica.lv\/pl\/dla-zdrowia\/kwas-alfa-liponowy\/#breadcrumb"},"inLanguage":"pl-PL","potentialAction":[{"@type":"ReadAction","target":["https:\/\/santamonica.lv\/pl\/dla-zdrowia\/kwas-alfa-liponowy\/"]}]},{"@type":"ImageObject","inLanguage":"pl-PL","@id":"https:\/\/santamonica.lv\/pl\/dla-zdrowia\/kwas-alfa-liponowy\/#primaryimage","url":"https:\/\/santamonica.lv\/wp-content\/uploads\/2024\/01\/alpha-lipoic-acid.jpg","contentUrl":"https:\/\/santamonica.lv\/wp-content\/uploads\/2024\/01\/alpha-lipoic-acid.jpg","width":1000,"height":667},{"@type":"BreadcrumbList","@id":"https:\/\/santamonica.lv\/pl\/dla-zdrowia\/kwas-alfa-liponowy\/#breadcrumb","itemListElement":[{"@type":"ListItem","position":1,"name":"Home","item":"https:\/\/santamonica.lv\/pl\/poczatek\/"},{"@type":"ListItem","position":2,"name":"Dla zdrowia","item":"https:\/\/santamonica.lv\/pl\/dla-zdrowia\/"},{"@type":"ListItem","position":3,"name":"was alfa liponowy"}]},{"@type":"WebSite","@id":"https:\/\/santamonica.lv\/pl\/#website","url":"https:\/\/santamonica.lv\/pl\/","name":"Santa Monica","description":"","potentialAction":[{"@type":"SearchAction","target":{"@type":"EntryPoint","urlTemplate":"https:\/\/santamonica.lv\/pl\/?s={search_term_string}"},"query-input":{"@type":"PropertyValueSpecification","valueRequired":true,"valueName":"search_term_string"}}],"inLanguage":"pl-PL"}]}},"uagb_featured_image_src":{"full":["https:\/\/santamonica.lv\/wp-content\/uploads\/2024\/01\/alpha-lipoic-acid.jpg",1000,667,false],"thumbnail":["https:\/\/santamonica.lv\/wp-content\/uploads\/2024\/01\/alpha-lipoic-acid-150x150.jpg",150,150,true],"medium":["https:\/\/santamonica.lv\/wp-content\/uploads\/2024\/01\/alpha-lipoic-acid-300x200.jpg",300,200,true],"medium_large":["https:\/\/santamonica.lv\/wp-content\/uploads\/2024\/01\/alpha-lipoic-acid-768x512.jpg",768,512,true],"large":["https:\/\/santamonica.lv\/wp-content\/uploads\/2024\/01\/alpha-lipoic-acid.jpg",1000,667,false],"1536x1536":["https:\/\/santamonica.lv\/wp-content\/uploads\/2024\/01\/alpha-lipoic-acid.jpg",1000,667,false],"2048x2048":["https:\/\/santamonica.lv\/wp-content\/uploads\/2024\/01\/alpha-lipoic-acid.jpg",1000,667,false],"woocommerce_thumbnail":["https:\/\/santamonica.lv\/wp-content\/uploads\/2024\/01\/alpha-lipoic-acid-300x300.jpg",300,300,true],"woocommerce_single":["https:\/\/santamonica.lv\/wp-content\/uploads\/2024\/01\/alpha-lipoic-acid-600x400.jpg",600,400,true],"woocommerce_gallery_thumbnail":["https:\/\/santamonica.lv\/wp-content\/uploads\/2024\/01\/alpha-lipoic-acid-100x100.jpg",100,100,true]},"uagb_author_info":{"display_name":"Aigars","author_link":"https:\/\/santamonica.lv\/pl\/author\/aigars\/"},"uagb_comment_info":0,"uagb_excerpt":"Kwas liponowy, znany r\u00f3wnie\u017c jako kwas \u03b1-liponowy, kwas alfa-liponowy lub kwas tioktowy, jest zwi\u0105zkiem organicznym zawieraj\u0105cym siark\u0119 pochodz\u0105cym z kwasu kaprylowego. ALS jest zwykle wytwarzany przez zwierz\u0119ta i jest niezb\u0119dny do metabolizmu tlenowego. Jest to naturalny przeciwutleniacz syntetyzowany w samym organizmie. Substancja ta bierze udzia\u0142 w metabolizmie, zapewniaj\u0105c prawid\u0142owy metabolizm glukozy w ka\u017cdej kom\u00f3rce, co...","_links":{"self":[{"href":"https:\/\/santamonica.lv\/pl\/wp-json\/wp\/v2\/pages\/3191","targetHints":{"allow":["GET"]}}],"collection":[{"href":"https:\/\/santamonica.lv\/pl\/wp-json\/wp\/v2\/pages"}],"about":[{"href":"https:\/\/santamonica.lv\/pl\/wp-json\/wp\/v2\/types\/page"}],"author":[{"embeddable":true,"href":"https:\/\/santamonica.lv\/pl\/wp-json\/wp\/v2\/users\/3"}],"replies":[{"embeddable":true,"href":"https:\/\/santamonica.lv\/pl\/wp-json\/wp\/v2\/comments?post=3191"}],"version-history":[{"count":1,"href":"https:\/\/santamonica.lv\/pl\/wp-json\/wp\/v2\/pages\/3191\/revisions"}],"predecessor-version":[{"id":3192,"href":"https:\/\/santamonica.lv\/pl\/wp-json\/wp\/v2\/pages\/3191\/revisions\/3192"}],"up":[{"embeddable":true,"href":"https:\/\/santamonica.lv\/pl\/wp-json\/wp\/v2\/pages\/2522"}],"wp:featuredmedia":[{"embeddable":true,"href":"https:\/\/santamonica.lv\/pl\/wp-json\/wp\/v2\/media\/2557"}],"wp:attachment":[{"href":"https:\/\/santamonica.lv\/pl\/wp-json\/wp\/v2\/media?parent=3191"}],"curies":[{"name":"wp","href":"https:\/\/api.w.org\/{rel}","templated":true}]}}