{"id":3193,"date":"2025-03-02T00:28:53","date_gmt":"2025-03-01T22:28:53","guid":{"rendered":"https:\/\/santamonica.lv\/?page_id=3193"},"modified":"2025-03-05T22:42:26","modified_gmt":"2025-03-05T20:42:26","slug":"adek-roztwor-witamin-do-wstrzykiwan","status":"publish","type":"page","link":"https:\/\/santamonica.lv\/pl\/dla-zdrowia\/adek-roztwor-witamin-do-wstrzykiwan\/","title":{"rendered":"ADEK roztw\u00f3r witamin do wstrzykiwa\u0144"},"content":{"rendered":"\n<div class=\"wp-block-columns is-layout-flex wp-container-core-columns-is-layout-9d6595d7 wp-block-columns-is-layout-flex\">\n<div class=\"wp-block-column is-layout-flow wp-block-column-is-layout-flow\" style=\"flex-basis:33.33%\">\n<figure class=\"wp-block-image size-full\"><img loading=\"lazy\" decoding=\"async\" width=\"1330\" height=\"694\" src=\"https:\/\/santamonica.lv\/wp-content\/uploads\/2024\/01\/adek-vitaminu-infuzijas.jpg\" alt=\"\" class=\"wp-image-1071\" srcset=\"https:\/\/santamonica.lv\/wp-content\/uploads\/2024\/01\/adek-vitaminu-infuzijas.jpg 1330w, https:\/\/santamonica.lv\/wp-content\/uploads\/2024\/01\/adek-vitaminu-infuzijas-300x157.jpg 300w, https:\/\/santamonica.lv\/wp-content\/uploads\/2024\/01\/adek-vitaminu-infuzijas-1024x534.jpg 1024w, https:\/\/santamonica.lv\/wp-content\/uploads\/2024\/01\/adek-vitaminu-infuzijas-768x401.jpg 768w, https:\/\/santamonica.lv\/wp-content\/uploads\/2024\/01\/adek-vitaminu-infuzijas-600x313.jpg 600w\" sizes=\"auto, (max-width: 1330px) 100vw, 1330px\" \/><\/figure>\n<\/div>\n\n\n\n<div class=\"wp-block-column is-layout-flow wp-block-column-is-layout-flow\" style=\"flex-basis:66.66%\">\n<p>Witaminy A, D, E i K s\u0105 rozpuszczalne w t\u0142uszczach i pozostaj\u0105 w organizmie stosunkowo d\u0142ugo. W przypadku wielu chor\u00f3b w organizmie dochodzi do niedobor\u00f3w tych substancji na skutek zaburze\u0144 wch\u0142aniania (wrzodziej\u0105ce zapalenie jelita grubego, przewlek\u0142a biegunka itp.). w\u00f3wczas konieczne jest ich dodatkowe podanie.<\/p>\n<\/div>\n<\/div>\n\n\n\n<p>Formu\u0142a roztworu witamin do wstrzykiwa\u0144 firmy ADEK zosta\u0142a opracowana poprzez po\u0142\u0105czenie wszystkich witamin rozpuszczalnych w t\u0142uszczach w formie zastrzyku domi\u0119\u015bniowego.<\/p>\n\n\n\n<p><strong>Sk\u0142ad zastrzyku witaminowego ADEK:<\/strong><\/p>\n\n\n\n<p>Witamina A 100 000 DV;<\/p>\n\n\n\n<p>Witamina D3 10 000 DV;<\/p>\n\n\n\n<p>Witamina E 100 DV;<\/p>\n\n\n\n<p>Witamina K \u2013 10 mg.<\/p>\n\n\n\n<p>Ten roztw\u00f3r do wstrzykiwa\u0144 jest dost\u0119pny w ampu\u0142kach 1 ml (roztw\u00f3r oleisty) do wstrzykiwania domi\u0119\u015bniowego w okolic\u0119 po\u015bladkow\u0105.<\/p>\n","protected":false},"excerpt":{"rendered":"<p>Witaminy A, D, E i K s\u0105 rozpuszczalne w t\u0142uszczach i pozostaj\u0105 w organizmie stosunkowo d\u0142ugo. W przypadku wielu chor\u00f3b w organizmie dochodzi do niedobor\u00f3w tych substancji na skutek zaburze\u0144 wch\u0142aniania (wrzodziej\u0105ce zapalenie jelita grubego, przewlek\u0142a biegunka itp.). w\u00f3wczas konieczne jest ich dodatkowe podanie. Formu\u0142a roztworu witamin do wstrzykiwa\u0144 firmy ADEK zosta\u0142a opracowana poprzez po\u0142\u0105czenie&#8230;<\/p>\n","protected":false},"author":3,"featured_media":2561,"parent":2522,"menu_order":0,"comment_status":"closed","ping_status":"closed","template":"","meta":{"_acf_changed":false,"_uag_custom_page_level_css":"","_kadence_starter_templates_imported_post":false,"_kad_post_transparent":"","_kad_post_title":"","_kad_post_layout":"","_kad_post_sidebar_id":"","_kad_post_content_style":"","_kad_post_vertical_padding":"","_kad_post_feature":"","_kad_post_feature_position":"","_kad_post_header":false,"_kad_post_footer":false,"footnotes":""},"class_list":["post-3193","page","type-page","status-publish","has-post-thumbnail","hentry"],"acf":[],"yoast_head":"<!-- This site is optimized with the Yoast SEO plugin v26.4 - https:\/\/yoast.com\/wordpress\/plugins\/seo\/ -->\n<title>ADEK roztw\u00f3r witamin do wstrzykiwa\u0144 - Santa Monica<\/title>\n<meta name=\"robots\" content=\"index, follow, max-snippet:-1, max-image-preview:large, max-video-preview:-1\" \/>\n<link rel=\"canonical\" href=\"https:\/\/santamonica.lv\/pl\/dla-zdrowia\/adek-roztwor-witamin-do-wstrzykiwan\/\" \/>\n<meta property=\"og:locale\" content=\"pl_PL\" \/>\n<meta property=\"og:type\" content=\"article\" \/>\n<meta property=\"og:title\" content=\"ADEK roztw\u00f3r witamin do wstrzykiwa\u0144 - Santa Monica\" \/>\n<meta property=\"og:description\" content=\"Witaminy A, D, E i K s\u0105 rozpuszczalne w t\u0142uszczach i pozostaj\u0105 w organizmie stosunkowo d\u0142ugo. W przypadku wielu chor\u00f3b w organizmie dochodzi do niedobor\u00f3w tych substancji na skutek zaburze\u0144 wch\u0142aniania (wrzodziej\u0105ce zapalenie jelita grubego, przewlek\u0142a biegunka itp.). w\u00f3wczas konieczne jest ich dodatkowe podanie. Formu\u0142a roztworu witamin do wstrzykiwa\u0144 firmy ADEK zosta\u0142a opracowana poprzez po\u0142\u0105czenie...\" \/>\n<meta property=\"og:url\" content=\"https:\/\/santamonica.lv\/pl\/dla-zdrowia\/adek-roztwor-witamin-do-wstrzykiwan\/\" \/>\n<meta property=\"og:site_name\" content=\"Santa Monica\" \/>\n<meta property=\"article:publisher\" content=\"https:\/\/www.facebook.com\/klinikasantamonica\" \/>\n<meta property=\"article:modified_time\" content=\"2025-03-05T20:42:26+00:00\" \/>\n<meta property=\"og:image\" content=\"https:\/\/santamonica.lv\/wp-content\/uploads\/2024\/01\/adek-vitaminu-infuzijas.jpg\" \/>\n\t<meta property=\"og:image:width\" content=\"1330\" \/>\n\t<meta property=\"og:image:height\" content=\"694\" \/>\n\t<meta property=\"og:image:type\" content=\"image\/jpeg\" \/>\n<meta name=\"twitter:card\" content=\"summary_large_image\" \/>\n<meta name=\"twitter:label1\" content=\"Est. reading time\" \/>\n\t<meta name=\"twitter:data1\" content=\"1 minuta\" \/>\n<script type=\"application\/ld+json\" class=\"yoast-schema-graph\">{\"@context\":\"https:\/\/schema.org\",\"@graph\":[{\"@type\":\"WebPage\",\"@id\":\"https:\/\/santamonica.lv\/pl\/dla-zdrowia\/adek-roztwor-witamin-do-wstrzykiwan\/\",\"url\":\"https:\/\/santamonica.lv\/pl\/dla-zdrowia\/adek-roztwor-witamin-do-wstrzykiwan\/\",\"name\":\"ADEK roztw\u00f3r witamin do wstrzykiwa\u0144 - Santa Monica\",\"isPartOf\":{\"@id\":\"https:\/\/santamonica.lv\/pl\/#website\"},\"primaryImageOfPage\":{\"@id\":\"https:\/\/santamonica.lv\/pl\/dla-zdrowia\/adek-roztwor-witamin-do-wstrzykiwan\/#primaryimage\"},\"image\":{\"@id\":\"https:\/\/santamonica.lv\/pl\/dla-zdrowia\/adek-roztwor-witamin-do-wstrzykiwan\/#primaryimage\"},\"thumbnailUrl\":\"https:\/\/santamonica.lv\/wp-content\/uploads\/2024\/01\/adek-vitaminu-infuzijas.jpg\",\"datePublished\":\"2025-03-01T22:28:53+00:00\",\"dateModified\":\"2025-03-05T20:42:26+00:00\",\"breadcrumb\":{\"@id\":\"https:\/\/santamonica.lv\/pl\/dla-zdrowia\/adek-roztwor-witamin-do-wstrzykiwan\/#breadcrumb\"},\"inLanguage\":\"pl-PL\",\"potentialAction\":[{\"@type\":\"ReadAction\",\"target\":[\"https:\/\/santamonica.lv\/pl\/dla-zdrowia\/adek-roztwor-witamin-do-wstrzykiwan\/\"]}]},{\"@type\":\"ImageObject\",\"inLanguage\":\"pl-PL\",\"@id\":\"https:\/\/santamonica.lv\/pl\/dla-zdrowia\/adek-roztwor-witamin-do-wstrzykiwan\/#primaryimage\",\"url\":\"https:\/\/santamonica.lv\/wp-content\/uploads\/2024\/01\/adek-vitaminu-infuzijas.jpg\",\"contentUrl\":\"https:\/\/santamonica.lv\/wp-content\/uploads\/2024\/01\/adek-vitaminu-infuzijas.jpg\",\"width\":1330,\"height\":694},{\"@type\":\"BreadcrumbList\",\"@id\":\"https:\/\/santamonica.lv\/pl\/dla-zdrowia\/adek-roztwor-witamin-do-wstrzykiwan\/#breadcrumb\",\"itemListElement\":[{\"@type\":\"ListItem\",\"position\":1,\"name\":\"Home\",\"item\":\"https:\/\/santamonica.lv\/pl\/poczatek\/\"},{\"@type\":\"ListItem\",\"position\":2,\"name\":\"Dla zdrowia\",\"item\":\"https:\/\/santamonica.lv\/pl\/dla-zdrowia\/\"},{\"@type\":\"ListItem\",\"position\":3,\"name\":\"ADEK roztw\u00f3r witamin do wstrzykiwa\u0144\"}]},{\"@type\":\"WebSite\",\"@id\":\"https:\/\/santamonica.lv\/pl\/#website\",\"url\":\"https:\/\/santamonica.lv\/pl\/\",\"name\":\"Santa Monica\",\"description\":\"\",\"potentialAction\":[{\"@type\":\"SearchAction\",\"target\":{\"@type\":\"EntryPoint\",\"urlTemplate\":\"https:\/\/santamonica.lv\/pl\/?s={search_term_string}\"},\"query-input\":{\"@type\":\"PropertyValueSpecification\",\"valueRequired\":true,\"valueName\":\"search_term_string\"}}],\"inLanguage\":\"pl-PL\"}]}<\/script>\n<!-- \/ Yoast SEO plugin. -->","yoast_head_json":{"title":"ADEK roztw\u00f3r witamin do wstrzykiwa\u0144 - Santa Monica","robots":{"index":"index","follow":"follow","max-snippet":"max-snippet:-1","max-image-preview":"max-image-preview:large","max-video-preview":"max-video-preview:-1"},"canonical":"https:\/\/santamonica.lv\/pl\/dla-zdrowia\/adek-roztwor-witamin-do-wstrzykiwan\/","og_locale":"pl_PL","og_type":"article","og_title":"ADEK roztw\u00f3r witamin do wstrzykiwa\u0144 - Santa Monica","og_description":"Witaminy A, D, E i K s\u0105 rozpuszczalne w t\u0142uszczach i pozostaj\u0105 w organizmie stosunkowo d\u0142ugo. W przypadku wielu chor\u00f3b w organizmie dochodzi do niedobor\u00f3w tych substancji na skutek zaburze\u0144 wch\u0142aniania (wrzodziej\u0105ce zapalenie jelita grubego, przewlek\u0142a biegunka itp.). w\u00f3wczas konieczne jest ich dodatkowe podanie. Formu\u0142a roztworu witamin do wstrzykiwa\u0144 firmy ADEK zosta\u0142a opracowana poprzez po\u0142\u0105czenie...","og_url":"https:\/\/santamonica.lv\/pl\/dla-zdrowia\/adek-roztwor-witamin-do-wstrzykiwan\/","og_site_name":"Santa Monica","article_publisher":"https:\/\/www.facebook.com\/klinikasantamonica","article_modified_time":"2025-03-05T20:42:26+00:00","og_image":[{"width":1330,"height":694,"url":"https:\/\/santamonica.lv\/wp-content\/uploads\/2024\/01\/adek-vitaminu-infuzijas.jpg","type":"image\/jpeg"}],"twitter_card":"summary_large_image","twitter_misc":{"Est. reading time":"1 minuta"},"schema":{"@context":"https:\/\/schema.org","@graph":[{"@type":"WebPage","@id":"https:\/\/santamonica.lv\/pl\/dla-zdrowia\/adek-roztwor-witamin-do-wstrzykiwan\/","url":"https:\/\/santamonica.lv\/pl\/dla-zdrowia\/adek-roztwor-witamin-do-wstrzykiwan\/","name":"ADEK roztw\u00f3r witamin do wstrzykiwa\u0144 - Santa Monica","isPartOf":{"@id":"https:\/\/santamonica.lv\/pl\/#website"},"primaryImageOfPage":{"@id":"https:\/\/santamonica.lv\/pl\/dla-zdrowia\/adek-roztwor-witamin-do-wstrzykiwan\/#primaryimage"},"image":{"@id":"https:\/\/santamonica.lv\/pl\/dla-zdrowia\/adek-roztwor-witamin-do-wstrzykiwan\/#primaryimage"},"thumbnailUrl":"https:\/\/santamonica.lv\/wp-content\/uploads\/2024\/01\/adek-vitaminu-infuzijas.jpg","datePublished":"2025-03-01T22:28:53+00:00","dateModified":"2025-03-05T20:42:26+00:00","breadcrumb":{"@id":"https:\/\/santamonica.lv\/pl\/dla-zdrowia\/adek-roztwor-witamin-do-wstrzykiwan\/#breadcrumb"},"inLanguage":"pl-PL","potentialAction":[{"@type":"ReadAction","target":["https:\/\/santamonica.lv\/pl\/dla-zdrowia\/adek-roztwor-witamin-do-wstrzykiwan\/"]}]},{"@type":"ImageObject","inLanguage":"pl-PL","@id":"https:\/\/santamonica.lv\/pl\/dla-zdrowia\/adek-roztwor-witamin-do-wstrzykiwan\/#primaryimage","url":"https:\/\/santamonica.lv\/wp-content\/uploads\/2024\/01\/adek-vitaminu-infuzijas.jpg","contentUrl":"https:\/\/santamonica.lv\/wp-content\/uploads\/2024\/01\/adek-vitaminu-infuzijas.jpg","width":1330,"height":694},{"@type":"BreadcrumbList","@id":"https:\/\/santamonica.lv\/pl\/dla-zdrowia\/adek-roztwor-witamin-do-wstrzykiwan\/#breadcrumb","itemListElement":[{"@type":"ListItem","position":1,"name":"Home","item":"https:\/\/santamonica.lv\/pl\/poczatek\/"},{"@type":"ListItem","position":2,"name":"Dla zdrowia","item":"https:\/\/santamonica.lv\/pl\/dla-zdrowia\/"},{"@type":"ListItem","position":3,"name":"ADEK roztw\u00f3r witamin do wstrzykiwa\u0144"}]},{"@type":"WebSite","@id":"https:\/\/santamonica.lv\/pl\/#website","url":"https:\/\/santamonica.lv\/pl\/","name":"Santa Monica","description":"","potentialAction":[{"@type":"SearchAction","target":{"@type":"EntryPoint","urlTemplate":"https:\/\/santamonica.lv\/pl\/?s={search_term_string}"},"query-input":{"@type":"PropertyValueSpecification","valueRequired":true,"valueName":"search_term_string"}}],"inLanguage":"pl-PL"}]}},"uagb_featured_image_src":{"full":["https:\/\/santamonica.lv\/wp-content\/uploads\/2024\/01\/adek-vitaminu-infuzijas.jpg",1330,694,false],"thumbnail":["https:\/\/santamonica.lv\/wp-content\/uploads\/2024\/01\/adek-vitaminu-infuzijas-150x150.jpg",150,150,true],"medium":["https:\/\/santamonica.lv\/wp-content\/uploads\/2024\/01\/adek-vitaminu-infuzijas-300x157.jpg",300,157,true],"medium_large":["https:\/\/santamonica.lv\/wp-content\/uploads\/2024\/01\/adek-vitaminu-infuzijas-768x401.jpg",768,401,true],"large":["https:\/\/santamonica.lv\/wp-content\/uploads\/2024\/01\/adek-vitaminu-infuzijas-1024x534.jpg",1024,534,true],"1536x1536":["https:\/\/santamonica.lv\/wp-content\/uploads\/2024\/01\/adek-vitaminu-infuzijas.jpg",1330,694,false],"2048x2048":["https:\/\/santamonica.lv\/wp-content\/uploads\/2024\/01\/adek-vitaminu-infuzijas.jpg",1330,694,false],"woocommerce_thumbnail":["https:\/\/santamonica.lv\/wp-content\/uploads\/2024\/01\/adek-vitaminu-infuzijas-300x300.jpg",300,300,true],"woocommerce_single":["https:\/\/santamonica.lv\/wp-content\/uploads\/2024\/01\/adek-vitaminu-infuzijas-600x313.jpg",600,313,true],"woocommerce_gallery_thumbnail":["https:\/\/santamonica.lv\/wp-content\/uploads\/2024\/01\/adek-vitaminu-infuzijas-100x100.jpg",100,100,true]},"uagb_author_info":{"display_name":"Aigars","author_link":"https:\/\/santamonica.lv\/pl\/author\/aigars\/"},"uagb_comment_info":0,"uagb_excerpt":"Witaminy A, D, E i K s\u0105 rozpuszczalne w t\u0142uszczach i pozostaj\u0105 w organizmie stosunkowo d\u0142ugo. W przypadku wielu chor\u00f3b w organizmie dochodzi do niedobor\u00f3w tych substancji na skutek zaburze\u0144 wch\u0142aniania (wrzodziej\u0105ce zapalenie jelita grubego, przewlek\u0142a biegunka itp.). w\u00f3wczas konieczne jest ich dodatkowe podanie. Formu\u0142a roztworu witamin do wstrzykiwa\u0144 firmy ADEK zosta\u0142a opracowana poprzez po\u0142\u0105czenie...","_links":{"self":[{"href":"https:\/\/santamonica.lv\/pl\/wp-json\/wp\/v2\/pages\/3193","targetHints":{"allow":["GET"]}}],"collection":[{"href":"https:\/\/santamonica.lv\/pl\/wp-json\/wp\/v2\/pages"}],"about":[{"href":"https:\/\/santamonica.lv\/pl\/wp-json\/wp\/v2\/types\/page"}],"author":[{"embeddable":true,"href":"https:\/\/santamonica.lv\/pl\/wp-json\/wp\/v2\/users\/3"}],"replies":[{"embeddable":true,"href":"https:\/\/santamonica.lv\/pl\/wp-json\/wp\/v2\/comments?post=3193"}],"version-history":[{"count":1,"href":"https:\/\/santamonica.lv\/pl\/wp-json\/wp\/v2\/pages\/3193\/revisions"}],"predecessor-version":[{"id":3194,"href":"https:\/\/santamonica.lv\/pl\/wp-json\/wp\/v2\/pages\/3193\/revisions\/3194"}],"up":[{"embeddable":true,"href":"https:\/\/santamonica.lv\/pl\/wp-json\/wp\/v2\/pages\/2522"}],"wp:featuredmedia":[{"embeddable":true,"href":"https:\/\/santamonica.lv\/pl\/wp-json\/wp\/v2\/media\/2561"}],"wp:attachment":[{"href":"https:\/\/santamonica.lv\/pl\/wp-json\/wp\/v2\/media?parent=3193"}],"curies":[{"name":"wp","href":"https:\/\/api.w.org\/{rel}","templated":true}]}}