{"id":3195,"date":"2025-03-02T00:39:05","date_gmt":"2025-03-01T22:39:05","guid":{"rendered":"https:\/\/santamonica.lv\/?page_id=3195"},"modified":"2025-03-05T22:42:23","modified_gmt":"2025-03-05T20:42:23","slug":"6-szogaol","status":"publish","type":"page","link":"https:\/\/santamonica.lv\/pl\/dla-zdrowia\/6-szogaol\/","title":{"rendered":"6 \u2013 szogaol"},"content":{"rendered":"\n<div class=\"wp-block-columns is-layout-flex wp-container-core-columns-is-layout-9d6595d7 wp-block-columns-is-layout-flex\">\n<div class=\"wp-block-column is-layout-flow wp-block-column-is-layout-flow\" style=\"flex-basis:33.33%\">\n<figure class=\"wp-block-image size-full\"><img loading=\"lazy\" decoding=\"async\" width=\"1152\" height=\"647\" src=\"https:\/\/santamonica.lv\/wp-content\/uploads\/2024\/01\/ginger.jpg\" alt=\"\" class=\"wp-image-1065\" srcset=\"https:\/\/santamonica.lv\/wp-content\/uploads\/2024\/01\/ginger.jpg 1152w, https:\/\/santamonica.lv\/wp-content\/uploads\/2024\/01\/ginger-300x168.jpg 300w, https:\/\/santamonica.lv\/wp-content\/uploads\/2024\/01\/ginger-1024x575.jpg 1024w, https:\/\/santamonica.lv\/wp-content\/uploads\/2024\/01\/ginger-768x431.jpg 768w, https:\/\/santamonica.lv\/wp-content\/uploads\/2024\/01\/ginger-600x337.jpg 600w\" sizes=\"auto, (max-width: 1152px) 100vw, 1152px\" \/><\/figure>\n<\/div>\n\n\n\n<div class=\"wp-block-column is-layout-flow wp-block-column-is-layout-flow\" style=\"flex-basis:66.66%\">\n<p>6 \u2013 shogaol to substancja czynna ekstraktu z imbiru. Lekarze w regionie azjatyckim stosuj\u0105 substancje biologiczne i fitoncydy zawarte w imbirze (Panax ginseng) od wiek\u00f3w, a nawet tysi\u0119cy lat w leczeniu r\u00f3\u017cnych chor\u00f3b. Historycznie stosowano go w leczeniu zm\u0119czenia i stresu. Korze\u0144 imbiru zawiera kilka zwi\u0105zk\u00f3w biologicznie czynnych. Do najwa\u017cniejszych nale\u017c\u0105 tzw. gingerole. Gingerol (betahydroksyketon) to fitochemiczny zwi\u0105zek fenolowy wyst\u0119puj\u0105cy w \u015bwie\u017cym korzeniu imbiru, kt\u00f3ry powoduje uczucie pieczenia na j\u0119zyku. W swojej naturalnej postaci przypomina lekko \u017c\u00f3\u0142ty olejek wyst\u0119puj\u0105cy w k\u0142\u0105czach tej ro\u015bliny.<\/p>\n<\/div>\n<\/div>\n\n\n\n<p>Shogaol to biologicznie aktywna substancja wyst\u0119puj\u0105ca w korzeniu imbiru. Shogaol uzyskuje si\u0119 poprzez ogrzewanie imbiru w wysokiej temperaturze. Opr\u00f3cz shogaolu ekstrakt imbirowy zawiera tak\u017ce inny zwi\u0105zek chemiczny zingeron, kt\u00f3ry dzia\u0142a jako przeciwutleniacz, a tak\u017ce mo\u017ce mie\u0107 pozytywny wp\u0142yw na metabolizm.<\/p>\n\n\n\n<p>Opisano wiele bada\u0144 naukowych, kt\u00f3rych celem by\u0142o sprawdzenie, jak skuteczne jest stosowanie zwi\u0105zk\u00f3w imbiru i do jakich cel\u00f3w mo\u017cna go stosowa\u0107. Shogaol ma dzia\u0142anie przeciwnowotworowe i jest stosowany w celu zmniejszenia skutk\u00f3w ubocznych chemioterapii. Badania na zwierz\u0119tach wykaza\u0142y, \u017ce substancje zawarte w imbirze hamuj\u0105 reprodukcj\u0119 nowotworowych kom\u00f3rek macierzystych, hamuj\u0105 neoangiogenez\u0119 (tworzenie nowych naczy\u0144 krwiono\u015bnych w tkance nowotworowej) i promuj\u0105 apoptoz\u0119 \u2013 naturaln\u0105 \u015bmier\u0107 kom\u00f3rek nowotworowych. Badania przeprowadzone w Chinach i Korei oraz ich wyniki wskazuj\u0105, \u017ce zwi\u0105zki imbiru znacz\u0105co poprawiaj\u0105 jako\u015b\u0107 \u017cycia pacjentek chorych na raka piersi i endometrium. Wykazano, \u017ce metabolity substancji zawartej w korzeniu imbiru tworz\u0105 w okr\u0119\u017cnicy substancj\u0119 K, kt\u00f3ra ma ogromne znaczenie w leczeniu raka jelita grubego. Z kolei Ameryka\u0144ski Instytut Bada\u0144 nad Rakiem stwierdza, \u017ce \u200b\u200bimbir znacz\u0105co zmniejsza zm\u0119czenie spowodowane zatruciem nowotworem.<\/p>\n\n\n\n<p>Imbir ma r\u00f3wnie\u017c wyra\u017ane dzia\u0142anie przeciwzapalne, dlatego zaleca si\u0119 go w leczeniu wrzodziej\u0105cego zapalenia jelita grubego.<\/p>\n\n\n\n<p>Substancje czynne imbiru polecane s\u0105 tak\u017ce w leczeniu niedokrwienia, cukrzycy i przewlek\u0142ych infekcji.<\/p>\n\n\n\n<p>Wszystkie preparaty imbirowe s\u0105 na og\u00f3\u0142 dobrze tolerowane przez pacjent\u00f3w i wiadomo, \u017ce imbir (Panax qiunquefolius), kt\u00f3ry ro\u015bnie w obu Amerykach, mo\u017ce obni\u017ca\u0107 poziom cukru we krwi u pacjent\u00f3w z cukrzyc\u0105.<\/p>\n\n\n\n<p><strong>Zastosowanie 6-shogaolu do niszczenia wszystkich typ\u00f3w nowotworowych kom\u00f3rek macierzystych:<\/strong><\/p>\n\n\n\n<ul class=\"wp-block-list\">\n<li>Dla pacjentek chorych na raka piersi;<\/li>\n\n\n\n<li>Rak p\u0142uc;<\/li>\n\n\n\n<li>Do leczenia raka w\u0105troby;<\/li>\n\n\n\n<li>Do leczenia raka jelita grubego.<\/li>\n\n\n\n<li>Do leczenia raka prostaty;<\/li>\n\n\n\n<li>Do leczenia bia\u0142aczki.<\/li>\n<\/ul>\n","protected":false},"excerpt":{"rendered":"<p>6 \u2013 shogaol to substancja czynna ekstraktu z imbiru. Lekarze w regionie azjatyckim stosuj\u0105 substancje biologiczne i fitoncydy zawarte w imbirze (Panax ginseng) od wiek\u00f3w, a nawet tysi\u0119cy lat w leczeniu r\u00f3\u017cnych chor\u00f3b. Historycznie stosowano go w leczeniu zm\u0119czenia i stresu. Korze\u0144 imbiru zawiera kilka zwi\u0105zk\u00f3w biologicznie czynnych. Do najwa\u017cniejszych nale\u017c\u0105 tzw. gingerole. Gingerol (betahydroksyketon)&#8230;<\/p>\n","protected":false},"author":3,"featured_media":2573,"parent":2522,"menu_order":0,"comment_status":"closed","ping_status":"closed","template":"","meta":{"_acf_changed":false,"_uag_custom_page_level_css":"","_kadence_starter_templates_imported_post":false,"_kad_post_transparent":"","_kad_post_title":"","_kad_post_layout":"","_kad_post_sidebar_id":"","_kad_post_content_style":"","_kad_post_vertical_padding":"","_kad_post_feature":"","_kad_post_feature_position":"","_kad_post_header":false,"_kad_post_footer":false,"footnotes":""},"class_list":["post-3195","page","type-page","status-publish","has-post-thumbnail","hentry"],"acf":[],"yoast_head":"<!-- This site is optimized with the Yoast SEO plugin v26.4 - https:\/\/yoast.com\/wordpress\/plugins\/seo\/ -->\n<title>6 \u2013 szogaol - Santa Monica<\/title>\n<meta name=\"robots\" content=\"index, follow, max-snippet:-1, max-image-preview:large, max-video-preview:-1\" \/>\n<link rel=\"canonical\" href=\"https:\/\/santamonica.lv\/pl\/dla-zdrowia\/6-szogaol\/\" \/>\n<meta property=\"og:locale\" content=\"pl_PL\" \/>\n<meta property=\"og:type\" content=\"article\" \/>\n<meta property=\"og:title\" content=\"6 \u2013 szogaol - Santa Monica\" \/>\n<meta property=\"og:description\" content=\"6 \u2013 shogaol to substancja czynna ekstraktu z imbiru. Lekarze w regionie azjatyckim stosuj\u0105 substancje biologiczne i fitoncydy zawarte w imbirze (Panax ginseng) od wiek\u00f3w, a nawet tysi\u0119cy lat w leczeniu r\u00f3\u017cnych chor\u00f3b. Historycznie stosowano go w leczeniu zm\u0119czenia i stresu. Korze\u0144 imbiru zawiera kilka zwi\u0105zk\u00f3w biologicznie czynnych. Do najwa\u017cniejszych nale\u017c\u0105 tzw. gingerole. Gingerol (betahydroksyketon)...\" \/>\n<meta property=\"og:url\" content=\"https:\/\/santamonica.lv\/pl\/dla-zdrowia\/6-szogaol\/\" \/>\n<meta property=\"og:site_name\" content=\"Santa Monica\" \/>\n<meta property=\"article:publisher\" content=\"https:\/\/www.facebook.com\/klinikasantamonica\" \/>\n<meta property=\"article:modified_time\" content=\"2025-03-05T20:42:23+00:00\" \/>\n<meta property=\"og:image\" content=\"https:\/\/santamonica.lv\/wp-content\/uploads\/2024\/01\/ginger.jpg\" \/>\n\t<meta property=\"og:image:width\" content=\"1152\" \/>\n\t<meta property=\"og:image:height\" content=\"647\" \/>\n\t<meta property=\"og:image:type\" content=\"image\/jpeg\" \/>\n<meta name=\"twitter:card\" content=\"summary_large_image\" \/>\n<meta name=\"twitter:label1\" content=\"Est. reading time\" \/>\n\t<meta name=\"twitter:data1\" content=\"2 minuty\" \/>\n<script type=\"application\/ld+json\" class=\"yoast-schema-graph\">{\"@context\":\"https:\/\/schema.org\",\"@graph\":[{\"@type\":\"WebPage\",\"@id\":\"https:\/\/santamonica.lv\/pl\/dla-zdrowia\/6-szogaol\/\",\"url\":\"https:\/\/santamonica.lv\/pl\/dla-zdrowia\/6-szogaol\/\",\"name\":\"6 \u2013 szogaol - Santa Monica\",\"isPartOf\":{\"@id\":\"https:\/\/santamonica.lv\/pl\/#website\"},\"primaryImageOfPage\":{\"@id\":\"https:\/\/santamonica.lv\/pl\/dla-zdrowia\/6-szogaol\/#primaryimage\"},\"image\":{\"@id\":\"https:\/\/santamonica.lv\/pl\/dla-zdrowia\/6-szogaol\/#primaryimage\"},\"thumbnailUrl\":\"https:\/\/santamonica.lv\/wp-content\/uploads\/2024\/01\/ginger.jpg\",\"datePublished\":\"2025-03-01T22:39:05+00:00\",\"dateModified\":\"2025-03-05T20:42:23+00:00\",\"breadcrumb\":{\"@id\":\"https:\/\/santamonica.lv\/pl\/dla-zdrowia\/6-szogaol\/#breadcrumb\"},\"inLanguage\":\"pl-PL\",\"potentialAction\":[{\"@type\":\"ReadAction\",\"target\":[\"https:\/\/santamonica.lv\/pl\/dla-zdrowia\/6-szogaol\/\"]}]},{\"@type\":\"ImageObject\",\"inLanguage\":\"pl-PL\",\"@id\":\"https:\/\/santamonica.lv\/pl\/dla-zdrowia\/6-szogaol\/#primaryimage\",\"url\":\"https:\/\/santamonica.lv\/wp-content\/uploads\/2024\/01\/ginger.jpg\",\"contentUrl\":\"https:\/\/santamonica.lv\/wp-content\/uploads\/2024\/01\/ginger.jpg\",\"width\":1152,\"height\":647},{\"@type\":\"BreadcrumbList\",\"@id\":\"https:\/\/santamonica.lv\/pl\/dla-zdrowia\/6-szogaol\/#breadcrumb\",\"itemListElement\":[{\"@type\":\"ListItem\",\"position\":1,\"name\":\"Home\",\"item\":\"https:\/\/santamonica.lv\/pl\/poczatek\/\"},{\"@type\":\"ListItem\",\"position\":2,\"name\":\"Dla zdrowia\",\"item\":\"https:\/\/santamonica.lv\/pl\/dla-zdrowia\/\"},{\"@type\":\"ListItem\",\"position\":3,\"name\":\"6 \u2013 szogaol\"}]},{\"@type\":\"WebSite\",\"@id\":\"https:\/\/santamonica.lv\/pl\/#website\",\"url\":\"https:\/\/santamonica.lv\/pl\/\",\"name\":\"Santa Monica\",\"description\":\"\",\"potentialAction\":[{\"@type\":\"SearchAction\",\"target\":{\"@type\":\"EntryPoint\",\"urlTemplate\":\"https:\/\/santamonica.lv\/pl\/?s={search_term_string}\"},\"query-input\":{\"@type\":\"PropertyValueSpecification\",\"valueRequired\":true,\"valueName\":\"search_term_string\"}}],\"inLanguage\":\"pl-PL\"}]}<\/script>\n<!-- \/ Yoast SEO plugin. -->","yoast_head_json":{"title":"6 \u2013 szogaol - Santa Monica","robots":{"index":"index","follow":"follow","max-snippet":"max-snippet:-1","max-image-preview":"max-image-preview:large","max-video-preview":"max-video-preview:-1"},"canonical":"https:\/\/santamonica.lv\/pl\/dla-zdrowia\/6-szogaol\/","og_locale":"pl_PL","og_type":"article","og_title":"6 \u2013 szogaol - Santa Monica","og_description":"6 \u2013 shogaol to substancja czynna ekstraktu z imbiru. Lekarze w regionie azjatyckim stosuj\u0105 substancje biologiczne i fitoncydy zawarte w imbirze (Panax ginseng) od wiek\u00f3w, a nawet tysi\u0119cy lat w leczeniu r\u00f3\u017cnych chor\u00f3b. Historycznie stosowano go w leczeniu zm\u0119czenia i stresu. Korze\u0144 imbiru zawiera kilka zwi\u0105zk\u00f3w biologicznie czynnych. Do najwa\u017cniejszych nale\u017c\u0105 tzw. gingerole. Gingerol (betahydroksyketon)...","og_url":"https:\/\/santamonica.lv\/pl\/dla-zdrowia\/6-szogaol\/","og_site_name":"Santa Monica","article_publisher":"https:\/\/www.facebook.com\/klinikasantamonica","article_modified_time":"2025-03-05T20:42:23+00:00","og_image":[{"width":1152,"height":647,"url":"https:\/\/santamonica.lv\/wp-content\/uploads\/2024\/01\/ginger.jpg","type":"image\/jpeg"}],"twitter_card":"summary_large_image","twitter_misc":{"Est. reading time":"2 minuty"},"schema":{"@context":"https:\/\/schema.org","@graph":[{"@type":"WebPage","@id":"https:\/\/santamonica.lv\/pl\/dla-zdrowia\/6-szogaol\/","url":"https:\/\/santamonica.lv\/pl\/dla-zdrowia\/6-szogaol\/","name":"6 \u2013 szogaol - Santa Monica","isPartOf":{"@id":"https:\/\/santamonica.lv\/pl\/#website"},"primaryImageOfPage":{"@id":"https:\/\/santamonica.lv\/pl\/dla-zdrowia\/6-szogaol\/#primaryimage"},"image":{"@id":"https:\/\/santamonica.lv\/pl\/dla-zdrowia\/6-szogaol\/#primaryimage"},"thumbnailUrl":"https:\/\/santamonica.lv\/wp-content\/uploads\/2024\/01\/ginger.jpg","datePublished":"2025-03-01T22:39:05+00:00","dateModified":"2025-03-05T20:42:23+00:00","breadcrumb":{"@id":"https:\/\/santamonica.lv\/pl\/dla-zdrowia\/6-szogaol\/#breadcrumb"},"inLanguage":"pl-PL","potentialAction":[{"@type":"ReadAction","target":["https:\/\/santamonica.lv\/pl\/dla-zdrowia\/6-szogaol\/"]}]},{"@type":"ImageObject","inLanguage":"pl-PL","@id":"https:\/\/santamonica.lv\/pl\/dla-zdrowia\/6-szogaol\/#primaryimage","url":"https:\/\/santamonica.lv\/wp-content\/uploads\/2024\/01\/ginger.jpg","contentUrl":"https:\/\/santamonica.lv\/wp-content\/uploads\/2024\/01\/ginger.jpg","width":1152,"height":647},{"@type":"BreadcrumbList","@id":"https:\/\/santamonica.lv\/pl\/dla-zdrowia\/6-szogaol\/#breadcrumb","itemListElement":[{"@type":"ListItem","position":1,"name":"Home","item":"https:\/\/santamonica.lv\/pl\/poczatek\/"},{"@type":"ListItem","position":2,"name":"Dla zdrowia","item":"https:\/\/santamonica.lv\/pl\/dla-zdrowia\/"},{"@type":"ListItem","position":3,"name":"6 \u2013 szogaol"}]},{"@type":"WebSite","@id":"https:\/\/santamonica.lv\/pl\/#website","url":"https:\/\/santamonica.lv\/pl\/","name":"Santa Monica","description":"","potentialAction":[{"@type":"SearchAction","target":{"@type":"EntryPoint","urlTemplate":"https:\/\/santamonica.lv\/pl\/?s={search_term_string}"},"query-input":{"@type":"PropertyValueSpecification","valueRequired":true,"valueName":"search_term_string"}}],"inLanguage":"pl-PL"}]}},"uagb_featured_image_src":{"full":["https:\/\/santamonica.lv\/wp-content\/uploads\/2024\/01\/ginger.jpg",1152,647,false],"thumbnail":["https:\/\/santamonica.lv\/wp-content\/uploads\/2024\/01\/ginger-150x150.jpg",150,150,true],"medium":["https:\/\/santamonica.lv\/wp-content\/uploads\/2024\/01\/ginger-300x168.jpg",300,168,true],"medium_large":["https:\/\/santamonica.lv\/wp-content\/uploads\/2024\/01\/ginger-768x431.jpg",768,431,true],"large":["https:\/\/santamonica.lv\/wp-content\/uploads\/2024\/01\/ginger-1024x575.jpg",1024,575,true],"1536x1536":["https:\/\/santamonica.lv\/wp-content\/uploads\/2024\/01\/ginger.jpg",1152,647,false],"2048x2048":["https:\/\/santamonica.lv\/wp-content\/uploads\/2024\/01\/ginger.jpg",1152,647,false],"woocommerce_thumbnail":["https:\/\/santamonica.lv\/wp-content\/uploads\/2024\/01\/ginger-300x300.jpg",300,300,true],"woocommerce_single":["https:\/\/santamonica.lv\/wp-content\/uploads\/2024\/01\/ginger-600x337.jpg",600,337,true],"woocommerce_gallery_thumbnail":["https:\/\/santamonica.lv\/wp-content\/uploads\/2024\/01\/ginger-100x100.jpg",100,100,true]},"uagb_author_info":{"display_name":"Aigars","author_link":"https:\/\/santamonica.lv\/pl\/author\/aigars\/"},"uagb_comment_info":0,"uagb_excerpt":"6 \u2013 shogaol to substancja czynna ekstraktu z imbiru. Lekarze w regionie azjatyckim stosuj\u0105 substancje biologiczne i fitoncydy zawarte w imbirze (Panax ginseng) od wiek\u00f3w, a nawet tysi\u0119cy lat w leczeniu r\u00f3\u017cnych chor\u00f3b. Historycznie stosowano go w leczeniu zm\u0119czenia i stresu. Korze\u0144 imbiru zawiera kilka zwi\u0105zk\u00f3w biologicznie czynnych. Do najwa\u017cniejszych nale\u017c\u0105 tzw. gingerole. Gingerol (betahydroksyketon)...","_links":{"self":[{"href":"https:\/\/santamonica.lv\/pl\/wp-json\/wp\/v2\/pages\/3195","targetHints":{"allow":["GET"]}}],"collection":[{"href":"https:\/\/santamonica.lv\/pl\/wp-json\/wp\/v2\/pages"}],"about":[{"href":"https:\/\/santamonica.lv\/pl\/wp-json\/wp\/v2\/types\/page"}],"author":[{"embeddable":true,"href":"https:\/\/santamonica.lv\/pl\/wp-json\/wp\/v2\/users\/3"}],"replies":[{"embeddable":true,"href":"https:\/\/santamonica.lv\/pl\/wp-json\/wp\/v2\/comments?post=3195"}],"version-history":[{"count":1,"href":"https:\/\/santamonica.lv\/pl\/wp-json\/wp\/v2\/pages\/3195\/revisions"}],"predecessor-version":[{"id":3196,"href":"https:\/\/santamonica.lv\/pl\/wp-json\/wp\/v2\/pages\/3195\/revisions\/3196"}],"up":[{"embeddable":true,"href":"https:\/\/santamonica.lv\/pl\/wp-json\/wp\/v2\/pages\/2522"}],"wp:featuredmedia":[{"embeddable":true,"href":"https:\/\/santamonica.lv\/pl\/wp-json\/wp\/v2\/media\/2573"}],"wp:attachment":[{"href":"https:\/\/santamonica.lv\/pl\/wp-json\/wp\/v2\/media?parent=3195"}],"curies":[{"name":"wp","href":"https:\/\/api.w.org\/{rel}","templated":true}]}}