{"id":3393,"date":"2025-03-10T21:03:20","date_gmt":"2025-03-10T19:03:20","guid":{"rendered":"https:\/\/santamonica.lv\/?page_id=3393"},"modified":"2025-03-10T23:34:12","modified_gmt":"2025-03-10T21:34:12","slug":"dostawa","status":"publish","type":"page","link":"https:\/\/santamonica.lv\/pl\/dostawa\/","title":{"rendered":"Dostawa"},"content":{"rendered":"\n<p>Podczas sk\u0142adania zam\u00f3wienia w sklepie internetowym Santa Monica Clinic standardowy czas dostawy zam\u00f3wie\u0144 wynosi 1-4 dni roboczych. Po zako\u0144czeniu zam\u00f3wienia otrzymasz SMS-a i wiadomo\u015b\u0107 e-mail z szacowanym czasem dostawy towaru.<\/p>\n\n\n\n<p><strong>UWAGA! <\/strong>Po otrzymaniu powiadomienia prosimy o ponowne sprawdzenie i por\u00f3wnanie wszystkich informacji. W przypadku rozbie\u017cno\u015bci prosimy o kontakt telefoniczny: +371 27337768 lub pisz\u0105c na adres: <a href=\"mailto:info@santamonica.lv?swcfpc=1\">info@santamonica.lv<\/a><\/p>\n\n\n\n<p class=\"has-medium-font-size\"><strong>Dostawa do paczkomat\u00f3w\u0101tiem<\/strong><\/p>\n\n\n\n<p>Je\u015bli wybra\u0142e\u015b dostaw\u0119 do paczkomatu, czas dostawy wynosi <strong>2\u20133 dni robocze<\/strong>, o ile dla danego produktu nie okre\u015blono inaczej.<\/p>\n\n\n\n<p>Koszt dostawy do paczkomat\u00f3w<strong> Omniva<\/strong> \u2013 <strong>2,99 \u20ac<\/strong>. Us\u0142uga ta jest dost\u0119pna dla zam\u00f3wie\u0144, kt\u00f3rych wymiary nie przekraczaj\u0105 <strong>39 x 38 x 64 cm<\/strong>, a waga jest <strong>mniejsza ni\u017c 30 kg<\/strong>.<\/p>\n\n\n\n<p>Koszt dostawy do paczkomat\u00f3w<strong> DPD<\/strong> \u2013 <strong>2,99 \u20ac<\/strong>. Us\u0142uga ta jest dost\u0119pna dla zam\u00f3wie\u0144, kt\u00f3rych wymiary nie przekraczaj\u0105 <strong>61 x 44 x 37 cm<\/strong>, a waga jest <strong>mniejsza ni\u017c 30 kg<\/strong>.<\/p>\n\n\n\n<p>Po dostarczeniu zam\u00f3wienia do paczkomatu otrzymasz <strong>kod otwarcia<\/strong> w wiadomo\u015bci SMS.<\/p>\n\n\n\n<p><strong>UWAGA!<\/strong> Przesy\u0142k\u0119 nale\u017cy odebra\u0107 <strong>w ci\u0105gu 7 dni<\/strong>, w przeciwnym razie zostanie ona zwr\u00f3cona.<\/p>\n\n\n\n<p>W przypadku innych przesy\u0142ek koszt dostawy do paczkomatu jest obliczany na podstawie <strong>wagi koszyka zakupowego oraz miejsca dostawy<\/strong>.<\/p>\n\n\n\n<p class=\"has-medium-font-size\"><strong>Dostawa do domu<\/strong><\/p>\n\n\n\n<p>Dostawa do domu odbywa si\u0119 w dni robocze w godzinach 09:00 &#8211; 18:00.<\/p>\n\n\n\n<p>Koszty dostawy do domu wyliczane s\u0105 na podstawie wagi koszyka i miejsca dostawy:<\/p>\n\n\n\n<figure class=\"wp-block-table\"><table class=\"has-fixed-layout\"><tbody><tr><td>Waga<\/td><td>\u2264 1kg<\/td><td>\u2264 5kg<\/td><td>\u2264 10kg<\/td><td>\u2264 15kg<\/td><td>\u2264 20kg<\/td><\/tr><tr><td>Ryga<\/td><td>3,99\u20ac<\/td><td>4,99\u20ac<\/td><td>5,99\u20ac<\/td><td>7,99\u20ac<\/td><td>8,99\u20ac<\/td><\/tr><tr><td>\u0141otwa<\/td><td>4,99\u20ac<\/td><td>6,99\u20ac<\/td><td>10,99\u20ac<\/td><td>10,99\u20ac<\/td><td>10,99\u20ac<\/td><\/tr><\/tbody><\/table><\/figure>\n\n\n\n<p>* Standardowy czas dostawy wynosi 2-3 dni robocze, chyba \u017ce dla konkretnego produktu okre\u015blono inaczej.<\/p>\n\n\n\n<p>Kiedy zam\u00f3wienie zostanie przekazane kurierowi, skontaktuje si\u0119 on z Pa\u0144stwem w celu ustalenia godziny dostawy.<\/p>\n\n\n\n<p><strong>UWAGA!<\/strong> Je\u015bli dostawa nie b\u0119dzie mo\u017cliwa, przesy\u0142ka zostanie wys\u0142ana do najbli\u017cszego punktu pocztowego, a Pa\u0144stwo otrzymaj\u0105 powiadomienie o jej przybyciu, na podstawie kt\u00f3rego b\u0119dzie mo\u017cna odebra\u0107 paczk\u0119 w wskazanym punkcie pocztowym.<\/p>\n\n\n\n<p class=\"has-medium-font-size\"><strong><strong>Bezp\u0142atnie<\/strong> paczk\u0119 mo\u017cna odebra\u0107 w klinice \u201eSanta Monica\u201d<\/strong>\u00a0<a href=\"https:\/\/maps.app.goo.gl\/EDYPGnfz9hveaEcB7\" target=\"_blank\" rel=\"noreferrer noopener\">Nauk\u0161\u0113nu mui\u017ea, Nauk\u0161\u0113ni, Nauk\u0161\u0113nu pag., Valmieras nov., LV-4244<\/a> Poniedzia\u0142ek\u2013Pi\u0105tek od 9:00 do 17:00.<\/p>\n\n\n\n<p>* W weekendy i dni \u015bwi\u0105teczne produkty nie s\u0105 wysy\u0142ane, a dostawy nie s\u0105 realizowane!<\/p>\n\n\n\n<p>Je\u015bli maj\u0105 Pa\u0144stwo dodatkowe pytania, prosimy o kontakt telefoniczny pod numerem <strong>+371 27337768<\/strong> lub pisz\u0105c na adres <strong><a href=\"info@santamonica.lv\">info@santamonica.lv<\/a><\/strong>, a my postaramy si\u0119 odpowiedzie\u0107 na nie jak najszybciej.<\/p>\n","protected":false},"excerpt":{"rendered":"<p>Podczas sk\u0142adania zam\u00f3wienia w sklepie internetowym Santa Monica Clinic standardowy czas dostawy zam\u00f3wie\u0144 wynosi 1-4 dni roboczych. Po zako\u0144czeniu zam\u00f3wienia otrzymasz SMS-a i wiadomo\u015b\u0107 e-mail z szacowanym czasem dostawy towaru. UWAGA! Po otrzymaniu powiadomienia prosimy o ponowne sprawdzenie i por\u00f3wnanie wszystkich informacji. W przypadku rozbie\u017cno\u015bci prosimy o kontakt telefoniczny: +371 27337768 lub pisz\u0105c na adres:&#8230;<\/p>\n","protected":false},"author":1,"featured_media":0,"parent":0,"menu_order":0,"comment_status":"closed","ping_status":"closed","template":"","meta":{"_acf_changed":false,"_uag_custom_page_level_css":"","_kadence_starter_templates_imported_post":false,"_kad_post_transparent":"","_kad_post_title":"","_kad_post_layout":"","_kad_post_sidebar_id":"","_kad_post_content_style":"","_kad_post_vertical_padding":"","_kad_post_feature":"","_kad_post_feature_position":"","_kad_post_header":false,"_kad_post_footer":false,"footnotes":""},"class_list":["post-3393","page","type-page","status-publish","hentry"],"acf":[],"yoast_head":"<!-- This site is optimized with the Yoast SEO plugin v26.4 - https:\/\/yoast.com\/wordpress\/plugins\/seo\/ -->\n<title>Dostawa - Santa Monica<\/title>\n<meta name=\"robots\" content=\"index, follow, max-snippet:-1, max-image-preview:large, max-video-preview:-1\" \/>\n<link rel=\"canonical\" href=\"https:\/\/santamonica.lv\/pl\/dostawa\/\" \/>\n<meta property=\"og:locale\" content=\"pl_PL\" \/>\n<meta property=\"og:type\" content=\"article\" \/>\n<meta property=\"og:title\" content=\"Dostawa - Santa Monica\" \/>\n<meta property=\"og:description\" content=\"Podczas sk\u0142adania zam\u00f3wienia w sklepie internetowym Santa Monica Clinic standardowy czas dostawy zam\u00f3wie\u0144 wynosi 1-4 dni roboczych. Po zako\u0144czeniu zam\u00f3wienia otrzymasz SMS-a i wiadomo\u015b\u0107 e-mail z szacowanym czasem dostawy towaru. UWAGA! Po otrzymaniu powiadomienia prosimy o ponowne sprawdzenie i por\u00f3wnanie wszystkich informacji. W przypadku rozbie\u017cno\u015bci prosimy o kontakt telefoniczny: +371 27337768 lub pisz\u0105c na adres:...\" \/>\n<meta property=\"og:url\" content=\"https:\/\/santamonica.lv\/pl\/dostawa\/\" \/>\n<meta property=\"og:site_name\" content=\"Santa Monica\" \/>\n<meta property=\"article:publisher\" content=\"https:\/\/www.facebook.com\/klinikasantamonica\" \/>\n<meta property=\"article:modified_time\" content=\"2025-03-10T21:34:12+00:00\" \/>\n<meta name=\"twitter:card\" content=\"summary_large_image\" \/>\n<meta name=\"twitter:label1\" content=\"Est. reading time\" \/>\n\t<meta name=\"twitter:data1\" content=\"2 minuty\" \/>\n<script type=\"application\/ld+json\" class=\"yoast-schema-graph\">{\"@context\":\"https:\/\/schema.org\",\"@graph\":[{\"@type\":\"WebPage\",\"@id\":\"https:\/\/santamonica.lv\/pl\/dostawa\/\",\"url\":\"https:\/\/santamonica.lv\/pl\/dostawa\/\",\"name\":\"Dostawa - Santa Monica\",\"isPartOf\":{\"@id\":\"https:\/\/santamonica.lv\/pl\/#website\"},\"datePublished\":\"2025-03-10T19:03:20+00:00\",\"dateModified\":\"2025-03-10T21:34:12+00:00\",\"breadcrumb\":{\"@id\":\"https:\/\/santamonica.lv\/pl\/dostawa\/#breadcrumb\"},\"inLanguage\":\"pl-PL\",\"potentialAction\":[{\"@type\":\"ReadAction\",\"target\":[\"https:\/\/santamonica.lv\/pl\/dostawa\/\"]}]},{\"@type\":\"BreadcrumbList\",\"@id\":\"https:\/\/santamonica.lv\/pl\/dostawa\/#breadcrumb\",\"itemListElement\":[{\"@type\":\"ListItem\",\"position\":1,\"name\":\"Home\",\"item\":\"https:\/\/santamonica.lv\/pl\/poczatek\/\"},{\"@type\":\"ListItem\",\"position\":2,\"name\":\"Dostawa\"}]},{\"@type\":\"WebSite\",\"@id\":\"https:\/\/santamonica.lv\/pl\/#website\",\"url\":\"https:\/\/santamonica.lv\/pl\/\",\"name\":\"Santa Monica\",\"description\":\"\",\"potentialAction\":[{\"@type\":\"SearchAction\",\"target\":{\"@type\":\"EntryPoint\",\"urlTemplate\":\"https:\/\/santamonica.lv\/pl\/?s={search_term_string}\"},\"query-input\":{\"@type\":\"PropertyValueSpecification\",\"valueRequired\":true,\"valueName\":\"search_term_string\"}}],\"inLanguage\":\"pl-PL\"}]}<\/script>\n<!-- \/ Yoast SEO plugin. -->","yoast_head_json":{"title":"Dostawa - Santa Monica","robots":{"index":"index","follow":"follow","max-snippet":"max-snippet:-1","max-image-preview":"max-image-preview:large","max-video-preview":"max-video-preview:-1"},"canonical":"https:\/\/santamonica.lv\/pl\/dostawa\/","og_locale":"pl_PL","og_type":"article","og_title":"Dostawa - Santa Monica","og_description":"Podczas sk\u0142adania zam\u00f3wienia w sklepie internetowym Santa Monica Clinic standardowy czas dostawy zam\u00f3wie\u0144 wynosi 1-4 dni roboczych. Po zako\u0144czeniu zam\u00f3wienia otrzymasz SMS-a i wiadomo\u015b\u0107 e-mail z szacowanym czasem dostawy towaru. UWAGA! Po otrzymaniu powiadomienia prosimy o ponowne sprawdzenie i por\u00f3wnanie wszystkich informacji. W przypadku rozbie\u017cno\u015bci prosimy o kontakt telefoniczny: +371 27337768 lub pisz\u0105c na adres:...","og_url":"https:\/\/santamonica.lv\/pl\/dostawa\/","og_site_name":"Santa Monica","article_publisher":"https:\/\/www.facebook.com\/klinikasantamonica","article_modified_time":"2025-03-10T21:34:12+00:00","twitter_card":"summary_large_image","twitter_misc":{"Est. reading time":"2 minuty"},"schema":{"@context":"https:\/\/schema.org","@graph":[{"@type":"WebPage","@id":"https:\/\/santamonica.lv\/pl\/dostawa\/","url":"https:\/\/santamonica.lv\/pl\/dostawa\/","name":"Dostawa - Santa Monica","isPartOf":{"@id":"https:\/\/santamonica.lv\/pl\/#website"},"datePublished":"2025-03-10T19:03:20+00:00","dateModified":"2025-03-10T21:34:12+00:00","breadcrumb":{"@id":"https:\/\/santamonica.lv\/pl\/dostawa\/#breadcrumb"},"inLanguage":"pl-PL","potentialAction":[{"@type":"ReadAction","target":["https:\/\/santamonica.lv\/pl\/dostawa\/"]}]},{"@type":"BreadcrumbList","@id":"https:\/\/santamonica.lv\/pl\/dostawa\/#breadcrumb","itemListElement":[{"@type":"ListItem","position":1,"name":"Home","item":"https:\/\/santamonica.lv\/pl\/poczatek\/"},{"@type":"ListItem","position":2,"name":"Dostawa"}]},{"@type":"WebSite","@id":"https:\/\/santamonica.lv\/pl\/#website","url":"https:\/\/santamonica.lv\/pl\/","name":"Santa Monica","description":"","potentialAction":[{"@type":"SearchAction","target":{"@type":"EntryPoint","urlTemplate":"https:\/\/santamonica.lv\/pl\/?s={search_term_string}"},"query-input":{"@type":"PropertyValueSpecification","valueRequired":true,"valueName":"search_term_string"}}],"inLanguage":"pl-PL"}]}},"uagb_featured_image_src":{"full":false,"thumbnail":false,"medium":false,"medium_large":false,"large":false,"1536x1536":false,"2048x2048":false,"woocommerce_thumbnail":false,"woocommerce_single":false,"woocommerce_gallery_thumbnail":false},"uagb_author_info":{"display_name":"admin","author_link":"https:\/\/santamonica.lv\/pl\/author\/admin\/"},"uagb_comment_info":0,"uagb_excerpt":"Podczas sk\u0142adania zam\u00f3wienia w sklepie internetowym Santa Monica Clinic standardowy czas dostawy zam\u00f3wie\u0144 wynosi 1-4 dni roboczych. Po zako\u0144czeniu zam\u00f3wienia otrzymasz SMS-a i wiadomo\u015b\u0107 e-mail z szacowanym czasem dostawy towaru. UWAGA! Po otrzymaniu powiadomienia prosimy o ponowne sprawdzenie i por\u00f3wnanie wszystkich informacji. W przypadku rozbie\u017cno\u015bci prosimy o kontakt telefoniczny: +371 27337768 lub pisz\u0105c na adres:...","_links":{"self":[{"href":"https:\/\/santamonica.lv\/pl\/wp-json\/wp\/v2\/pages\/3393","targetHints":{"allow":["GET"]}}],"collection":[{"href":"https:\/\/santamonica.lv\/pl\/wp-json\/wp\/v2\/pages"}],"about":[{"href":"https:\/\/santamonica.lv\/pl\/wp-json\/wp\/v2\/types\/page"}],"author":[{"embeddable":true,"href":"https:\/\/santamonica.lv\/pl\/wp-json\/wp\/v2\/users\/1"}],"replies":[{"embeddable":true,"href":"https:\/\/santamonica.lv\/pl\/wp-json\/wp\/v2\/comments?post=3393"}],"version-history":[{"count":2,"href":"https:\/\/santamonica.lv\/pl\/wp-json\/wp\/v2\/pages\/3393\/revisions"}],"predecessor-version":[{"id":3430,"href":"https:\/\/santamonica.lv\/pl\/wp-json\/wp\/v2\/pages\/3393\/revisions\/3430"}],"wp:attachment":[{"href":"https:\/\/santamonica.lv\/pl\/wp-json\/wp\/v2\/media?parent=3393"}],"curies":[{"name":"wp","href":"https:\/\/api.w.org\/{rel}","templated":true}]}}