{"id":3459,"date":"2025-03-11T19:19:29","date_gmt":"2025-03-11T17:19:29","guid":{"rendered":"https:\/\/santamonica.lv\/?page_id=3459"},"modified":"2025-03-11T20:13:19","modified_gmt":"2025-03-11T18:13:19","slug":"zaplata-za-towar","status":"publish","type":"page","link":"https:\/\/santamonica.lv\/pl\/zaplata-za-towar\/","title":{"rendered":"Zap\u0142ata za towar"},"content":{"rendered":"\n<p class=\"has-medium-font-size\"><strong>P\u0142atno\u015b\u0107 online<\/strong><\/p>\n\n\n\n<p>P\u0142atno\u015bci online na stronie santamonica.lv s\u0105 realizowane we wsp\u00f3\u0142pracy z montonio.lv \u2013 szybkim i bezpiecznym rozwi\u0105zaniem p\u0142atniczym.<\/p>\n\n\n\n<p>P\u0142a\u0107 online prosto i wygodnie: wybierz sw\u00f3j bank, zaloguj si\u0119 i potwierd\u017a p\u0142atno\u015b\u0107.<\/p>\n\n\n\n<p>Po z\u0142o\u017ceniu zam\u00f3wienia, faktura przedp\u0142acona zostanie wys\u0142ana na Tw\u00f3j adres e-mail, a zam\u00f3wienie zostanie zrealizowane.<\/p>\n\n\n\n<p>Faktur\u0119 ko\u0144cow\u0105 wy\u015blemy Ci wraz z zam\u00f3wieniem.<\/p>\n\n\n\n<p class=\"has-medium-font-size\"><strong>Karty p\u0142atnicze<\/strong><\/p>\n\n\n\n<p>Dokonuj\u0105c przedp\u0142aty mo\u017cna u\u017cywa\u0107 kart debetowych i kredytowych VISA, MasterCard, Maestro, pod warunkiem, \u017ce karta jest aktywowana do bezpiecznych zakup\u00f3w online. Je\u015bli karta nie zosta\u0142a aktywowana do bezpiecznych zakup\u00f3w online, mo\u017cna j\u0105 aktywowa\u0107 w swoim banku internetowym.<\/p>\n\n\n\n<p>Po wpisaniu danych posiadacza karty, numeru karty, daty wa\u017cno\u015bci i kodu CVV, kwota zam\u00f3wienia zostanie pobrana z Twojego rachunku karty.<\/p>\n\n\n\n<p>Po z\u0142o\u017ceniu zam\u00f3wienia, faktura przedp\u0142acona zostanie wys\u0142ana na Tw\u00f3j adres e-mail, a zam\u00f3wienie zostanie zrealizowane.<\/p>\n\n\n\n<p>Faktur\u0119 ko\u0144cow\u0105 wy\u015blemy Ci wraz z zam\u00f3wieniem.<\/p>\n\n\n\n<p class=\"has-medium-font-size\"><strong>Przelewem bankowym<\/strong><\/p>\n\n\n\n<p>Po z\u0142o\u017ceniu zam\u00f3wienia na Tw\u00f3j adres e-mail zostanie wys\u0142ana faktura przedp\u0142acona.<\/p>\n\n\n\n<p><strong>UWAGA!<\/strong> Aby zam\u00f3wienie mog\u0142o zosta\u0107 zrealizowane jak najszybciej, wa\u017cne jest, aby w tytule p\u0142atno\u015bci poda\u0107 numer zam\u00f3wienia.<\/p>\n\n\n\n<p>Po zaksi\u0119gowaniu wp\u0142aty na rachunku zam\u00f3wienie zostanie zrealizowane.<\/p>\n\n\n\n<p>Faktur\u0119 ko\u0144cow\u0105 wy\u015blemy Ci wraz z zam\u00f3wieniem.<\/p>\n\n\n\n<p>*Zam\u00f3wienia nieop\u0142acone w ci\u0105gu 3 dni zostan\u0105 automatycznie anulowane.<\/p>\n\n\n\n<p>Je\u015bli masz dodatkowe pytania, skontaktuj si\u0119 z nami dzwoni\u0105c pod numer: +371 27337768 lub pisz\u0105c na adres: <a href=\"mailto:info@santamonica.lv\">info@santamonica.lv<\/a>. Postaramy si\u0119 odpowiedzie\u0107 na nie najszybciej, jak to mo\u017cliwe.<\/p>\n","protected":false},"excerpt":{"rendered":"<p>P\u0142atno\u015b\u0107 online P\u0142atno\u015bci online na stronie santamonica.lv s\u0105 realizowane we wsp\u00f3\u0142pracy z montonio.lv \u2013 szybkim i bezpiecznym rozwi\u0105zaniem p\u0142atniczym. P\u0142a\u0107 online prosto i wygodnie: wybierz sw\u00f3j bank, zaloguj si\u0119 i potwierd\u017a p\u0142atno\u015b\u0107. Po z\u0142o\u017ceniu zam\u00f3wienia, faktura przedp\u0142acona zostanie wys\u0142ana na Tw\u00f3j adres e-mail, a zam\u00f3wienie zostanie zrealizowane. Faktur\u0119 ko\u0144cow\u0105 wy\u015blemy Ci wraz z zam\u00f3wieniem. Karty&#8230;<\/p>\n","protected":false},"author":1,"featured_media":0,"parent":0,"menu_order":0,"comment_status":"closed","ping_status":"closed","template":"","meta":{"_acf_changed":false,"_uag_custom_page_level_css":"","_kadence_starter_templates_imported_post":false,"_kad_post_transparent":"","_kad_post_title":"","_kad_post_layout":"","_kad_post_sidebar_id":"","_kad_post_content_style":"","_kad_post_vertical_padding":"","_kad_post_feature":"","_kad_post_feature_position":"","_kad_post_header":false,"_kad_post_footer":false,"footnotes":""},"class_list":["post-3459","page","type-page","status-publish","hentry"],"acf":[],"yoast_head":"<!-- This site is optimized with the Yoast SEO plugin v26.4 - https:\/\/yoast.com\/wordpress\/plugins\/seo\/ -->\n<title>Zap\u0142ata za towar - Santa Monica<\/title>\n<meta name=\"robots\" content=\"index, follow, max-snippet:-1, max-image-preview:large, max-video-preview:-1\" \/>\n<link rel=\"canonical\" href=\"https:\/\/santamonica.lv\/pl\/zaplata-za-towar\/\" \/>\n<meta property=\"og:locale\" content=\"pl_PL\" \/>\n<meta property=\"og:type\" content=\"article\" \/>\n<meta property=\"og:title\" content=\"Zap\u0142ata za towar - Santa Monica\" \/>\n<meta property=\"og:description\" content=\"P\u0142atno\u015b\u0107 online P\u0142atno\u015bci online na stronie santamonica.lv s\u0105 realizowane we wsp\u00f3\u0142pracy z montonio.lv \u2013 szybkim i bezpiecznym rozwi\u0105zaniem p\u0142atniczym. P\u0142a\u0107 online prosto i wygodnie: wybierz sw\u00f3j bank, zaloguj si\u0119 i potwierd\u017a p\u0142atno\u015b\u0107. Po z\u0142o\u017ceniu zam\u00f3wienia, faktura przedp\u0142acona zostanie wys\u0142ana na Tw\u00f3j adres e-mail, a zam\u00f3wienie zostanie zrealizowane. Faktur\u0119 ko\u0144cow\u0105 wy\u015blemy Ci wraz z zam\u00f3wieniem. Karty...\" \/>\n<meta property=\"og:url\" content=\"https:\/\/santamonica.lv\/pl\/zaplata-za-towar\/\" \/>\n<meta property=\"og:site_name\" content=\"Santa Monica\" \/>\n<meta property=\"article:publisher\" content=\"https:\/\/www.facebook.com\/klinikasantamonica\" \/>\n<meta property=\"article:modified_time\" content=\"2025-03-11T18:13:19+00:00\" \/>\n<meta name=\"twitter:card\" content=\"summary_large_image\" \/>\n<meta name=\"twitter:label1\" content=\"Est. reading time\" \/>\n\t<meta name=\"twitter:data1\" content=\"1 minuta\" \/>\n<script type=\"application\/ld+json\" class=\"yoast-schema-graph\">{\"@context\":\"https:\/\/schema.org\",\"@graph\":[{\"@type\":\"WebPage\",\"@id\":\"https:\/\/santamonica.lv\/pl\/zaplata-za-towar\/\",\"url\":\"https:\/\/santamonica.lv\/pl\/zaplata-za-towar\/\",\"name\":\"Zap\u0142ata za towar - Santa Monica\",\"isPartOf\":{\"@id\":\"https:\/\/santamonica.lv\/pl\/#website\"},\"datePublished\":\"2025-03-11T17:19:29+00:00\",\"dateModified\":\"2025-03-11T18:13:19+00:00\",\"breadcrumb\":{\"@id\":\"https:\/\/santamonica.lv\/pl\/zaplata-za-towar\/#breadcrumb\"},\"inLanguage\":\"pl-PL\",\"potentialAction\":[{\"@type\":\"ReadAction\",\"target\":[\"https:\/\/santamonica.lv\/pl\/zaplata-za-towar\/\"]}]},{\"@type\":\"BreadcrumbList\",\"@id\":\"https:\/\/santamonica.lv\/pl\/zaplata-za-towar\/#breadcrumb\",\"itemListElement\":[{\"@type\":\"ListItem\",\"position\":1,\"name\":\"Home\",\"item\":\"https:\/\/santamonica.lv\/pl\/poczatek\/\"},{\"@type\":\"ListItem\",\"position\":2,\"name\":\"Zap\u0142ata za towar\"}]},{\"@type\":\"WebSite\",\"@id\":\"https:\/\/santamonica.lv\/pl\/#website\",\"url\":\"https:\/\/santamonica.lv\/pl\/\",\"name\":\"Santa Monica\",\"description\":\"\",\"potentialAction\":[{\"@type\":\"SearchAction\",\"target\":{\"@type\":\"EntryPoint\",\"urlTemplate\":\"https:\/\/santamonica.lv\/pl\/?s={search_term_string}\"},\"query-input\":{\"@type\":\"PropertyValueSpecification\",\"valueRequired\":true,\"valueName\":\"search_term_string\"}}],\"inLanguage\":\"pl-PL\"}]}<\/script>\n<!-- \/ Yoast SEO plugin. -->","yoast_head_json":{"title":"Zap\u0142ata za towar - Santa Monica","robots":{"index":"index","follow":"follow","max-snippet":"max-snippet:-1","max-image-preview":"max-image-preview:large","max-video-preview":"max-video-preview:-1"},"canonical":"https:\/\/santamonica.lv\/pl\/zaplata-za-towar\/","og_locale":"pl_PL","og_type":"article","og_title":"Zap\u0142ata za towar - Santa Monica","og_description":"P\u0142atno\u015b\u0107 online P\u0142atno\u015bci online na stronie santamonica.lv s\u0105 realizowane we wsp\u00f3\u0142pracy z montonio.lv \u2013 szybkim i bezpiecznym rozwi\u0105zaniem p\u0142atniczym. P\u0142a\u0107 online prosto i wygodnie: wybierz sw\u00f3j bank, zaloguj si\u0119 i potwierd\u017a p\u0142atno\u015b\u0107. Po z\u0142o\u017ceniu zam\u00f3wienia, faktura przedp\u0142acona zostanie wys\u0142ana na Tw\u00f3j adres e-mail, a zam\u00f3wienie zostanie zrealizowane. Faktur\u0119 ko\u0144cow\u0105 wy\u015blemy Ci wraz z zam\u00f3wieniem. Karty...","og_url":"https:\/\/santamonica.lv\/pl\/zaplata-za-towar\/","og_site_name":"Santa Monica","article_publisher":"https:\/\/www.facebook.com\/klinikasantamonica","article_modified_time":"2025-03-11T18:13:19+00:00","twitter_card":"summary_large_image","twitter_misc":{"Est. reading time":"1 minuta"},"schema":{"@context":"https:\/\/schema.org","@graph":[{"@type":"WebPage","@id":"https:\/\/santamonica.lv\/pl\/zaplata-za-towar\/","url":"https:\/\/santamonica.lv\/pl\/zaplata-za-towar\/","name":"Zap\u0142ata za towar - Santa Monica","isPartOf":{"@id":"https:\/\/santamonica.lv\/pl\/#website"},"datePublished":"2025-03-11T17:19:29+00:00","dateModified":"2025-03-11T18:13:19+00:00","breadcrumb":{"@id":"https:\/\/santamonica.lv\/pl\/zaplata-za-towar\/#breadcrumb"},"inLanguage":"pl-PL","potentialAction":[{"@type":"ReadAction","target":["https:\/\/santamonica.lv\/pl\/zaplata-za-towar\/"]}]},{"@type":"BreadcrumbList","@id":"https:\/\/santamonica.lv\/pl\/zaplata-za-towar\/#breadcrumb","itemListElement":[{"@type":"ListItem","position":1,"name":"Home","item":"https:\/\/santamonica.lv\/pl\/poczatek\/"},{"@type":"ListItem","position":2,"name":"Zap\u0142ata za towar"}]},{"@type":"WebSite","@id":"https:\/\/santamonica.lv\/pl\/#website","url":"https:\/\/santamonica.lv\/pl\/","name":"Santa Monica","description":"","potentialAction":[{"@type":"SearchAction","target":{"@type":"EntryPoint","urlTemplate":"https:\/\/santamonica.lv\/pl\/?s={search_term_string}"},"query-input":{"@type":"PropertyValueSpecification","valueRequired":true,"valueName":"search_term_string"}}],"inLanguage":"pl-PL"}]}},"uagb_featured_image_src":{"full":false,"thumbnail":false,"medium":false,"medium_large":false,"large":false,"1536x1536":false,"2048x2048":false,"woocommerce_thumbnail":false,"woocommerce_single":false,"woocommerce_gallery_thumbnail":false},"uagb_author_info":{"display_name":"admin","author_link":"https:\/\/santamonica.lv\/pl\/author\/admin\/"},"uagb_comment_info":0,"uagb_excerpt":"P\u0142atno\u015b\u0107 online P\u0142atno\u015bci online na stronie santamonica.lv s\u0105 realizowane we wsp\u00f3\u0142pracy z montonio.lv \u2013 szybkim i bezpiecznym rozwi\u0105zaniem p\u0142atniczym. P\u0142a\u0107 online prosto i wygodnie: wybierz sw\u00f3j bank, zaloguj si\u0119 i potwierd\u017a p\u0142atno\u015b\u0107. Po z\u0142o\u017ceniu zam\u00f3wienia, faktura przedp\u0142acona zostanie wys\u0142ana na Tw\u00f3j adres e-mail, a zam\u00f3wienie zostanie zrealizowane. Faktur\u0119 ko\u0144cow\u0105 wy\u015blemy Ci wraz z zam\u00f3wieniem. Karty...","_links":{"self":[{"href":"https:\/\/santamonica.lv\/pl\/wp-json\/wp\/v2\/pages\/3459","targetHints":{"allow":["GET"]}}],"collection":[{"href":"https:\/\/santamonica.lv\/pl\/wp-json\/wp\/v2\/pages"}],"about":[{"href":"https:\/\/santamonica.lv\/pl\/wp-json\/wp\/v2\/types\/page"}],"author":[{"embeddable":true,"href":"https:\/\/santamonica.lv\/pl\/wp-json\/wp\/v2\/users\/1"}],"replies":[{"embeddable":true,"href":"https:\/\/santamonica.lv\/pl\/wp-json\/wp\/v2\/comments?post=3459"}],"version-history":[{"count":2,"href":"https:\/\/santamonica.lv\/pl\/wp-json\/wp\/v2\/pages\/3459\/revisions"}],"predecessor-version":[{"id":3471,"href":"https:\/\/santamonica.lv\/pl\/wp-json\/wp\/v2\/pages\/3459\/revisions\/3471"}],"wp:attachment":[{"href":"https:\/\/santamonica.lv\/pl\/wp-json\/wp\/v2\/media?parent=3459"}],"curies":[{"name":"wp","href":"https:\/\/api.w.org\/{rel}","templated":true}]}}