{"id":3486,"date":"2025-03-11T20:13:04","date_gmt":"2025-03-11T18:13:04","guid":{"rendered":"https:\/\/santamonica.lv\/?page_id=3486"},"modified":"2025-03-11T20:53:28","modified_gmt":"2025-03-11T18:53:28","slug":"warunki-korzystania","status":"publish","type":"page","link":"https:\/\/santamonica.lv\/pl\/warunki-korzystania\/","title":{"rendered":"Warunki korzystania"},"content":{"rendered":"\n<ol class=\"wp-block-list\">\n<li>Zgodnie z niniejszymi Warunkami \u201eSanta Monica\u201d SIA sprzedaje produkty zamieszczone na stronie internetowej www.santamonica.lv. Klient dokonuje zakupu towar\u00f3w zgodnie z asortymentem przedstawionym w sklepie internetowym i akceptuje go poprzez potwierdzenie z\u0142o\u017cenia zam\u00f3wienia.<\/li>\n\n\n\n<li>\u201eSanta Monica\u201d SIA korzysta z adresu e-mail i\/lub numeru telefonu kom\u00f3rkowego podanego w zam\u00f3wieniu Klienta w celu komunikowania si\u0119 z Klientem. Wszystkie powiadomienia dostarczone Klientowi na adres e-mail i numer telefonu podane w zam\u00f3wieniu uwa\u017ca si\u0119 za otrzymane.<\/li>\n\n\n\n<li>Zdj\u0119cia produkt\u00f3w prezentowanych w SKLEPIE INTERNETOWYM s\u0105 mo\u017cliwie najbli\u017csze rzeczywisto\u015bci, mog\u0105 jednak r\u00f3\u017cni\u0107 si\u0119 od oferowanego produktu. Aby wyja\u015bni\u0107 cechy produktu lub rozwia\u0107 wszelkie niejasno\u015bci wynikaj\u0105ce z jego zam\u00f3wienia lub z nim zwi\u0105zane, a tak\u017ce w celu unikni\u0119cia nieporozumie\u0144, Klient ma prawo i mo\u017cliwo\u015b\u0107 skontaktowania si\u0119 z \u201eSanta Monica\u201d SIA, dzwoni\u0105c pod numer: +371 27337768 lub pisz\u0105c na adres: <a href=\"mailto:info@santamonica.lv\">info@santamonica.lv<\/a>.<\/li>\n\n\n\n<li>Nie dokonujemy wymiany i zwrotu PRODUKT\u00d3W promocyjnych i wyprzeda\u017cowych zakupionych w SKLEPIE INTERNETOWYM.<\/li>\n\n\n\n<li>Prawo w\u0142asno\u015bci sprzedanych PRODUKT\u00d3W przechodzi z \u201eSanta Monica\u201d SIA na Klienta dopiero po dokonaniu przez Klienta ca\u0142kowitej zap\u0142aty warto\u015bci otrzymanego TOWARU na rachunek rozliczeniowy wskazany w dokumencie dostawy \u2013 fakturze.<\/li>\n<\/ol>\n","protected":false},"excerpt":{"rendered":"","protected":false},"author":1,"featured_media":0,"parent":0,"menu_order":0,"comment_status":"closed","ping_status":"closed","template":"","meta":{"_acf_changed":false,"_uag_custom_page_level_css":"","_kadence_starter_templates_imported_post":false,"_kad_post_transparent":"","_kad_post_title":"","_kad_post_layout":"","_kad_post_sidebar_id":"","_kad_post_content_style":"","_kad_post_vertical_padding":"","_kad_post_feature":"","_kad_post_feature_position":"","_kad_post_header":false,"_kad_post_footer":false,"footnotes":""},"class_list":["post-3486","page","type-page","status-publish","hentry"],"acf":[],"yoast_head":"<!-- This site is optimized with the Yoast SEO plugin v26.4 - https:\/\/yoast.com\/wordpress\/plugins\/seo\/ -->\n<title>Warunki korzystania - Santa Monica<\/title>\n<meta name=\"robots\" content=\"index, follow, max-snippet:-1, max-image-preview:large, max-video-preview:-1\" \/>\n<link rel=\"canonical\" href=\"https:\/\/santamonica.lv\/pl\/warunki-korzystania\/\" \/>\n<meta property=\"og:locale\" content=\"pl_PL\" \/>\n<meta property=\"og:type\" content=\"article\" \/>\n<meta property=\"og:title\" content=\"Warunki korzystania - Santa Monica\" \/>\n<meta property=\"og:url\" content=\"https:\/\/santamonica.lv\/pl\/warunki-korzystania\/\" \/>\n<meta property=\"og:site_name\" content=\"Santa Monica\" \/>\n<meta property=\"article:publisher\" content=\"https:\/\/www.facebook.com\/klinikasantamonica\" \/>\n<meta property=\"article:modified_time\" content=\"2025-03-11T18:53:28+00:00\" \/>\n<meta name=\"twitter:card\" content=\"summary_large_image\" \/>\n<meta name=\"twitter:label1\" content=\"Est. reading time\" \/>\n\t<meta name=\"twitter:data1\" content=\"1 minuta\" \/>\n<script type=\"application\/ld+json\" class=\"yoast-schema-graph\">{\"@context\":\"https:\/\/schema.org\",\"@graph\":[{\"@type\":\"WebPage\",\"@id\":\"https:\/\/santamonica.lv\/pl\/warunki-korzystania\/\",\"url\":\"https:\/\/santamonica.lv\/pl\/warunki-korzystania\/\",\"name\":\"Warunki korzystania - Santa Monica\",\"isPartOf\":{\"@id\":\"https:\/\/santamonica.lv\/pl\/#website\"},\"datePublished\":\"2025-03-11T18:13:04+00:00\",\"dateModified\":\"2025-03-11T18:53:28+00:00\",\"breadcrumb\":{\"@id\":\"https:\/\/santamonica.lv\/pl\/warunki-korzystania\/#breadcrumb\"},\"inLanguage\":\"pl-PL\",\"potentialAction\":[{\"@type\":\"ReadAction\",\"target\":[\"https:\/\/santamonica.lv\/pl\/warunki-korzystania\/\"]}]},{\"@type\":\"BreadcrumbList\",\"@id\":\"https:\/\/santamonica.lv\/pl\/warunki-korzystania\/#breadcrumb\",\"itemListElement\":[{\"@type\":\"ListItem\",\"position\":1,\"name\":\"Home\",\"item\":\"https:\/\/santamonica.lv\/pl\/poczatek\/\"},{\"@type\":\"ListItem\",\"position\":2,\"name\":\"Warunki korzystania\"}]},{\"@type\":\"WebSite\",\"@id\":\"https:\/\/santamonica.lv\/pl\/#website\",\"url\":\"https:\/\/santamonica.lv\/pl\/\",\"name\":\"Santa Monica\",\"description\":\"\",\"potentialAction\":[{\"@type\":\"SearchAction\",\"target\":{\"@type\":\"EntryPoint\",\"urlTemplate\":\"https:\/\/santamonica.lv\/pl\/?s={search_term_string}\"},\"query-input\":{\"@type\":\"PropertyValueSpecification\",\"valueRequired\":true,\"valueName\":\"search_term_string\"}}],\"inLanguage\":\"pl-PL\"}]}<\/script>\n<!-- \/ Yoast SEO plugin. -->","yoast_head_json":{"title":"Warunki korzystania - Santa Monica","robots":{"index":"index","follow":"follow","max-snippet":"max-snippet:-1","max-image-preview":"max-image-preview:large","max-video-preview":"max-video-preview:-1"},"canonical":"https:\/\/santamonica.lv\/pl\/warunki-korzystania\/","og_locale":"pl_PL","og_type":"article","og_title":"Warunki korzystania - Santa Monica","og_url":"https:\/\/santamonica.lv\/pl\/warunki-korzystania\/","og_site_name":"Santa Monica","article_publisher":"https:\/\/www.facebook.com\/klinikasantamonica","article_modified_time":"2025-03-11T18:53:28+00:00","twitter_card":"summary_large_image","twitter_misc":{"Est. reading time":"1 minuta"},"schema":{"@context":"https:\/\/schema.org","@graph":[{"@type":"WebPage","@id":"https:\/\/santamonica.lv\/pl\/warunki-korzystania\/","url":"https:\/\/santamonica.lv\/pl\/warunki-korzystania\/","name":"Warunki korzystania - Santa Monica","isPartOf":{"@id":"https:\/\/santamonica.lv\/pl\/#website"},"datePublished":"2025-03-11T18:13:04+00:00","dateModified":"2025-03-11T18:53:28+00:00","breadcrumb":{"@id":"https:\/\/santamonica.lv\/pl\/warunki-korzystania\/#breadcrumb"},"inLanguage":"pl-PL","potentialAction":[{"@type":"ReadAction","target":["https:\/\/santamonica.lv\/pl\/warunki-korzystania\/"]}]},{"@type":"BreadcrumbList","@id":"https:\/\/santamonica.lv\/pl\/warunki-korzystania\/#breadcrumb","itemListElement":[{"@type":"ListItem","position":1,"name":"Home","item":"https:\/\/santamonica.lv\/pl\/poczatek\/"},{"@type":"ListItem","position":2,"name":"Warunki korzystania"}]},{"@type":"WebSite","@id":"https:\/\/santamonica.lv\/pl\/#website","url":"https:\/\/santamonica.lv\/pl\/","name":"Santa Monica","description":"","potentialAction":[{"@type":"SearchAction","target":{"@type":"EntryPoint","urlTemplate":"https:\/\/santamonica.lv\/pl\/?s={search_term_string}"},"query-input":{"@type":"PropertyValueSpecification","valueRequired":true,"valueName":"search_term_string"}}],"inLanguage":"pl-PL"}]}},"uagb_featured_image_src":{"full":false,"thumbnail":false,"medium":false,"medium_large":false,"large":false,"1536x1536":false,"2048x2048":false,"woocommerce_thumbnail":false,"woocommerce_single":false,"woocommerce_gallery_thumbnail":false},"uagb_author_info":{"display_name":"admin","author_link":"https:\/\/santamonica.lv\/pl\/author\/admin\/"},"uagb_comment_info":0,"uagb_excerpt":null,"_links":{"self":[{"href":"https:\/\/santamonica.lv\/pl\/wp-json\/wp\/v2\/pages\/3486","targetHints":{"allow":["GET"]}}],"collection":[{"href":"https:\/\/santamonica.lv\/pl\/wp-json\/wp\/v2\/pages"}],"about":[{"href":"https:\/\/santamonica.lv\/pl\/wp-json\/wp\/v2\/types\/page"}],"author":[{"embeddable":true,"href":"https:\/\/santamonica.lv\/pl\/wp-json\/wp\/v2\/users\/1"}],"replies":[{"embeddable":true,"href":"https:\/\/santamonica.lv\/pl\/wp-json\/wp\/v2\/comments?post=3486"}],"version-history":[{"count":4,"href":"https:\/\/santamonica.lv\/pl\/wp-json\/wp\/v2\/pages\/3486\/revisions"}],"predecessor-version":[{"id":3527,"href":"https:\/\/santamonica.lv\/pl\/wp-json\/wp\/v2\/pages\/3486\/revisions\/3527"}],"wp:attachment":[{"href":"https:\/\/santamonica.lv\/pl\/wp-json\/wp\/v2\/media?parent=3486"}],"curies":[{"name":"wp","href":"https:\/\/api.w.org\/{rel}","templated":true}]}}