{"id":3519,"date":"2025-03-11T20:36:36","date_gmt":"2025-03-11T18:36:36","guid":{"rendered":"https:\/\/santamonica.lv\/?page_id=3519"},"modified":"2025-03-11T23:00:08","modified_gmt":"2025-03-11T21:00:08","slug":"zwrot-towaru","status":"publish","type":"page","link":"https:\/\/santamonica.lv\/pl\/zwrot-towaru\/","title":{"rendered":"Zwrot towaru"},"content":{"rendered":"\n<p>Oferujemy 30-dniow\u0105 gwarancj\u0119 zwrotu pieni\u0119dzy, poniewa\u017c zale\u017cy nam na tym, aby\u015b zawsze otrzyma\u0142 dok\u0142adnie to, czego chcesz. Je\u015bli zam\u00f3wiony produkt nie jest Ci potrzebny i nie by\u0142 otwierany, mo\u017cesz wybra\u0107 zwrot pieni\u0119dzy lub wymian\u0119 produktu.<\/p>\n\n\n\n<p>Je\u015bli chcesz zrezygnowa\u0107 z produktu, wype\u0142nij <a href=\"https:\/\/santamonica.lv\/wp-content\/uploads\/2025\/03\/formularz-zwrotu-produktu_pl.docx\" data-type=\"attachment\" data-id=\"3575\">formularz odst\u0105pienia od umowy<\/a>, podaj\u0105c przyczyn\u0119 zwrotu, i wraz z dowodem zakupu wy\u015blij go do nas drog\u0105 elektroniczn\u0105 na adres <a href=\"mailto:info@santamonica.lv\">info@santamonica.lv<\/a> lub dostarcz\/prze\u015blij na adres \u201eSanta Monica\u201d Nauk\u0161\u0113nu mui\u017ea, Nauk\u0161\u0113ni, Nauk\u0161\u0113nu pag., Valmieras nov., LV-4244. W ci\u0105gu dw\u00f3ch dni roboczych otrzymasz potwierdzenie zwrotu.<\/p>\n\n\n\n<p>Op\u0142ata za przesy\u0142k\u0119 zwrotn\u0105 le\u017cy po Twojej stronie i stanowi koszt, ale mo\u017cemy pom\u00f3c w zorganizowaniu przesy\u0142ki zwrotnej po mo\u017cliwie najni\u017cszych kosztach.<\/p>\n\n\n\n<p>W ci\u0105gu czternastu (14) dni kalendarzowych od daty otrzymania produkt\u00f3w zwr\u00f3cimy Ci pieni\u0105dze na rachunek bankowy wskazany w formularzu odst\u0105pienia od umowy lub wy\u015blemy Ci produkt zast\u0119pczy.<\/p>\n\n\n\n<p>Przepraszamy, je\u015bli otrzymali Pa\u0144stwo nieprawid\u0142owy lub uszkodzony produkt. W takim przypadku prosimy o kontakt z nami. Rozwi\u0105\u017cemy problem najszybciej jak to mo\u017cliwe, a Ty otrzymasz w\u0142a\u015bciwy produkt bez dodatkowych koszt\u00f3w.<\/p>\n\n\n\n<p>W razie pyta\u0144 prosimy o kontakt telefoniczny: +371 27337768 lub mailowy:<a href=\"info@santamonica.lv\"> info@santamonica.lv<\/a>. Postaramy si\u0119 odpowiedzie\u0107 najszybciej jak to mo\u017cliwe.<\/p>\n","protected":false},"excerpt":{"rendered":"<p>Oferujemy 30-dniow\u0105 gwarancj\u0119 zwrotu pieni\u0119dzy, poniewa\u017c zale\u017cy nam na tym, aby\u015b zawsze otrzyma\u0142 dok\u0142adnie to, czego chcesz. Je\u015bli zam\u00f3wiony produkt nie jest Ci potrzebny i nie by\u0142 otwierany, mo\u017cesz wybra\u0107 zwrot pieni\u0119dzy lub wymian\u0119 produktu. Je\u015bli chcesz zrezygnowa\u0107 z produktu, wype\u0142nij formularz odst\u0105pienia od umowy, podaj\u0105c przyczyn\u0119 zwrotu, i wraz z dowodem zakupu wy\u015blij go&#8230;<\/p>\n","protected":false},"author":1,"featured_media":0,"parent":0,"menu_order":0,"comment_status":"closed","ping_status":"closed","template":"","meta":{"_acf_changed":false,"_uag_custom_page_level_css":"","_kadence_starter_templates_imported_post":false,"_kad_post_transparent":"","_kad_post_title":"","_kad_post_layout":"","_kad_post_sidebar_id":"","_kad_post_content_style":"","_kad_post_vertical_padding":"","_kad_post_feature":"","_kad_post_feature_position":"","_kad_post_header":false,"_kad_post_footer":false,"footnotes":""},"class_list":["post-3519","page","type-page","status-publish","hentry"],"acf":[],"yoast_head":"<!-- This site is optimized with the Yoast SEO plugin v26.4 - https:\/\/yoast.com\/wordpress\/plugins\/seo\/ -->\n<title>Zwrot towaru - Santa Monica<\/title>\n<meta name=\"robots\" content=\"index, follow, max-snippet:-1, max-image-preview:large, max-video-preview:-1\" \/>\n<link rel=\"canonical\" href=\"https:\/\/santamonica.lv\/pl\/zwrot-towaru\/\" \/>\n<meta property=\"og:locale\" content=\"pl_PL\" \/>\n<meta property=\"og:type\" content=\"article\" \/>\n<meta property=\"og:title\" content=\"Zwrot towaru - Santa Monica\" \/>\n<meta property=\"og:description\" content=\"Oferujemy 30-dniow\u0105 gwarancj\u0119 zwrotu pieni\u0119dzy, poniewa\u017c zale\u017cy nam na tym, aby\u015b zawsze otrzyma\u0142 dok\u0142adnie to, czego chcesz. Je\u015bli zam\u00f3wiony produkt nie jest Ci potrzebny i nie by\u0142 otwierany, mo\u017cesz wybra\u0107 zwrot pieni\u0119dzy lub wymian\u0119 produktu. Je\u015bli chcesz zrezygnowa\u0107 z produktu, wype\u0142nij formularz odst\u0105pienia od umowy, podaj\u0105c przyczyn\u0119 zwrotu, i wraz z dowodem zakupu wy\u015blij go...\" \/>\n<meta property=\"og:url\" content=\"https:\/\/santamonica.lv\/pl\/zwrot-towaru\/\" \/>\n<meta property=\"og:site_name\" content=\"Santa Monica\" \/>\n<meta property=\"article:publisher\" content=\"https:\/\/www.facebook.com\/klinikasantamonica\" \/>\n<meta property=\"article:modified_time\" content=\"2025-03-11T21:00:08+00:00\" \/>\n<meta name=\"twitter:card\" content=\"summary_large_image\" \/>\n<meta name=\"twitter:label1\" content=\"Est. reading time\" \/>\n\t<meta name=\"twitter:data1\" content=\"1 minuta\" \/>\n<script type=\"application\/ld+json\" class=\"yoast-schema-graph\">{\"@context\":\"https:\/\/schema.org\",\"@graph\":[{\"@type\":\"WebPage\",\"@id\":\"https:\/\/santamonica.lv\/pl\/zwrot-towaru\/\",\"url\":\"https:\/\/santamonica.lv\/pl\/zwrot-towaru\/\",\"name\":\"Zwrot towaru - Santa Monica\",\"isPartOf\":{\"@id\":\"https:\/\/santamonica.lv\/pl\/#website\"},\"datePublished\":\"2025-03-11T18:36:36+00:00\",\"dateModified\":\"2025-03-11T21:00:08+00:00\",\"breadcrumb\":{\"@id\":\"https:\/\/santamonica.lv\/pl\/zwrot-towaru\/#breadcrumb\"},\"inLanguage\":\"pl-PL\",\"potentialAction\":[{\"@type\":\"ReadAction\",\"target\":[\"https:\/\/santamonica.lv\/pl\/zwrot-towaru\/\"]}]},{\"@type\":\"BreadcrumbList\",\"@id\":\"https:\/\/santamonica.lv\/pl\/zwrot-towaru\/#breadcrumb\",\"itemListElement\":[{\"@type\":\"ListItem\",\"position\":1,\"name\":\"Home\",\"item\":\"https:\/\/santamonica.lv\/pl\/poczatek\/\"},{\"@type\":\"ListItem\",\"position\":2,\"name\":\"Zwrot towaru\"}]},{\"@type\":\"WebSite\",\"@id\":\"https:\/\/santamonica.lv\/pl\/#website\",\"url\":\"https:\/\/santamonica.lv\/pl\/\",\"name\":\"Santa Monica\",\"description\":\"\",\"potentialAction\":[{\"@type\":\"SearchAction\",\"target\":{\"@type\":\"EntryPoint\",\"urlTemplate\":\"https:\/\/santamonica.lv\/pl\/?s={search_term_string}\"},\"query-input\":{\"@type\":\"PropertyValueSpecification\",\"valueRequired\":true,\"valueName\":\"search_term_string\"}}],\"inLanguage\":\"pl-PL\"}]}<\/script>\n<!-- \/ Yoast SEO plugin. -->","yoast_head_json":{"title":"Zwrot towaru - Santa Monica","robots":{"index":"index","follow":"follow","max-snippet":"max-snippet:-1","max-image-preview":"max-image-preview:large","max-video-preview":"max-video-preview:-1"},"canonical":"https:\/\/santamonica.lv\/pl\/zwrot-towaru\/","og_locale":"pl_PL","og_type":"article","og_title":"Zwrot towaru - Santa Monica","og_description":"Oferujemy 30-dniow\u0105 gwarancj\u0119 zwrotu pieni\u0119dzy, poniewa\u017c zale\u017cy nam na tym, aby\u015b zawsze otrzyma\u0142 dok\u0142adnie to, czego chcesz. Je\u015bli zam\u00f3wiony produkt nie jest Ci potrzebny i nie by\u0142 otwierany, mo\u017cesz wybra\u0107 zwrot pieni\u0119dzy lub wymian\u0119 produktu. Je\u015bli chcesz zrezygnowa\u0107 z produktu, wype\u0142nij formularz odst\u0105pienia od umowy, podaj\u0105c przyczyn\u0119 zwrotu, i wraz z dowodem zakupu wy\u015blij go...","og_url":"https:\/\/santamonica.lv\/pl\/zwrot-towaru\/","og_site_name":"Santa Monica","article_publisher":"https:\/\/www.facebook.com\/klinikasantamonica","article_modified_time":"2025-03-11T21:00:08+00:00","twitter_card":"summary_large_image","twitter_misc":{"Est. reading time":"1 minuta"},"schema":{"@context":"https:\/\/schema.org","@graph":[{"@type":"WebPage","@id":"https:\/\/santamonica.lv\/pl\/zwrot-towaru\/","url":"https:\/\/santamonica.lv\/pl\/zwrot-towaru\/","name":"Zwrot towaru - Santa Monica","isPartOf":{"@id":"https:\/\/santamonica.lv\/pl\/#website"},"datePublished":"2025-03-11T18:36:36+00:00","dateModified":"2025-03-11T21:00:08+00:00","breadcrumb":{"@id":"https:\/\/santamonica.lv\/pl\/zwrot-towaru\/#breadcrumb"},"inLanguage":"pl-PL","potentialAction":[{"@type":"ReadAction","target":["https:\/\/santamonica.lv\/pl\/zwrot-towaru\/"]}]},{"@type":"BreadcrumbList","@id":"https:\/\/santamonica.lv\/pl\/zwrot-towaru\/#breadcrumb","itemListElement":[{"@type":"ListItem","position":1,"name":"Home","item":"https:\/\/santamonica.lv\/pl\/poczatek\/"},{"@type":"ListItem","position":2,"name":"Zwrot towaru"}]},{"@type":"WebSite","@id":"https:\/\/santamonica.lv\/pl\/#website","url":"https:\/\/santamonica.lv\/pl\/","name":"Santa Monica","description":"","potentialAction":[{"@type":"SearchAction","target":{"@type":"EntryPoint","urlTemplate":"https:\/\/santamonica.lv\/pl\/?s={search_term_string}"},"query-input":{"@type":"PropertyValueSpecification","valueRequired":true,"valueName":"search_term_string"}}],"inLanguage":"pl-PL"}]}},"uagb_featured_image_src":{"full":false,"thumbnail":false,"medium":false,"medium_large":false,"large":false,"1536x1536":false,"2048x2048":false,"woocommerce_thumbnail":false,"woocommerce_single":false,"woocommerce_gallery_thumbnail":false},"uagb_author_info":{"display_name":"admin","author_link":"https:\/\/santamonica.lv\/pl\/author\/admin\/"},"uagb_comment_info":0,"uagb_excerpt":"Oferujemy 30-dniow\u0105 gwarancj\u0119 zwrotu pieni\u0119dzy, poniewa\u017c zale\u017cy nam na tym, aby\u015b zawsze otrzyma\u0142 dok\u0142adnie to, czego chcesz. Je\u015bli zam\u00f3wiony produkt nie jest Ci potrzebny i nie by\u0142 otwierany, mo\u017cesz wybra\u0107 zwrot pieni\u0119dzy lub wymian\u0119 produktu. Je\u015bli chcesz zrezygnowa\u0107 z produktu, wype\u0142nij formularz odst\u0105pienia od umowy, podaj\u0105c przyczyn\u0119 zwrotu, i wraz z dowodem zakupu wy\u015blij go...","_links":{"self":[{"href":"https:\/\/santamonica.lv\/pl\/wp-json\/wp\/v2\/pages\/3519","targetHints":{"allow":["GET"]}}],"collection":[{"href":"https:\/\/santamonica.lv\/pl\/wp-json\/wp\/v2\/pages"}],"about":[{"href":"https:\/\/santamonica.lv\/pl\/wp-json\/wp\/v2\/types\/page"}],"author":[{"embeddable":true,"href":"https:\/\/santamonica.lv\/pl\/wp-json\/wp\/v2\/users\/1"}],"replies":[{"embeddable":true,"href":"https:\/\/santamonica.lv\/pl\/wp-json\/wp\/v2\/comments?post=3519"}],"version-history":[{"count":3,"href":"https:\/\/santamonica.lv\/pl\/wp-json\/wp\/v2\/pages\/3519\/revisions"}],"predecessor-version":[{"id":3581,"href":"https:\/\/santamonica.lv\/pl\/wp-json\/wp\/v2\/pages\/3519\/revisions\/3581"}],"wp:attachment":[{"href":"https:\/\/santamonica.lv\/pl\/wp-json\/wp\/v2\/media?parent=3519"}],"curies":[{"name":"wp","href":"https:\/\/api.w.org\/{rel}","templated":true}]}}