{"id":4272,"date":"2025-03-10T19:29:25","date_gmt":"2025-03-10T17:29:25","guid":{"rendered":"https:\/\/santamonica.lv\/e-veikals\/gaba-bellmeda\/"},"modified":"2025-04-06T21:29:50","modified_gmt":"2025-04-06T18:29:50","slug":"gaba-bellmeda","status":"publish","type":"product","link":"https:\/\/santamonica.lv\/pl\/e-sklep\/gaba-bellmeda\/","title":{"rendered":"GABA, BellMeda &#8211; 60 kapsu\u0142ek"},"content":{"rendered":"<h2>Kwas gamma-aminomas\u0142owy<\/h2>\n<p>GABA (kwas gamma-aminomas\u0142owy) to aminokwas pe\u0142ni\u0105cy rol\u0119 g\u0142\u00f3wnego neuroprzeka\u017anika hamuj\u0105cego w ludzkim m\u00f3zgu. Jego g\u0142\u00f3wn\u0105 funkcj\u0105 jest zmniejszenie aktywno\u015bci uk\u0142adu nerwowego poprzez hamowanie pobudzenia neuron\u00f3w. Pomaga regulowa\u0107 pobudzenie nerwowe, sprzyjaj\u0105c relaksowi i \u0142agodzeniu niepokoju.<\/p>\n<p>GABA jest niezb\u0119dnym elementem w funkcjonowaniu uk\u0142adu nerwowego, a jego r\u00f3wnowaga ma kluczowe znaczenie dla utrzymania zdrowia psychicznego i fizycznego. Odgrywa wa\u017cn\u0105 rol\u0119 w wielu procesach fizjologicznych, w tym w zasypianiu, napi\u0119ciu mi\u0119\u015bni, poziomie l\u0119ku i reakcjach na stres. Na przyk\u0142ad zmniejszenie l\u0119ku cz\u0119sto wi\u0105\u017ce si\u0119 ze zwi\u0119kszon\u0105 aktywno\u015bci\u0105 GABA.<\/p>\n","protected":false},"excerpt":{"rendered":"<p>Naturalny neuroprzeka\u017anik hamuj\u0105cy organizmu, kt\u00f3ry ma obwodowe dzia\u0142anie relaksuj\u0105ce i uspokajaj\u0105ce. GABA pozytywnie wp\u0142ywa na cykle snu i jako\u015b\u0107 snu.<\/p>\n<ul>\n<li><strong>Poprawia sen<\/strong><\/li>\n<li><strong>Redukuje stres i niepok\u00f3j<\/strong><\/li>\n<li><strong>Zmniejsza napi\u0119cie mi\u0119\u015bni<\/strong><\/li>\n<\/ul>\n","protected":false},"featured_media":3373,"comment_status":"closed","ping_status":"closed","template":"","meta":{"_acf_changed":false,"_uag_custom_page_level_css":"","_kadence_starter_templates_imported_post":false,"_kad_post_transparent":"default","_kad_post_title":"","_kad_post_layout":"default","_kad_post_sidebar_id":"","_kad_post_content_style":"default","_kad_post_vertical_padding":"default","_kad_post_feature":"","_kad_post_feature_position":"","_kad_post_header":false,"_kad_post_footer":false},"product_brand":[74],"product_cat":[62],"product_tag":[],"class_list":{"0":"post-4272","1":"product","2":"type-product","3":"status-publish","4":"has-post-thumbnail","6":"product_brand-bellmeda","7":"product_cat-bez-kategorijas-pl","9":"first","10":"outofstock","11":"taxable","12":"shipping-taxable","13":"purchasable","14":"product-type-variable","15":"has-default-attributes","16":"entry","17":"content-bg","18":"loop-entry"},"acf":[],"yoast_head":"<!-- This site is optimized with the Yoast SEO plugin v26.4 - https:\/\/yoast.com\/wordpress\/plugins\/seo\/ -->\n<title>GABA, BellMeda - 60 kapsu\u0142ek - Santa Monica<\/title>\n<meta name=\"robots\" content=\"index, follow, max-snippet:-1, max-image-preview:large, max-video-preview:-1\" \/>\n<link rel=\"canonical\" href=\"https:\/\/santamonica.lv\/pl\/e-sklep\/gaba-bellmeda\/\" \/>\n<meta property=\"og:locale\" content=\"pl_PL\" \/>\n<meta property=\"og:type\" content=\"article\" \/>\n<meta property=\"og:title\" content=\"GABA, BellMeda - 60 kapsu\u0142ek - Santa Monica\" \/>\n<meta property=\"og:description\" content=\"Naturalny neuroprzeka\u017anik hamuj\u0105cy organizmu, kt\u00f3ry ma obwodowe dzia\u0142anie relaksuj\u0105ce i uspokajaj\u0105ce. GABA pozytywnie wp\u0142ywa na cykle snu i jako\u015b\u0107 snu.   Poprawia sen  Redukuje stres i niepok\u00f3j  Zmniejsza napi\u0119cie mi\u0119\u015bni\" \/>\n<meta property=\"og:url\" content=\"https:\/\/santamonica.lv\/pl\/e-sklep\/gaba-bellmeda\/\" \/>\n<meta property=\"og:site_name\" content=\"Santa Monica\" \/>\n<meta property=\"article:publisher\" content=\"https:\/\/www.facebook.com\/klinikasantamonica\" \/>\n<meta property=\"article:modified_time\" content=\"2025-04-06T18:29:50+00:00\" \/>\n<meta property=\"og:image\" content=\"https:\/\/santamonica.lv\/wp-content\/uploads\/2025\/03\/gaba-bellmeda-60-caps.png\" \/>\n\t<meta property=\"og:image:width\" content=\"800\" \/>\n\t<meta property=\"og:image:height\" content=\"800\" \/>\n\t<meta property=\"og:image:type\" content=\"image\/png\" \/>\n<meta name=\"twitter:card\" content=\"summary_large_image\" \/>\n<meta name=\"twitter:label1\" content=\"Est. reading time\" \/>\n\t<meta name=\"twitter:data1\" content=\"1 minuta\" \/>\n<script type=\"application\/ld+json\" class=\"yoast-schema-graph\">{\"@context\":\"https:\/\/schema.org\",\"@graph\":[{\"@type\":\"WebPage\",\"@id\":\"https:\/\/santamonica.lv\/pl\/e-sklep\/gaba-bellmeda\/\",\"url\":\"https:\/\/santamonica.lv\/pl\/e-sklep\/gaba-bellmeda\/\",\"name\":\"GABA, BellMeda - 60 kapsu\u0142ek - Santa Monica\",\"isPartOf\":{\"@id\":\"https:\/\/santamonica.lv\/pl\/#website\"},\"primaryImageOfPage\":{\"@id\":\"https:\/\/santamonica.lv\/pl\/e-sklep\/gaba-bellmeda\/#primaryimage\"},\"image\":{\"@id\":\"https:\/\/santamonica.lv\/pl\/e-sklep\/gaba-bellmeda\/#primaryimage\"},\"thumbnailUrl\":\"https:\/\/santamonica.lv\/wp-content\/uploads\/2025\/03\/gaba-bellmeda-60-caps.png\",\"datePublished\":\"2025-03-10T17:29:25+00:00\",\"dateModified\":\"2025-04-06T18:29:50+00:00\",\"breadcrumb\":{\"@id\":\"https:\/\/santamonica.lv\/pl\/e-sklep\/gaba-bellmeda\/#breadcrumb\"},\"inLanguage\":\"pl-PL\",\"potentialAction\":[{\"@type\":\"ReadAction\",\"target\":[\"https:\/\/santamonica.lv\/pl\/e-sklep\/gaba-bellmeda\/\"]}]},{\"@type\":\"ImageObject\",\"inLanguage\":\"pl-PL\",\"@id\":\"https:\/\/santamonica.lv\/pl\/e-sklep\/gaba-bellmeda\/#primaryimage\",\"url\":\"https:\/\/santamonica.lv\/wp-content\/uploads\/2025\/03\/gaba-bellmeda-60-caps.png\",\"contentUrl\":\"https:\/\/santamonica.lv\/wp-content\/uploads\/2025\/03\/gaba-bellmeda-60-caps.png\",\"width\":800,\"height\":800,\"caption\":\"Gaba, Bellmeda - 60 kapsulas, 37.5g kapsul\u0101\"},{\"@type\":\"BreadcrumbList\",\"@id\":\"https:\/\/santamonica.lv\/pl\/e-sklep\/gaba-bellmeda\/#breadcrumb\",\"itemListElement\":[{\"@type\":\"ListItem\",\"position\":1,\"name\":\"Home\",\"item\":\"https:\/\/santamonica.lv\/pl\/poczatek\/\"},{\"@type\":\"ListItem\",\"position\":2,\"name\":\"e-Sklep\",\"item\":\"https:\/\/santamonica.lv\/pl\/e-sklep\/\"},{\"@type\":\"ListItem\",\"position\":3,\"name\":\"GABA, BellMeda &#8211; 60 kapsu\u0142ek\"}]},{\"@type\":\"WebSite\",\"@id\":\"https:\/\/santamonica.lv\/pl\/#website\",\"url\":\"https:\/\/santamonica.lv\/pl\/\",\"name\":\"Santa Monica\",\"description\":\"\",\"potentialAction\":[{\"@type\":\"SearchAction\",\"target\":{\"@type\":\"EntryPoint\",\"urlTemplate\":\"https:\/\/santamonica.lv\/pl\/?s={search_term_string}\"},\"query-input\":{\"@type\":\"PropertyValueSpecification\",\"valueRequired\":true,\"valueName\":\"search_term_string\"}}],\"inLanguage\":\"pl-PL\"}]}<\/script>\n<!-- \/ Yoast SEO plugin. -->","yoast_head_json":{"title":"GABA, BellMeda - 60 kapsu\u0142ek - Santa Monica","robots":{"index":"index","follow":"follow","max-snippet":"max-snippet:-1","max-image-preview":"max-image-preview:large","max-video-preview":"max-video-preview:-1"},"canonical":"https:\/\/santamonica.lv\/pl\/e-sklep\/gaba-bellmeda\/","og_locale":"pl_PL","og_type":"article","og_title":"GABA, BellMeda - 60 kapsu\u0142ek - Santa Monica","og_description":"Naturalny neuroprzeka\u017anik hamuj\u0105cy organizmu, kt\u00f3ry ma obwodowe dzia\u0142anie relaksuj\u0105ce i uspokajaj\u0105ce. GABA pozytywnie wp\u0142ywa na cykle snu i jako\u015b\u0107 snu.   Poprawia sen  Redukuje stres i niepok\u00f3j  Zmniejsza napi\u0119cie mi\u0119\u015bni","og_url":"https:\/\/santamonica.lv\/pl\/e-sklep\/gaba-bellmeda\/","og_site_name":"Santa Monica","article_publisher":"https:\/\/www.facebook.com\/klinikasantamonica","article_modified_time":"2025-04-06T18:29:50+00:00","og_image":[{"width":800,"height":800,"url":"https:\/\/santamonica.lv\/wp-content\/uploads\/2025\/03\/gaba-bellmeda-60-caps.png","type":"image\/png"}],"twitter_card":"summary_large_image","twitter_misc":{"Est. reading time":"1 minuta"},"schema":{"@context":"https:\/\/schema.org","@graph":[{"@type":"WebPage","@id":"https:\/\/santamonica.lv\/pl\/e-sklep\/gaba-bellmeda\/","url":"https:\/\/santamonica.lv\/pl\/e-sklep\/gaba-bellmeda\/","name":"GABA, BellMeda - 60 kapsu\u0142ek - Santa Monica","isPartOf":{"@id":"https:\/\/santamonica.lv\/pl\/#website"},"primaryImageOfPage":{"@id":"https:\/\/santamonica.lv\/pl\/e-sklep\/gaba-bellmeda\/#primaryimage"},"image":{"@id":"https:\/\/santamonica.lv\/pl\/e-sklep\/gaba-bellmeda\/#primaryimage"},"thumbnailUrl":"https:\/\/santamonica.lv\/wp-content\/uploads\/2025\/03\/gaba-bellmeda-60-caps.png","datePublished":"2025-03-10T17:29:25+00:00","dateModified":"2025-04-06T18:29:50+00:00","breadcrumb":{"@id":"https:\/\/santamonica.lv\/pl\/e-sklep\/gaba-bellmeda\/#breadcrumb"},"inLanguage":"pl-PL","potentialAction":[{"@type":"ReadAction","target":["https:\/\/santamonica.lv\/pl\/e-sklep\/gaba-bellmeda\/"]}]},{"@type":"ImageObject","inLanguage":"pl-PL","@id":"https:\/\/santamonica.lv\/pl\/e-sklep\/gaba-bellmeda\/#primaryimage","url":"https:\/\/santamonica.lv\/wp-content\/uploads\/2025\/03\/gaba-bellmeda-60-caps.png","contentUrl":"https:\/\/santamonica.lv\/wp-content\/uploads\/2025\/03\/gaba-bellmeda-60-caps.png","width":800,"height":800,"caption":"Gaba, Bellmeda - 60 kapsulas, 37.5g kapsul\u0101"},{"@type":"BreadcrumbList","@id":"https:\/\/santamonica.lv\/pl\/e-sklep\/gaba-bellmeda\/#breadcrumb","itemListElement":[{"@type":"ListItem","position":1,"name":"Home","item":"https:\/\/santamonica.lv\/pl\/poczatek\/"},{"@type":"ListItem","position":2,"name":"e-Sklep","item":"https:\/\/santamonica.lv\/pl\/e-sklep\/"},{"@type":"ListItem","position":3,"name":"GABA, BellMeda &#8211; 60 kapsu\u0142ek"}]},{"@type":"WebSite","@id":"https:\/\/santamonica.lv\/pl\/#website","url":"https:\/\/santamonica.lv\/pl\/","name":"Santa Monica","description":"","potentialAction":[{"@type":"SearchAction","target":{"@type":"EntryPoint","urlTemplate":"https:\/\/santamonica.lv\/pl\/?s={search_term_string}"},"query-input":{"@type":"PropertyValueSpecification","valueRequired":true,"valueName":"search_term_string"}}],"inLanguage":"pl-PL"}]}},"uagb_featured_image_src":{"full":["https:\/\/santamonica.lv\/wp-content\/uploads\/2025\/03\/gaba-bellmeda-60-caps.png",800,800,false],"thumbnail":["https:\/\/santamonica.lv\/wp-content\/uploads\/2025\/03\/gaba-bellmeda-60-caps-150x150.png",150,150,true],"medium":["https:\/\/santamonica.lv\/wp-content\/uploads\/2025\/03\/gaba-bellmeda-60-caps-300x300.png",300,300,true],"medium_large":["https:\/\/santamonica.lv\/wp-content\/uploads\/2025\/03\/gaba-bellmeda-60-caps-768x768.png",768,768,true],"large":["https:\/\/santamonica.lv\/wp-content\/uploads\/2025\/03\/gaba-bellmeda-60-caps.png",800,800,false],"1536x1536":["https:\/\/santamonica.lv\/wp-content\/uploads\/2025\/03\/gaba-bellmeda-60-caps.png",800,800,false],"2048x2048":["https:\/\/santamonica.lv\/wp-content\/uploads\/2025\/03\/gaba-bellmeda-60-caps.png",800,800,false],"woocommerce_thumbnail":["https:\/\/santamonica.lv\/wp-content\/uploads\/2025\/03\/gaba-bellmeda-60-caps-300x300.png",300,300,true],"woocommerce_single":["https:\/\/santamonica.lv\/wp-content\/uploads\/2025\/03\/gaba-bellmeda-60-caps-600x600.png",600,600,true],"woocommerce_gallery_thumbnail":["https:\/\/santamonica.lv\/wp-content\/uploads\/2025\/03\/gaba-bellmeda-60-caps-100x100.png",100,100,true]},"uagb_author_info":{"display_name":"admin","author_link":"https:\/\/santamonica.lv\/pl\/author\/"},"uagb_comment_info":0,"uagb_excerpt":"Naturalny neuroprzeka\u017anik hamuj\u0105cy organizmu, kt\u00f3ry ma obwodowe dzia\u0142anie relaksuj\u0105ce i uspokajaj\u0105ce. GABA pozytywnie wp\u0142ywa na cykle snu i jako\u015b\u0107 snu. Poprawia sen Redukuje stres i niepok\u00f3j Zmniejsza napi\u0119cie mi\u0119\u015bni","_links":{"self":[{"href":"https:\/\/santamonica.lv\/pl\/wp-json\/wp\/v2\/product\/4272","targetHints":{"allow":["GET"]}}],"collection":[{"href":"https:\/\/santamonica.lv\/pl\/wp-json\/wp\/v2\/product"}],"about":[{"href":"https:\/\/santamonica.lv\/pl\/wp-json\/wp\/v2\/types\/product"}],"replies":[{"embeddable":true,"href":"https:\/\/santamonica.lv\/pl\/wp-json\/wp\/v2\/comments?post=4272"}],"wp:featuredmedia":[{"embeddable":true,"href":"https:\/\/santamonica.lv\/pl\/wp-json\/wp\/v2\/media\/3373"}],"wp:attachment":[{"href":"https:\/\/santamonica.lv\/pl\/wp-json\/wp\/v2\/media?parent=4272"}],"wp:term":[{"taxonomy":"product_brand","embeddable":true,"href":"https:\/\/santamonica.lv\/pl\/wp-json\/wp\/v2\/product_brand?post=4272"},{"taxonomy":"product_cat","embeddable":true,"href":"https:\/\/santamonica.lv\/pl\/wp-json\/wp\/v2\/product_cat?post=4272"},{"taxonomy":"product_tag","embeddable":true,"href":"https:\/\/santamonica.lv\/pl\/wp-json\/wp\/v2\/product_tag?post=4272"}],"curies":[{"name":"wp","href":"https:\/\/api.w.org\/{rel}","templated":true}]}}