{"id":1831,"date":"2023-09-30T17:06:09","date_gmt":"2023-09-30T14:06:09","guid":{"rendered":"https:\/\/santamonica.lv\/par-mums\/"},"modified":"2025-04-10T18:12:08","modified_gmt":"2025-04-10T15:12:08","slug":"o-nas","status":"publish","type":"page","link":"https:\/\/santamonica.lv\/ru\/o-nas\/","title":{"rendered":"\u041e \u043d\u0430\u0441"},"content":{"rendered":"\n<div class=\"wp-block-columns is-layout-flex wp-container-core-columns-is-layout-9d6595d7 wp-block-columns-is-layout-flex\">\n<div class=\"wp-block-column is-vertically-aligned-top is-layout-flow wp-block-column-is-layout-flow\">\n<p>Santa Monica \u0431\u044b\u043b\u0430 \u043e\u0441\u043d\u043e\u0432\u0430\u043d\u0430 \u0432 \u041a\u0430\u043c\u0435\u043d\u0435 \u041f\u043e\u043c\u043e\u0440\u0441\u043a\u043e\u043c, \u041f\u043e\u043b\u044c\u0448\u0430, \u0432 1989 \u0433\u043e\u0434\u0443. \u041e\u0441\u043d\u043e\u0432\u0430\u0442\u0435\u043b\u044f\u043c\u0438 \u0441\u0442\u0430\u043b\u0438 \u0434\u043e\u043a\u0442\u043e\u0440 \u0414\u043e\u043d\u0441\u0431\u0430\u0445 \u0438\u0437 \u0421\u0430\u043d-\u0414\u0438\u0435\u0433\u043e, \u043f\u0440\u043e\u0444\u0435\u0441\u0441\u043e\u0440 \u041b\u0438\u043d\u0434\u0430\u043b \u0438\u0437 \u0443\u043d\u0438\u0432\u0435\u0440\u0441\u0438\u0442\u0435\u0442\u0441\u043a\u043e\u0439 \u043a\u043b\u0438\u043d\u0438\u043a\u0438 \u041b\u0438\u043d\u0447\u0435\u043f\u0438\u043d\u0433\u0430 \u0438 \u043f\u043e\u043b\u044c\u0441\u043a\u043e\u0435 \u0433\u043e\u0441\u0443\u0434\u0430\u0440\u0441\u0442\u0432\u043e.<\/p>\n\n\n\n<p>\u0418\u043d\u0438\u0446\u0438\u0430\u0442\u043e\u0440\u0430\u043c\u0438 \u0441\u043e\u0437\u0434\u0430\u043d\u0438\u044f \u043a\u043b\u0438\u043d\u0438\u043a\u0438 \u0431\u044b\u043b\u0438 \u041f\u0435\u0440 \u0420\u0430\u0431\u0435 \u0438 \u0413\u0451\u0440\u0430\u043d \u0410\u0441\u043f. \u041e\u0431\u0430 \u043e\u043d\u0438 \u0440\u0430\u0431\u043e\u0442\u0430\u043b\u0438 \u0432 \u043a\u043e\u043c\u043f\u0430\u043d\u0438\u0438 Hela Pharma AB, \u043e\u0434\u043d\u043e\u043c \u0438\u0437 \u0432\u0435\u0434\u0443\u0449\u0438\u0445 \u043f\u0440\u043e\u0438\u0437\u0432\u043e\u0434\u0438\u0442\u0435\u043b\u0435\u0439 \u043f\u0438\u0449\u0435\u0432\u044b\u0445 \u0434\u043e\u0431\u0430\u0432\u043e\u043a \u0432 \u0428\u0432\u0435\u0446\u0438\u0438. \u0414\u043e\u043a\u0442\u043e\u0440 \u0414\u043e\u043d\u0441\u0431\u0430\u0445 \u0431\u044b\u043b \u043e\u0434\u043d\u0438\u043c \u0438\u0437 \u0432\u0435\u0434\u0443\u0449\u0438\u0445 \u0432\u0440\u0430\u0447\u0435\u0439 \u0432 \u043e\u0431\u043b\u0430\u0441\u0442\u0438 \u0445\u043e\u043b\u0438\u0441\u0442\u0438\u0447\u0435\u0441\u043a\u043e\u0439 \u043c\u0435\u0434\u0438\u0446\u0438\u043d\u044b \u0432 \u0421\u0428\u0410. \u041f\u0440\u043e\u0444\u0435\u0441\u0441\u043e\u0440 \u041b\u0438\u043d\u0434\u0430\u043b \u0431\u044b\u043b \u0432\u0435\u0434\u0443\u0449\u0435\u0439 \u0444\u0438\u0433\u0443\u0440\u043e\u0439 \u0432 \u043e\u0431\u043b\u0430\u0441\u0442\u0438 \u0438\u043d\u0442\u0435\u0433\u0440\u0430\u0442\u0438\u0432\u043d\u043e\u0439 \u043c\u0435\u0434\u0438\u0446\u0438\u043d\u044b \u0432 \u0428\u0432\u0435\u0446\u0438\u0438. Santa Monica \u0442\u0435\u0441\u043d\u043e \u0441\u043e\u0442\u0440\u0443\u0434\u043d\u0438\u0447\u0430\u043b\u0430 \u0441 \u043f\u0440\u043e\u0444\u0435\u0441\u0441\u043e\u0440\u043e\u043c \u0411\u044c\u0451\u0440\u043d\u043e\u043c \u041d\u043e\u0440\u0434\u0435\u043d\u0441\u0442\u0440\u0451\u043c\u043e\u043c \u0438\u0437 \u041a\u0430\u0440\u043e\u043b\u0438\u043d\u0441\u043a\u043e\u0439 \u0431\u043e\u043b\u044c\u043d\u0438\u0446\u044b \u0432 \u0421\u0442\u043e\u043a\u0433\u043e\u043b\u044c\u043c\u0435. \u041f\u0440\u043e\u0444\u0435\u0441\u0441\u043e\u0440 \u041d\u043e\u0440\u0434\u0435\u043d\u0441\u0442\u0440\u0435\u043c \u0438\u0437\u043e\u0431\u0440\u0435\u043b \u042d\u0421\u0422 (\u044d\u043b\u0435\u043a\u0442\u0440\u043e\u0445\u0438\u043c\u0438\u0447\u0435\u0441\u043a\u043e\u0435) \u043b\u0435\u0447\u0435\u043d\u0438\u0435 \u0440\u0430\u043a\u0430, \u043a\u043e\u0442\u043e\u0440\u043e\u0435 \u0441\u0435\u0433\u043e\u0434\u043d\u044f \u0448\u0438\u0440\u043e\u043a\u043e \u0440\u0430\u0441\u043f\u0440\u043e\u0441\u0442\u0440\u0430\u043d\u0435\u043d\u043e \u043f\u043e \u0432\u0441\u0435\u043c\u0443 \u043c\u0438\u0440\u0443. \u0412 2007 \u0433\u043e\u0434\u0443 Santa Monica \u043f\u0435\u0440\u0435\u0435\u0445\u0430\u043b\u0430 \u0432 \u0424\u0430\u043b\u044c\u0447\u0451\u043f\u0438\u043d\u0433 \u0432 \u0428\u0432\u0435\u0446\u0438\u0438. Santa Monica \u0442\u0435\u0441\u043d\u043e \u0441\u043e\u0442\u0440\u0443\u0434\u043d\u0438\u0447\u0430\u0435\u0442 \u0441 \u043f\u0440\u043e\u0444\u0435\u0441\u0441\u043e\u0440\u043e\u043c \u041e\u043a\u0435\u0440\u043c\u0430\u043d\u043e\u043c, \u0434\u043e\u043a\u0442\u043e\u0440\u043e\u043c \u0425\u0435\u043d\u043d\u0438\u043d\u0433\u043e\u043c \u0421\u0430\u0443\u043f\u0435 \u0438 \u0434\u0440\u0443\u0433\u0438\u043c\u0438 \u0432\u0435\u0434\u0443\u0449\u0438\u043c\u0438 \u0441\u043f\u0435\u0446\u0438\u0430\u043b\u0438\u0441\u0442\u0430\u043c\u0438 \u0432 \u044d\u0442\u043e\u0439 \u043e\u0431\u043b\u0430\u0441\u0442\u0438 \u043f\u043e \u0432\u0441\u0435\u0439 \u0415\u0432\u0440\u043e\u043f\u0435. \u041f\u0440\u043e\u0444\u0435\u0441\u0441\u043e\u0440 \u041e\u043a\u0435\u0440\u043c\u0430\u043d \u044f\u0432\u043b\u044f\u0435\u0442\u0441\u044f \u0432\u0435\u0434\u0443\u0449\u0435\u0439 \u0444\u0438\u0433\u0443\u0440\u043e\u0439 \u0432 \u0438\u043d\u0442\u0435\u0433\u0440\u0430\u0442\u0438\u0432\u043d\u043e\u0439 \u043c\u0435\u0434\u0438\u0446\u0438\u043d\u0435 \u0432 \u0428\u0432\u0435\u0446\u0438\u0438.<\/p>\n\n\n\n<p>\u0414\u043e\u043a\u0442\u043e\u0440 \u0425\u0435\u043d\u043d\u0438\u043d\u0433 \u0417\u0430\u0443\u043f\u0435 &#8212; \u0432\u043b\u0430\u0434\u0435\u043b\u0435\u0446 \u043a\u043b\u0438\u043d\u0438\u043a\u0438 Arcadia \u0438 \u043e\u0434\u0438\u043d \u0438\u0437 \u0432\u0435\u0434\u0443\u0449\u0438\u0445 \u0441\u043f\u0435\u0446\u0438\u0430\u043b\u0438\u0441\u0442\u043e\u0432 \u043f\u043e \u043a\u043e\u043c\u043f\u043b\u0435\u043a\u0441\u043d\u043e\u043c\u0443 \u043b\u0435\u0447\u0435\u043d\u0438\u044e \u0440\u0430\u043a\u0430 \u0432 \u0415\u0432\u0440\u043e\u043f\u0435. \u0425\u0435\u043d\u043d\u0438\u043d\u0433 \u0417\u0430\u0443\u043f\u0435 \u044f\u0432\u043b\u044f\u0435\u0442\u0441\u044f \u043f\u0430\u0440\u0442\u043d\u0435\u0440\u043e\u043c Santa Monica \u0438 \u0441 \u0431\u043e\u043b\u044c\u0448\u0438\u043c \u0443\u0441\u043f\u0435\u0445\u043e\u043c \u0440\u0443\u043a\u043e\u0432\u043e\u0434\u0438\u0442 \u0441\u043e\u0431\u0441\u0442\u0432\u0435\u043d\u043d\u043e\u0439 \u043a\u043b\u0438\u043d\u0438\u043a\u043e\u0439 \u0432 \u0413\u0435\u0440\u043c\u0430\u043d\u0438\u0438.<\/p>\n\n\n\n<p>21 \u0444\u0435\u0432\u0440\u0430\u043b\u044f 2023 \u0433\u043e\u0434\u0430 \u043f\u043e \u0438\u043d\u0438\u0446\u0438\u0430\u0442\u0438\u0432\u0435 \u0413\u0451\u0440\u0430\u043d\u0430 \u0410\u0441\u043f\u0430 \u043a\u043b\u0438\u043d\u0438\u043a\u0430 &#171;Santa Monica&#187; \u043f\u0435\u0440\u0435\u0435\u0437\u0436\u0430\u0435\u0442 \u0432 \u043e\u0447\u0435\u043d\u044c \u043a\u0440\u0430\u0441\u0438\u0432\u043e\u0435 \u0438 \u0442\u0438\u0445\u043e\u0435 \u043c\u0435\u0441\u0442\u043e \u043d\u0430 \u0441\u0435\u0432\u0435\u0440\u0435 \u041b\u0430\u0442\u0432\u0438\u0438, \u0432 \u041d\u0430\u0443\u043a\u0448\u0435\u043d\u0438.<\/p>\n\n\n\n<p>\u041e\u0441\u043d\u043e\u0432\u044b\u0432\u0430\u044f\u0441\u044c \u043d\u0430 \u043f\u0440\u043e\u0432\u0435\u0440\u0435\u043d\u043d\u043e\u043c \u043e\u043f\u044b\u0442\u0435 \u0438 \u0441\u043e\u0432\u0440\u0435\u043c\u0435\u043d\u043d\u044b\u0445 \u043d\u0430\u0443\u0447\u043d\u044b\u0445 \u043e\u0442\u043a\u0440\u044b\u0442\u0438\u044f\u0445, \u043c\u044b \u0440\u0430\u0437\u0440\u0430\u0431\u043e\u0442\u0430\u043b\u0438 \u0441\u043e\u0431\u0441\u0442\u0432\u0435\u043d\u043d\u044b\u0435 \u043f\u0440\u043e\u0433\u0440\u0430\u043c\u043c\u044b \u043b\u0435\u0447\u0435\u043d\u0438\u044f, \u043d\u0430\u043f\u0440\u0430\u0432\u043b\u0435\u043d\u043d\u044b\u0435 \u043d\u0430 \u0441\u0442\u0438\u043c\u0443\u043b\u0438\u0440\u043e\u0432\u0430\u043d\u0438\u0435 \u0438 \u0432\u043e\u0441\u0441\u0442\u0430\u043d\u043e\u0432\u043b\u0435\u043d\u0438\u0435 \u0441\u0430\u043c\u043e\u0432\u043e\u0441\u0441\u0442\u0430\u043d\u043e\u0432\u0438\u0442\u0435\u043b\u044c\u043d\u044b\u0445 \u0441\u043f\u043e\u0441\u043e\u0431\u043d\u043e\u0441\u0442\u0435\u0439 \u043e\u0440\u0433\u0430\u043d\u0438\u0437\u043c\u0430.<\/p>\n\n\n\n<p>\u041c\u044b \u0438\u0441\u043f\u043e\u043b\u044c\u0437\u0443\u0435\u043c \u043c\u0435\u0442\u043e\u0434\u044b \u0438\u043d\u0442\u0435\u0433\u0440\u0430\u0442\u0438\u0432\u043d\u043e\u0439 \u043c\u0435\u0434\u0438\u0446\u0438\u043d\u044b, \u0431\u0435\u0440\u044f \u043f\u0440\u0438\u043c\u0435\u0440 \u0441 \u0432\u0435\u0434\u0443\u0449\u0438\u0445 \u043a\u043b\u0438\u043d\u0438\u043a \u0415\u0432\u0440\u043e\u043f\u044b.<\/p>\n<\/div>\n\n\n\n<div class=\"wp-block-column is-layout-flow wp-block-column-is-layout-flow\">\n<figure class=\"wp-block-embed is-type-video is-provider-youtube wp-block-embed-youtube wp-embed-aspect-16-9 wp-has-aspect-ratio\"><div class=\"wp-block-embed__wrapper\">\n<iframe loading=\"lazy\" title=\"Private clinic &quot;Santa Monica&quot; - cancer treatment with innovative methods  in Latvia\" width=\"720\" height=\"405\" src=\"https:\/\/www.youtube.com\/embed\/tsvxjmlYRfc?feature=oembed\" frameborder=\"0\" allow=\"accelerometer; autoplay; clipboard-write; encrypted-media; gyroscope; picture-in-picture; web-share\" referrerpolicy=\"strict-origin-when-cross-origin\" allowfullscreen><\/iframe>\n<\/div><figcaption class=\"wp-element-caption\">\u0421\u044e\u0436\u0435\u0442 ReTV \u043e \u0447\u0430\u0441\u0442\u043d\u043e\u0439 \u043a\u043b\u0438\u043d\u0438\u043a\u0435 \u00abSanta Monica\u00bb \u2014 \u043b\u0435\u0447\u0435\u043d\u0438\u0435 \u0440\u0430\u043a\u0430 \u0438\u043d\u0442\u0435\u0433\u0440\u0430\u0442\u0438\u0432\u043d\u044b\u043c\u0438 \u0441\u0438\u0441\u0442\u0435\u043c\u0430\u043c\u0438 \u0438 \u043c\u0435\u0442\u043e\u0434\u0430\u043c\u0438<\/figcaption><\/figure>\n\n\n\n<figure class=\"wp-block-embed is-type-video is-provider-youtube wp-block-embed-youtube wp-embed-aspect-16-9 wp-has-aspect-ratio\"><div class=\"wp-block-embed__wrapper\">\n<iframe loading=\"lazy\" title=\"Santa Monica kl\u012bnika\" width=\"720\" height=\"405\" src=\"https:\/\/www.youtube.com\/embed\/Lfc0OyD0Wh8?feature=oembed\" frameborder=\"0\" allow=\"accelerometer; autoplay; clipboard-write; encrypted-media; gyroscope; picture-in-picture; web-share\" referrerpolicy=\"strict-origin-when-cross-origin\" allowfullscreen><\/iframe>\n<\/div><\/figure>\n\n\n\n<figure class=\"wp-block-embed is-type-video is-provider-youtube wp-block-embed-youtube wp-embed-aspect-16-9 wp-has-aspect-ratio\"><div class=\"wp-block-embed__wrapper\">\n<iframe loading=\"lazy\" title=\"Kl\u012bnika &quot;Santa Monica&quot; - Nauk\u0161\u0113nu mui\u017ea un parks\" width=\"720\" height=\"405\" src=\"https:\/\/www.youtube.com\/embed\/gxEV2-SRNXY?feature=oembed\" frameborder=\"0\" allow=\"accelerometer; autoplay; clipboard-write; encrypted-media; gyroscope; picture-in-picture; web-share\" referrerpolicy=\"strict-origin-when-cross-origin\" allowfullscreen><\/iframe>\n<\/div><\/figure>\n<\/div>\n<\/div>\n","protected":false},"excerpt":{"rendered":"<p>Santa Monica \u0431\u044b\u043b\u0430 \u043e\u0441\u043d\u043e\u0432\u0430\u043d\u0430 \u0432 \u041a\u0430\u043c\u0435\u043d\u0435 \u041f\u043e\u043c\u043e\u0440\u0441\u043a\u043e\u043c, \u041f\u043e\u043b\u044c\u0448\u0430, \u0432 1989 \u0433\u043e\u0434\u0443. \u041e\u0441\u043d\u043e\u0432\u0430\u0442\u0435\u043b\u044f\u043c\u0438 \u0441\u0442\u0430\u043b\u0438 \u0434\u043e\u043a\u0442\u043e\u0440 \u0414\u043e\u043d\u0441\u0431\u0430\u0445 \u0438\u0437 \u0421\u0430\u043d-\u0414\u0438\u0435\u0433\u043e, \u043f\u0440\u043e\u0444\u0435\u0441\u0441\u043e\u0440 \u041b\u0438\u043d\u0434\u0430\u043b \u0438\u0437 \u0443\u043d\u0438\u0432\u0435\u0440\u0441\u0438\u0442\u0435\u0442\u0441\u043a\u043e\u0439 \u043a\u043b\u0438\u043d\u0438\u043a\u0438 \u041b\u0438\u043d\u0447\u0435\u043f\u0438\u043d\u0433\u0430 \u0438 \u043f\u043e\u043b\u044c\u0441\u043a\u043e\u0435 \u0433\u043e\u0441\u0443\u0434\u0430\u0440\u0441\u0442\u0432\u043e. \u0418\u043d\u0438\u0446\u0438\u0430\u0442\u043e\u0440\u0430\u043c\u0438 \u0441\u043e\u0437\u0434\u0430\u043d\u0438\u044f \u043a\u043b\u0438\u043d\u0438\u043a\u0438 \u0431\u044b\u043b\u0438 \u041f\u0435\u0440 \u0420\u0430\u0431\u0435 \u0438 \u0413\u0451\u0440\u0430\u043d \u0410\u0441\u043f. \u041e\u0431\u0430 \u043e\u043d\u0438 \u0440\u0430\u0431\u043e\u0442\u0430\u043b\u0438 \u0432 \u043a\u043e\u043c\u043f\u0430\u043d\u0438\u0438 Hela Pharma AB, \u043e\u0434\u043d\u043e\u043c \u0438\u0437 \u0432\u0435\u0434\u0443\u0449\u0438\u0445 \u043f\u0440\u043e\u0438\u0437\u0432\u043e\u0434\u0438\u0442\u0435\u043b\u0435\u0439 \u043f\u0438\u0449\u0435\u0432\u044b\u0445 \u0434\u043e\u0431\u0430\u0432\u043e\u043a \u0432 \u0428\u0432\u0435\u0446\u0438\u0438. \u0414\u043e\u043a\u0442\u043e\u0440 \u0414\u043e\u043d\u0441\u0431\u0430\u0445 \u0431\u044b\u043b \u043e\u0434\u043d\u0438\u043c&#8230;<\/p>\n","protected":false},"author":1,"featured_media":0,"parent":0,"menu_order":0,"comment_status":"closed","ping_status":"closed","template":"","meta":{"_acf_changed":false,"_uag_custom_page_level_css":"","_kadence_starter_templates_imported_post":false,"_kad_post_transparent":"","_kad_post_title":"","_kad_post_layout":"","_kad_post_sidebar_id":"","_kad_post_content_style":"","_kad_post_vertical_padding":"","_kad_post_feature":"","_kad_post_feature_position":"","_kad_post_header":false,"_kad_post_footer":false,"footnotes":""},"class_list":["post-1831","page","type-page","status-publish","hentry"],"acf":[],"yoast_head":"<!-- This site is optimized with the Yoast SEO plugin v26.4 - https:\/\/yoast.com\/wordpress\/plugins\/seo\/ -->\n<title>\u041e \u043d\u0430\u0441 - Santa Monica<\/title>\n<meta name=\"robots\" content=\"index, follow, max-snippet:-1, max-image-preview:large, max-video-preview:-1\" \/>\n<link rel=\"canonical\" href=\"https:\/\/santamonica.lv\/ru\/o-nas\/\" \/>\n<meta property=\"og:locale\" content=\"ru_RU\" \/>\n<meta property=\"og:type\" content=\"article\" \/>\n<meta property=\"og:title\" content=\"\u041e \u043d\u0430\u0441 - Santa Monica\" \/>\n<meta property=\"og:description\" content=\"Santa Monica \u0431\u044b\u043b\u0430 \u043e\u0441\u043d\u043e\u0432\u0430\u043d\u0430 \u0432 \u041a\u0430\u043c\u0435\u043d\u0435 \u041f\u043e\u043c\u043e\u0440\u0441\u043a\u043e\u043c, \u041f\u043e\u043b\u044c\u0448\u0430, \u0432 1989 \u0433\u043e\u0434\u0443. \u041e\u0441\u043d\u043e\u0432\u0430\u0442\u0435\u043b\u044f\u043c\u0438 \u0441\u0442\u0430\u043b\u0438 \u0434\u043e\u043a\u0442\u043e\u0440 \u0414\u043e\u043d\u0441\u0431\u0430\u0445 \u0438\u0437 \u0421\u0430\u043d-\u0414\u0438\u0435\u0433\u043e, \u043f\u0440\u043e\u0444\u0435\u0441\u0441\u043e\u0440 \u041b\u0438\u043d\u0434\u0430\u043b \u0438\u0437 \u0443\u043d\u0438\u0432\u0435\u0440\u0441\u0438\u0442\u0435\u0442\u0441\u043a\u043e\u0439 \u043a\u043b\u0438\u043d\u0438\u043a\u0438 \u041b\u0438\u043d\u0447\u0435\u043f\u0438\u043d\u0433\u0430 \u0438 \u043f\u043e\u043b\u044c\u0441\u043a\u043e\u0435 \u0433\u043e\u0441\u0443\u0434\u0430\u0440\u0441\u0442\u0432\u043e. \u0418\u043d\u0438\u0446\u0438\u0430\u0442\u043e\u0440\u0430\u043c\u0438 \u0441\u043e\u0437\u0434\u0430\u043d\u0438\u044f \u043a\u043b\u0438\u043d\u0438\u043a\u0438 \u0431\u044b\u043b\u0438 \u041f\u0435\u0440 \u0420\u0430\u0431\u0435 \u0438 \u0413\u0451\u0440\u0430\u043d \u0410\u0441\u043f. \u041e\u0431\u0430 \u043e\u043d\u0438 \u0440\u0430\u0431\u043e\u0442\u0430\u043b\u0438 \u0432 \u043a\u043e\u043c\u043f\u0430\u043d\u0438\u0438 Hela Pharma AB, \u043e\u0434\u043d\u043e\u043c \u0438\u0437 \u0432\u0435\u0434\u0443\u0449\u0438\u0445 \u043f\u0440\u043e\u0438\u0437\u0432\u043e\u0434\u0438\u0442\u0435\u043b\u0435\u0439 \u043f\u0438\u0449\u0435\u0432\u044b\u0445 \u0434\u043e\u0431\u0430\u0432\u043e\u043a \u0432 \u0428\u0432\u0435\u0446\u0438\u0438. \u0414\u043e\u043a\u0442\u043e\u0440 \u0414\u043e\u043d\u0441\u0431\u0430\u0445 \u0431\u044b\u043b \u043e\u0434\u043d\u0438\u043c...\" \/>\n<meta property=\"og:url\" content=\"https:\/\/santamonica.lv\/ru\/o-nas\/\" \/>\n<meta property=\"og:site_name\" content=\"Santa Monica\" \/>\n<meta property=\"article:publisher\" content=\"https:\/\/www.facebook.com\/klinikasantamonica\" \/>\n<meta property=\"article:modified_time\" content=\"2025-04-10T15:12:08+00:00\" \/>\n<meta name=\"twitter:card\" content=\"summary_large_image\" \/>\n<script type=\"application\/ld+json\" class=\"yoast-schema-graph\">{\"@context\":\"https:\/\/schema.org\",\"@graph\":[{\"@type\":\"WebPage\",\"@id\":\"https:\/\/santamonica.lv\/ru\/o-nas\/\",\"url\":\"https:\/\/santamonica.lv\/ru\/o-nas\/\",\"name\":\"\u041e \u043d\u0430\u0441 - Santa Monica\",\"isPartOf\":{\"@id\":\"https:\/\/santamonica.lv\/ru\/#website\"},\"datePublished\":\"2023-09-30T14:06:09+00:00\",\"dateModified\":\"2025-04-10T15:12:08+00:00\",\"breadcrumb\":{\"@id\":\"https:\/\/santamonica.lv\/ru\/o-nas\/#breadcrumb\"},\"inLanguage\":\"ru-RU\",\"potentialAction\":[{\"@type\":\"ReadAction\",\"target\":[\"https:\/\/santamonica.lv\/ru\/o-nas\/\"]}]},{\"@type\":\"BreadcrumbList\",\"@id\":\"https:\/\/santamonica.lv\/ru\/o-nas\/#breadcrumb\",\"itemListElement\":[{\"@type\":\"ListItem\",\"position\":1,\"name\":\"Home\",\"item\":\"https:\/\/santamonica.lv\/ru\/sakums\/\"},{\"@type\":\"ListItem\",\"position\":2,\"name\":\"\u041e \u043d\u0430\u0441\"}]},{\"@type\":\"WebSite\",\"@id\":\"https:\/\/santamonica.lv\/ru\/#website\",\"url\":\"https:\/\/santamonica.lv\/ru\/\",\"name\":\"Santa Monica\",\"description\":\"\",\"publisher\":{\"@id\":\"https:\/\/santamonica.lv\/ru\/#organization\"},\"potentialAction\":[{\"@type\":\"SearchAction\",\"target\":{\"@type\":\"EntryPoint\",\"urlTemplate\":\"https:\/\/santamonica.lv\/ru\/?s={search_term_string}\"},\"query-input\":{\"@type\":\"PropertyValueSpecification\",\"valueRequired\":true,\"valueName\":\"search_term_string\"}}],\"inLanguage\":\"ru-RU\"},{\"@type\":\"Organization\",\"@id\":\"https:\/\/santamonica.lv\/ru\/#organization\",\"name\":\"SIA Santa Monica\",\"url\":\"https:\/\/santamonica.lv\/ru\/\",\"logo\":{\"@type\":\"ImageObject\",\"inLanguage\":\"ru-RU\",\"@id\":\"https:\/\/santamonica.lv\/ru\/#\/schema\/logo\/image\/\",\"url\":\"https:\/\/santamonica.lv\/wp-content\/uploads\/2023\/07\/cropped-santa-monica-latvia.png\",\"contentUrl\":\"https:\/\/santamonica.lv\/wp-content\/uploads\/2023\/07\/cropped-santa-monica-latvia.png\",\"width\":280,\"height\":51,\"caption\":\"SIA Santa Monica\"},\"image\":{\"@id\":\"https:\/\/santamonica.lv\/ru\/#\/schema\/logo\/image\/\"},\"sameAs\":[\"https:\/\/www.facebook.com\/klinikasantamonica\",\"https:\/\/www.instagram.com\/clinicsantamonica\/\",\"https:\/\/www.draugiem.lv\/santamonica\/\"]}]}<\/script>\n<!-- \/ Yoast SEO plugin. -->","yoast_head_json":{"title":"\u041e \u043d\u0430\u0441 - Santa Monica","robots":{"index":"index","follow":"follow","max-snippet":"max-snippet:-1","max-image-preview":"max-image-preview:large","max-video-preview":"max-video-preview:-1"},"canonical":"https:\/\/santamonica.lv\/ru\/o-nas\/","og_locale":"ru_RU","og_type":"article","og_title":"\u041e \u043d\u0430\u0441 - Santa Monica","og_description":"Santa Monica \u0431\u044b\u043b\u0430 \u043e\u0441\u043d\u043e\u0432\u0430\u043d\u0430 \u0432 \u041a\u0430\u043c\u0435\u043d\u0435 \u041f\u043e\u043c\u043e\u0440\u0441\u043a\u043e\u043c, \u041f\u043e\u043b\u044c\u0448\u0430, \u0432 1989 \u0433\u043e\u0434\u0443. \u041e\u0441\u043d\u043e\u0432\u0430\u0442\u0435\u043b\u044f\u043c\u0438 \u0441\u0442\u0430\u043b\u0438 \u0434\u043e\u043a\u0442\u043e\u0440 \u0414\u043e\u043d\u0441\u0431\u0430\u0445 \u0438\u0437 \u0421\u0430\u043d-\u0414\u0438\u0435\u0433\u043e, \u043f\u0440\u043e\u0444\u0435\u0441\u0441\u043e\u0440 \u041b\u0438\u043d\u0434\u0430\u043b \u0438\u0437 \u0443\u043d\u0438\u0432\u0435\u0440\u0441\u0438\u0442\u0435\u0442\u0441\u043a\u043e\u0439 \u043a\u043b\u0438\u043d\u0438\u043a\u0438 \u041b\u0438\u043d\u0447\u0435\u043f\u0438\u043d\u0433\u0430 \u0438 \u043f\u043e\u043b\u044c\u0441\u043a\u043e\u0435 \u0433\u043e\u0441\u0443\u0434\u0430\u0440\u0441\u0442\u0432\u043e. \u0418\u043d\u0438\u0446\u0438\u0430\u0442\u043e\u0440\u0430\u043c\u0438 \u0441\u043e\u0437\u0434\u0430\u043d\u0438\u044f \u043a\u043b\u0438\u043d\u0438\u043a\u0438 \u0431\u044b\u043b\u0438 \u041f\u0435\u0440 \u0420\u0430\u0431\u0435 \u0438 \u0413\u0451\u0440\u0430\u043d \u0410\u0441\u043f. \u041e\u0431\u0430 \u043e\u043d\u0438 \u0440\u0430\u0431\u043e\u0442\u0430\u043b\u0438 \u0432 \u043a\u043e\u043c\u043f\u0430\u043d\u0438\u0438 Hela Pharma AB, \u043e\u0434\u043d\u043e\u043c \u0438\u0437 \u0432\u0435\u0434\u0443\u0449\u0438\u0445 \u043f\u0440\u043e\u0438\u0437\u0432\u043e\u0434\u0438\u0442\u0435\u043b\u0435\u0439 \u043f\u0438\u0449\u0435\u0432\u044b\u0445 \u0434\u043e\u0431\u0430\u0432\u043e\u043a \u0432 \u0428\u0432\u0435\u0446\u0438\u0438. \u0414\u043e\u043a\u0442\u043e\u0440 \u0414\u043e\u043d\u0441\u0431\u0430\u0445 \u0431\u044b\u043b \u043e\u0434\u043d\u0438\u043c...","og_url":"https:\/\/santamonica.lv\/ru\/o-nas\/","og_site_name":"Santa Monica","article_publisher":"https:\/\/www.facebook.com\/klinikasantamonica","article_modified_time":"2025-04-10T15:12:08+00:00","twitter_card":"summary_large_image","schema":{"@context":"https:\/\/schema.org","@graph":[{"@type":"WebPage","@id":"https:\/\/santamonica.lv\/ru\/o-nas\/","url":"https:\/\/santamonica.lv\/ru\/o-nas\/","name":"\u041e \u043d\u0430\u0441 - Santa Monica","isPartOf":{"@id":"https:\/\/santamonica.lv\/ru\/#website"},"datePublished":"2023-09-30T14:06:09+00:00","dateModified":"2025-04-10T15:12:08+00:00","breadcrumb":{"@id":"https:\/\/santamonica.lv\/ru\/o-nas\/#breadcrumb"},"inLanguage":"ru-RU","potentialAction":[{"@type":"ReadAction","target":["https:\/\/santamonica.lv\/ru\/o-nas\/"]}]},{"@type":"BreadcrumbList","@id":"https:\/\/santamonica.lv\/ru\/o-nas\/#breadcrumb","itemListElement":[{"@type":"ListItem","position":1,"name":"Home","item":"https:\/\/santamonica.lv\/ru\/sakums\/"},{"@type":"ListItem","position":2,"name":"\u041e \u043d\u0430\u0441"}]},{"@type":"WebSite","@id":"https:\/\/santamonica.lv\/ru\/#website","url":"https:\/\/santamonica.lv\/ru\/","name":"Santa Monica","description":"","publisher":{"@id":"https:\/\/santamonica.lv\/ru\/#organization"},"potentialAction":[{"@type":"SearchAction","target":{"@type":"EntryPoint","urlTemplate":"https:\/\/santamonica.lv\/ru\/?s={search_term_string}"},"query-input":{"@type":"PropertyValueSpecification","valueRequired":true,"valueName":"search_term_string"}}],"inLanguage":"ru-RU"},{"@type":"Organization","@id":"https:\/\/santamonica.lv\/ru\/#organization","name":"SIA Santa Monica","url":"https:\/\/santamonica.lv\/ru\/","logo":{"@type":"ImageObject","inLanguage":"ru-RU","@id":"https:\/\/santamonica.lv\/ru\/#\/schema\/logo\/image\/","url":"https:\/\/santamonica.lv\/wp-content\/uploads\/2023\/07\/cropped-santa-monica-latvia.png","contentUrl":"https:\/\/santamonica.lv\/wp-content\/uploads\/2023\/07\/cropped-santa-monica-latvia.png","width":280,"height":51,"caption":"SIA Santa Monica"},"image":{"@id":"https:\/\/santamonica.lv\/ru\/#\/schema\/logo\/image\/"},"sameAs":["https:\/\/www.facebook.com\/klinikasantamonica","https:\/\/www.instagram.com\/clinicsantamonica\/","https:\/\/www.draugiem.lv\/santamonica\/"]}]}},"uagb_featured_image_src":{"full":false,"thumbnail":false,"medium":false,"medium_large":false,"large":false,"1536x1536":false,"2048x2048":false,"woocommerce_thumbnail":false,"woocommerce_single":false,"woocommerce_gallery_thumbnail":false},"uagb_author_info":{"display_name":"admin","author_link":"https:\/\/santamonica.lv\/ru\/author\/admin\/"},"uagb_comment_info":0,"uagb_excerpt":"Santa Monica \u0431\u044b\u043b\u0430 \u043e\u0441\u043d\u043e\u0432\u0430\u043d\u0430 \u0432 \u041a\u0430\u043c\u0435\u043d\u0435 \u041f\u043e\u043c\u043e\u0440\u0441\u043a\u043e\u043c, \u041f\u043e\u043b\u044c\u0448\u0430, \u0432 1989 \u0433\u043e\u0434\u0443. \u041e\u0441\u043d\u043e\u0432\u0430\u0442\u0435\u043b\u044f\u043c\u0438 \u0441\u0442\u0430\u043b\u0438 \u0434\u043e\u043a\u0442\u043e\u0440 \u0414\u043e\u043d\u0441\u0431\u0430\u0445 \u0438\u0437 \u0421\u0430\u043d-\u0414\u0438\u0435\u0433\u043e, \u043f\u0440\u043e\u0444\u0435\u0441\u0441\u043e\u0440 \u041b\u0438\u043d\u0434\u0430\u043b \u0438\u0437 \u0443\u043d\u0438\u0432\u0435\u0440\u0441\u0438\u0442\u0435\u0442\u0441\u043a\u043e\u0439 \u043a\u043b\u0438\u043d\u0438\u043a\u0438 \u041b\u0438\u043d\u0447\u0435\u043f\u0438\u043d\u0433\u0430 \u0438 \u043f\u043e\u043b\u044c\u0441\u043a\u043e\u0435 \u0433\u043e\u0441\u0443\u0434\u0430\u0440\u0441\u0442\u0432\u043e. \u0418\u043d\u0438\u0446\u0438\u0430\u0442\u043e\u0440\u0430\u043c\u0438 \u0441\u043e\u0437\u0434\u0430\u043d\u0438\u044f \u043a\u043b\u0438\u043d\u0438\u043a\u0438 \u0431\u044b\u043b\u0438 \u041f\u0435\u0440 \u0420\u0430\u0431\u0435 \u0438 \u0413\u0451\u0440\u0430\u043d \u0410\u0441\u043f. \u041e\u0431\u0430 \u043e\u043d\u0438 \u0440\u0430\u0431\u043e\u0442\u0430\u043b\u0438 \u0432 \u043a\u043e\u043c\u043f\u0430\u043d\u0438\u0438 Hela Pharma AB, \u043e\u0434\u043d\u043e\u043c \u0438\u0437 \u0432\u0435\u0434\u0443\u0449\u0438\u0445 \u043f\u0440\u043e\u0438\u0437\u0432\u043e\u0434\u0438\u0442\u0435\u043b\u0435\u0439 \u043f\u0438\u0449\u0435\u0432\u044b\u0445 \u0434\u043e\u0431\u0430\u0432\u043e\u043a \u0432 \u0428\u0432\u0435\u0446\u0438\u0438. \u0414\u043e\u043a\u0442\u043e\u0440 \u0414\u043e\u043d\u0441\u0431\u0430\u0445 \u0431\u044b\u043b \u043e\u0434\u043d\u0438\u043c...","_links":{"self":[{"href":"https:\/\/santamonica.lv\/ru\/wp-json\/wp\/v2\/pages\/1831","targetHints":{"allow":["GET"]}}],"collection":[{"href":"https:\/\/santamonica.lv\/ru\/wp-json\/wp\/v2\/pages"}],"about":[{"href":"https:\/\/santamonica.lv\/ru\/wp-json\/wp\/v2\/types\/page"}],"author":[{"embeddable":true,"href":"https:\/\/santamonica.lv\/ru\/wp-json\/wp\/v2\/users\/1"}],"replies":[{"embeddable":true,"href":"https:\/\/santamonica.lv\/ru\/wp-json\/wp\/v2\/comments?post=1831"}],"version-history":[{"count":6,"href":"https:\/\/santamonica.lv\/ru\/wp-json\/wp\/v2\/pages\/1831\/revisions"}],"predecessor-version":[{"id":4277,"href":"https:\/\/santamonica.lv\/ru\/wp-json\/wp\/v2\/pages\/1831\/revisions\/4277"}],"wp:attachment":[{"href":"https:\/\/santamonica.lv\/ru\/wp-json\/wp\/v2\/media?parent=1831"}],"curies":[{"name":"wp","href":"https:\/\/api.w.org\/{rel}","templated":true}]}}