{"id":2326,"date":"2024-03-26T00:58:06","date_gmt":"2024-03-25T22:58:06","guid":{"rendered":"https:\/\/santamonica.lv\/konsultationer\/"},"modified":"2025-02-07T18:58:26","modified_gmt":"2025-02-07T16:58:26","slug":"konsultationer","status":"publish","type":"page","link":"https:\/\/santamonica.lv\/sv\/konsultationer\/","title":{"rendered":"Konsultationer"},"content":{"rendered":"<style>.kb-row-layout-id2326_fed2fe-2e > .kt-row-column-wrap{align-content:start;}:where(.kb-row-layout-id2326_fed2fe-2e > .kt-row-column-wrap) > .wp-block-kadence-column{justify-content:start;}.kb-row-layout-id2326_fed2fe-2e > .kt-row-column-wrap{column-gap:var(--global-kb-gap-md, 2rem);row-gap:var(--global-kb-gap-md, 2rem);max-width:var( --global-content-width, 1290px );padding-left:var(--global-content-edge-padding);padding-right:var(--global-content-edge-padding);padding-top:140px;padding-bottom:100px;grid-template-columns:minmax(0, 1fr);}.kb-row-layout-id2326_fed2fe-2e > .kt-row-layout-overlay{opacity:0.25;background-image:url('https:\/\/santamonica.lv\/wp-content\/uploads\/2023\/11\/lazerterapija.jpg');background-size:cover;background-position:61% 28.999999999999996%;background-attachment:scroll;background-repeat:no-repeat;mix-blend-mode:normal;}@media all and (max-width: 1024px){.kb-row-layout-id2326_fed2fe-2e > .kt-row-column-wrap{padding-top:80px;padding-bottom:80px;grid-template-columns:minmax(0, 1fr);}}@media all and (max-width: 767px){.kb-row-layout-id2326_fed2fe-2e > .kt-row-column-wrap{padding-top:100px;padding-right:30px;padding-bottom:100px;padding-left:30px;grid-template-columns:minmax(0, 1fr);}}<\/style><div class=\"kb-row-layout-wrap kb-row-layout-id2326_fed2fe-2e alignnone has-theme-palette8-background-color kt-row-has-bg wp-block-kadence-rowlayout\"><div class=\"kt-row-layout-overlay kt-row-overlay-normal\"><\/div><div class=\"kt-row-column-wrap kt-has-1-columns kt-row-layout-equal kt-tab-layout-inherit kt-mobile-layout-row kt-row-valign-top kb-theme-content-width\">\n<style>.kadence-column2326_154140-73 > .kt-inside-inner-col,.kadence-column2326_154140-73 > .kt-inside-inner-col:before{border-top-left-radius:0px;border-top-right-radius:0px;border-bottom-right-radius:0px;border-bottom-left-radius:0px;}.kadence-column2326_154140-73 > .kt-inside-inner-col{column-gap:var(--global-kb-gap-sm, 1rem);}.kadence-column2326_154140-73 > .kt-inside-inner-col{flex-direction:column;}.kadence-column2326_154140-73 > .kt-inside-inner-col > .aligncenter{width:100%;}.kadence-column2326_154140-73 > .kt-inside-inner-col:before{opacity:0.3;}.kadence-column2326_154140-73{position:relative;}@media all and (max-width: 1024px){.kadence-column2326_154140-73 > .kt-inside-inner-col{padding-top:0px;padding-right:0px;padding-bottom:0px;padding-left:0px;flex-direction:column;justify-content:center;}}@media all and (max-width: 767px){.kadence-column2326_154140-73 > .kt-inside-inner-col{flex-direction:column;justify-content:center;}}<\/style>\n<div class=\"wp-block-kadence-column kadence-column2326_154140-73 inner-column-1\"><div class=\"kt-inside-inner-col\"><style>.kb-row-layout-id2326_a7bd9e-ba > .kt-row-column-wrap{align-content:start;}:where(.kb-row-layout-id2326_a7bd9e-ba > .kt-row-column-wrap) > .wp-block-kadence-column{justify-content:start;}.kb-row-layout-id2326_a7bd9e-ba > .kt-row-column-wrap{column-gap:var(--global-kb-gap-md, 2rem);row-gap:var(--global-kb-gap-md, 2rem);max-width:600px;margin-left:auto;margin-right:auto;padding-top:0px;padding-bottom:0px;grid-template-columns:minmax(0, 1fr);}.kb-row-layout-id2326_a7bd9e-ba > .kt-row-layout-overlay{opacity:0.30;}@media all and (max-width: 1024px){.kb-row-layout-id2326_a7bd9e-ba > .kt-row-column-wrap{padding-top:0px;padding-right:0px;padding-bottom:0px;padding-left:0px;grid-template-columns:minmax(0, 1fr);}}@media all and (max-width: 767px){.kb-row-layout-id2326_a7bd9e-ba > .kt-row-column-wrap{grid-template-columns:minmax(0, 1fr);}}<\/style><div class=\"kb-row-layout-wrap kb-row-layout-id2326_a7bd9e-ba alignnone wp-block-kadence-rowlayout\"><div class=\"kt-row-column-wrap kt-has-1-columns kt-row-layout-equal kt-tab-layout-inherit kt-mobile-layout-row kt-row-valign-top\">\n<style>.kadence-column2326_c9d9f9-6f > .kt-inside-inner-col{padding-right:40px;padding-left:40px;}.kadence-column2326_c9d9f9-6f > .kt-inside-inner-col,.kadence-column2326_c9d9f9-6f > .kt-inside-inner-col:before{border-top-left-radius:0px;border-top-right-radius:0px;border-bottom-right-radius:0px;border-bottom-left-radius:0px;}.kadence-column2326_c9d9f9-6f > .kt-inside-inner-col{column-gap:var(--global-kb-gap-sm, 1rem);}.kadence-column2326_c9d9f9-6f > .kt-inside-inner-col{flex-direction:column;}.kadence-column2326_c9d9f9-6f > .kt-inside-inner-col > .aligncenter{width:100%;}.kadence-column2326_c9d9f9-6f > .kt-inside-inner-col:before{opacity:0.3;}.kadence-column2326_c9d9f9-6f{position:relative;}@media all and (max-width: 1024px){.kadence-column2326_c9d9f9-6f > .kt-inside-inner-col{flex-direction:column;justify-content:center;}}@media all and (max-width: 767px){.kadence-column2326_c9d9f9-6f > .kt-inside-inner-col{padding-right:0px;padding-left:0px;flex-direction:column;justify-content:center;}}<\/style>\n<div class=\"wp-block-kadence-column kadence-column2326_c9d9f9-6f inner-column-1\"><div class=\"kt-inside-inner-col\"><style>.wp-block-kadence-advancedheading.kt-adv-heading2326_f4e8f4-69, .wp-block-kadence-advancedheading.kt-adv-heading2326_f4e8f4-69[data-kb-block=\"kb-adv-heading2326_f4e8f4-69\"]{padding-top:0px;padding-right:0px;padding-bottom:20px;padding-left:0px;margin-top:0px;margin-right:0px;margin-bottom:0px;margin-left:0px;text-align:center;font-style:normal;text-transform:capitalize;}.wp-block-kadence-advancedheading.kt-adv-heading2326_f4e8f4-69 mark.kt-highlight, .wp-block-kadence-advancedheading.kt-adv-heading2326_f4e8f4-69[data-kb-block=\"kb-adv-heading2326_f4e8f4-69\"] mark.kt-highlight{font-style:normal;color:#f76a0c;-webkit-box-decoration-break:clone;box-decoration-break:clone;padding-top:0px;padding-right:0px;padding-bottom:0px;padding-left:0px;}@media all and (max-width: 767px){.wp-block-kadence-advancedheading.kt-adv-heading2326_f4e8f4-69, .wp-block-kadence-advancedheading.kt-adv-heading2326_f4e8f4-69[data-kb-block=\"kb-adv-heading2326_f4e8f4-69\"]{font-size:var(--global-kb-font-size-lg, 2rem);}}<\/style>\n<h1 class=\"kt-adv-heading2326_f4e8f4-69 wp-block-kadence-advancedheading has-theme-palette-3-color has-text-color\" data-kb-block=\"kb-adv-heading2326_f4e8f4-69\"><strong>Konsultationer<\/strong><\/h1>\n<\/div><\/div>\n\n<\/div><\/div><\/div><\/div>\n\n<\/div><\/div>\n\n<style>.kb-row-layout-id2326_f9151b-ce > .kt-row-column-wrap{align-content:start;}:where(.kb-row-layout-id2326_f9151b-ce > .kt-row-column-wrap) > .wp-block-kadence-column{justify-content:start;}.kb-row-layout-id2326_f9151b-ce > .kt-row-column-wrap{column-gap:var(--global-kb-gap-md, 2rem);row-gap:var(--global-kb-gap-md, 2rem);max-width:var( --global-content-width, 1290px );padding-left:var(--global-content-edge-padding);padding-right:var(--global-content-edge-padding);padding-top:60px;padding-right:20px;padding-bottom:20px;padding-left:20px;grid-template-columns:minmax(0, 1fr);}.kb-row-layout-id2326_f9151b-ce > .kt-row-layout-overlay{opacity:0.30;}@media all and (max-width: 1024px){.kb-row-layout-id2326_f9151b-ce > .kt-row-column-wrap{padding-top:40px;padding-right:40px;padding-bottom:0px;padding-left:40px;grid-template-columns:minmax(0, 1fr);}}@media all and (max-width: 767px){.kb-row-layout-id2326_f9151b-ce > .kt-row-column-wrap{padding-top:40px;padding-right:40px;padding-bottom:0px;padding-left:40px;grid-template-columns:minmax(0, 1fr);}}<\/style><div class=\"kb-row-layout-wrap kb-row-layout-id2326_f9151b-ce alignnone wp-block-kadence-rowlayout\"><div class=\"kt-row-column-wrap kt-has-1-columns kt-row-layout-equal kt-tab-layout-inherit kt-mobile-layout-row kt-row-valign-top kb-theme-content-width\">\n<style>.kadence-column2326_f3e542-9c > .kt-inside-inner-col,.kadence-column2326_f3e542-9c > .kt-inside-inner-col:before{border-top-left-radius:0px;border-top-right-radius:0px;border-bottom-right-radius:0px;border-bottom-left-radius:0px;}.kadence-column2326_f3e542-9c > .kt-inside-inner-col{column-gap:var(--global-kb-gap-sm, 1rem);}.kadence-column2326_f3e542-9c > .kt-inside-inner-col{flex-direction:column;}.kadence-column2326_f3e542-9c > .kt-inside-inner-col > .aligncenter{width:100%;}.kadence-column2326_f3e542-9c > .kt-inside-inner-col:before{opacity:0.3;}.kadence-column2326_f3e542-9c{position:relative;}@media all and (max-width: 1024px){.kadence-column2326_f3e542-9c > .kt-inside-inner-col{flex-direction:column;justify-content:center;}}@media all and (max-width: 767px){.kadence-column2326_f3e542-9c > .kt-inside-inner-col{flex-direction:column;justify-content:center;}}<\/style>\n<div class=\"wp-block-kadence-column kadence-column2326_f3e542-9c\"><div class=\"kt-inside-inner-col\">\n<p><strong>P\u00e5 kliniken &#8221;Santa Monica&#8221; ger vi r\u00e5d till patienter med f\u00f6ljande problem:<\/strong><\/p>\n\n\n\n<ul class=\"wp-block-list\">\n<li>Kroniskt sm\u00e4rtsyndrom av olika uppkomst;<\/li>\n\n\n\n<li>Kroniska degenerativa ledsjukdomar;<\/li>\n\n\n\n<li>Autoimmuna sjukdomar;<\/li>\n\n\n\n<li>Patienter med onkologiska sjukdomar f\u00f6re och efter operation, str\u00e5lning och kemoterapi;<\/li>\n\n\n\n<li>Kroniska hj\u00e4rt-k\u00e4rlsjukdomar;<\/li>\n\n\n\n<li>Allergier;<\/li>\n\n\n\n<li>Konsekvenser av drabbade hj\u00e4rninfarkter, stroke;<\/li>\n\n\n\n<li>Kroniska sjukdomar i matsm\u00e4ltningskanalen;<\/li>\n\n\n\n<li>R\u00e5dgivning till palliativa patienter.<\/li>\n<\/ul>\n\n\n\n<div style=\"height:20px\" aria-hidden=\"true\" class=\"wp-block-spacer\"><\/div>\n\n\n<style>.wp-block-kadence-advancedbtn.kb-btns2326_c59cd6-26{gap:var(--global-kb-gap-xs, 0.5rem );justify-content:flex-start;align-items:center;}.kt-btns2326_c59cd6-26 .kt-button{font-weight:normal;font-style:normal;}.kt-btns2326_c59cd6-26 .kt-btn-wrap-0{margin-right:5px;}.wp-block-kadence-advancedbtn.kt-btns2326_c59cd6-26 .kt-btn-wrap-0 .kt-button{color:#555555;border-color:#555555;}.wp-block-kadence-advancedbtn.kt-btns2326_c59cd6-26 .kt-btn-wrap-0 .kt-button:hover, .wp-block-kadence-advancedbtn.kt-btns2326_c59cd6-26 .kt-btn-wrap-0 .kt-button:focus{color:#ffffff;border-color:#444444;}.wp-block-kadence-advancedbtn.kt-btns2326_c59cd6-26 .kt-btn-wrap-0 .kt-button::before{display:none;}.wp-block-kadence-advancedbtn.kt-btns2326_c59cd6-26 .kt-btn-wrap-0 .kt-button:hover, .wp-block-kadence-advancedbtn.kt-btns2326_c59cd6-26 .kt-btn-wrap-0 .kt-button:focus{background:#444444;}<\/style>\n<div class=\"wp-block-kadence-advancedbtn kb-buttons-wrap kb-btns2326_c59cd6-26\"><style>ul.menu .wp-block-kadence-advancedbtn .kb-btn2326_f3d08d-f9.kb-button{width:initial;}.wp-block-kadence-advancedbtn .kb-btn2326_f3d08d-f9.kb-button{border-top-left-radius:100px;border-top-right-radius:100px;border-bottom-right-radius:100px;border-bottom-left-radius:100px;border-top:0px solid;border-right:0px solid;border-bottom:0px solid;border-left:0px solid;padding-top:var(--global-kb-spacing-xs, 1rem);padding-right:var(--global-kb-spacing-sm, 1.5rem);padding-bottom:var(--global-kb-spacing-xs, 1rem);padding-left:var(--global-kb-spacing-sm, 1.5rem);}.wp-block-kadence-advancedbtn .kb-btn2326_f3d08d-f9.kb-button:hover, .wp-block-kadence-advancedbtn .kb-btn2326_f3d08d-f9.kb-button:focus{background:#000000;}@media all and (max-width: 1024px){.wp-block-kadence-advancedbtn .kb-btn2326_f3d08d-f9.kb-button{border-top:0px solid;border-right:0px solid;border-bottom:0px solid;border-left:0px solid;}}@media all and (max-width: 767px){.wp-block-kadence-advancedbtn .kb-btn2326_f3d08d-f9.kb-button{border-top:0px solid;border-right:0px solid;border-bottom:0px solid;border-left:0px solid;}}<\/style><a class=\"kb-button kt-button button kb-btn2326_f3d08d-f9 kt-btn-size-large kt-btn-width-type-auto kb-btn-global-fill  kt-btn-has-text-true kt-btn-has-svg-false  wp-block-kadence-singlebtn\" href=\"https:\/\/santamonica.lv\/sv\/ansok-om-besok\/\"><span class=\"kt-btn-inner-text\">Ans\u00f6k bes\u00f6k<\/span><\/a><\/div>\n<\/div><\/div>\n\n<\/div><\/div>\n\n<style>.wp-block-kadence-spacer.kt-block-spacer-2326_8bbc71-ba .kt-block-spacer{height:40px;}.wp-block-kadence-spacer.kt-block-spacer-2326_8bbc71-ba .kt-divider{border-top-width:1px;height:1px;border-top-color:#eee;width:80%;border-top-style:solid;}<\/style>\n<div class=\"wp-block-kadence-spacer aligncenter kt-block-spacer-2326_8bbc71-ba\"><div class=\"kt-block-spacer kt-block-spacer-halign-center\"><\/div><\/div>\n","protected":false},"excerpt":{"rendered":"<p>Konsultationer P\u00e5 kliniken &#8221;Santa Monica&#8221; ger vi r\u00e5d till patienter med f\u00f6ljande problem:<\/p>\n","protected":false},"author":1,"featured_media":0,"parent":0,"menu_order":0,"comment_status":"closed","ping_status":"closed","template":"","meta":{"_acf_changed":false,"_uag_custom_page_level_css":"","_kadence_starter_templates_imported_post":false,"_kad_post_transparent":"","_kad_post_title":"hide","_kad_post_layout":"fullwidth","_kad_post_sidebar_id":"","_kad_post_content_style":"unboxed","_kad_post_vertical_padding":"hide","_kad_post_feature":"hide","_kad_post_feature_position":"","_kad_post_header":false,"_kad_post_footer":false,"footnotes":""},"class_list":["post-2326","page","type-page","status-publish","hentry"],"acf":[],"yoast_head":"<!-- This site is optimized with the Yoast SEO plugin v26.4 - https:\/\/yoast.com\/wordpress\/plugins\/seo\/ -->\n<title>Konsultationer - Santa Monica<\/title>\n<meta name=\"robots\" content=\"index, follow, max-snippet:-1, max-image-preview:large, max-video-preview:-1\" \/>\n<link rel=\"canonical\" href=\"https:\/\/santamonica.lv\/sv\/konsultationer\/\" \/>\n<meta property=\"og:locale\" content=\"sv_SE\" \/>\n<meta property=\"og:type\" content=\"article\" \/>\n<meta property=\"og:title\" content=\"Konsultationer - Santa Monica\" \/>\n<meta property=\"og:description\" content=\"Konsultationer P\u00e5 kliniken &#8221;Santa Monica&#8221; ger vi r\u00e5d till patienter med f\u00f6ljande problem:\" \/>\n<meta property=\"og:url\" content=\"https:\/\/santamonica.lv\/sv\/konsultationer\/\" \/>\n<meta property=\"og:site_name\" content=\"Santa Monica\" \/>\n<meta property=\"article:publisher\" content=\"https:\/\/www.facebook.com\/klinikasantamonica\" \/>\n<meta property=\"article:modified_time\" content=\"2025-02-07T16:58:26+00:00\" \/>\n<meta name=\"twitter:card\" content=\"summary_large_image\" \/>\n<script type=\"application\/ld+json\" class=\"yoast-schema-graph\">{\"@context\":\"https:\/\/schema.org\",\"@graph\":[{\"@type\":\"WebPage\",\"@id\":\"https:\/\/santamonica.lv\/sv\/konsultationer\/\",\"url\":\"https:\/\/santamonica.lv\/sv\/konsultationer\/\",\"name\":\"Konsultationer - Santa Monica\",\"isPartOf\":{\"@id\":\"https:\/\/santamonica.lv\/sv\/#website\"},\"datePublished\":\"2024-03-25T22:58:06+00:00\",\"dateModified\":\"2025-02-07T16:58:26+00:00\",\"breadcrumb\":{\"@id\":\"https:\/\/santamonica.lv\/sv\/konsultationer\/#breadcrumb\"},\"inLanguage\":\"sv-SE\",\"potentialAction\":[{\"@type\":\"ReadAction\",\"target\":[\"https:\/\/santamonica.lv\/sv\/konsultationer\/\"]}]},{\"@type\":\"BreadcrumbList\",\"@id\":\"https:\/\/santamonica.lv\/sv\/konsultationer\/#breadcrumb\",\"itemListElement\":[{\"@type\":\"ListItem\",\"position\":1,\"name\":\"Home\",\"item\":\"https:\/\/santamonica.lv\/sv\/borjan\/\"},{\"@type\":\"ListItem\",\"position\":2,\"name\":\"Konsultationer\"}]},{\"@type\":\"WebSite\",\"@id\":\"https:\/\/santamonica.lv\/sv\/#website\",\"url\":\"https:\/\/santamonica.lv\/sv\/\",\"name\":\"Santa Monica\",\"description\":\"\",\"potentialAction\":[{\"@type\":\"SearchAction\",\"target\":{\"@type\":\"EntryPoint\",\"urlTemplate\":\"https:\/\/santamonica.lv\/sv\/?s={search_term_string}\"},\"query-input\":{\"@type\":\"PropertyValueSpecification\",\"valueRequired\":true,\"valueName\":\"search_term_string\"}}],\"inLanguage\":\"sv-SE\"}]}<\/script>\n<!-- \/ Yoast SEO plugin. -->","yoast_head_json":{"title":"Konsultationer - Santa Monica","robots":{"index":"index","follow":"follow","max-snippet":"max-snippet:-1","max-image-preview":"max-image-preview:large","max-video-preview":"max-video-preview:-1"},"canonical":"https:\/\/santamonica.lv\/sv\/konsultationer\/","og_locale":"sv_SE","og_type":"article","og_title":"Konsultationer - Santa Monica","og_description":"Konsultationer P\u00e5 kliniken &#8221;Santa Monica&#8221; ger vi r\u00e5d till patienter med f\u00f6ljande problem:","og_url":"https:\/\/santamonica.lv\/sv\/konsultationer\/","og_site_name":"Santa Monica","article_publisher":"https:\/\/www.facebook.com\/klinikasantamonica","article_modified_time":"2025-02-07T16:58:26+00:00","twitter_card":"summary_large_image","schema":{"@context":"https:\/\/schema.org","@graph":[{"@type":"WebPage","@id":"https:\/\/santamonica.lv\/sv\/konsultationer\/","url":"https:\/\/santamonica.lv\/sv\/konsultationer\/","name":"Konsultationer - Santa Monica","isPartOf":{"@id":"https:\/\/santamonica.lv\/sv\/#website"},"datePublished":"2024-03-25T22:58:06+00:00","dateModified":"2025-02-07T16:58:26+00:00","breadcrumb":{"@id":"https:\/\/santamonica.lv\/sv\/konsultationer\/#breadcrumb"},"inLanguage":"sv-SE","potentialAction":[{"@type":"ReadAction","target":["https:\/\/santamonica.lv\/sv\/konsultationer\/"]}]},{"@type":"BreadcrumbList","@id":"https:\/\/santamonica.lv\/sv\/konsultationer\/#breadcrumb","itemListElement":[{"@type":"ListItem","position":1,"name":"Home","item":"https:\/\/santamonica.lv\/sv\/borjan\/"},{"@type":"ListItem","position":2,"name":"Konsultationer"}]},{"@type":"WebSite","@id":"https:\/\/santamonica.lv\/sv\/#website","url":"https:\/\/santamonica.lv\/sv\/","name":"Santa Monica","description":"","potentialAction":[{"@type":"SearchAction","target":{"@type":"EntryPoint","urlTemplate":"https:\/\/santamonica.lv\/sv\/?s={search_term_string}"},"query-input":{"@type":"PropertyValueSpecification","valueRequired":true,"valueName":"search_term_string"}}],"inLanguage":"sv-SE"}]}},"uagb_featured_image_src":{"full":false,"thumbnail":false,"medium":false,"medium_large":false,"large":false,"1536x1536":false,"2048x2048":false,"woocommerce_thumbnail":false,"woocommerce_single":false,"woocommerce_gallery_thumbnail":false},"uagb_author_info":{"display_name":"admin","author_link":"https:\/\/santamonica.lv\/sv\/author\/admin\/"},"uagb_comment_info":0,"uagb_excerpt":"Konsultationer P\u00e5 kliniken &#8221;Santa Monica&#8221; ger vi r\u00e5d till patienter med f\u00f6ljande problem:","_links":{"self":[{"href":"https:\/\/santamonica.lv\/sv\/wp-json\/wp\/v2\/pages\/2326","targetHints":{"allow":["GET"]}}],"collection":[{"href":"https:\/\/santamonica.lv\/sv\/wp-json\/wp\/v2\/pages"}],"about":[{"href":"https:\/\/santamonica.lv\/sv\/wp-json\/wp\/v2\/types\/page"}],"author":[{"embeddable":true,"href":"https:\/\/santamonica.lv\/sv\/wp-json\/wp\/v2\/users\/1"}],"replies":[{"embeddable":true,"href":"https:\/\/santamonica.lv\/sv\/wp-json\/wp\/v2\/comments?post=2326"}],"version-history":[{"count":3,"href":"https:\/\/santamonica.lv\/sv\/wp-json\/wp\/v2\/pages\/2326\/revisions"}],"predecessor-version":[{"id":2783,"href":"https:\/\/santamonica.lv\/sv\/wp-json\/wp\/v2\/pages\/2326\/revisions\/2783"}],"wp:attachment":[{"href":"https:\/\/santamonica.lv\/sv\/wp-json\/wp\/v2\/media?parent=2326"}],"curies":[{"name":"wp","href":"https:\/\/api.w.org\/{rel}","templated":true}]}}