{"id":2340,"date":"2023-09-30T17:06:09","date_gmt":"2023-09-30T14:06:09","guid":{"rendered":"https:\/\/santamonica.lv\/om-oss\/"},"modified":"2025-04-10T18:12:49","modified_gmt":"2025-04-10T15:12:49","slug":"om-oss","status":"publish","type":"page","link":"https:\/\/santamonica.lv\/sv\/om-oss\/","title":{"rendered":"Om oss"},"content":{"rendered":"\n<div class=\"wp-block-columns is-layout-flex wp-container-core-columns-is-layout-9d6595d7 wp-block-columns-is-layout-flex\">\n<div class=\"wp-block-column is-vertically-aligned-top is-layout-flow wp-block-column-is-layout-flow\">\n<p>Santa Monica grundades i Kamien Pomorski, Polen 1989. Grundaren var Dr Donsbach fr\u00e5n San Diego, professor Lindahl fr\u00e5n Link\u00f6pings Universitetssjukhus och den polska staten.<\/p>\n\n\n\n<p>Initiativtagare till en s\u00e5dan klinik var Per Rabe och G\u00f6ran Asp. B\u00e5da var engagerade i Hela Pharma AB, en av de ledande tillverkarna av kosttillskott i Sverige. dr. Donsbach var en av de ledande l\u00e4karna inom holistisk medicin i USA. Professor Lindahl var en ledande figur inom integrativ medicin i Sverige. Santa Monica hade ett n\u00e4ra samarbete med professor Bj\u00f6rn Nordenstr\u00f6m fr\u00e5n Karolinska sjukhuset i Stockholm. Professor Nordenstr\u00f6m uppfann ECT (elektrokemisk) cancerbehandling, som nu anv\u00e4nds flitigt \u00f6ver hela v\u00e4rlden. 2007 flyttade Santa Monica till Falk\u00f6ping i Sverige. Santa Monica har ett n\u00e4ra samarbete med professor \u00d6kerman och Dr Henning Saupi och andra ledande experter inom omr\u00e5det i hela Europa. Professor \u00d6kerman \u00e4r en ledande figur inom integrativ medicin i Sverige.<\/p>\n\n\n\n<p>Doktor Henning Saupe \u00e4r \u00e4gare till Arcadia-kliniken och en av de ledande figurerna inom integrerad cancerbehandling i Europa. Henning Saupe \u00e4r en Santa Monica-partner som driver sin klinik i Tyskland med stor framg\u00e5ng.<\/p>\n\n\n\n<p>Den 21 februari 2023, p\u00e5 initiativ av G\u00f6ran Asp, flyttades Santa Monica-kliniken till en mycket vacker och lugn plats i norra Lettland, Nauk\u0161\u0113ni.<\/p>\n\n\n\n<p>Baserat p\u00e5 v\u00e4l bepr\u00f6vad erfarenhet och moderna vetenskapliga r\u00f6n har vi utvecklat v\u00e5ra behandlingsprogram med syfte att stimulera och \u00e5terst\u00e4lla kroppens sj\u00e4lvl\u00e4kande f\u00f6rm\u00e5ga.<\/p>\n\n\n\n<p>Vi anv\u00e4nder integrativa medicinmetoder, med ett exempel fr\u00e5n de ledande klinikerna i Europa.<\/p>\n<\/div>\n\n\n\n<div class=\"wp-block-column is-layout-flow wp-block-column-is-layout-flow\">\n<figure class=\"wp-block-embed is-type-video is-provider-youtube wp-block-embed-youtube wp-embed-aspect-16-9 wp-has-aspect-ratio\"><div class=\"wp-block-embed__wrapper\">\n<iframe loading=\"lazy\" title=\"Private clinic &quot;Santa Monica&quot; - cancer treatment with innovative methods  in Latvia\" width=\"720\" height=\"405\" src=\"https:\/\/www.youtube.com\/embed\/tsvxjmlYRfc?feature=oembed\" frameborder=\"0\" allow=\"accelerometer; autoplay; clipboard-write; encrypted-media; gyroscope; picture-in-picture; web-share\" referrerpolicy=\"strict-origin-when-cross-origin\" allowfullscreen><\/iframe>\n<\/div><figcaption class=\"wp-element-caption\">ReTV si\u017eets par priv\u0101tkl\u012bniku &#8221;Santa Monica&#8221; &#8211; v\u0113\u017ea \u0101rst\u0113\u0161ana ar integrat\u012bv\u0101m sist\u0113m\u0101m un metod\u0113m<\/figcaption><\/figure>\n\n\n\n<figure class=\"wp-block-embed is-type-video is-provider-youtube wp-block-embed-youtube wp-embed-aspect-16-9 wp-has-aspect-ratio\"><div class=\"wp-block-embed__wrapper\">\n<iframe loading=\"lazy\" title=\"Santa Monica kl\u012bnika\" width=\"720\" height=\"405\" src=\"https:\/\/www.youtube.com\/embed\/Lfc0OyD0Wh8?feature=oembed\" frameborder=\"0\" allow=\"accelerometer; autoplay; clipboard-write; encrypted-media; gyroscope; picture-in-picture; web-share\" referrerpolicy=\"strict-origin-when-cross-origin\" allowfullscreen><\/iframe>\n<\/div><\/figure>\n\n\n\n<figure class=\"wp-block-embed is-type-video is-provider-youtube wp-block-embed-youtube wp-embed-aspect-16-9 wp-has-aspect-ratio\"><div class=\"wp-block-embed__wrapper\">\n<iframe loading=\"lazy\" title=\"Kl\u012bnika &quot;Santa Monica&quot; - Nauk\u0161\u0113nu mui\u017ea un parks\" width=\"720\" height=\"405\" src=\"https:\/\/www.youtube.com\/embed\/gxEV2-SRNXY?feature=oembed\" frameborder=\"0\" allow=\"accelerometer; autoplay; clipboard-write; encrypted-media; gyroscope; picture-in-picture; web-share\" referrerpolicy=\"strict-origin-when-cross-origin\" allowfullscreen><\/iframe>\n<\/div><\/figure>\n<\/div>\n<\/div>\n","protected":false},"excerpt":{"rendered":"<p>Santa Monica grundades i Kamien Pomorski, Polen 1989. Grundaren var Dr Donsbach fr\u00e5n San Diego, professor Lindahl fr\u00e5n Link\u00f6pings Universitetssjukhus och den polska staten. Initiativtagare till en s\u00e5dan klinik var Per Rabe och G\u00f6ran Asp. B\u00e5da var engagerade i Hela Pharma AB, en av de ledande tillverkarna av kosttillskott i Sverige. dr. Donsbach var en&#8230;<\/p>\n","protected":false},"author":1,"featured_media":0,"parent":0,"menu_order":0,"comment_status":"closed","ping_status":"closed","template":"","meta":{"_acf_changed":false,"_uag_custom_page_level_css":"","_kadence_starter_templates_imported_post":false,"_kad_post_transparent":"","_kad_post_title":"","_kad_post_layout":"","_kad_post_sidebar_id":"","_kad_post_content_style":"","_kad_post_vertical_padding":"","_kad_post_feature":"","_kad_post_feature_position":"","_kad_post_header":false,"_kad_post_footer":false,"footnotes":""},"class_list":["post-2340","page","type-page","status-publish","hentry"],"acf":[],"yoast_head":"<!-- This site is optimized with the Yoast SEO plugin v26.4 - https:\/\/yoast.com\/wordpress\/plugins\/seo\/ -->\n<title>Om oss - Santa Monica<\/title>\n<meta name=\"robots\" content=\"index, follow, max-snippet:-1, max-image-preview:large, max-video-preview:-1\" \/>\n<link rel=\"canonical\" href=\"https:\/\/santamonica.lv\/sv\/om-oss\/\" \/>\n<meta property=\"og:locale\" content=\"sv_SE\" \/>\n<meta property=\"og:type\" content=\"article\" \/>\n<meta property=\"og:title\" content=\"Om oss - Santa Monica\" \/>\n<meta property=\"og:description\" content=\"Santa Monica grundades i Kamien Pomorski, Polen 1989. Grundaren var Dr Donsbach fr\u00e5n San Diego, professor Lindahl fr\u00e5n Link\u00f6pings Universitetssjukhus och den polska staten. Initiativtagare till en s\u00e5dan klinik var Per Rabe och G\u00f6ran Asp. B\u00e5da var engagerade i Hela Pharma AB, en av de ledande tillverkarna av kosttillskott i Sverige. dr. Donsbach var en...\" \/>\n<meta property=\"og:url\" content=\"https:\/\/santamonica.lv\/sv\/om-oss\/\" \/>\n<meta property=\"og:site_name\" content=\"Santa Monica\" \/>\n<meta property=\"article:publisher\" content=\"https:\/\/www.facebook.com\/klinikasantamonica\" \/>\n<meta property=\"article:modified_time\" content=\"2025-04-10T15:12:49+00:00\" \/>\n<meta name=\"twitter:card\" content=\"summary_large_image\" \/>\n<meta name=\"twitter:label1\" content=\"Est. reading time\" \/>\n\t<meta name=\"twitter:data1\" content=\"2 minuter\" \/>\n<script type=\"application\/ld+json\" class=\"yoast-schema-graph\">{\"@context\":\"https:\/\/schema.org\",\"@graph\":[{\"@type\":\"WebPage\",\"@id\":\"https:\/\/santamonica.lv\/sv\/om-oss\/\",\"url\":\"https:\/\/santamonica.lv\/sv\/om-oss\/\",\"name\":\"Om oss - Santa Monica\",\"isPartOf\":{\"@id\":\"https:\/\/santamonica.lv\/sv\/#website\"},\"datePublished\":\"2023-09-30T14:06:09+00:00\",\"dateModified\":\"2025-04-10T15:12:49+00:00\",\"breadcrumb\":{\"@id\":\"https:\/\/santamonica.lv\/sv\/om-oss\/#breadcrumb\"},\"inLanguage\":\"sv-SE\",\"potentialAction\":[{\"@type\":\"ReadAction\",\"target\":[\"https:\/\/santamonica.lv\/sv\/om-oss\/\"]}]},{\"@type\":\"BreadcrumbList\",\"@id\":\"https:\/\/santamonica.lv\/sv\/om-oss\/#breadcrumb\",\"itemListElement\":[{\"@type\":\"ListItem\",\"position\":1,\"name\":\"Home\",\"item\":\"https:\/\/santamonica.lv\/sv\/borjan\/\"},{\"@type\":\"ListItem\",\"position\":2,\"name\":\"Om oss\"}]},{\"@type\":\"WebSite\",\"@id\":\"https:\/\/santamonica.lv\/sv\/#website\",\"url\":\"https:\/\/santamonica.lv\/sv\/\",\"name\":\"Santa Monica\",\"description\":\"\",\"potentialAction\":[{\"@type\":\"SearchAction\",\"target\":{\"@type\":\"EntryPoint\",\"urlTemplate\":\"https:\/\/santamonica.lv\/sv\/?s={search_term_string}\"},\"query-input\":{\"@type\":\"PropertyValueSpecification\",\"valueRequired\":true,\"valueName\":\"search_term_string\"}}],\"inLanguage\":\"sv-SE\"}]}<\/script>\n<!-- \/ Yoast SEO plugin. -->","yoast_head_json":{"title":"Om oss - Santa Monica","robots":{"index":"index","follow":"follow","max-snippet":"max-snippet:-1","max-image-preview":"max-image-preview:large","max-video-preview":"max-video-preview:-1"},"canonical":"https:\/\/santamonica.lv\/sv\/om-oss\/","og_locale":"sv_SE","og_type":"article","og_title":"Om oss - Santa Monica","og_description":"Santa Monica grundades i Kamien Pomorski, Polen 1989. Grundaren var Dr Donsbach fr\u00e5n San Diego, professor Lindahl fr\u00e5n Link\u00f6pings Universitetssjukhus och den polska staten. Initiativtagare till en s\u00e5dan klinik var Per Rabe och G\u00f6ran Asp. B\u00e5da var engagerade i Hela Pharma AB, en av de ledande tillverkarna av kosttillskott i Sverige. dr. Donsbach var en...","og_url":"https:\/\/santamonica.lv\/sv\/om-oss\/","og_site_name":"Santa Monica","article_publisher":"https:\/\/www.facebook.com\/klinikasantamonica","article_modified_time":"2025-04-10T15:12:49+00:00","twitter_card":"summary_large_image","twitter_misc":{"Est. reading time":"2 minuter"},"schema":{"@context":"https:\/\/schema.org","@graph":[{"@type":"WebPage","@id":"https:\/\/santamonica.lv\/sv\/om-oss\/","url":"https:\/\/santamonica.lv\/sv\/om-oss\/","name":"Om oss - Santa Monica","isPartOf":{"@id":"https:\/\/santamonica.lv\/sv\/#website"},"datePublished":"2023-09-30T14:06:09+00:00","dateModified":"2025-04-10T15:12:49+00:00","breadcrumb":{"@id":"https:\/\/santamonica.lv\/sv\/om-oss\/#breadcrumb"},"inLanguage":"sv-SE","potentialAction":[{"@type":"ReadAction","target":["https:\/\/santamonica.lv\/sv\/om-oss\/"]}]},{"@type":"BreadcrumbList","@id":"https:\/\/santamonica.lv\/sv\/om-oss\/#breadcrumb","itemListElement":[{"@type":"ListItem","position":1,"name":"Home","item":"https:\/\/santamonica.lv\/sv\/borjan\/"},{"@type":"ListItem","position":2,"name":"Om oss"}]},{"@type":"WebSite","@id":"https:\/\/santamonica.lv\/sv\/#website","url":"https:\/\/santamonica.lv\/sv\/","name":"Santa Monica","description":"","potentialAction":[{"@type":"SearchAction","target":{"@type":"EntryPoint","urlTemplate":"https:\/\/santamonica.lv\/sv\/?s={search_term_string}"},"query-input":{"@type":"PropertyValueSpecification","valueRequired":true,"valueName":"search_term_string"}}],"inLanguage":"sv-SE"}]}},"uagb_featured_image_src":{"full":false,"thumbnail":false,"medium":false,"medium_large":false,"large":false,"1536x1536":false,"2048x2048":false,"woocommerce_thumbnail":false,"woocommerce_single":false,"woocommerce_gallery_thumbnail":false},"uagb_author_info":{"display_name":"admin","author_link":"https:\/\/santamonica.lv\/sv\/author\/admin\/"},"uagb_comment_info":0,"uagb_excerpt":"Santa Monica grundades i Kamien Pomorski, Polen 1989. Grundaren var Dr Donsbach fr\u00e5n San Diego, professor Lindahl fr\u00e5n Link\u00f6pings Universitetssjukhus och den polska staten. Initiativtagare till en s\u00e5dan klinik var Per Rabe och G\u00f6ran Asp. B\u00e5da var engagerade i Hela Pharma AB, en av de ledande tillverkarna av kosttillskott i Sverige. dr. Donsbach var en...","_links":{"self":[{"href":"https:\/\/santamonica.lv\/sv\/wp-json\/wp\/v2\/pages\/2340","targetHints":{"allow":["GET"]}}],"collection":[{"href":"https:\/\/santamonica.lv\/sv\/wp-json\/wp\/v2\/pages"}],"about":[{"href":"https:\/\/santamonica.lv\/sv\/wp-json\/wp\/v2\/types\/page"}],"author":[{"embeddable":true,"href":"https:\/\/santamonica.lv\/sv\/wp-json\/wp\/v2\/users\/1"}],"replies":[{"embeddable":true,"href":"https:\/\/santamonica.lv\/sv\/wp-json\/wp\/v2\/comments?post=2340"}],"version-history":[{"count":2,"href":"https:\/\/santamonica.lv\/sv\/wp-json\/wp\/v2\/pages\/2340\/revisions"}],"predecessor-version":[{"id":4279,"href":"https:\/\/santamonica.lv\/sv\/wp-json\/wp\/v2\/pages\/2340\/revisions\/4279"}],"wp:attachment":[{"href":"https:\/\/santamonica.lv\/sv\/wp-json\/wp\/v2\/media?parent=2340"}],"curies":[{"name":"wp","href":"https:\/\/api.w.org\/{rel}","templated":true}]}}