{"id":2371,"date":"2023-10-07T18:50:27","date_gmt":"2023-10-07T15:50:27","guid":{"rendered":"https:\/\/santamonica.lv\/chockvagor\/"},"modified":"2024-12-29T19:22:05","modified_gmt":"2024-12-29T17:22:05","slug":"chockvagor","status":"publish","type":"page","link":"https:\/\/santamonica.lv\/sv\/chockvagor\/","title":{"rendered":"Chockv\u00e5gor"},"content":{"rendered":"<style>.kb-row-layout-id2371_4db526-7b > .kt-row-column-wrap{align-content:start;}:where(.kb-row-layout-id2371_4db526-7b > .kt-row-column-wrap) > .wp-block-kadence-column{justify-content:start;}.kb-row-layout-id2371_4db526-7b > .kt-row-column-wrap{column-gap:var(--global-kb-gap-md, 2rem);row-gap:var(--global-kb-gap-md, 2rem);max-width:var( --global-content-width, 1290px );padding-left:var(--global-content-edge-padding);padding-right:var(--global-content-edge-padding);padding-top:140px;padding-bottom:100px;grid-template-columns:minmax(0, 1fr);}.kb-row-layout-id2371_4db526-7b > .kt-row-layout-overlay{opacity:0.07;background-image:url('https:\/\/santamonica.lv\/wp-content\/uploads\/2023\/08\/blommor.jpg');background-size:cover;background-position:37% 16%;background-attachment:scroll;background-repeat:no-repeat;mix-blend-mode:normal;}@media all and (max-width: 1024px){.kb-row-layout-id2371_4db526-7b > .kt-row-column-wrap{padding-top:80px;padding-bottom:80px;grid-template-columns:minmax(0, 1fr);}}@media all and (max-width: 767px){.kb-row-layout-id2371_4db526-7b > .kt-row-column-wrap{padding-top:100px;padding-right:30px;padding-bottom:100px;padding-left:30px;grid-template-columns:minmax(0, 1fr);}}<\/style><div class=\"kb-row-layout-wrap kb-row-layout-id2371_4db526-7b alignnone has-theme-palette8-background-color kt-row-has-bg wp-block-kadence-rowlayout\"><div class=\"kt-row-layout-overlay kt-row-overlay-normal\"><\/div><div class=\"kt-row-column-wrap kt-has-1-columns kt-row-layout-equal kt-tab-layout-inherit kt-mobile-layout-row kt-row-valign-top kb-theme-content-width\">\n<style>.kadence-column2371_8cb9ae-e2 > .kt-inside-inner-col,.kadence-column2371_8cb9ae-e2 > .kt-inside-inner-col:before{border-top-left-radius:0px;border-top-right-radius:0px;border-bottom-right-radius:0px;border-bottom-left-radius:0px;}.kadence-column2371_8cb9ae-e2 > .kt-inside-inner-col{column-gap:var(--global-kb-gap-sm, 1rem);}.kadence-column2371_8cb9ae-e2 > .kt-inside-inner-col{flex-direction:column;}.kadence-column2371_8cb9ae-e2 > .kt-inside-inner-col > .aligncenter{width:100%;}.kadence-column2371_8cb9ae-e2 > .kt-inside-inner-col:before{opacity:0.3;}.kadence-column2371_8cb9ae-e2{position:relative;}@media all and (max-width: 1024px){.kadence-column2371_8cb9ae-e2 > .kt-inside-inner-col{padding-top:0px;padding-right:0px;padding-bottom:0px;padding-left:0px;flex-direction:column;justify-content:center;}}@media all and (max-width: 767px){.kadence-column2371_8cb9ae-e2 > .kt-inside-inner-col{flex-direction:column;justify-content:center;}}<\/style>\n<div class=\"wp-block-kadence-column kadence-column2371_8cb9ae-e2 inner-column-1\"><div class=\"kt-inside-inner-col\"><style>.kb-row-layout-id2371_9c9bd1-f2 > .kt-row-column-wrap{align-content:start;}:where(.kb-row-layout-id2371_9c9bd1-f2 > .kt-row-column-wrap) > .wp-block-kadence-column{justify-content:start;}.kb-row-layout-id2371_9c9bd1-f2 > .kt-row-column-wrap{column-gap:var(--global-kb-gap-md, 2rem);row-gap:var(--global-kb-gap-md, 2rem);max-width:600px;margin-left:auto;margin-right:auto;padding-top:0px;padding-bottom:0px;grid-template-columns:minmax(0, 1fr);}.kb-row-layout-id2371_9c9bd1-f2 > .kt-row-layout-overlay{opacity:0.30;}@media all and (max-width: 1024px){.kb-row-layout-id2371_9c9bd1-f2 > .kt-row-column-wrap{padding-top:0px;padding-right:0px;padding-bottom:0px;padding-left:0px;grid-template-columns:minmax(0, 1fr);}}@media all and (max-width: 767px){.kb-row-layout-id2371_9c9bd1-f2 > .kt-row-column-wrap{grid-template-columns:minmax(0, 1fr);}}<\/style><div class=\"kb-row-layout-wrap kb-row-layout-id2371_9c9bd1-f2 alignnone wp-block-kadence-rowlayout\"><div class=\"kt-row-column-wrap kt-has-1-columns kt-row-layout-equal kt-tab-layout-inherit kt-mobile-layout-row kt-row-valign-top\">\n<style>.kadence-column2371_fb5d4e-6a > .kt-inside-inner-col{padding-right:40px;padding-left:40px;}.kadence-column2371_fb5d4e-6a > .kt-inside-inner-col,.kadence-column2371_fb5d4e-6a > .kt-inside-inner-col:before{border-top-left-radius:0px;border-top-right-radius:0px;border-bottom-right-radius:0px;border-bottom-left-radius:0px;}.kadence-column2371_fb5d4e-6a > .kt-inside-inner-col{column-gap:var(--global-kb-gap-sm, 1rem);}.kadence-column2371_fb5d4e-6a > .kt-inside-inner-col{flex-direction:column;}.kadence-column2371_fb5d4e-6a > .kt-inside-inner-col > .aligncenter{width:100%;}.kadence-column2371_fb5d4e-6a > .kt-inside-inner-col:before{opacity:0.3;}.kadence-column2371_fb5d4e-6a{position:relative;}@media all and (max-width: 1024px){.kadence-column2371_fb5d4e-6a > .kt-inside-inner-col{flex-direction:column;justify-content:center;}}@media all and (max-width: 767px){.kadence-column2371_fb5d4e-6a > .kt-inside-inner-col{padding-right:0px;padding-left:0px;flex-direction:column;justify-content:center;}}<\/style>\n<div class=\"wp-block-kadence-column kadence-column2371_fb5d4e-6a inner-column-1\"><div class=\"kt-inside-inner-col\"><style>.wp-block-kadence-advancedheading.kt-adv-heading2371_7dd5ef-6d, .wp-block-kadence-advancedheading.kt-adv-heading2371_7dd5ef-6d[data-kb-block=\"kb-adv-heading2371_7dd5ef-6d\"]{padding-top:0px;padding-right:0px;padding-bottom:20px;padding-left:0px;margin-top:0px;margin-right:0px;margin-bottom:0px;margin-left:0px;text-align:center;font-style:normal;text-transform:capitalize;}.wp-block-kadence-advancedheading.kt-adv-heading2371_7dd5ef-6d mark.kt-highlight, .wp-block-kadence-advancedheading.kt-adv-heading2371_7dd5ef-6d[data-kb-block=\"kb-adv-heading2371_7dd5ef-6d\"] mark.kt-highlight{font-style:normal;color:#f76a0c;-webkit-box-decoration-break:clone;box-decoration-break:clone;padding-top:0px;padding-right:0px;padding-bottom:0px;padding-left:0px;}@media all and (max-width: 767px){.wp-block-kadence-advancedheading.kt-adv-heading2371_7dd5ef-6d, .wp-block-kadence-advancedheading.kt-adv-heading2371_7dd5ef-6d[data-kb-block=\"kb-adv-heading2371_7dd5ef-6d\"]{font-size:var(--global-kb-font-size-lg, 2rem);}}<\/style>\n<h1 class=\"kt-adv-heading2371_7dd5ef-6d wp-block-kadence-advancedheading has-theme-palette-3-color has-text-color\" data-kb-block=\"kb-adv-heading2371_7dd5ef-6d\">Chockv\u00e5gor<\/h1>\n<\/div><\/div>\n\n<\/div><\/div><\/div><\/div>\n\n<\/div><\/div>\n\n<style>.kb-row-layout-id2371_98dfa4-9e > .kt-row-column-wrap{align-content:start;}:where(.kb-row-layout-id2371_98dfa4-9e > .kt-row-column-wrap) > .wp-block-kadence-column{justify-content:start;}.kb-row-layout-id2371_98dfa4-9e > .kt-row-column-wrap{column-gap:var(--global-kb-gap-md, 2rem);row-gap:var(--global-kb-gap-md, 2rem);max-width:var( --global-content-width, 1290px );padding-left:var(--global-content-edge-padding);padding-right:var(--global-content-edge-padding);padding-top:19px;padding-right:20px;padding-bottom:20px;padding-left:20px;grid-template-columns:minmax(0, 1fr);}.kb-row-layout-id2371_98dfa4-9e > .kt-row-layout-overlay{opacity:0.30;}@media all and (max-width: 1024px){.kb-row-layout-id2371_98dfa4-9e > .kt-row-column-wrap{padding-top:40px;padding-right:40px;padding-bottom:0px;padding-left:40px;grid-template-columns:minmax(0, 1fr);}}@media all and (max-width: 767px){.kb-row-layout-id2371_98dfa4-9e > .kt-row-column-wrap{padding-top:40px;padding-right:40px;padding-bottom:0px;padding-left:40px;grid-template-columns:minmax(0, 1fr);}}<\/style><div class=\"kb-row-layout-wrap kb-row-layout-id2371_98dfa4-9e alignnone wp-block-kadence-rowlayout\"><div class=\"kt-row-column-wrap kt-has-1-columns kt-row-layout-equal kt-tab-layout-inherit kt-mobile-layout-row kt-row-valign-top kb-theme-content-width\">\n<style>.kadence-column2371_72f0a7-96 > .kt-inside-inner-col,.kadence-column2371_72f0a7-96 > .kt-inside-inner-col:before{border-top-left-radius:0px;border-top-right-radius:0px;border-bottom-right-radius:0px;border-bottom-left-radius:0px;}.kadence-column2371_72f0a7-96 > .kt-inside-inner-col{column-gap:var(--global-kb-gap-sm, 1rem);}.kadence-column2371_72f0a7-96 > .kt-inside-inner-col{flex-direction:column;}.kadence-column2371_72f0a7-96 > .kt-inside-inner-col > .aligncenter{width:100%;}.kadence-column2371_72f0a7-96 > .kt-inside-inner-col:before{opacity:0.3;}.kadence-column2371_72f0a7-96{position:relative;}@media all and (max-width: 1024px){.kadence-column2371_72f0a7-96 > .kt-inside-inner-col{flex-direction:column;justify-content:center;}}@media all and (max-width: 767px){.kadence-column2371_72f0a7-96 > .kt-inside-inner-col{flex-direction:column;justify-content:center;}}<\/style>\n<div class=\"wp-block-kadence-column kadence-column2371_72f0a7-96\"><div class=\"kt-inside-inner-col\">\n<div style=\"height:20px\" aria-hidden=\"true\" class=\"wp-block-spacer\"><\/div>\n\n\n\n<div class=\"wp-block-columns is-layout-flex wp-container-core-columns-is-layout-9d6595d7 wp-block-columns-is-layout-flex\">\n<div class=\"wp-block-column is-layout-flow wp-block-column-is-layout-flow\" style=\"flex-basis:33.33%\">\n<figure class=\"wp-block-image size-full\"><img loading=\"lazy\" decoding=\"async\" width=\"402\" height=\"400\" src=\"https:\/\/santamonica.lv\/wp-content\/uploads\/2023\/07\/santa-monica-3.png\" alt=\"\" class=\"wp-image-745\" srcset=\"https:\/\/santamonica.lv\/wp-content\/uploads\/2023\/07\/santa-monica-3.png 402w, https:\/\/santamonica.lv\/wp-content\/uploads\/2023\/07\/santa-monica-3-300x300.png 300w, https:\/\/santamonica.lv\/wp-content\/uploads\/2023\/07\/santa-monica-3-100x100.png 100w, https:\/\/santamonica.lv\/wp-content\/uploads\/2023\/07\/santa-monica-3-150x150.png 150w\" sizes=\"auto, (max-width: 402px) 100vw, 402px\" \/><\/figure>\n<\/div>\n\n\n\n<div class=\"wp-block-column is-layout-flow wp-block-column-is-layout-flow\" style=\"flex-basis:66.66%\">\n<h2 class=\"wp-block-heading\"><strong>Hur chockv\u00e5gor fungerar<\/strong><\/h2>\n\n\n\n<p>De mekaniska pulserna fr\u00e5n st\u00f6tv\u00e5gor aktiverar en hel rad positiva processer i de skadade v\u00e4vnaderna &#8211; absorption av f\u00f6rkalkninger och inflammationer, slappnar av den strama muskelstrukturen, s\u00e4kerst\u00e4ller v\u00e4vnadsn\u00e4ring och regenerering.<\/p>\n\n\n\n<p>Det \u00e4r en icke-invasiv metod, ingen analgesi kr\u00e4vs. Bara p\u00e5 vissa st\u00e4llen finns en minimal sm\u00e4rtk\u00e4nsla, men det \u00e4r s\u00e5 det ska vara. Proceduren orsakar en k\u00e4nsla av stickningar och tr\u00f6tthet.<\/p>\n\n\n\n<h2 class=\"wp-block-heading\"><strong>I vilka fall rekommenderas st\u00f6tv\u00e5gsbehandling?<\/strong><\/h2>\n\n\n\n<p>Denna sjukgymnastikprocedur \u00e4r indikerad n\u00e4r massage och mer skonsamma fysiska behandlingar inte hj\u00e4lper. Denna metod kan anv\u00e4ndas mycket brett, men oftast betyder det om det finns:<\/p>\n\n\n\n<ul class=\"wp-block-list\">\n<li>inflammerad ledsena som orsakar akut eller kronisk sm\u00e4rta orsakad av stukning, \u00f6veranv\u00e4ndning, sm\u00e4rta efter idrotts-\/hemskada t ex tennisarmb\u00e5ge &#8211; sm\u00e4rta i armb\u00e5gsleden etc. &#8211; handled, axelled,<\/li>\n\n\n\n<li>inflammation i kn\u00e4ligamentet, eller &#8221;jumper&#8217;s knee&#8221;, &#8211; dessa problem \u00e4r vanliga hos idrottare och dansare,<\/li>\n\n\n\n<li>ryggont,<\/li>\n\n\n\n<li>Inflammation i akillessenan, inflammation i fotligamenten, liktornar i h\u00e4len,<\/li>\n\n\n\n<li>olika muskelsammandragningar och inflammationer, de s\u00e5 kallade triggerpunkterna, som finns i nacke, axelparti och mellan skulderbladen, finns ofta hos patienter som sitter mycket vid datorn, \u00e4ven inflammation i tuggmuskeln m.m. .<\/li>\n\n\n\n<li>f\u00f6rtjockad \u00e4rrv\u00e4vnad &#8211; terapi g\u00f6r dem mjukare;<\/li>\n\n\n\n<li>erektil dysfunktion hos m\u00e4n, \u2013 f\u00f6rb\u00e4ttrar blodcirkulationen i penis, bildar nya blodk\u00e4rl och omarrangerar blodfl\u00f6det i positiv riktning, etc.<\/li>\n<\/ul>\n\n\n\n<p>Det \u00e4r en icke-invasiv metod, ingen analgesi kr\u00e4vs. Bara p\u00e5 vissa st\u00e4llen finns en minimal sm\u00e4rtk\u00e4nsla, men det \u00e4r s\u00e5 det ska vara. Proceduren orsakar en k\u00e4nsla av stickningar och tr\u00f6tthet.<\/p>\n\n\n<style>.wp-block-kadence-advancedbtn.kb-btns2371_6505b1-78{gap:var(--global-kb-gap-xs, 0.5rem );justify-content:flex-start;align-items:center;}.kt-btns2371_6505b1-78 .kt-button{font-weight:normal;font-style:normal;}.kt-btns2371_6505b1-78 .kt-btn-wrap-0{margin-right:5px;}.wp-block-kadence-advancedbtn.kt-btns2371_6505b1-78 .kt-btn-wrap-0 .kt-button{color:#555555;border-color:#555555;}.wp-block-kadence-advancedbtn.kt-btns2371_6505b1-78 .kt-btn-wrap-0 .kt-button:hover, .wp-block-kadence-advancedbtn.kt-btns2371_6505b1-78 .kt-btn-wrap-0 .kt-button:focus{color:#ffffff;border-color:#444444;}.wp-block-kadence-advancedbtn.kt-btns2371_6505b1-78 .kt-btn-wrap-0 .kt-button::before{display:none;}.wp-block-kadence-advancedbtn.kt-btns2371_6505b1-78 .kt-btn-wrap-0 .kt-button:hover, .wp-block-kadence-advancedbtn.kt-btns2371_6505b1-78 .kt-btn-wrap-0 .kt-button:focus{background:#444444;}<\/style>\n<div class=\"wp-block-kadence-advancedbtn kb-buttons-wrap kb-btns2371_6505b1-78\"><style>ul.menu .wp-block-kadence-advancedbtn .kb-btn2371_bab20c-76.kb-button{width:initial;}.wp-block-kadence-advancedbtn .kb-btn2371_bab20c-76.kb-button{border-top-left-radius:100px;border-top-right-radius:100px;border-bottom-right-radius:100px;border-bottom-left-radius:100px;border-top:0px solid;border-right:0px solid;border-bottom:0px solid;border-left:0px solid;padding-top:var(--global-kb-spacing-xs, 1rem);padding-right:var(--global-kb-spacing-sm, 1.5rem);padding-bottom:var(--global-kb-spacing-xs, 1rem);padding-left:var(--global-kb-spacing-sm, 1.5rem);}.wp-block-kadence-advancedbtn .kb-btn2371_bab20c-76.kb-button:hover, .wp-block-kadence-advancedbtn .kb-btn2371_bab20c-76.kb-button:focus{background:#000000;}@media all and (max-width: 1024px){.wp-block-kadence-advancedbtn .kb-btn2371_bab20c-76.kb-button{border-top:0px solid;border-right:0px solid;border-bottom:0px solid;border-left:0px solid;}}@media all and (max-width: 767px){.wp-block-kadence-advancedbtn .kb-btn2371_bab20c-76.kb-button{border-top:0px solid;border-right:0px solid;border-bottom:0px solid;border-left:0px solid;}}<\/style><a class=\"kb-button kt-button button kb-btn2371_bab20c-76 kt-btn-size-large kt-btn-width-type-auto kb-btn-global-fill  kt-btn-has-text-true kt-btn-has-svg-false  wp-block-kadence-singlebtn\" href=\"https:\/\/santamonica.lv\/sv\/ansok-om-besok\/\"><span class=\"kt-btn-inner-text\">Ans\u00f6k bes\u00f6k<\/span><\/a><\/div>\n<\/div>\n<\/div>\n<\/div><\/div>\n\n<\/div><\/div>\n\n<style>.wp-block-kadence-spacer.kt-block-spacer-2371_abfb2a-f7 .kt-block-spacer{height:80px;}.wp-block-kadence-spacer.kt-block-spacer-2371_abfb2a-f7 .kt-divider{border-top-width:1px;height:1px;border-top-color:#eee;width:80%;border-top-style:solid;}<\/style>\n<div class=\"wp-block-kadence-spacer aligncenter kt-block-spacer-2371_abfb2a-f7\"><div class=\"kt-block-spacer kt-block-spacer-halign-center\"><\/div><\/div>\n","protected":false},"excerpt":{"rendered":"<p>Chockv\u00e5gor Hur chockv\u00e5gor fungerar De mekaniska pulserna fr\u00e5n st\u00f6tv\u00e5gor aktiverar en hel rad positiva processer i de skadade v\u00e4vnaderna &#8211; absorption av f\u00f6rkalkninger och inflammationer, slappnar av den strama muskelstrukturen, s\u00e4kerst\u00e4ller v\u00e4vnadsn\u00e4ring och regenerering. Det \u00e4r en icke-invasiv metod, ingen analgesi kr\u00e4vs. Bara p\u00e5 vissa st\u00e4llen finns en minimal sm\u00e4rtk\u00e4nsla, men det \u00e4r s\u00e5 det&#8230;<\/p>\n","protected":false},"author":1,"featured_media":0,"parent":0,"menu_order":0,"comment_status":"closed","ping_status":"closed","template":"","meta":{"_acf_changed":false,"_uag_custom_page_level_css":"","_kadence_starter_templates_imported_post":false,"_kad_post_transparent":"","_kad_post_title":"hide","_kad_post_layout":"fullwidth","_kad_post_sidebar_id":"","_kad_post_content_style":"unboxed","_kad_post_vertical_padding":"hide","_kad_post_feature":"hide","_kad_post_feature_position":"","_kad_post_header":false,"_kad_post_footer":false,"footnotes":""},"class_list":["post-2371","page","type-page","status-publish","hentry"],"acf":[],"yoast_head":"<!-- This site is optimized with the Yoast SEO plugin v26.4 - https:\/\/yoast.com\/wordpress\/plugins\/seo\/ -->\n<title>Chockv\u00e5gor - Santa Monica<\/title>\n<meta name=\"robots\" content=\"index, follow, max-snippet:-1, max-image-preview:large, max-video-preview:-1\" \/>\n<link rel=\"canonical\" href=\"https:\/\/santamonica.lv\/sv\/chockvagor\/\" \/>\n<meta property=\"og:locale\" content=\"sv_SE\" \/>\n<meta property=\"og:type\" content=\"article\" \/>\n<meta property=\"og:title\" content=\"Chockv\u00e5gor - Santa Monica\" \/>\n<meta property=\"og:description\" content=\"Chockv\u00e5gor Hur chockv\u00e5gor fungerar De mekaniska pulserna fr\u00e5n st\u00f6tv\u00e5gor aktiverar en hel rad positiva processer i de skadade v\u00e4vnaderna &#8211; absorption av f\u00f6rkalkninger och inflammationer, slappnar av den strama muskelstrukturen, s\u00e4kerst\u00e4ller v\u00e4vnadsn\u00e4ring och regenerering. Det \u00e4r en icke-invasiv metod, ingen analgesi kr\u00e4vs. Bara p\u00e5 vissa st\u00e4llen finns en minimal sm\u00e4rtk\u00e4nsla, men det \u00e4r s\u00e5 det...\" \/>\n<meta property=\"og:url\" content=\"https:\/\/santamonica.lv\/sv\/chockvagor\/\" \/>\n<meta property=\"og:site_name\" content=\"Santa Monica\" \/>\n<meta property=\"article:publisher\" content=\"https:\/\/www.facebook.com\/klinikasantamonica\" \/>\n<meta property=\"article:modified_time\" content=\"2024-12-29T17:22:05+00:00\" \/>\n<meta property=\"og:image\" content=\"https:\/\/santamonica.lv\/wp-content\/uploads\/2023\/07\/santa-monica-3.png\" \/>\n\t<meta property=\"og:image:width\" content=\"402\" \/>\n\t<meta property=\"og:image:height\" content=\"400\" \/>\n\t<meta property=\"og:image:type\" content=\"image\/png\" \/>\n<meta name=\"twitter:card\" content=\"summary_large_image\" \/>\n<meta name=\"twitter:label1\" content=\"Est. reading time\" \/>\n\t<meta name=\"twitter:data1\" content=\"1 minut\" \/>\n<script type=\"application\/ld+json\" class=\"yoast-schema-graph\">{\"@context\":\"https:\/\/schema.org\",\"@graph\":[{\"@type\":\"WebPage\",\"@id\":\"https:\/\/santamonica.lv\/sv\/chockvagor\/\",\"url\":\"https:\/\/santamonica.lv\/sv\/chockvagor\/\",\"name\":\"Chockv\u00e5gor - Santa Monica\",\"isPartOf\":{\"@id\":\"https:\/\/santamonica.lv\/sv\/#website\"},\"primaryImageOfPage\":{\"@id\":\"https:\/\/santamonica.lv\/sv\/chockvagor\/#primaryimage\"},\"image\":{\"@id\":\"https:\/\/santamonica.lv\/sv\/chockvagor\/#primaryimage\"},\"thumbnailUrl\":\"https:\/\/santamonica.lv\/wp-content\/uploads\/2023\/07\/santa-monica-3.png\",\"datePublished\":\"2023-10-07T15:50:27+00:00\",\"dateModified\":\"2024-12-29T17:22:05+00:00\",\"breadcrumb\":{\"@id\":\"https:\/\/santamonica.lv\/sv\/chockvagor\/#breadcrumb\"},\"inLanguage\":\"sv-SE\",\"potentialAction\":[{\"@type\":\"ReadAction\",\"target\":[\"https:\/\/santamonica.lv\/sv\/chockvagor\/\"]}]},{\"@type\":\"ImageObject\",\"inLanguage\":\"sv-SE\",\"@id\":\"https:\/\/santamonica.lv\/sv\/chockvagor\/#primaryimage\",\"url\":\"https:\/\/santamonica.lv\/wp-content\/uploads\/2023\/07\/santa-monica-3.png\",\"contentUrl\":\"https:\/\/santamonica.lv\/wp-content\/uploads\/2023\/07\/santa-monica-3.png\"},{\"@type\":\"BreadcrumbList\",\"@id\":\"https:\/\/santamonica.lv\/sv\/chockvagor\/#breadcrumb\",\"itemListElement\":[{\"@type\":\"ListItem\",\"position\":1,\"name\":\"Home\",\"item\":\"https:\/\/santamonica.lv\/sv\/borjan\/\"},{\"@type\":\"ListItem\",\"position\":2,\"name\":\"Chockv\u00e5gor\"}]},{\"@type\":\"WebSite\",\"@id\":\"https:\/\/santamonica.lv\/sv\/#website\",\"url\":\"https:\/\/santamonica.lv\/sv\/\",\"name\":\"Santa Monica\",\"description\":\"\",\"potentialAction\":[{\"@type\":\"SearchAction\",\"target\":{\"@type\":\"EntryPoint\",\"urlTemplate\":\"https:\/\/santamonica.lv\/sv\/?s={search_term_string}\"},\"query-input\":{\"@type\":\"PropertyValueSpecification\",\"valueRequired\":true,\"valueName\":\"search_term_string\"}}],\"inLanguage\":\"sv-SE\"}]}<\/script>\n<!-- \/ Yoast SEO plugin. -->","yoast_head_json":{"title":"Chockv\u00e5gor - Santa Monica","robots":{"index":"index","follow":"follow","max-snippet":"max-snippet:-1","max-image-preview":"max-image-preview:large","max-video-preview":"max-video-preview:-1"},"canonical":"https:\/\/santamonica.lv\/sv\/chockvagor\/","og_locale":"sv_SE","og_type":"article","og_title":"Chockv\u00e5gor - Santa Monica","og_description":"Chockv\u00e5gor Hur chockv\u00e5gor fungerar De mekaniska pulserna fr\u00e5n st\u00f6tv\u00e5gor aktiverar en hel rad positiva processer i de skadade v\u00e4vnaderna &#8211; absorption av f\u00f6rkalkninger och inflammationer, slappnar av den strama muskelstrukturen, s\u00e4kerst\u00e4ller v\u00e4vnadsn\u00e4ring och regenerering. Det \u00e4r en icke-invasiv metod, ingen analgesi kr\u00e4vs. Bara p\u00e5 vissa st\u00e4llen finns en minimal sm\u00e4rtk\u00e4nsla, men det \u00e4r s\u00e5 det...","og_url":"https:\/\/santamonica.lv\/sv\/chockvagor\/","og_site_name":"Santa Monica","article_publisher":"https:\/\/www.facebook.com\/klinikasantamonica","article_modified_time":"2024-12-29T17:22:05+00:00","og_image":[{"width":402,"height":400,"url":"https:\/\/santamonica.lv\/wp-content\/uploads\/2023\/07\/santa-monica-3.png","type":"image\/png"}],"twitter_card":"summary_large_image","twitter_misc":{"Est. reading time":"1 minut"},"schema":{"@context":"https:\/\/schema.org","@graph":[{"@type":"WebPage","@id":"https:\/\/santamonica.lv\/sv\/chockvagor\/","url":"https:\/\/santamonica.lv\/sv\/chockvagor\/","name":"Chockv\u00e5gor - Santa Monica","isPartOf":{"@id":"https:\/\/santamonica.lv\/sv\/#website"},"primaryImageOfPage":{"@id":"https:\/\/santamonica.lv\/sv\/chockvagor\/#primaryimage"},"image":{"@id":"https:\/\/santamonica.lv\/sv\/chockvagor\/#primaryimage"},"thumbnailUrl":"https:\/\/santamonica.lv\/wp-content\/uploads\/2023\/07\/santa-monica-3.png","datePublished":"2023-10-07T15:50:27+00:00","dateModified":"2024-12-29T17:22:05+00:00","breadcrumb":{"@id":"https:\/\/santamonica.lv\/sv\/chockvagor\/#breadcrumb"},"inLanguage":"sv-SE","potentialAction":[{"@type":"ReadAction","target":["https:\/\/santamonica.lv\/sv\/chockvagor\/"]}]},{"@type":"ImageObject","inLanguage":"sv-SE","@id":"https:\/\/santamonica.lv\/sv\/chockvagor\/#primaryimage","url":"https:\/\/santamonica.lv\/wp-content\/uploads\/2023\/07\/santa-monica-3.png","contentUrl":"https:\/\/santamonica.lv\/wp-content\/uploads\/2023\/07\/santa-monica-3.png"},{"@type":"BreadcrumbList","@id":"https:\/\/santamonica.lv\/sv\/chockvagor\/#breadcrumb","itemListElement":[{"@type":"ListItem","position":1,"name":"Home","item":"https:\/\/santamonica.lv\/sv\/borjan\/"},{"@type":"ListItem","position":2,"name":"Chockv\u00e5gor"}]},{"@type":"WebSite","@id":"https:\/\/santamonica.lv\/sv\/#website","url":"https:\/\/santamonica.lv\/sv\/","name":"Santa Monica","description":"","potentialAction":[{"@type":"SearchAction","target":{"@type":"EntryPoint","urlTemplate":"https:\/\/santamonica.lv\/sv\/?s={search_term_string}"},"query-input":{"@type":"PropertyValueSpecification","valueRequired":true,"valueName":"search_term_string"}}],"inLanguage":"sv-SE"}]}},"uagb_featured_image_src":{"full":false,"thumbnail":false,"medium":false,"medium_large":false,"large":false,"1536x1536":false,"2048x2048":false,"woocommerce_thumbnail":false,"woocommerce_single":false,"woocommerce_gallery_thumbnail":false},"uagb_author_info":{"display_name":"admin","author_link":"https:\/\/santamonica.lv\/sv\/author\/admin\/"},"uagb_comment_info":0,"uagb_excerpt":"Chockv\u00e5gor Hur chockv\u00e5gor fungerar De mekaniska pulserna fr\u00e5n st\u00f6tv\u00e5gor aktiverar en hel rad positiva processer i de skadade v\u00e4vnaderna &#8211; absorption av f\u00f6rkalkninger och inflammationer, slappnar av den strama muskelstrukturen, s\u00e4kerst\u00e4ller v\u00e4vnadsn\u00e4ring och regenerering. Det \u00e4r en icke-invasiv metod, ingen analgesi kr\u00e4vs. Bara p\u00e5 vissa st\u00e4llen finns en minimal sm\u00e4rtk\u00e4nsla, men det \u00e4r s\u00e5 det...","_links":{"self":[{"href":"https:\/\/santamonica.lv\/sv\/wp-json\/wp\/v2\/pages\/2371","targetHints":{"allow":["GET"]}}],"collection":[{"href":"https:\/\/santamonica.lv\/sv\/wp-json\/wp\/v2\/pages"}],"about":[{"href":"https:\/\/santamonica.lv\/sv\/wp-json\/wp\/v2\/types\/page"}],"author":[{"embeddable":true,"href":"https:\/\/santamonica.lv\/sv\/wp-json\/wp\/v2\/users\/1"}],"replies":[{"embeddable":true,"href":"https:\/\/santamonica.lv\/sv\/wp-json\/wp\/v2\/comments?post=2371"}],"version-history":[{"count":2,"href":"https:\/\/santamonica.lv\/sv\/wp-json\/wp\/v2\/pages\/2371\/revisions"}],"predecessor-version":[{"id":2704,"href":"https:\/\/santamonica.lv\/sv\/wp-json\/wp\/v2\/pages\/2371\/revisions\/2704"}],"wp:attachment":[{"href":"https:\/\/santamonica.lv\/sv\/wp-json\/wp\/v2\/media?parent=2371"}],"curies":[{"name":"wp","href":"https:\/\/api.w.org\/{rel}","templated":true}]}}