{"id":2373,"date":"2024-01-26T20:24:07","date_gmt":"2024-01-26T18:24:07","guid":{"rendered":"https:\/\/santamonica.lv\/for-halsan\/"},"modified":"2025-03-06T01:00:59","modified_gmt":"2025-03-05T23:00:59","slug":"for-halsan","status":"publish","type":"page","link":"https:\/\/santamonica.lv\/sv\/for-halsan\/","title":{"rendered":"F\u00f6r h\u00e4lsan"},"content":{"rendered":"<style>\n.childpagescard_img_block5f14615696649541a025d3d0f8e0447f {\n  float: left;\n  padding: 10px;\n}\n.childpagescard_border5f14615696649541a025d3d0f8e0447f {\n  border-right: solid 5px #7db4e6;\n  padding: 0.25em 0.25em;\n  color: #494949;\n  background: transparent;\n}\n.childpagescard_title5f14615696649541a025d3d0f8e0447f {\n  line-height: 120%;\n  font-weight: bold;\n  display: block;\n}\n.childpagescard_description5f14615696649541a025d3d0f8e0447f {\n  line-height: 120%;\n  color: #333;\n}\n<\/style>\n<div class=\"childpagescard_wrap\">\n\t<a style=\"text-decoration: none;\" href=\"https:\/\/santamonica.lv\/sv\/for-halsan\/frankincense-eller-boswellia\/\">\n\t\t\t<figure class=\"childpagescard_img_block5f14615696649541a025d3d0f8e0447f\">\n\t\t\t<img decoding=\"async\" style=\"border-radius: 5px; width: 300px; height: 300px;\" src=\"https:\/\/santamonica.lv\/wp-content\/uploads\/2024\/01\/bosvelijas-koka-sveki-viraks-300x300.jpg\" alt=\"Frankincense eller boswellia - Santa Monica\" \/>\n\t\t<\/figure>\n\t\t<div class=\"childpagescard_inner\">\n\t\t<div class=\"childpagescard_border5f14615696649541a025d3d0f8e0447f\">\n\t\t\t<div class=\"childpagescard_title5f14615696649541a025d3d0f8e0447f\">\n\t\t\t\tFrankincense eller boswellia &#8211; Santa Monica\t\t\t<\/div>\n\t\t\t\t\t\t\t<div class=\"childpagescard_description5f14615696649541a025d3d0f8e0447f\">\n\t\t\t\t\tDoftande r\u00f6kelse \u00e4r hartset fr\u00e5n boswelliatr\u00e4det, som har anv\u00e4nts f\u00f6r religi\u00f6sa \u00e4ndam\u00e5l sedan urminnes tider, men som nu alltmer citeras f\u00f6r sina medicinska egenskaper. Boswellia, eller r\u00f6kelse, har a&#8230;\t\t\t\t<\/div>\n\t\t\t\t\t<\/div>\n\t<\/div>\n\t<div style=\"clear: both;\"><\/div>\n\t<\/a>\n<\/div>\n<div class=\"childpagescard_wrap\">\n\t<a style=\"text-decoration: none;\" href=\"https:\/\/santamonica.lv\/sv\/for-halsan\/adek-vitamin\/\">\n\t\t\t<figure class=\"childpagescard_img_block5f14615696649541a025d3d0f8e0447f\">\n\t\t\t<img decoding=\"async\" style=\"border-radius: 5px; width: 300px; height: 300px;\" src=\"https:\/\/santamonica.lv\/wp-content\/uploads\/2024\/01\/adek-vitaminu-infuzijas-300x300.jpg\" alt=\"ADEK vitamininjektionsl\u00f6sning - Santa Monica\" \/>\n\t\t<\/figure>\n\t\t<div class=\"childpagescard_inner\">\n\t\t<div class=\"childpagescard_border5f14615696649541a025d3d0f8e0447f\">\n\t\t\t<div class=\"childpagescard_title5f14615696649541a025d3d0f8e0447f\">\n\t\t\t\tADEK vitamininjektionsl\u00f6sning &#8211; Santa Monica\t\t\t<\/div>\n\t\t\t\t\t\t\t<div class=\"childpagescard_description5f14615696649541a025d3d0f8e0447f\">\n\t\t\t\t\tVitaminerna A, D, E och K \u00e4r alla fettl\u00f6sliga, som finns kvar i kroppen under en relativt l\u00e5ng tid. N\u00e4r det g\u00e4ller m\u00e5nga sjukdomar uppst\u00e5r en brist p\u00e5 dessa \u00e4mnen i kroppen p\u00e5 grund av absorptionsst\u00f6r&#8230;\t\t\t\t<\/div>\n\t\t\t\t\t<\/div>\n\t<\/div>\n\t<div style=\"clear: both;\"><\/div>\n\t<\/a>\n<\/div>\n<div class=\"childpagescard_wrap\">\n\t<a style=\"text-decoration: none;\" href=\"https:\/\/santamonica.lv\/sv\/for-halsan\/alfa-liponsyra\/\">\n\t\t\t<figure class=\"childpagescard_img_block5f14615696649541a025d3d0f8e0447f\">\n\t\t\t<img decoding=\"async\" style=\"border-radius: 5px; width: 300px; height: 300px;\" src=\"https:\/\/santamonica.lv\/wp-content\/uploads\/2024\/01\/alpha-lipoic-acid-300x300.jpg\" alt=\"Alfa-liponsyra - Santa Monica\" \/>\n\t\t<\/figure>\n\t\t<div class=\"childpagescard_inner\">\n\t\t<div class=\"childpagescard_border5f14615696649541a025d3d0f8e0447f\">\n\t\t\t<div class=\"childpagescard_title5f14615696649541a025d3d0f8e0447f\">\n\t\t\t\tAlfa-liponsyra &#8211; Santa Monica\t\t\t<\/div>\n\t\t\t\t\t\t\t<div class=\"childpagescard_description5f14615696649541a025d3d0f8e0447f\">\n\t\t\t\t\tLiponsyra, \u00e4ven k\u00e4nd som a-liponsyra, alfa-liponsyra eller tioktinsyra, \u00e4r en svavelhaltig organisk f\u00f6rening som h\u00e4rr\u00f6r fr\u00e5n kaprylsyra. ALS produceras vanligtvis hos djur och \u00e4r avg\u00f6rande f\u00f6r aerob m&#8230;\t\t\t\t<\/div>\n\t\t\t\t\t<\/div>\n\t<\/div>\n\t<div style=\"clear: both;\"><\/div>\n\t<\/a>\n<\/div>\n<div class=\"childpagescard_wrap\">\n\t<a style=\"text-decoration: none;\" href=\"https:\/\/santamonica.lv\/sv\/for-halsan\/artesunate\/\">\n\t\t\t<figure class=\"childpagescard_img_block5f14615696649541a025d3d0f8e0447f\">\n\t\t\t<img decoding=\"async\" style=\"border-radius: 5px; width: 300px; height: 300px;\" src=\"https:\/\/santamonica.lv\/wp-content\/uploads\/2024\/01\/artemisia-annua-300x300.jpg\" alt=\"Artesunate - Santa Monica\" \/>\n\t\t<\/figure>\n\t\t<div class=\"childpagescard_inner\">\n\t\t<div class=\"childpagescard_border5f14615696649541a025d3d0f8e0447f\">\n\t\t\t<div class=\"childpagescard_title5f14615696649541a025d3d0f8e0447f\">\n\t\t\t\tArtesunate &#8211; Santa Monica\t\t\t<\/div>\n\t\t\t\t\t\t\t<div class=\"childpagescard_description5f14615696649541a025d3d0f8e0447f\">\n\t\t\t\t\tArtesunate \u00e4r ett artemisininderivat erh\u00e5llet fr\u00e5n den kinesiska v\u00e4xten Artemisia\u00a0annua, eller kinesisk mal\u00f6rt. Det har anv\u00e4nts i \u00e5rhundraden i asiatiska l\u00e4nder som ett traditionellt botemedel f\u00f6r att&#8230;\t\t\t\t<\/div>\n\t\t\t\t\t<\/div>\n\t<\/div>\n\t<div style=\"clear: both;\"><\/div>\n\t<\/a>\n<\/div>\n<div class=\"childpagescard_wrap\">\n\t<a style=\"text-decoration: none;\" href=\"https:\/\/santamonica.lv\/sv\/for-halsan\/vitamin-c\/\">\n\t\t\t<figure class=\"childpagescard_img_block5f14615696649541a025d3d0f8e0447f\">\n\t\t\t<img decoding=\"async\" style=\"border-radius: 5px; width: 300px; height: 300px;\" src=\"https:\/\/santamonica.lv\/wp-content\/uploads\/2024\/01\/vitamina-c-terapija-veza-arstesanai-300x300.jpg\" alt=\"Vitamin C - Santa Monica\" \/>\n\t\t<\/figure>\n\t\t<div class=\"childpagescard_inner\">\n\t\t<div class=\"childpagescard_border5f14615696649541a025d3d0f8e0447f\">\n\t\t\t<div class=\"childpagescard_title5f14615696649541a025d3d0f8e0447f\">\n\t\t\t\tVitamin C &#8211; Santa Monica\t\t\t<\/div>\n\t\t\t\t\t\t\t<div class=\"childpagescard_description5f14615696649541a025d3d0f8e0447f\">\n\t\t\t\t\tEtt effektivt verktyg vid behandling av olika sjukdomar. C-vitamin fungerar b\u00e5de p\u00e5 virus och kan \u00e4ven anv\u00e4ndas vid bakteriella infektioner. Det fungerar \u00e5t olika h\u00e5ll samtidigt. Genom att aktivera ak&#8230;\t\t\t\t<\/div>\n\t\t\t\t\t<\/div>\n\t<\/div>\n\t<div style=\"clear: both;\"><\/div>\n\t<\/a>\n<\/div>\n<div class=\"childpagescard_wrap\">\n\t<a style=\"text-decoration: none;\" href=\"https:\/\/santamonica.lv\/sv\/for-halsan\/dikloracetat\/\">\n\t\t\t<figure class=\"childpagescard_img_block5f14615696649541a025d3d0f8e0447f\">\n\t\t\t<img decoding=\"async\" style=\"border-radius: 5px; width: 300px; height: 300px;\" src=\"https:\/\/santamonica.lv\/wp-content\/uploads\/2024\/01\/dihloroacetats-300x300.jpg\" alt=\"Dikloracetat - Santa Monica\" \/>\n\t\t<\/figure>\n\t\t<div class=\"childpagescard_inner\">\n\t\t<div class=\"childpagescard_border5f14615696649541a025d3d0f8e0447f\">\n\t\t\t<div class=\"childpagescard_title5f14615696649541a025d3d0f8e0447f\">\n\t\t\t\tDikloracetat &#8211; Santa Monica\t\t\t<\/div>\n\t\t\t\t\t\t\t<div class=\"childpagescard_description5f14615696649541a025d3d0f8e0447f\">\n\t\t\t\t\tFr\u00e5n b\u00f6rjan anv\u00e4ndes ett l\u00e4kemedel som heter dikloracetat f\u00f6r att behandla en relativt s\u00e4llsynt \u00e4mnesoms\u00e4ttningsst\u00f6rning hos barn (laktacidos). Sedan fick ett forskarlag fr\u00e5n Kanada veta att detta \u00e4mn&#8230;\t\t\t\t<\/div>\n\t\t\t\t\t<\/div>\n\t<\/div>\n\t<div style=\"clear: both;\"><\/div>\n\t<\/a>\n<\/div>\n<div class=\"childpagescard_wrap\">\n\t<a style=\"text-decoration: none;\" href=\"https:\/\/santamonica.lv\/sv\/for-halsan\/fenylalanin\/\">\n\t\t\t<figure class=\"childpagescard_img_block5f14615696649541a025d3d0f8e0447f\">\n\t\t\t<img decoding=\"async\" style=\"border-radius: 5px; width: 300px; height: 300px;\" src=\"https:\/\/santamonica.lv\/wp-content\/uploads\/2024\/01\/phenylalanine-300x300.jpg\" alt=\"Fenylalanin - Santa Monica\" \/>\n\t\t<\/figure>\n\t\t<div class=\"childpagescard_inner\">\n\t\t<div class=\"childpagescard_border5f14615696649541a025d3d0f8e0447f\">\n\t\t\t<div class=\"childpagescard_title5f14615696649541a025d3d0f8e0447f\">\n\t\t\t\tFenylalanin &#8211; Santa Monica\t\t\t<\/div>\n\t\t\t\t\t\t\t<div class=\"childpagescard_description5f14615696649541a025d3d0f8e0447f\">\n\t\t\t\t\tFenylalanin \u00e4r en essentiell aminosyra i m\u00e4nniskokroppen. Det tas med hj\u00e4lp av n\u00e4ring. Enzymer som insulin, papain och melanin bildas av det i v\u00e5r kropp. Denna aminosyra hj\u00e4lper till att avl\u00e4gsna meta&#8230;\t\t\t\t<\/div>\n\t\t\t\t\t<\/div>\n\t<\/div>\n\t<div style=\"clear: both;\"><\/div>\n\t<\/a>\n<\/div>\n<div class=\"childpagescard_wrap\">\n\t<a style=\"text-decoration: none;\" href=\"https:\/\/santamonica.lv\/sv\/for-halsan\/glutation\/\">\n\t\t\t<figure class=\"childpagescard_img_block5f14615696649541a025d3d0f8e0447f\">\n\t\t\t<img decoding=\"async\" style=\"border-radius: 5px; width: 300px; height: 300px;\" src=\"https:\/\/santamonica.lv\/wp-content\/uploads\/2024\/01\/glutathione-anti-aging-300x300.jpg\" alt=\"Glutation - Santa Monica\" \/>\n\t\t<\/figure>\n\t\t<div class=\"childpagescard_inner\">\n\t\t<div class=\"childpagescard_border5f14615696649541a025d3d0f8e0447f\">\n\t\t\t<div class=\"childpagescard_title5f14615696649541a025d3d0f8e0447f\">\n\t\t\t\tGlutation &#8211; Santa Monica\t\t\t<\/div>\n\t\t\t\t\t\t\t<div class=\"childpagescard_description5f14615696649541a025d3d0f8e0447f\">\n\t\t\t\t\tGlutation \u00e4r en antioxidant som best\u00e5r av flera aminosyror: cystein, glutamin och glycin. Det finns i frukt och gr\u00f6nsaker och syntetiseras naturligt i varje levande organism.Inom integrativ onkologi a&#8230;\t\t\t\t<\/div>\n\t\t\t\t\t<\/div>\n\t<\/div>\n\t<div style=\"clear: both;\"><\/div>\n\t<\/a>\n<\/div>\n<div class=\"childpagescard_wrap\">\n\t<a style=\"text-decoration: none;\" href=\"https:\/\/santamonica.lv\/sv\/for-halsan\/hydroxiprolin\/\">\n\t\t\t<figure class=\"childpagescard_img_block5f14615696649541a025d3d0f8e0447f\">\n\t\t\t<img decoding=\"async\" style=\"border-radius: 5px; width: 300px; height: 300px;\" src=\"https:\/\/santamonica.lv\/wp-content\/uploads\/2024\/01\/hydroxyproline-300x300.jpg\" alt=\"Hydroxiprolin - Santa Monica\" \/>\n\t\t<\/figure>\n\t\t<div class=\"childpagescard_inner\">\n\t\t<div class=\"childpagescard_border5f14615696649541a025d3d0f8e0447f\">\n\t\t\t<div class=\"childpagescard_title5f14615696649541a025d3d0f8e0447f\">\n\t\t\t\tHydroxiprolin &#8211; Santa Monica\t\t\t<\/div>\n\t\t\t\t\t\t\t<div class=\"childpagescard_description5f14615696649541a025d3d0f8e0447f\">\n\t\t\t\t\tHydroxyprolin \u00e4r huvudkomponenten i alla kollagenfibrer. Tillsammans med prolin stabiliserar det kollagenstrukturen i kroppen. D\u00e4rf\u00f6r anv\u00e4nds det vid behandling av sjukdomar som k\u00e4nnetecknas av bindv\u00e4&#8230;\t\t\t\t<\/div>\n\t\t\t\t\t<\/div>\n\t<\/div>\n\t<div style=\"clear: both;\"><\/div>\n\t<\/a>\n<\/div>\n<div class=\"childpagescard_wrap\">\n\t<a style=\"text-decoration: none;\" href=\"https:\/\/santamonica.lv\/sv\/for-halsan\/immuno-aminosyracocktail\/\">\n\t\t\t<figure class=\"childpagescard_img_block5f14615696649541a025d3d0f8e0447f\">\n\t\t\t<img decoding=\"async\" style=\"border-radius: 5px; width: 300px; height: 300px;\" src=\"https:\/\/santamonica.lv\/wp-content\/uploads\/2024\/01\/immuno-300x300.jpg\" alt=\"IMMUNO \u2013 aminosyracocktail - Santa Monica\" \/>\n\t\t<\/figure>\n\t\t<div class=\"childpagescard_inner\">\n\t\t<div class=\"childpagescard_border5f14615696649541a025d3d0f8e0447f\">\n\t\t\t<div class=\"childpagescard_title5f14615696649541a025d3d0f8e0447f\">\n\t\t\t\tIMMUNO \u2013 aminosyracocktail &#8211; Santa Monica\t\t\t<\/div>\n\t\t\t\t\t\t\t<div class=\"childpagescard_description5f14615696649541a025d3d0f8e0447f\">\n\t\t\t\t\tAminosyror \u00e4r organiska f\u00f6reningar som har egenskaperna hos syror och aminer. Deras sammans\u00e4ttning inkluderar b\u00e5de en karboxylgrupp och en aminogrupp (kv\u00e4vef\u00f6reningar). M\u00e5nga aminosyror kombineras f\u00f6r&#8230;\t\t\t\t<\/div>\n\t\t\t\t\t<\/div>\n\t<\/div>\n\t<div style=\"clear: both;\"><\/div>\n\t<\/a>\n<\/div>\n<div class=\"childpagescard_wrap\">\n\t<a style=\"text-decoration: none;\" href=\"https:\/\/santamonica.lv\/sv\/for-halsan\/curcumin\/\">\n\t\t\t<figure class=\"childpagescard_img_block5f14615696649541a025d3d0f8e0447f\">\n\t\t\t<img decoding=\"async\" style=\"border-radius: 5px; width: 300px; height: 300px;\" src=\"https:\/\/santamonica.lv\/wp-content\/uploads\/2024\/01\/kurkumins-300x300.jpg\" alt=\"Curcumin - Santa Monica\" \/>\n\t\t<\/figure>\n\t\t<div class=\"childpagescard_inner\">\n\t\t<div class=\"childpagescard_border5f14615696649541a025d3d0f8e0447f\">\n\t\t\t<div class=\"childpagescard_title5f14615696649541a025d3d0f8e0447f\">\n\t\t\t\tCurcumin &#8211; Santa Monica\t\t\t<\/div>\n\t\t\t\t\t\t\t<div class=\"childpagescard_description5f14615696649541a025d3d0f8e0447f\">\n\t\t\t\t\tCurcumin \u00e4r en kraftfull antioxidant. Curcumin har anv\u00e4nts i traditionell indisk medicin i flera \u00e5rtusenden. \u00c4ven om det i v\u00e5rt land \u00e4r mer k\u00e4nt som en krydda, b\u00f6r det noteras att \u00e4mnet har m\u00e5nga medi&#8230;\t\t\t\t<\/div>\n\t\t\t\t\t<\/div>\n\t<\/div>\n\t<div style=\"clear: both;\"><\/div>\n\t<\/a>\n<\/div>\n<div class=\"childpagescard_wrap\">\n\t<a style=\"text-decoration: none;\" href=\"https:\/\/santamonica.lv\/sv\/for-halsan\/metylsulfonylmetan-msm\/\">\n\t\t\t<figure class=\"childpagescard_img_block5f14615696649541a025d3d0f8e0447f\">\n\t\t\t<img decoding=\"async\" style=\"border-radius: 5px; width: 300px; height: 300px;\" src=\"https:\/\/santamonica.lv\/wp-content\/uploads\/2024\/01\/MSM-300x300.jpg\" alt=\"Metylsulfonylmetan (MSM) - Santa Monica\" \/>\n\t\t<\/figure>\n\t\t<div class=\"childpagescard_inner\">\n\t\t<div class=\"childpagescard_border5f14615696649541a025d3d0f8e0447f\">\n\t\t\t<div class=\"childpagescard_title5f14615696649541a025d3d0f8e0447f\">\n\t\t\t\tMetylsulfonylmetan (MSM) &#8211; Santa Monica\t\t\t<\/div>\n\t\t\t\t\t\t\t<div class=\"childpagescard_description5f14615696649541a025d3d0f8e0447f\">\n\t\t\t\t\tMetylsulfanometan \u00e4r en naturlig organisk svavelhaltig f\u00f6rening som ofta anv\u00e4nds inom komplement\u00e4r och alternativ medicin. Det bildas naturligt i m\u00e4nniskokroppen, men det finns ocks\u00e5 i sm\u00e5 m\u00e4ngder i d&#8230;\t\t\t\t<\/div>\n\t\t\t\t\t<\/div>\n\t<\/div>\n\t<div style=\"clear: both;\"><\/div>\n\t<\/a>\n<\/div>\n<div class=\"childpagescard_wrap\">\n\t<a style=\"text-decoration: none;\" href=\"https:\/\/santamonica.lv\/sv\/for-halsan\/oliphenolia\/\">\n\t\t\t<figure class=\"childpagescard_img_block5f14615696649541a025d3d0f8e0447f\">\n\t\t\t<img decoding=\"async\" style=\"border-radius: 5px; width: 300px; height: 300px;\" src=\"https:\/\/santamonica.lv\/wp-content\/uploads\/2024\/01\/OliPhenolia-300x300.jpg\" alt=\"Oliphenolia - Santa Monica\" \/>\n\t\t<\/figure>\n\t\t<div class=\"childpagescard_inner\">\n\t\t<div class=\"childpagescard_border5f14615696649541a025d3d0f8e0447f\">\n\t\t\t<div class=\"childpagescard_title5f14615696649541a025d3d0f8e0447f\">\n\t\t\t\tOliphenolia &#8211; Santa Monica\t\t\t<\/div>\n\t\t\t\t\t\t\t<div class=\"childpagescard_description5f14615696649541a025d3d0f8e0447f\">\n\t\t\t\t\tOliphenolia \u00e4r en intraven\u00f6s cocktail av polyfenoler \u2013 en injektionsl\u00f6sning som kombinerar fytoncider erh\u00e5llna fr\u00e5n oliver odlade i Italien utan v\u00e4rmebehandling. Huvudingrediensen i den nyligen erh\u00e5ll&#8230;\t\t\t\t<\/div>\n\t\t\t\t\t<\/div>\n\t<\/div>\n\t<div style=\"clear: both;\"><\/div>\n\t<\/a>\n<\/div>\n<div class=\"childpagescard_wrap\">\n\t<a style=\"text-decoration: none;\" href=\"https:\/\/santamonica.lv\/sv\/for-halsan\/onko-aminosyracocktail\/\">\n\t\t\t<figure class=\"childpagescard_img_block5f14615696649541a025d3d0f8e0447f\">\n\t\t\t<img decoding=\"async\" style=\"border-radius: 5px; width: 300px; height: 300px;\" src=\"https:\/\/santamonica.lv\/wp-content\/uploads\/2024\/01\/onko-amino-acids-300x300.jpg\" alt=\"ONKO \u2013 aminosyracocktail - Santa Monica\" \/>\n\t\t<\/figure>\n\t\t<div class=\"childpagescard_inner\">\n\t\t<div class=\"childpagescard_border5f14615696649541a025d3d0f8e0447f\">\n\t\t\t<div class=\"childpagescard_title5f14615696649541a025d3d0f8e0447f\">\n\t\t\t\tONKO \u2013 aminosyracocktail &#8211; Santa Monica\t\t\t<\/div>\n\t\t\t\t\t\t\t<div class=\"childpagescard_description5f14615696649541a025d3d0f8e0447f\">\n\t\t\t\t\tAminosyror \u00e4r organiska f\u00f6reningar som har egenskaperna hos syror och aminer. Deras sammans\u00e4ttning inkluderar b\u00e5de en karboxylgrupp och en aminogrupp (kv\u00e4vef\u00f6reningar). M\u00e5nga aminosyror kombineras f\u00f6r&#8230;\t\t\t\t<\/div>\n\t\t\t\t\t<\/div>\n\t<\/div>\n\t<div style=\"clear: both;\"><\/div>\n\t<\/a>\n<\/div>\n<div class=\"childpagescard_wrap\">\n\t<a style=\"text-decoration: none;\" href=\"https:\/\/santamonica.lv\/sv\/for-halsan\/infusioner-av-prokain-och-bikarbonat\/\">\n\t\t\t<figure class=\"childpagescard_img_block5f14615696649541a025d3d0f8e0447f\">\n\t\t\t<img decoding=\"async\" style=\"border-radius: 5px; width: 300px; height: 300px;\" src=\"https:\/\/santamonica.lv\/wp-content\/uploads\/2024\/01\/procaine-infusions-300x300.jpeg\" alt=\"Infusioner av prokain och bikarbonat - Santa Monica\" \/>\n\t\t<\/figure>\n\t\t<div class=\"childpagescard_inner\">\n\t\t<div class=\"childpagescard_border5f14615696649541a025d3d0f8e0447f\">\n\t\t\t<div class=\"childpagescard_title5f14615696649541a025d3d0f8e0447f\">\n\t\t\t\tInfusioner av prokain och bikarbonat &#8211; Santa Monica\t\t\t<\/div>\n\t\t\t\t\t\t\t<div class=\"childpagescard_description5f14615696649541a025d3d0f8e0447f\">\n\t\t\t\t\tInflammation med hyperaciditet i kroppens inre milj\u00f6 \u00e4r en av de vanligaste faktorerna som orsakar m\u00e5nga sjukdomar. Prokain, som har en uttalad antiinflammatorisk effekt, tillsammans med natriumbikarb&#8230;\t\t\t\t<\/div>\n\t\t\t\t\t<\/div>\n\t<\/div>\n\t<div style=\"clear: both;\"><\/div>\n\t<\/a>\n<\/div>\n<div class=\"childpagescard_wrap\">\n\t<a style=\"text-decoration: none;\" href=\"https:\/\/santamonica.lv\/sv\/for-halsan\/6-shogaol\/\">\n\t\t\t<figure class=\"childpagescard_img_block5f14615696649541a025d3d0f8e0447f\">\n\t\t\t<img decoding=\"async\" style=\"border-radius: 5px; width: 300px; height: 300px;\" src=\"https:\/\/santamonica.lv\/wp-content\/uploads\/2024\/01\/ginger-300x300.jpg\" alt=\"6 \u2013 shogaol - Santa Monica\" \/>\n\t\t<\/figure>\n\t\t<div class=\"childpagescard_inner\">\n\t\t<div class=\"childpagescard_border5f14615696649541a025d3d0f8e0447f\">\n\t\t\t<div class=\"childpagescard_title5f14615696649541a025d3d0f8e0447f\">\n\t\t\t\t6 \u2013 shogaol &#8211; Santa Monica\t\t\t<\/div>\n\t\t\t\t\t\t\t<div class=\"childpagescard_description5f14615696649541a025d3d0f8e0447f\">\n\t\t\t\t\t6 \u2013 Shogaol \u00e4r den aktiva f\u00f6reningen av ingef\u00e4raextrakt. L\u00e4kare i den asiatiska regionen har anv\u00e4nt biologiska substanser och fytoncider i ingef\u00e4ra (Panax ginseng) i \u00e5rhundraden och till och med tusen&#8230;\t\t\t\t<\/div>\n\t\t\t\t\t<\/div>\n\t<\/div>\n\t<div style=\"clear: both;\"><\/div>\n\t<\/a>\n<\/div>\n","protected":false},"excerpt":{"rendered":"","protected":false},"author":1,"featured_media":0,"parent":0,"menu_order":0,"comment_status":"closed","ping_status":"closed","template":"","meta":{"_acf_changed":false,"_uag_custom_page_level_css":"","_kadence_starter_templates_imported_post":false,"_kad_post_transparent":"","_kad_post_title":"","_kad_post_layout":"normal","_kad_post_sidebar_id":"","_kad_post_content_style":"unboxed","_kad_post_vertical_padding":"","_kad_post_feature":"","_kad_post_feature_position":"","_kad_post_header":false,"_kad_post_footer":false,"footnotes":""},"class_list":["post-2373","page","type-page","status-publish","hentry"],"acf":[],"yoast_head":"<!-- This site is optimized with the Yoast SEO plugin v26.4 - https:\/\/yoast.com\/wordpress\/plugins\/seo\/ -->\n<title>F\u00f6r h\u00e4lsan - Santa Monica<\/title>\n<meta name=\"robots\" content=\"index, follow, max-snippet:-1, max-image-preview:large, max-video-preview:-1\" \/>\n<link rel=\"canonical\" href=\"https:\/\/santamonica.lv\/sv\/for-halsan\/\" \/>\n<meta property=\"og:locale\" content=\"sv_SE\" \/>\n<meta property=\"og:type\" content=\"article\" \/>\n<meta property=\"og:title\" content=\"F\u00f6r h\u00e4lsan - Santa Monica\" \/>\n<meta property=\"og:url\" content=\"https:\/\/santamonica.lv\/sv\/for-halsan\/\" \/>\n<meta property=\"og:site_name\" content=\"Santa Monica\" \/>\n<meta property=\"article:publisher\" content=\"https:\/\/www.facebook.com\/klinikasantamonica\" \/>\n<meta property=\"article:modified_time\" content=\"2025-03-05T23:00:59+00:00\" \/>\n<meta name=\"twitter:card\" content=\"summary_large_image\" \/>\n<script type=\"application\/ld+json\" class=\"yoast-schema-graph\">{\"@context\":\"https:\/\/schema.org\",\"@graph\":[{\"@type\":\"WebPage\",\"@id\":\"https:\/\/santamonica.lv\/sv\/for-halsan\/\",\"url\":\"https:\/\/santamonica.lv\/sv\/for-halsan\/\",\"name\":\"F\u00f6r h\u00e4lsan - Santa Monica\",\"isPartOf\":{\"@id\":\"https:\/\/santamonica.lv\/sv\/#website\"},\"datePublished\":\"2024-01-26T18:24:07+00:00\",\"dateModified\":\"2025-03-05T23:00:59+00:00\",\"breadcrumb\":{\"@id\":\"https:\/\/santamonica.lv\/sv\/for-halsan\/#breadcrumb\"},\"inLanguage\":\"sv-SE\",\"potentialAction\":[{\"@type\":\"ReadAction\",\"target\":[\"https:\/\/santamonica.lv\/sv\/for-halsan\/\"]}]},{\"@type\":\"BreadcrumbList\",\"@id\":\"https:\/\/santamonica.lv\/sv\/for-halsan\/#breadcrumb\",\"itemListElement\":[{\"@type\":\"ListItem\",\"position\":1,\"name\":\"Home\",\"item\":\"https:\/\/santamonica.lv\/sv\/borjan\/\"},{\"@type\":\"ListItem\",\"position\":2,\"name\":\"F\u00f6r h\u00e4lsan\"}]},{\"@type\":\"WebSite\",\"@id\":\"https:\/\/santamonica.lv\/sv\/#website\",\"url\":\"https:\/\/santamonica.lv\/sv\/\",\"name\":\"Santa Monica\",\"description\":\"\",\"potentialAction\":[{\"@type\":\"SearchAction\",\"target\":{\"@type\":\"EntryPoint\",\"urlTemplate\":\"https:\/\/santamonica.lv\/sv\/?s={search_term_string}\"},\"query-input\":{\"@type\":\"PropertyValueSpecification\",\"valueRequired\":true,\"valueName\":\"search_term_string\"}}],\"inLanguage\":\"sv-SE\"}]}<\/script>\n<!-- \/ Yoast SEO plugin. -->","yoast_head_json":{"title":"F\u00f6r h\u00e4lsan - Santa Monica","robots":{"index":"index","follow":"follow","max-snippet":"max-snippet:-1","max-image-preview":"max-image-preview:large","max-video-preview":"max-video-preview:-1"},"canonical":"https:\/\/santamonica.lv\/sv\/for-halsan\/","og_locale":"sv_SE","og_type":"article","og_title":"F\u00f6r h\u00e4lsan - Santa Monica","og_url":"https:\/\/santamonica.lv\/sv\/for-halsan\/","og_site_name":"Santa Monica","article_publisher":"https:\/\/www.facebook.com\/klinikasantamonica","article_modified_time":"2025-03-05T23:00:59+00:00","twitter_card":"summary_large_image","schema":{"@context":"https:\/\/schema.org","@graph":[{"@type":"WebPage","@id":"https:\/\/santamonica.lv\/sv\/for-halsan\/","url":"https:\/\/santamonica.lv\/sv\/for-halsan\/","name":"F\u00f6r h\u00e4lsan - Santa Monica","isPartOf":{"@id":"https:\/\/santamonica.lv\/sv\/#website"},"datePublished":"2024-01-26T18:24:07+00:00","dateModified":"2025-03-05T23:00:59+00:00","breadcrumb":{"@id":"https:\/\/santamonica.lv\/sv\/for-halsan\/#breadcrumb"},"inLanguage":"sv-SE","potentialAction":[{"@type":"ReadAction","target":["https:\/\/santamonica.lv\/sv\/for-halsan\/"]}]},{"@type":"BreadcrumbList","@id":"https:\/\/santamonica.lv\/sv\/for-halsan\/#breadcrumb","itemListElement":[{"@type":"ListItem","position":1,"name":"Home","item":"https:\/\/santamonica.lv\/sv\/borjan\/"},{"@type":"ListItem","position":2,"name":"F\u00f6r h\u00e4lsan"}]},{"@type":"WebSite","@id":"https:\/\/santamonica.lv\/sv\/#website","url":"https:\/\/santamonica.lv\/sv\/","name":"Santa Monica","description":"","potentialAction":[{"@type":"SearchAction","target":{"@type":"EntryPoint","urlTemplate":"https:\/\/santamonica.lv\/sv\/?s={search_term_string}"},"query-input":{"@type":"PropertyValueSpecification","valueRequired":true,"valueName":"search_term_string"}}],"inLanguage":"sv-SE"}]}},"uagb_featured_image_src":{"full":false,"thumbnail":false,"medium":false,"medium_large":false,"large":false,"1536x1536":false,"2048x2048":false,"woocommerce_thumbnail":false,"woocommerce_single":false,"woocommerce_gallery_thumbnail":false},"uagb_author_info":{"display_name":"admin","author_link":"https:\/\/santamonica.lv\/sv\/author\/admin\/"},"uagb_comment_info":0,"uagb_excerpt":null,"_links":{"self":[{"href":"https:\/\/santamonica.lv\/sv\/wp-json\/wp\/v2\/pages\/2373","targetHints":{"allow":["GET"]}}],"collection":[{"href":"https:\/\/santamonica.lv\/sv\/wp-json\/wp\/v2\/pages"}],"about":[{"href":"https:\/\/santamonica.lv\/sv\/wp-json\/wp\/v2\/types\/page"}],"author":[{"embeddable":true,"href":"https:\/\/santamonica.lv\/sv\/wp-json\/wp\/v2\/users\/1"}],"replies":[{"embeddable":true,"href":"https:\/\/santamonica.lv\/sv\/wp-json\/wp\/v2\/comments?post=2373"}],"version-history":[{"count":2,"href":"https:\/\/santamonica.lv\/sv\/wp-json\/wp\/v2\/pages\/2373\/revisions"}],"predecessor-version":[{"id":3226,"href":"https:\/\/santamonica.lv\/sv\/wp-json\/wp\/v2\/pages\/2373\/revisions\/3226"}],"wp:attachment":[{"href":"https:\/\/santamonica.lv\/sv\/wp-json\/wp\/v2\/media?parent=2373"}],"curies":[{"name":"wp","href":"https:\/\/api.w.org\/{rel}","templated":true}]}}