{"id":2398,"date":"2024-07-09T20:06:10","date_gmt":"2024-07-09T17:06:10","guid":{"rendered":"https:\/\/santamonica.lv\/tungmetaller\/"},"modified":"2024-12-29T19:34:04","modified_gmt":"2024-12-29T17:34:04","slug":"tungmetaller","status":"publish","type":"page","link":"https:\/\/santamonica.lv\/sv\/tungmetaller\/","title":{"rendered":"Tungmetaller"},"content":{"rendered":"\n<div style=\"height:90px\" aria-hidden=\"true\" class=\"wp-block-spacer\"><\/div>\n<style>.kb-row-layout-id1939_1f4cb5-0d > .kt-row-column-wrap{align-content:start;}:where(.kb-row-layout-id1939_1f4cb5-0d > .kt-row-column-wrap) > .wp-block-kadence-column{justify-content:start;}.kb-row-layout-id1939_1f4cb5-0d > .kt-row-column-wrap{column-gap:var(--global-kb-gap-md, 2rem);row-gap:var(--global-kb-gap-md, 2rem);max-width:var( --global-content-width, 1290px );padding-left:var(--global-content-edge-padding);padding-right:var(--global-content-edge-padding);padding-top:139px;padding-bottom:100px;grid-template-columns:minmax(0, 1fr);}.kb-row-layout-id1939_1f4cb5-0d > .kt-row-layout-overlay{opacity:0.28;background-color:#000000;background-image:url('https:\/\/santamonica.lv\/wp-content\/uploads\/2024\/07\/smagie-metali.jpg');background-size:cover;background-position:47% 53%;background-attachment:scroll;background-repeat:no-repeat;mix-blend-mode:darken;}@media all and (max-width: 1024px){.kb-row-layout-id1939_1f4cb5-0d > .kt-row-column-wrap{padding-top:80px;padding-bottom:80px;grid-template-columns:minmax(0, 1fr);}}@media all and (max-width: 767px){.kb-row-layout-id1939_1f4cb5-0d > .kt-row-column-wrap{padding-top:100px;padding-right:30px;padding-bottom:100px;padding-left:30px;grid-template-columns:minmax(0, 1fr);}}<\/style><div class=\"kb-row-layout-wrap kb-row-layout-id1939_1f4cb5-0d alignnone has-theme-palette8-background-color kt-row-has-bg wp-block-kadence-rowlayout\"><div class=\"kt-row-layout-overlay kt-row-overlay-normal\"><\/div><div class=\"kt-row-column-wrap kt-has-1-columns kt-row-layout-equal kt-tab-layout-inherit kt-mobile-layout-row kt-row-valign-top kb-theme-content-width\">\n<style>.kadence-column1939_62f932-56 > .kt-inside-inner-col,.kadence-column1939_62f932-56 > .kt-inside-inner-col:before{border-top-left-radius:0px;border-top-right-radius:0px;border-bottom-right-radius:0px;border-bottom-left-radius:0px;}.kadence-column1939_62f932-56 > .kt-inside-inner-col{column-gap:var(--global-kb-gap-sm, 1rem);}.kadence-column1939_62f932-56 > .kt-inside-inner-col{flex-direction:column;}.kadence-column1939_62f932-56 > .kt-inside-inner-col > .aligncenter{width:100%;}.kadence-column1939_62f932-56 > .kt-inside-inner-col:before{opacity:0.3;}.kadence-column1939_62f932-56{position:relative;}@media all and (max-width: 1024px){.kadence-column1939_62f932-56 > .kt-inside-inner-col{padding-top:0px;padding-right:0px;padding-bottom:0px;padding-left:0px;flex-direction:column;justify-content:center;}}@media all and (max-width: 767px){.kadence-column1939_62f932-56 > .kt-inside-inner-col{flex-direction:column;justify-content:center;}}<\/style>\n<div class=\"wp-block-kadence-column kadence-column1939_62f932-56 inner-column-1\"><div class=\"kt-inside-inner-col\"><style>.kb-row-layout-id1939_9af37b-45 > .kt-row-column-wrap{align-content:start;}:where(.kb-row-layout-id1939_9af37b-45 > .kt-row-column-wrap) > .wp-block-kadence-column{justify-content:start;}.kb-row-layout-id1939_9af37b-45 > .kt-row-column-wrap{column-gap:var(--global-kb-gap-md, 2rem);row-gap:var(--global-kb-gap-md, 2rem);max-width:600px;margin-left:auto;margin-right:auto;padding-top:0px;padding-bottom:0px;grid-template-columns:minmax(0, 1fr);}.kb-row-layout-id1939_9af37b-45 > .kt-row-layout-overlay{opacity:0.30;}@media all and (max-width: 1024px){.kb-row-layout-id1939_9af37b-45 > .kt-row-column-wrap{padding-top:0px;padding-right:0px;padding-bottom:0px;padding-left:0px;grid-template-columns:minmax(0, 1fr);}}@media all and (max-width: 767px){.kb-row-layout-id1939_9af37b-45 > .kt-row-column-wrap{grid-template-columns:minmax(0, 1fr);}}<\/style><div class=\"kb-row-layout-wrap kb-row-layout-id1939_9af37b-45 alignnone wp-block-kadence-rowlayout\"><div class=\"kt-row-column-wrap kt-has-1-columns kt-row-layout-equal kt-tab-layout-inherit kt-mobile-layout-row kt-row-valign-top\">\n<style>.kadence-column1939_fb4f26-4c > .kt-inside-inner-col{padding-right:40px;padding-left:40px;}.kadence-column1939_fb4f26-4c > .kt-inside-inner-col,.kadence-column1939_fb4f26-4c > .kt-inside-inner-col:before{border-top-left-radius:0px;border-top-right-radius:0px;border-bottom-right-radius:0px;border-bottom-left-radius:0px;}.kadence-column1939_fb4f26-4c > .kt-inside-inner-col{column-gap:var(--global-kb-gap-sm, 1rem);}.kadence-column1939_fb4f26-4c > .kt-inside-inner-col{flex-direction:column;}.kadence-column1939_fb4f26-4c > .kt-inside-inner-col > .aligncenter{width:100%;}.kadence-column1939_fb4f26-4c > .kt-inside-inner-col:before{opacity:0.3;}.kadence-column1939_fb4f26-4c{position:relative;}@media all and (max-width: 1024px){.kadence-column1939_fb4f26-4c > .kt-inside-inner-col{flex-direction:column;justify-content:center;}}@media all and (max-width: 767px){.kadence-column1939_fb4f26-4c > .kt-inside-inner-col{padding-right:0px;padding-left:0px;flex-direction:column;justify-content:center;}}<\/style>\n<div class=\"wp-block-kadence-column kadence-column1939_fb4f26-4c inner-column-1\"><div class=\"kt-inside-inner-col\"><style>.wp-block-kadence-advancedheading.kt-adv-heading1939_82e830-74, .wp-block-kadence-advancedheading.kt-adv-heading1939_82e830-74[data-kb-block=\"kb-adv-heading1939_82e830-74\"]{padding-top:0px;padding-right:0px;padding-bottom:20px;padding-left:0px;margin-top:0px;margin-right:0px;margin-bottom:0px;margin-left:0px;text-align:center;font-style:normal;text-transform:capitalize;color:#000000;}.wp-block-kadence-advancedheading.kt-adv-heading1939_82e830-74 mark.kt-highlight, .wp-block-kadence-advancedheading.kt-adv-heading1939_82e830-74[data-kb-block=\"kb-adv-heading1939_82e830-74\"] mark.kt-highlight{font-style:normal;color:#f76a0c;-webkit-box-decoration-break:clone;box-decoration-break:clone;padding-top:0px;padding-right:0px;padding-bottom:0px;padding-left:0px;}@media all and (max-width: 767px){.wp-block-kadence-advancedheading.kt-adv-heading1939_82e830-74, .wp-block-kadence-advancedheading.kt-adv-heading1939_82e830-74[data-kb-block=\"kb-adv-heading1939_82e830-74\"]{font-size:var(--global-kb-font-size-lg, 2rem);}}<\/style>\n<h1 class=\"kt-adv-heading1939_82e830-74 wp-block-kadence-advancedheading\" data-kb-block=\"kb-adv-heading1939_82e830-74\">Tungmetaller<\/h1>\n<\/div><\/div>\n\n<\/div><\/div><\/div><\/div>\n\n<\/div><\/div><style>.kb-row-layout-id1939_981a57-f5 > .kt-row-column-wrap{align-content:start;}:where(.kb-row-layout-id1939_981a57-f5 > .kt-row-column-wrap) > .wp-block-kadence-column{justify-content:start;}.kb-row-layout-id1939_981a57-f5 > .kt-row-column-wrap{column-gap:var(--global-kb-gap-md, 2rem);row-gap:var(--global-kb-gap-md, 2rem);max-width:var( --global-content-width, 1290px );padding-left:var(--global-content-edge-padding);padding-right:var(--global-content-edge-padding);padding-top:var(--global-kb-spacing-lg, 3rem);padding-bottom:var(--global-kb-spacing-sm, 1.5rem);grid-template-columns:minmax(0, 1fr);}.kb-row-layout-id1939_981a57-f5 > .kt-row-layout-overlay{opacity:0.30;}@media all and (max-width: 1024px){.kb-row-layout-id1939_981a57-f5 > .kt-row-column-wrap{grid-template-columns:minmax(0, 1fr);}}@media all and (max-width: 767px){.kb-row-layout-id1939_981a57-f5 > .kt-row-column-wrap{grid-template-columns:minmax(0, 1fr);}}<\/style><div class=\"kb-row-layout-wrap kb-row-layout-id1939_981a57-f5 alignnone wp-block-kadence-rowlayout\"><div class=\"kt-row-column-wrap kt-has-1-columns kt-row-layout-equal kt-tab-layout-inherit kt-mobile-layout-row kt-row-valign-top kb-theme-content-width\">\n<style>.kadence-column1939_996a74-8b > .kt-inside-inner-col,.kadence-column1939_996a74-8b > .kt-inside-inner-col:before{border-top-left-radius:0px;border-top-right-radius:0px;border-bottom-right-radius:0px;border-bottom-left-radius:0px;}.kadence-column1939_996a74-8b > .kt-inside-inner-col{column-gap:var(--global-kb-gap-sm, 1rem);}.kadence-column1939_996a74-8b > .kt-inside-inner-col{flex-direction:column;}.kadence-column1939_996a74-8b > .kt-inside-inner-col > .aligncenter{width:100%;}.kadence-column1939_996a74-8b > .kt-inside-inner-col:before{opacity:0.3;}.kadence-column1939_996a74-8b{position:relative;}@media all and (max-width: 1024px){.kadence-column1939_996a74-8b > .kt-inside-inner-col{flex-direction:column;justify-content:center;}}@media all and (max-width: 767px){.kadence-column1939_996a74-8b > .kt-inside-inner-col{flex-direction:column;justify-content:center;}}<\/style>\n<div class=\"wp-block-kadence-column kadence-column1939_996a74-8b\"><div class=\"kt-inside-inner-col\">\n<p class=\"has-medium-font-size\">Kliniken &#8221;Santa Monica&#8221; erbjuder analys av tungmetaller<\/p>\n\n\n\n<p>Tungmetaller som bly, kvicksilver, kadmium och arsenik finns \u00f6verallt i milj\u00f6n, s\u00e5 var och en av oss f\u00e5r i sig dessa gifter i vissa doser varje dag och de hamnar i kroppen. Om dessa \u00e4mnen kommer in i kroppen i stora doser upptr\u00e4der symtomen p\u00e5 f\u00f6rgiftning, s\u00e5som illam\u00e5ende, kr\u00e4kningar, huvudv\u00e4rk och andra manifestationer, omedelbart. men nuf\u00f6rtiden observeras en l\u00e5ngsam och gradvis f\u00f6rgiftningsprocess, under vilken giftiga \u00e4mnen kommer in i kroppen i sm\u00e5 doser, och konsekvenserna \u00e4r l\u00e5ngsiktiga, kliniska symtom upptr\u00e4der gradvis.<\/p>\n\n\n\n<p>Tungmetaller kan orsaka allvarliga sjukdomar hos m\u00e4nniskor \u00e4ven n\u00e4r de andas in i sm\u00e5 m\u00e4ngder. F\u00f6rst b\u00f6rjar de undertrycka m\u00e4nniskors immunf\u00f6rsvar. De orsakar ocks\u00e5 f\u00f6r\u00e4ndringar i gener. I m\u00e4nniskokroppen ansamlas tungmetaller i levern, njurarna och hj\u00e4rnan. S\u00e5 snart dessa organ inte l\u00e4ngre kan b\u00e4ra denna b\u00f6rda, sprider det sig \u00f6ver hela kroppen och st\u00f6r andra organs funktion.<\/p>\n\n\n\n<p>Vanligtvis klarar m\u00e4nniskokroppen tungmetaller ganska bra av sig sj\u00e4lv, men n\u00e4r deras dos \u00f6verstiger v\u00e5r f\u00f6rm\u00e5ga att bli av med deras n\u00e4rvaro, b\u00f6rjar giftiga metaller att samlas. I sv\u00e5ra fall kan kelatbehandling vara n\u00f6dv\u00e4ndig. Under det anv\u00e4nds vanligtvis aminosyror, som lockar till sig metalljoner i blodet och v\u00e4vnaderna, begr\u00e4nsar deras toxicitet och tar bort dessa \u00e4mnen fr\u00e5n kroppen. N\u00e4r tungmetaller f\u00f6rs in i kroppen b\u00f6rjar den omedelbart sl\u00e5ss med viktiga mineraler som zink, koppar, kalcium och magnesium. Detta ers\u00e4tter dem s\u00e5 sm\u00e5ningom och f\u00f6rhindrar att organen fungerar korrekt.<\/p>\n\n\n\n<p>Men kelatbehandling \u00e4r en tung belastning f\u00f6r kroppen och b\u00f6r d\u00e4rf\u00f6r anv\u00e4ndas som en eng\u00e5ngsmetod eller som en sista utv\u00e4g vid kronisk tungmetallf\u00f6rgiftning. Dessutom finns det enklare och s\u00e4krare s\u00e4tt att hj\u00e4lpa kroppen att bli av med tungmetaller.<\/p>\n\n\n\n<blockquote class=\"wp-block-quote is-layout-flow wp-block-quote-is-layout-flow\">\n<p style=\"font-size:28px\">Det \u00e4r b\u00e4st att minimera exponeringen f\u00f6r tungmetaller.<\/p>\n<\/blockquote>\n\n\n\n<p>F\u00f6r att framg\u00e5ngsrikt begr\u00e4nsa tungmetallernas int\u00e5g i kroppen \u00e4r det viktigt att ta reda p\u00e5 var du kommer i kontakt med dem dagligen och sedan f\u00f6rhindra denna kontakt s\u00e5 mycket som m\u00f6jligt. Det finns n\u00e5gra k\u00e4nda fakta som b\u00f6r beaktas som kan vara:<\/p>\n\n\n\n<ul class=\"wp-block-list\">\n<li>\u00d6verv\u00e4g att byta ut kvicksilvertandfyllningar.<\/li>\n\n\n\n<li>Om du r\u00f6ker, sluta! Cigarettr\u00f6kning \u00e4r den huvudsakliga v\u00e4gen genom vilken kadmium kommer in i kroppen.<\/li>\n\n\n\n<li>Undvik eller begr\u00e4nsa ditt intag av livsmedel som \u00e4r k\u00e4nda f\u00f6r att vara h\u00f6ga i bly, kvicksilver och kadmium. De vanligaste \u00e4r bl\u00f6tdjur och kr\u00e4ftdjur, kust- och inlandss\u00f6tvattensfiskar, djuphavsfiskar, intensivt odlat n\u00f6tk\u00f6tt och slaktbiprodukter fr\u00e5n husdjur, s\u00e4rskilt lever och njure. De kan ocks\u00e5 n\u00e4mna gr\u00f6nsaker och frukter besprutade med bek\u00e4mpningsmedel. Du b\u00f6r ocks\u00e5 vara mycket f\u00f6rsiktig med industriellt framst\u00e4lld mat, alkohol och koffeinhaltiga produkter.<\/li>\n\n\n\n<li>Undvik tungmetaller i hush\u00e5llsprodukter och f\u00f6rs\u00f6k hitta ett s\u00e4krare alternativ.<\/li>\n\n\n\n<li>Installera ett bra vattenfiltreringssystem hemma.<\/li>\n\n\n\n<li>Reng\u00f6r kroppen med koriander och ta selen<\/li>\n<\/ul>\n\n\n\n<p>Den kan anv\u00e4ndas inte bara som ett v\u00e4lsmakande tillskott till curryr\u00e4tter och sallader, eftersom koriander eller koriander ocks\u00e5 \u00e4r ett kraftfullt medel f\u00f6r att reng\u00f6ra kroppen. Anv\u00e4ndningen av koriander i kosten \u00e4r ocks\u00e5 effektiv &#8211; de hj\u00e4lper ocks\u00e5 till att mer framg\u00e5ngsrikt ta bort kvicksilverf\u00f6reningar fr\u00e5n kroppen n\u00e4r silverfyllningar har tagits bort och t\u00e4nderna har fyllts med annat material. Inkludera mat som inneh\u00e5ller mycket selen i din kost, som paran\u00f6tter, \u00e4gg, l\u00f6k och broccoli, eller ta ett naturligt selenpreparat som j\u00e4st.<\/p>\n\n\n\n<p><strong>\u00c4t alger<\/strong>. Chlorella (Chlorella pyrenoidosa), en protozoisk s\u00f6tvattenalg, inneh\u00e5ller mycket klorofyll, som binder till tungmetaller som kadmium, bly och kvicksilver och hj\u00e4lper till att avl\u00e4gsna dem fr\u00e5n kroppen. Chlorella inneh\u00e5ller \u00e4ven glutation, som \u00e4r ett v\u00e4sentligt inslag i kroppens naturliga avgiftningssystem. Spirulina \u00e4r en annan s\u00f6tvattenalg som ocks\u00e5 kan hj\u00e4lpa kroppen att bli av med tungmetaller. Fiber \u00e4r ocks\u00e5 n\u00f6dv\u00e4ndigt f\u00f6r att kroppen ska kunna eliminera giftiga \u00e4mnen genom matsm\u00e4ltningskanalen.<\/p>\n\n\n\n<p><strong>Se till att din kost \u00e4r h\u00e4lsosam och balanserad<\/strong>, eftersom tungmetaller ackumuleras snabbare om du inte f\u00e5r i dig de n\u00e4rings\u00e4mnen din kropp beh\u00f6ver i tillr\u00e4ckliga m\u00e4ngder. Det \u00e4r viktigt att fibrerna \u00e4r i tillr\u00e4cklig m\u00e4ngd, eftersom de kan attrahera giftiga \u00e4mnen och fr\u00e4mja deras eliminering fr\u00e5n kroppen. Korsblommiga gr\u00f6nsaker som broccoli, k\u00e5l, blomk\u00e5l och gr\u00f6nk\u00e5l \u00e4r utm\u00e4rkta k\u00e4llor till fiber. Dessutom inneh\u00e5ller de m\u00e5nga viktiga f\u00f6reningar som stimulerar kroppen att utveckla enzymer som \u00e4r n\u00f6dv\u00e4ndiga f\u00f6r avgiftning och f\u00f6rst\u00e4rker effekten av antioxidanter, som tungmetaller kanske inte gillar.<\/p>\n\n\n\n<p><strong>Svettas ut i bastun<\/strong> &#8211; svettning \u00e4r ett av de viktigaste s\u00e4tten att avl\u00e4gsna giftiga \u00e4mnen fr\u00e5n kroppen. Forskning visar att svett inneh\u00e5ller b\u00e5de bly och kvicksilver, kadmium och arsenik, ett bad eller bastu, d\u00e4r du svettas, hj\u00e4lper till att rena kroppen fr\u00e5n dessa \u00e4mnen. Du kan ocks\u00e5 svettas bra i de bastur och \u00e5ngbad som finns i idrottsklubbar, men den infrar\u00f6da bastun rekommenderas s\u00e4rskilt, eftersom v\u00e4rmen fr\u00e5n de infrar\u00f6da borsten direkt p\u00e5verkar kroppen. Ett 3-5 minuters pass varannan dag borde r\u00e4cka f\u00f6r de flesta. N\u00e4r du svettas b\u00f6r du f\u00e5 i dig tillr\u00e4ckligt med v\u00e4tska f\u00f6r att kompensera f\u00f6r fukten du svettas ut. F\u00f6r att de skadliga \u00e4mnena som du har svettats ut inte kommer tillbaka till kroppen, duscha alltid efter bastu eller bastu.<\/p>\n\n\n\n<p><strong>Tr\u00e4na<\/strong> f\u00f6r att bygga de n\u00f6dv\u00e4ndiga enzymerna \u2013 fysisk aktivitet kan hj\u00e4lpa till att rena kroppen, inte bara f\u00f6r att det f\u00e5r dig att svettas. Redan ett pass p\u00e5 en motionscykel kan f\u00f6rdubbla m\u00e4ngden enzymer som beh\u00f6vs f\u00f6r avgiftning, vilket kan hj\u00e4lpa kroppen att bli av med giftiga metaller och andra skadliga \u00e4mnen. Tre till fem aerobicspass p\u00e5 20 till 30 minuter per vecka skulle vara n\u00f6dv\u00e4ndiga, vilket g\u00f6r att du blir lite andf\u00e5dd. Du b\u00f6r ocks\u00e5 alltid ta en dusch efter tr\u00e4ning.<\/p>\n\n\n\n<p>Tungmetaller kan best\u00e4mmas genom laboratorieanalys av blod, men mycket mer exakt information erh\u00e5lls genom att best\u00e4mma deras m\u00e4ngd och n\u00e4rvaro i andra milj\u00f6er &#8211; h\u00e5r, naglar, urin, avf\u00f6ring, etc. n\u00e4r man utv\u00e4rderar n\u00e4rvaron av tungmetaller \u00e4r det m\u00f6jligt att best\u00e4mma 38 kemiska grund\u00e4mnen &#8211; silver, aluminium, arsenik, bor, barium, beryllium, vismut, kadmium, kobolt, krypton, cesium, koppar, j\u00e4rn, gallium, kvicksilver, litium, mangan , molybden, nickel, bly, selen, tenn, titan, zink, indium, iridium, palladium, platina, tenn, antimon, strontium, uran, volfram, tallium, zirkonium, etc.<\/p>\n\n\n\n<p>P\u00e5 Santa Monica-kliniken har ett protokoll tagits fram, inom ramen f\u00f6r vilket tungmetaller och deras f\u00f6reningar avl\u00e4gsnas fr\u00e5n kroppen med hj\u00e4lp av kelatbehandling. Kelationsterapi \u00e4r en medicinsk procedur som involverar administrering av kelatbildande \u00e4mnen f\u00f6r att avl\u00e4gsna tungmetaller fr\u00e5n kroppen. Under det administreras ett \u00e4mne som binder tungmetallf\u00f6reningar intraven\u00f6st f\u00f6r att fr\u00e4mja deras uts\u00f6ndring genom njurarna.<\/p>\n<\/div><\/div>\n\n<\/div><\/div>\n<p><\/p>\n\n<div style=\"height:80px\" aria-hidden=\"true\" class=\"wp-block-spacer\"><\/div>\n","protected":false},"excerpt":{"rendered":"<p>Tungmetaller Kliniken &#8221;Santa Monica&#8221; erbjuder analys av tungmetaller Tungmetaller som bly, kvicksilver, kadmium och arsenik finns \u00f6verallt i milj\u00f6n, s\u00e5 var och en av oss f\u00e5r i sig dessa gifter i vissa doser varje dag och de hamnar i kroppen. Om dessa \u00e4mnen kommer in i kroppen i stora doser upptr\u00e4der symtomen p\u00e5 f\u00f6rgiftning, s\u00e5som&#8230;<\/p>\n","protected":false},"author":1,"featured_media":0,"parent":0,"menu_order":0,"comment_status":"closed","ping_status":"closed","template":"","meta":{"_acf_changed":false,"_uag_custom_page_level_css":"","_kadence_starter_templates_imported_post":false,"_kad_post_transparent":"","_kad_post_title":"hide","_kad_post_layout":"fullwidth","_kad_post_sidebar_id":"","_kad_post_content_style":"unboxed","_kad_post_vertical_padding":"hide","_kad_post_feature":"hide","_kad_post_feature_position":"","_kad_post_header":false,"_kad_post_footer":false,"footnotes":""},"class_list":["post-2398","page","type-page","status-publish","hentry"],"acf":[],"yoast_head":"<!-- This site is optimized with the Yoast SEO plugin v26.4 - https:\/\/yoast.com\/wordpress\/plugins\/seo\/ -->\n<title>Tungmetaller - Santa Monica<\/title>\n<meta name=\"robots\" content=\"index, follow, max-snippet:-1, max-image-preview:large, max-video-preview:-1\" \/>\n<link rel=\"canonical\" href=\"https:\/\/santamonica.lv\/sv\/tungmetaller\/\" \/>\n<meta property=\"og:locale\" content=\"sv_SE\" \/>\n<meta property=\"og:type\" content=\"article\" \/>\n<meta property=\"og:title\" content=\"Tungmetaller - Santa Monica\" \/>\n<meta property=\"og:description\" content=\"Tungmetaller Kliniken &#8221;Santa Monica&#8221; erbjuder analys av tungmetaller Tungmetaller som bly, kvicksilver, kadmium och arsenik finns \u00f6verallt i milj\u00f6n, s\u00e5 var och en av oss f\u00e5r i sig dessa gifter i vissa doser varje dag och de hamnar i kroppen. Om dessa \u00e4mnen kommer in i kroppen i stora doser upptr\u00e4der symtomen p\u00e5 f\u00f6rgiftning, s\u00e5som...\" \/>\n<meta property=\"og:url\" content=\"https:\/\/santamonica.lv\/sv\/tungmetaller\/\" \/>\n<meta property=\"og:site_name\" content=\"Santa Monica\" \/>\n<meta property=\"article:publisher\" content=\"https:\/\/www.facebook.com\/klinikasantamonica\" \/>\n<meta property=\"article:modified_time\" content=\"2024-12-29T17:34:04+00:00\" \/>\n<meta name=\"twitter:card\" content=\"summary_large_image\" \/>\n<meta name=\"twitter:label1\" content=\"Est. reading time\" \/>\n\t<meta name=\"twitter:data1\" content=\"6 minuter\" \/>\n<script type=\"application\/ld+json\" class=\"yoast-schema-graph\">{\"@context\":\"https:\/\/schema.org\",\"@graph\":[{\"@type\":\"WebPage\",\"@id\":\"https:\/\/santamonica.lv\/sv\/tungmetaller\/\",\"url\":\"https:\/\/santamonica.lv\/sv\/tungmetaller\/\",\"name\":\"Tungmetaller - Santa Monica\",\"isPartOf\":{\"@id\":\"https:\/\/santamonica.lv\/sv\/#website\"},\"datePublished\":\"2024-07-09T17:06:10+00:00\",\"dateModified\":\"2024-12-29T17:34:04+00:00\",\"breadcrumb\":{\"@id\":\"https:\/\/santamonica.lv\/sv\/tungmetaller\/#breadcrumb\"},\"inLanguage\":\"sv-SE\",\"potentialAction\":[{\"@type\":\"ReadAction\",\"target\":[\"https:\/\/santamonica.lv\/sv\/tungmetaller\/\"]}]},{\"@type\":\"BreadcrumbList\",\"@id\":\"https:\/\/santamonica.lv\/sv\/tungmetaller\/#breadcrumb\",\"itemListElement\":[{\"@type\":\"ListItem\",\"position\":1,\"name\":\"Home\",\"item\":\"https:\/\/santamonica.lv\/sv\/borjan\/\"},{\"@type\":\"ListItem\",\"position\":2,\"name\":\"Tungmetaller\"}]},{\"@type\":\"WebSite\",\"@id\":\"https:\/\/santamonica.lv\/sv\/#website\",\"url\":\"https:\/\/santamonica.lv\/sv\/\",\"name\":\"Santa Monica\",\"description\":\"\",\"potentialAction\":[{\"@type\":\"SearchAction\",\"target\":{\"@type\":\"EntryPoint\",\"urlTemplate\":\"https:\/\/santamonica.lv\/sv\/?s={search_term_string}\"},\"query-input\":{\"@type\":\"PropertyValueSpecification\",\"valueRequired\":true,\"valueName\":\"search_term_string\"}}],\"inLanguage\":\"sv-SE\"}]}<\/script>\n<!-- \/ Yoast SEO plugin. -->","yoast_head_json":{"title":"Tungmetaller - Santa Monica","robots":{"index":"index","follow":"follow","max-snippet":"max-snippet:-1","max-image-preview":"max-image-preview:large","max-video-preview":"max-video-preview:-1"},"canonical":"https:\/\/santamonica.lv\/sv\/tungmetaller\/","og_locale":"sv_SE","og_type":"article","og_title":"Tungmetaller - Santa Monica","og_description":"Tungmetaller Kliniken &#8221;Santa Monica&#8221; erbjuder analys av tungmetaller Tungmetaller som bly, kvicksilver, kadmium och arsenik finns \u00f6verallt i milj\u00f6n, s\u00e5 var och en av oss f\u00e5r i sig dessa gifter i vissa doser varje dag och de hamnar i kroppen. Om dessa \u00e4mnen kommer in i kroppen i stora doser upptr\u00e4der symtomen p\u00e5 f\u00f6rgiftning, s\u00e5som...","og_url":"https:\/\/santamonica.lv\/sv\/tungmetaller\/","og_site_name":"Santa Monica","article_publisher":"https:\/\/www.facebook.com\/klinikasantamonica","article_modified_time":"2024-12-29T17:34:04+00:00","twitter_card":"summary_large_image","twitter_misc":{"Est. reading time":"6 minuter"},"schema":{"@context":"https:\/\/schema.org","@graph":[{"@type":"WebPage","@id":"https:\/\/santamonica.lv\/sv\/tungmetaller\/","url":"https:\/\/santamonica.lv\/sv\/tungmetaller\/","name":"Tungmetaller - Santa Monica","isPartOf":{"@id":"https:\/\/santamonica.lv\/sv\/#website"},"datePublished":"2024-07-09T17:06:10+00:00","dateModified":"2024-12-29T17:34:04+00:00","breadcrumb":{"@id":"https:\/\/santamonica.lv\/sv\/tungmetaller\/#breadcrumb"},"inLanguage":"sv-SE","potentialAction":[{"@type":"ReadAction","target":["https:\/\/santamonica.lv\/sv\/tungmetaller\/"]}]},{"@type":"BreadcrumbList","@id":"https:\/\/santamonica.lv\/sv\/tungmetaller\/#breadcrumb","itemListElement":[{"@type":"ListItem","position":1,"name":"Home","item":"https:\/\/santamonica.lv\/sv\/borjan\/"},{"@type":"ListItem","position":2,"name":"Tungmetaller"}]},{"@type":"WebSite","@id":"https:\/\/santamonica.lv\/sv\/#website","url":"https:\/\/santamonica.lv\/sv\/","name":"Santa Monica","description":"","potentialAction":[{"@type":"SearchAction","target":{"@type":"EntryPoint","urlTemplate":"https:\/\/santamonica.lv\/sv\/?s={search_term_string}"},"query-input":{"@type":"PropertyValueSpecification","valueRequired":true,"valueName":"search_term_string"}}],"inLanguage":"sv-SE"}]}},"uagb_featured_image_src":{"full":false,"thumbnail":false,"medium":false,"medium_large":false,"large":false,"1536x1536":false,"2048x2048":false,"woocommerce_thumbnail":false,"woocommerce_single":false,"woocommerce_gallery_thumbnail":false},"uagb_author_info":{"display_name":"admin","author_link":"https:\/\/santamonica.lv\/sv\/author\/admin\/"},"uagb_comment_info":0,"uagb_excerpt":"Tungmetaller Kliniken &#8221;Santa Monica&#8221; erbjuder analys av tungmetaller Tungmetaller som bly, kvicksilver, kadmium och arsenik finns \u00f6verallt i milj\u00f6n, s\u00e5 var och en av oss f\u00e5r i sig dessa gifter i vissa doser varje dag och de hamnar i kroppen. Om dessa \u00e4mnen kommer in i kroppen i stora doser upptr\u00e4der symtomen p\u00e5 f\u00f6rgiftning, s\u00e5som...","_links":{"self":[{"href":"https:\/\/santamonica.lv\/sv\/wp-json\/wp\/v2\/pages\/2398","targetHints":{"allow":["GET"]}}],"collection":[{"href":"https:\/\/santamonica.lv\/sv\/wp-json\/wp\/v2\/pages"}],"about":[{"href":"https:\/\/santamonica.lv\/sv\/wp-json\/wp\/v2\/types\/page"}],"author":[{"embeddable":true,"href":"https:\/\/santamonica.lv\/sv\/wp-json\/wp\/v2\/users\/1"}],"replies":[{"embeddable":true,"href":"https:\/\/santamonica.lv\/sv\/wp-json\/wp\/v2\/comments?post=2398"}],"version-history":[{"count":2,"href":"https:\/\/santamonica.lv\/sv\/wp-json\/wp\/v2\/pages\/2398\/revisions"}],"predecessor-version":[{"id":2717,"href":"https:\/\/santamonica.lv\/sv\/wp-json\/wp\/v2\/pages\/2398\/revisions\/2717"}],"wp:attachment":[{"href":"https:\/\/santamonica.lv\/sv\/wp-json\/wp\/v2\/media?parent=2398"}],"curies":[{"name":"wp","href":"https:\/\/api.w.org\/{rel}","templated":true}]}}