{"id":2407,"date":"2023-07-31T16:57:10","date_gmt":"2023-07-31T13:57:10","guid":{"rendered":"https:\/\/santamonica.lv\/?page_id=2407"},"modified":"2024-12-22T16:36:36","modified_gmt":"2024-12-22T14:36:36","slug":"personuppgiftsansvarig","status":"publish","type":"page","link":"https:\/\/santamonica.lv\/sv\/personuppgiftsansvarig\/","title":{"rendered":"Personuppgiftsansvarig"},"content":{"rendered":"\r\n\r\nDin integritet och dataskydd \u00e4r mycket viktigt f\u00f6r SIA &#8221;Santa Monica&#8221;. F\u00f6r att s\u00e4kerst\u00e4lla laglig, r\u00e4ttvis och transparent behandling av personuppgifter l\u00e4mnas nedan information om behandlingen av personuppgifter som utf\u00f6rs av SIA &#8221;Santa Monica&#8221;. Observera att informationen inte \u00e4r utt\u00f6mmande och kan \u00e4ndras, f\u00f6rtydligas, kompletteras.\r\n\r\n\r\n\r\n\r\n<div class=\"wp-block-columns has-theme-palette-8-background-color has-background is-layout-flex wp-container-core-columns-is-layout-a180a1d0 wp-block-columns-is-layout-flex\" style=\"padding: var(--wp--preset--spacing--60);\">\r\n<div class=\"wp-block-column is-layout-flow wp-block-column-is-layout-flow\">\r\n<h2 class=\"wp-block-heading\" style=\"font-size: 25px;\">Personuppgiftsansvarig:<\/h2>\r\n\r\n\r\n\r\n<p style=\"font-size: 16px;\"><strong>Ltd \u201cSanta Monica\u201d<\/strong>\r\n<strong>Registreringsnr.:<\/strong> 40203463875\r\n<strong>Adress:<\/strong> Nauk\u0161\u0113nu mui\u017ea, Nauk\u0161\u0113ni, Nauk\u0161\u0113nu pag.,\r\nValmieras nov., LV-4244\r\n<strong>Telefon: <\/strong><a href=\"tel:+37127337768\">+371 27337768<\/a>\r\n<strong>E-post:<\/strong>\u00a0<a href=\"mailto:info@santamonica.lv\">info@santamonica.lv<\/a><\/p>\r\n\r\n\r\n<\/div>\r\n\r\n\r\n\r\n<div class=\"wp-block-column is-layout-flow wp-block-column-is-layout-flow\"><span style=\"font-size: 12pt;\">Kontaktuppgifterna till SIA &#8221;Santa Monica&#8221; i fr\u00e5gor som r\u00f6r behandling av personuppgifter \u00e4r: info@santamonica.lv. Med hj\u00e4lp av denna kontaktinformation kan du st\u00e4lla fr\u00e5gor om behandlingen av personuppgifter.<\/span>\r\n\r\n<span style=\"font-size: 12pt;\">SIA &#8221;Santa Monica&#8221; tar hand om kundernas integritet och skydd av personuppgifter, med respekt f\u00f6r kundens r\u00e4tt till lagligheten av personuppgiftsbehandling i enlighet med till\u00e4mplig lagstiftning &#8211; Europaparlamentets och r\u00e5dets f\u00f6rordning 2016\/679 av den 27 april 2016 om skyddet av fysiska personer i samband med behandling av personuppgifter och fri r\u00f6rlighet f\u00f6r s\u00e5dana uppgifter (f\u00f6rordning) och andra till\u00e4mpliga lagar inom omr\u00e5det f\u00f6r integritet och databehandling.<\/span>\r\n\r\n\r\n\r\n<\/div>\r\n\r\n\r\n<\/div>\r\n\r\n\r\n\r\n\r\nLtd &#8221;Santa Monica&#8221; behandlar klientens personuppgifter, i enlighet med samtycke fr\u00e5n klienten &#8211; den registrerade.\r\n\r\n\r\n\r\n\r\n\r\nAlla bes\u00f6kare p\u00e5 webbplatsen <strong>santamonica.lv<\/strong> kan kontakta Ltd &#8221;Santa Monica&#8221; genom att anv\u00e4nda kontaktformul\u00e4ret i sektionen &#8221;Kontakter&#8221; eller fr\u00e5geformul\u00e4ret &#8221;Ans\u00f6k om ett bes\u00f6k&#8221;. Den inl\u00e4mnade informationen samlas in av personalen p\u00e5 SIA &#8221;Santa Monica&#8221; f\u00f6r att ge ett svar p\u00e5 det mottagna meddelandet. Den exakta listan \u00f6ver insamlade data finns nedan. Uppgifterna behandlas i enlighet med GDPR. Innan du skickar ett meddelande eller fr\u00e5geformul\u00e4r m\u00e5ste bes\u00f6karen av webbplatsen ocks\u00e5 bekanta sig med integritetspolicyn och notera att han samtycker till ytterligare databehandling. Det \u00e4r m\u00f6jligt f\u00f6r bes\u00f6karen av webbplatsen att n\u00e4r som helst \u00e5terkalla tillst\u00e5ndet att blockera data.\r\n\r\n\r\n\r\n\r\n\r\nLtd &#8221;Santa Monica&#8221; lagrar uppgifterna som anges i kontaktformul\u00e4ren p\u00e5 webbplatsen tills webbplatsbes\u00f6karen beg\u00e4r att de raderas, drar tillbaka sitt samtycke till deras lagring eller syftet med deras lagring uppn\u00e5s (till exempel ett svar p\u00e5 beg\u00e4ran tillhandah\u00e5lls) . Denna best\u00e4mmelse p\u00e5verkar inte n\u00e5gra tvingande regleringsbest\u00e4mmelser, s\u00e4rskilt de som r\u00f6r obligatoriska datalagringsperioder.\r\n\r\n\r\n\r\n\r\n<p class=\"has-medium-font-size\"><strong> F\u00f6ljande information samlas in fr\u00e5n kontaktformul\u00e4ren och ans\u00f6kningsformul\u00e4ren p\u00e5 SIA &#8221;Santa Monica&#8221; webbplats:<\/strong><\/p>\r\n\r\n\r\n\r\n\r\nEnk\u00e4t &#8221;<strong>Ans\u00f6k om bes\u00f6k<\/strong>&#8221; &#8211; information samlas in: f\u00f6rnamn, efternamn, telefonnummer, typ av tj\u00e4nst vald, \u00f6nskad m\u00f6testid och kommentarer.\r\n\r\n\r\n\r\n\r\n\r\nLtd &#8221;Santa Monica&#8221; skyddar kunddata med hj\u00e4lp av moderna tekniska m\u00f6jligheter, med h\u00e4nsyn till befintliga integritetsrisker, Ltd &#8221;Santa Monica&#8221; anv\u00e4nder rimligt tillg\u00e4ngliga organisatoriska, finansiella och tekniska resurser f\u00f6r att s\u00e4kerst\u00e4lla s\u00e4kerheten, inklusive anv\u00e4ndning av datakryptering vid \u00f6verf\u00f6ring av data (SSL-kryptering ).\r\n\r\n\r\n\r\n\r\n<p class=\"has-medium-font-size\"><strong>Kunden kan f\u00e5 information om sina personuppgifter till v\u00e5rt f\u00f6rfogande eller ut\u00f6va sina andra r\u00e4ttigheter som registrerad enligt f\u00f6ljande:<\/strong><\/p>\r\n\r\n\r\n\r\n<ul class=\"wp-block-list\">\r\n \t<li style=\"list-style-type: none;\">\r\n<ul>\r\n \t<li><strong>genom att l\u00e4mna in ans\u00f6kan personligen<\/strong> Ltd \u201cSanta Monica\u201d p\u00e5 kliniken (<a href=\"https:\/\/maps.app.goo.gl\/EDYPGnfz9hveaEcB7\" target=\"_blank\" rel=\"noreferrer noopener\">Nauk\u0161\u0113nu mui\u017ea, Nauk\u0161\u0113ni, Nauk\u0161\u0113nu pag.,\r\nValmieras nov., LV-4244<\/a>), varje arbetsdag under perioden kl 9:00 \u2013 17:00;<\/li>\r\n<\/ul>\r\n<\/li>\r\n<\/ul>\r\n\r\n\r\n\r\n<ul>\r\n \t<li style=\"list-style-type: none;\">\r\n<ul>\r\n \t<li><strong>skicka in ans\u00f6kan elektroniskt<\/strong> genom att skicka den till en e-postadress <a href=\"mailto:info@santamonica.lv\">info@santamonica.lv<\/a>.<\/li>\r\n<\/ul>\r\n<\/li>\r\n<\/ul>\r\n\r\n\r\n\r\n\r\n\r\n\r\nN\u00e4r Ltd &#8221;Santa Monica&#8221; mottagit kundens inl\u00e4mning kommer Ltd &#8221;Santa Monica&#8221; att utv\u00e4rdera dess inneh\u00e5ll och kundens identifieringsm\u00f6jligheter och vid behov be kunden att l\u00e4mna ytterligare information f\u00f6r att s\u00e5 mycket som m\u00f6jligt s\u00e4kerst\u00e4lla att uppgifterna skickas till relevanta uppgifter f\u00f6rem\u00e5l och minska risken f\u00f6r missbruk av klientens uppgifter.\r\n\r\n\r\n\r\n\r\n\r\nLtd &#8221;Santa Monica&#8221; kommunicerar med klienten med hj\u00e4lp av de kontaktuppgifter som klienten tillhandah\u00e5ller (telefonnummer, e-postadress, postadress etc.) i kontaktformul\u00e4ren p\u00e5 webbplatsen, via e-post, per telefon eller p\u00e5 annat s\u00e4tt.\r\n\r\n\r\n\r\n\r\n<div class=\"wp-block-columns has-theme-palette-8-background-color has-background is-layout-flex wp-container-core-columns-is-layout-a180a1d0 wp-block-columns-is-layout-flex\" style=\"padding: var(--wp--preset--spacing--60);\">\r\n<div class=\"wp-block-column is-layout-flow wp-block-column-is-layout-flow\">\r\n<h2 class=\"wp-block-heading\">Cookiepolicy<\/h2>\r\n\r\n\r\n\r\n\r\n&#8221;Santa Monica&#8221; Ltd webbplats https:\/\/santamonica.lv anv\u00e4nder cookies (&#8221;cookies&#8221; p\u00e5 engelska).\r\n\r\n\r\n\r\n\r\n<h3 class=\"wp-block-heading\"><strong>Vad \u00e4r en kaka?<\/strong><\/h3>\r\n\r\n\r\n\r\n\r\nEn cookie \u00e4r en liten textfil som skickas till din dator eller mobila enhet n\u00e4r du bes\u00f6ker en webbplats, och som webbplatsen lagrar p\u00e5 din dator eller mobila enhet n\u00e4r du g\u00e5r in p\u00e5 webbplatsen. Vid varje efterf\u00f6ljande bes\u00f6k skickas cookies tillbaka till den ursprungliga webbplatsen eller till en annan webbplats som k\u00e4nner igen cookien. Cookies fungerar som ett minne f\u00f6r en specifik webbplats, vilket g\u00f6r att den h\u00e4r sidan kommer ih\u00e5g din dator vid efterf\u00f6ljande bes\u00f6k, inklusive cookies kan komma ih\u00e5g dina inst\u00e4llningar eller f\u00f6rb\u00e4ttra anv\u00e4ndarkomforten. Du kan f\u00e5 ytterligare information om cookies, samt hur du hanterar eller raderar dem, p\u00e5 webbplatsen www.aboutcookies.org.\r\n\r\n\r\n\r\n\r\n\r\n\r\n\r\n\r\n\r\nLtd \u201cSanta Monica\u201d t\u012bmek\u013ca vietn\u0113 <strong>santamonica.lv<\/strong>\u00a0tiek izmantotas sekojo\u0161as s\u012bkdatnes:\r\n\r\n\r\n\r\n\r\n<ul class=\"wp-block-list\">\r\n \t<li style=\"list-style-type: none;\">\r\n<ul>\r\n \t<li><strong>Google Analytics <\/strong>&#8211; Cookies skapade av programmet &#8221;Google Analytics&#8221; skapat av &#8221;Google Inc&#8221; installeras p\u00e5 webbplatsen f\u00f6r SIA &#8221;Santa Monica&#8221;. Syftet med att anv\u00e4nda &#8221;Google Analytics&#8221; cookies \u00e4r att f\u00f6rb\u00e4ttra kvaliteten p\u00e5 inneh\u00e5llet p\u00e5 SIA &#8221;Santa Monica&#8221; webbplats och att anpassa inneh\u00e5llet till anv\u00e4ndarnas behov. Du kan l\u00e4sa mer om Google Analytics anv\u00e4ndarvillkor p\u00e5 http:\/\/www.google.com\/analytics\/terms\/us.html. En detaljerad beskrivning av dessa cookies kan l\u00e4sas h\u00e4r: https:\/\/developers.google.com\/analytics\/devguides\/collection\/analyticsjs\/cookie-usage. Om du vill att SIA &#8221;Santa Monica&#8221; inte ska f\u00e5 information om dina aktiviteter p\u00e5 SIA &#8221;Santa Monica&#8221; webbplats, m\u00e5ste du helt enkelt v\u00e4gra anv\u00e4ndningen av cookies p\u00e5 v\u00e5r webbplats<strong>.<\/strong><\/li>\r\n<\/ul>\r\n<\/li>\r\n<\/ul>\r\n\r\n\r\n\r\n\r\n<\/div>\r\n\r\n\r\n<\/div>\r\n\r\n\r\n\r\n\r\n","protected":false},"excerpt":{"rendered":"<p>Din integritet och dataskydd \u00e4r mycket viktigt f\u00f6r SIA &#8221;Santa Monica&#8221;. F\u00f6r att s\u00e4kerst\u00e4lla laglig, r\u00e4ttvis och transparent behandling av personuppgifter l\u00e4mnas nedan information om behandlingen av personuppgifter som utf\u00f6rs av SIA &#8221;Santa Monica&#8221;. Observera att informationen inte \u00e4r utt\u00f6mmande och kan \u00e4ndras, f\u00f6rtydligas, kompletteras. Personuppgiftsansvarig: Ltd \u201cSanta Monica\u201d Registreringsnr.: 40203463875 Adress: Nauk\u0161\u0113nu mui\u017ea, Nauk\u0161\u0113ni,&#8230;<\/p>\n","protected":false},"author":1,"featured_media":0,"parent":0,"menu_order":0,"comment_status":"closed","ping_status":"open","template":"","meta":{"_acf_changed":false,"_uag_custom_page_level_css":"","_kadence_starter_templates_imported_post":false,"_kad_post_transparent":"default","_kad_post_title":"default","_kad_post_layout":"default","_kad_post_sidebar_id":"","_kad_post_content_style":"default","_kad_post_vertical_padding":"default","_kad_post_feature":"","_kad_post_feature_position":"","_kad_post_header":false,"_kad_post_footer":false,"footnotes":""},"class_list":["post-2407","page","type-page","status-publish","hentry"],"acf":[],"yoast_head":"<!-- This site is optimized with the Yoast SEO plugin v26.4 - https:\/\/yoast.com\/wordpress\/plugins\/seo\/ -->\n<title>Personuppgiftsansvarig - Santa Monica<\/title>\n<meta name=\"robots\" content=\"index, follow, max-snippet:-1, max-image-preview:large, max-video-preview:-1\" \/>\n<link rel=\"canonical\" href=\"https:\/\/santamonica.lv\/sv\/personuppgiftsansvarig\/\" \/>\n<meta property=\"og:locale\" content=\"sv_SE\" \/>\n<meta property=\"og:type\" content=\"article\" \/>\n<meta property=\"og:title\" content=\"Personuppgiftsansvarig - Santa Monica\" \/>\n<meta property=\"og:description\" content=\"Din integritet och dataskydd \u00e4r mycket viktigt f\u00f6r SIA &#8221;Santa Monica&#8221;. F\u00f6r att s\u00e4kerst\u00e4lla laglig, r\u00e4ttvis och transparent behandling av personuppgifter l\u00e4mnas nedan information om behandlingen av personuppgifter som utf\u00f6rs av SIA &#8221;Santa Monica&#8221;. Observera att informationen inte \u00e4r utt\u00f6mmande och kan \u00e4ndras, f\u00f6rtydligas, kompletteras. Personuppgiftsansvarig: Ltd \u201cSanta Monica\u201d Registreringsnr.: 40203463875 Adress: Nauk\u0161\u0113nu mui\u017ea, Nauk\u0161\u0113ni,...\" \/>\n<meta property=\"og:url\" content=\"https:\/\/santamonica.lv\/sv\/personuppgiftsansvarig\/\" \/>\n<meta property=\"og:site_name\" content=\"Santa Monica\" \/>\n<meta property=\"article:publisher\" content=\"https:\/\/www.facebook.com\/klinikasantamonica\" \/>\n<meta property=\"article:modified_time\" content=\"2024-12-22T14:36:36+00:00\" \/>\n<meta name=\"twitter:card\" content=\"summary_large_image\" \/>\n<meta name=\"twitter:label1\" content=\"Est. reading time\" \/>\n\t<meta name=\"twitter:data1\" content=\"5 minuter\" \/>\n<script type=\"application\/ld+json\" class=\"yoast-schema-graph\">{\"@context\":\"https:\/\/schema.org\",\"@graph\":[{\"@type\":\"WebPage\",\"@id\":\"https:\/\/santamonica.lv\/sv\/personuppgiftsansvarig\/\",\"url\":\"https:\/\/santamonica.lv\/sv\/personuppgiftsansvarig\/\",\"name\":\"Personuppgiftsansvarig - Santa Monica\",\"isPartOf\":{\"@id\":\"https:\/\/santamonica.lv\/sv\/#website\"},\"datePublished\":\"2023-07-31T13:57:10+00:00\",\"dateModified\":\"2024-12-22T14:36:36+00:00\",\"breadcrumb\":{\"@id\":\"https:\/\/santamonica.lv\/sv\/personuppgiftsansvarig\/#breadcrumb\"},\"inLanguage\":\"sv-SE\",\"potentialAction\":[{\"@type\":\"ReadAction\",\"target\":[\"https:\/\/santamonica.lv\/sv\/personuppgiftsansvarig\/\"]}]},{\"@type\":\"BreadcrumbList\",\"@id\":\"https:\/\/santamonica.lv\/sv\/personuppgiftsansvarig\/#breadcrumb\",\"itemListElement\":[{\"@type\":\"ListItem\",\"position\":1,\"name\":\"Home\",\"item\":\"https:\/\/santamonica.lv\/sv\/borjan\/\"},{\"@type\":\"ListItem\",\"position\":2,\"name\":\"Personuppgiftsansvarig\"}]},{\"@type\":\"WebSite\",\"@id\":\"https:\/\/santamonica.lv\/sv\/#website\",\"url\":\"https:\/\/santamonica.lv\/sv\/\",\"name\":\"Santa Monica\",\"description\":\"\",\"potentialAction\":[{\"@type\":\"SearchAction\",\"target\":{\"@type\":\"EntryPoint\",\"urlTemplate\":\"https:\/\/santamonica.lv\/sv\/?s={search_term_string}\"},\"query-input\":{\"@type\":\"PropertyValueSpecification\",\"valueRequired\":true,\"valueName\":\"search_term_string\"}}],\"inLanguage\":\"sv-SE\"}]}<\/script>\n<!-- \/ Yoast SEO plugin. -->","yoast_head_json":{"title":"Personuppgiftsansvarig - Santa Monica","robots":{"index":"index","follow":"follow","max-snippet":"max-snippet:-1","max-image-preview":"max-image-preview:large","max-video-preview":"max-video-preview:-1"},"canonical":"https:\/\/santamonica.lv\/sv\/personuppgiftsansvarig\/","og_locale":"sv_SE","og_type":"article","og_title":"Personuppgiftsansvarig - Santa Monica","og_description":"Din integritet och dataskydd \u00e4r mycket viktigt f\u00f6r SIA &#8221;Santa Monica&#8221;. F\u00f6r att s\u00e4kerst\u00e4lla laglig, r\u00e4ttvis och transparent behandling av personuppgifter l\u00e4mnas nedan information om behandlingen av personuppgifter som utf\u00f6rs av SIA &#8221;Santa Monica&#8221;. Observera att informationen inte \u00e4r utt\u00f6mmande och kan \u00e4ndras, f\u00f6rtydligas, kompletteras. Personuppgiftsansvarig: Ltd \u201cSanta Monica\u201d Registreringsnr.: 40203463875 Adress: Nauk\u0161\u0113nu mui\u017ea, Nauk\u0161\u0113ni,...","og_url":"https:\/\/santamonica.lv\/sv\/personuppgiftsansvarig\/","og_site_name":"Santa Monica","article_publisher":"https:\/\/www.facebook.com\/klinikasantamonica","article_modified_time":"2024-12-22T14:36:36+00:00","twitter_card":"summary_large_image","twitter_misc":{"Est. reading time":"5 minuter"},"schema":{"@context":"https:\/\/schema.org","@graph":[{"@type":"WebPage","@id":"https:\/\/santamonica.lv\/sv\/personuppgiftsansvarig\/","url":"https:\/\/santamonica.lv\/sv\/personuppgiftsansvarig\/","name":"Personuppgiftsansvarig - Santa Monica","isPartOf":{"@id":"https:\/\/santamonica.lv\/sv\/#website"},"datePublished":"2023-07-31T13:57:10+00:00","dateModified":"2024-12-22T14:36:36+00:00","breadcrumb":{"@id":"https:\/\/santamonica.lv\/sv\/personuppgiftsansvarig\/#breadcrumb"},"inLanguage":"sv-SE","potentialAction":[{"@type":"ReadAction","target":["https:\/\/santamonica.lv\/sv\/personuppgiftsansvarig\/"]}]},{"@type":"BreadcrumbList","@id":"https:\/\/santamonica.lv\/sv\/personuppgiftsansvarig\/#breadcrumb","itemListElement":[{"@type":"ListItem","position":1,"name":"Home","item":"https:\/\/santamonica.lv\/sv\/borjan\/"},{"@type":"ListItem","position":2,"name":"Personuppgiftsansvarig"}]},{"@type":"WebSite","@id":"https:\/\/santamonica.lv\/sv\/#website","url":"https:\/\/santamonica.lv\/sv\/","name":"Santa Monica","description":"","potentialAction":[{"@type":"SearchAction","target":{"@type":"EntryPoint","urlTemplate":"https:\/\/santamonica.lv\/sv\/?s={search_term_string}"},"query-input":{"@type":"PropertyValueSpecification","valueRequired":true,"valueName":"search_term_string"}}],"inLanguage":"sv-SE"}]}},"uagb_featured_image_src":{"full":false,"thumbnail":false,"medium":false,"medium_large":false,"large":false,"1536x1536":false,"2048x2048":false,"woocommerce_thumbnail":false,"woocommerce_single":false,"woocommerce_gallery_thumbnail":false},"uagb_author_info":{"display_name":"admin","author_link":"https:\/\/santamonica.lv\/sv\/author\/admin\/"},"uagb_comment_info":0,"uagb_excerpt":"Din integritet och dataskydd \u00e4r mycket viktigt f\u00f6r SIA &#8221;Santa Monica&#8221;. F\u00f6r att s\u00e4kerst\u00e4lla laglig, r\u00e4ttvis och transparent behandling av personuppgifter l\u00e4mnas nedan information om behandlingen av personuppgifter som utf\u00f6rs av SIA &#8221;Santa Monica&#8221;. Observera att informationen inte \u00e4r utt\u00f6mmande och kan \u00e4ndras, f\u00f6rtydligas, kompletteras. Personuppgiftsansvarig: Ltd \u201cSanta Monica\u201d Registreringsnr.: 40203463875 Adress: Nauk\u0161\u0113nu mui\u017ea, Nauk\u0161\u0113ni,...","_links":{"self":[{"href":"https:\/\/santamonica.lv\/sv\/wp-json\/wp\/v2\/pages\/2407","targetHints":{"allow":["GET"]}}],"collection":[{"href":"https:\/\/santamonica.lv\/sv\/wp-json\/wp\/v2\/pages"}],"about":[{"href":"https:\/\/santamonica.lv\/sv\/wp-json\/wp\/v2\/types\/page"}],"author":[{"embeddable":true,"href":"https:\/\/santamonica.lv\/sv\/wp-json\/wp\/v2\/users\/1"}],"replies":[{"embeddable":true,"href":"https:\/\/santamonica.lv\/sv\/wp-json\/wp\/v2\/comments?post=2407"}],"version-history":[{"count":1,"href":"https:\/\/santamonica.lv\/sv\/wp-json\/wp\/v2\/pages\/2407\/revisions"}],"predecessor-version":[{"id":2408,"href":"https:\/\/santamonica.lv\/sv\/wp-json\/wp\/v2\/pages\/2407\/revisions\/2408"}],"wp:attachment":[{"href":"https:\/\/santamonica.lv\/sv\/wp-json\/wp\/v2\/media?parent=2407"}],"curies":[{"name":"wp","href":"https:\/\/api.w.org\/{rel}","templated":true}]}}