{"id":2414,"date":"2024-07-09T20:29:46","date_gmt":"2024-07-09T17:29:46","guid":{"rendered":"https:\/\/santamonica.lv\/mikrobiom-test\/"},"modified":"2025-03-05T22:08:22","modified_gmt":"2025-03-05T20:08:22","slug":"mikrobiom-test","status":"publish","type":"page","link":"https:\/\/santamonica.lv\/sv\/mikrobiom-test\/","title":{"rendered":"Mikrobiom test"},"content":{"rendered":"\n<div style=\"height:90px\" aria-hidden=\"true\" class=\"wp-block-spacer\"><\/div>\n<style>.kb-row-layout-id1944_7424ee-64 > .kt-row-column-wrap{align-content:start;}:where(.kb-row-layout-id1944_7424ee-64 > .kt-row-column-wrap) > .wp-block-kadence-column{justify-content:start;}.kb-row-layout-id1944_7424ee-64 > .kt-row-column-wrap{column-gap:var(--global-kb-gap-md, 2rem);row-gap:var(--global-kb-gap-md, 2rem);max-width:var( --global-content-width, 1290px );padding-left:var(--global-content-edge-padding);padding-right:var(--global-content-edge-padding);padding-top:139px;padding-bottom:100px;grid-template-columns:minmax(0, 1fr);}.kb-row-layout-id1944_7424ee-64 > .kt-row-layout-overlay{opacity:0.28;background-color:#000000;background-image:url('https:\/\/santamonica.lv\/wp-content\/uploads\/2024\/07\/mikrobioms.jpg');background-size:cover;background-position:52% 51%;background-attachment:scroll;background-repeat:no-repeat;mix-blend-mode:darken;}@media all and (max-width: 1024px){.kb-row-layout-id1944_7424ee-64 > .kt-row-column-wrap{padding-top:80px;padding-bottom:80px;grid-template-columns:minmax(0, 1fr);}}@media all and (max-width: 767px){.kb-row-layout-id1944_7424ee-64 > .kt-row-column-wrap{padding-top:100px;padding-right:30px;padding-bottom:100px;padding-left:30px;grid-template-columns:minmax(0, 1fr);}}<\/style><div class=\"kb-row-layout-wrap kb-row-layout-id1944_7424ee-64 alignnone has-theme-palette8-background-color kt-row-has-bg wp-block-kadence-rowlayout\"><div class=\"kt-row-layout-overlay kt-row-overlay-normal\"><\/div><div class=\"kt-row-column-wrap kt-has-1-columns kt-row-layout-equal kt-tab-layout-inherit kt-mobile-layout-row kt-row-valign-top kb-theme-content-width\">\n<style>.kadence-column1944_3782f3-a3 > .kt-inside-inner-col,.kadence-column1944_3782f3-a3 > .kt-inside-inner-col:before{border-top-left-radius:0px;border-top-right-radius:0px;border-bottom-right-radius:0px;border-bottom-left-radius:0px;}.kadence-column1944_3782f3-a3 > .kt-inside-inner-col{column-gap:var(--global-kb-gap-sm, 1rem);}.kadence-column1944_3782f3-a3 > .kt-inside-inner-col{flex-direction:column;}.kadence-column1944_3782f3-a3 > .kt-inside-inner-col > .aligncenter{width:100%;}.kadence-column1944_3782f3-a3 > .kt-inside-inner-col:before{opacity:0.3;}.kadence-column1944_3782f3-a3{position:relative;}@media all and (max-width: 1024px){.kadence-column1944_3782f3-a3 > .kt-inside-inner-col{padding-top:0px;padding-right:0px;padding-bottom:0px;padding-left:0px;flex-direction:column;justify-content:center;}}@media all and (max-width: 767px){.kadence-column1944_3782f3-a3 > .kt-inside-inner-col{flex-direction:column;justify-content:center;}}<\/style>\n<div class=\"wp-block-kadence-column kadence-column1944_3782f3-a3 inner-column-1\"><div class=\"kt-inside-inner-col\"><style>.kb-row-layout-id1944_d62442-fa > .kt-row-column-wrap{align-content:start;}:where(.kb-row-layout-id1944_d62442-fa > .kt-row-column-wrap) > .wp-block-kadence-column{justify-content:start;}.kb-row-layout-id1944_d62442-fa > .kt-row-column-wrap{column-gap:var(--global-kb-gap-md, 2rem);row-gap:var(--global-kb-gap-md, 2rem);max-width:600px;margin-left:auto;margin-right:auto;padding-top:0px;padding-bottom:0px;grid-template-columns:minmax(0, 1fr);}.kb-row-layout-id1944_d62442-fa > .kt-row-layout-overlay{opacity:0.30;}@media all and (max-width: 1024px){.kb-row-layout-id1944_d62442-fa > .kt-row-column-wrap{padding-top:0px;padding-right:0px;padding-bottom:0px;padding-left:0px;grid-template-columns:minmax(0, 1fr);}}@media all and (max-width: 767px){.kb-row-layout-id1944_d62442-fa > .kt-row-column-wrap{grid-template-columns:minmax(0, 1fr);}}<\/style><div class=\"kb-row-layout-wrap kb-row-layout-id1944_d62442-fa alignnone wp-block-kadence-rowlayout\"><div class=\"kt-row-column-wrap kt-has-1-columns kt-row-layout-equal kt-tab-layout-inherit kt-mobile-layout-row kt-row-valign-top\">\n<style>.kadence-column1944_eb6991-f1 > .kt-inside-inner-col{padding-right:40px;padding-left:40px;}.kadence-column1944_eb6991-f1 > .kt-inside-inner-col,.kadence-column1944_eb6991-f1 > .kt-inside-inner-col:before{border-top-left-radius:0px;border-top-right-radius:0px;border-bottom-right-radius:0px;border-bottom-left-radius:0px;}.kadence-column1944_eb6991-f1 > .kt-inside-inner-col{column-gap:var(--global-kb-gap-sm, 1rem);}.kadence-column1944_eb6991-f1 > .kt-inside-inner-col{flex-direction:column;}.kadence-column1944_eb6991-f1 > .kt-inside-inner-col > .aligncenter{width:100%;}.kadence-column1944_eb6991-f1 > .kt-inside-inner-col:before{opacity:0.3;}.kadence-column1944_eb6991-f1{position:relative;}@media all and (max-width: 1024px){.kadence-column1944_eb6991-f1 > .kt-inside-inner-col{flex-direction:column;justify-content:center;}}@media all and (max-width: 767px){.kadence-column1944_eb6991-f1 > .kt-inside-inner-col{padding-right:0px;padding-left:0px;flex-direction:column;justify-content:center;}}<\/style>\n<div class=\"wp-block-kadence-column kadence-column1944_eb6991-f1 inner-column-1\"><div class=\"kt-inside-inner-col\"><style>.wp-block-kadence-advancedheading.kt-adv-heading1944_0a84c7-5c, .wp-block-kadence-advancedheading.kt-adv-heading1944_0a84c7-5c[data-kb-block=\"kb-adv-heading1944_0a84c7-5c\"]{padding-top:0px;padding-right:0px;padding-bottom:20px;padding-left:0px;margin-top:0px;margin-right:0px;margin-bottom:0px;margin-left:0px;text-align:center;font-style:normal;text-transform:capitalize;color:#000000;}.wp-block-kadence-advancedheading.kt-adv-heading1944_0a84c7-5c mark.kt-highlight, .wp-block-kadence-advancedheading.kt-adv-heading1944_0a84c7-5c[data-kb-block=\"kb-adv-heading1944_0a84c7-5c\"] mark.kt-highlight{font-style:normal;color:#f76a0c;-webkit-box-decoration-break:clone;box-decoration-break:clone;padding-top:0px;padding-right:0px;padding-bottom:0px;padding-left:0px;}@media all and (max-width: 767px){.wp-block-kadence-advancedheading.kt-adv-heading1944_0a84c7-5c, .wp-block-kadence-advancedheading.kt-adv-heading1944_0a84c7-5c[data-kb-block=\"kb-adv-heading1944_0a84c7-5c\"]{font-size:var(--global-kb-font-size-lg, 2rem);}}<\/style>\n<h1 class=\"kt-adv-heading1944_0a84c7-5c wp-block-kadence-advancedheading\" data-kb-block=\"kb-adv-heading1944_0a84c7-5c\">Mikrobiom test<\/h1>\n<\/div><\/div>\n\n<\/div><\/div><\/div><\/div>\n\n<\/div><\/div><style>.kb-row-layout-id1944_ebe930-21 > .kt-row-column-wrap{align-content:start;}:where(.kb-row-layout-id1944_ebe930-21 > .kt-row-column-wrap) > .wp-block-kadence-column{justify-content:start;}.kb-row-layout-id1944_ebe930-21 > .kt-row-column-wrap{column-gap:var(--global-kb-gap-md, 2rem);row-gap:var(--global-kb-gap-md, 2rem);max-width:var( --global-content-width, 1290px );padding-left:var(--global-content-edge-padding);padding-right:var(--global-content-edge-padding);padding-top:var(--global-kb-spacing-lg, 3rem);padding-bottom:var(--global-kb-spacing-sm, 1.5rem);grid-template-columns:minmax(0, 1fr);}.kb-row-layout-id1944_ebe930-21 > .kt-row-layout-overlay{opacity:0.30;}@media all and (max-width: 1024px){.kb-row-layout-id1944_ebe930-21 > .kt-row-column-wrap{grid-template-columns:minmax(0, 1fr);}}@media all and (max-width: 767px){.kb-row-layout-id1944_ebe930-21 > .kt-row-column-wrap{grid-template-columns:minmax(0, 1fr);}}<\/style><div class=\"kb-row-layout-wrap kb-row-layout-id1944_ebe930-21 alignnone wp-block-kadence-rowlayout\"><div class=\"kt-row-column-wrap kt-has-1-columns kt-row-layout-equal kt-tab-layout-inherit kt-mobile-layout-row kt-row-valign-top kb-theme-content-width\">\n<style>.kadence-column1944_88c7cb-97 > .kt-inside-inner-col,.kadence-column1944_88c7cb-97 > .kt-inside-inner-col:before{border-top-left-radius:0px;border-top-right-radius:0px;border-bottom-right-radius:0px;border-bottom-left-radius:0px;}.kadence-column1944_88c7cb-97 > .kt-inside-inner-col{column-gap:var(--global-kb-gap-sm, 1rem);}.kadence-column1944_88c7cb-97 > .kt-inside-inner-col{flex-direction:column;}.kadence-column1944_88c7cb-97 > .kt-inside-inner-col > .aligncenter{width:100%;}.kadence-column1944_88c7cb-97 > .kt-inside-inner-col:before{opacity:0.3;}.kadence-column1944_88c7cb-97{position:relative;}@media all and (max-width: 1024px){.kadence-column1944_88c7cb-97 > .kt-inside-inner-col{flex-direction:column;justify-content:center;}}@media all and (max-width: 767px){.kadence-column1944_88c7cb-97 > .kt-inside-inner-col{flex-direction:column;justify-content:center;}}<\/style>\n<div class=\"wp-block-kadence-column kadence-column1944_88c7cb-97\"><div class=\"kt-inside-inner-col\">\n<h2 class=\"wp-block-heading\">Santa Monica Clinic erbjuder ett mikrobiomtest<\/h2>\n\n\n\n<p>Den m\u00e4nskliga mikrobiomet \u00e4r alla mikroskopiska levande varelser (bakterier, protozoer, virus, mikroskopiska svampar) som bebor v\u00e5r kropp b\u00e5de internt &#8211; i tarmkanalen, urinv\u00e4garna, munh\u00e5lan, k\u00f6nsorganen och externt &#8211; p\u00e5 huden. Mikroorganismer interagerar med varandra och hela den m\u00e4nskliga organismen som helhet. Deras kombination<strong> s\u00e4kerst\u00e4ller v\u00e5r kropps h\u00e4lsa<\/strong>. Dessa mikroorganismer finns p\u00e5 hud, slemhinnor, tarmar m.m. Den st\u00f6rsta m\u00e5ngfalden av mikroorganismer finns i tarmkanalen.<\/p>\n\n\n\n<p>Varje persons <strong>mikrobiom \u00e4r unik<\/strong>. Likheten mellan olika tarmbakterier mellan tv\u00e5 personer \u00e4r bara 10-20%.<\/p>\n\n\n\n<p><strong>70-80% av immuniteten<\/strong> bildas direkt i tarmmikrobiomet. Omkring 100 biljoner bakterier, am\u00f6bor, svampar, virus och andra mikroorganismer lever i mag-tarmkanalen. I en frisk mikrobiom \u00e4r de goda bakterierna i balans med de d\u00e5liga, och <strong>balansen mellan dem avg\u00f6r hur v\u00e5rt immunf\u00f6rsvar fungerar.<\/strong><\/p>\n\n\n\n<h2 class=\"wp-block-heading\">Mikrobiom test mini<\/h2>\n\n\n\n<p class=\"has-theme-palette-8-background-color has-background\">Mikrobiom test mini (bakteriom + mikrobiom) \u2013 analyserar de tre huvudtyperna av bakterier, som finns i slemhinnan i mag-tarmkanalen, b\u00e5de genom deras funktionella betydelse och deras struktur. H\u00e4r ing\u00e5r ocks\u00e5 A.muciniphila, som anses vara en bra probiotika och \u00e4r&#13;\ndet \u00e4r k\u00e4nt att st\u00f6dja n\u00e4rings\u00e4mnesmetabolism och kontrollera immunsvar i v\u00e4rden. F.prauznittii detekteras ocks\u00e5 &#8211; en av de vanligaste bakterierna i tarmslemhinnan, som ocks\u00e5 spelar en viktig roll f\u00f6r att fr\u00e4mja h\u00e4lsan. Antalet av detta batteri minskar hos patienter med Crohns sjukdom och ulcer\u00f6s kolit. Testet inkluderar \u00e4ven uppt\u00e4ckt av 7 villkorligt patogena j\u00e4stsvampar. Tarmbakterier analyseras ocks\u00e5 enligt deras funktionella betydelser &#8211; butyrat, histamin, fenol, indol, ammonium, etc. syntes av f\u00f6reningar fr\u00e5n sekund\u00e4ra gallsyror.<\/p>\n\n\n\n<h2 class=\"wp-block-heading\">Mikrobiom midi test<\/h2>\n\n\n\n<p class=\"has-theme-palette-8-background-color has-background\">Mikrobiom midi-test (bakteriom + mykobiom + parasiter) \u2013 uppt\u00e4cker de tre huvudsakliga typerna av tarmbakterier, analyserar \u00e4ven n\u00e4rvaron av 7 villkorligt patogena svampar och uppt\u00e4cker dessutom encelliga parasiter. En av dem \u00e4r blastocyster &#8211; encelliga mikroorganismer som \u00e4r normala&#13;\nfinns i mag-tarmkanalen, men i vissa fall orsaka buksm\u00e4rtor, diarr\u00e9 eller andra mag-tarmproblem.<\/p>\n\n\n\n<h2 class=\"wp-block-heading\">Mikrobiom midi plus test<\/h2>\n\n\n\n<p class=\"has-theme-palette-8-background-color has-background\">Mikrobiom midi plus test (bakteriom + mykobiom + encelliga parasiter + maskar + mikrosporidier). Detta test inkluderar best\u00e4mning av de tre huvudsakliga funktionella grupperna av tarmbakterier, analys av 7 villkorligt patogena j\u00e4stsvampar, protozoparasiter, maskar och mikrosporidier.&#13;\nMikrosporidier \u00e4r sporbildande encelliga parasiter som till sin natur \u00e4r mycket lika svampar. I en f\u00f6rsvagad kropp kan de orsaka diarr\u00e9 och viktminskning. Detta test inkluderar \u00e4ven uppt\u00e4ckt av blastocyster.<\/p>\n\n\n\n<h2 class=\"wp-block-heading\">Mikrobiom maxi test<\/h2>\n\n\n\n<p class=\"has-theme-palette-8-background-color has-background\">Mikrobiom maxi-test (bakteriom + mykobiom + parasitdetektion). Detta test inkluderar detektering av tre huvud- och funktionella grupper av tarmbakterier, analysen inkluderar \u00e4ven de 7 vanligaste j\u00e4stsvamparna, best\u00e4mmer n\u00e4rvaron av encelliga eller flercelliga tarmparasiter, samt olika blastocyster.<\/p>\n\n\n\n<h2 class=\"wp-block-heading\">Microbiome maxi plus test<\/h2>\n\n\n\n<p class=\"has-theme-palette-8-background-color has-background\">Mikrobiom maxi plus-test (bakteriom + mykobiom + encelliga och flercelliga parasiter + mikrosporidier) &#8211; best\u00e4mmer de tre huvudsakliga och funktionella grupperna av bakterier i tarmkanalen, 7 villkorligt patogena j\u00e4stsvampar, mikrosporidier, blastocyster, s\u00e5v\u00e4l som enstaka celler.<\/p>\n\n\n\n<p>Mikrobiomet \u00e4r n\u00e4ra <strong>relaterat till m\u00e4nniskors h\u00e4lsa<\/strong>. Mikroorganismer bryter ner fibrer till viktiga f\u00f6reningar involverade i metaboliska processer och <strong>immunsystemets funktion<\/strong>. Populationen av mikroorganismer (mikrobiota) i magen och tarmkanalen \u00e4r den st\u00f6rsta och viktigaste f\u00f6r att uppr\u00e4tth\u00e5lla m\u00e4nniskors h\u00e4lsa, mer \u00e4n 1000 olika arter. Man b\u00f6r komma ih\u00e5g att matsm\u00e4ltningskanalen utg\u00e5r fr\u00e5n v\u00e5r munh\u00e5la, som \u00e4r hem f\u00f6r mer \u00e4n 700 arter av mikroorganismer.<\/p>\n\n\n\n<p><em><strong>&#8221;Alla sjukdomar b\u00f6rjar i tarmen&#8221;<\/strong>, h\u00e4vdade Hippokrates redan f\u00f6re v\u00e5r tider\u00e4kning.<\/em><\/p>\n\n\n\n<p>Oh\u00e4lsosam mikroflora i tarmen p\u00e5verkar v\u00e5r fysiska h\u00e4lsa, n\u00e4stan alla \u00e4r bekanta med \u00f6kad gasproduktion, buksm\u00e4rtor, diarr\u00e9 och\/eller f\u00f6rstoppning. Men f\u00f6r\u00e4ndringar i det m\u00e4nskliga mikrobiomet utg\u00f6r ocks\u00e5 risker f\u00f6r utvecklingen av sjukdomar som diabetes, inflammatorisk tarmsjukdom och irritabel tarm. Det visar sig ocks\u00e5 att ett oh\u00e4lsosamt m\u00e4nskligt mikrobiom kan bidra till utvecklingen av hj\u00e4rt-k\u00e4rlsjukdomar, leversjukdomar, multipel skleros, autism, Alzheimers syndrom och Parkinsons sjukdom. Oh\u00e4lsosam mikroflora orsakar metabola problem, \u00f6kar permeabiliteten i tarmv\u00e4ggarna, vilket \u00e4r orsaken till olika allergier och autoimmuna sjukdomar.<\/p>\n\n\n\n<p>Genom \u00e5rhundradena har m\u00e4nniskor letat efter olika s\u00e4tt att balansera tarmmikrobiomet. Det \u00e4r mest effektivt att ta bra bakterier, eller <em>probiotika<\/em>, som \u00e4r en naturlig del av tarmens mikroflora.<\/p>\n\n\n\n<p>Sm\u00e5 m\u00e4ngder probiotika kan intas med fermenterad, fermenterad mat, men dessa m\u00e4ngder goda bakterier r\u00e4cker inte f\u00f6r att balansera tarmmikrobiomet.<\/p>\n\n\n\n<p>Mikrobiomtestet <strong>analyserar<\/strong> bakterierna som lever i tarmkanalen f\u00f6r att ta reda p\u00e5 om din tarmmikrobiom \u00e4r nyttig eller tv\u00e4rtom skadlig f\u00f6r h\u00e4lsan. <strong>Testresultaten<\/strong> sammanfattas i en recension som inkluderar en fullst\u00e4ndig analys av sammans\u00e4ttningen och relationerna mellan mikroorganismerna som lever i din tarmkanal, samt f\u00f6rklaringar av bakteriernas roll och betydelse f\u00f6r att f\u00f6rb\u00e4ttra din kropps h\u00e4lsa, och slutligen kommer att ge rekommendationer f\u00f6r att anpassa din kost och livsstil s\u00e5 att tarmmikrobiomet \u00e4r balanserat och h\u00e4lsosamt. Dessa tester g\u00f6r det ocks\u00e5 m\u00f6jligt att diagnostisera patogena mikrober, protozoer, parasiter som finns i tarmkanalen, och \u00e4ven att identifiera olika typer av vanligare j\u00e4stsvampar. F\u00f6r att utv\u00e4rdera matsm\u00e4ltningsfunktionen \u00e4r det ocks\u00e5 m\u00f6jligt att best\u00e4mma n\u00e4rvaron av olika enzymer (bukspottk\u00f6rtellastas, gallsyror, alfa-1 antitrypsin, calprotectin).<\/p>\n\n\n\n<p>Testet kommer att till\u00e5ta dig att f\u00e5 en f\u00f6rst\u00e5else f\u00f6r hur man g\u00f6r en diet s\u00e5 att mikroorganismerna som lever i tarmarna \u00e4r f\u00f6rdelaktiga f\u00f6r h\u00e4lsan och hj\u00e4lper till i kampen mot sjukdomar, det kommer att hj\u00e4lpa till att hitta en l\u00f6sning f\u00f6r att normalisera mikrofloran f\u00f6r att f\u00f6rb\u00e4ttra v\u00e4lbefinnande, minska vikten, aktivera \u00e4mnesoms\u00e4ttningen och f\u00f6rb\u00e4ttra hudens kvalitet.<\/p>\n<\/div><\/div>\n\n<\/div><\/div>\n<p><\/p>\n\n<div style=\"height:80px\" aria-hidden=\"true\" class=\"wp-block-spacer\"><\/div>\n","protected":false},"excerpt":{"rendered":"<p>Mikrobiom test Santa Monica Clinic erbjuder ett mikrobiomtest Den m\u00e4nskliga mikrobiomet \u00e4r alla mikroskopiska levande varelser (bakterier, protozoer, virus, mikroskopiska svampar) som bebor v\u00e5r kropp b\u00e5de internt &#8211; i tarmkanalen, urinv\u00e4garna, munh\u00e5lan, k\u00f6nsorganen och externt &#8211; p\u00e5 huden. Mikroorganismer interagerar med varandra och hela den m\u00e4nskliga organismen som helhet. Deras kombination s\u00e4kerst\u00e4ller v\u00e5r kropps h\u00e4lsa&#8230;.<\/p>\n","protected":false},"author":1,"featured_media":0,"parent":0,"menu_order":0,"comment_status":"closed","ping_status":"closed","template":"","meta":{"_acf_changed":false,"_uag_custom_page_level_css":"","_kadence_starter_templates_imported_post":false,"_kad_post_transparent":"","_kad_post_title":"hide","_kad_post_layout":"fullwidth","_kad_post_sidebar_id":"","_kad_post_content_style":"unboxed","_kad_post_vertical_padding":"hide","_kad_post_feature":"hide","_kad_post_feature_position":"","_kad_post_header":false,"_kad_post_footer":false,"footnotes":""},"class_list":["post-2414","page","type-page","status-publish","hentry"],"acf":[],"yoast_head":"<!-- This site is optimized with the Yoast SEO plugin v26.4 - https:\/\/yoast.com\/wordpress\/plugins\/seo\/ -->\n<title>Mikrobiom test - Santa Monica<\/title>\n<meta name=\"robots\" content=\"index, follow, max-snippet:-1, max-image-preview:large, max-video-preview:-1\" \/>\n<link rel=\"canonical\" href=\"https:\/\/santamonica.lv\/sv\/mikrobiom-test\/\" \/>\n<meta property=\"og:locale\" content=\"sv_SE\" \/>\n<meta property=\"og:type\" content=\"article\" \/>\n<meta property=\"og:title\" content=\"Mikrobiom test - Santa Monica\" \/>\n<meta property=\"og:description\" content=\"Mikrobiom test Santa Monica Clinic erbjuder ett mikrobiomtest Den m\u00e4nskliga mikrobiomet \u00e4r alla mikroskopiska levande varelser (bakterier, protozoer, virus, mikroskopiska svampar) som bebor v\u00e5r kropp b\u00e5de internt &#8211; i tarmkanalen, urinv\u00e4garna, munh\u00e5lan, k\u00f6nsorganen och externt &#8211; p\u00e5 huden. Mikroorganismer interagerar med varandra och hela den m\u00e4nskliga organismen som helhet. Deras kombination s\u00e4kerst\u00e4ller v\u00e5r kropps h\u00e4lsa....\" \/>\n<meta property=\"og:url\" content=\"https:\/\/santamonica.lv\/sv\/mikrobiom-test\/\" \/>\n<meta property=\"og:site_name\" content=\"Santa Monica\" \/>\n<meta property=\"article:publisher\" content=\"https:\/\/www.facebook.com\/klinikasantamonica\" \/>\n<meta property=\"article:modified_time\" content=\"2025-03-05T20:08:22+00:00\" \/>\n<meta name=\"twitter:card\" content=\"summary_large_image\" \/>\n<meta name=\"twitter:label1\" content=\"Est. reading time\" \/>\n\t<meta name=\"twitter:data1\" content=\"5 minuter\" \/>\n<script type=\"application\/ld+json\" class=\"yoast-schema-graph\">{\"@context\":\"https:\/\/schema.org\",\"@graph\":[{\"@type\":\"WebPage\",\"@id\":\"https:\/\/santamonica.lv\/sv\/mikrobiom-test\/\",\"url\":\"https:\/\/santamonica.lv\/sv\/mikrobiom-test\/\",\"name\":\"Mikrobiom test - Santa Monica\",\"isPartOf\":{\"@id\":\"https:\/\/santamonica.lv\/sv\/#website\"},\"datePublished\":\"2024-07-09T17:29:46+00:00\",\"dateModified\":\"2025-03-05T20:08:22+00:00\",\"breadcrumb\":{\"@id\":\"https:\/\/santamonica.lv\/sv\/mikrobiom-test\/#breadcrumb\"},\"inLanguage\":\"sv-SE\",\"potentialAction\":[{\"@type\":\"ReadAction\",\"target\":[\"https:\/\/santamonica.lv\/sv\/mikrobiom-test\/\"]}]},{\"@type\":\"BreadcrumbList\",\"@id\":\"https:\/\/santamonica.lv\/sv\/mikrobiom-test\/#breadcrumb\",\"itemListElement\":[{\"@type\":\"ListItem\",\"position\":1,\"name\":\"Home\",\"item\":\"https:\/\/santamonica.lv\/sv\/borjan\/\"},{\"@type\":\"ListItem\",\"position\":2,\"name\":\"Mikrobiom test\"}]},{\"@type\":\"WebSite\",\"@id\":\"https:\/\/santamonica.lv\/sv\/#website\",\"url\":\"https:\/\/santamonica.lv\/sv\/\",\"name\":\"Santa Monica\",\"description\":\"\",\"potentialAction\":[{\"@type\":\"SearchAction\",\"target\":{\"@type\":\"EntryPoint\",\"urlTemplate\":\"https:\/\/santamonica.lv\/sv\/?s={search_term_string}\"},\"query-input\":{\"@type\":\"PropertyValueSpecification\",\"valueRequired\":true,\"valueName\":\"search_term_string\"}}],\"inLanguage\":\"sv-SE\"}]}<\/script>\n<!-- \/ Yoast SEO plugin. -->","yoast_head_json":{"title":"Mikrobiom test - Santa Monica","robots":{"index":"index","follow":"follow","max-snippet":"max-snippet:-1","max-image-preview":"max-image-preview:large","max-video-preview":"max-video-preview:-1"},"canonical":"https:\/\/santamonica.lv\/sv\/mikrobiom-test\/","og_locale":"sv_SE","og_type":"article","og_title":"Mikrobiom test - Santa Monica","og_description":"Mikrobiom test Santa Monica Clinic erbjuder ett mikrobiomtest Den m\u00e4nskliga mikrobiomet \u00e4r alla mikroskopiska levande varelser (bakterier, protozoer, virus, mikroskopiska svampar) som bebor v\u00e5r kropp b\u00e5de internt &#8211; i tarmkanalen, urinv\u00e4garna, munh\u00e5lan, k\u00f6nsorganen och externt &#8211; p\u00e5 huden. Mikroorganismer interagerar med varandra och hela den m\u00e4nskliga organismen som helhet. Deras kombination s\u00e4kerst\u00e4ller v\u00e5r kropps h\u00e4lsa....","og_url":"https:\/\/santamonica.lv\/sv\/mikrobiom-test\/","og_site_name":"Santa Monica","article_publisher":"https:\/\/www.facebook.com\/klinikasantamonica","article_modified_time":"2025-03-05T20:08:22+00:00","twitter_card":"summary_large_image","twitter_misc":{"Est. reading time":"5 minuter"},"schema":{"@context":"https:\/\/schema.org","@graph":[{"@type":"WebPage","@id":"https:\/\/santamonica.lv\/sv\/mikrobiom-test\/","url":"https:\/\/santamonica.lv\/sv\/mikrobiom-test\/","name":"Mikrobiom test - Santa Monica","isPartOf":{"@id":"https:\/\/santamonica.lv\/sv\/#website"},"datePublished":"2024-07-09T17:29:46+00:00","dateModified":"2025-03-05T20:08:22+00:00","breadcrumb":{"@id":"https:\/\/santamonica.lv\/sv\/mikrobiom-test\/#breadcrumb"},"inLanguage":"sv-SE","potentialAction":[{"@type":"ReadAction","target":["https:\/\/santamonica.lv\/sv\/mikrobiom-test\/"]}]},{"@type":"BreadcrumbList","@id":"https:\/\/santamonica.lv\/sv\/mikrobiom-test\/#breadcrumb","itemListElement":[{"@type":"ListItem","position":1,"name":"Home","item":"https:\/\/santamonica.lv\/sv\/borjan\/"},{"@type":"ListItem","position":2,"name":"Mikrobiom test"}]},{"@type":"WebSite","@id":"https:\/\/santamonica.lv\/sv\/#website","url":"https:\/\/santamonica.lv\/sv\/","name":"Santa Monica","description":"","potentialAction":[{"@type":"SearchAction","target":{"@type":"EntryPoint","urlTemplate":"https:\/\/santamonica.lv\/sv\/?s={search_term_string}"},"query-input":{"@type":"PropertyValueSpecification","valueRequired":true,"valueName":"search_term_string"}}],"inLanguage":"sv-SE"}]}},"uagb_featured_image_src":{"full":false,"thumbnail":false,"medium":false,"medium_large":false,"large":false,"1536x1536":false,"2048x2048":false,"woocommerce_thumbnail":false,"woocommerce_single":false,"woocommerce_gallery_thumbnail":false},"uagb_author_info":{"display_name":"admin","author_link":"https:\/\/santamonica.lv\/sv\/author\/admin\/"},"uagb_comment_info":0,"uagb_excerpt":"Mikrobiom test Santa Monica Clinic erbjuder ett mikrobiomtest Den m\u00e4nskliga mikrobiomet \u00e4r alla mikroskopiska levande varelser (bakterier, protozoer, virus, mikroskopiska svampar) som bebor v\u00e5r kropp b\u00e5de internt &#8211; i tarmkanalen, urinv\u00e4garna, munh\u00e5lan, k\u00f6nsorganen och externt &#8211; p\u00e5 huden. Mikroorganismer interagerar med varandra och hela den m\u00e4nskliga organismen som helhet. Deras kombination s\u00e4kerst\u00e4ller v\u00e5r kropps h\u00e4lsa....","_links":{"self":[{"href":"https:\/\/santamonica.lv\/sv\/wp-json\/wp\/v2\/pages\/2414","targetHints":{"allow":["GET"]}}],"collection":[{"href":"https:\/\/santamonica.lv\/sv\/wp-json\/wp\/v2\/pages"}],"about":[{"href":"https:\/\/santamonica.lv\/sv\/wp-json\/wp\/v2\/types\/page"}],"author":[{"embeddable":true,"href":"https:\/\/santamonica.lv\/sv\/wp-json\/wp\/v2\/users\/1"}],"replies":[{"embeddable":true,"href":"https:\/\/santamonica.lv\/sv\/wp-json\/wp\/v2\/comments?post=2414"}],"version-history":[{"count":2,"href":"https:\/\/santamonica.lv\/sv\/wp-json\/wp\/v2\/pages\/2414\/revisions"}],"predecessor-version":[{"id":2714,"href":"https:\/\/santamonica.lv\/sv\/wp-json\/wp\/v2\/pages\/2414\/revisions\/2714"}],"wp:attachment":[{"href":"https:\/\/santamonica.lv\/sv\/wp-json\/wp\/v2\/media?parent=2414"}],"curies":[{"name":"wp","href":"https:\/\/api.w.org\/{rel}","templated":true}]}}