{"id":3133,"date":"2025-03-01T22:01:03","date_gmt":"2025-03-01T20:01:03","guid":{"rendered":"https:\/\/santamonica.lv\/?page_id=3133"},"modified":"2025-03-05T22:44:41","modified_gmt":"2025-03-05T20:44:41","slug":"frankincense-eller-boswellia","status":"publish","type":"page","link":"https:\/\/santamonica.lv\/sv\/for-halsan\/frankincense-eller-boswellia\/","title":{"rendered":"Frankincense eller boswellia"},"content":{"rendered":"\n<div class=\"wp-block-columns is-layout-flex wp-container-core-columns-is-layout-9d6595d7 wp-block-columns-is-layout-flex\">\n<div class=\"wp-block-column is-layout-flow wp-block-column-is-layout-flow\" style=\"flex-basis:33.33%\">\n<figure class=\"wp-block-image size-full\"><img loading=\"lazy\" decoding=\"async\" width=\"998\" height=\"666\" src=\"https:\/\/santamonica.lv\/wp-content\/uploads\/2024\/01\/bosvelijas-koka-sveki-viraks.jpg\" alt=\"\" class=\"wp-image-1067\" srcset=\"https:\/\/santamonica.lv\/wp-content\/uploads\/2024\/01\/bosvelijas-koka-sveki-viraks.jpg 998w, https:\/\/santamonica.lv\/wp-content\/uploads\/2024\/01\/bosvelijas-koka-sveki-viraks-300x200.jpg 300w, https:\/\/santamonica.lv\/wp-content\/uploads\/2024\/01\/bosvelijas-koka-sveki-viraks-768x513.jpg 768w, https:\/\/santamonica.lv\/wp-content\/uploads\/2024\/01\/bosvelijas-koka-sveki-viraks-600x400.jpg 600w\" sizes=\"auto, (max-width: 998px) 100vw, 998px\" \/><\/figure>\n<\/div>\n\n\n\n<div class=\"wp-block-column is-layout-flow wp-block-column-is-layout-flow\" style=\"flex-basis:66.66%\">\n<p>Doftande r\u00f6kelse \u00e4r hartset fr\u00e5n boswelliatr\u00e4det, som har anv\u00e4nts f\u00f6r religi\u00f6sa \u00e4ndam\u00e5l sedan urminnes tider, men som nu alltmer citeras f\u00f6r sina medicinska egenskaper. Boswellia, eller r\u00f6kelse, har anv\u00e4nts vid behandling av inflammation under ganska l\u00e5ng tid. I det forntida Egypten kallades det \u201dGuds parfym\u201d och \u201dgudomlig substans\u201d.<\/p>\n<\/div>\n<\/div>\n\n\n\n<p>Den s\u00e5gtandade boswellia (Bosvelia serrata) \u00e4r ett tr\u00e4d i familjen Sapindale som producerar r\u00f6kelse. Alla v\u00e4xter i familjen boswellia \u00e4r medelstora blommande tr\u00e4d och buskar. Det \u00e4r hemma i Indien och Punjab-regionen som str\u00e4cker sig hela v\u00e4gen till Pakistan. Det \u00e4r denna boswellia som har studerats mest. Harts utvinns fr\u00e5n stammen och st\u00f6rre grenar av denna v\u00e4xt med hj\u00e4lp av snitt.<\/p>\n\n\n\n<p>Boswelliska syror, som enligt sin kemiska struktur \u00e4r en serie pentacykliska terpenoidmolekyler som produceras av v\u00e4xter av sl\u00e4ktet Boswellia, \u00e4r mycket viktiga. Liksom m\u00e5nga andra terpener finns boswellinsyror i v\u00e4xtens harts. De utg\u00f6r cirka 30 % av hartset i Boswellia serrata.<\/p>\n\n\n\n<p>S\u00e4rskild uppm\u00e4rksamhet \u00e4gnas \u00e5t de uttalade antiinflammatoriska egenskaperna hos boswellia, p\u00e5 grund av vilken den anv\u00e4nds vid behandling av olika inflammatoriska sjukdomar. Genom att undertrycka aktiviteten av 5-lipoxygenas i kroppen reduceras det inflammatoriska svaret avsev\u00e4rt.<\/p>\n\n\n\n<p>Boswellia har inte bara en antiinflammatorisk effekt, utan den anv\u00e4nds \u00e4ven vid behandling av cancer enligt kliniska studier. Det \u00e4r k\u00e4nt att de \u00e4mnen som finns i denna v\u00e4xt fr\u00e4mjar tum\u00f6rcellapoptos \u2013 naturlig d\u00f6d, och undertrycker \u00e4ven aktiviteten av topoisomeras som finns i tum\u00f6rceller. D\u00e4rf\u00f6r anv\u00e4nds bovelia vid behandling av en hj\u00e4rntum\u00f6r f\u00f6r att f\u00f6rhindra svullnad av v\u00e4vnaden runt tum\u00f6ren.<\/p>\n\n\n\n<p>M\u00e5nga kliniska studier bekr\u00e4ftar att denna \u00f6rt \u00e4r effektiv vid behandling av Crohns sjukdom och ulcer\u00f6s kolit. Det anv\u00e4nds ocks\u00e5 vid behandling av reumatoid artrit och astma.<\/p>\n\n\n\n<p>Boswellia-preparat har liten absorption genom mag-tarmkanalen, s\u00e5 parenterala infusioner rekommenderas. F\u00f6r att oral anv\u00e4ndning ska ge \u00f6nskad effekt \u00e4r det n\u00f6dv\u00e4ndigt att ta minst 1600 mg boswellia-extrakt varje dag.<\/p>\n","protected":false},"excerpt":{"rendered":"<p>Doftande r\u00f6kelse \u00e4r hartset fr\u00e5n boswelliatr\u00e4det, som har anv\u00e4nts f\u00f6r religi\u00f6sa \u00e4ndam\u00e5l sedan urminnes tider, men som nu alltmer citeras f\u00f6r sina medicinska egenskaper. Boswellia, eller r\u00f6kelse, har anv\u00e4nts vid behandling av inflammation under ganska l\u00e5ng tid. I det forntida Egypten kallades det \u201dGuds parfym\u201d och \u201dgudomlig substans\u201d. Den s\u00e5gtandade boswellia (Bosvelia serrata) \u00e4r ett&#8230;<\/p>\n","protected":false},"author":3,"featured_media":2630,"parent":2373,"menu_order":0,"comment_status":"closed","ping_status":"closed","template":"","meta":{"_acf_changed":false,"_uag_custom_page_level_css":"","_kadence_starter_templates_imported_post":false,"_kad_post_transparent":"","_kad_post_title":"","_kad_post_layout":"","_kad_post_sidebar_id":"","_kad_post_content_style":"","_kad_post_vertical_padding":"","_kad_post_feature":"","_kad_post_feature_position":"","_kad_post_header":false,"_kad_post_footer":false,"footnotes":""},"class_list":["post-3133","page","type-page","status-publish","has-post-thumbnail","hentry"],"acf":[],"yoast_head":"<!-- This site is optimized with the Yoast SEO plugin v26.4 - https:\/\/yoast.com\/wordpress\/plugins\/seo\/ -->\n<title>Frankincense eller boswellia - Santa Monica<\/title>\n<meta name=\"robots\" content=\"index, follow, max-snippet:-1, max-image-preview:large, max-video-preview:-1\" \/>\n<link rel=\"canonical\" href=\"https:\/\/santamonica.lv\/sv\/for-halsan\/frankincense-eller-boswellia\/\" \/>\n<meta property=\"og:locale\" content=\"sv_SE\" \/>\n<meta property=\"og:type\" content=\"article\" \/>\n<meta property=\"og:title\" content=\"Frankincense eller boswellia - Santa Monica\" \/>\n<meta property=\"og:description\" content=\"Doftande r\u00f6kelse \u00e4r hartset fr\u00e5n boswelliatr\u00e4det, som har anv\u00e4nts f\u00f6r religi\u00f6sa \u00e4ndam\u00e5l sedan urminnes tider, men som nu alltmer citeras f\u00f6r sina medicinska egenskaper. Boswellia, eller r\u00f6kelse, har anv\u00e4nts vid behandling av inflammation under ganska l\u00e5ng tid. I det forntida Egypten kallades det \u201dGuds parfym\u201d och \u201dgudomlig substans\u201d. Den s\u00e5gtandade boswellia (Bosvelia serrata) \u00e4r ett...\" \/>\n<meta property=\"og:url\" content=\"https:\/\/santamonica.lv\/sv\/for-halsan\/frankincense-eller-boswellia\/\" \/>\n<meta property=\"og:site_name\" content=\"Santa Monica\" \/>\n<meta property=\"article:publisher\" content=\"https:\/\/www.facebook.com\/klinikasantamonica\" \/>\n<meta property=\"article:modified_time\" content=\"2025-03-05T20:44:41+00:00\" \/>\n<meta property=\"og:image\" content=\"https:\/\/santamonica.lv\/wp-content\/uploads\/2024\/01\/bosvelijas-koka-sveki-viraks.jpg\" \/>\n\t<meta property=\"og:image:width\" content=\"998\" \/>\n\t<meta property=\"og:image:height\" content=\"666\" \/>\n\t<meta property=\"og:image:type\" content=\"image\/jpeg\" \/>\n<meta name=\"twitter:card\" content=\"summary_large_image\" \/>\n<meta name=\"twitter:label1\" content=\"Est. reading time\" \/>\n\t<meta name=\"twitter:data1\" content=\"2 minuter\" \/>\n<script type=\"application\/ld+json\" class=\"yoast-schema-graph\">{\"@context\":\"https:\/\/schema.org\",\"@graph\":[{\"@type\":\"WebPage\",\"@id\":\"https:\/\/santamonica.lv\/sv\/for-halsan\/frankincense-eller-boswellia\/\",\"url\":\"https:\/\/santamonica.lv\/sv\/for-halsan\/frankincense-eller-boswellia\/\",\"name\":\"Frankincense eller boswellia - Santa Monica\",\"isPartOf\":{\"@id\":\"https:\/\/santamonica.lv\/sv\/#website\"},\"primaryImageOfPage\":{\"@id\":\"https:\/\/santamonica.lv\/sv\/for-halsan\/frankincense-eller-boswellia\/#primaryimage\"},\"image\":{\"@id\":\"https:\/\/santamonica.lv\/sv\/for-halsan\/frankincense-eller-boswellia\/#primaryimage\"},\"thumbnailUrl\":\"https:\/\/santamonica.lv\/wp-content\/uploads\/2024\/01\/bosvelijas-koka-sveki-viraks.jpg\",\"datePublished\":\"2025-03-01T20:01:03+00:00\",\"dateModified\":\"2025-03-05T20:44:41+00:00\",\"breadcrumb\":{\"@id\":\"https:\/\/santamonica.lv\/sv\/for-halsan\/frankincense-eller-boswellia\/#breadcrumb\"},\"inLanguage\":\"sv-SE\",\"potentialAction\":[{\"@type\":\"ReadAction\",\"target\":[\"https:\/\/santamonica.lv\/sv\/for-halsan\/frankincense-eller-boswellia\/\"]}]},{\"@type\":\"ImageObject\",\"inLanguage\":\"sv-SE\",\"@id\":\"https:\/\/santamonica.lv\/sv\/for-halsan\/frankincense-eller-boswellia\/#primaryimage\",\"url\":\"https:\/\/santamonica.lv\/wp-content\/uploads\/2024\/01\/bosvelijas-koka-sveki-viraks.jpg\",\"contentUrl\":\"https:\/\/santamonica.lv\/wp-content\/uploads\/2024\/01\/bosvelijas-koka-sveki-viraks.jpg\",\"width\":998,\"height\":666},{\"@type\":\"BreadcrumbList\",\"@id\":\"https:\/\/santamonica.lv\/sv\/for-halsan\/frankincense-eller-boswellia\/#breadcrumb\",\"itemListElement\":[{\"@type\":\"ListItem\",\"position\":1,\"name\":\"Home\",\"item\":\"https:\/\/santamonica.lv\/sv\/borjan\/\"},{\"@type\":\"ListItem\",\"position\":2,\"name\":\"F\u00f6r h\u00e4lsan\",\"item\":\"https:\/\/santamonica.lv\/sv\/for-halsan\/\"},{\"@type\":\"ListItem\",\"position\":3,\"name\":\"Frankincense eller boswellia\"}]},{\"@type\":\"WebSite\",\"@id\":\"https:\/\/santamonica.lv\/sv\/#website\",\"url\":\"https:\/\/santamonica.lv\/sv\/\",\"name\":\"Santa Monica\",\"description\":\"\",\"potentialAction\":[{\"@type\":\"SearchAction\",\"target\":{\"@type\":\"EntryPoint\",\"urlTemplate\":\"https:\/\/santamonica.lv\/sv\/?s={search_term_string}\"},\"query-input\":{\"@type\":\"PropertyValueSpecification\",\"valueRequired\":true,\"valueName\":\"search_term_string\"}}],\"inLanguage\":\"sv-SE\"}]}<\/script>\n<!-- \/ Yoast SEO plugin. -->","yoast_head_json":{"title":"Frankincense eller boswellia - Santa Monica","robots":{"index":"index","follow":"follow","max-snippet":"max-snippet:-1","max-image-preview":"max-image-preview:large","max-video-preview":"max-video-preview:-1"},"canonical":"https:\/\/santamonica.lv\/sv\/for-halsan\/frankincense-eller-boswellia\/","og_locale":"sv_SE","og_type":"article","og_title":"Frankincense eller boswellia - Santa Monica","og_description":"Doftande r\u00f6kelse \u00e4r hartset fr\u00e5n boswelliatr\u00e4det, som har anv\u00e4nts f\u00f6r religi\u00f6sa \u00e4ndam\u00e5l sedan urminnes tider, men som nu alltmer citeras f\u00f6r sina medicinska egenskaper. Boswellia, eller r\u00f6kelse, har anv\u00e4nts vid behandling av inflammation under ganska l\u00e5ng tid. I det forntida Egypten kallades det \u201dGuds parfym\u201d och \u201dgudomlig substans\u201d. Den s\u00e5gtandade boswellia (Bosvelia serrata) \u00e4r ett...","og_url":"https:\/\/santamonica.lv\/sv\/for-halsan\/frankincense-eller-boswellia\/","og_site_name":"Santa Monica","article_publisher":"https:\/\/www.facebook.com\/klinikasantamonica","article_modified_time":"2025-03-05T20:44:41+00:00","og_image":[{"width":998,"height":666,"url":"https:\/\/santamonica.lv\/wp-content\/uploads\/2024\/01\/bosvelijas-koka-sveki-viraks.jpg","type":"image\/jpeg"}],"twitter_card":"summary_large_image","twitter_misc":{"Est. reading time":"2 minuter"},"schema":{"@context":"https:\/\/schema.org","@graph":[{"@type":"WebPage","@id":"https:\/\/santamonica.lv\/sv\/for-halsan\/frankincense-eller-boswellia\/","url":"https:\/\/santamonica.lv\/sv\/for-halsan\/frankincense-eller-boswellia\/","name":"Frankincense eller boswellia - Santa Monica","isPartOf":{"@id":"https:\/\/santamonica.lv\/sv\/#website"},"primaryImageOfPage":{"@id":"https:\/\/santamonica.lv\/sv\/for-halsan\/frankincense-eller-boswellia\/#primaryimage"},"image":{"@id":"https:\/\/santamonica.lv\/sv\/for-halsan\/frankincense-eller-boswellia\/#primaryimage"},"thumbnailUrl":"https:\/\/santamonica.lv\/wp-content\/uploads\/2024\/01\/bosvelijas-koka-sveki-viraks.jpg","datePublished":"2025-03-01T20:01:03+00:00","dateModified":"2025-03-05T20:44:41+00:00","breadcrumb":{"@id":"https:\/\/santamonica.lv\/sv\/for-halsan\/frankincense-eller-boswellia\/#breadcrumb"},"inLanguage":"sv-SE","potentialAction":[{"@type":"ReadAction","target":["https:\/\/santamonica.lv\/sv\/for-halsan\/frankincense-eller-boswellia\/"]}]},{"@type":"ImageObject","inLanguage":"sv-SE","@id":"https:\/\/santamonica.lv\/sv\/for-halsan\/frankincense-eller-boswellia\/#primaryimage","url":"https:\/\/santamonica.lv\/wp-content\/uploads\/2024\/01\/bosvelijas-koka-sveki-viraks.jpg","contentUrl":"https:\/\/santamonica.lv\/wp-content\/uploads\/2024\/01\/bosvelijas-koka-sveki-viraks.jpg","width":998,"height":666},{"@type":"BreadcrumbList","@id":"https:\/\/santamonica.lv\/sv\/for-halsan\/frankincense-eller-boswellia\/#breadcrumb","itemListElement":[{"@type":"ListItem","position":1,"name":"Home","item":"https:\/\/santamonica.lv\/sv\/borjan\/"},{"@type":"ListItem","position":2,"name":"F\u00f6r h\u00e4lsan","item":"https:\/\/santamonica.lv\/sv\/for-halsan\/"},{"@type":"ListItem","position":3,"name":"Frankincense eller boswellia"}]},{"@type":"WebSite","@id":"https:\/\/santamonica.lv\/sv\/#website","url":"https:\/\/santamonica.lv\/sv\/","name":"Santa Monica","description":"","potentialAction":[{"@type":"SearchAction","target":{"@type":"EntryPoint","urlTemplate":"https:\/\/santamonica.lv\/sv\/?s={search_term_string}"},"query-input":{"@type":"PropertyValueSpecification","valueRequired":true,"valueName":"search_term_string"}}],"inLanguage":"sv-SE"}]}},"uagb_featured_image_src":{"full":["https:\/\/santamonica.lv\/wp-content\/uploads\/2024\/01\/bosvelijas-koka-sveki-viraks.jpg",998,666,false],"thumbnail":["https:\/\/santamonica.lv\/wp-content\/uploads\/2024\/01\/bosvelijas-koka-sveki-viraks-150x150.jpg",150,150,true],"medium":["https:\/\/santamonica.lv\/wp-content\/uploads\/2024\/01\/bosvelijas-koka-sveki-viraks-300x200.jpg",300,200,true],"medium_large":["https:\/\/santamonica.lv\/wp-content\/uploads\/2024\/01\/bosvelijas-koka-sveki-viraks-768x513.jpg",768,513,true],"large":["https:\/\/santamonica.lv\/wp-content\/uploads\/2024\/01\/bosvelijas-koka-sveki-viraks.jpg",998,666,false],"1536x1536":["https:\/\/santamonica.lv\/wp-content\/uploads\/2024\/01\/bosvelijas-koka-sveki-viraks.jpg",998,666,false],"2048x2048":["https:\/\/santamonica.lv\/wp-content\/uploads\/2024\/01\/bosvelijas-koka-sveki-viraks.jpg",998,666,false],"woocommerce_thumbnail":["https:\/\/santamonica.lv\/wp-content\/uploads\/2024\/01\/bosvelijas-koka-sveki-viraks-300x300.jpg",300,300,true],"woocommerce_single":["https:\/\/santamonica.lv\/wp-content\/uploads\/2024\/01\/bosvelijas-koka-sveki-viraks-600x400.jpg",600,400,true],"woocommerce_gallery_thumbnail":["https:\/\/santamonica.lv\/wp-content\/uploads\/2024\/01\/bosvelijas-koka-sveki-viraks-100x100.jpg",100,100,true]},"uagb_author_info":{"display_name":"Aigars","author_link":"https:\/\/santamonica.lv\/sv\/author\/aigars\/"},"uagb_comment_info":0,"uagb_excerpt":"Doftande r\u00f6kelse \u00e4r hartset fr\u00e5n boswelliatr\u00e4det, som har anv\u00e4nts f\u00f6r religi\u00f6sa \u00e4ndam\u00e5l sedan urminnes tider, men som nu alltmer citeras f\u00f6r sina medicinska egenskaper. Boswellia, eller r\u00f6kelse, har anv\u00e4nts vid behandling av inflammation under ganska l\u00e5ng tid. I det forntida Egypten kallades det \u201dGuds parfym\u201d och \u201dgudomlig substans\u201d. Den s\u00e5gtandade boswellia (Bosvelia serrata) \u00e4r ett...","_links":{"self":[{"href":"https:\/\/santamonica.lv\/sv\/wp-json\/wp\/v2\/pages\/3133","targetHints":{"allow":["GET"]}}],"collection":[{"href":"https:\/\/santamonica.lv\/sv\/wp-json\/wp\/v2\/pages"}],"about":[{"href":"https:\/\/santamonica.lv\/sv\/wp-json\/wp\/v2\/types\/page"}],"author":[{"embeddable":true,"href":"https:\/\/santamonica.lv\/sv\/wp-json\/wp\/v2\/users\/3"}],"replies":[{"embeddable":true,"href":"https:\/\/santamonica.lv\/sv\/wp-json\/wp\/v2\/comments?post=3133"}],"version-history":[{"count":1,"href":"https:\/\/santamonica.lv\/sv\/wp-json\/wp\/v2\/pages\/3133\/revisions"}],"predecessor-version":[{"id":3134,"href":"https:\/\/santamonica.lv\/sv\/wp-json\/wp\/v2\/pages\/3133\/revisions\/3134"}],"up":[{"embeddable":true,"href":"https:\/\/santamonica.lv\/sv\/wp-json\/wp\/v2\/pages\/2373"}],"wp:featuredmedia":[{"embeddable":true,"href":"https:\/\/santamonica.lv\/sv\/wp-json\/wp\/v2\/media\/2630"}],"wp:attachment":[{"href":"https:\/\/santamonica.lv\/sv\/wp-json\/wp\/v2\/media?parent=3133"}],"curies":[{"name":"wp","href":"https:\/\/api.w.org\/{rel}","templated":true}]}}