{"id":3135,"date":"2025-03-01T22:12:11","date_gmt":"2025-03-01T20:12:11","guid":{"rendered":"https:\/\/santamonica.lv\/?page_id=3135"},"modified":"2025-03-05T22:44:54","modified_gmt":"2025-03-05T20:44:54","slug":"infusioner-av-prokain-och-bikarbonat","status":"publish","type":"page","link":"https:\/\/santamonica.lv\/sv\/for-halsan\/infusioner-av-prokain-och-bikarbonat\/","title":{"rendered":"Infusioner av prokain och bikarbonat"},"content":{"rendered":"\n<div class=\"wp-block-columns is-layout-flex wp-container-core-columns-is-layout-9d6595d7 wp-block-columns-is-layout-flex\">\n<div class=\"wp-block-column is-layout-flow wp-block-column-is-layout-flow\" style=\"flex-basis:33.33%\">\n<figure class=\"wp-block-image size-full\"><img loading=\"lazy\" decoding=\"async\" width=\"1024\" height=\"683\" src=\"https:\/\/santamonica.lv\/wp-content\/uploads\/2024\/01\/procaine-infusions.jpeg\" alt=\"\" class=\"wp-image-1063\" srcset=\"https:\/\/santamonica.lv\/wp-content\/uploads\/2024\/01\/procaine-infusions.jpeg 1024w, https:\/\/santamonica.lv\/wp-content\/uploads\/2024\/01\/procaine-infusions-300x200.jpeg 300w, https:\/\/santamonica.lv\/wp-content\/uploads\/2024\/01\/procaine-infusions-768x512.jpeg 768w, https:\/\/santamonica.lv\/wp-content\/uploads\/2024\/01\/procaine-infusions-600x400.jpeg 600w\" sizes=\"auto, (max-width: 1024px) 100vw, 1024px\" \/><\/figure>\n<\/div>\n\n\n\n<div class=\"wp-block-column is-layout-flow wp-block-column-is-layout-flow\" style=\"flex-basis:66.66%\">\n<p>Inflammation med hyperaciditet i kroppens inre milj\u00f6 \u00e4r en av de vanligaste faktorerna som orsakar m\u00e5nga sjukdomar. Prokain, som har en uttalad antiinflammatorisk effekt, tillsammans med natriumbikarbonat, som i sin tur har en uttalad basreaktion, kan f\u00f6rhindra s\u00e5dana st\u00f6rningar som en sur inre milj\u00f6 i kroppen, som anv\u00e4nds flitigt inom naturmedicin.<\/p>\n<\/div>\n<\/div>\n\n\n\n<p>Prokain \u00e4r ett av de l\u00e4kemedel som har haft en stabil plats inom medicinen i mer \u00e4n 100 \u00e5r, eftersom det tolereras mycket v\u00e4l av patienter och effektiviteten \u00e4r ocks\u00e5 betydande. Detta preparat har blivit v\u00e4lk\u00e4nt sedan det anv\u00e4ndes vid behandling av neurologisk sm\u00e4rta. M\u00e5nga vetenskapliga studier bekr\u00e4ftar att kombinationen av dessa tv\u00e5 l\u00f6sningar \u00e4r mycket effektiv n\u00e4r det g\u00e4ller att verka p\u00e5 kroppen n\u00e4r de administreras samtidigt. De \u00f6nskade effekterna som produceras av dem \u00e4r: vasodilatation, antiinflammatorisk verkan, sm\u00e4rtlindrande effekt, antioxidativ effekt och stabiliserande verkan av det autonoma nervsystemet.<\/p>\n\n\n\n<p>Natriumv\u00e4tekarbonat \u00e4r ett \u00e4mne som produceras av allas kroppar. Det har varit k\u00e4nt sedan urminnes tider att natriumbikarbonatsalter (rent natriumbikarbonat) anv\u00e4ndes f\u00f6r att neutralisera blod- och v\u00e4vnadsacidos. \u00c4n idag rekommenderas anv\u00e4ndningen av basl\u00e4kemedel f\u00f6r patienter med matsm\u00e4ltningsst\u00f6rningar, s\u00e5v\u00e4l som f\u00f6r m\u00e5nga kroniska sjukdomar och till och med vid kompletterande behandling av cancer. Det fungerar \u00e4ven profylaktiskt och hj\u00e4lper till att f\u00f6rebygga kroniska inflammatoriska sjukdomar och cancer.<\/p>\n\n\n\n<p>Infusioner av prokain och natriumv\u00e4tekarbonat \u00e4r en bra kombination av l\u00e4kemedel, som kombinerar den \u00f6nskade effekten av b\u00e5da och avsev\u00e4rt till och med fr\u00e4mjar den.<\/p>\n\n\n\n<p><strong>Infusioner av prokain och natriumbikarbonat f\u00f6r cancer och kroniska inflammatoriska sjukdomar<\/strong><\/p>\n\n\n\n<p>Att administrera prokain- och bikarbonatinfusioner till patienter efter kemoterapi eller str\u00e5lbehandling \u00e4r mycket effektivt. Mycket ofta har dessa patienter hyperaciditet i hela kroppen och \u00e4ven i de v\u00e4vnader som drabbats av cancer, vilket visar sig kliniskt som sm\u00e4rta, k\u00e4nselst\u00f6rningar, kramper, illam\u00e5ende, kr\u00e4kningar, aptitl\u00f6shet och svaghet.<\/p>\n\n\n\n<p>Infusioner av prokain och v\u00e4tekarbonat ger ocks\u00e5 positiva resultat hos patienter med reumatiska sjukdomar och kroniskt sm\u00e4rtsyndrom.<\/p>\n","protected":false},"excerpt":{"rendered":"<p>Inflammation med hyperaciditet i kroppens inre milj\u00f6 \u00e4r en av de vanligaste faktorerna som orsakar m\u00e5nga sjukdomar. Prokain, som har en uttalad antiinflammatorisk effekt, tillsammans med natriumbikarbonat, som i sin tur har en uttalad basreaktion, kan f\u00f6rhindra s\u00e5dana st\u00f6rningar som en sur inre milj\u00f6 i kroppen, som anv\u00e4nds flitigt inom naturmedicin. Prokain \u00e4r ett av&#8230;<\/p>\n","protected":false},"author":3,"featured_media":2638,"parent":2373,"menu_order":0,"comment_status":"closed","ping_status":"closed","template":"","meta":{"_acf_changed":false,"_uag_custom_page_level_css":"","_kadence_starter_templates_imported_post":false,"_kad_post_transparent":"","_kad_post_title":"","_kad_post_layout":"","_kad_post_sidebar_id":"","_kad_post_content_style":"","_kad_post_vertical_padding":"","_kad_post_feature":"","_kad_post_feature_position":"","_kad_post_header":false,"_kad_post_footer":false,"footnotes":""},"class_list":["post-3135","page","type-page","status-publish","has-post-thumbnail","hentry"],"acf":[],"yoast_head":"<!-- This site is optimized with the Yoast SEO plugin v26.4 - https:\/\/yoast.com\/wordpress\/plugins\/seo\/ -->\n<title>Infusioner av prokain och bikarbonat - Santa Monica<\/title>\n<meta name=\"robots\" content=\"index, follow, max-snippet:-1, max-image-preview:large, max-video-preview:-1\" \/>\n<link rel=\"canonical\" href=\"https:\/\/santamonica.lv\/sv\/for-halsan\/infusioner-av-prokain-och-bikarbonat\/\" \/>\n<meta property=\"og:locale\" content=\"sv_SE\" \/>\n<meta property=\"og:type\" content=\"article\" \/>\n<meta property=\"og:title\" content=\"Infusioner av prokain och bikarbonat - Santa Monica\" \/>\n<meta property=\"og:description\" content=\"Inflammation med hyperaciditet i kroppens inre milj\u00f6 \u00e4r en av de vanligaste faktorerna som orsakar m\u00e5nga sjukdomar. Prokain, som har en uttalad antiinflammatorisk effekt, tillsammans med natriumbikarbonat, som i sin tur har en uttalad basreaktion, kan f\u00f6rhindra s\u00e5dana st\u00f6rningar som en sur inre milj\u00f6 i kroppen, som anv\u00e4nds flitigt inom naturmedicin. Prokain \u00e4r ett av...\" \/>\n<meta property=\"og:url\" content=\"https:\/\/santamonica.lv\/sv\/for-halsan\/infusioner-av-prokain-och-bikarbonat\/\" \/>\n<meta property=\"og:site_name\" content=\"Santa Monica\" \/>\n<meta property=\"article:publisher\" content=\"https:\/\/www.facebook.com\/klinikasantamonica\" \/>\n<meta property=\"article:modified_time\" content=\"2025-03-05T20:44:54+00:00\" \/>\n<meta property=\"og:image\" content=\"https:\/\/santamonica.lv\/wp-content\/uploads\/2024\/01\/procaine-infusions.jpeg\" \/>\n\t<meta property=\"og:image:width\" content=\"1024\" \/>\n\t<meta property=\"og:image:height\" content=\"683\" \/>\n\t<meta property=\"og:image:type\" content=\"image\/jpeg\" \/>\n<meta name=\"twitter:card\" content=\"summary_large_image\" \/>\n<meta name=\"twitter:label1\" content=\"Est. reading time\" \/>\n\t<meta name=\"twitter:data1\" content=\"2 minuter\" \/>\n<script type=\"application\/ld+json\" class=\"yoast-schema-graph\">{\"@context\":\"https:\/\/schema.org\",\"@graph\":[{\"@type\":\"WebPage\",\"@id\":\"https:\/\/santamonica.lv\/sv\/for-halsan\/infusioner-av-prokain-och-bikarbonat\/\",\"url\":\"https:\/\/santamonica.lv\/sv\/for-halsan\/infusioner-av-prokain-och-bikarbonat\/\",\"name\":\"Infusioner av prokain och bikarbonat - Santa Monica\",\"isPartOf\":{\"@id\":\"https:\/\/santamonica.lv\/sv\/#website\"},\"primaryImageOfPage\":{\"@id\":\"https:\/\/santamonica.lv\/sv\/for-halsan\/infusioner-av-prokain-och-bikarbonat\/#primaryimage\"},\"image\":{\"@id\":\"https:\/\/santamonica.lv\/sv\/for-halsan\/infusioner-av-prokain-och-bikarbonat\/#primaryimage\"},\"thumbnailUrl\":\"https:\/\/santamonica.lv\/wp-content\/uploads\/2024\/01\/procaine-infusions.jpeg\",\"datePublished\":\"2025-03-01T20:12:11+00:00\",\"dateModified\":\"2025-03-05T20:44:54+00:00\",\"breadcrumb\":{\"@id\":\"https:\/\/santamonica.lv\/sv\/for-halsan\/infusioner-av-prokain-och-bikarbonat\/#breadcrumb\"},\"inLanguage\":\"sv-SE\",\"potentialAction\":[{\"@type\":\"ReadAction\",\"target\":[\"https:\/\/santamonica.lv\/sv\/for-halsan\/infusioner-av-prokain-och-bikarbonat\/\"]}]},{\"@type\":\"ImageObject\",\"inLanguage\":\"sv-SE\",\"@id\":\"https:\/\/santamonica.lv\/sv\/for-halsan\/infusioner-av-prokain-och-bikarbonat\/#primaryimage\",\"url\":\"https:\/\/santamonica.lv\/wp-content\/uploads\/2024\/01\/procaine-infusions.jpeg\",\"contentUrl\":\"https:\/\/santamonica.lv\/wp-content\/uploads\/2024\/01\/procaine-infusions.jpeg\",\"width\":1024,\"height\":683},{\"@type\":\"BreadcrumbList\",\"@id\":\"https:\/\/santamonica.lv\/sv\/for-halsan\/infusioner-av-prokain-och-bikarbonat\/#breadcrumb\",\"itemListElement\":[{\"@type\":\"ListItem\",\"position\":1,\"name\":\"Home\",\"item\":\"https:\/\/santamonica.lv\/sv\/borjan\/\"},{\"@type\":\"ListItem\",\"position\":2,\"name\":\"F\u00f6r h\u00e4lsan\",\"item\":\"https:\/\/santamonica.lv\/sv\/for-halsan\/\"},{\"@type\":\"ListItem\",\"position\":3,\"name\":\"Infusioner av prokain och bikarbonat\"}]},{\"@type\":\"WebSite\",\"@id\":\"https:\/\/santamonica.lv\/sv\/#website\",\"url\":\"https:\/\/santamonica.lv\/sv\/\",\"name\":\"Santa Monica\",\"description\":\"\",\"potentialAction\":[{\"@type\":\"SearchAction\",\"target\":{\"@type\":\"EntryPoint\",\"urlTemplate\":\"https:\/\/santamonica.lv\/sv\/?s={search_term_string}\"},\"query-input\":{\"@type\":\"PropertyValueSpecification\",\"valueRequired\":true,\"valueName\":\"search_term_string\"}}],\"inLanguage\":\"sv-SE\"}]}<\/script>\n<!-- \/ Yoast SEO plugin. -->","yoast_head_json":{"title":"Infusioner av prokain och bikarbonat - Santa Monica","robots":{"index":"index","follow":"follow","max-snippet":"max-snippet:-1","max-image-preview":"max-image-preview:large","max-video-preview":"max-video-preview:-1"},"canonical":"https:\/\/santamonica.lv\/sv\/for-halsan\/infusioner-av-prokain-och-bikarbonat\/","og_locale":"sv_SE","og_type":"article","og_title":"Infusioner av prokain och bikarbonat - Santa Monica","og_description":"Inflammation med hyperaciditet i kroppens inre milj\u00f6 \u00e4r en av de vanligaste faktorerna som orsakar m\u00e5nga sjukdomar. Prokain, som har en uttalad antiinflammatorisk effekt, tillsammans med natriumbikarbonat, som i sin tur har en uttalad basreaktion, kan f\u00f6rhindra s\u00e5dana st\u00f6rningar som en sur inre milj\u00f6 i kroppen, som anv\u00e4nds flitigt inom naturmedicin. Prokain \u00e4r ett av...","og_url":"https:\/\/santamonica.lv\/sv\/for-halsan\/infusioner-av-prokain-och-bikarbonat\/","og_site_name":"Santa Monica","article_publisher":"https:\/\/www.facebook.com\/klinikasantamonica","article_modified_time":"2025-03-05T20:44:54+00:00","og_image":[{"width":1024,"height":683,"url":"https:\/\/santamonica.lv\/wp-content\/uploads\/2024\/01\/procaine-infusions.jpeg","type":"image\/jpeg"}],"twitter_card":"summary_large_image","twitter_misc":{"Est. reading time":"2 minuter"},"schema":{"@context":"https:\/\/schema.org","@graph":[{"@type":"WebPage","@id":"https:\/\/santamonica.lv\/sv\/for-halsan\/infusioner-av-prokain-och-bikarbonat\/","url":"https:\/\/santamonica.lv\/sv\/for-halsan\/infusioner-av-prokain-och-bikarbonat\/","name":"Infusioner av prokain och bikarbonat - Santa Monica","isPartOf":{"@id":"https:\/\/santamonica.lv\/sv\/#website"},"primaryImageOfPage":{"@id":"https:\/\/santamonica.lv\/sv\/for-halsan\/infusioner-av-prokain-och-bikarbonat\/#primaryimage"},"image":{"@id":"https:\/\/santamonica.lv\/sv\/for-halsan\/infusioner-av-prokain-och-bikarbonat\/#primaryimage"},"thumbnailUrl":"https:\/\/santamonica.lv\/wp-content\/uploads\/2024\/01\/procaine-infusions.jpeg","datePublished":"2025-03-01T20:12:11+00:00","dateModified":"2025-03-05T20:44:54+00:00","breadcrumb":{"@id":"https:\/\/santamonica.lv\/sv\/for-halsan\/infusioner-av-prokain-och-bikarbonat\/#breadcrumb"},"inLanguage":"sv-SE","potentialAction":[{"@type":"ReadAction","target":["https:\/\/santamonica.lv\/sv\/for-halsan\/infusioner-av-prokain-och-bikarbonat\/"]}]},{"@type":"ImageObject","inLanguage":"sv-SE","@id":"https:\/\/santamonica.lv\/sv\/for-halsan\/infusioner-av-prokain-och-bikarbonat\/#primaryimage","url":"https:\/\/santamonica.lv\/wp-content\/uploads\/2024\/01\/procaine-infusions.jpeg","contentUrl":"https:\/\/santamonica.lv\/wp-content\/uploads\/2024\/01\/procaine-infusions.jpeg","width":1024,"height":683},{"@type":"BreadcrumbList","@id":"https:\/\/santamonica.lv\/sv\/for-halsan\/infusioner-av-prokain-och-bikarbonat\/#breadcrumb","itemListElement":[{"@type":"ListItem","position":1,"name":"Home","item":"https:\/\/santamonica.lv\/sv\/borjan\/"},{"@type":"ListItem","position":2,"name":"F\u00f6r h\u00e4lsan","item":"https:\/\/santamonica.lv\/sv\/for-halsan\/"},{"@type":"ListItem","position":3,"name":"Infusioner av prokain och bikarbonat"}]},{"@type":"WebSite","@id":"https:\/\/santamonica.lv\/sv\/#website","url":"https:\/\/santamonica.lv\/sv\/","name":"Santa Monica","description":"","potentialAction":[{"@type":"SearchAction","target":{"@type":"EntryPoint","urlTemplate":"https:\/\/santamonica.lv\/sv\/?s={search_term_string}"},"query-input":{"@type":"PropertyValueSpecification","valueRequired":true,"valueName":"search_term_string"}}],"inLanguage":"sv-SE"}]}},"uagb_featured_image_src":{"full":["https:\/\/santamonica.lv\/wp-content\/uploads\/2024\/01\/procaine-infusions.jpeg",1024,683,false],"thumbnail":["https:\/\/santamonica.lv\/wp-content\/uploads\/2024\/01\/procaine-infusions-150x150.jpeg",150,150,true],"medium":["https:\/\/santamonica.lv\/wp-content\/uploads\/2024\/01\/procaine-infusions-300x200.jpeg",300,200,true],"medium_large":["https:\/\/santamonica.lv\/wp-content\/uploads\/2024\/01\/procaine-infusions-768x512.jpeg",768,512,true],"large":["https:\/\/santamonica.lv\/wp-content\/uploads\/2024\/01\/procaine-infusions.jpeg",1024,683,false],"1536x1536":["https:\/\/santamonica.lv\/wp-content\/uploads\/2024\/01\/procaine-infusions.jpeg",1024,683,false],"2048x2048":["https:\/\/santamonica.lv\/wp-content\/uploads\/2024\/01\/procaine-infusions.jpeg",1024,683,false],"woocommerce_thumbnail":["https:\/\/santamonica.lv\/wp-content\/uploads\/2024\/01\/procaine-infusions-300x300.jpeg",300,300,true],"woocommerce_single":["https:\/\/santamonica.lv\/wp-content\/uploads\/2024\/01\/procaine-infusions-600x400.jpeg",600,400,true],"woocommerce_gallery_thumbnail":["https:\/\/santamonica.lv\/wp-content\/uploads\/2024\/01\/procaine-infusions-100x100.jpeg",100,100,true]},"uagb_author_info":{"display_name":"Aigars","author_link":"https:\/\/santamonica.lv\/sv\/author\/aigars\/"},"uagb_comment_info":0,"uagb_excerpt":"Inflammation med hyperaciditet i kroppens inre milj\u00f6 \u00e4r en av de vanligaste faktorerna som orsakar m\u00e5nga sjukdomar. Prokain, som har en uttalad antiinflammatorisk effekt, tillsammans med natriumbikarbonat, som i sin tur har en uttalad basreaktion, kan f\u00f6rhindra s\u00e5dana st\u00f6rningar som en sur inre milj\u00f6 i kroppen, som anv\u00e4nds flitigt inom naturmedicin. Prokain \u00e4r ett av...","_links":{"self":[{"href":"https:\/\/santamonica.lv\/sv\/wp-json\/wp\/v2\/pages\/3135","targetHints":{"allow":["GET"]}}],"collection":[{"href":"https:\/\/santamonica.lv\/sv\/wp-json\/wp\/v2\/pages"}],"about":[{"href":"https:\/\/santamonica.lv\/sv\/wp-json\/wp\/v2\/types\/page"}],"author":[{"embeddable":true,"href":"https:\/\/santamonica.lv\/sv\/wp-json\/wp\/v2\/users\/3"}],"replies":[{"embeddable":true,"href":"https:\/\/santamonica.lv\/sv\/wp-json\/wp\/v2\/comments?post=3135"}],"version-history":[{"count":1,"href":"https:\/\/santamonica.lv\/sv\/wp-json\/wp\/v2\/pages\/3135\/revisions"}],"predecessor-version":[{"id":3136,"href":"https:\/\/santamonica.lv\/sv\/wp-json\/wp\/v2\/pages\/3135\/revisions\/3136"}],"up":[{"embeddable":true,"href":"https:\/\/santamonica.lv\/sv\/wp-json\/wp\/v2\/pages\/2373"}],"wp:featuredmedia":[{"embeddable":true,"href":"https:\/\/santamonica.lv\/sv\/wp-json\/wp\/v2\/media\/2638"}],"wp:attachment":[{"href":"https:\/\/santamonica.lv\/sv\/wp-json\/wp\/v2\/media?parent=3135"}],"curies":[{"name":"wp","href":"https:\/\/api.w.org\/{rel}","templated":true}]}}