{"id":3137,"date":"2025-03-01T22:34:44","date_gmt":"2025-03-01T20:34:44","guid":{"rendered":"https:\/\/santamonica.lv\/?page_id=3137"},"modified":"2025-03-05T22:45:02","modified_gmt":"2025-03-05T20:45:02","slug":"onko-aminosyracocktail","status":"publish","type":"page","link":"https:\/\/santamonica.lv\/sv\/for-halsan\/onko-aminosyracocktail\/","title":{"rendered":"ONKO \u2013 aminosyracocktail"},"content":{"rendered":"\n<div class=\"wp-block-columns is-layout-flex wp-container-core-columns-is-layout-9d6595d7 wp-block-columns-is-layout-flex\">\n<div class=\"wp-block-column is-layout-flow wp-block-column-is-layout-flow\" style=\"flex-basis:33.33%\">\n<figure class=\"wp-block-image size-full\"><img loading=\"lazy\" decoding=\"async\" width=\"1500\" height=\"1000\" src=\"https:\/\/santamonica.lv\/wp-content\/uploads\/2024\/01\/onko-amino-acids.jpg\" alt=\"\" class=\"wp-image-1061\" srcset=\"https:\/\/santamonica.lv\/wp-content\/uploads\/2024\/01\/onko-amino-acids.jpg 1500w, https:\/\/santamonica.lv\/wp-content\/uploads\/2024\/01\/onko-amino-acids-300x200.jpg 300w, https:\/\/santamonica.lv\/wp-content\/uploads\/2024\/01\/onko-amino-acids-1024x683.jpg 1024w, https:\/\/santamonica.lv\/wp-content\/uploads\/2024\/01\/onko-amino-acids-768x512.jpg 768w, https:\/\/santamonica.lv\/wp-content\/uploads\/2024\/01\/onko-amino-acids-600x400.jpg 600w\" sizes=\"auto, (max-width: 1500px) 100vw, 1500px\" \/><\/figure>\n<\/div>\n\n\n\n<div class=\"wp-block-column is-layout-flow wp-block-column-is-layout-flow\" style=\"flex-basis:66.66%\">\n<p>Aminosyror \u00e4r organiska f\u00f6reningar som har egenskaperna hos syror och aminer. Deras sammans\u00e4ttning inkluderar b\u00e5de en karboxylgrupp och en aminogrupp (kv\u00e4vef\u00f6reningar). M\u00e5nga aminosyror kombineras f\u00f6r att bilda proteiner, som \u00e4r en del av varje levande cell. Mer \u00e4n 20 olika aminosyror deltar i bildandet av proteiner. M\u00e5nga av dem deltar ocks\u00e5 i metaboliska processer.<\/p>\n<\/div>\n<\/div>\n\n\n\n<p>M\u00e4nniskokroppen tar in aminosyror med dietproteiner, som hydrolyseras och bryts ner av enzymer i kroppen. Av alla aminosyror \u00e4r det 8 som inte bildas i kroppen. De kallas essentiella aminosyror \u2013 fenylalanin, isoleucin, leucin, lysin, metionin, treonin, tryptofan och valin. Dessa aminosyror m\u00e5ste ing\u00e5 i kosten. Om en av dem saknas \u00e4r den n\u00f6dv\u00e4ndiga proteinsyntesen inte m\u00f6jlig.<\/p>\n\n\n\n<p>Vid m\u00e5nga sjukdomar och metabola st\u00f6rningar sker en accelererad nedbrytning av proteiner eller f\u00f6rs\u00e4mrad absorption av aminosyror. Med tiden uppst\u00e5r en brist p\u00e5 en aminosyra som m\u00e5ste kompenseras. F\u00f6r detta \u00e4ndam\u00e5l produceras infusioner som inneh\u00e5ller olika aminosyror. Vissa av dem \u00e4r specialanpassade f\u00f6r onkologiska patienters behov.<\/p>\n\n\n\n<p>Infusion av onco-aminosyror \u00e4r anv\u00e4ndbart f\u00f6r patienter efter str\u00e5lning eller kemoterapi f\u00f6r att fr\u00e4mja kroppens regenereringsprocesser.<\/p>\n\n\n\n<p><strong>Sammans\u00e4ttning av onko-aminosyror:<\/strong><\/p>\n\n\n\n<ul class=\"wp-block-list\">\n<li>L-asparaginsyra;<\/li>\n\n\n\n<li>L-leucin;<\/li>\n\n\n\n<li>L-lysin;<\/li>\n\n\n\n<li>L-isoleucin;<\/li>\n\n\n\n<li>L-valin;<\/li>\n\n\n\n<li>Taurin;<\/li>\n\n\n\n<li>L-glycin;<\/li>\n\n\n\n<li>L-karnitin;<\/li>\n\n\n\n<li>Acetyltyrosin;<\/li>\n<\/ul>\n\n\n\n<p>Dessa \u00e4r 100 ml injektionsflaskor, som sp\u00e4ds med 0,9 % natriumkloridl\u00f6sning till 250-500 ml f\u00f6re intraven\u00f6s infusion.<\/p>\n\n\n\n<p><\/p>\n","protected":false},"excerpt":{"rendered":"<p>Aminosyror \u00e4r organiska f\u00f6reningar som har egenskaperna hos syror och aminer. Deras sammans\u00e4ttning inkluderar b\u00e5de en karboxylgrupp och en aminogrupp (kv\u00e4vef\u00f6reningar). M\u00e5nga aminosyror kombineras f\u00f6r att bilda proteiner, som \u00e4r en del av varje levande cell. Mer \u00e4n 20 olika aminosyror deltar i bildandet av proteiner. M\u00e5nga av dem deltar ocks\u00e5 i metaboliska processer. M\u00e4nniskokroppen&#8230;<\/p>\n","protected":false},"author":3,"featured_media":2642,"parent":2373,"menu_order":0,"comment_status":"closed","ping_status":"closed","template":"","meta":{"_acf_changed":false,"_uag_custom_page_level_css":"","_kadence_starter_templates_imported_post":false,"_kad_post_transparent":"","_kad_post_title":"","_kad_post_layout":"","_kad_post_sidebar_id":"","_kad_post_content_style":"","_kad_post_vertical_padding":"","_kad_post_feature":"","_kad_post_feature_position":"","_kad_post_header":false,"_kad_post_footer":false,"footnotes":""},"class_list":["post-3137","page","type-page","status-publish","has-post-thumbnail","hentry"],"acf":[],"yoast_head":"<!-- This site is optimized with the Yoast SEO plugin v26.4 - https:\/\/yoast.com\/wordpress\/plugins\/seo\/ -->\n<title>ONKO \u2013 aminosyracocktail - Santa Monica<\/title>\n<meta name=\"robots\" content=\"index, follow, max-snippet:-1, max-image-preview:large, max-video-preview:-1\" \/>\n<link rel=\"canonical\" href=\"https:\/\/santamonica.lv\/sv\/for-halsan\/onko-aminosyracocktail\/\" \/>\n<meta property=\"og:locale\" content=\"sv_SE\" \/>\n<meta property=\"og:type\" content=\"article\" \/>\n<meta property=\"og:title\" content=\"ONKO \u2013 aminosyracocktail - Santa Monica\" \/>\n<meta property=\"og:description\" content=\"Aminosyror \u00e4r organiska f\u00f6reningar som har egenskaperna hos syror och aminer. Deras sammans\u00e4ttning inkluderar b\u00e5de en karboxylgrupp och en aminogrupp (kv\u00e4vef\u00f6reningar). M\u00e5nga aminosyror kombineras f\u00f6r att bilda proteiner, som \u00e4r en del av varje levande cell. Mer \u00e4n 20 olika aminosyror deltar i bildandet av proteiner. M\u00e5nga av dem deltar ocks\u00e5 i metaboliska processer. M\u00e4nniskokroppen...\" \/>\n<meta property=\"og:url\" content=\"https:\/\/santamonica.lv\/sv\/for-halsan\/onko-aminosyracocktail\/\" \/>\n<meta property=\"og:site_name\" content=\"Santa Monica\" \/>\n<meta property=\"article:publisher\" content=\"https:\/\/www.facebook.com\/klinikasantamonica\" \/>\n<meta property=\"article:modified_time\" content=\"2025-03-05T20:45:02+00:00\" \/>\n<meta property=\"og:image\" content=\"https:\/\/santamonica.lv\/wp-content\/uploads\/2024\/01\/onko-amino-acids.jpg\" \/>\n\t<meta property=\"og:image:width\" content=\"1500\" \/>\n\t<meta property=\"og:image:height\" content=\"1000\" \/>\n\t<meta property=\"og:image:type\" content=\"image\/jpeg\" \/>\n<meta name=\"twitter:card\" content=\"summary_large_image\" \/>\n<meta name=\"twitter:label1\" content=\"Est. reading time\" \/>\n\t<meta name=\"twitter:data1\" content=\"1 minut\" \/>\n<script type=\"application\/ld+json\" class=\"yoast-schema-graph\">{\"@context\":\"https:\/\/schema.org\",\"@graph\":[{\"@type\":\"WebPage\",\"@id\":\"https:\/\/santamonica.lv\/sv\/for-halsan\/onko-aminosyracocktail\/\",\"url\":\"https:\/\/santamonica.lv\/sv\/for-halsan\/onko-aminosyracocktail\/\",\"name\":\"ONKO \u2013 aminosyracocktail - Santa Monica\",\"isPartOf\":{\"@id\":\"https:\/\/santamonica.lv\/sv\/#website\"},\"primaryImageOfPage\":{\"@id\":\"https:\/\/santamonica.lv\/sv\/for-halsan\/onko-aminosyracocktail\/#primaryimage\"},\"image\":{\"@id\":\"https:\/\/santamonica.lv\/sv\/for-halsan\/onko-aminosyracocktail\/#primaryimage\"},\"thumbnailUrl\":\"https:\/\/santamonica.lv\/wp-content\/uploads\/2024\/01\/onko-amino-acids.jpg\",\"datePublished\":\"2025-03-01T20:34:44+00:00\",\"dateModified\":\"2025-03-05T20:45:02+00:00\",\"breadcrumb\":{\"@id\":\"https:\/\/santamonica.lv\/sv\/for-halsan\/onko-aminosyracocktail\/#breadcrumb\"},\"inLanguage\":\"sv-SE\",\"potentialAction\":[{\"@type\":\"ReadAction\",\"target\":[\"https:\/\/santamonica.lv\/sv\/for-halsan\/onko-aminosyracocktail\/\"]}]},{\"@type\":\"ImageObject\",\"inLanguage\":\"sv-SE\",\"@id\":\"https:\/\/santamonica.lv\/sv\/for-halsan\/onko-aminosyracocktail\/#primaryimage\",\"url\":\"https:\/\/santamonica.lv\/wp-content\/uploads\/2024\/01\/onko-amino-acids.jpg\",\"contentUrl\":\"https:\/\/santamonica.lv\/wp-content\/uploads\/2024\/01\/onko-amino-acids.jpg\",\"width\":1500,\"height\":1000},{\"@type\":\"BreadcrumbList\",\"@id\":\"https:\/\/santamonica.lv\/sv\/for-halsan\/onko-aminosyracocktail\/#breadcrumb\",\"itemListElement\":[{\"@type\":\"ListItem\",\"position\":1,\"name\":\"Home\",\"item\":\"https:\/\/santamonica.lv\/sv\/borjan\/\"},{\"@type\":\"ListItem\",\"position\":2,\"name\":\"F\u00f6r h\u00e4lsan\",\"item\":\"https:\/\/santamonica.lv\/sv\/for-halsan\/\"},{\"@type\":\"ListItem\",\"position\":3,\"name\":\"ONKO \u2013 aminosyracocktail\"}]},{\"@type\":\"WebSite\",\"@id\":\"https:\/\/santamonica.lv\/sv\/#website\",\"url\":\"https:\/\/santamonica.lv\/sv\/\",\"name\":\"Santa Monica\",\"description\":\"\",\"potentialAction\":[{\"@type\":\"SearchAction\",\"target\":{\"@type\":\"EntryPoint\",\"urlTemplate\":\"https:\/\/santamonica.lv\/sv\/?s={search_term_string}\"},\"query-input\":{\"@type\":\"PropertyValueSpecification\",\"valueRequired\":true,\"valueName\":\"search_term_string\"}}],\"inLanguage\":\"sv-SE\"}]}<\/script>\n<!-- \/ Yoast SEO plugin. -->","yoast_head_json":{"title":"ONKO \u2013 aminosyracocktail - Santa Monica","robots":{"index":"index","follow":"follow","max-snippet":"max-snippet:-1","max-image-preview":"max-image-preview:large","max-video-preview":"max-video-preview:-1"},"canonical":"https:\/\/santamonica.lv\/sv\/for-halsan\/onko-aminosyracocktail\/","og_locale":"sv_SE","og_type":"article","og_title":"ONKO \u2013 aminosyracocktail - Santa Monica","og_description":"Aminosyror \u00e4r organiska f\u00f6reningar som har egenskaperna hos syror och aminer. Deras sammans\u00e4ttning inkluderar b\u00e5de en karboxylgrupp och en aminogrupp (kv\u00e4vef\u00f6reningar). M\u00e5nga aminosyror kombineras f\u00f6r att bilda proteiner, som \u00e4r en del av varje levande cell. Mer \u00e4n 20 olika aminosyror deltar i bildandet av proteiner. M\u00e5nga av dem deltar ocks\u00e5 i metaboliska processer. M\u00e4nniskokroppen...","og_url":"https:\/\/santamonica.lv\/sv\/for-halsan\/onko-aminosyracocktail\/","og_site_name":"Santa Monica","article_publisher":"https:\/\/www.facebook.com\/klinikasantamonica","article_modified_time":"2025-03-05T20:45:02+00:00","og_image":[{"width":1500,"height":1000,"url":"https:\/\/santamonica.lv\/wp-content\/uploads\/2024\/01\/onko-amino-acids.jpg","type":"image\/jpeg"}],"twitter_card":"summary_large_image","twitter_misc":{"Est. reading time":"1 minut"},"schema":{"@context":"https:\/\/schema.org","@graph":[{"@type":"WebPage","@id":"https:\/\/santamonica.lv\/sv\/for-halsan\/onko-aminosyracocktail\/","url":"https:\/\/santamonica.lv\/sv\/for-halsan\/onko-aminosyracocktail\/","name":"ONKO \u2013 aminosyracocktail - Santa Monica","isPartOf":{"@id":"https:\/\/santamonica.lv\/sv\/#website"},"primaryImageOfPage":{"@id":"https:\/\/santamonica.lv\/sv\/for-halsan\/onko-aminosyracocktail\/#primaryimage"},"image":{"@id":"https:\/\/santamonica.lv\/sv\/for-halsan\/onko-aminosyracocktail\/#primaryimage"},"thumbnailUrl":"https:\/\/santamonica.lv\/wp-content\/uploads\/2024\/01\/onko-amino-acids.jpg","datePublished":"2025-03-01T20:34:44+00:00","dateModified":"2025-03-05T20:45:02+00:00","breadcrumb":{"@id":"https:\/\/santamonica.lv\/sv\/for-halsan\/onko-aminosyracocktail\/#breadcrumb"},"inLanguage":"sv-SE","potentialAction":[{"@type":"ReadAction","target":["https:\/\/santamonica.lv\/sv\/for-halsan\/onko-aminosyracocktail\/"]}]},{"@type":"ImageObject","inLanguage":"sv-SE","@id":"https:\/\/santamonica.lv\/sv\/for-halsan\/onko-aminosyracocktail\/#primaryimage","url":"https:\/\/santamonica.lv\/wp-content\/uploads\/2024\/01\/onko-amino-acids.jpg","contentUrl":"https:\/\/santamonica.lv\/wp-content\/uploads\/2024\/01\/onko-amino-acids.jpg","width":1500,"height":1000},{"@type":"BreadcrumbList","@id":"https:\/\/santamonica.lv\/sv\/for-halsan\/onko-aminosyracocktail\/#breadcrumb","itemListElement":[{"@type":"ListItem","position":1,"name":"Home","item":"https:\/\/santamonica.lv\/sv\/borjan\/"},{"@type":"ListItem","position":2,"name":"F\u00f6r h\u00e4lsan","item":"https:\/\/santamonica.lv\/sv\/for-halsan\/"},{"@type":"ListItem","position":3,"name":"ONKO \u2013 aminosyracocktail"}]},{"@type":"WebSite","@id":"https:\/\/santamonica.lv\/sv\/#website","url":"https:\/\/santamonica.lv\/sv\/","name":"Santa Monica","description":"","potentialAction":[{"@type":"SearchAction","target":{"@type":"EntryPoint","urlTemplate":"https:\/\/santamonica.lv\/sv\/?s={search_term_string}"},"query-input":{"@type":"PropertyValueSpecification","valueRequired":true,"valueName":"search_term_string"}}],"inLanguage":"sv-SE"}]}},"uagb_featured_image_src":{"full":["https:\/\/santamonica.lv\/wp-content\/uploads\/2024\/01\/onko-amino-acids.jpg",1500,1000,false],"thumbnail":["https:\/\/santamonica.lv\/wp-content\/uploads\/2024\/01\/onko-amino-acids-150x150.jpg",150,150,true],"medium":["https:\/\/santamonica.lv\/wp-content\/uploads\/2024\/01\/onko-amino-acids-300x200.jpg",300,200,true],"medium_large":["https:\/\/santamonica.lv\/wp-content\/uploads\/2024\/01\/onko-amino-acids-768x512.jpg",768,512,true],"large":["https:\/\/santamonica.lv\/wp-content\/uploads\/2024\/01\/onko-amino-acids-1024x683.jpg",1024,683,true],"1536x1536":["https:\/\/santamonica.lv\/wp-content\/uploads\/2024\/01\/onko-amino-acids.jpg",1500,1000,false],"2048x2048":["https:\/\/santamonica.lv\/wp-content\/uploads\/2024\/01\/onko-amino-acids.jpg",1500,1000,false],"woocommerce_thumbnail":["https:\/\/santamonica.lv\/wp-content\/uploads\/2024\/01\/onko-amino-acids-300x300.jpg",300,300,true],"woocommerce_single":["https:\/\/santamonica.lv\/wp-content\/uploads\/2024\/01\/onko-amino-acids-600x400.jpg",600,400,true],"woocommerce_gallery_thumbnail":["https:\/\/santamonica.lv\/wp-content\/uploads\/2024\/01\/onko-amino-acids-100x100.jpg",100,100,true]},"uagb_author_info":{"display_name":"Aigars","author_link":"https:\/\/santamonica.lv\/sv\/author\/aigars\/"},"uagb_comment_info":0,"uagb_excerpt":"Aminosyror \u00e4r organiska f\u00f6reningar som har egenskaperna hos syror och aminer. Deras sammans\u00e4ttning inkluderar b\u00e5de en karboxylgrupp och en aminogrupp (kv\u00e4vef\u00f6reningar). M\u00e5nga aminosyror kombineras f\u00f6r att bilda proteiner, som \u00e4r en del av varje levande cell. Mer \u00e4n 20 olika aminosyror deltar i bildandet av proteiner. M\u00e5nga av dem deltar ocks\u00e5 i metaboliska processer. M\u00e4nniskokroppen...","_links":{"self":[{"href":"https:\/\/santamonica.lv\/sv\/wp-json\/wp\/v2\/pages\/3137","targetHints":{"allow":["GET"]}}],"collection":[{"href":"https:\/\/santamonica.lv\/sv\/wp-json\/wp\/v2\/pages"}],"about":[{"href":"https:\/\/santamonica.lv\/sv\/wp-json\/wp\/v2\/types\/page"}],"author":[{"embeddable":true,"href":"https:\/\/santamonica.lv\/sv\/wp-json\/wp\/v2\/users\/3"}],"replies":[{"embeddable":true,"href":"https:\/\/santamonica.lv\/sv\/wp-json\/wp\/v2\/comments?post=3137"}],"version-history":[{"count":1,"href":"https:\/\/santamonica.lv\/sv\/wp-json\/wp\/v2\/pages\/3137\/revisions"}],"predecessor-version":[{"id":3138,"href":"https:\/\/santamonica.lv\/sv\/wp-json\/wp\/v2\/pages\/3137\/revisions\/3138"}],"up":[{"embeddable":true,"href":"https:\/\/santamonica.lv\/sv\/wp-json\/wp\/v2\/pages\/2373"}],"wp:featuredmedia":[{"embeddable":true,"href":"https:\/\/santamonica.lv\/sv\/wp-json\/wp\/v2\/media\/2642"}],"wp:attachment":[{"href":"https:\/\/santamonica.lv\/sv\/wp-json\/wp\/v2\/media?parent=3137"}],"curies":[{"name":"wp","href":"https:\/\/api.w.org\/{rel}","templated":true}]}}