{"id":3139,"date":"2025-03-01T22:56:06","date_gmt":"2025-03-01T20:56:06","guid":{"rendered":"https:\/\/santamonica.lv\/?page_id=3139"},"modified":"2025-03-05T22:45:00","modified_gmt":"2025-03-05T20:45:00","slug":"oliphenolia","status":"publish","type":"page","link":"https:\/\/santamonica.lv\/sv\/for-halsan\/oliphenolia\/","title":{"rendered":"Oliphenolia"},"content":{"rendered":"\n<div class=\"wp-block-columns is-layout-flex wp-container-core-columns-is-layout-9d6595d7 wp-block-columns-is-layout-flex\">\n<div class=\"wp-block-column is-layout-flow wp-block-column-is-layout-flow\" style=\"flex-basis:33.33%\">\n<figure class=\"wp-block-image size-full\"><img loading=\"lazy\" decoding=\"async\" width=\"572\" height=\"480\" src=\"https:\/\/santamonica.lv\/wp-content\/uploads\/2024\/01\/OliPhenolia.jpg\" alt=\"\" class=\"wp-image-1059\" srcset=\"https:\/\/santamonica.lv\/wp-content\/uploads\/2024\/01\/OliPhenolia.jpg 572w, https:\/\/santamonica.lv\/wp-content\/uploads\/2024\/01\/OliPhenolia-300x252.jpg 300w\" sizes=\"auto, (max-width: 572px) 100vw, 572px\" \/><\/figure>\n<\/div>\n\n\n\n<div class=\"wp-block-column is-layout-flow wp-block-column-is-layout-flow\" style=\"flex-basis:66.66%\">\n<p>Oliphenolia \u00e4r en intraven\u00f6s cocktail av polyfenoler \u2013 en injektionsl\u00f6sning som kombinerar fytoncider erh\u00e5llna fr\u00e5n oliver odlade i Italien utan v\u00e4rmebehandling. Huvudingrediensen i den nyligen erh\u00e5llna produkten \u00e4r kallpressat olivextrakt, k\u00e4nt som \u201d<strong>acqua mora<\/strong>\u201d eller svart vatten. Denna l\u00f6sning \u00e4r en blandning av olika polyfenoler, i vilka s\u00e5dana \u00e4mnen av denna klass som hydroxityrosol (antioxidant), oleuropein, tyrosol, verboskoider (kaffeoylfenyletanoidglykosider), klorogensyra (fenolsyra), aglykon (den sockerfria komponenten i glykosiden) , secologanosider och m\u00e5nga andra finns.<\/p>\n<\/div>\n<\/div>\n\n\n\n<p>Oliphenolia \u00e4r ett olivextrakt som erh\u00e5lls genom mekanisk bearbetning av oliver, v\u00e4tskan som erh\u00e5lls genom filtrering produceras utan n\u00e4rvaro av kemiska l\u00f6sningsmedel. F\u00f6r n\u00e4rvarande arbetar l\u00e4kemedelsf\u00f6retaget med att ta fram en intraven\u00f6s v\u00e4tska som ska anv\u00e4ndas som infusionspreparat utan n\u00e4rvaro av syntetiska \u00e4mnen.<\/p>\n\n\n\n<p>Den nyutvecklade formeln av polyfenoler g\u00f6r det m\u00f6jligt att anv\u00e4nda det brett inom holistisk medicin som en k\u00e4lla till naturliga r\u00e5varor vid behandling av olika sjukdomar.<\/p>\n\n\n\n<p>Med tanke p\u00e5 m\u00e5ngfalden och aktiviteten hos polyfenolcocktailingredienser har studier genomf\u00f6rts som bekr\u00e4ftar att det kan anv\u00e4ndas vid behandling av olika h\u00e4lsoproblem:<\/p>\n\n\n\n<ol class=\"wp-block-list\">\n<li>F\u00f6r behandling av hj\u00e4rt-k\u00e4rlsjukdomar \u2013 det har en antioxidativ effekt, h\u00e4mmar cellernas \u00e5ldrande, undertrycker trombocytaggregation och skyddar d\u00e4rigenom mot trombos och stroke. F\u00f6rst\u00e4rkt antitrombotisk effekt uppst\u00e5r n\u00e4r det anv\u00e4nds i kombination med aspirin;<\/li>\n\n\n\n<li>Mage \u2013 f\u00f6r h\u00e4lsan i tarmkanalen \u2013 anv\u00e4ndbar f\u00f6r behandling av olika sjukdomar i mag-tarmkanalen;<\/li>\n\n\n\n<li>Antibakteriell effekt \u2013 k\u00e4nd f\u00f6r att hj\u00e4lpa till att bli av med Helicobacter pylori i magen;<\/li>\n\n\n\n<li>Det kan anv\u00e4ndas vid behandling av h\u00e4lsoproblem orsakade av metabola sjukdomar och diabetes, eftersom det hj\u00e4lper till att korrigera lipidmetabolismst\u00f6rningar och d\u00e4rigenom skydda blodk\u00e4rlen och \u00e4ven minskar insulinresistens hos diabetespatienter;<\/li>\n\n\n\n<li>Andra anv\u00e4ndningsomr\u00e5den \u2013 anv\u00e4ndbar f\u00f6r att f\u00f6rebygga cancer, har antiinflammatorisk aktivitet, vilket \u00e4r viktigt vid behandling av ledsjukdomar och fr\u00e4mjar och f\u00f6rb\u00e4ttrar s\u00e5rl\u00e4kning.<\/li>\n\n\n\n<li>F\u00f6r behandling av sjukdomar i centrala nervsystemet \u2013 det kan anv\u00e4ndas f\u00f6r att f\u00f6rebygga neurodegenerativa sjukdomar (Alzheimers sjukdom).<\/li>\n<\/ol>\n","protected":false},"excerpt":{"rendered":"<p>Oliphenolia \u00e4r en intraven\u00f6s cocktail av polyfenoler \u2013 en injektionsl\u00f6sning som kombinerar fytoncider erh\u00e5llna fr\u00e5n oliver odlade i Italien utan v\u00e4rmebehandling. Huvudingrediensen i den nyligen erh\u00e5llna produkten \u00e4r kallpressat olivextrakt, k\u00e4nt som \u201dacqua mora\u201d eller svart vatten. Denna l\u00f6sning \u00e4r en blandning av olika polyfenoler, i vilka s\u00e5dana \u00e4mnen av denna klass som hydroxityrosol (antioxidant),&#8230;<\/p>\n","protected":false},"author":3,"featured_media":2646,"parent":2373,"menu_order":0,"comment_status":"closed","ping_status":"closed","template":"","meta":{"_acf_changed":false,"_uag_custom_page_level_css":"","_kadence_starter_templates_imported_post":false,"_kad_post_transparent":"","_kad_post_title":"","_kad_post_layout":"","_kad_post_sidebar_id":"","_kad_post_content_style":"","_kad_post_vertical_padding":"","_kad_post_feature":"","_kad_post_feature_position":"","_kad_post_header":false,"_kad_post_footer":false,"footnotes":""},"class_list":["post-3139","page","type-page","status-publish","has-post-thumbnail","hentry"],"acf":[],"yoast_head":"<!-- This site is optimized with the Yoast SEO plugin v26.4 - https:\/\/yoast.com\/wordpress\/plugins\/seo\/ -->\n<title>Oliphenolia - Santa Monica<\/title>\n<meta name=\"robots\" content=\"index, follow, max-snippet:-1, max-image-preview:large, max-video-preview:-1\" \/>\n<link rel=\"canonical\" href=\"https:\/\/santamonica.lv\/sv\/for-halsan\/oliphenolia\/\" \/>\n<meta property=\"og:locale\" content=\"sv_SE\" \/>\n<meta property=\"og:type\" content=\"article\" \/>\n<meta property=\"og:title\" content=\"Oliphenolia - Santa Monica\" \/>\n<meta property=\"og:description\" content=\"Oliphenolia \u00e4r en intraven\u00f6s cocktail av polyfenoler \u2013 en injektionsl\u00f6sning som kombinerar fytoncider erh\u00e5llna fr\u00e5n oliver odlade i Italien utan v\u00e4rmebehandling. Huvudingrediensen i den nyligen erh\u00e5llna produkten \u00e4r kallpressat olivextrakt, k\u00e4nt som \u201dacqua mora\u201d eller svart vatten. Denna l\u00f6sning \u00e4r en blandning av olika polyfenoler, i vilka s\u00e5dana \u00e4mnen av denna klass som hydroxityrosol (antioxidant),...\" \/>\n<meta property=\"og:url\" content=\"https:\/\/santamonica.lv\/sv\/for-halsan\/oliphenolia\/\" \/>\n<meta property=\"og:site_name\" content=\"Santa Monica\" \/>\n<meta property=\"article:publisher\" content=\"https:\/\/www.facebook.com\/klinikasantamonica\" \/>\n<meta property=\"article:modified_time\" content=\"2025-03-05T20:45:00+00:00\" \/>\n<meta property=\"og:image\" content=\"https:\/\/santamonica.lv\/wp-content\/uploads\/2024\/01\/OliPhenolia.jpg\" \/>\n\t<meta property=\"og:image:width\" content=\"572\" \/>\n\t<meta property=\"og:image:height\" content=\"480\" \/>\n\t<meta property=\"og:image:type\" content=\"image\/jpeg\" \/>\n<meta name=\"twitter:card\" content=\"summary_large_image\" \/>\n<meta name=\"twitter:label1\" content=\"Est. reading time\" \/>\n\t<meta name=\"twitter:data1\" content=\"2 minuter\" \/>\n<script type=\"application\/ld+json\" class=\"yoast-schema-graph\">{\"@context\":\"https:\/\/schema.org\",\"@graph\":[{\"@type\":\"WebPage\",\"@id\":\"https:\/\/santamonica.lv\/sv\/for-halsan\/oliphenolia\/\",\"url\":\"https:\/\/santamonica.lv\/sv\/for-halsan\/oliphenolia\/\",\"name\":\"Oliphenolia - Santa Monica\",\"isPartOf\":{\"@id\":\"https:\/\/santamonica.lv\/sv\/#website\"},\"primaryImageOfPage\":{\"@id\":\"https:\/\/santamonica.lv\/sv\/for-halsan\/oliphenolia\/#primaryimage\"},\"image\":{\"@id\":\"https:\/\/santamonica.lv\/sv\/for-halsan\/oliphenolia\/#primaryimage\"},\"thumbnailUrl\":\"https:\/\/santamonica.lv\/wp-content\/uploads\/2024\/01\/OliPhenolia.jpg\",\"datePublished\":\"2025-03-01T20:56:06+00:00\",\"dateModified\":\"2025-03-05T20:45:00+00:00\",\"breadcrumb\":{\"@id\":\"https:\/\/santamonica.lv\/sv\/for-halsan\/oliphenolia\/#breadcrumb\"},\"inLanguage\":\"sv-SE\",\"potentialAction\":[{\"@type\":\"ReadAction\",\"target\":[\"https:\/\/santamonica.lv\/sv\/for-halsan\/oliphenolia\/\"]}]},{\"@type\":\"ImageObject\",\"inLanguage\":\"sv-SE\",\"@id\":\"https:\/\/santamonica.lv\/sv\/for-halsan\/oliphenolia\/#primaryimage\",\"url\":\"https:\/\/santamonica.lv\/wp-content\/uploads\/2024\/01\/OliPhenolia.jpg\",\"contentUrl\":\"https:\/\/santamonica.lv\/wp-content\/uploads\/2024\/01\/OliPhenolia.jpg\",\"width\":572,\"height\":480},{\"@type\":\"BreadcrumbList\",\"@id\":\"https:\/\/santamonica.lv\/sv\/for-halsan\/oliphenolia\/#breadcrumb\",\"itemListElement\":[{\"@type\":\"ListItem\",\"position\":1,\"name\":\"Home\",\"item\":\"https:\/\/santamonica.lv\/sv\/borjan\/\"},{\"@type\":\"ListItem\",\"position\":2,\"name\":\"F\u00f6r h\u00e4lsan\",\"item\":\"https:\/\/santamonica.lv\/sv\/for-halsan\/\"},{\"@type\":\"ListItem\",\"position\":3,\"name\":\"Oliphenolia\"}]},{\"@type\":\"WebSite\",\"@id\":\"https:\/\/santamonica.lv\/sv\/#website\",\"url\":\"https:\/\/santamonica.lv\/sv\/\",\"name\":\"Santa Monica\",\"description\":\"\",\"potentialAction\":[{\"@type\":\"SearchAction\",\"target\":{\"@type\":\"EntryPoint\",\"urlTemplate\":\"https:\/\/santamonica.lv\/sv\/?s={search_term_string}\"},\"query-input\":{\"@type\":\"PropertyValueSpecification\",\"valueRequired\":true,\"valueName\":\"search_term_string\"}}],\"inLanguage\":\"sv-SE\"}]}<\/script>\n<!-- \/ Yoast SEO plugin. -->","yoast_head_json":{"title":"Oliphenolia - Santa Monica","robots":{"index":"index","follow":"follow","max-snippet":"max-snippet:-1","max-image-preview":"max-image-preview:large","max-video-preview":"max-video-preview:-1"},"canonical":"https:\/\/santamonica.lv\/sv\/for-halsan\/oliphenolia\/","og_locale":"sv_SE","og_type":"article","og_title":"Oliphenolia - Santa Monica","og_description":"Oliphenolia \u00e4r en intraven\u00f6s cocktail av polyfenoler \u2013 en injektionsl\u00f6sning som kombinerar fytoncider erh\u00e5llna fr\u00e5n oliver odlade i Italien utan v\u00e4rmebehandling. Huvudingrediensen i den nyligen erh\u00e5llna produkten \u00e4r kallpressat olivextrakt, k\u00e4nt som \u201dacqua mora\u201d eller svart vatten. Denna l\u00f6sning \u00e4r en blandning av olika polyfenoler, i vilka s\u00e5dana \u00e4mnen av denna klass som hydroxityrosol (antioxidant),...","og_url":"https:\/\/santamonica.lv\/sv\/for-halsan\/oliphenolia\/","og_site_name":"Santa Monica","article_publisher":"https:\/\/www.facebook.com\/klinikasantamonica","article_modified_time":"2025-03-05T20:45:00+00:00","og_image":[{"width":572,"height":480,"url":"https:\/\/santamonica.lv\/wp-content\/uploads\/2024\/01\/OliPhenolia.jpg","type":"image\/jpeg"}],"twitter_card":"summary_large_image","twitter_misc":{"Est. reading time":"2 minuter"},"schema":{"@context":"https:\/\/schema.org","@graph":[{"@type":"WebPage","@id":"https:\/\/santamonica.lv\/sv\/for-halsan\/oliphenolia\/","url":"https:\/\/santamonica.lv\/sv\/for-halsan\/oliphenolia\/","name":"Oliphenolia - Santa Monica","isPartOf":{"@id":"https:\/\/santamonica.lv\/sv\/#website"},"primaryImageOfPage":{"@id":"https:\/\/santamonica.lv\/sv\/for-halsan\/oliphenolia\/#primaryimage"},"image":{"@id":"https:\/\/santamonica.lv\/sv\/for-halsan\/oliphenolia\/#primaryimage"},"thumbnailUrl":"https:\/\/santamonica.lv\/wp-content\/uploads\/2024\/01\/OliPhenolia.jpg","datePublished":"2025-03-01T20:56:06+00:00","dateModified":"2025-03-05T20:45:00+00:00","breadcrumb":{"@id":"https:\/\/santamonica.lv\/sv\/for-halsan\/oliphenolia\/#breadcrumb"},"inLanguage":"sv-SE","potentialAction":[{"@type":"ReadAction","target":["https:\/\/santamonica.lv\/sv\/for-halsan\/oliphenolia\/"]}]},{"@type":"ImageObject","inLanguage":"sv-SE","@id":"https:\/\/santamonica.lv\/sv\/for-halsan\/oliphenolia\/#primaryimage","url":"https:\/\/santamonica.lv\/wp-content\/uploads\/2024\/01\/OliPhenolia.jpg","contentUrl":"https:\/\/santamonica.lv\/wp-content\/uploads\/2024\/01\/OliPhenolia.jpg","width":572,"height":480},{"@type":"BreadcrumbList","@id":"https:\/\/santamonica.lv\/sv\/for-halsan\/oliphenolia\/#breadcrumb","itemListElement":[{"@type":"ListItem","position":1,"name":"Home","item":"https:\/\/santamonica.lv\/sv\/borjan\/"},{"@type":"ListItem","position":2,"name":"F\u00f6r h\u00e4lsan","item":"https:\/\/santamonica.lv\/sv\/for-halsan\/"},{"@type":"ListItem","position":3,"name":"Oliphenolia"}]},{"@type":"WebSite","@id":"https:\/\/santamonica.lv\/sv\/#website","url":"https:\/\/santamonica.lv\/sv\/","name":"Santa Monica","description":"","potentialAction":[{"@type":"SearchAction","target":{"@type":"EntryPoint","urlTemplate":"https:\/\/santamonica.lv\/sv\/?s={search_term_string}"},"query-input":{"@type":"PropertyValueSpecification","valueRequired":true,"valueName":"search_term_string"}}],"inLanguage":"sv-SE"}]}},"uagb_featured_image_src":{"full":["https:\/\/santamonica.lv\/wp-content\/uploads\/2024\/01\/OliPhenolia.jpg",572,480,false],"thumbnail":["https:\/\/santamonica.lv\/wp-content\/uploads\/2024\/01\/OliPhenolia-150x150.jpg",150,150,true],"medium":["https:\/\/santamonica.lv\/wp-content\/uploads\/2024\/01\/OliPhenolia-300x252.jpg",300,252,true],"medium_large":["https:\/\/santamonica.lv\/wp-content\/uploads\/2024\/01\/OliPhenolia.jpg",572,480,false],"large":["https:\/\/santamonica.lv\/wp-content\/uploads\/2024\/01\/OliPhenolia.jpg",572,480,false],"1536x1536":["https:\/\/santamonica.lv\/wp-content\/uploads\/2024\/01\/OliPhenolia.jpg",572,480,false],"2048x2048":["https:\/\/santamonica.lv\/wp-content\/uploads\/2024\/01\/OliPhenolia.jpg",572,480,false],"woocommerce_thumbnail":["https:\/\/santamonica.lv\/wp-content\/uploads\/2024\/01\/OliPhenolia-300x300.jpg",300,300,true],"woocommerce_single":["https:\/\/santamonica.lv\/wp-content\/uploads\/2024\/01\/OliPhenolia.jpg",572,480,false],"woocommerce_gallery_thumbnail":["https:\/\/santamonica.lv\/wp-content\/uploads\/2024\/01\/OliPhenolia-100x100.jpg",100,100,true]},"uagb_author_info":{"display_name":"Aigars","author_link":"https:\/\/santamonica.lv\/sv\/author\/aigars\/"},"uagb_comment_info":0,"uagb_excerpt":"Oliphenolia \u00e4r en intraven\u00f6s cocktail av polyfenoler \u2013 en injektionsl\u00f6sning som kombinerar fytoncider erh\u00e5llna fr\u00e5n oliver odlade i Italien utan v\u00e4rmebehandling. Huvudingrediensen i den nyligen erh\u00e5llna produkten \u00e4r kallpressat olivextrakt, k\u00e4nt som \u201dacqua mora\u201d eller svart vatten. Denna l\u00f6sning \u00e4r en blandning av olika polyfenoler, i vilka s\u00e5dana \u00e4mnen av denna klass som hydroxityrosol (antioxidant),...","_links":{"self":[{"href":"https:\/\/santamonica.lv\/sv\/wp-json\/wp\/v2\/pages\/3139","targetHints":{"allow":["GET"]}}],"collection":[{"href":"https:\/\/santamonica.lv\/sv\/wp-json\/wp\/v2\/pages"}],"about":[{"href":"https:\/\/santamonica.lv\/sv\/wp-json\/wp\/v2\/types\/page"}],"author":[{"embeddable":true,"href":"https:\/\/santamonica.lv\/sv\/wp-json\/wp\/v2\/users\/3"}],"replies":[{"embeddable":true,"href":"https:\/\/santamonica.lv\/sv\/wp-json\/wp\/v2\/comments?post=3139"}],"version-history":[{"count":1,"href":"https:\/\/santamonica.lv\/sv\/wp-json\/wp\/v2\/pages\/3139\/revisions"}],"predecessor-version":[{"id":3140,"href":"https:\/\/santamonica.lv\/sv\/wp-json\/wp\/v2\/pages\/3139\/revisions\/3140"}],"up":[{"embeddable":true,"href":"https:\/\/santamonica.lv\/sv\/wp-json\/wp\/v2\/pages\/2373"}],"wp:featuredmedia":[{"embeddable":true,"href":"https:\/\/santamonica.lv\/sv\/wp-json\/wp\/v2\/media\/2646"}],"wp:attachment":[{"href":"https:\/\/santamonica.lv\/sv\/wp-json\/wp\/v2\/media?parent=3139"}],"curies":[{"name":"wp","href":"https:\/\/api.w.org\/{rel}","templated":true}]}}