{"id":3141,"date":"2025-03-01T23:09:26","date_gmt":"2025-03-01T21:09:26","guid":{"rendered":"https:\/\/santamonica.lv\/?page_id=3141"},"modified":"2025-03-05T22:44:56","modified_gmt":"2025-03-05T20:44:56","slug":"metylsulfonylmetan-msm","status":"publish","type":"page","link":"https:\/\/santamonica.lv\/sv\/for-halsan\/metylsulfonylmetan-msm\/","title":{"rendered":"Metylsulfonylmetan (MSM)"},"content":{"rendered":"\n<div class=\"wp-block-columns is-layout-flex wp-container-core-columns-is-layout-9d6595d7 wp-block-columns-is-layout-flex\">\n<div class=\"wp-block-column is-layout-flow wp-block-column-is-layout-flow\" style=\"flex-basis:33.33%\">\n<figure class=\"wp-block-image size-full\"><img loading=\"lazy\" decoding=\"async\" width=\"1260\" height=\"790\" src=\"https:\/\/santamonica.lv\/wp-content\/uploads\/2024\/01\/MSM.jpg\" alt=\"\" class=\"wp-image-1057\" srcset=\"https:\/\/santamonica.lv\/wp-content\/uploads\/2024\/01\/MSM.jpg 1260w, https:\/\/santamonica.lv\/wp-content\/uploads\/2024\/01\/MSM-300x188.jpg 300w, https:\/\/santamonica.lv\/wp-content\/uploads\/2024\/01\/MSM-1024x642.jpg 1024w, https:\/\/santamonica.lv\/wp-content\/uploads\/2024\/01\/MSM-768x482.jpg 768w, https:\/\/santamonica.lv\/wp-content\/uploads\/2024\/01\/MSM-600x376.jpg 600w\" sizes=\"auto, (max-width: 1260px) 100vw, 1260px\" \/><\/figure>\n<\/div>\n\n\n\n<div class=\"wp-block-column is-layout-flow wp-block-column-is-layout-flow\" style=\"flex-basis:66.66%\">\n<p>Metylsulfanometan \u00e4r en naturlig organisk svavelhaltig f\u00f6rening som ofta anv\u00e4nds inom komplement\u00e4r och alternativ medicin. Det bildas naturligt i m\u00e4nniskokroppen, men det finns ocks\u00e5 i sm\u00e5 m\u00e4ngder i djurceller och i vissa representanter f\u00f6r v\u00e4xtriket. MSM har en relativt snabb sm\u00e4rtstillande effekt utan biverkningar och dess effektivitet kan observeras under relativt l\u00e5ng tid.<\/p>\n<\/div>\n<\/div>\n\n\n\n<h2 class=\"wp-block-heading\">Effekter av MSM p\u00e5 centrala nervsystemet:<\/h2>\n\n\n\n<ul class=\"wp-block-list\">\n<li>Minskar sm\u00e4rta orsakad av migr\u00e4n;<\/li>\n\n\n\n<li>Hj\u00e4lper till i kampen mot sm\u00e4rta av neuralgi (neuropati);<\/li>\n<\/ul>\n\n\n\n<h3 class=\"wp-block-heading\">Biologisk betydelse av MSM:<\/h3>\n\n\n\n<ul class=\"wp-block-list\">\n<li>S\u00e4kerst\u00e4ller normal permeabilitet av cellmembran, vilket hj\u00e4lper till att snabbt avl\u00e4gsna on\u00f6diga \u00e4mnen fr\u00e5n kroppen;<\/li>\n\n\n\n<li>Minskar sm\u00e4rta;<\/li>\n\n\n\n<li>Fr\u00e4mjar effektiv avgiftning.<\/li>\n<\/ul>\n\n\n\n<h3 class=\"wp-block-heading\">MSM anv\u00e4nder:<\/h3>\n\n\n\n<ul class=\"wp-block-list\">\n<li>F\u00f6r behandling av kroniskt sm\u00e4rtsyndrom (artros, fibromyalgi, artrit);<\/li>\n\n\n\n<li>Minskar sm\u00e4rta orsakad av muskelsp\u00e4nningar, ledv\u00e4rk och inflammation;<\/li>\n\n\n\n<li>Fr\u00e4mjar s\u00e5rl\u00e4kning;<\/li>\n\n\n\n<li>Minskar muskelsm\u00e4rta och sp\u00e4nningar hos idrottare.<\/li>\n<\/ul>\n\n\n\n<h3 class=\"wp-block-heading\">Verkan av MSM i kroppen:<\/h3>\n\n\n\n<ul class=\"wp-block-list\">\n<li>Minskar inflammation och svullnad;<\/li>\n\n\n\n<li>Blockerar \u00f6verf\u00f6ringen av sm\u00e4rtimpulser i nervfibrer;<\/li>\n\n\n\n<li>Fr\u00e4mjar regenereringen av led- och muskelv\u00e4vnad;<\/li>\n\n\n\n<li>Hj\u00e4lper till att bli av med metaboliska slutprodukter, fr\u00e4mjar avgiftning;<\/li>\n\n\n\n<li>F\u00f6rb\u00e4ttrar ledr\u00f6rlighet;<\/li>\n\n\n\n<li>Ett bra alternativ till NSAID eftersom det inte orsakar o\u00f6nskade biverkningar;<\/li>\n<\/ul>\n\n\n\n<h3 class=\"wp-block-heading\">Effekter av MSM p\u00e5 ledv\u00e4vnad och brosk:<\/h3>\n\n\n\n<ul class=\"wp-block-list\">\n<li>Fr\u00e4mjar bildandet av nytt brosk;<\/li>\n\n\n\n<li>Anv\u00e4ndbar f\u00f6r patienter med reumatoid polyartrit;<\/li>\n\n\n\n<li>Lindrar rygg- och ledv\u00e4rk;<\/li>\n\n\n\n<li>Genom att neutralisera m\u00e4ngden urinsyra minskar ledv\u00e4rk orsakad av gikt.<\/li>\n<\/ul>\n\n\n\n<p>Santa Monica erbjuder en 15 % MSM-l\u00f6sning i 100 ml injektionsflaskor, som rekommenderas att administreras intraven\u00f6st, tidigare utsp\u00e4dd med en 0,9 % natriumkloridl\u00f6sning till 250 ml.<\/p>\n","protected":false},"excerpt":{"rendered":"<p>Metylsulfanometan \u00e4r en naturlig organisk svavelhaltig f\u00f6rening som ofta anv\u00e4nds inom komplement\u00e4r och alternativ medicin. Det bildas naturligt i m\u00e4nniskokroppen, men det finns ocks\u00e5 i sm\u00e5 m\u00e4ngder i djurceller och i vissa representanter f\u00f6r v\u00e4xtriket. MSM har en relativt snabb sm\u00e4rtstillande effekt utan biverkningar och dess effektivitet kan observeras under relativt l\u00e5ng tid. Effekter av&#8230;<\/p>\n","protected":false},"author":3,"featured_media":2650,"parent":2373,"menu_order":0,"comment_status":"closed","ping_status":"closed","template":"","meta":{"_acf_changed":false,"_uag_custom_page_level_css":"","_kadence_starter_templates_imported_post":false,"_kad_post_transparent":"","_kad_post_title":"","_kad_post_layout":"","_kad_post_sidebar_id":"","_kad_post_content_style":"","_kad_post_vertical_padding":"","_kad_post_feature":"","_kad_post_feature_position":"","_kad_post_header":false,"_kad_post_footer":false,"footnotes":""},"class_list":["post-3141","page","type-page","status-publish","has-post-thumbnail","hentry"],"acf":[],"yoast_head":"<!-- This site is optimized with the Yoast SEO plugin v26.4 - https:\/\/yoast.com\/wordpress\/plugins\/seo\/ -->\n<title>Metylsulfonylmetan (MSM) - Santa Monica<\/title>\n<meta name=\"robots\" content=\"index, follow, max-snippet:-1, max-image-preview:large, max-video-preview:-1\" \/>\n<link rel=\"canonical\" href=\"https:\/\/santamonica.lv\/sv\/for-halsan\/metylsulfonylmetan-msm\/\" \/>\n<meta property=\"og:locale\" content=\"sv_SE\" \/>\n<meta property=\"og:type\" content=\"article\" \/>\n<meta property=\"og:title\" content=\"Metylsulfonylmetan (MSM) - Santa Monica\" \/>\n<meta property=\"og:description\" content=\"Metylsulfanometan \u00e4r en naturlig organisk svavelhaltig f\u00f6rening som ofta anv\u00e4nds inom komplement\u00e4r och alternativ medicin. Det bildas naturligt i m\u00e4nniskokroppen, men det finns ocks\u00e5 i sm\u00e5 m\u00e4ngder i djurceller och i vissa representanter f\u00f6r v\u00e4xtriket. MSM har en relativt snabb sm\u00e4rtstillande effekt utan biverkningar och dess effektivitet kan observeras under relativt l\u00e5ng tid. Effekter av...\" \/>\n<meta property=\"og:url\" content=\"https:\/\/santamonica.lv\/sv\/for-halsan\/metylsulfonylmetan-msm\/\" \/>\n<meta property=\"og:site_name\" content=\"Santa Monica\" \/>\n<meta property=\"article:publisher\" content=\"https:\/\/www.facebook.com\/klinikasantamonica\" \/>\n<meta property=\"article:modified_time\" content=\"2025-03-05T20:44:56+00:00\" \/>\n<meta property=\"og:image\" content=\"https:\/\/santamonica.lv\/wp-content\/uploads\/2024\/01\/MSM.jpg\" \/>\n\t<meta property=\"og:image:width\" content=\"1260\" \/>\n\t<meta property=\"og:image:height\" content=\"790\" \/>\n\t<meta property=\"og:image:type\" content=\"image\/jpeg\" \/>\n<meta name=\"twitter:card\" content=\"summary_large_image\" \/>\n<meta name=\"twitter:label1\" content=\"Est. reading time\" \/>\n\t<meta name=\"twitter:data1\" content=\"1 minut\" \/>\n<script type=\"application\/ld+json\" class=\"yoast-schema-graph\">{\"@context\":\"https:\/\/schema.org\",\"@graph\":[{\"@type\":\"WebPage\",\"@id\":\"https:\/\/santamonica.lv\/sv\/for-halsan\/metylsulfonylmetan-msm\/\",\"url\":\"https:\/\/santamonica.lv\/sv\/for-halsan\/metylsulfonylmetan-msm\/\",\"name\":\"Metylsulfonylmetan (MSM) - Santa Monica\",\"isPartOf\":{\"@id\":\"https:\/\/santamonica.lv\/sv\/#website\"},\"primaryImageOfPage\":{\"@id\":\"https:\/\/santamonica.lv\/sv\/for-halsan\/metylsulfonylmetan-msm\/#primaryimage\"},\"image\":{\"@id\":\"https:\/\/santamonica.lv\/sv\/for-halsan\/metylsulfonylmetan-msm\/#primaryimage\"},\"thumbnailUrl\":\"https:\/\/santamonica.lv\/wp-content\/uploads\/2024\/01\/MSM.jpg\",\"datePublished\":\"2025-03-01T21:09:26+00:00\",\"dateModified\":\"2025-03-05T20:44:56+00:00\",\"breadcrumb\":{\"@id\":\"https:\/\/santamonica.lv\/sv\/for-halsan\/metylsulfonylmetan-msm\/#breadcrumb\"},\"inLanguage\":\"sv-SE\",\"potentialAction\":[{\"@type\":\"ReadAction\",\"target\":[\"https:\/\/santamonica.lv\/sv\/for-halsan\/metylsulfonylmetan-msm\/\"]}]},{\"@type\":\"ImageObject\",\"inLanguage\":\"sv-SE\",\"@id\":\"https:\/\/santamonica.lv\/sv\/for-halsan\/metylsulfonylmetan-msm\/#primaryimage\",\"url\":\"https:\/\/santamonica.lv\/wp-content\/uploads\/2024\/01\/MSM.jpg\",\"contentUrl\":\"https:\/\/santamonica.lv\/wp-content\/uploads\/2024\/01\/MSM.jpg\",\"width\":1260,\"height\":790},{\"@type\":\"BreadcrumbList\",\"@id\":\"https:\/\/santamonica.lv\/sv\/for-halsan\/metylsulfonylmetan-msm\/#breadcrumb\",\"itemListElement\":[{\"@type\":\"ListItem\",\"position\":1,\"name\":\"Home\",\"item\":\"https:\/\/santamonica.lv\/sv\/borjan\/\"},{\"@type\":\"ListItem\",\"position\":2,\"name\":\"F\u00f6r h\u00e4lsan\",\"item\":\"https:\/\/santamonica.lv\/sv\/for-halsan\/\"},{\"@type\":\"ListItem\",\"position\":3,\"name\":\"Metylsulfonylmetan (MSM)\"}]},{\"@type\":\"WebSite\",\"@id\":\"https:\/\/santamonica.lv\/sv\/#website\",\"url\":\"https:\/\/santamonica.lv\/sv\/\",\"name\":\"Santa Monica\",\"description\":\"\",\"potentialAction\":[{\"@type\":\"SearchAction\",\"target\":{\"@type\":\"EntryPoint\",\"urlTemplate\":\"https:\/\/santamonica.lv\/sv\/?s={search_term_string}\"},\"query-input\":{\"@type\":\"PropertyValueSpecification\",\"valueRequired\":true,\"valueName\":\"search_term_string\"}}],\"inLanguage\":\"sv-SE\"}]}<\/script>\n<!-- \/ Yoast SEO plugin. -->","yoast_head_json":{"title":"Metylsulfonylmetan (MSM) - Santa Monica","robots":{"index":"index","follow":"follow","max-snippet":"max-snippet:-1","max-image-preview":"max-image-preview:large","max-video-preview":"max-video-preview:-1"},"canonical":"https:\/\/santamonica.lv\/sv\/for-halsan\/metylsulfonylmetan-msm\/","og_locale":"sv_SE","og_type":"article","og_title":"Metylsulfonylmetan (MSM) - Santa Monica","og_description":"Metylsulfanometan \u00e4r en naturlig organisk svavelhaltig f\u00f6rening som ofta anv\u00e4nds inom komplement\u00e4r och alternativ medicin. Det bildas naturligt i m\u00e4nniskokroppen, men det finns ocks\u00e5 i sm\u00e5 m\u00e4ngder i djurceller och i vissa representanter f\u00f6r v\u00e4xtriket. MSM har en relativt snabb sm\u00e4rtstillande effekt utan biverkningar och dess effektivitet kan observeras under relativt l\u00e5ng tid. Effekter av...","og_url":"https:\/\/santamonica.lv\/sv\/for-halsan\/metylsulfonylmetan-msm\/","og_site_name":"Santa Monica","article_publisher":"https:\/\/www.facebook.com\/klinikasantamonica","article_modified_time":"2025-03-05T20:44:56+00:00","og_image":[{"width":1260,"height":790,"url":"https:\/\/santamonica.lv\/wp-content\/uploads\/2024\/01\/MSM.jpg","type":"image\/jpeg"}],"twitter_card":"summary_large_image","twitter_misc":{"Est. reading time":"1 minut"},"schema":{"@context":"https:\/\/schema.org","@graph":[{"@type":"WebPage","@id":"https:\/\/santamonica.lv\/sv\/for-halsan\/metylsulfonylmetan-msm\/","url":"https:\/\/santamonica.lv\/sv\/for-halsan\/metylsulfonylmetan-msm\/","name":"Metylsulfonylmetan (MSM) - Santa Monica","isPartOf":{"@id":"https:\/\/santamonica.lv\/sv\/#website"},"primaryImageOfPage":{"@id":"https:\/\/santamonica.lv\/sv\/for-halsan\/metylsulfonylmetan-msm\/#primaryimage"},"image":{"@id":"https:\/\/santamonica.lv\/sv\/for-halsan\/metylsulfonylmetan-msm\/#primaryimage"},"thumbnailUrl":"https:\/\/santamonica.lv\/wp-content\/uploads\/2024\/01\/MSM.jpg","datePublished":"2025-03-01T21:09:26+00:00","dateModified":"2025-03-05T20:44:56+00:00","breadcrumb":{"@id":"https:\/\/santamonica.lv\/sv\/for-halsan\/metylsulfonylmetan-msm\/#breadcrumb"},"inLanguage":"sv-SE","potentialAction":[{"@type":"ReadAction","target":["https:\/\/santamonica.lv\/sv\/for-halsan\/metylsulfonylmetan-msm\/"]}]},{"@type":"ImageObject","inLanguage":"sv-SE","@id":"https:\/\/santamonica.lv\/sv\/for-halsan\/metylsulfonylmetan-msm\/#primaryimage","url":"https:\/\/santamonica.lv\/wp-content\/uploads\/2024\/01\/MSM.jpg","contentUrl":"https:\/\/santamonica.lv\/wp-content\/uploads\/2024\/01\/MSM.jpg","width":1260,"height":790},{"@type":"BreadcrumbList","@id":"https:\/\/santamonica.lv\/sv\/for-halsan\/metylsulfonylmetan-msm\/#breadcrumb","itemListElement":[{"@type":"ListItem","position":1,"name":"Home","item":"https:\/\/santamonica.lv\/sv\/borjan\/"},{"@type":"ListItem","position":2,"name":"F\u00f6r h\u00e4lsan","item":"https:\/\/santamonica.lv\/sv\/for-halsan\/"},{"@type":"ListItem","position":3,"name":"Metylsulfonylmetan (MSM)"}]},{"@type":"WebSite","@id":"https:\/\/santamonica.lv\/sv\/#website","url":"https:\/\/santamonica.lv\/sv\/","name":"Santa Monica","description":"","potentialAction":[{"@type":"SearchAction","target":{"@type":"EntryPoint","urlTemplate":"https:\/\/santamonica.lv\/sv\/?s={search_term_string}"},"query-input":{"@type":"PropertyValueSpecification","valueRequired":true,"valueName":"search_term_string"}}],"inLanguage":"sv-SE"}]}},"uagb_featured_image_src":{"full":["https:\/\/santamonica.lv\/wp-content\/uploads\/2024\/01\/MSM.jpg",1260,790,false],"thumbnail":["https:\/\/santamonica.lv\/wp-content\/uploads\/2024\/01\/MSM-150x150.jpg",150,150,true],"medium":["https:\/\/santamonica.lv\/wp-content\/uploads\/2024\/01\/MSM-300x188.jpg",300,188,true],"medium_large":["https:\/\/santamonica.lv\/wp-content\/uploads\/2024\/01\/MSM-768x482.jpg",768,482,true],"large":["https:\/\/santamonica.lv\/wp-content\/uploads\/2024\/01\/MSM-1024x642.jpg",1024,642,true],"1536x1536":["https:\/\/santamonica.lv\/wp-content\/uploads\/2024\/01\/MSM.jpg",1260,790,false],"2048x2048":["https:\/\/santamonica.lv\/wp-content\/uploads\/2024\/01\/MSM.jpg",1260,790,false],"woocommerce_thumbnail":["https:\/\/santamonica.lv\/wp-content\/uploads\/2024\/01\/MSM-300x300.jpg",300,300,true],"woocommerce_single":["https:\/\/santamonica.lv\/wp-content\/uploads\/2024\/01\/MSM-600x376.jpg",600,376,true],"woocommerce_gallery_thumbnail":["https:\/\/santamonica.lv\/wp-content\/uploads\/2024\/01\/MSM-100x100.jpg",100,100,true]},"uagb_author_info":{"display_name":"Aigars","author_link":"https:\/\/santamonica.lv\/sv\/author\/aigars\/"},"uagb_comment_info":0,"uagb_excerpt":"Metylsulfanometan \u00e4r en naturlig organisk svavelhaltig f\u00f6rening som ofta anv\u00e4nds inom komplement\u00e4r och alternativ medicin. Det bildas naturligt i m\u00e4nniskokroppen, men det finns ocks\u00e5 i sm\u00e5 m\u00e4ngder i djurceller och i vissa representanter f\u00f6r v\u00e4xtriket. MSM har en relativt snabb sm\u00e4rtstillande effekt utan biverkningar och dess effektivitet kan observeras under relativt l\u00e5ng tid. Effekter av...","_links":{"self":[{"href":"https:\/\/santamonica.lv\/sv\/wp-json\/wp\/v2\/pages\/3141","targetHints":{"allow":["GET"]}}],"collection":[{"href":"https:\/\/santamonica.lv\/sv\/wp-json\/wp\/v2\/pages"}],"about":[{"href":"https:\/\/santamonica.lv\/sv\/wp-json\/wp\/v2\/types\/page"}],"author":[{"embeddable":true,"href":"https:\/\/santamonica.lv\/sv\/wp-json\/wp\/v2\/users\/3"}],"replies":[{"embeddable":true,"href":"https:\/\/santamonica.lv\/sv\/wp-json\/wp\/v2\/comments?post=3141"}],"version-history":[{"count":1,"href":"https:\/\/santamonica.lv\/sv\/wp-json\/wp\/v2\/pages\/3141\/revisions"}],"predecessor-version":[{"id":3142,"href":"https:\/\/santamonica.lv\/sv\/wp-json\/wp\/v2\/pages\/3141\/revisions\/3142"}],"up":[{"embeddable":true,"href":"https:\/\/santamonica.lv\/sv\/wp-json\/wp\/v2\/pages\/2373"}],"wp:featuredmedia":[{"embeddable":true,"href":"https:\/\/santamonica.lv\/sv\/wp-json\/wp\/v2\/media\/2650"}],"wp:attachment":[{"href":"https:\/\/santamonica.lv\/sv\/wp-json\/wp\/v2\/media?parent=3141"}],"curies":[{"name":"wp","href":"https:\/\/api.w.org\/{rel}","templated":true}]}}