{"id":3143,"date":"2025-03-01T23:24:12","date_gmt":"2025-03-01T21:24:12","guid":{"rendered":"https:\/\/santamonica.lv\/?page_id=3143"},"modified":"2025-03-05T22:44:32","modified_gmt":"2025-03-05T20:44:32","slug":"curcumin","status":"publish","type":"page","link":"https:\/\/santamonica.lv\/sv\/for-halsan\/curcumin\/","title":{"rendered":"Curcumin"},"content":{"rendered":"\n<div class=\"wp-block-columns is-layout-flex wp-container-core-columns-is-layout-9d6595d7 wp-block-columns-is-layout-flex\">\n<div class=\"wp-block-column is-layout-flow wp-block-column-is-layout-flow\" style=\"flex-basis:33.33%\">\n<figure class=\"wp-block-image size-full\"><img loading=\"lazy\" decoding=\"async\" width=\"612\" height=\"408\" src=\"https:\/\/santamonica.lv\/wp-content\/uploads\/2024\/01\/kurkumins.jpg\" alt=\"\" class=\"wp-image-1051\" srcset=\"https:\/\/santamonica.lv\/wp-content\/uploads\/2024\/01\/kurkumins.jpg 612w, https:\/\/santamonica.lv\/wp-content\/uploads\/2024\/01\/kurkumins-300x200.jpg 300w, https:\/\/santamonica.lv\/wp-content\/uploads\/2024\/01\/kurkumins-600x400.jpg 600w\" sizes=\"auto, (max-width: 612px) 100vw, 612px\" \/><\/figure>\n<\/div>\n\n\n\n<div class=\"wp-block-column is-layout-flow wp-block-column-is-layout-flow\" style=\"flex-basis:66.66%\">\n<p>Curcumin \u00e4r en kraftfull antioxidant. Curcumin har anv\u00e4nts i traditionell indisk medicin i flera \u00e5rtusenden. \u00c4ven om det i v\u00e5rt land \u00e4r mer k\u00e4nt som en krydda, b\u00f6r det noteras att \u00e4mnet har m\u00e5nga medicinska egenskaper. Curcumin inneh\u00e5ller flera curcumoider \u2013 desmethoxycurcumin och bisdesmethoxycurcumin, som ger denna krydda dess karakteristiska intensiva gula f\u00e4rg.<\/p>\n<\/div>\n<\/div>\n\n\n\n<p>I Asiatiska l\u00e4nder har gurkmeja anv\u00e4nts sedan urminnes tider inte bara i matlagning, utan \u00e4ven dess l\u00e4kande egenskaper anv\u00e4nds f\u00f6r att behandla s\u00e5r och hudsjukdomar, inklusive hudproblem som inflammation och olika typer av utslag.<\/p>\n\n\n\n<p>Inom medicin, sedan 1949, har olika studier utf\u00f6rts p\u00e5 anv\u00e4ndningen av curcumin, som bekr\u00e4ftar att det inneh\u00e5ller olika biologiskt aktiva \u00e4mnen som har antibakteriell aktivitet. Dessa studier publicerades ocks\u00e5 i flera presspublikationer. Dessa publikationer f\u00f6ranledde ytterligare forskning som visade att gurkmeja har betydande antiinflammatoriska egenskaper.<\/p>\n\n\n\n<p>M\u00e5nga studier utf\u00f6rda med djur- och m\u00e4nskliga v\u00e4vnadskulturer bekr\u00e4ftar att curcumin kan verka p\u00e5 den inflammatoriska processen i kroppen, inte bara genom att undertrycka den, utan ocks\u00e5 fr\u00e4mjar aktiveringen av antiinflammatoriska faktorer. Av denna anledning anv\u00e4nds gurkmeja i stor utstr\u00e4ckning vid behandling av kroniska inflammatoriska sjukdomar av olika uppkomst \u2013 Alzheimers sjukdom, allergier, hj\u00e4rt-k\u00e4rlsjukdomar och till och med cancer. Idag genomf\u00f6rs mer \u00e4n 40 olika studier i USA f\u00f6r att f\u00e5 resultat om gurkmejas effektivitet vid behandling av olika sjukdomar.<\/p>\n\n\n\n<p>Curcumin \u00e4r k\u00e4nt som ett \u00e4mne som praktiskt taget inte har n\u00e5gra o\u00f6nskade biverkningar, de flesta t\u00e5l det bra, \u00e4ven n\u00e4r den dagliga dosen n\u00e5r 10 gram eller mer.<\/p>\n\n\n\n<p>Tyv\u00e4rr h\u00e4mmas appliceringen av curcumin n\u00e5got externt av dess karakteristiska ljusgula f\u00e4rg, som l\u00e4mnar f\u00e4rgade fl\u00e4ckar p\u00e5 hud och kl\u00e4der. En annan viktig sak som b\u00f6r noteras \u00e4r dess d\u00e5liga absorption i kroppen genom mag-tarmkanalen. F\u00f6ljaktligen h\u00e4mmas leveransen av denna substans till m\u00e5lorganen. Produkterna som utvecklats av detta l\u00e4kemedelsf\u00f6retag \u00e4r dock beredda p\u00e5 ett s\u00e5dant s\u00e4tt att de eliminerar de ovann\u00e4mnda nackdelarna och uppn\u00e5r maximal effekt av curcumin.<\/p>\n","protected":false},"excerpt":{"rendered":"<p>Curcumin \u00e4r en kraftfull antioxidant. Curcumin har anv\u00e4nts i traditionell indisk medicin i flera \u00e5rtusenden. \u00c4ven om det i v\u00e5rt land \u00e4r mer k\u00e4nt som en krydda, b\u00f6r det noteras att \u00e4mnet har m\u00e5nga medicinska egenskaper. Curcumin inneh\u00e5ller flera curcumoider \u2013 desmethoxycurcumin och bisdesmethoxycurcumin, som ger denna krydda dess karakteristiska intensiva gula f\u00e4rg. I Asiatiska&#8230;<\/p>\n","protected":false},"author":3,"featured_media":2662,"parent":2373,"menu_order":0,"comment_status":"closed","ping_status":"closed","template":"","meta":{"_acf_changed":false,"_uag_custom_page_level_css":"","_kadence_starter_templates_imported_post":false,"_kad_post_transparent":"","_kad_post_title":"","_kad_post_layout":"","_kad_post_sidebar_id":"","_kad_post_content_style":"","_kad_post_vertical_padding":"","_kad_post_feature":"","_kad_post_feature_position":"","_kad_post_header":false,"_kad_post_footer":false,"footnotes":""},"class_list":["post-3143","page","type-page","status-publish","has-post-thumbnail","hentry"],"acf":[],"yoast_head":"<!-- This site is optimized with the Yoast SEO plugin v26.4 - https:\/\/yoast.com\/wordpress\/plugins\/seo\/ -->\n<title>Curcumin - Santa Monica<\/title>\n<meta name=\"robots\" content=\"index, follow, max-snippet:-1, max-image-preview:large, max-video-preview:-1\" \/>\n<link rel=\"canonical\" href=\"https:\/\/santamonica.lv\/sv\/for-halsan\/curcumin\/\" \/>\n<meta property=\"og:locale\" content=\"sv_SE\" \/>\n<meta property=\"og:type\" content=\"article\" \/>\n<meta property=\"og:title\" content=\"Curcumin - Santa Monica\" \/>\n<meta property=\"og:description\" content=\"Curcumin \u00e4r en kraftfull antioxidant. Curcumin har anv\u00e4nts i traditionell indisk medicin i flera \u00e5rtusenden. \u00c4ven om det i v\u00e5rt land \u00e4r mer k\u00e4nt som en krydda, b\u00f6r det noteras att \u00e4mnet har m\u00e5nga medicinska egenskaper. Curcumin inneh\u00e5ller flera curcumoider \u2013 desmethoxycurcumin och bisdesmethoxycurcumin, som ger denna krydda dess karakteristiska intensiva gula f\u00e4rg. I Asiatiska...\" \/>\n<meta property=\"og:url\" content=\"https:\/\/santamonica.lv\/sv\/for-halsan\/curcumin\/\" \/>\n<meta property=\"og:site_name\" content=\"Santa Monica\" \/>\n<meta property=\"article:publisher\" content=\"https:\/\/www.facebook.com\/klinikasantamonica\" \/>\n<meta property=\"article:modified_time\" content=\"2025-03-05T20:44:32+00:00\" \/>\n<meta property=\"og:image\" content=\"https:\/\/santamonica.lv\/wp-content\/uploads\/2024\/01\/kurkumins.jpg\" \/>\n\t<meta property=\"og:image:width\" content=\"612\" \/>\n\t<meta property=\"og:image:height\" content=\"408\" \/>\n\t<meta property=\"og:image:type\" content=\"image\/jpeg\" \/>\n<meta name=\"twitter:card\" content=\"summary_large_image\" \/>\n<meta name=\"twitter:label1\" content=\"Est. reading time\" \/>\n\t<meta name=\"twitter:data1\" content=\"2 minuter\" \/>\n<script type=\"application\/ld+json\" class=\"yoast-schema-graph\">{\"@context\":\"https:\/\/schema.org\",\"@graph\":[{\"@type\":\"WebPage\",\"@id\":\"https:\/\/santamonica.lv\/sv\/for-halsan\/curcumin\/\",\"url\":\"https:\/\/santamonica.lv\/sv\/for-halsan\/curcumin\/\",\"name\":\"Curcumin - Santa Monica\",\"isPartOf\":{\"@id\":\"https:\/\/santamonica.lv\/sv\/#website\"},\"primaryImageOfPage\":{\"@id\":\"https:\/\/santamonica.lv\/sv\/for-halsan\/curcumin\/#primaryimage\"},\"image\":{\"@id\":\"https:\/\/santamonica.lv\/sv\/for-halsan\/curcumin\/#primaryimage\"},\"thumbnailUrl\":\"https:\/\/santamonica.lv\/wp-content\/uploads\/2024\/01\/kurkumins.jpg\",\"datePublished\":\"2025-03-01T21:24:12+00:00\",\"dateModified\":\"2025-03-05T20:44:32+00:00\",\"breadcrumb\":{\"@id\":\"https:\/\/santamonica.lv\/sv\/for-halsan\/curcumin\/#breadcrumb\"},\"inLanguage\":\"sv-SE\",\"potentialAction\":[{\"@type\":\"ReadAction\",\"target\":[\"https:\/\/santamonica.lv\/sv\/for-halsan\/curcumin\/\"]}]},{\"@type\":\"ImageObject\",\"inLanguage\":\"sv-SE\",\"@id\":\"https:\/\/santamonica.lv\/sv\/for-halsan\/curcumin\/#primaryimage\",\"url\":\"https:\/\/santamonica.lv\/wp-content\/uploads\/2024\/01\/kurkumins.jpg\",\"contentUrl\":\"https:\/\/santamonica.lv\/wp-content\/uploads\/2024\/01\/kurkumins.jpg\",\"width\":612,\"height\":408},{\"@type\":\"BreadcrumbList\",\"@id\":\"https:\/\/santamonica.lv\/sv\/for-halsan\/curcumin\/#breadcrumb\",\"itemListElement\":[{\"@type\":\"ListItem\",\"position\":1,\"name\":\"Home\",\"item\":\"https:\/\/santamonica.lv\/sv\/borjan\/\"},{\"@type\":\"ListItem\",\"position\":2,\"name\":\"F\u00f6r h\u00e4lsan\",\"item\":\"https:\/\/santamonica.lv\/sv\/for-halsan\/\"},{\"@type\":\"ListItem\",\"position\":3,\"name\":\"Curcumin\"}]},{\"@type\":\"WebSite\",\"@id\":\"https:\/\/santamonica.lv\/sv\/#website\",\"url\":\"https:\/\/santamonica.lv\/sv\/\",\"name\":\"Santa Monica\",\"description\":\"\",\"potentialAction\":[{\"@type\":\"SearchAction\",\"target\":{\"@type\":\"EntryPoint\",\"urlTemplate\":\"https:\/\/santamonica.lv\/sv\/?s={search_term_string}\"},\"query-input\":{\"@type\":\"PropertyValueSpecification\",\"valueRequired\":true,\"valueName\":\"search_term_string\"}}],\"inLanguage\":\"sv-SE\"}]}<\/script>\n<!-- \/ Yoast SEO plugin. -->","yoast_head_json":{"title":"Curcumin - Santa Monica","robots":{"index":"index","follow":"follow","max-snippet":"max-snippet:-1","max-image-preview":"max-image-preview:large","max-video-preview":"max-video-preview:-1"},"canonical":"https:\/\/santamonica.lv\/sv\/for-halsan\/curcumin\/","og_locale":"sv_SE","og_type":"article","og_title":"Curcumin - Santa Monica","og_description":"Curcumin \u00e4r en kraftfull antioxidant. Curcumin har anv\u00e4nts i traditionell indisk medicin i flera \u00e5rtusenden. \u00c4ven om det i v\u00e5rt land \u00e4r mer k\u00e4nt som en krydda, b\u00f6r det noteras att \u00e4mnet har m\u00e5nga medicinska egenskaper. Curcumin inneh\u00e5ller flera curcumoider \u2013 desmethoxycurcumin och bisdesmethoxycurcumin, som ger denna krydda dess karakteristiska intensiva gula f\u00e4rg. I Asiatiska...","og_url":"https:\/\/santamonica.lv\/sv\/for-halsan\/curcumin\/","og_site_name":"Santa Monica","article_publisher":"https:\/\/www.facebook.com\/klinikasantamonica","article_modified_time":"2025-03-05T20:44:32+00:00","og_image":[{"width":612,"height":408,"url":"https:\/\/santamonica.lv\/wp-content\/uploads\/2024\/01\/kurkumins.jpg","type":"image\/jpeg"}],"twitter_card":"summary_large_image","twitter_misc":{"Est. reading time":"2 minuter"},"schema":{"@context":"https:\/\/schema.org","@graph":[{"@type":"WebPage","@id":"https:\/\/santamonica.lv\/sv\/for-halsan\/curcumin\/","url":"https:\/\/santamonica.lv\/sv\/for-halsan\/curcumin\/","name":"Curcumin - Santa Monica","isPartOf":{"@id":"https:\/\/santamonica.lv\/sv\/#website"},"primaryImageOfPage":{"@id":"https:\/\/santamonica.lv\/sv\/for-halsan\/curcumin\/#primaryimage"},"image":{"@id":"https:\/\/santamonica.lv\/sv\/for-halsan\/curcumin\/#primaryimage"},"thumbnailUrl":"https:\/\/santamonica.lv\/wp-content\/uploads\/2024\/01\/kurkumins.jpg","datePublished":"2025-03-01T21:24:12+00:00","dateModified":"2025-03-05T20:44:32+00:00","breadcrumb":{"@id":"https:\/\/santamonica.lv\/sv\/for-halsan\/curcumin\/#breadcrumb"},"inLanguage":"sv-SE","potentialAction":[{"@type":"ReadAction","target":["https:\/\/santamonica.lv\/sv\/for-halsan\/curcumin\/"]}]},{"@type":"ImageObject","inLanguage":"sv-SE","@id":"https:\/\/santamonica.lv\/sv\/for-halsan\/curcumin\/#primaryimage","url":"https:\/\/santamonica.lv\/wp-content\/uploads\/2024\/01\/kurkumins.jpg","contentUrl":"https:\/\/santamonica.lv\/wp-content\/uploads\/2024\/01\/kurkumins.jpg","width":612,"height":408},{"@type":"BreadcrumbList","@id":"https:\/\/santamonica.lv\/sv\/for-halsan\/curcumin\/#breadcrumb","itemListElement":[{"@type":"ListItem","position":1,"name":"Home","item":"https:\/\/santamonica.lv\/sv\/borjan\/"},{"@type":"ListItem","position":2,"name":"F\u00f6r h\u00e4lsan","item":"https:\/\/santamonica.lv\/sv\/for-halsan\/"},{"@type":"ListItem","position":3,"name":"Curcumin"}]},{"@type":"WebSite","@id":"https:\/\/santamonica.lv\/sv\/#website","url":"https:\/\/santamonica.lv\/sv\/","name":"Santa Monica","description":"","potentialAction":[{"@type":"SearchAction","target":{"@type":"EntryPoint","urlTemplate":"https:\/\/santamonica.lv\/sv\/?s={search_term_string}"},"query-input":{"@type":"PropertyValueSpecification","valueRequired":true,"valueName":"search_term_string"}}],"inLanguage":"sv-SE"}]}},"uagb_featured_image_src":{"full":["https:\/\/santamonica.lv\/wp-content\/uploads\/2024\/01\/kurkumins.jpg",612,408,false],"thumbnail":["https:\/\/santamonica.lv\/wp-content\/uploads\/2024\/01\/kurkumins-150x150.jpg",150,150,true],"medium":["https:\/\/santamonica.lv\/wp-content\/uploads\/2024\/01\/kurkumins-300x200.jpg",300,200,true],"medium_large":["https:\/\/santamonica.lv\/wp-content\/uploads\/2024\/01\/kurkumins.jpg",612,408,false],"large":["https:\/\/santamonica.lv\/wp-content\/uploads\/2024\/01\/kurkumins.jpg",612,408,false],"1536x1536":["https:\/\/santamonica.lv\/wp-content\/uploads\/2024\/01\/kurkumins.jpg",612,408,false],"2048x2048":["https:\/\/santamonica.lv\/wp-content\/uploads\/2024\/01\/kurkumins.jpg",612,408,false],"woocommerce_thumbnail":["https:\/\/santamonica.lv\/wp-content\/uploads\/2024\/01\/kurkumins-300x300.jpg",300,300,true],"woocommerce_single":["https:\/\/santamonica.lv\/wp-content\/uploads\/2024\/01\/kurkumins-600x400.jpg",600,400,true],"woocommerce_gallery_thumbnail":["https:\/\/santamonica.lv\/wp-content\/uploads\/2024\/01\/kurkumins-100x100.jpg",100,100,true]},"uagb_author_info":{"display_name":"Aigars","author_link":"https:\/\/santamonica.lv\/sv\/author\/aigars\/"},"uagb_comment_info":0,"uagb_excerpt":"Curcumin \u00e4r en kraftfull antioxidant. Curcumin har anv\u00e4nts i traditionell indisk medicin i flera \u00e5rtusenden. \u00c4ven om det i v\u00e5rt land \u00e4r mer k\u00e4nt som en krydda, b\u00f6r det noteras att \u00e4mnet har m\u00e5nga medicinska egenskaper. Curcumin inneh\u00e5ller flera curcumoider \u2013 desmethoxycurcumin och bisdesmethoxycurcumin, som ger denna krydda dess karakteristiska intensiva gula f\u00e4rg. I Asiatiska...","_links":{"self":[{"href":"https:\/\/santamonica.lv\/sv\/wp-json\/wp\/v2\/pages\/3143","targetHints":{"allow":["GET"]}}],"collection":[{"href":"https:\/\/santamonica.lv\/sv\/wp-json\/wp\/v2\/pages"}],"about":[{"href":"https:\/\/santamonica.lv\/sv\/wp-json\/wp\/v2\/types\/page"}],"author":[{"embeddable":true,"href":"https:\/\/santamonica.lv\/sv\/wp-json\/wp\/v2\/users\/3"}],"replies":[{"embeddable":true,"href":"https:\/\/santamonica.lv\/sv\/wp-json\/wp\/v2\/comments?post=3143"}],"version-history":[{"count":1,"href":"https:\/\/santamonica.lv\/sv\/wp-json\/wp\/v2\/pages\/3143\/revisions"}],"predecessor-version":[{"id":3144,"href":"https:\/\/santamonica.lv\/sv\/wp-json\/wp\/v2\/pages\/3143\/revisions\/3144"}],"up":[{"embeddable":true,"href":"https:\/\/santamonica.lv\/sv\/wp-json\/wp\/v2\/pages\/2373"}],"wp:featuredmedia":[{"embeddable":true,"href":"https:\/\/santamonica.lv\/sv\/wp-json\/wp\/v2\/media\/2662"}],"wp:attachment":[{"href":"https:\/\/santamonica.lv\/sv\/wp-json\/wp\/v2\/media?parent=3143"}],"curies":[{"name":"wp","href":"https:\/\/api.w.org\/{rel}","templated":true}]}}