{"id":3147,"date":"2025-03-01T23:44:25","date_gmt":"2025-03-01T21:44:25","guid":{"rendered":"https:\/\/santamonica.lv\/?page_id=3147"},"modified":"2025-03-05T22:44:47","modified_gmt":"2025-03-05T20:44:47","slug":"hydroxiprolin","status":"publish","type":"page","link":"https:\/\/santamonica.lv\/sv\/for-halsan\/hydroxiprolin\/","title":{"rendered":"Hydroxiprolin"},"content":{"rendered":"\n<div class=\"wp-block-columns is-layout-flex wp-container-core-columns-is-layout-9d6595d7 wp-block-columns-is-layout-flex\">\n<div class=\"wp-block-column is-layout-flow wp-block-column-is-layout-flow\" style=\"flex-basis:33.33%\">\n<figure class=\"wp-block-image size-full\"><img loading=\"lazy\" decoding=\"async\" width=\"900\" height=\"760\" src=\"https:\/\/santamonica.lv\/wp-content\/uploads\/2024\/01\/hydroxyproline.jpg\" alt=\"\" class=\"wp-image-1075\" srcset=\"https:\/\/santamonica.lv\/wp-content\/uploads\/2024\/01\/hydroxyproline.jpg 900w, https:\/\/santamonica.lv\/wp-content\/uploads\/2024\/01\/hydroxyproline-300x253.jpg 300w, https:\/\/santamonica.lv\/wp-content\/uploads\/2024\/01\/hydroxyproline-768x649.jpg 768w, https:\/\/santamonica.lv\/wp-content\/uploads\/2024\/01\/hydroxyproline-600x507.jpg 600w\" sizes=\"auto, (max-width: 900px) 100vw, 900px\" \/><\/figure>\n<\/div>\n\n\n\n<div class=\"wp-block-column is-layout-flow wp-block-column-is-layout-flow\" style=\"flex-basis:66.66%\">\n<p>Hydroxyprolin \u00e4r huvudkomponenten i alla kollagenfibrer. Tillsammans med prolin stabiliserar det kollagenstrukturen i kroppen. D\u00e4rf\u00f6r anv\u00e4nds det vid behandling av sjukdomar som k\u00e4nnetecknas av bindv\u00e4vsskador \u2013 skador p\u00e5 senor, brosk och ligament runt lederna. Det f\u00f6rb\u00e4ttrar hudens elasticitet och f\u00f6rhindrar rynkor.<\/p>\n<\/div>\n<\/div>\n\n\n\n<p><strong>Biologisk aktivitet:<\/strong><\/p>\n\n\n\n<ul class=\"wp-block-list\">\n<li>Huvudkomponenten av kollagen i muskler, ligament, brosk, ben och blodk\u00e4rlsv\u00e4ggar;<\/li>\n\n\n\n<li>Anv\u00e4nds f\u00f6r behandling av osteokondros f\u00f6r att \u00e5terst\u00e4lla ledskador;<\/li>\n\n\n\n<li>Fr\u00e4mjar l\u00e4kningsprocessen efter skador, br\u00e4nnskador och s\u00e5r;<\/li>\n\n\n\n<li>Fr\u00e4mjar l\u00e4kning av blodk\u00e4rlsv\u00e4ggar;<\/li>\n<\/ul>\n\n\n\n<p>Det anv\u00e4nds ocks\u00e5 vid behandling av deformerande artros, eftersom det fr\u00e4mjar broskregenerering.<\/p>\n\n\n\n<p>Santa Monica erbjuder hydroxiprolin som en 50 ml infusionsl\u00f6sning. F\u00f6r intraven\u00f6s injektion genom att sp\u00e4da med 0,9 % natriumkloridl\u00f6sning upp till 250 ml.<\/p>\n","protected":false},"excerpt":{"rendered":"<p>Hydroxyprolin \u00e4r huvudkomponenten i alla kollagenfibrer. Tillsammans med prolin stabiliserar det kollagenstrukturen i kroppen. D\u00e4rf\u00f6r anv\u00e4nds det vid behandling av sjukdomar som k\u00e4nnetecknas av bindv\u00e4vsskador \u2013 skador p\u00e5 senor, brosk och ligament runt lederna. Det f\u00f6rb\u00e4ttrar hudens elasticitet och f\u00f6rhindrar rynkor. Biologisk aktivitet: Det anv\u00e4nds ocks\u00e5 vid behandling av deformerande artros, eftersom det fr\u00e4mjar broskregenerering&#8230;.<\/p>\n","protected":false},"author":3,"featured_media":2615,"parent":2373,"menu_order":0,"comment_status":"closed","ping_status":"closed","template":"","meta":{"_acf_changed":false,"_uag_custom_page_level_css":"","_kadence_starter_templates_imported_post":false,"_kad_post_transparent":"","_kad_post_title":"","_kad_post_layout":"","_kad_post_sidebar_id":"","_kad_post_content_style":"","_kad_post_vertical_padding":"","_kad_post_feature":"","_kad_post_feature_position":"","_kad_post_header":false,"_kad_post_footer":false,"footnotes":""},"class_list":["post-3147","page","type-page","status-publish","has-post-thumbnail","hentry"],"acf":[],"yoast_head":"<!-- This site is optimized with the Yoast SEO plugin v26.4 - https:\/\/yoast.com\/wordpress\/plugins\/seo\/ -->\n<title>Hydroxiprolin - Santa Monica<\/title>\n<meta name=\"robots\" content=\"index, follow, max-snippet:-1, max-image-preview:large, max-video-preview:-1\" \/>\n<link rel=\"canonical\" href=\"https:\/\/santamonica.lv\/sv\/for-halsan\/hydroxiprolin\/\" \/>\n<meta property=\"og:locale\" content=\"sv_SE\" \/>\n<meta property=\"og:type\" content=\"article\" \/>\n<meta property=\"og:title\" content=\"Hydroxiprolin - Santa Monica\" \/>\n<meta property=\"og:description\" content=\"Hydroxyprolin \u00e4r huvudkomponenten i alla kollagenfibrer. Tillsammans med prolin stabiliserar det kollagenstrukturen i kroppen. D\u00e4rf\u00f6r anv\u00e4nds det vid behandling av sjukdomar som k\u00e4nnetecknas av bindv\u00e4vsskador \u2013 skador p\u00e5 senor, brosk och ligament runt lederna. Det f\u00f6rb\u00e4ttrar hudens elasticitet och f\u00f6rhindrar rynkor. Biologisk aktivitet: Det anv\u00e4nds ocks\u00e5 vid behandling av deformerande artros, eftersom det fr\u00e4mjar broskregenerering....\" \/>\n<meta property=\"og:url\" content=\"https:\/\/santamonica.lv\/sv\/for-halsan\/hydroxiprolin\/\" \/>\n<meta property=\"og:site_name\" content=\"Santa Monica\" \/>\n<meta property=\"article:publisher\" content=\"https:\/\/www.facebook.com\/klinikasantamonica\" \/>\n<meta property=\"article:modified_time\" content=\"2025-03-05T20:44:47+00:00\" \/>\n<meta property=\"og:image\" content=\"https:\/\/santamonica.lv\/wp-content\/uploads\/2024\/01\/hydroxyproline.jpg\" \/>\n\t<meta property=\"og:image:width\" content=\"900\" \/>\n\t<meta property=\"og:image:height\" content=\"760\" \/>\n\t<meta property=\"og:image:type\" content=\"image\/jpeg\" \/>\n<meta name=\"twitter:card\" content=\"summary_large_image\" \/>\n<meta name=\"twitter:label1\" content=\"Est. reading time\" \/>\n\t<meta name=\"twitter:data1\" content=\"1 minut\" \/>\n<script type=\"application\/ld+json\" class=\"yoast-schema-graph\">{\"@context\":\"https:\/\/schema.org\",\"@graph\":[{\"@type\":\"WebPage\",\"@id\":\"https:\/\/santamonica.lv\/sv\/for-halsan\/hydroxiprolin\/\",\"url\":\"https:\/\/santamonica.lv\/sv\/for-halsan\/hydroxiprolin\/\",\"name\":\"Hydroxiprolin - Santa Monica\",\"isPartOf\":{\"@id\":\"https:\/\/santamonica.lv\/sv\/#website\"},\"primaryImageOfPage\":{\"@id\":\"https:\/\/santamonica.lv\/sv\/for-halsan\/hydroxiprolin\/#primaryimage\"},\"image\":{\"@id\":\"https:\/\/santamonica.lv\/sv\/for-halsan\/hydroxiprolin\/#primaryimage\"},\"thumbnailUrl\":\"https:\/\/santamonica.lv\/wp-content\/uploads\/2024\/01\/hydroxyproline.jpg\",\"datePublished\":\"2025-03-01T21:44:25+00:00\",\"dateModified\":\"2025-03-05T20:44:47+00:00\",\"breadcrumb\":{\"@id\":\"https:\/\/santamonica.lv\/sv\/for-halsan\/hydroxiprolin\/#breadcrumb\"},\"inLanguage\":\"sv-SE\",\"potentialAction\":[{\"@type\":\"ReadAction\",\"target\":[\"https:\/\/santamonica.lv\/sv\/for-halsan\/hydroxiprolin\/\"]}]},{\"@type\":\"ImageObject\",\"inLanguage\":\"sv-SE\",\"@id\":\"https:\/\/santamonica.lv\/sv\/for-halsan\/hydroxiprolin\/#primaryimage\",\"url\":\"https:\/\/santamonica.lv\/wp-content\/uploads\/2024\/01\/hydroxyproline.jpg\",\"contentUrl\":\"https:\/\/santamonica.lv\/wp-content\/uploads\/2024\/01\/hydroxyproline.jpg\",\"width\":900,\"height\":760},{\"@type\":\"BreadcrumbList\",\"@id\":\"https:\/\/santamonica.lv\/sv\/for-halsan\/hydroxiprolin\/#breadcrumb\",\"itemListElement\":[{\"@type\":\"ListItem\",\"position\":1,\"name\":\"Home\",\"item\":\"https:\/\/santamonica.lv\/sv\/borjan\/\"},{\"@type\":\"ListItem\",\"position\":2,\"name\":\"F\u00f6r h\u00e4lsan\",\"item\":\"https:\/\/santamonica.lv\/sv\/for-halsan\/\"},{\"@type\":\"ListItem\",\"position\":3,\"name\":\"Hydroxiprolin\"}]},{\"@type\":\"WebSite\",\"@id\":\"https:\/\/santamonica.lv\/sv\/#website\",\"url\":\"https:\/\/santamonica.lv\/sv\/\",\"name\":\"Santa Monica\",\"description\":\"\",\"potentialAction\":[{\"@type\":\"SearchAction\",\"target\":{\"@type\":\"EntryPoint\",\"urlTemplate\":\"https:\/\/santamonica.lv\/sv\/?s={search_term_string}\"},\"query-input\":{\"@type\":\"PropertyValueSpecification\",\"valueRequired\":true,\"valueName\":\"search_term_string\"}}],\"inLanguage\":\"sv-SE\"}]}<\/script>\n<!-- \/ Yoast SEO plugin. -->","yoast_head_json":{"title":"Hydroxiprolin - Santa Monica","robots":{"index":"index","follow":"follow","max-snippet":"max-snippet:-1","max-image-preview":"max-image-preview:large","max-video-preview":"max-video-preview:-1"},"canonical":"https:\/\/santamonica.lv\/sv\/for-halsan\/hydroxiprolin\/","og_locale":"sv_SE","og_type":"article","og_title":"Hydroxiprolin - Santa Monica","og_description":"Hydroxyprolin \u00e4r huvudkomponenten i alla kollagenfibrer. Tillsammans med prolin stabiliserar det kollagenstrukturen i kroppen. D\u00e4rf\u00f6r anv\u00e4nds det vid behandling av sjukdomar som k\u00e4nnetecknas av bindv\u00e4vsskador \u2013 skador p\u00e5 senor, brosk och ligament runt lederna. Det f\u00f6rb\u00e4ttrar hudens elasticitet och f\u00f6rhindrar rynkor. Biologisk aktivitet: Det anv\u00e4nds ocks\u00e5 vid behandling av deformerande artros, eftersom det fr\u00e4mjar broskregenerering....","og_url":"https:\/\/santamonica.lv\/sv\/for-halsan\/hydroxiprolin\/","og_site_name":"Santa Monica","article_publisher":"https:\/\/www.facebook.com\/klinikasantamonica","article_modified_time":"2025-03-05T20:44:47+00:00","og_image":[{"width":900,"height":760,"url":"https:\/\/santamonica.lv\/wp-content\/uploads\/2024\/01\/hydroxyproline.jpg","type":"image\/jpeg"}],"twitter_card":"summary_large_image","twitter_misc":{"Est. reading time":"1 minut"},"schema":{"@context":"https:\/\/schema.org","@graph":[{"@type":"WebPage","@id":"https:\/\/santamonica.lv\/sv\/for-halsan\/hydroxiprolin\/","url":"https:\/\/santamonica.lv\/sv\/for-halsan\/hydroxiprolin\/","name":"Hydroxiprolin - Santa Monica","isPartOf":{"@id":"https:\/\/santamonica.lv\/sv\/#website"},"primaryImageOfPage":{"@id":"https:\/\/santamonica.lv\/sv\/for-halsan\/hydroxiprolin\/#primaryimage"},"image":{"@id":"https:\/\/santamonica.lv\/sv\/for-halsan\/hydroxiprolin\/#primaryimage"},"thumbnailUrl":"https:\/\/santamonica.lv\/wp-content\/uploads\/2024\/01\/hydroxyproline.jpg","datePublished":"2025-03-01T21:44:25+00:00","dateModified":"2025-03-05T20:44:47+00:00","breadcrumb":{"@id":"https:\/\/santamonica.lv\/sv\/for-halsan\/hydroxiprolin\/#breadcrumb"},"inLanguage":"sv-SE","potentialAction":[{"@type":"ReadAction","target":["https:\/\/santamonica.lv\/sv\/for-halsan\/hydroxiprolin\/"]}]},{"@type":"ImageObject","inLanguage":"sv-SE","@id":"https:\/\/santamonica.lv\/sv\/for-halsan\/hydroxiprolin\/#primaryimage","url":"https:\/\/santamonica.lv\/wp-content\/uploads\/2024\/01\/hydroxyproline.jpg","contentUrl":"https:\/\/santamonica.lv\/wp-content\/uploads\/2024\/01\/hydroxyproline.jpg","width":900,"height":760},{"@type":"BreadcrumbList","@id":"https:\/\/santamonica.lv\/sv\/for-halsan\/hydroxiprolin\/#breadcrumb","itemListElement":[{"@type":"ListItem","position":1,"name":"Home","item":"https:\/\/santamonica.lv\/sv\/borjan\/"},{"@type":"ListItem","position":2,"name":"F\u00f6r h\u00e4lsan","item":"https:\/\/santamonica.lv\/sv\/for-halsan\/"},{"@type":"ListItem","position":3,"name":"Hydroxiprolin"}]},{"@type":"WebSite","@id":"https:\/\/santamonica.lv\/sv\/#website","url":"https:\/\/santamonica.lv\/sv\/","name":"Santa Monica","description":"","potentialAction":[{"@type":"SearchAction","target":{"@type":"EntryPoint","urlTemplate":"https:\/\/santamonica.lv\/sv\/?s={search_term_string}"},"query-input":{"@type":"PropertyValueSpecification","valueRequired":true,"valueName":"search_term_string"}}],"inLanguage":"sv-SE"}]}},"uagb_featured_image_src":{"full":["https:\/\/santamonica.lv\/wp-content\/uploads\/2024\/01\/hydroxyproline.jpg",900,760,false],"thumbnail":["https:\/\/santamonica.lv\/wp-content\/uploads\/2024\/01\/hydroxyproline-150x150.jpg",150,150,true],"medium":["https:\/\/santamonica.lv\/wp-content\/uploads\/2024\/01\/hydroxyproline-300x253.jpg",300,253,true],"medium_large":["https:\/\/santamonica.lv\/wp-content\/uploads\/2024\/01\/hydroxyproline-768x649.jpg",768,649,true],"large":["https:\/\/santamonica.lv\/wp-content\/uploads\/2024\/01\/hydroxyproline.jpg",900,760,false],"1536x1536":["https:\/\/santamonica.lv\/wp-content\/uploads\/2024\/01\/hydroxyproline.jpg",900,760,false],"2048x2048":["https:\/\/santamonica.lv\/wp-content\/uploads\/2024\/01\/hydroxyproline.jpg",900,760,false],"woocommerce_thumbnail":["https:\/\/santamonica.lv\/wp-content\/uploads\/2024\/01\/hydroxyproline-300x300.jpg",300,300,true],"woocommerce_single":["https:\/\/santamonica.lv\/wp-content\/uploads\/2024\/01\/hydroxyproline-600x507.jpg",600,507,true],"woocommerce_gallery_thumbnail":["https:\/\/santamonica.lv\/wp-content\/uploads\/2024\/01\/hydroxyproline-100x100.jpg",100,100,true]},"uagb_author_info":{"display_name":"Aigars","author_link":"https:\/\/santamonica.lv\/sv\/author\/aigars\/"},"uagb_comment_info":0,"uagb_excerpt":"Hydroxyprolin \u00e4r huvudkomponenten i alla kollagenfibrer. Tillsammans med prolin stabiliserar det kollagenstrukturen i kroppen. D\u00e4rf\u00f6r anv\u00e4nds det vid behandling av sjukdomar som k\u00e4nnetecknas av bindv\u00e4vsskador \u2013 skador p\u00e5 senor, brosk och ligament runt lederna. Det f\u00f6rb\u00e4ttrar hudens elasticitet och f\u00f6rhindrar rynkor. Biologisk aktivitet: Det anv\u00e4nds ocks\u00e5 vid behandling av deformerande artros, eftersom det fr\u00e4mjar broskregenerering....","_links":{"self":[{"href":"https:\/\/santamonica.lv\/sv\/wp-json\/wp\/v2\/pages\/3147","targetHints":{"allow":["GET"]}}],"collection":[{"href":"https:\/\/santamonica.lv\/sv\/wp-json\/wp\/v2\/pages"}],"about":[{"href":"https:\/\/santamonica.lv\/sv\/wp-json\/wp\/v2\/types\/page"}],"author":[{"embeddable":true,"href":"https:\/\/santamonica.lv\/sv\/wp-json\/wp\/v2\/users\/3"}],"replies":[{"embeddable":true,"href":"https:\/\/santamonica.lv\/sv\/wp-json\/wp\/v2\/comments?post=3147"}],"version-history":[{"count":1,"href":"https:\/\/santamonica.lv\/sv\/wp-json\/wp\/v2\/pages\/3147\/revisions"}],"predecessor-version":[{"id":3148,"href":"https:\/\/santamonica.lv\/sv\/wp-json\/wp\/v2\/pages\/3147\/revisions\/3148"}],"up":[{"embeddable":true,"href":"https:\/\/santamonica.lv\/sv\/wp-json\/wp\/v2\/pages\/2373"}],"wp:featuredmedia":[{"embeddable":true,"href":"https:\/\/santamonica.lv\/sv\/wp-json\/wp\/v2\/media\/2615"}],"wp:attachment":[{"href":"https:\/\/santamonica.lv\/sv\/wp-json\/wp\/v2\/media?parent=3147"}],"curies":[{"name":"wp","href":"https:\/\/api.w.org\/{rel}","templated":true}]}}