{"id":3149,"date":"2025-03-01T23:50:50","date_gmt":"2025-03-01T21:50:50","guid":{"rendered":"https:\/\/santamonica.lv\/?page_id=3149"},"modified":"2025-03-05T22:44:45","modified_gmt":"2025-03-05T20:44:45","slug":"glutation","status":"publish","type":"page","link":"https:\/\/santamonica.lv\/sv\/for-halsan\/glutation\/","title":{"rendered":"Glutation"},"content":{"rendered":"\n<div class=\"wp-block-columns is-layout-flex wp-container-core-columns-is-layout-9d6595d7 wp-block-columns-is-layout-flex\">\n<div class=\"wp-block-column is-layout-flow wp-block-column-is-layout-flow\" style=\"flex-basis:33.33%\">\n<figure class=\"wp-block-image size-full\"><img loading=\"lazy\" decoding=\"async\" width=\"800\" height=\"500\" src=\"https:\/\/santamonica.lv\/wp-content\/uploads\/2024\/01\/glutathione-anti-aging.jpg\" alt=\"\" class=\"wp-image-1055\" srcset=\"https:\/\/santamonica.lv\/wp-content\/uploads\/2024\/01\/glutathione-anti-aging.jpg 800w, https:\/\/santamonica.lv\/wp-content\/uploads\/2024\/01\/glutathione-anti-aging-300x188.jpg 300w, https:\/\/santamonica.lv\/wp-content\/uploads\/2024\/01\/glutathione-anti-aging-768x480.jpg 768w, https:\/\/santamonica.lv\/wp-content\/uploads\/2024\/01\/glutathione-anti-aging-600x375.jpg 600w\" sizes=\"auto, (max-width: 800px) 100vw, 800px\" \/><\/figure>\n<\/div>\n\n\n\n<div class=\"wp-block-column is-layout-flow wp-block-column-is-layout-flow\" style=\"flex-basis:66.66%\">\n<p>Glutation \u00e4r en antioxidant som best\u00e5r av flera aminosyror: cystein, glutamin och glycin. Det finns i frukt och gr\u00f6nsaker och syntetiseras naturligt i varje levande organism.Inom integrativ onkologi anv\u00e4nds glutation f\u00f6r att fr\u00e4mja \u00e5terh\u00e4mtning efter str\u00e5lning och kemoterapi. Det kan ocks\u00e5 anv\u00e4ndas f\u00f6rebyggande f\u00f6r att \u00e5terst\u00e4lla antioxidantreserverna i kroppen, f\u00f6r att \u00e5terst\u00e4lla skadat DNA, f\u00f6r att s\u00e4kerst\u00e4lla normal cellreproduktion, f\u00f6r att reglera immunsystemets funktion, f\u00f6r att effektivt avgifta kroppen, samt f\u00f6r att minska DNA-skador.<\/p>\n<\/div>\n<\/div>\n\n\n\n<p>Glutation deltar ocks\u00e5 i normal energiproduktion p\u00e5 cellniv\u00e5, fr\u00e4mjar avgiftningsprocesser efter droganv\u00e4ndning, \u00e5terst\u00e4ller och f\u00f6rhindrar DNA-skador och neutraliserar fria syreradikaler. Involverad i normal celldelning och reglerar apoptos. I f\u00f6rebyggande syfte hj\u00e4lper glutation till att avl\u00e4gsna milj\u00f6gifter och cancerframkallande \u00e4mnen fr\u00e5n kroppen, samt fr\u00e4mjar regenereringsprocessen av nervceller.<\/p>\n\n\n\n<p>Upprepade studier p\u00e5 effektiviteten av glutation utf\u00f6rdes hos patienter med magcancer. Efter en kemoterapikur i platinagruppen ordinerades n\u00e5gra av dem glutationinjektioner eller i\/v-infusioner. Den l\u00e4kemedelsinducerade polyneuropatin, som vanligtvis ses hos patienter under den nionde veckan efter kemoterapi, observerades inte i gruppen som fick detta preparat. Dessutom hade denna grupp patienter ett l\u00e4gre behov av hemotransfusioner.<\/p>\n\n\n\n<p>Liknande studier har ocks\u00e5 genomf\u00f6rts f\u00f6r personer som fick kolorektal cancer. Toxiska polyneuropatier hittades ocks\u00e5 mycket mindre frekvent hos dem.<\/p>\n\n\n\n<p>\u00c5 andra sidan hade patienter med \u00e4ggstockscancer som fick glutationinfusioner efter kemoterapi med platinainneh\u00e5llande l\u00e4kemedel b\u00e4ttre njurfiltreringshastigheter, mindre depressiva st\u00f6rningar, kr\u00e4kningar, perifer polyneuropati, h\u00e5ravfall, andn\u00f6d och koncentrationsproblem.<\/p>\n\n\n\n<p>Glutation f\u00f6rdubblar aktiviteten hos naturliga mastceller i blodet. Detta framkom i en studie av European Journal of Nutrition.<\/p>\n\n\n\n<p>I allm\u00e4nhet tolereras parenteralt glutation v\u00e4l av patienter. Det finns motstridiga uppgifter om dess anv\u00e4ndning under str\u00e5lning och kemoterapi. Vanligtvis rekommenderas anv\u00e4ndningen av preparatet mellan behandlingskurser, s\u00e5v\u00e4l som profylaktiskt eller efter terapi, f\u00f6r att fr\u00e4mja regenereringsprocesser i kroppen.<\/p>\n\n\n\n<p>Den vanliga rekommenderade orala dosen glutation \u00e4r 500-1000 mg per dag. Det rekommenderas b\u00e4st att anv\u00e4nda preparatets liposomala form f\u00f6r s\u00e5dan anv\u00e4ndning, vilket avsev\u00e4rt f\u00f6rb\u00e4ttrar absorptionen. Det finns \u00e4ven beredningsformer i form av rektala suppositorier och transdermala applikationer (pl\u00e5ster), samt intramuskul\u00e4ra injektioner och intraven\u00f6sa l\u00f6sningar.<\/p>\n\n\n\n<p><strong>R\u00e5dg\u00f6r med din l\u00e4kare innan du anv\u00e4nder Glutathione!<\/strong><\/p>\n\n\n\n<p><strong>Referenser till vetenskapliga studier om rollen av glutation vid behandling och f\u00f6rebyggande av cancer:<\/strong><\/p>\n\n\n\n<ul class=\"wp-block-list\">\n<li><a href=\"https:\/\/www.nature.com\/articles\/s41388-023-02708-4\" target=\"_blank\" rel=\"noreferrer noopener\">Glutathione peroxidase 2 knockdown suppresses gastric cancer progression and metastasis via regulation of kynurenine metabolism<\/a>&nbsp;(<em>Nature.com, 03.05.2023<\/em>)<\/li>\n\n\n\n<li><a href=\"https:\/\/www.mdpi.com\/2227-9059\/11\/8\/2226\" target=\"_blank\" rel=\"noreferrer noopener\">Glutathione: Lights and Shadows in Cancer Patients<\/a>&nbsp;(<em>Mdpi.com, 08.08.2023<\/em>)<\/li>\n\n\n\n<li><a href=\"https:\/\/onlinelibrary.wiley.com\/doi\/10.1155\/2013\/972913\" target=\"_blank\" rel=\"noreferrer noopener\">Role of Glutathione in Cancer Progression and Chemoresistance<\/a>&nbsp; (<em>Doi.org, 20.05.2013<\/em>)<\/li>\n<\/ul>\n","protected":false},"excerpt":{"rendered":"<p>Glutation \u00e4r en antioxidant som best\u00e5r av flera aminosyror: cystein, glutamin och glycin. Det finns i frukt och gr\u00f6nsaker och syntetiseras naturligt i varje levande organism.Inom integrativ onkologi anv\u00e4nds glutation f\u00f6r att fr\u00e4mja \u00e5terh\u00e4mtning efter str\u00e5lning och kemoterapi. Det kan ocks\u00e5 anv\u00e4ndas f\u00f6rebyggande f\u00f6r att \u00e5terst\u00e4lla antioxidantreserverna i kroppen, f\u00f6r att \u00e5terst\u00e4lla skadat DNA, f\u00f6r&#8230;<\/p>\n","protected":false},"author":3,"featured_media":2654,"parent":2373,"menu_order":0,"comment_status":"closed","ping_status":"closed","template":"","meta":{"_acf_changed":false,"_uag_custom_page_level_css":"","_kadence_starter_templates_imported_post":false,"_kad_post_transparent":"","_kad_post_title":"","_kad_post_layout":"","_kad_post_sidebar_id":"","_kad_post_content_style":"","_kad_post_vertical_padding":"","_kad_post_feature":"","_kad_post_feature_position":"","_kad_post_header":false,"_kad_post_footer":false,"footnotes":""},"class_list":["post-3149","page","type-page","status-publish","has-post-thumbnail","hentry"],"acf":[],"yoast_head":"<!-- This site is optimized with the Yoast SEO plugin v26.4 - https:\/\/yoast.com\/wordpress\/plugins\/seo\/ -->\n<title>Glutation - Santa Monica<\/title>\n<meta name=\"robots\" content=\"index, follow, max-snippet:-1, max-image-preview:large, max-video-preview:-1\" \/>\n<link rel=\"canonical\" href=\"https:\/\/santamonica.lv\/sv\/for-halsan\/glutation\/\" \/>\n<meta property=\"og:locale\" content=\"sv_SE\" \/>\n<meta property=\"og:type\" content=\"article\" \/>\n<meta property=\"og:title\" content=\"Glutation - Santa Monica\" \/>\n<meta property=\"og:description\" content=\"Glutation \u00e4r en antioxidant som best\u00e5r av flera aminosyror: cystein, glutamin och glycin. Det finns i frukt och gr\u00f6nsaker och syntetiseras naturligt i varje levande organism.Inom integrativ onkologi anv\u00e4nds glutation f\u00f6r att fr\u00e4mja \u00e5terh\u00e4mtning efter str\u00e5lning och kemoterapi. Det kan ocks\u00e5 anv\u00e4ndas f\u00f6rebyggande f\u00f6r att \u00e5terst\u00e4lla antioxidantreserverna i kroppen, f\u00f6r att \u00e5terst\u00e4lla skadat DNA, f\u00f6r...\" \/>\n<meta property=\"og:url\" content=\"https:\/\/santamonica.lv\/sv\/for-halsan\/glutation\/\" \/>\n<meta property=\"og:site_name\" content=\"Santa Monica\" \/>\n<meta property=\"article:publisher\" content=\"https:\/\/www.facebook.com\/klinikasantamonica\" \/>\n<meta property=\"article:modified_time\" content=\"2025-03-05T20:44:45+00:00\" \/>\n<meta property=\"og:image\" content=\"https:\/\/santamonica.lv\/wp-content\/uploads\/2024\/01\/glutathione-anti-aging.jpg\" \/>\n\t<meta property=\"og:image:width\" content=\"800\" \/>\n\t<meta property=\"og:image:height\" content=\"500\" \/>\n\t<meta property=\"og:image:type\" content=\"image\/jpeg\" \/>\n<meta name=\"twitter:card\" content=\"summary_large_image\" \/>\n<meta name=\"twitter:label1\" content=\"Est. reading time\" \/>\n\t<meta name=\"twitter:data1\" content=\"2 minuter\" \/>\n<script type=\"application\/ld+json\" class=\"yoast-schema-graph\">{\"@context\":\"https:\/\/schema.org\",\"@graph\":[{\"@type\":\"WebPage\",\"@id\":\"https:\/\/santamonica.lv\/sv\/for-halsan\/glutation\/\",\"url\":\"https:\/\/santamonica.lv\/sv\/for-halsan\/glutation\/\",\"name\":\"Glutation - Santa Monica\",\"isPartOf\":{\"@id\":\"https:\/\/santamonica.lv\/sv\/#website\"},\"primaryImageOfPage\":{\"@id\":\"https:\/\/santamonica.lv\/sv\/for-halsan\/glutation\/#primaryimage\"},\"image\":{\"@id\":\"https:\/\/santamonica.lv\/sv\/for-halsan\/glutation\/#primaryimage\"},\"thumbnailUrl\":\"https:\/\/santamonica.lv\/wp-content\/uploads\/2024\/01\/glutathione-anti-aging.jpg\",\"datePublished\":\"2025-03-01T21:50:50+00:00\",\"dateModified\":\"2025-03-05T20:44:45+00:00\",\"breadcrumb\":{\"@id\":\"https:\/\/santamonica.lv\/sv\/for-halsan\/glutation\/#breadcrumb\"},\"inLanguage\":\"sv-SE\",\"potentialAction\":[{\"@type\":\"ReadAction\",\"target\":[\"https:\/\/santamonica.lv\/sv\/for-halsan\/glutation\/\"]}]},{\"@type\":\"ImageObject\",\"inLanguage\":\"sv-SE\",\"@id\":\"https:\/\/santamonica.lv\/sv\/for-halsan\/glutation\/#primaryimage\",\"url\":\"https:\/\/santamonica.lv\/wp-content\/uploads\/2024\/01\/glutathione-anti-aging.jpg\",\"contentUrl\":\"https:\/\/santamonica.lv\/wp-content\/uploads\/2024\/01\/glutathione-anti-aging.jpg\",\"width\":800,\"height\":500},{\"@type\":\"BreadcrumbList\",\"@id\":\"https:\/\/santamonica.lv\/sv\/for-halsan\/glutation\/#breadcrumb\",\"itemListElement\":[{\"@type\":\"ListItem\",\"position\":1,\"name\":\"Home\",\"item\":\"https:\/\/santamonica.lv\/sv\/borjan\/\"},{\"@type\":\"ListItem\",\"position\":2,\"name\":\"F\u00f6r h\u00e4lsan\",\"item\":\"https:\/\/santamonica.lv\/sv\/for-halsan\/\"},{\"@type\":\"ListItem\",\"position\":3,\"name\":\"Glutation\"}]},{\"@type\":\"WebSite\",\"@id\":\"https:\/\/santamonica.lv\/sv\/#website\",\"url\":\"https:\/\/santamonica.lv\/sv\/\",\"name\":\"Santa Monica\",\"description\":\"\",\"potentialAction\":[{\"@type\":\"SearchAction\",\"target\":{\"@type\":\"EntryPoint\",\"urlTemplate\":\"https:\/\/santamonica.lv\/sv\/?s={search_term_string}\"},\"query-input\":{\"@type\":\"PropertyValueSpecification\",\"valueRequired\":true,\"valueName\":\"search_term_string\"}}],\"inLanguage\":\"sv-SE\"}]}<\/script>\n<!-- \/ Yoast SEO plugin. -->","yoast_head_json":{"title":"Glutation - Santa Monica","robots":{"index":"index","follow":"follow","max-snippet":"max-snippet:-1","max-image-preview":"max-image-preview:large","max-video-preview":"max-video-preview:-1"},"canonical":"https:\/\/santamonica.lv\/sv\/for-halsan\/glutation\/","og_locale":"sv_SE","og_type":"article","og_title":"Glutation - Santa Monica","og_description":"Glutation \u00e4r en antioxidant som best\u00e5r av flera aminosyror: cystein, glutamin och glycin. Det finns i frukt och gr\u00f6nsaker och syntetiseras naturligt i varje levande organism.Inom integrativ onkologi anv\u00e4nds glutation f\u00f6r att fr\u00e4mja \u00e5terh\u00e4mtning efter str\u00e5lning och kemoterapi. Det kan ocks\u00e5 anv\u00e4ndas f\u00f6rebyggande f\u00f6r att \u00e5terst\u00e4lla antioxidantreserverna i kroppen, f\u00f6r att \u00e5terst\u00e4lla skadat DNA, f\u00f6r...","og_url":"https:\/\/santamonica.lv\/sv\/for-halsan\/glutation\/","og_site_name":"Santa Monica","article_publisher":"https:\/\/www.facebook.com\/klinikasantamonica","article_modified_time":"2025-03-05T20:44:45+00:00","og_image":[{"width":800,"height":500,"url":"https:\/\/santamonica.lv\/wp-content\/uploads\/2024\/01\/glutathione-anti-aging.jpg","type":"image\/jpeg"}],"twitter_card":"summary_large_image","twitter_misc":{"Est. reading time":"2 minuter"},"schema":{"@context":"https:\/\/schema.org","@graph":[{"@type":"WebPage","@id":"https:\/\/santamonica.lv\/sv\/for-halsan\/glutation\/","url":"https:\/\/santamonica.lv\/sv\/for-halsan\/glutation\/","name":"Glutation - Santa Monica","isPartOf":{"@id":"https:\/\/santamonica.lv\/sv\/#website"},"primaryImageOfPage":{"@id":"https:\/\/santamonica.lv\/sv\/for-halsan\/glutation\/#primaryimage"},"image":{"@id":"https:\/\/santamonica.lv\/sv\/for-halsan\/glutation\/#primaryimage"},"thumbnailUrl":"https:\/\/santamonica.lv\/wp-content\/uploads\/2024\/01\/glutathione-anti-aging.jpg","datePublished":"2025-03-01T21:50:50+00:00","dateModified":"2025-03-05T20:44:45+00:00","breadcrumb":{"@id":"https:\/\/santamonica.lv\/sv\/for-halsan\/glutation\/#breadcrumb"},"inLanguage":"sv-SE","potentialAction":[{"@type":"ReadAction","target":["https:\/\/santamonica.lv\/sv\/for-halsan\/glutation\/"]}]},{"@type":"ImageObject","inLanguage":"sv-SE","@id":"https:\/\/santamonica.lv\/sv\/for-halsan\/glutation\/#primaryimage","url":"https:\/\/santamonica.lv\/wp-content\/uploads\/2024\/01\/glutathione-anti-aging.jpg","contentUrl":"https:\/\/santamonica.lv\/wp-content\/uploads\/2024\/01\/glutathione-anti-aging.jpg","width":800,"height":500},{"@type":"BreadcrumbList","@id":"https:\/\/santamonica.lv\/sv\/for-halsan\/glutation\/#breadcrumb","itemListElement":[{"@type":"ListItem","position":1,"name":"Home","item":"https:\/\/santamonica.lv\/sv\/borjan\/"},{"@type":"ListItem","position":2,"name":"F\u00f6r h\u00e4lsan","item":"https:\/\/santamonica.lv\/sv\/for-halsan\/"},{"@type":"ListItem","position":3,"name":"Glutation"}]},{"@type":"WebSite","@id":"https:\/\/santamonica.lv\/sv\/#website","url":"https:\/\/santamonica.lv\/sv\/","name":"Santa Monica","description":"","potentialAction":[{"@type":"SearchAction","target":{"@type":"EntryPoint","urlTemplate":"https:\/\/santamonica.lv\/sv\/?s={search_term_string}"},"query-input":{"@type":"PropertyValueSpecification","valueRequired":true,"valueName":"search_term_string"}}],"inLanguage":"sv-SE"}]}},"uagb_featured_image_src":{"full":["https:\/\/santamonica.lv\/wp-content\/uploads\/2024\/01\/glutathione-anti-aging.jpg",800,500,false],"thumbnail":["https:\/\/santamonica.lv\/wp-content\/uploads\/2024\/01\/glutathione-anti-aging-150x150.jpg",150,150,true],"medium":["https:\/\/santamonica.lv\/wp-content\/uploads\/2024\/01\/glutathione-anti-aging-300x188.jpg",300,188,true],"medium_large":["https:\/\/santamonica.lv\/wp-content\/uploads\/2024\/01\/glutathione-anti-aging-768x480.jpg",768,480,true],"large":["https:\/\/santamonica.lv\/wp-content\/uploads\/2024\/01\/glutathione-anti-aging.jpg",800,500,false],"1536x1536":["https:\/\/santamonica.lv\/wp-content\/uploads\/2024\/01\/glutathione-anti-aging.jpg",800,500,false],"2048x2048":["https:\/\/santamonica.lv\/wp-content\/uploads\/2024\/01\/glutathione-anti-aging.jpg",800,500,false],"woocommerce_thumbnail":["https:\/\/santamonica.lv\/wp-content\/uploads\/2024\/01\/glutathione-anti-aging-300x300.jpg",300,300,true],"woocommerce_single":["https:\/\/santamonica.lv\/wp-content\/uploads\/2024\/01\/glutathione-anti-aging-600x375.jpg",600,375,true],"woocommerce_gallery_thumbnail":["https:\/\/santamonica.lv\/wp-content\/uploads\/2024\/01\/glutathione-anti-aging-100x100.jpg",100,100,true]},"uagb_author_info":{"display_name":"Aigars","author_link":"https:\/\/santamonica.lv\/sv\/author\/aigars\/"},"uagb_comment_info":0,"uagb_excerpt":"Glutation \u00e4r en antioxidant som best\u00e5r av flera aminosyror: cystein, glutamin och glycin. Det finns i frukt och gr\u00f6nsaker och syntetiseras naturligt i varje levande organism.Inom integrativ onkologi anv\u00e4nds glutation f\u00f6r att fr\u00e4mja \u00e5terh\u00e4mtning efter str\u00e5lning och kemoterapi. Det kan ocks\u00e5 anv\u00e4ndas f\u00f6rebyggande f\u00f6r att \u00e5terst\u00e4lla antioxidantreserverna i kroppen, f\u00f6r att \u00e5terst\u00e4lla skadat DNA, f\u00f6r...","_links":{"self":[{"href":"https:\/\/santamonica.lv\/sv\/wp-json\/wp\/v2\/pages\/3149","targetHints":{"allow":["GET"]}}],"collection":[{"href":"https:\/\/santamonica.lv\/sv\/wp-json\/wp\/v2\/pages"}],"about":[{"href":"https:\/\/santamonica.lv\/sv\/wp-json\/wp\/v2\/types\/page"}],"author":[{"embeddable":true,"href":"https:\/\/santamonica.lv\/sv\/wp-json\/wp\/v2\/users\/3"}],"replies":[{"embeddable":true,"href":"https:\/\/santamonica.lv\/sv\/wp-json\/wp\/v2\/comments?post=3149"}],"version-history":[{"count":1,"href":"https:\/\/santamonica.lv\/sv\/wp-json\/wp\/v2\/pages\/3149\/revisions"}],"predecessor-version":[{"id":3150,"href":"https:\/\/santamonica.lv\/sv\/wp-json\/wp\/v2\/pages\/3149\/revisions\/3150"}],"up":[{"embeddable":true,"href":"https:\/\/santamonica.lv\/sv\/wp-json\/wp\/v2\/pages\/2373"}],"wp:featuredmedia":[{"embeddable":true,"href":"https:\/\/santamonica.lv\/sv\/wp-json\/wp\/v2\/media\/2654"}],"wp:attachment":[{"href":"https:\/\/santamonica.lv\/sv\/wp-json\/wp\/v2\/media?parent=3149"}],"curies":[{"name":"wp","href":"https:\/\/api.w.org\/{rel}","templated":true}]}}