{"id":3153,"date":"2025-03-02T00:03:16","date_gmt":"2025-03-01T22:03:16","guid":{"rendered":"https:\/\/santamonica.lv\/?page_id=3153"},"modified":"2025-03-05T22:44:35","modified_gmt":"2025-03-05T20:44:35","slug":"dikloracetat","status":"publish","type":"page","link":"https:\/\/santamonica.lv\/sv\/for-halsan\/dikloracetat\/","title":{"rendered":"Dikloracetat"},"content":{"rendered":"\n<div class=\"wp-block-columns is-layout-flex wp-container-core-columns-is-layout-9d6595d7 wp-block-columns-is-layout-flex\">\n<div class=\"wp-block-column is-layout-flow wp-block-column-is-layout-flow\" style=\"flex-basis:33.33%\">\n<figure class=\"wp-block-image size-full\"><img loading=\"lazy\" decoding=\"async\" width=\"1908\" height=\"1146\" src=\"https:\/\/santamonica.lv\/wp-content\/uploads\/2024\/01\/dihloroacetats.jpg\" alt=\"\" class=\"wp-image-1053\" srcset=\"https:\/\/santamonica.lv\/wp-content\/uploads\/2024\/01\/dihloroacetats.jpg 1908w, https:\/\/santamonica.lv\/wp-content\/uploads\/2024\/01\/dihloroacetats-300x180.jpg 300w, https:\/\/santamonica.lv\/wp-content\/uploads\/2024\/01\/dihloroacetats-1024x615.jpg 1024w, https:\/\/santamonica.lv\/wp-content\/uploads\/2024\/01\/dihloroacetats-768x461.jpg 768w, https:\/\/santamonica.lv\/wp-content\/uploads\/2024\/01\/dihloroacetats-1536x923.jpg 1536w, https:\/\/santamonica.lv\/wp-content\/uploads\/2024\/01\/dihloroacetats-600x360.jpg 600w\" sizes=\"auto, (max-width: 1908px) 100vw, 1908px\" \/><\/figure>\n<\/div>\n\n\n\n<div class=\"wp-block-column is-layout-flow wp-block-column-is-layout-flow\" style=\"flex-basis:66.66%\">\n<p>Fr\u00e5n b\u00f6rjan anv\u00e4ndes ett l\u00e4kemedel som heter dikloracetat f\u00f6r att behandla en relativt s\u00e4llsynt \u00e4mnesoms\u00e4ttningsst\u00f6rning hos barn (laktacidos). Sedan fick ett forskarlag fr\u00e5n Kanada veta att detta \u00e4mne \u00e4ven kan anv\u00e4ndas vid behandling av cancer. DCA fungerar huvudsakligen som en energiaktivator i cellernas mitokondrier, men denna metabolism f\u00f6rs\u00e4mras i tum\u00f6rv\u00e4vnad.<\/p>\n<\/div>\n<\/div>\n\n\n\n<p>Dikloracetat anv\u00e4nds vid behandling av cancer. Som bekant st\u00f6rs normal energioms\u00e4ttning, som den levande organismen tar fr\u00e5n n\u00e4rings\u00e4mnen i n\u00e4rvaro av syre, i tum\u00f6rceller. Tum\u00f6rceller har l\u00e4rt sig att anv\u00e4nda socker i fr\u00e5nvaro av syre. Som ett resultat f\u00f6rlorar de mycket av kroppens tillg\u00e4ngliga energi, och cancern initierar en primitiv \u00f6verlevnadsmekanism. DCA kan \u00e5tminstone delvis \u00e5terst\u00e4lla normal mitokondriell funktion. Som ett resultat intr\u00e4ffar den normala naturliga d\u00f6den av celler \u2013 apoptos \u2013 igen. DCA har ocks\u00e5 en regenererande effekt p\u00e5 cancerceller, eller som experter s\u00e4ger \u2013 omdifferentieringsverkan. Inom medicin g\u00f6r detta att DCA kan kombineras med andra terapier som fungerar p\u00e5 liknande s\u00e4tt, s\u00e5som l\u00e5gkolhydratkost, terapeutisk hypertermi och andra.<\/p>\n\n\n\n<p>Dikloroacetats anticanceregenskaper har beskrivits i m\u00e5nga litteraturk\u00e4llor, men dess kliniska effekt vid behandling av tum\u00f6rer har inte bekr\u00e4ftats eftersom omfattande kliniska studier inte \u00e4r till\u00e5tna. O\u00f6nskade l\u00e4kemedelsbiverkningar s\u00e5som neurotoxicitet och eventuell cancerframkallande aktivitet anf\u00f6rs som motivering f\u00f6r detta. Men trots ovanst\u00e5ende fakta har anv\u00e4ndningen av DCA beskrivits mer allm\u00e4nt de senaste \u00e5ren p\u00e5 grund av intresset f\u00f6r detta l\u00e4kemedels f\u00f6rm\u00e5ga att p\u00e5verka metabolismen av cancerceller.<\/p>\n\n\n\n<p>Att analysera verkningsmekanismen f\u00f6r DCA hj\u00e4lper till att b\u00e4ttre f\u00f6rst\u00e5 och f\u00f6rst\u00e5 varf\u00f6r det \u00e4r s\u00e5 selektivt effektivt mot cancerceller. Anv\u00e4ndningen av DCA tillsammans med traditionella cancerbehandlingsmetoder \u2013 kemoterapi, str\u00e5lbehandling och tillsammans med andra l\u00e4kemedel, inklusive biologiska substanser \u2013 har ocks\u00e5 erk\u00e4nts som framg\u00e5ngsrikt. DCA rekommenderas att anv\u00e4ndas tillsammans med andra biologiskt aktiva substanser f\u00f6r att fr\u00e4mja dess biotillg\u00e4nglighet och v\u00e4vnadsabsorption. De ovan beskrivna resultaten om effektiviteten av DCA uppmuntrar ny forskning i st\u00f6rre skala. DCA \u00e4r k\u00e4nt f\u00f6r att ha f\u00f6rm\u00e5gan att agera och undertrycka och d\u00f6da tum\u00f6rstamceller f\u00f6r att stoppa tum\u00f6rtillv\u00e4xt och cellproliferation. P\u00e5 grund av dessa studier forts\u00e4tter DCA att anv\u00e4ndas vid behandling av cancer.<\/p>\n\n\n\n<p>Aktiviteten hos DCA som beskrivits ovan pekar direkt p\u00e5 det faktum att denna f\u00f6rening kan f\u00f6r\u00e4ndra de metaboliska egenskaperna hos tum\u00f6rceller. Trots n\u00e4rvaron av syre har cancerceller l\u00e4rt sig att \u00f6verleva genom att h\u00e4mta energi fr\u00e5n ofullst\u00e4ndig glykolys p\u00e5 grund av minskad mitokondriell aktivitet. Forskare kallar detta f\u00f6r Warburg-effekten. Som ett resultat uppst\u00e5r \u00f6kad bildning av mj\u00f6lksyraprodukter (laktat). Den \u00f6verdrivna aktiviteten av glykolys p\u00e5 grund av bildandet av laktater i n\u00e4rheten av tum\u00f6ren orsakar metabol acidos (surreaktionsmikromilj\u00f6). \u00c5 andra sidan fr\u00e4mjar de laktater som finns i de omgivande v\u00e4vnaderna proliferationen av cancerceller och undertrycker mekanismerna f\u00f6r tum\u00f6rcellapoptos. Detta best\u00e4ms av enzymerna i glykolysprocessen, som lyckas undertrycka och h\u00e4mma det. Verkningsmekanismen f\u00f6r DCA \u00e4r baserad p\u00e5 att f\u00f6r\u00e4ndra metabolismen i tum\u00f6rceller \u2013 genom att undertrycka aktiviteten av pyruvatdehydrogenaskinas omvandlas metabolismen baserad p\u00e5 \u00f6kad glykolys till oxidativ fosforylering. Aktivering av PDH fr\u00e4mjar oxidation av pyruvat i mitokondrier och orsakar d\u00e4rigenom metabola st\u00f6rningar i cancerceller. Som ett resultat uppst\u00e5r ett uttalat energiunderskott i tum\u00f6rv\u00e4vnaderna. Dessutom minskar minskad laktatproduktion acidos i cancerv\u00e4vnad och undertrycker d\u00e4rigenom tum\u00f6rtillv\u00e4xt och -spridning. Infl\u00f6det av pyruvat till mitokondrier fr\u00e4mjar fris\u00e4ttningen av cytokrom C och andra apoptos-fr\u00e4mjande faktorer, som avsev\u00e4rt minskar cancercellers \u00f6verlevnad.<\/p>\n\n\n\n<p>F\u00f6r kliniskt bruk har l\u00e4kemedelsf\u00f6retag utvecklat DCA-preparat f\u00f6r b\u00e5de oral och parenteral anv\u00e4ndning. Rekommenderade doser \u00e4r fr\u00e5n 10 \u2013 50 mg\/kg per dag. N\u00e4r du anv\u00e4nder DCA finns det inga indikationer p\u00e5 toxiska biverkningar orsakade av det, vilket orsakar uttalade f\u00f6r\u00e4ndringar i blodsammans\u00e4ttning, lever- och njurindikatorer samt kardiotoxicitet. Detta inneb\u00e4r att anv\u00e4ndningen av DCA p\u00e5 patienter \u00e4r s\u00e4ker. Gastrointestinala st\u00f6rningar tenderar att vara s\u00e4llsynta. Oftast \u00e4r anv\u00e4ndningen av detta preparat begr\u00e4nsad av perifer polyneuropati som observerats i kliniska pr\u00f6vningar. F\u00f6r att minska DCA-inducerad polyneuropati, rekommenderas att administrera antioxidanter parallellt, samt att justera den administrerade dosen av DCA individuellt, ber\u00e4kna den per kilogram vikt. Denna effekt reduceras ocks\u00e5 genom parenteral anv\u00e4ndning av preparatet.<\/p>\n\n\n\n<p>En vanlig strategi inom cancerbehandling \u00e4r att kombinera olika l\u00e4kemedel f\u00f6r att uppn\u00e5 st\u00f6rsta m\u00f6jliga effekt. Detta g\u00f6r det m\u00f6jligt att \u00f6ka effektiviteten genom att minska den totala administrerade dosen, samt att f\u00f6rhindra toxisk verkan. DCA kombineras ofta med andra l\u00e4kemedel som anv\u00e4nds i kemoterapi. De h\u00e4mmar ocks\u00e5 utvecklingen av tum\u00f6rcellresistens mot kemoterapil\u00e4kemedel. Till exempel kombineras DCA med paklitaxel f\u00f6r att behandla lungcancer. Det anv\u00e4nds ocks\u00e5 ofta tillsammans med doxorubicin och cisplatin. S\u00e5dana kombinationer anv\u00e4nds vid behandling av bl\u00e5scancer och hepatocellul\u00e4rt karcinom n\u00e4r resistens har utvecklats.<\/p>\n\n\n\n<p>Den genomsnittliga orala dosen \u00e4r 15 mg\/kg per dag. Efter tv\u00e5 veckors anv\u00e4ndning \u00e4r det en veckas uppeh\u00e5ll och sedan kan intraven\u00f6s administrering p\u00e5b\u00f6rjas med en dos p\u00e5 30 mg\/kg tv\u00e5 g\u00e5nger i veckan genom att sp\u00e4da preparatet med 0,9 % natriumkloridl\u00f6sning upp till 250 ml.<\/p>\n\n\n\n<p><strong>Anv\u00e4nd litteratur:<\/strong><br><a href=\"https:\/\/www.ncbi.nlm.nih.gov\/pmc\/articles\/PMC6885244\/\" target=\"_blank\" rel=\"noreferrer noopener\">https:\/\/www.ncbi.nlm.nih.gov\/pmc\/articles\/PMC6885244\/<\/a><\/p>\n","protected":false},"excerpt":{"rendered":"<p>Fr\u00e5n b\u00f6rjan anv\u00e4ndes ett l\u00e4kemedel som heter dikloracetat f\u00f6r att behandla en relativt s\u00e4llsynt \u00e4mnesoms\u00e4ttningsst\u00f6rning hos barn (laktacidos). Sedan fick ett forskarlag fr\u00e5n Kanada veta att detta \u00e4mne \u00e4ven kan anv\u00e4ndas vid behandling av cancer. DCA fungerar huvudsakligen som en energiaktivator i cellernas mitokondrier, men denna metabolism f\u00f6rs\u00e4mras i tum\u00f6rv\u00e4vnad. Dikloracetat anv\u00e4nds vid behandling av&#8230;<\/p>\n","protected":false},"author":3,"featured_media":2658,"parent":2373,"menu_order":0,"comment_status":"closed","ping_status":"closed","template":"","meta":{"_acf_changed":false,"_uag_custom_page_level_css":"","_kadence_starter_templates_imported_post":false,"_kad_post_transparent":"","_kad_post_title":"","_kad_post_layout":"","_kad_post_sidebar_id":"","_kad_post_content_style":"","_kad_post_vertical_padding":"","_kad_post_feature":"","_kad_post_feature_position":"","_kad_post_header":false,"_kad_post_footer":false,"footnotes":""},"class_list":["post-3153","page","type-page","status-publish","has-post-thumbnail","hentry"],"acf":[],"yoast_head":"<!-- This site is optimized with the Yoast SEO plugin v26.4 - https:\/\/yoast.com\/wordpress\/plugins\/seo\/ -->\n<title>Dikloracetat - Santa Monica<\/title>\n<meta name=\"robots\" content=\"index, follow, max-snippet:-1, max-image-preview:large, max-video-preview:-1\" \/>\n<link rel=\"canonical\" href=\"https:\/\/santamonica.lv\/sv\/for-halsan\/dikloracetat\/\" \/>\n<meta property=\"og:locale\" content=\"sv_SE\" \/>\n<meta property=\"og:type\" content=\"article\" \/>\n<meta property=\"og:title\" content=\"Dikloracetat - Santa Monica\" \/>\n<meta property=\"og:description\" content=\"Fr\u00e5n b\u00f6rjan anv\u00e4ndes ett l\u00e4kemedel som heter dikloracetat f\u00f6r att behandla en relativt s\u00e4llsynt \u00e4mnesoms\u00e4ttningsst\u00f6rning hos barn (laktacidos). Sedan fick ett forskarlag fr\u00e5n Kanada veta att detta \u00e4mne \u00e4ven kan anv\u00e4ndas vid behandling av cancer. DCA fungerar huvudsakligen som en energiaktivator i cellernas mitokondrier, men denna metabolism f\u00f6rs\u00e4mras i tum\u00f6rv\u00e4vnad. Dikloracetat anv\u00e4nds vid behandling av...\" \/>\n<meta property=\"og:url\" content=\"https:\/\/santamonica.lv\/sv\/for-halsan\/dikloracetat\/\" \/>\n<meta property=\"og:site_name\" content=\"Santa Monica\" \/>\n<meta property=\"article:publisher\" content=\"https:\/\/www.facebook.com\/klinikasantamonica\" \/>\n<meta property=\"article:modified_time\" content=\"2025-03-05T20:44:35+00:00\" \/>\n<meta property=\"og:image\" content=\"https:\/\/santamonica.lv\/wp-content\/uploads\/2024\/01\/dihloroacetats.jpg\" \/>\n\t<meta property=\"og:image:width\" content=\"1908\" \/>\n\t<meta property=\"og:image:height\" content=\"1146\" \/>\n\t<meta property=\"og:image:type\" content=\"image\/jpeg\" \/>\n<meta name=\"twitter:card\" content=\"summary_large_image\" \/>\n<meta name=\"twitter:label1\" content=\"Est. reading time\" \/>\n\t<meta name=\"twitter:data1\" content=\"5 minuter\" \/>\n<script type=\"application\/ld+json\" class=\"yoast-schema-graph\">{\"@context\":\"https:\/\/schema.org\",\"@graph\":[{\"@type\":\"WebPage\",\"@id\":\"https:\/\/santamonica.lv\/sv\/for-halsan\/dikloracetat\/\",\"url\":\"https:\/\/santamonica.lv\/sv\/for-halsan\/dikloracetat\/\",\"name\":\"Dikloracetat - Santa Monica\",\"isPartOf\":{\"@id\":\"https:\/\/santamonica.lv\/sv\/#website\"},\"primaryImageOfPage\":{\"@id\":\"https:\/\/santamonica.lv\/sv\/for-halsan\/dikloracetat\/#primaryimage\"},\"image\":{\"@id\":\"https:\/\/santamonica.lv\/sv\/for-halsan\/dikloracetat\/#primaryimage\"},\"thumbnailUrl\":\"https:\/\/santamonica.lv\/wp-content\/uploads\/2024\/01\/dihloroacetats.jpg\",\"datePublished\":\"2025-03-01T22:03:16+00:00\",\"dateModified\":\"2025-03-05T20:44:35+00:00\",\"breadcrumb\":{\"@id\":\"https:\/\/santamonica.lv\/sv\/for-halsan\/dikloracetat\/#breadcrumb\"},\"inLanguage\":\"sv-SE\",\"potentialAction\":[{\"@type\":\"ReadAction\",\"target\":[\"https:\/\/santamonica.lv\/sv\/for-halsan\/dikloracetat\/\"]}]},{\"@type\":\"ImageObject\",\"inLanguage\":\"sv-SE\",\"@id\":\"https:\/\/santamonica.lv\/sv\/for-halsan\/dikloracetat\/#primaryimage\",\"url\":\"https:\/\/santamonica.lv\/wp-content\/uploads\/2024\/01\/dihloroacetats.jpg\",\"contentUrl\":\"https:\/\/santamonica.lv\/wp-content\/uploads\/2024\/01\/dihloroacetats.jpg\",\"width\":1908,\"height\":1146},{\"@type\":\"BreadcrumbList\",\"@id\":\"https:\/\/santamonica.lv\/sv\/for-halsan\/dikloracetat\/#breadcrumb\",\"itemListElement\":[{\"@type\":\"ListItem\",\"position\":1,\"name\":\"Home\",\"item\":\"https:\/\/santamonica.lv\/sv\/borjan\/\"},{\"@type\":\"ListItem\",\"position\":2,\"name\":\"F\u00f6r h\u00e4lsan\",\"item\":\"https:\/\/santamonica.lv\/sv\/for-halsan\/\"},{\"@type\":\"ListItem\",\"position\":3,\"name\":\"Dikloracetat\"}]},{\"@type\":\"WebSite\",\"@id\":\"https:\/\/santamonica.lv\/sv\/#website\",\"url\":\"https:\/\/santamonica.lv\/sv\/\",\"name\":\"Santa Monica\",\"description\":\"\",\"potentialAction\":[{\"@type\":\"SearchAction\",\"target\":{\"@type\":\"EntryPoint\",\"urlTemplate\":\"https:\/\/santamonica.lv\/sv\/?s={search_term_string}\"},\"query-input\":{\"@type\":\"PropertyValueSpecification\",\"valueRequired\":true,\"valueName\":\"search_term_string\"}}],\"inLanguage\":\"sv-SE\"}]}<\/script>\n<!-- \/ Yoast SEO plugin. -->","yoast_head_json":{"title":"Dikloracetat - Santa Monica","robots":{"index":"index","follow":"follow","max-snippet":"max-snippet:-1","max-image-preview":"max-image-preview:large","max-video-preview":"max-video-preview:-1"},"canonical":"https:\/\/santamonica.lv\/sv\/for-halsan\/dikloracetat\/","og_locale":"sv_SE","og_type":"article","og_title":"Dikloracetat - Santa Monica","og_description":"Fr\u00e5n b\u00f6rjan anv\u00e4ndes ett l\u00e4kemedel som heter dikloracetat f\u00f6r att behandla en relativt s\u00e4llsynt \u00e4mnesoms\u00e4ttningsst\u00f6rning hos barn (laktacidos). Sedan fick ett forskarlag fr\u00e5n Kanada veta att detta \u00e4mne \u00e4ven kan anv\u00e4ndas vid behandling av cancer. DCA fungerar huvudsakligen som en energiaktivator i cellernas mitokondrier, men denna metabolism f\u00f6rs\u00e4mras i tum\u00f6rv\u00e4vnad. Dikloracetat anv\u00e4nds vid behandling av...","og_url":"https:\/\/santamonica.lv\/sv\/for-halsan\/dikloracetat\/","og_site_name":"Santa Monica","article_publisher":"https:\/\/www.facebook.com\/klinikasantamonica","article_modified_time":"2025-03-05T20:44:35+00:00","og_image":[{"width":1908,"height":1146,"url":"https:\/\/santamonica.lv\/wp-content\/uploads\/2024\/01\/dihloroacetats.jpg","type":"image\/jpeg"}],"twitter_card":"summary_large_image","twitter_misc":{"Est. reading time":"5 minuter"},"schema":{"@context":"https:\/\/schema.org","@graph":[{"@type":"WebPage","@id":"https:\/\/santamonica.lv\/sv\/for-halsan\/dikloracetat\/","url":"https:\/\/santamonica.lv\/sv\/for-halsan\/dikloracetat\/","name":"Dikloracetat - Santa Monica","isPartOf":{"@id":"https:\/\/santamonica.lv\/sv\/#website"},"primaryImageOfPage":{"@id":"https:\/\/santamonica.lv\/sv\/for-halsan\/dikloracetat\/#primaryimage"},"image":{"@id":"https:\/\/santamonica.lv\/sv\/for-halsan\/dikloracetat\/#primaryimage"},"thumbnailUrl":"https:\/\/santamonica.lv\/wp-content\/uploads\/2024\/01\/dihloroacetats.jpg","datePublished":"2025-03-01T22:03:16+00:00","dateModified":"2025-03-05T20:44:35+00:00","breadcrumb":{"@id":"https:\/\/santamonica.lv\/sv\/for-halsan\/dikloracetat\/#breadcrumb"},"inLanguage":"sv-SE","potentialAction":[{"@type":"ReadAction","target":["https:\/\/santamonica.lv\/sv\/for-halsan\/dikloracetat\/"]}]},{"@type":"ImageObject","inLanguage":"sv-SE","@id":"https:\/\/santamonica.lv\/sv\/for-halsan\/dikloracetat\/#primaryimage","url":"https:\/\/santamonica.lv\/wp-content\/uploads\/2024\/01\/dihloroacetats.jpg","contentUrl":"https:\/\/santamonica.lv\/wp-content\/uploads\/2024\/01\/dihloroacetats.jpg","width":1908,"height":1146},{"@type":"BreadcrumbList","@id":"https:\/\/santamonica.lv\/sv\/for-halsan\/dikloracetat\/#breadcrumb","itemListElement":[{"@type":"ListItem","position":1,"name":"Home","item":"https:\/\/santamonica.lv\/sv\/borjan\/"},{"@type":"ListItem","position":2,"name":"F\u00f6r h\u00e4lsan","item":"https:\/\/santamonica.lv\/sv\/for-halsan\/"},{"@type":"ListItem","position":3,"name":"Dikloracetat"}]},{"@type":"WebSite","@id":"https:\/\/santamonica.lv\/sv\/#website","url":"https:\/\/santamonica.lv\/sv\/","name":"Santa Monica","description":"","potentialAction":[{"@type":"SearchAction","target":{"@type":"EntryPoint","urlTemplate":"https:\/\/santamonica.lv\/sv\/?s={search_term_string}"},"query-input":{"@type":"PropertyValueSpecification","valueRequired":true,"valueName":"search_term_string"}}],"inLanguage":"sv-SE"}]}},"uagb_featured_image_src":{"full":["https:\/\/santamonica.lv\/wp-content\/uploads\/2024\/01\/dihloroacetats.jpg",1908,1146,false],"thumbnail":["https:\/\/santamonica.lv\/wp-content\/uploads\/2024\/01\/dihloroacetats-150x150.jpg",150,150,true],"medium":["https:\/\/santamonica.lv\/wp-content\/uploads\/2024\/01\/dihloroacetats-300x180.jpg",300,180,true],"medium_large":["https:\/\/santamonica.lv\/wp-content\/uploads\/2024\/01\/dihloroacetats-768x461.jpg",768,461,true],"large":["https:\/\/santamonica.lv\/wp-content\/uploads\/2024\/01\/dihloroacetats-1024x615.jpg",1024,615,true],"1536x1536":["https:\/\/santamonica.lv\/wp-content\/uploads\/2024\/01\/dihloroacetats-1536x923.jpg",1536,923,true],"2048x2048":["https:\/\/santamonica.lv\/wp-content\/uploads\/2024\/01\/dihloroacetats.jpg",1908,1146,false],"woocommerce_thumbnail":["https:\/\/santamonica.lv\/wp-content\/uploads\/2024\/01\/dihloroacetats-300x300.jpg",300,300,true],"woocommerce_single":["https:\/\/santamonica.lv\/wp-content\/uploads\/2024\/01\/dihloroacetats-600x360.jpg",600,360,true],"woocommerce_gallery_thumbnail":["https:\/\/santamonica.lv\/wp-content\/uploads\/2024\/01\/dihloroacetats-100x100.jpg",100,100,true]},"uagb_author_info":{"display_name":"Aigars","author_link":"https:\/\/santamonica.lv\/sv\/author\/aigars\/"},"uagb_comment_info":0,"uagb_excerpt":"Fr\u00e5n b\u00f6rjan anv\u00e4ndes ett l\u00e4kemedel som heter dikloracetat f\u00f6r att behandla en relativt s\u00e4llsynt \u00e4mnesoms\u00e4ttningsst\u00f6rning hos barn (laktacidos). Sedan fick ett forskarlag fr\u00e5n Kanada veta att detta \u00e4mne \u00e4ven kan anv\u00e4ndas vid behandling av cancer. DCA fungerar huvudsakligen som en energiaktivator i cellernas mitokondrier, men denna metabolism f\u00f6rs\u00e4mras i tum\u00f6rv\u00e4vnad. Dikloracetat anv\u00e4nds vid behandling av...","_links":{"self":[{"href":"https:\/\/santamonica.lv\/sv\/wp-json\/wp\/v2\/pages\/3153","targetHints":{"allow":["GET"]}}],"collection":[{"href":"https:\/\/santamonica.lv\/sv\/wp-json\/wp\/v2\/pages"}],"about":[{"href":"https:\/\/santamonica.lv\/sv\/wp-json\/wp\/v2\/types\/page"}],"author":[{"embeddable":true,"href":"https:\/\/santamonica.lv\/sv\/wp-json\/wp\/v2\/users\/3"}],"replies":[{"embeddable":true,"href":"https:\/\/santamonica.lv\/sv\/wp-json\/wp\/v2\/comments?post=3153"}],"version-history":[{"count":1,"href":"https:\/\/santamonica.lv\/sv\/wp-json\/wp\/v2\/pages\/3153\/revisions"}],"predecessor-version":[{"id":3154,"href":"https:\/\/santamonica.lv\/sv\/wp-json\/wp\/v2\/pages\/3153\/revisions\/3154"}],"up":[{"embeddable":true,"href":"https:\/\/santamonica.lv\/sv\/wp-json\/wp\/v2\/pages\/2373"}],"wp:featuredmedia":[{"embeddable":true,"href":"https:\/\/santamonica.lv\/sv\/wp-json\/wp\/v2\/media\/2658"}],"wp:attachment":[{"href":"https:\/\/santamonica.lv\/sv\/wp-json\/wp\/v2\/media?parent=3153"}],"curies":[{"name":"wp","href":"https:\/\/api.w.org\/{rel}","templated":true}]}}