{"id":3155,"date":"2025-03-02T00:09:20","date_gmt":"2025-03-01T22:09:20","guid":{"rendered":"https:\/\/santamonica.lv\/?page_id=3155"},"modified":"2025-03-05T22:45:06","modified_gmt":"2025-03-05T20:45:06","slug":"vitamin-c","status":"publish","type":"page","link":"https:\/\/santamonica.lv\/sv\/for-halsan\/vitamin-c\/","title":{"rendered":"Vitamin C"},"content":{"rendered":"\n<div class=\"wp-block-columns is-layout-flex wp-container-core-columns-is-layout-9d6595d7 wp-block-columns-is-layout-flex\">\n<div class=\"wp-block-column is-layout-flow wp-block-column-is-layout-flow\" style=\"flex-basis:33.33%\">\n<figure class=\"wp-block-image size-full\"><img loading=\"lazy\" decoding=\"async\" width=\"1024\" height=\"683\" src=\"https:\/\/santamonica.lv\/wp-content\/uploads\/2024\/01\/vitamina-c-terapija-veza-arstesanai.jpg\" alt=\"\" class=\"wp-image-1039\" srcset=\"https:\/\/santamonica.lv\/wp-content\/uploads\/2024\/01\/vitamina-c-terapija-veza-arstesanai.jpg 1024w, https:\/\/santamonica.lv\/wp-content\/uploads\/2024\/01\/vitamina-c-terapija-veza-arstesanai-600x400.jpg 600w, https:\/\/santamonica.lv\/wp-content\/uploads\/2024\/01\/vitamina-c-terapija-veza-arstesanai-300x200.jpg 300w, https:\/\/santamonica.lv\/wp-content\/uploads\/2024\/01\/vitamina-c-terapija-veza-arstesanai-768x512.jpg 768w\" sizes=\"auto, (max-width: 1024px) 100vw, 1024px\" \/><\/figure>\n<\/div>\n\n\n\n<div class=\"wp-block-column is-layout-flow wp-block-column-is-layout-flow\" style=\"flex-basis:66.66%\">\n<p>Ett effektivt verktyg vid behandling av olika sjukdomar. C-vitamin fungerar b\u00e5de p\u00e5 virus och kan \u00e4ven anv\u00e4ndas vid bakteriella infektioner. Det fungerar \u00e5t olika h\u00e5ll samtidigt. Genom att aktivera aktiviteten hos naturliga m\u00f6rdarceller f\u00f6rst\u00f6rs patogena mikroorganismer. Vid denna tidpunkt aktiveras ocks\u00e5 makrofager, som i sin tur redan verkar p\u00e5 en annan f\u00f6rsvarsfront. C-vitamin stimulerar ocks\u00e5 immunsystemets celler, som producerar den peroxid som beh\u00f6vs f\u00f6r att d\u00f6da mikroorganismer.<\/p>\n<\/div>\n<\/div>\n\n\n\n<p>Vitamin C produceras i form av b\u00e5de askorbinsyra och askorbater (kalcium och natriumaskorbat \u2013 den syrafria formen av vitamin C).<\/p>\n\n\n\n<p>Vitamin C absorberas relativt d\u00e5ligt fr\u00e5n mag-tarmkanalen, d\u00e4rf\u00f6r \u00e4r dess biotillg\u00e4nglighet i v\u00e4vnader l\u00e5g. Den liposomala formen av C-vitamin absorberas n\u00e5got b\u00e4ttre. F\u00f6r n\u00e4rvarande har l\u00e4kemedelsf\u00f6retag utvecklat denna produkt f\u00f6r parenteral anv\u00e4ndning i form av intraven\u00f6sa infusioner. Diarr\u00e9 observeras ofta n\u00e4r C-vitamin tas oralt i stora doser, och f\u00f6rsiktighet b\u00f6r iakttas hos personer med st\u00f6rningar i oxalatmetabolismen. Med parenteral administrering av l\u00e4kemedlet observerade jag biverkningar mycket mindre ofta.<\/p>\n\n\n\n<p>Vitamin C har anv\u00e4nts i stor utstr\u00e4ckning inom integrativ onkologi sedan 40-talet av 1900-talet. B\u00e5de h\u00f6ga doser och l\u00e4gre doser anv\u00e4nds intraven\u00f6st \u2013 upp till 5 gram per dag, och var och en av dem har sin egen positiva effekt p\u00e5 kroppen.<\/p>\n\n\n\n<p>Integrativa onkologer ordinerar ofta intraven\u00f6st C-vitamin f\u00f6re andra biologiska mediciner (t.ex. f\u00f6re IV peroxidinfusion) och i kombination med m\u00e5nga andra mediciner.<\/p>\n\n\n\n<p>C-vitamin har ocks\u00e5 en uttalad antiinflammatorisk effekt, varf\u00f6r det anv\u00e4nds vid behandling av m\u00e5nga kroniska inflammatoriska sjukdomar. Det rekommenderas att l\u00e4gga till det i behandlingen av patienter med kroniska infektioner, tuberkulos, hepatit, ledsjukdomar, etc.<\/p>\n\n\n\n<p>Forskningsdata visar att inflammatoriska mark\u00f6rer (CRO) minskar med upp till 75 % efter infusioner. Inom onkologi anv\u00e4nds denna medicin eftersom den aktiverar en gen i kroppen som h\u00e4mmar tum\u00f6rtillv\u00e4xt. Vitamin C undertrycker ocks\u00e5 neoangiogenes, vilket resulterar i att tum\u00f6rceller inte f\u00e5r tillr\u00e4ckligt med n\u00e4rings\u00e4mnen fr\u00e5n blodet. Fr\u00e5gan om vad man ska g\u00f6ra med administreringen av detta l\u00e4kemedel under en kemoterapikur \u00e4r ofta oklart. Tidigare studier och deras resultat bekr\u00e4ftar att C-vitamin \u00e4r anv\u00e4ndbart f\u00f6re, under och efter kemoterapi. Det f\u00f6rst\u00e4rker ofta till och med effekten av kemoterapil\u00e4kemedel och \u00f6kar deras effektivitet.<\/p>\n\n\n\n<p>En omfattande studie genomf\u00f6rdes 2012, vars resultat bekr\u00e4ftar att de patienter som fick kemoterapi och C-vitamin 2 g\u00e5nger i veckan hade mycket mindre frekventa biverkningar som tr\u00f6tthet, sm\u00e4rta, illam\u00e5ende och kr\u00e4kningar, s\u00f6mnl\u00f6shet och f\u00f6rstoppning. Aptit, emotionellt tillst\u00e5nd och kognitiv funktion f\u00f6rb\u00e4ttrades ocks\u00e5.<\/p>\n\n\n\n<p>Vitamin C b\u00f6r anv\u00e4ndas f\u00f6r att \u00f6vervaka njurfunktion och salter. Patienter som f\u00e5r h\u00f6ga doser C-vitamin beh\u00f6ver ocks\u00e5 m\u00e4ta blodsockret p\u00e5 infusionsdagen.<\/p>\n\n\n\n<p>Santa Monica erbjuder C-vitaminflaskor med olika doser \u2013 5g, 7,5g, 15g, 25g och 50g. Infusioner rekommenderas 3-5 g\u00e5nger i veckan, beroende p\u00e5 l\u00e4kemedlets dos, sp\u00e4dning med en steril natriumkloridl\u00f6sning. Den f\u00f6redragna behandlingen \u00e4r 8 veckor.<\/p>\n","protected":false},"excerpt":{"rendered":"<p>Ett effektivt verktyg vid behandling av olika sjukdomar. C-vitamin fungerar b\u00e5de p\u00e5 virus och kan \u00e4ven anv\u00e4ndas vid bakteriella infektioner. Det fungerar \u00e5t olika h\u00e5ll samtidigt. Genom att aktivera aktiviteten hos naturliga m\u00f6rdarceller f\u00f6rst\u00f6rs patogena mikroorganismer. Vid denna tidpunkt aktiveras ocks\u00e5 makrofager, som i sin tur redan verkar p\u00e5 en annan f\u00f6rsvarsfront. C-vitamin stimulerar ocks\u00e5&#8230;<\/p>\n","protected":false},"author":3,"featured_media":2666,"parent":2373,"menu_order":0,"comment_status":"closed","ping_status":"closed","template":"","meta":{"_acf_changed":false,"_uag_custom_page_level_css":"","_kadence_starter_templates_imported_post":false,"_kad_post_transparent":"","_kad_post_title":"","_kad_post_layout":"","_kad_post_sidebar_id":"","_kad_post_content_style":"","_kad_post_vertical_padding":"","_kad_post_feature":"","_kad_post_feature_position":"","_kad_post_header":false,"_kad_post_footer":false,"footnotes":""},"class_list":["post-3155","page","type-page","status-publish","has-post-thumbnail","hentry"],"acf":[],"yoast_head":"<!-- This site is optimized with the Yoast SEO plugin v26.4 - https:\/\/yoast.com\/wordpress\/plugins\/seo\/ -->\n<title>Vitamin C - Santa Monica<\/title>\n<meta name=\"robots\" content=\"index, follow, max-snippet:-1, max-image-preview:large, max-video-preview:-1\" \/>\n<link rel=\"canonical\" href=\"https:\/\/santamonica.lv\/sv\/for-halsan\/vitamin-c\/\" \/>\n<meta property=\"og:locale\" content=\"sv_SE\" \/>\n<meta property=\"og:type\" content=\"article\" \/>\n<meta property=\"og:title\" content=\"Vitamin C - Santa Monica\" \/>\n<meta property=\"og:description\" content=\"Ett effektivt verktyg vid behandling av olika sjukdomar. C-vitamin fungerar b\u00e5de p\u00e5 virus och kan \u00e4ven anv\u00e4ndas vid bakteriella infektioner. Det fungerar \u00e5t olika h\u00e5ll samtidigt. Genom att aktivera aktiviteten hos naturliga m\u00f6rdarceller f\u00f6rst\u00f6rs patogena mikroorganismer. Vid denna tidpunkt aktiveras ocks\u00e5 makrofager, som i sin tur redan verkar p\u00e5 en annan f\u00f6rsvarsfront. C-vitamin stimulerar ocks\u00e5...\" \/>\n<meta property=\"og:url\" content=\"https:\/\/santamonica.lv\/sv\/for-halsan\/vitamin-c\/\" \/>\n<meta property=\"og:site_name\" content=\"Santa Monica\" \/>\n<meta property=\"article:publisher\" content=\"https:\/\/www.facebook.com\/klinikasantamonica\" \/>\n<meta property=\"article:modified_time\" content=\"2025-03-05T20:45:06+00:00\" \/>\n<meta property=\"og:image\" content=\"https:\/\/santamonica.lv\/wp-content\/uploads\/2024\/01\/vitamina-c-terapija-veza-arstesanai.jpg\" \/>\n\t<meta property=\"og:image:width\" content=\"1024\" \/>\n\t<meta property=\"og:image:height\" content=\"683\" \/>\n\t<meta property=\"og:image:type\" content=\"image\/jpeg\" \/>\n<meta name=\"twitter:card\" content=\"summary_large_image\" \/>\n<meta name=\"twitter:label1\" content=\"Est. reading time\" \/>\n\t<meta name=\"twitter:data1\" content=\"3 minuter\" \/>\n<script type=\"application\/ld+json\" class=\"yoast-schema-graph\">{\"@context\":\"https:\/\/schema.org\",\"@graph\":[{\"@type\":\"WebPage\",\"@id\":\"https:\/\/santamonica.lv\/sv\/for-halsan\/vitamin-c\/\",\"url\":\"https:\/\/santamonica.lv\/sv\/for-halsan\/vitamin-c\/\",\"name\":\"Vitamin C - Santa Monica\",\"isPartOf\":{\"@id\":\"https:\/\/santamonica.lv\/sv\/#website\"},\"primaryImageOfPage\":{\"@id\":\"https:\/\/santamonica.lv\/sv\/for-halsan\/vitamin-c\/#primaryimage\"},\"image\":{\"@id\":\"https:\/\/santamonica.lv\/sv\/for-halsan\/vitamin-c\/#primaryimage\"},\"thumbnailUrl\":\"https:\/\/santamonica.lv\/wp-content\/uploads\/2024\/01\/vitamina-c-terapija-veza-arstesanai.jpg\",\"datePublished\":\"2025-03-01T22:09:20+00:00\",\"dateModified\":\"2025-03-05T20:45:06+00:00\",\"breadcrumb\":{\"@id\":\"https:\/\/santamonica.lv\/sv\/for-halsan\/vitamin-c\/#breadcrumb\"},\"inLanguage\":\"sv-SE\",\"potentialAction\":[{\"@type\":\"ReadAction\",\"target\":[\"https:\/\/santamonica.lv\/sv\/for-halsan\/vitamin-c\/\"]}]},{\"@type\":\"ImageObject\",\"inLanguage\":\"sv-SE\",\"@id\":\"https:\/\/santamonica.lv\/sv\/for-halsan\/vitamin-c\/#primaryimage\",\"url\":\"https:\/\/santamonica.lv\/wp-content\/uploads\/2024\/01\/vitamina-c-terapija-veza-arstesanai.jpg\",\"contentUrl\":\"https:\/\/santamonica.lv\/wp-content\/uploads\/2024\/01\/vitamina-c-terapija-veza-arstesanai.jpg\",\"width\":1024,\"height\":683},{\"@type\":\"BreadcrumbList\",\"@id\":\"https:\/\/santamonica.lv\/sv\/for-halsan\/vitamin-c\/#breadcrumb\",\"itemListElement\":[{\"@type\":\"ListItem\",\"position\":1,\"name\":\"Home\",\"item\":\"https:\/\/santamonica.lv\/sv\/borjan\/\"},{\"@type\":\"ListItem\",\"position\":2,\"name\":\"F\u00f6r h\u00e4lsan\",\"item\":\"https:\/\/santamonica.lv\/sv\/for-halsan\/\"},{\"@type\":\"ListItem\",\"position\":3,\"name\":\"Vitamin C\"}]},{\"@type\":\"WebSite\",\"@id\":\"https:\/\/santamonica.lv\/sv\/#website\",\"url\":\"https:\/\/santamonica.lv\/sv\/\",\"name\":\"Santa Monica\",\"description\":\"\",\"potentialAction\":[{\"@type\":\"SearchAction\",\"target\":{\"@type\":\"EntryPoint\",\"urlTemplate\":\"https:\/\/santamonica.lv\/sv\/?s={search_term_string}\"},\"query-input\":{\"@type\":\"PropertyValueSpecification\",\"valueRequired\":true,\"valueName\":\"search_term_string\"}}],\"inLanguage\":\"sv-SE\"}]}<\/script>\n<!-- \/ Yoast SEO plugin. -->","yoast_head_json":{"title":"Vitamin C - Santa Monica","robots":{"index":"index","follow":"follow","max-snippet":"max-snippet:-1","max-image-preview":"max-image-preview:large","max-video-preview":"max-video-preview:-1"},"canonical":"https:\/\/santamonica.lv\/sv\/for-halsan\/vitamin-c\/","og_locale":"sv_SE","og_type":"article","og_title":"Vitamin C - Santa Monica","og_description":"Ett effektivt verktyg vid behandling av olika sjukdomar. C-vitamin fungerar b\u00e5de p\u00e5 virus och kan \u00e4ven anv\u00e4ndas vid bakteriella infektioner. Det fungerar \u00e5t olika h\u00e5ll samtidigt. Genom att aktivera aktiviteten hos naturliga m\u00f6rdarceller f\u00f6rst\u00f6rs patogena mikroorganismer. Vid denna tidpunkt aktiveras ocks\u00e5 makrofager, som i sin tur redan verkar p\u00e5 en annan f\u00f6rsvarsfront. C-vitamin stimulerar ocks\u00e5...","og_url":"https:\/\/santamonica.lv\/sv\/for-halsan\/vitamin-c\/","og_site_name":"Santa Monica","article_publisher":"https:\/\/www.facebook.com\/klinikasantamonica","article_modified_time":"2025-03-05T20:45:06+00:00","og_image":[{"width":1024,"height":683,"url":"https:\/\/santamonica.lv\/wp-content\/uploads\/2024\/01\/vitamina-c-terapija-veza-arstesanai.jpg","type":"image\/jpeg"}],"twitter_card":"summary_large_image","twitter_misc":{"Est. reading time":"3 minuter"},"schema":{"@context":"https:\/\/schema.org","@graph":[{"@type":"WebPage","@id":"https:\/\/santamonica.lv\/sv\/for-halsan\/vitamin-c\/","url":"https:\/\/santamonica.lv\/sv\/for-halsan\/vitamin-c\/","name":"Vitamin C - Santa Monica","isPartOf":{"@id":"https:\/\/santamonica.lv\/sv\/#website"},"primaryImageOfPage":{"@id":"https:\/\/santamonica.lv\/sv\/for-halsan\/vitamin-c\/#primaryimage"},"image":{"@id":"https:\/\/santamonica.lv\/sv\/for-halsan\/vitamin-c\/#primaryimage"},"thumbnailUrl":"https:\/\/santamonica.lv\/wp-content\/uploads\/2024\/01\/vitamina-c-terapija-veza-arstesanai.jpg","datePublished":"2025-03-01T22:09:20+00:00","dateModified":"2025-03-05T20:45:06+00:00","breadcrumb":{"@id":"https:\/\/santamonica.lv\/sv\/for-halsan\/vitamin-c\/#breadcrumb"},"inLanguage":"sv-SE","potentialAction":[{"@type":"ReadAction","target":["https:\/\/santamonica.lv\/sv\/for-halsan\/vitamin-c\/"]}]},{"@type":"ImageObject","inLanguage":"sv-SE","@id":"https:\/\/santamonica.lv\/sv\/for-halsan\/vitamin-c\/#primaryimage","url":"https:\/\/santamonica.lv\/wp-content\/uploads\/2024\/01\/vitamina-c-terapija-veza-arstesanai.jpg","contentUrl":"https:\/\/santamonica.lv\/wp-content\/uploads\/2024\/01\/vitamina-c-terapija-veza-arstesanai.jpg","width":1024,"height":683},{"@type":"BreadcrumbList","@id":"https:\/\/santamonica.lv\/sv\/for-halsan\/vitamin-c\/#breadcrumb","itemListElement":[{"@type":"ListItem","position":1,"name":"Home","item":"https:\/\/santamonica.lv\/sv\/borjan\/"},{"@type":"ListItem","position":2,"name":"F\u00f6r h\u00e4lsan","item":"https:\/\/santamonica.lv\/sv\/for-halsan\/"},{"@type":"ListItem","position":3,"name":"Vitamin C"}]},{"@type":"WebSite","@id":"https:\/\/santamonica.lv\/sv\/#website","url":"https:\/\/santamonica.lv\/sv\/","name":"Santa Monica","description":"","potentialAction":[{"@type":"SearchAction","target":{"@type":"EntryPoint","urlTemplate":"https:\/\/santamonica.lv\/sv\/?s={search_term_string}"},"query-input":{"@type":"PropertyValueSpecification","valueRequired":true,"valueName":"search_term_string"}}],"inLanguage":"sv-SE"}]}},"uagb_featured_image_src":{"full":["https:\/\/santamonica.lv\/wp-content\/uploads\/2024\/01\/vitamina-c-terapija-veza-arstesanai.jpg",1024,683,false],"thumbnail":["https:\/\/santamonica.lv\/wp-content\/uploads\/2024\/01\/vitamina-c-terapija-veza-arstesanai-150x150.jpg",150,150,true],"medium":["https:\/\/santamonica.lv\/wp-content\/uploads\/2024\/01\/vitamina-c-terapija-veza-arstesanai-300x200.jpg",300,200,true],"medium_large":["https:\/\/santamonica.lv\/wp-content\/uploads\/2024\/01\/vitamina-c-terapija-veza-arstesanai-768x512.jpg",768,512,true],"large":["https:\/\/santamonica.lv\/wp-content\/uploads\/2024\/01\/vitamina-c-terapija-veza-arstesanai.jpg",1024,683,false],"1536x1536":["https:\/\/santamonica.lv\/wp-content\/uploads\/2024\/01\/vitamina-c-terapija-veza-arstesanai.jpg",1024,683,false],"2048x2048":["https:\/\/santamonica.lv\/wp-content\/uploads\/2024\/01\/vitamina-c-terapija-veza-arstesanai.jpg",1024,683,false],"woocommerce_thumbnail":["https:\/\/santamonica.lv\/wp-content\/uploads\/2024\/01\/vitamina-c-terapija-veza-arstesanai-300x300.jpg",300,300,true],"woocommerce_single":["https:\/\/santamonica.lv\/wp-content\/uploads\/2024\/01\/vitamina-c-terapija-veza-arstesanai-600x400.jpg",600,400,true],"woocommerce_gallery_thumbnail":["https:\/\/santamonica.lv\/wp-content\/uploads\/2024\/01\/vitamina-c-terapija-veza-arstesanai-100x100.jpg",100,100,true]},"uagb_author_info":{"display_name":"Aigars","author_link":"https:\/\/santamonica.lv\/sv\/author\/aigars\/"},"uagb_comment_info":0,"uagb_excerpt":"Ett effektivt verktyg vid behandling av olika sjukdomar. C-vitamin fungerar b\u00e5de p\u00e5 virus och kan \u00e4ven anv\u00e4ndas vid bakteriella infektioner. Det fungerar \u00e5t olika h\u00e5ll samtidigt. Genom att aktivera aktiviteten hos naturliga m\u00f6rdarceller f\u00f6rst\u00f6rs patogena mikroorganismer. Vid denna tidpunkt aktiveras ocks\u00e5 makrofager, som i sin tur redan verkar p\u00e5 en annan f\u00f6rsvarsfront. C-vitamin stimulerar ocks\u00e5...","_links":{"self":[{"href":"https:\/\/santamonica.lv\/sv\/wp-json\/wp\/v2\/pages\/3155","targetHints":{"allow":["GET"]}}],"collection":[{"href":"https:\/\/santamonica.lv\/sv\/wp-json\/wp\/v2\/pages"}],"about":[{"href":"https:\/\/santamonica.lv\/sv\/wp-json\/wp\/v2\/types\/page"}],"author":[{"embeddable":true,"href":"https:\/\/santamonica.lv\/sv\/wp-json\/wp\/v2\/users\/3"}],"replies":[{"embeddable":true,"href":"https:\/\/santamonica.lv\/sv\/wp-json\/wp\/v2\/comments?post=3155"}],"version-history":[{"count":1,"href":"https:\/\/santamonica.lv\/sv\/wp-json\/wp\/v2\/pages\/3155\/revisions"}],"predecessor-version":[{"id":3156,"href":"https:\/\/santamonica.lv\/sv\/wp-json\/wp\/v2\/pages\/3155\/revisions\/3156"}],"up":[{"embeddable":true,"href":"https:\/\/santamonica.lv\/sv\/wp-json\/wp\/v2\/pages\/2373"}],"wp:featuredmedia":[{"embeddable":true,"href":"https:\/\/santamonica.lv\/sv\/wp-json\/wp\/v2\/media\/2666"}],"wp:attachment":[{"href":"https:\/\/santamonica.lv\/sv\/wp-json\/wp\/v2\/media?parent=3155"}],"curies":[{"name":"wp","href":"https:\/\/api.w.org\/{rel}","templated":true}]}}