{"id":3159,"date":"2025-03-02T00:23:31","date_gmt":"2025-03-01T22:23:31","guid":{"rendered":"https:\/\/santamonica.lv\/?page_id=3159"},"modified":"2025-03-05T22:44:25","modified_gmt":"2025-03-05T20:44:25","slug":"alfa-liponsyra","status":"publish","type":"page","link":"https:\/\/santamonica.lv\/sv\/for-halsan\/alfa-liponsyra\/","title":{"rendered":"Alfa-liponsyra"},"content":{"rendered":"\n<div class=\"wp-block-columns is-layout-flex wp-container-core-columns-is-layout-9d6595d7 wp-block-columns-is-layout-flex\">\n<div class=\"wp-block-column is-layout-flow wp-block-column-is-layout-flow\" style=\"flex-basis:33.33%\">\n<figure class=\"wp-block-image size-full\"><img loading=\"lazy\" decoding=\"async\" width=\"1000\" height=\"667\" src=\"https:\/\/santamonica.lv\/wp-content\/uploads\/2024\/01\/alpha-lipoic-acid.jpg\" alt=\"\" class=\"wp-image-1073\" srcset=\"https:\/\/santamonica.lv\/wp-content\/uploads\/2024\/01\/alpha-lipoic-acid.jpg 1000w, https:\/\/santamonica.lv\/wp-content\/uploads\/2024\/01\/alpha-lipoic-acid-300x200.jpg 300w, https:\/\/santamonica.lv\/wp-content\/uploads\/2024\/01\/alpha-lipoic-acid-768x512.jpg 768w, https:\/\/santamonica.lv\/wp-content\/uploads\/2024\/01\/alpha-lipoic-acid-600x400.jpg 600w\" sizes=\"auto, (max-width: 1000px) 100vw, 1000px\" \/><\/figure>\n<\/div>\n\n\n\n<div class=\"wp-block-column is-layout-flow wp-block-column-is-layout-flow\" style=\"flex-basis:66.66%\">\n<p>Liponsyra, \u00e4ven k\u00e4nd som a-liponsyra, alfa-liponsyra eller tioktinsyra, \u00e4r en svavelhaltig organisk f\u00f6rening som h\u00e4rr\u00f6r fr\u00e5n kaprylsyra. ALS produceras vanligtvis hos djur och \u00e4r avg\u00f6rande f\u00f6r aerob metabolism.<\/p>\n<\/div>\n<\/div>\n\n\n\n<p>Det \u00e4r en naturlig antioxidant som syntetiseras i kroppen sj\u00e4lv. Detta \u00e4mne deltar i \u00e4mnesoms\u00e4ttningen, vilket s\u00e4kerst\u00e4ller normal glukosmetabolism i varje cell, vilket resulterar i generering av energi i mitokondrierna. Som en kraftfull antioxidant bek\u00e4mpar alfaliponsyra fria radikaler och hj\u00e4lper till att bli av med metaboliska slutprodukter.<\/p>\n\n\n\n<p>Inom medicinen anv\u00e4nds detta l\u00e4kemedel f\u00f6r att behandla polyneuropati orsakad av diabetes, eftersom det har studerats att det har en speciell skyddande effekt p\u00e5 nervceller.<\/p>\n\n\n\n<p>Alfa-liponsyra framst\u00e4lls som intraven\u00f6sa injektionsl\u00f6sningar f\u00f6r enteral och parenteral anv\u00e4ndning, d\u00e4r varje 50 ml injektionsflaska inneh\u00e5ller 600 mg aktiv substans.<\/p>\n\n\n\n<p><\/p>\n","protected":false},"excerpt":{"rendered":"<p>Liponsyra, \u00e4ven k\u00e4nd som a-liponsyra, alfa-liponsyra eller tioktinsyra, \u00e4r en svavelhaltig organisk f\u00f6rening som h\u00e4rr\u00f6r fr\u00e5n kaprylsyra. ALS produceras vanligtvis hos djur och \u00e4r avg\u00f6rande f\u00f6r aerob metabolism. Det \u00e4r en naturlig antioxidant som syntetiseras i kroppen sj\u00e4lv. Detta \u00e4mne deltar i \u00e4mnesoms\u00e4ttningen, vilket s\u00e4kerst\u00e4ller normal glukosmetabolism i varje cell, vilket resulterar i generering av&#8230;<\/p>\n","protected":false},"author":3,"featured_media":2619,"parent":2373,"menu_order":0,"comment_status":"closed","ping_status":"closed","template":"","meta":{"_acf_changed":false,"_uag_custom_page_level_css":"","_kadence_starter_templates_imported_post":false,"_kad_post_transparent":"","_kad_post_title":"","_kad_post_layout":"","_kad_post_sidebar_id":"","_kad_post_content_style":"","_kad_post_vertical_padding":"","_kad_post_feature":"","_kad_post_feature_position":"","_kad_post_header":false,"_kad_post_footer":false,"footnotes":""},"class_list":["post-3159","page","type-page","status-publish","has-post-thumbnail","hentry"],"acf":[],"yoast_head":"<!-- This site is optimized with the Yoast SEO plugin v26.4 - https:\/\/yoast.com\/wordpress\/plugins\/seo\/ -->\n<title>Alfa-liponsyra - Santa Monica<\/title>\n<meta name=\"robots\" content=\"index, follow, max-snippet:-1, max-image-preview:large, max-video-preview:-1\" \/>\n<link rel=\"canonical\" href=\"https:\/\/santamonica.lv\/sv\/for-halsan\/alfa-liponsyra\/\" \/>\n<meta property=\"og:locale\" content=\"sv_SE\" \/>\n<meta property=\"og:type\" content=\"article\" \/>\n<meta property=\"og:title\" content=\"Alfa-liponsyra - Santa Monica\" \/>\n<meta property=\"og:description\" content=\"Liponsyra, \u00e4ven k\u00e4nd som a-liponsyra, alfa-liponsyra eller tioktinsyra, \u00e4r en svavelhaltig organisk f\u00f6rening som h\u00e4rr\u00f6r fr\u00e5n kaprylsyra. ALS produceras vanligtvis hos djur och \u00e4r avg\u00f6rande f\u00f6r aerob metabolism. Det \u00e4r en naturlig antioxidant som syntetiseras i kroppen sj\u00e4lv. Detta \u00e4mne deltar i \u00e4mnesoms\u00e4ttningen, vilket s\u00e4kerst\u00e4ller normal glukosmetabolism i varje cell, vilket resulterar i generering av...\" \/>\n<meta property=\"og:url\" content=\"https:\/\/santamonica.lv\/sv\/for-halsan\/alfa-liponsyra\/\" \/>\n<meta property=\"og:site_name\" content=\"Santa Monica\" \/>\n<meta property=\"article:publisher\" content=\"https:\/\/www.facebook.com\/klinikasantamonica\" \/>\n<meta property=\"article:modified_time\" content=\"2025-03-05T20:44:25+00:00\" \/>\n<meta property=\"og:image\" content=\"https:\/\/santamonica.lv\/wp-content\/uploads\/2024\/01\/alpha-lipoic-acid.jpg\" \/>\n\t<meta property=\"og:image:width\" content=\"1000\" \/>\n\t<meta property=\"og:image:height\" content=\"667\" \/>\n\t<meta property=\"og:image:type\" content=\"image\/jpeg\" \/>\n<meta name=\"twitter:card\" content=\"summary_large_image\" \/>\n<meta name=\"twitter:label1\" content=\"Est. reading time\" \/>\n\t<meta name=\"twitter:data1\" content=\"1 minut\" \/>\n<script type=\"application\/ld+json\" class=\"yoast-schema-graph\">{\"@context\":\"https:\/\/schema.org\",\"@graph\":[{\"@type\":\"WebPage\",\"@id\":\"https:\/\/santamonica.lv\/sv\/for-halsan\/alfa-liponsyra\/\",\"url\":\"https:\/\/santamonica.lv\/sv\/for-halsan\/alfa-liponsyra\/\",\"name\":\"Alfa-liponsyra - Santa Monica\",\"isPartOf\":{\"@id\":\"https:\/\/santamonica.lv\/sv\/#website\"},\"primaryImageOfPage\":{\"@id\":\"https:\/\/santamonica.lv\/sv\/for-halsan\/alfa-liponsyra\/#primaryimage\"},\"image\":{\"@id\":\"https:\/\/santamonica.lv\/sv\/for-halsan\/alfa-liponsyra\/#primaryimage\"},\"thumbnailUrl\":\"https:\/\/santamonica.lv\/wp-content\/uploads\/2024\/01\/alpha-lipoic-acid.jpg\",\"datePublished\":\"2025-03-01T22:23:31+00:00\",\"dateModified\":\"2025-03-05T20:44:25+00:00\",\"breadcrumb\":{\"@id\":\"https:\/\/santamonica.lv\/sv\/for-halsan\/alfa-liponsyra\/#breadcrumb\"},\"inLanguage\":\"sv-SE\",\"potentialAction\":[{\"@type\":\"ReadAction\",\"target\":[\"https:\/\/santamonica.lv\/sv\/for-halsan\/alfa-liponsyra\/\"]}]},{\"@type\":\"ImageObject\",\"inLanguage\":\"sv-SE\",\"@id\":\"https:\/\/santamonica.lv\/sv\/for-halsan\/alfa-liponsyra\/#primaryimage\",\"url\":\"https:\/\/santamonica.lv\/wp-content\/uploads\/2024\/01\/alpha-lipoic-acid.jpg\",\"contentUrl\":\"https:\/\/santamonica.lv\/wp-content\/uploads\/2024\/01\/alpha-lipoic-acid.jpg\",\"width\":1000,\"height\":667},{\"@type\":\"BreadcrumbList\",\"@id\":\"https:\/\/santamonica.lv\/sv\/for-halsan\/alfa-liponsyra\/#breadcrumb\",\"itemListElement\":[{\"@type\":\"ListItem\",\"position\":1,\"name\":\"Home\",\"item\":\"https:\/\/santamonica.lv\/sv\/borjan\/\"},{\"@type\":\"ListItem\",\"position\":2,\"name\":\"F\u00f6r h\u00e4lsan\",\"item\":\"https:\/\/santamonica.lv\/sv\/for-halsan\/\"},{\"@type\":\"ListItem\",\"position\":3,\"name\":\"Alfa-liponsyra\"}]},{\"@type\":\"WebSite\",\"@id\":\"https:\/\/santamonica.lv\/sv\/#website\",\"url\":\"https:\/\/santamonica.lv\/sv\/\",\"name\":\"Santa Monica\",\"description\":\"\",\"potentialAction\":[{\"@type\":\"SearchAction\",\"target\":{\"@type\":\"EntryPoint\",\"urlTemplate\":\"https:\/\/santamonica.lv\/sv\/?s={search_term_string}\"},\"query-input\":{\"@type\":\"PropertyValueSpecification\",\"valueRequired\":true,\"valueName\":\"search_term_string\"}}],\"inLanguage\":\"sv-SE\"}]}<\/script>\n<!-- \/ Yoast SEO plugin. -->","yoast_head_json":{"title":"Alfa-liponsyra - Santa Monica","robots":{"index":"index","follow":"follow","max-snippet":"max-snippet:-1","max-image-preview":"max-image-preview:large","max-video-preview":"max-video-preview:-1"},"canonical":"https:\/\/santamonica.lv\/sv\/for-halsan\/alfa-liponsyra\/","og_locale":"sv_SE","og_type":"article","og_title":"Alfa-liponsyra - Santa Monica","og_description":"Liponsyra, \u00e4ven k\u00e4nd som a-liponsyra, alfa-liponsyra eller tioktinsyra, \u00e4r en svavelhaltig organisk f\u00f6rening som h\u00e4rr\u00f6r fr\u00e5n kaprylsyra. ALS produceras vanligtvis hos djur och \u00e4r avg\u00f6rande f\u00f6r aerob metabolism. Det \u00e4r en naturlig antioxidant som syntetiseras i kroppen sj\u00e4lv. Detta \u00e4mne deltar i \u00e4mnesoms\u00e4ttningen, vilket s\u00e4kerst\u00e4ller normal glukosmetabolism i varje cell, vilket resulterar i generering av...","og_url":"https:\/\/santamonica.lv\/sv\/for-halsan\/alfa-liponsyra\/","og_site_name":"Santa Monica","article_publisher":"https:\/\/www.facebook.com\/klinikasantamonica","article_modified_time":"2025-03-05T20:44:25+00:00","og_image":[{"width":1000,"height":667,"url":"https:\/\/santamonica.lv\/wp-content\/uploads\/2024\/01\/alpha-lipoic-acid.jpg","type":"image\/jpeg"}],"twitter_card":"summary_large_image","twitter_misc":{"Est. reading time":"1 minut"},"schema":{"@context":"https:\/\/schema.org","@graph":[{"@type":"WebPage","@id":"https:\/\/santamonica.lv\/sv\/for-halsan\/alfa-liponsyra\/","url":"https:\/\/santamonica.lv\/sv\/for-halsan\/alfa-liponsyra\/","name":"Alfa-liponsyra - Santa Monica","isPartOf":{"@id":"https:\/\/santamonica.lv\/sv\/#website"},"primaryImageOfPage":{"@id":"https:\/\/santamonica.lv\/sv\/for-halsan\/alfa-liponsyra\/#primaryimage"},"image":{"@id":"https:\/\/santamonica.lv\/sv\/for-halsan\/alfa-liponsyra\/#primaryimage"},"thumbnailUrl":"https:\/\/santamonica.lv\/wp-content\/uploads\/2024\/01\/alpha-lipoic-acid.jpg","datePublished":"2025-03-01T22:23:31+00:00","dateModified":"2025-03-05T20:44:25+00:00","breadcrumb":{"@id":"https:\/\/santamonica.lv\/sv\/for-halsan\/alfa-liponsyra\/#breadcrumb"},"inLanguage":"sv-SE","potentialAction":[{"@type":"ReadAction","target":["https:\/\/santamonica.lv\/sv\/for-halsan\/alfa-liponsyra\/"]}]},{"@type":"ImageObject","inLanguage":"sv-SE","@id":"https:\/\/santamonica.lv\/sv\/for-halsan\/alfa-liponsyra\/#primaryimage","url":"https:\/\/santamonica.lv\/wp-content\/uploads\/2024\/01\/alpha-lipoic-acid.jpg","contentUrl":"https:\/\/santamonica.lv\/wp-content\/uploads\/2024\/01\/alpha-lipoic-acid.jpg","width":1000,"height":667},{"@type":"BreadcrumbList","@id":"https:\/\/santamonica.lv\/sv\/for-halsan\/alfa-liponsyra\/#breadcrumb","itemListElement":[{"@type":"ListItem","position":1,"name":"Home","item":"https:\/\/santamonica.lv\/sv\/borjan\/"},{"@type":"ListItem","position":2,"name":"F\u00f6r h\u00e4lsan","item":"https:\/\/santamonica.lv\/sv\/for-halsan\/"},{"@type":"ListItem","position":3,"name":"Alfa-liponsyra"}]},{"@type":"WebSite","@id":"https:\/\/santamonica.lv\/sv\/#website","url":"https:\/\/santamonica.lv\/sv\/","name":"Santa Monica","description":"","potentialAction":[{"@type":"SearchAction","target":{"@type":"EntryPoint","urlTemplate":"https:\/\/santamonica.lv\/sv\/?s={search_term_string}"},"query-input":{"@type":"PropertyValueSpecification","valueRequired":true,"valueName":"search_term_string"}}],"inLanguage":"sv-SE"}]}},"uagb_featured_image_src":{"full":["https:\/\/santamonica.lv\/wp-content\/uploads\/2024\/01\/alpha-lipoic-acid.jpg",1000,667,false],"thumbnail":["https:\/\/santamonica.lv\/wp-content\/uploads\/2024\/01\/alpha-lipoic-acid-150x150.jpg",150,150,true],"medium":["https:\/\/santamonica.lv\/wp-content\/uploads\/2024\/01\/alpha-lipoic-acid-300x200.jpg",300,200,true],"medium_large":["https:\/\/santamonica.lv\/wp-content\/uploads\/2024\/01\/alpha-lipoic-acid-768x512.jpg",768,512,true],"large":["https:\/\/santamonica.lv\/wp-content\/uploads\/2024\/01\/alpha-lipoic-acid.jpg",1000,667,false],"1536x1536":["https:\/\/santamonica.lv\/wp-content\/uploads\/2024\/01\/alpha-lipoic-acid.jpg",1000,667,false],"2048x2048":["https:\/\/santamonica.lv\/wp-content\/uploads\/2024\/01\/alpha-lipoic-acid.jpg",1000,667,false],"woocommerce_thumbnail":["https:\/\/santamonica.lv\/wp-content\/uploads\/2024\/01\/alpha-lipoic-acid-300x300.jpg",300,300,true],"woocommerce_single":["https:\/\/santamonica.lv\/wp-content\/uploads\/2024\/01\/alpha-lipoic-acid-600x400.jpg",600,400,true],"woocommerce_gallery_thumbnail":["https:\/\/santamonica.lv\/wp-content\/uploads\/2024\/01\/alpha-lipoic-acid-100x100.jpg",100,100,true]},"uagb_author_info":{"display_name":"Aigars","author_link":"https:\/\/santamonica.lv\/sv\/author\/aigars\/"},"uagb_comment_info":0,"uagb_excerpt":"Liponsyra, \u00e4ven k\u00e4nd som a-liponsyra, alfa-liponsyra eller tioktinsyra, \u00e4r en svavelhaltig organisk f\u00f6rening som h\u00e4rr\u00f6r fr\u00e5n kaprylsyra. ALS produceras vanligtvis hos djur och \u00e4r avg\u00f6rande f\u00f6r aerob metabolism. Det \u00e4r en naturlig antioxidant som syntetiseras i kroppen sj\u00e4lv. Detta \u00e4mne deltar i \u00e4mnesoms\u00e4ttningen, vilket s\u00e4kerst\u00e4ller normal glukosmetabolism i varje cell, vilket resulterar i generering av...","_links":{"self":[{"href":"https:\/\/santamonica.lv\/sv\/wp-json\/wp\/v2\/pages\/3159","targetHints":{"allow":["GET"]}}],"collection":[{"href":"https:\/\/santamonica.lv\/sv\/wp-json\/wp\/v2\/pages"}],"about":[{"href":"https:\/\/santamonica.lv\/sv\/wp-json\/wp\/v2\/types\/page"}],"author":[{"embeddable":true,"href":"https:\/\/santamonica.lv\/sv\/wp-json\/wp\/v2\/users\/3"}],"replies":[{"embeddable":true,"href":"https:\/\/santamonica.lv\/sv\/wp-json\/wp\/v2\/comments?post=3159"}],"version-history":[{"count":1,"href":"https:\/\/santamonica.lv\/sv\/wp-json\/wp\/v2\/pages\/3159\/revisions"}],"predecessor-version":[{"id":3160,"href":"https:\/\/santamonica.lv\/sv\/wp-json\/wp\/v2\/pages\/3159\/revisions\/3160"}],"up":[{"embeddable":true,"href":"https:\/\/santamonica.lv\/sv\/wp-json\/wp\/v2\/pages\/2373"}],"wp:featuredmedia":[{"embeddable":true,"href":"https:\/\/santamonica.lv\/sv\/wp-json\/wp\/v2\/media\/2619"}],"wp:attachment":[{"href":"https:\/\/santamonica.lv\/sv\/wp-json\/wp\/v2\/media?parent=3159"}],"curies":[{"name":"wp","href":"https:\/\/api.w.org\/{rel}","templated":true}]}}