{"id":3161,"date":"2025-03-02T00:28:53","date_gmt":"2025-03-01T22:28:53","guid":{"rendered":"https:\/\/santamonica.lv\/?page_id=3161"},"modified":"2025-03-05T22:44:22","modified_gmt":"2025-03-05T20:44:22","slug":"adek-vitamin","status":"publish","type":"page","link":"https:\/\/santamonica.lv\/sv\/for-halsan\/adek-vitamin\/","title":{"rendered":"ADEK vitamininjektionsl\u00f6sning"},"content":{"rendered":"\n<div class=\"wp-block-columns is-layout-flex wp-container-core-columns-is-layout-9d6595d7 wp-block-columns-is-layout-flex\">\n<div class=\"wp-block-column is-layout-flow wp-block-column-is-layout-flow\" style=\"flex-basis:33.33%\">\n<figure class=\"wp-block-image size-full\"><img loading=\"lazy\" decoding=\"async\" width=\"1330\" height=\"694\" src=\"https:\/\/santamonica.lv\/wp-content\/uploads\/2024\/01\/adek-vitaminu-infuzijas.jpg\" alt=\"\" class=\"wp-image-1071\" srcset=\"https:\/\/santamonica.lv\/wp-content\/uploads\/2024\/01\/adek-vitaminu-infuzijas.jpg 1330w, https:\/\/santamonica.lv\/wp-content\/uploads\/2024\/01\/adek-vitaminu-infuzijas-300x157.jpg 300w, https:\/\/santamonica.lv\/wp-content\/uploads\/2024\/01\/adek-vitaminu-infuzijas-1024x534.jpg 1024w, https:\/\/santamonica.lv\/wp-content\/uploads\/2024\/01\/adek-vitaminu-infuzijas-768x401.jpg 768w, https:\/\/santamonica.lv\/wp-content\/uploads\/2024\/01\/adek-vitaminu-infuzijas-600x313.jpg 600w\" sizes=\"auto, (max-width: 1330px) 100vw, 1330px\" \/><\/figure>\n<\/div>\n\n\n\n<div class=\"wp-block-column is-layout-flow wp-block-column-is-layout-flow\" style=\"flex-basis:66.66%\">\n<p>Vitaminerna A, D, E och K \u00e4r alla fettl\u00f6sliga, som finns kvar i kroppen under en relativt l\u00e5ng tid. N\u00e4r det g\u00e4ller m\u00e5nga sjukdomar uppst\u00e5r en brist p\u00e5 dessa \u00e4mnen i kroppen p\u00e5 grund av absorptionsst\u00f6rningar (ulcer\u00f6s kolit, kronisk diarr\u00e9, etc.). d\u00e5 \u00e4r deras ytterligare administration n\u00f6dv\u00e4ndig.<\/p>\n<\/div>\n<\/div>\n\n\n\n<p>ADEKs formel f\u00f6r vitamininjektionsl\u00f6sning har utvecklats genom att kombinera alla fettl\u00f6sliga vitaminer i form av en intramuskul\u00e4r injektion.<\/p>\n\n\n\n<p><strong>Sammans\u00e4ttning av ADEK vitamininjektion:<\/strong><\/p>\n\n\n\n<p>Vitamin A 100 000 DV;<\/p>\n\n\n\n<p>Vitamin D3 10 000 DV;<\/p>\n\n\n\n<p>Vitamin E 100 DV;<\/p>\n\n\n\n<p>Vitamin K \u2013 10 mg.<\/p>\n\n\n\n<p>Denna l\u00f6sning f\u00f6r injektion finns i 1 ml ampuller (oljig l\u00f6sning) f\u00f6r intramuskul\u00e4r injektion i s\u00e4tesregionen.<\/p>\n","protected":false},"excerpt":{"rendered":"<p>Vitaminerna A, D, E och K \u00e4r alla fettl\u00f6sliga, som finns kvar i kroppen under en relativt l\u00e5ng tid. N\u00e4r det g\u00e4ller m\u00e5nga sjukdomar uppst\u00e5r en brist p\u00e5 dessa \u00e4mnen i kroppen p\u00e5 grund av absorptionsst\u00f6rningar (ulcer\u00f6s kolit, kronisk diarr\u00e9, etc.). d\u00e5 \u00e4r deras ytterligare administration n\u00f6dv\u00e4ndig. ADEKs formel f\u00f6r vitamininjektionsl\u00f6sning har utvecklats genom att&#8230;<\/p>\n","protected":false},"author":3,"featured_media":2622,"parent":2373,"menu_order":0,"comment_status":"closed","ping_status":"closed","template":"","meta":{"_acf_changed":false,"_uag_custom_page_level_css":"","_kadence_starter_templates_imported_post":false,"_kad_post_transparent":"","_kad_post_title":"","_kad_post_layout":"","_kad_post_sidebar_id":"","_kad_post_content_style":"","_kad_post_vertical_padding":"","_kad_post_feature":"","_kad_post_feature_position":"","_kad_post_header":false,"_kad_post_footer":false,"footnotes":""},"class_list":["post-3161","page","type-page","status-publish","has-post-thumbnail","hentry"],"acf":[],"yoast_head":"<!-- This site is optimized with the Yoast SEO plugin v26.4 - https:\/\/yoast.com\/wordpress\/plugins\/seo\/ -->\n<title>ADEK vitamininjektionsl\u00f6sning - Santa Monica<\/title>\n<meta name=\"robots\" content=\"index, follow, max-snippet:-1, max-image-preview:large, max-video-preview:-1\" \/>\n<link rel=\"canonical\" href=\"https:\/\/santamonica.lv\/sv\/for-halsan\/adek-vitamin\/\" \/>\n<meta property=\"og:locale\" content=\"sv_SE\" \/>\n<meta property=\"og:type\" content=\"article\" \/>\n<meta property=\"og:title\" content=\"ADEK vitamininjektionsl\u00f6sning - Santa Monica\" \/>\n<meta property=\"og:description\" content=\"Vitaminerna A, D, E och K \u00e4r alla fettl\u00f6sliga, som finns kvar i kroppen under en relativt l\u00e5ng tid. N\u00e4r det g\u00e4ller m\u00e5nga sjukdomar uppst\u00e5r en brist p\u00e5 dessa \u00e4mnen i kroppen p\u00e5 grund av absorptionsst\u00f6rningar (ulcer\u00f6s kolit, kronisk diarr\u00e9, etc.). d\u00e5 \u00e4r deras ytterligare administration n\u00f6dv\u00e4ndig. ADEKs formel f\u00f6r vitamininjektionsl\u00f6sning har utvecklats genom att...\" \/>\n<meta property=\"og:url\" content=\"https:\/\/santamonica.lv\/sv\/for-halsan\/adek-vitamin\/\" \/>\n<meta property=\"og:site_name\" content=\"Santa Monica\" \/>\n<meta property=\"article:publisher\" content=\"https:\/\/www.facebook.com\/klinikasantamonica\" \/>\n<meta property=\"article:modified_time\" content=\"2025-03-05T20:44:22+00:00\" \/>\n<meta property=\"og:image\" content=\"https:\/\/santamonica.lv\/wp-content\/uploads\/2024\/01\/adek-vitaminu-infuzijas.jpg\" \/>\n\t<meta property=\"og:image:width\" content=\"1330\" \/>\n\t<meta property=\"og:image:height\" content=\"694\" \/>\n\t<meta property=\"og:image:type\" content=\"image\/jpeg\" \/>\n<meta name=\"twitter:card\" content=\"summary_large_image\" \/>\n<meta name=\"twitter:label1\" content=\"Est. reading time\" \/>\n\t<meta name=\"twitter:data1\" content=\"1 minut\" \/>\n<script type=\"application\/ld+json\" class=\"yoast-schema-graph\">{\"@context\":\"https:\/\/schema.org\",\"@graph\":[{\"@type\":\"WebPage\",\"@id\":\"https:\/\/santamonica.lv\/sv\/for-halsan\/adek-vitamin\/\",\"url\":\"https:\/\/santamonica.lv\/sv\/for-halsan\/adek-vitamin\/\",\"name\":\"ADEK vitamininjektionsl\u00f6sning - Santa Monica\",\"isPartOf\":{\"@id\":\"https:\/\/santamonica.lv\/sv\/#website\"},\"primaryImageOfPage\":{\"@id\":\"https:\/\/santamonica.lv\/sv\/for-halsan\/adek-vitamin\/#primaryimage\"},\"image\":{\"@id\":\"https:\/\/santamonica.lv\/sv\/for-halsan\/adek-vitamin\/#primaryimage\"},\"thumbnailUrl\":\"https:\/\/santamonica.lv\/wp-content\/uploads\/2024\/01\/adek-vitaminu-infuzijas.jpg\",\"datePublished\":\"2025-03-01T22:28:53+00:00\",\"dateModified\":\"2025-03-05T20:44:22+00:00\",\"breadcrumb\":{\"@id\":\"https:\/\/santamonica.lv\/sv\/for-halsan\/adek-vitamin\/#breadcrumb\"},\"inLanguage\":\"sv-SE\",\"potentialAction\":[{\"@type\":\"ReadAction\",\"target\":[\"https:\/\/santamonica.lv\/sv\/for-halsan\/adek-vitamin\/\"]}]},{\"@type\":\"ImageObject\",\"inLanguage\":\"sv-SE\",\"@id\":\"https:\/\/santamonica.lv\/sv\/for-halsan\/adek-vitamin\/#primaryimage\",\"url\":\"https:\/\/santamonica.lv\/wp-content\/uploads\/2024\/01\/adek-vitaminu-infuzijas.jpg\",\"contentUrl\":\"https:\/\/santamonica.lv\/wp-content\/uploads\/2024\/01\/adek-vitaminu-infuzijas.jpg\",\"width\":1330,\"height\":694},{\"@type\":\"BreadcrumbList\",\"@id\":\"https:\/\/santamonica.lv\/sv\/for-halsan\/adek-vitamin\/#breadcrumb\",\"itemListElement\":[{\"@type\":\"ListItem\",\"position\":1,\"name\":\"Home\",\"item\":\"https:\/\/santamonica.lv\/sv\/borjan\/\"},{\"@type\":\"ListItem\",\"position\":2,\"name\":\"F\u00f6r h\u00e4lsan\",\"item\":\"https:\/\/santamonica.lv\/sv\/for-halsan\/\"},{\"@type\":\"ListItem\",\"position\":3,\"name\":\"ADEK vitamininjektionsl\u00f6sning\"}]},{\"@type\":\"WebSite\",\"@id\":\"https:\/\/santamonica.lv\/sv\/#website\",\"url\":\"https:\/\/santamonica.lv\/sv\/\",\"name\":\"Santa Monica\",\"description\":\"\",\"potentialAction\":[{\"@type\":\"SearchAction\",\"target\":{\"@type\":\"EntryPoint\",\"urlTemplate\":\"https:\/\/santamonica.lv\/sv\/?s={search_term_string}\"},\"query-input\":{\"@type\":\"PropertyValueSpecification\",\"valueRequired\":true,\"valueName\":\"search_term_string\"}}],\"inLanguage\":\"sv-SE\"}]}<\/script>\n<!-- \/ Yoast SEO plugin. -->","yoast_head_json":{"title":"ADEK vitamininjektionsl\u00f6sning - Santa Monica","robots":{"index":"index","follow":"follow","max-snippet":"max-snippet:-1","max-image-preview":"max-image-preview:large","max-video-preview":"max-video-preview:-1"},"canonical":"https:\/\/santamonica.lv\/sv\/for-halsan\/adek-vitamin\/","og_locale":"sv_SE","og_type":"article","og_title":"ADEK vitamininjektionsl\u00f6sning - Santa Monica","og_description":"Vitaminerna A, D, E och K \u00e4r alla fettl\u00f6sliga, som finns kvar i kroppen under en relativt l\u00e5ng tid. N\u00e4r det g\u00e4ller m\u00e5nga sjukdomar uppst\u00e5r en brist p\u00e5 dessa \u00e4mnen i kroppen p\u00e5 grund av absorptionsst\u00f6rningar (ulcer\u00f6s kolit, kronisk diarr\u00e9, etc.). d\u00e5 \u00e4r deras ytterligare administration n\u00f6dv\u00e4ndig. ADEKs formel f\u00f6r vitamininjektionsl\u00f6sning har utvecklats genom att...","og_url":"https:\/\/santamonica.lv\/sv\/for-halsan\/adek-vitamin\/","og_site_name":"Santa Monica","article_publisher":"https:\/\/www.facebook.com\/klinikasantamonica","article_modified_time":"2025-03-05T20:44:22+00:00","og_image":[{"width":1330,"height":694,"url":"https:\/\/santamonica.lv\/wp-content\/uploads\/2024\/01\/adek-vitaminu-infuzijas.jpg","type":"image\/jpeg"}],"twitter_card":"summary_large_image","twitter_misc":{"Est. reading time":"1 minut"},"schema":{"@context":"https:\/\/schema.org","@graph":[{"@type":"WebPage","@id":"https:\/\/santamonica.lv\/sv\/for-halsan\/adek-vitamin\/","url":"https:\/\/santamonica.lv\/sv\/for-halsan\/adek-vitamin\/","name":"ADEK vitamininjektionsl\u00f6sning - Santa Monica","isPartOf":{"@id":"https:\/\/santamonica.lv\/sv\/#website"},"primaryImageOfPage":{"@id":"https:\/\/santamonica.lv\/sv\/for-halsan\/adek-vitamin\/#primaryimage"},"image":{"@id":"https:\/\/santamonica.lv\/sv\/for-halsan\/adek-vitamin\/#primaryimage"},"thumbnailUrl":"https:\/\/santamonica.lv\/wp-content\/uploads\/2024\/01\/adek-vitaminu-infuzijas.jpg","datePublished":"2025-03-01T22:28:53+00:00","dateModified":"2025-03-05T20:44:22+00:00","breadcrumb":{"@id":"https:\/\/santamonica.lv\/sv\/for-halsan\/adek-vitamin\/#breadcrumb"},"inLanguage":"sv-SE","potentialAction":[{"@type":"ReadAction","target":["https:\/\/santamonica.lv\/sv\/for-halsan\/adek-vitamin\/"]}]},{"@type":"ImageObject","inLanguage":"sv-SE","@id":"https:\/\/santamonica.lv\/sv\/for-halsan\/adek-vitamin\/#primaryimage","url":"https:\/\/santamonica.lv\/wp-content\/uploads\/2024\/01\/adek-vitaminu-infuzijas.jpg","contentUrl":"https:\/\/santamonica.lv\/wp-content\/uploads\/2024\/01\/adek-vitaminu-infuzijas.jpg","width":1330,"height":694},{"@type":"BreadcrumbList","@id":"https:\/\/santamonica.lv\/sv\/for-halsan\/adek-vitamin\/#breadcrumb","itemListElement":[{"@type":"ListItem","position":1,"name":"Home","item":"https:\/\/santamonica.lv\/sv\/borjan\/"},{"@type":"ListItem","position":2,"name":"F\u00f6r h\u00e4lsan","item":"https:\/\/santamonica.lv\/sv\/for-halsan\/"},{"@type":"ListItem","position":3,"name":"ADEK vitamininjektionsl\u00f6sning"}]},{"@type":"WebSite","@id":"https:\/\/santamonica.lv\/sv\/#website","url":"https:\/\/santamonica.lv\/sv\/","name":"Santa Monica","description":"","potentialAction":[{"@type":"SearchAction","target":{"@type":"EntryPoint","urlTemplate":"https:\/\/santamonica.lv\/sv\/?s={search_term_string}"},"query-input":{"@type":"PropertyValueSpecification","valueRequired":true,"valueName":"search_term_string"}}],"inLanguage":"sv-SE"}]}},"uagb_featured_image_src":{"full":["https:\/\/santamonica.lv\/wp-content\/uploads\/2024\/01\/adek-vitaminu-infuzijas.jpg",1330,694,false],"thumbnail":["https:\/\/santamonica.lv\/wp-content\/uploads\/2024\/01\/adek-vitaminu-infuzijas-150x150.jpg",150,150,true],"medium":["https:\/\/santamonica.lv\/wp-content\/uploads\/2024\/01\/adek-vitaminu-infuzijas-300x157.jpg",300,157,true],"medium_large":["https:\/\/santamonica.lv\/wp-content\/uploads\/2024\/01\/adek-vitaminu-infuzijas-768x401.jpg",768,401,true],"large":["https:\/\/santamonica.lv\/wp-content\/uploads\/2024\/01\/adek-vitaminu-infuzijas-1024x534.jpg",1024,534,true],"1536x1536":["https:\/\/santamonica.lv\/wp-content\/uploads\/2024\/01\/adek-vitaminu-infuzijas.jpg",1330,694,false],"2048x2048":["https:\/\/santamonica.lv\/wp-content\/uploads\/2024\/01\/adek-vitaminu-infuzijas.jpg",1330,694,false],"woocommerce_thumbnail":["https:\/\/santamonica.lv\/wp-content\/uploads\/2024\/01\/adek-vitaminu-infuzijas-300x300.jpg",300,300,true],"woocommerce_single":["https:\/\/santamonica.lv\/wp-content\/uploads\/2024\/01\/adek-vitaminu-infuzijas-600x313.jpg",600,313,true],"woocommerce_gallery_thumbnail":["https:\/\/santamonica.lv\/wp-content\/uploads\/2024\/01\/adek-vitaminu-infuzijas-100x100.jpg",100,100,true]},"uagb_author_info":{"display_name":"Aigars","author_link":"https:\/\/santamonica.lv\/sv\/author\/aigars\/"},"uagb_comment_info":0,"uagb_excerpt":"Vitaminerna A, D, E och K \u00e4r alla fettl\u00f6sliga, som finns kvar i kroppen under en relativt l\u00e5ng tid. N\u00e4r det g\u00e4ller m\u00e5nga sjukdomar uppst\u00e5r en brist p\u00e5 dessa \u00e4mnen i kroppen p\u00e5 grund av absorptionsst\u00f6rningar (ulcer\u00f6s kolit, kronisk diarr\u00e9, etc.). d\u00e5 \u00e4r deras ytterligare administration n\u00f6dv\u00e4ndig. ADEKs formel f\u00f6r vitamininjektionsl\u00f6sning har utvecklats genom att...","_links":{"self":[{"href":"https:\/\/santamonica.lv\/sv\/wp-json\/wp\/v2\/pages\/3161","targetHints":{"allow":["GET"]}}],"collection":[{"href":"https:\/\/santamonica.lv\/sv\/wp-json\/wp\/v2\/pages"}],"about":[{"href":"https:\/\/santamonica.lv\/sv\/wp-json\/wp\/v2\/types\/page"}],"author":[{"embeddable":true,"href":"https:\/\/santamonica.lv\/sv\/wp-json\/wp\/v2\/users\/3"}],"replies":[{"embeddable":true,"href":"https:\/\/santamonica.lv\/sv\/wp-json\/wp\/v2\/comments?post=3161"}],"version-history":[{"count":1,"href":"https:\/\/santamonica.lv\/sv\/wp-json\/wp\/v2\/pages\/3161\/revisions"}],"predecessor-version":[{"id":3162,"href":"https:\/\/santamonica.lv\/sv\/wp-json\/wp\/v2\/pages\/3161\/revisions\/3162"}],"up":[{"embeddable":true,"href":"https:\/\/santamonica.lv\/sv\/wp-json\/wp\/v2\/pages\/2373"}],"wp:featuredmedia":[{"embeddable":true,"href":"https:\/\/santamonica.lv\/sv\/wp-json\/wp\/v2\/media\/2622"}],"wp:attachment":[{"href":"https:\/\/santamonica.lv\/sv\/wp-json\/wp\/v2\/media?parent=3161"}],"curies":[{"name":"wp","href":"https:\/\/api.w.org\/{rel}","templated":true}]}}