{"id":3163,"date":"2025-03-02T00:39:05","date_gmt":"2025-03-01T22:39:05","guid":{"rendered":"https:\/\/santamonica.lv\/?page_id=3163"},"modified":"2025-03-05T22:44:19","modified_gmt":"2025-03-05T20:44:19","slug":"6-shogaol","status":"publish","type":"page","link":"https:\/\/santamonica.lv\/sv\/for-halsan\/6-shogaol\/","title":{"rendered":"6 \u2013 shogaol"},"content":{"rendered":"\n<div class=\"wp-block-columns is-layout-flex wp-container-core-columns-is-layout-9d6595d7 wp-block-columns-is-layout-flex\">\n<div class=\"wp-block-column is-layout-flow wp-block-column-is-layout-flow\" style=\"flex-basis:33.33%\">\n<figure class=\"wp-block-image size-full\"><img loading=\"lazy\" decoding=\"async\" width=\"1152\" height=\"647\" src=\"https:\/\/santamonica.lv\/wp-content\/uploads\/2024\/01\/ginger.jpg\" alt=\"\" class=\"wp-image-1065\" srcset=\"https:\/\/santamonica.lv\/wp-content\/uploads\/2024\/01\/ginger.jpg 1152w, https:\/\/santamonica.lv\/wp-content\/uploads\/2024\/01\/ginger-300x168.jpg 300w, https:\/\/santamonica.lv\/wp-content\/uploads\/2024\/01\/ginger-1024x575.jpg 1024w, https:\/\/santamonica.lv\/wp-content\/uploads\/2024\/01\/ginger-768x431.jpg 768w, https:\/\/santamonica.lv\/wp-content\/uploads\/2024\/01\/ginger-600x337.jpg 600w\" sizes=\"auto, (max-width: 1152px) 100vw, 1152px\" \/><\/figure>\n<\/div>\n\n\n\n<div class=\"wp-block-column is-layout-flow wp-block-column-is-layout-flow\" style=\"flex-basis:66.66%\">\n<p>6 \u2013 Shogaol \u00e4r den aktiva f\u00f6reningen av ingef\u00e4raextrakt. L\u00e4kare i den asiatiska regionen har anv\u00e4nt biologiska substanser och fytoncider i ingef\u00e4ra (Panax ginseng) i \u00e5rhundraden och till och med tusentals \u00e5r vid behandling av olika sjukdomar. Historiskt har det anv\u00e4nts f\u00f6r att behandla tr\u00f6tthet och stress. Ingef\u00e4ra inneh\u00e5ller flera biologiskt aktiva f\u00f6reningar. De viktigaste \u00e4r de s\u00e5 kallade gingerolerna. Gingerol (betahydroxiketon) \u00e4r en fytokemisk fenolf\u00f6rening som finns i f\u00e4rsk ingef\u00e4ra som orsakar en br\u00e4nnande k\u00e4nsla p\u00e5 tungan. I sin naturliga form liknar den en l\u00e4tt gul olja som finns i rhizomer av denna v\u00e4xt.<\/p>\n<\/div>\n<\/div>\n\n\n\n<p>Shogaol \u00e4r en biologiskt aktiv substans som finns i ingef\u00e4ra. Shogaol erh\u00e5lls genom att v\u00e4rma ingef\u00e4ra vid en h\u00f6g temperatur. Ingef\u00e4rsextrakt inneh\u00e5ller f\u00f6rutom shogaol \u00e4ven en annan kemisk f\u00f6rening zingerone, som fungerar som en antioxidant och \u00e4ven kan ha en positiv effekt p\u00e5 \u00e4mnesoms\u00e4ttningen.<\/p>\n\n\n\n<p>M\u00e5nga vetenskapliga studier har beskrivits, vars syfte var att ta reda p\u00e5 hur effektiv anv\u00e4ndningen av ingef\u00e4raf\u00f6reningar \u00e4r och f\u00f6r vilka \u00e4ndam\u00e5l den kan anv\u00e4ndas. Shogaol \u00e4r k\u00e4nt f\u00f6r att ha anti-canceraktivitet och anv\u00e4nds f\u00f6r att minska biverkningarna av kemoterapi. Djurstudier har visat att substanserna i ingef\u00e4ra h\u00e4mmar reproduktionen av cancerstamceller, h\u00e4mmar neoangiogenes (bildning av nya blodk\u00e4rl i cancerv\u00e4vnad) och fr\u00e4mjar apoptos \u2013 cancercellers naturliga d\u00f6d. Studier utf\u00f6rda i Kina och Korea och deras resultat noterar att ingef\u00e4raf\u00f6reningar avsev\u00e4rt f\u00f6rb\u00e4ttrar livskvaliteten f\u00f6r patienter med br\u00f6st- och endometriecancer. Metaboliter av ett \u00e4mne i ingef\u00e4rar\u00f6tter har visat sig bilda substans K i tjocktarmen, vilket har stor betydelse vid behandling av kolorektal cancer. \u00c5 andra sidan konstaterar American Cancer Research Institute att ingef\u00e4ra avsev\u00e4rt minskar tr\u00f6tthet orsakad av cancerf\u00f6rgiftning.<\/p>\n\n\n\n<p>Ingef\u00e4ra har ocks\u00e5 en uttalad antiinflammatorisk effekt, s\u00e5 det rekommenderas vid behandling av ulcer\u00f6s kolit.<\/p>\n\n\n\n<p>De aktiva substanserna i ingef\u00e4ra rekommenderas ocks\u00e5 vid behandling av ischemi, diabetes och kroniska infektioner.<\/p>\n\n\n\n<p>Alla ingef\u00e4rspreparat tolereras i allm\u00e4nhet v\u00e4l av patienter och det \u00e4r k\u00e4nt att ingef\u00e4ra (Panax qiunquefolius), som v\u00e4xer i Amerika, kan s\u00e4nka blodsockerniv\u00e5n hos diabetespatienter.<\/p>\n\n\n\n<p><strong>Anv\u00e4ndning av 6-shogaol f\u00f6r att f\u00f6rst\u00f6ra alla typer av cancerstamceller:6<\/strong><\/p>\n\n\n\n<ul class=\"wp-block-list\">\n<li>F\u00f6r patienter med br\u00f6stcancer;<\/li>\n\n\n\n<li>Lungcancer;<\/li>\n\n\n\n<li>F\u00f6r behandling av hepatokarcinom;<\/li>\n\n\n\n<li>F\u00f6r behandling av kolorektal cancer.<\/li>\n\n\n\n<li>F\u00f6r behandling av prostatacancer;<\/li>\n\n\n\n<li>F\u00f6r leukemibehandling.<\/li>\n<\/ul>\n","protected":false},"excerpt":{"rendered":"<p>6 \u2013 Shogaol \u00e4r den aktiva f\u00f6reningen av ingef\u00e4raextrakt. L\u00e4kare i den asiatiska regionen har anv\u00e4nt biologiska substanser och fytoncider i ingef\u00e4ra (Panax ginseng) i \u00e5rhundraden och till och med tusentals \u00e5r vid behandling av olika sjukdomar. Historiskt har det anv\u00e4nts f\u00f6r att behandla tr\u00f6tthet och stress. Ingef\u00e4ra inneh\u00e5ller flera biologiskt aktiva f\u00f6reningar. De viktigaste&#8230;<\/p>\n","protected":false},"author":3,"featured_media":2634,"parent":2373,"menu_order":0,"comment_status":"closed","ping_status":"closed","template":"","meta":{"_acf_changed":false,"_uag_custom_page_level_css":"","_kadence_starter_templates_imported_post":false,"_kad_post_transparent":"","_kad_post_title":"","_kad_post_layout":"","_kad_post_sidebar_id":"","_kad_post_content_style":"","_kad_post_vertical_padding":"","_kad_post_feature":"","_kad_post_feature_position":"","_kad_post_header":false,"_kad_post_footer":false,"footnotes":""},"class_list":["post-3163","page","type-page","status-publish","has-post-thumbnail","hentry"],"acf":[],"yoast_head":"<!-- This site is optimized with the Yoast SEO plugin v26.4 - https:\/\/yoast.com\/wordpress\/plugins\/seo\/ -->\n<title>6 \u2013 shogaol - Santa Monica<\/title>\n<meta name=\"robots\" content=\"index, follow, max-snippet:-1, max-image-preview:large, max-video-preview:-1\" \/>\n<link rel=\"canonical\" href=\"https:\/\/santamonica.lv\/sv\/for-halsan\/6-shogaol\/\" \/>\n<meta property=\"og:locale\" content=\"sv_SE\" \/>\n<meta property=\"og:type\" content=\"article\" \/>\n<meta property=\"og:title\" content=\"6 \u2013 shogaol - Santa Monica\" \/>\n<meta property=\"og:description\" content=\"6 \u2013 Shogaol \u00e4r den aktiva f\u00f6reningen av ingef\u00e4raextrakt. L\u00e4kare i den asiatiska regionen har anv\u00e4nt biologiska substanser och fytoncider i ingef\u00e4ra (Panax ginseng) i \u00e5rhundraden och till och med tusentals \u00e5r vid behandling av olika sjukdomar. Historiskt har det anv\u00e4nts f\u00f6r att behandla tr\u00f6tthet och stress. Ingef\u00e4ra inneh\u00e5ller flera biologiskt aktiva f\u00f6reningar. De viktigaste...\" \/>\n<meta property=\"og:url\" content=\"https:\/\/santamonica.lv\/sv\/for-halsan\/6-shogaol\/\" \/>\n<meta property=\"og:site_name\" content=\"Santa Monica\" \/>\n<meta property=\"article:publisher\" content=\"https:\/\/www.facebook.com\/klinikasantamonica\" \/>\n<meta property=\"article:modified_time\" content=\"2025-03-05T20:44:19+00:00\" \/>\n<meta property=\"og:image\" content=\"https:\/\/santamonica.lv\/wp-content\/uploads\/2024\/01\/ginger.jpg\" \/>\n\t<meta property=\"og:image:width\" content=\"1152\" \/>\n\t<meta property=\"og:image:height\" content=\"647\" \/>\n\t<meta property=\"og:image:type\" content=\"image\/jpeg\" \/>\n<meta name=\"twitter:card\" content=\"summary_large_image\" \/>\n<meta name=\"twitter:label1\" content=\"Est. reading time\" \/>\n\t<meta name=\"twitter:data1\" content=\"2 minuter\" \/>\n<script type=\"application\/ld+json\" class=\"yoast-schema-graph\">{\"@context\":\"https:\/\/schema.org\",\"@graph\":[{\"@type\":\"WebPage\",\"@id\":\"https:\/\/santamonica.lv\/sv\/for-halsan\/6-shogaol\/\",\"url\":\"https:\/\/santamonica.lv\/sv\/for-halsan\/6-shogaol\/\",\"name\":\"6 \u2013 shogaol - Santa Monica\",\"isPartOf\":{\"@id\":\"https:\/\/santamonica.lv\/sv\/#website\"},\"primaryImageOfPage\":{\"@id\":\"https:\/\/santamonica.lv\/sv\/for-halsan\/6-shogaol\/#primaryimage\"},\"image\":{\"@id\":\"https:\/\/santamonica.lv\/sv\/for-halsan\/6-shogaol\/#primaryimage\"},\"thumbnailUrl\":\"https:\/\/santamonica.lv\/wp-content\/uploads\/2024\/01\/ginger.jpg\",\"datePublished\":\"2025-03-01T22:39:05+00:00\",\"dateModified\":\"2025-03-05T20:44:19+00:00\",\"breadcrumb\":{\"@id\":\"https:\/\/santamonica.lv\/sv\/for-halsan\/6-shogaol\/#breadcrumb\"},\"inLanguage\":\"sv-SE\",\"potentialAction\":[{\"@type\":\"ReadAction\",\"target\":[\"https:\/\/santamonica.lv\/sv\/for-halsan\/6-shogaol\/\"]}]},{\"@type\":\"ImageObject\",\"inLanguage\":\"sv-SE\",\"@id\":\"https:\/\/santamonica.lv\/sv\/for-halsan\/6-shogaol\/#primaryimage\",\"url\":\"https:\/\/santamonica.lv\/wp-content\/uploads\/2024\/01\/ginger.jpg\",\"contentUrl\":\"https:\/\/santamonica.lv\/wp-content\/uploads\/2024\/01\/ginger.jpg\",\"width\":1152,\"height\":647},{\"@type\":\"BreadcrumbList\",\"@id\":\"https:\/\/santamonica.lv\/sv\/for-halsan\/6-shogaol\/#breadcrumb\",\"itemListElement\":[{\"@type\":\"ListItem\",\"position\":1,\"name\":\"Home\",\"item\":\"https:\/\/santamonica.lv\/sv\/borjan\/\"},{\"@type\":\"ListItem\",\"position\":2,\"name\":\"F\u00f6r h\u00e4lsan\",\"item\":\"https:\/\/santamonica.lv\/sv\/for-halsan\/\"},{\"@type\":\"ListItem\",\"position\":3,\"name\":\"6 \u2013 shogaol\"}]},{\"@type\":\"WebSite\",\"@id\":\"https:\/\/santamonica.lv\/sv\/#website\",\"url\":\"https:\/\/santamonica.lv\/sv\/\",\"name\":\"Santa Monica\",\"description\":\"\",\"potentialAction\":[{\"@type\":\"SearchAction\",\"target\":{\"@type\":\"EntryPoint\",\"urlTemplate\":\"https:\/\/santamonica.lv\/sv\/?s={search_term_string}\"},\"query-input\":{\"@type\":\"PropertyValueSpecification\",\"valueRequired\":true,\"valueName\":\"search_term_string\"}}],\"inLanguage\":\"sv-SE\"}]}<\/script>\n<!-- \/ Yoast SEO plugin. -->","yoast_head_json":{"title":"6 \u2013 shogaol - Santa Monica","robots":{"index":"index","follow":"follow","max-snippet":"max-snippet:-1","max-image-preview":"max-image-preview:large","max-video-preview":"max-video-preview:-1"},"canonical":"https:\/\/santamonica.lv\/sv\/for-halsan\/6-shogaol\/","og_locale":"sv_SE","og_type":"article","og_title":"6 \u2013 shogaol - Santa Monica","og_description":"6 \u2013 Shogaol \u00e4r den aktiva f\u00f6reningen av ingef\u00e4raextrakt. L\u00e4kare i den asiatiska regionen har anv\u00e4nt biologiska substanser och fytoncider i ingef\u00e4ra (Panax ginseng) i \u00e5rhundraden och till och med tusentals \u00e5r vid behandling av olika sjukdomar. Historiskt har det anv\u00e4nts f\u00f6r att behandla tr\u00f6tthet och stress. Ingef\u00e4ra inneh\u00e5ller flera biologiskt aktiva f\u00f6reningar. De viktigaste...","og_url":"https:\/\/santamonica.lv\/sv\/for-halsan\/6-shogaol\/","og_site_name":"Santa Monica","article_publisher":"https:\/\/www.facebook.com\/klinikasantamonica","article_modified_time":"2025-03-05T20:44:19+00:00","og_image":[{"width":1152,"height":647,"url":"https:\/\/santamonica.lv\/wp-content\/uploads\/2024\/01\/ginger.jpg","type":"image\/jpeg"}],"twitter_card":"summary_large_image","twitter_misc":{"Est. reading time":"2 minuter"},"schema":{"@context":"https:\/\/schema.org","@graph":[{"@type":"WebPage","@id":"https:\/\/santamonica.lv\/sv\/for-halsan\/6-shogaol\/","url":"https:\/\/santamonica.lv\/sv\/for-halsan\/6-shogaol\/","name":"6 \u2013 shogaol - Santa Monica","isPartOf":{"@id":"https:\/\/santamonica.lv\/sv\/#website"},"primaryImageOfPage":{"@id":"https:\/\/santamonica.lv\/sv\/for-halsan\/6-shogaol\/#primaryimage"},"image":{"@id":"https:\/\/santamonica.lv\/sv\/for-halsan\/6-shogaol\/#primaryimage"},"thumbnailUrl":"https:\/\/santamonica.lv\/wp-content\/uploads\/2024\/01\/ginger.jpg","datePublished":"2025-03-01T22:39:05+00:00","dateModified":"2025-03-05T20:44:19+00:00","breadcrumb":{"@id":"https:\/\/santamonica.lv\/sv\/for-halsan\/6-shogaol\/#breadcrumb"},"inLanguage":"sv-SE","potentialAction":[{"@type":"ReadAction","target":["https:\/\/santamonica.lv\/sv\/for-halsan\/6-shogaol\/"]}]},{"@type":"ImageObject","inLanguage":"sv-SE","@id":"https:\/\/santamonica.lv\/sv\/for-halsan\/6-shogaol\/#primaryimage","url":"https:\/\/santamonica.lv\/wp-content\/uploads\/2024\/01\/ginger.jpg","contentUrl":"https:\/\/santamonica.lv\/wp-content\/uploads\/2024\/01\/ginger.jpg","width":1152,"height":647},{"@type":"BreadcrumbList","@id":"https:\/\/santamonica.lv\/sv\/for-halsan\/6-shogaol\/#breadcrumb","itemListElement":[{"@type":"ListItem","position":1,"name":"Home","item":"https:\/\/santamonica.lv\/sv\/borjan\/"},{"@type":"ListItem","position":2,"name":"F\u00f6r h\u00e4lsan","item":"https:\/\/santamonica.lv\/sv\/for-halsan\/"},{"@type":"ListItem","position":3,"name":"6 \u2013 shogaol"}]},{"@type":"WebSite","@id":"https:\/\/santamonica.lv\/sv\/#website","url":"https:\/\/santamonica.lv\/sv\/","name":"Santa Monica","description":"","potentialAction":[{"@type":"SearchAction","target":{"@type":"EntryPoint","urlTemplate":"https:\/\/santamonica.lv\/sv\/?s={search_term_string}"},"query-input":{"@type":"PropertyValueSpecification","valueRequired":true,"valueName":"search_term_string"}}],"inLanguage":"sv-SE"}]}},"uagb_featured_image_src":{"full":["https:\/\/santamonica.lv\/wp-content\/uploads\/2024\/01\/ginger.jpg",1152,647,false],"thumbnail":["https:\/\/santamonica.lv\/wp-content\/uploads\/2024\/01\/ginger-150x150.jpg",150,150,true],"medium":["https:\/\/santamonica.lv\/wp-content\/uploads\/2024\/01\/ginger-300x168.jpg",300,168,true],"medium_large":["https:\/\/santamonica.lv\/wp-content\/uploads\/2024\/01\/ginger-768x431.jpg",768,431,true],"large":["https:\/\/santamonica.lv\/wp-content\/uploads\/2024\/01\/ginger-1024x575.jpg",1024,575,true],"1536x1536":["https:\/\/santamonica.lv\/wp-content\/uploads\/2024\/01\/ginger.jpg",1152,647,false],"2048x2048":["https:\/\/santamonica.lv\/wp-content\/uploads\/2024\/01\/ginger.jpg",1152,647,false],"woocommerce_thumbnail":["https:\/\/santamonica.lv\/wp-content\/uploads\/2024\/01\/ginger-300x300.jpg",300,300,true],"woocommerce_single":["https:\/\/santamonica.lv\/wp-content\/uploads\/2024\/01\/ginger-600x337.jpg",600,337,true],"woocommerce_gallery_thumbnail":["https:\/\/santamonica.lv\/wp-content\/uploads\/2024\/01\/ginger-100x100.jpg",100,100,true]},"uagb_author_info":{"display_name":"Aigars","author_link":"https:\/\/santamonica.lv\/sv\/author\/aigars\/"},"uagb_comment_info":0,"uagb_excerpt":"6 \u2013 Shogaol \u00e4r den aktiva f\u00f6reningen av ingef\u00e4raextrakt. L\u00e4kare i den asiatiska regionen har anv\u00e4nt biologiska substanser och fytoncider i ingef\u00e4ra (Panax ginseng) i \u00e5rhundraden och till och med tusentals \u00e5r vid behandling av olika sjukdomar. Historiskt har det anv\u00e4nts f\u00f6r att behandla tr\u00f6tthet och stress. Ingef\u00e4ra inneh\u00e5ller flera biologiskt aktiva f\u00f6reningar. De viktigaste...","_links":{"self":[{"href":"https:\/\/santamonica.lv\/sv\/wp-json\/wp\/v2\/pages\/3163","targetHints":{"allow":["GET"]}}],"collection":[{"href":"https:\/\/santamonica.lv\/sv\/wp-json\/wp\/v2\/pages"}],"about":[{"href":"https:\/\/santamonica.lv\/sv\/wp-json\/wp\/v2\/types\/page"}],"author":[{"embeddable":true,"href":"https:\/\/santamonica.lv\/sv\/wp-json\/wp\/v2\/users\/3"}],"replies":[{"embeddable":true,"href":"https:\/\/santamonica.lv\/sv\/wp-json\/wp\/v2\/comments?post=3163"}],"version-history":[{"count":1,"href":"https:\/\/santamonica.lv\/sv\/wp-json\/wp\/v2\/pages\/3163\/revisions"}],"predecessor-version":[{"id":3164,"href":"https:\/\/santamonica.lv\/sv\/wp-json\/wp\/v2\/pages\/3163\/revisions\/3164"}],"up":[{"embeddable":true,"href":"https:\/\/santamonica.lv\/sv\/wp-json\/wp\/v2\/pages\/2373"}],"wp:featuredmedia":[{"embeddable":true,"href":"https:\/\/santamonica.lv\/sv\/wp-json\/wp\/v2\/media\/2634"}],"wp:attachment":[{"href":"https:\/\/santamonica.lv\/sv\/wp-json\/wp\/v2\/media?parent=3163"}],"curies":[{"name":"wp","href":"https:\/\/api.w.org\/{rel}","templated":true}]}}