{"id":3395,"date":"2025-03-10T21:03:20","date_gmt":"2025-03-10T19:03:20","guid":{"rendered":"https:\/\/santamonica.lv\/?page_id=3395"},"modified":"2025-03-10T23:25:32","modified_gmt":"2025-03-10T21:25:32","slug":"leverans","status":"publish","type":"page","link":"https:\/\/santamonica.lv\/sv\/leverans\/","title":{"rendered":"Leverans"},"content":{"rendered":"\n<p>Vid best\u00e4llning i Santa Monica Clinic webbutik \u00e4r standardleveranstiden f\u00f6r best\u00e4llningar 1-4 arbetsdagar. N\u00e4r best\u00e4llningen \u00e4r genomf\u00f6rd f\u00e5r du ett SMS och ett e-postmeddelande med ber\u00e4knad leveranstid p\u00e5 varorna.<\/p>\n\n\n\n<p><strong>UPPM\u00c4RKSAMHET!<\/strong> N\u00e4r du har f\u00e5tt meddelandet, dubbelkolla och j\u00e4mf\u00f6r all information. I h\u00e4ndelse av avvikelser, v\u00e4nligen kontakta oss genom att ringa: +371 27337768 eller genom att skriva till:&nbsp;<a href=\"mailto:info@santamonica.lv?swcfpc=1\">info@santamonica.lv<\/a><\/p>\n\n\n\n<p class=\"has-medium-font-size\"><strong>Leverans till paketsk\u00e5p<\/strong><\/p>\n\n\n\n<p>Om du har valt leverans till ett paketsk\u00e5p \u00e4r leveranstiden <strong>2\u20133 arbetsdagar<\/strong>, om inget annat anges f\u00f6r den specifika produkten.<\/p>\n\n\n\n<p>Leveranskostnad till <strong>Omniva <\/strong>paketsk\u00e5p <strong>\u2013<\/strong> <strong>2,99 \u20ac<\/strong>. Denna tj\u00e4nst \u00e4r tillg\u00e4nglig f\u00f6r best\u00e4llningar som inte \u00f6verstiger <strong>39 x 38 x 64 cm<\/strong> och en vikt p\u00e5 <strong>under 30 kg<\/strong>.<\/p>\n\n\n\n<p>Leveranskostnad till <strong>DPD<\/strong> paketsk\u00e5p \u2013 <strong>2,99 \u20ac<\/strong>. Denna tj\u00e4nst \u00e4r tillg\u00e4nglig f\u00f6r best\u00e4llningar som inte \u00f6verstiger <strong>61 x 44 x 37 cm<\/strong> och en vikt p\u00e5 <strong>under 30 kg<\/strong>.<\/p>\n\n\n\n<p>N\u00e4r best\u00e4llningen har levererats till paketsk\u00e5pet f\u00e5r du en <strong>SMS-kod<\/strong> f\u00f6r att \u00f6ppna sk\u00e5pet.<\/p>\n\n\n\n<p><strong>VIKTIGT!<\/strong> Paketet m\u00e5ste h\u00e4mtas inom <strong>7 dagar<\/strong>, annars skickas det tillbaka.<\/p>\n\n\n\n<p>F\u00f6r \u00f6vriga f\u00f6rs\u00e4ndelser ber\u00e4knas leveranskostnaden till paketsk\u00e5p utifr\u00e5n <strong>varukorgens vikt och leveransadress<\/strong>.<\/p>\n\n\n\n<p class=\"has-medium-font-size\"><strong>Hemleverans<\/strong><\/p>\n\n\n\n<p>Hemleverans sker p\u00e5 vardagar mellan 09:00 och 18:00.<\/p>\n\n\n\n<p>Leveranskostnaden f\u00f6r hemleverans ber\u00e4knas baserat p\u00e5 varukorgens vikt och leveransadress.<\/p>\n\n\n\n<figure class=\"wp-block-table\"><table class=\"has-fixed-layout\"><tbody><tr><td>Vikt<\/td><td>\u2264 1kg<\/td><td>\u2264 5kg<\/td><td>\u2264 10kg<\/td><td>\u2264 15kg<\/td><td>\u2264 20kg<\/td><\/tr><tr><td>Riga<\/td><td>3,99\u20ac<\/td><td>4,99\u20ac<\/td><td>5,99\u20ac<\/td><td>7,99\u20ac<\/td><td>8,99\u20ac<\/td><\/tr><tr><td>Lettland<\/td><td>4,99\u20ac<\/td><td>6,99\u20ac<\/td><td>10,99\u20ac<\/td><td>10,99\u20ac<\/td><td>10,99\u20ac<\/td><\/tr><\/tbody><\/table><\/figure>\n\n\n\n<p>* Normal leveranstid \u00e4r 2-3 arbetsdagar, om inte annat anges f\u00f6r den specifika produkten.<\/p>\n\n\n\n<p>N\u00e4r best\u00e4llningen har \u00f6verl\u00e4mnats till kuriren kommer du att kontaktas f\u00f6r att komma \u00f6verens om leveranstiden.<\/p>\n\n\n\n<p><strong>VIKTIGT!<\/strong> Om leverans inte \u00e4r m\u00f6jlig skickas f\u00f6rs\u00e4ndelsen till n\u00e4rmaste postkontor, och du f\u00e5r ett meddelande om att paketet har anl\u00e4nt. Med detta meddelande kan du h\u00e4mta paketet p\u00e5 det angivna postkontoret.<\/p>\n\n\n\n<p class=\"has-medium-font-size\"><strong>Du kan h\u00e4mta ditt paket <strong>kostnadsfritt<\/strong> p\u00e5 kliniken \u201eSanta Monica\u201d<\/strong>&nbsp;<a href=\"https:\/\/maps.app.goo.gl\/EDYPGnfz9hveaEcB7\" target=\"_blank\" rel=\"noreferrer noopener\">Nauk\u0161\u0113nu mui\u017ea, Nauk\u0161\u0113ni, Nauk\u0161\u0113nu pag., Valmieras nov., LV-4244<\/a>&nbsp;\u00d6ppettider: M\u00e5n\u2013Fre kl. 09:00\u201317:00.<\/p>\n\n\n\n<p>* P\u00e5 helger och helgdagar skickas inga varor ut och inga leveranser genomf\u00f6rs!<\/p>\n\n\n\n<p>Om du har ytterligare fr\u00e5gor, v\u00e4nligen kontakta oss genom att ringa <strong>+371 27337768<\/strong> eller skriva till <strong><a href=\"info@santamonica.lv\"><a href=\"mailto:info@santamonica.lv?swcfpc=1\">info@santamonica.lv<\/a><\/a><\/strong>, s\u00e5 besvarar vi din f\u00f6rfr\u00e5gan s\u00e5 snart som m\u00f6jligt.<\/p>\n\n\n\n<p><\/p>\n","protected":false},"excerpt":{"rendered":"<p>Vid best\u00e4llning i Santa Monica Clinic webbutik \u00e4r standardleveranstiden f\u00f6r best\u00e4llningar 1-4 arbetsdagar. N\u00e4r best\u00e4llningen \u00e4r genomf\u00f6rd f\u00e5r du ett SMS och ett e-postmeddelande med ber\u00e4knad leveranstid p\u00e5 varorna. UPPM\u00c4RKSAMHET! N\u00e4r du har f\u00e5tt meddelandet, dubbelkolla och j\u00e4mf\u00f6r all information. I h\u00e4ndelse av avvikelser, v\u00e4nligen kontakta oss genom att ringa: +371 27337768 eller genom att&#8230;<\/p>\n","protected":false},"author":1,"featured_media":0,"parent":0,"menu_order":0,"comment_status":"closed","ping_status":"closed","template":"","meta":{"_acf_changed":false,"_uag_custom_page_level_css":"","_kadence_starter_templates_imported_post":false,"_kad_post_transparent":"","_kad_post_title":"","_kad_post_layout":"","_kad_post_sidebar_id":"","_kad_post_content_style":"","_kad_post_vertical_padding":"","_kad_post_feature":"","_kad_post_feature_position":"","_kad_post_header":false,"_kad_post_footer":false,"footnotes":""},"class_list":["post-3395","page","type-page","status-publish","hentry"],"acf":[],"yoast_head":"<!-- This site is optimized with the Yoast SEO plugin v26.4 - https:\/\/yoast.com\/wordpress\/plugins\/seo\/ -->\n<title>Leverans - Santa Monica<\/title>\n<meta name=\"robots\" content=\"index, follow, max-snippet:-1, max-image-preview:large, max-video-preview:-1\" \/>\n<link rel=\"canonical\" href=\"https:\/\/santamonica.lv\/sv\/leverans\/\" \/>\n<meta property=\"og:locale\" content=\"sv_SE\" \/>\n<meta property=\"og:type\" content=\"article\" \/>\n<meta property=\"og:title\" content=\"Leverans - Santa Monica\" \/>\n<meta property=\"og:description\" content=\"Vid best\u00e4llning i Santa Monica Clinic webbutik \u00e4r standardleveranstiden f\u00f6r best\u00e4llningar 1-4 arbetsdagar. N\u00e4r best\u00e4llningen \u00e4r genomf\u00f6rd f\u00e5r du ett SMS och ett e-postmeddelande med ber\u00e4knad leveranstid p\u00e5 varorna. UPPM\u00c4RKSAMHET! N\u00e4r du har f\u00e5tt meddelandet, dubbelkolla och j\u00e4mf\u00f6r all information. I h\u00e4ndelse av avvikelser, v\u00e4nligen kontakta oss genom att ringa: +371 27337768 eller genom att...\" \/>\n<meta property=\"og:url\" content=\"https:\/\/santamonica.lv\/sv\/leverans\/\" \/>\n<meta property=\"og:site_name\" content=\"Santa Monica\" \/>\n<meta property=\"article:publisher\" content=\"https:\/\/www.facebook.com\/klinikasantamonica\" \/>\n<meta property=\"article:modified_time\" content=\"2025-03-10T21:25:32+00:00\" \/>\n<meta name=\"twitter:card\" content=\"summary_large_image\" \/>\n<meta name=\"twitter:label1\" content=\"Est. reading time\" \/>\n\t<meta name=\"twitter:data1\" content=\"2 minuter\" \/>\n<script type=\"application\/ld+json\" class=\"yoast-schema-graph\">{\"@context\":\"https:\/\/schema.org\",\"@graph\":[{\"@type\":\"WebPage\",\"@id\":\"https:\/\/santamonica.lv\/sv\/leverans\/\",\"url\":\"https:\/\/santamonica.lv\/sv\/leverans\/\",\"name\":\"Leverans - Santa Monica\",\"isPartOf\":{\"@id\":\"https:\/\/santamonica.lv\/sv\/#website\"},\"datePublished\":\"2025-03-10T19:03:20+00:00\",\"dateModified\":\"2025-03-10T21:25:32+00:00\",\"breadcrumb\":{\"@id\":\"https:\/\/santamonica.lv\/sv\/leverans\/#breadcrumb\"},\"inLanguage\":\"sv-SE\",\"potentialAction\":[{\"@type\":\"ReadAction\",\"target\":[\"https:\/\/santamonica.lv\/sv\/leverans\/\"]}]},{\"@type\":\"BreadcrumbList\",\"@id\":\"https:\/\/santamonica.lv\/sv\/leverans\/#breadcrumb\",\"itemListElement\":[{\"@type\":\"ListItem\",\"position\":1,\"name\":\"Home\",\"item\":\"https:\/\/santamonica.lv\/sv\/borjan\/\"},{\"@type\":\"ListItem\",\"position\":2,\"name\":\"Leverans\"}]},{\"@type\":\"WebSite\",\"@id\":\"https:\/\/santamonica.lv\/sv\/#website\",\"url\":\"https:\/\/santamonica.lv\/sv\/\",\"name\":\"Santa Monica\",\"description\":\"\",\"potentialAction\":[{\"@type\":\"SearchAction\",\"target\":{\"@type\":\"EntryPoint\",\"urlTemplate\":\"https:\/\/santamonica.lv\/sv\/?s={search_term_string}\"},\"query-input\":{\"@type\":\"PropertyValueSpecification\",\"valueRequired\":true,\"valueName\":\"search_term_string\"}}],\"inLanguage\":\"sv-SE\"}]}<\/script>\n<!-- \/ Yoast SEO plugin. -->","yoast_head_json":{"title":"Leverans - Santa Monica","robots":{"index":"index","follow":"follow","max-snippet":"max-snippet:-1","max-image-preview":"max-image-preview:large","max-video-preview":"max-video-preview:-1"},"canonical":"https:\/\/santamonica.lv\/sv\/leverans\/","og_locale":"sv_SE","og_type":"article","og_title":"Leverans - Santa Monica","og_description":"Vid best\u00e4llning i Santa Monica Clinic webbutik \u00e4r standardleveranstiden f\u00f6r best\u00e4llningar 1-4 arbetsdagar. N\u00e4r best\u00e4llningen \u00e4r genomf\u00f6rd f\u00e5r du ett SMS och ett e-postmeddelande med ber\u00e4knad leveranstid p\u00e5 varorna. UPPM\u00c4RKSAMHET! N\u00e4r du har f\u00e5tt meddelandet, dubbelkolla och j\u00e4mf\u00f6r all information. I h\u00e4ndelse av avvikelser, v\u00e4nligen kontakta oss genom att ringa: +371 27337768 eller genom att...","og_url":"https:\/\/santamonica.lv\/sv\/leverans\/","og_site_name":"Santa Monica","article_publisher":"https:\/\/www.facebook.com\/klinikasantamonica","article_modified_time":"2025-03-10T21:25:32+00:00","twitter_card":"summary_large_image","twitter_misc":{"Est. reading time":"2 minuter"},"schema":{"@context":"https:\/\/schema.org","@graph":[{"@type":"WebPage","@id":"https:\/\/santamonica.lv\/sv\/leverans\/","url":"https:\/\/santamonica.lv\/sv\/leverans\/","name":"Leverans - Santa Monica","isPartOf":{"@id":"https:\/\/santamonica.lv\/sv\/#website"},"datePublished":"2025-03-10T19:03:20+00:00","dateModified":"2025-03-10T21:25:32+00:00","breadcrumb":{"@id":"https:\/\/santamonica.lv\/sv\/leverans\/#breadcrumb"},"inLanguage":"sv-SE","potentialAction":[{"@type":"ReadAction","target":["https:\/\/santamonica.lv\/sv\/leverans\/"]}]},{"@type":"BreadcrumbList","@id":"https:\/\/santamonica.lv\/sv\/leverans\/#breadcrumb","itemListElement":[{"@type":"ListItem","position":1,"name":"Home","item":"https:\/\/santamonica.lv\/sv\/borjan\/"},{"@type":"ListItem","position":2,"name":"Leverans"}]},{"@type":"WebSite","@id":"https:\/\/santamonica.lv\/sv\/#website","url":"https:\/\/santamonica.lv\/sv\/","name":"Santa Monica","description":"","potentialAction":[{"@type":"SearchAction","target":{"@type":"EntryPoint","urlTemplate":"https:\/\/santamonica.lv\/sv\/?s={search_term_string}"},"query-input":{"@type":"PropertyValueSpecification","valueRequired":true,"valueName":"search_term_string"}}],"inLanguage":"sv-SE"}]}},"uagb_featured_image_src":{"full":false,"thumbnail":false,"medium":false,"medium_large":false,"large":false,"1536x1536":false,"2048x2048":false,"woocommerce_thumbnail":false,"woocommerce_single":false,"woocommerce_gallery_thumbnail":false},"uagb_author_info":{"display_name":"admin","author_link":"https:\/\/santamonica.lv\/sv\/author\/admin\/"},"uagb_comment_info":0,"uagb_excerpt":"Vid best\u00e4llning i Santa Monica Clinic webbutik \u00e4r standardleveranstiden f\u00f6r best\u00e4llningar 1-4 arbetsdagar. N\u00e4r best\u00e4llningen \u00e4r genomf\u00f6rd f\u00e5r du ett SMS och ett e-postmeddelande med ber\u00e4knad leveranstid p\u00e5 varorna. UPPM\u00c4RKSAMHET! N\u00e4r du har f\u00e5tt meddelandet, dubbelkolla och j\u00e4mf\u00f6r all information. I h\u00e4ndelse av avvikelser, v\u00e4nligen kontakta oss genom att ringa: +371 27337768 eller genom att...","_links":{"self":[{"href":"https:\/\/santamonica.lv\/sv\/wp-json\/wp\/v2\/pages\/3395","targetHints":{"allow":["GET"]}}],"collection":[{"href":"https:\/\/santamonica.lv\/sv\/wp-json\/wp\/v2\/pages"}],"about":[{"href":"https:\/\/santamonica.lv\/sv\/wp-json\/wp\/v2\/types\/page"}],"author":[{"embeddable":true,"href":"https:\/\/santamonica.lv\/sv\/wp-json\/wp\/v2\/users\/1"}],"replies":[{"embeddable":true,"href":"https:\/\/santamonica.lv\/sv\/wp-json\/wp\/v2\/comments?post=3395"}],"version-history":[{"count":3,"href":"https:\/\/santamonica.lv\/sv\/wp-json\/wp\/v2\/pages\/3395\/revisions"}],"predecessor-version":[{"id":3428,"href":"https:\/\/santamonica.lv\/sv\/wp-json\/wp\/v2\/pages\/3395\/revisions\/3428"}],"wp:attachment":[{"href":"https:\/\/santamonica.lv\/sv\/wp-json\/wp\/v2\/media?parent=3395"}],"curies":[{"name":"wp","href":"https:\/\/api.w.org\/{rel}","templated":true}]}}