{"id":3463,"date":"2025-03-11T19:19:29","date_gmt":"2025-03-11T17:19:29","guid":{"rendered":"https:\/\/santamonica.lv\/?page_id=3463"},"modified":"2025-03-11T20:15:55","modified_gmt":"2025-03-11T18:15:55","slug":"betalning-for-varor","status":"publish","type":"page","link":"https:\/\/santamonica.lv\/sv\/betalning-for-varor\/","title":{"rendered":"Betalning f\u00f6r varor"},"content":{"rendered":"\n<p class=\"has-medium-font-size\"><strong>Onlinebetalning<\/strong><\/p>\n\n\n\n<p>Onlinebetalningar p\u00e5 webbplatsen santamonica.lv tillhandah\u00e5lls i samarbete med montonio.lv \u2013 en snabb och s\u00e4ker betalningsl\u00f6sning.<\/p>\n\n\n\n<p>Betala enkelt och bekv\u00e4mt online: v\u00e4lj din bank, logga in och bekr\u00e4fta betalningen.<\/p>\n\n\n\n<p>Efter att du har lagt din best\u00e4llning kommer en f\u00f6rskottsfaktura att skickas till din e-post och best\u00e4llningen kommer att behandlas.<\/p>\n\n\n\n<p>Den slutliga fakturan kommer att skickas till dig tillsammans med din best\u00e4llning.<\/p>\n\n\n\n<p class=\"has-medium-font-size\"><strong>Betalkort<\/strong><\/p>\n\n\n\n<p>Vid f\u00f6rskottsbetalning \u00e4r det m\u00f6jligt att anv\u00e4nda betal- och kreditkort VISA, MasterCard, Maestro, om kortet \u00e4r aktiverat f\u00f6r s\u00e4kra onlinek\u00f6p. Om kortet inte \u00e4r aktiverat f\u00f6r s\u00e4kra n\u00e4tk\u00f6p kan det aktiveras i din n\u00e4tbank.<\/p>\n\n\n\n<p>I samma \u00f6gonblick som kortinnehavarens information, kortnummer, utg\u00e5ngsdatum och CVV fylls i, kommer best\u00e4llningsbeloppet att debiteras fr\u00e5n ditt kortkonto.<\/p>\n\n\n\n<p>Efter att du har lagt din best\u00e4llning kommer en f\u00f6rskottsfaktura att skickas till din e-post och best\u00e4llningen kommer att behandlas.<\/p>\n\n\n\n<p>Den slutliga fakturan kommer att skickas till dig tillsammans med din best\u00e4llning.<\/p>\n\n\n\n<p class=\"has-medium-font-size\"><strong>Via bank\u00f6verf\u00f6ring<\/strong><\/p>\n\n\n\n<p>Efter att du har lagt din best\u00e4llning kommer en f\u00f6rskottsfaktura att skickas till din e-post.<\/p>\n\n\n\n<p><strong>UPPM\u00c4RKSAMHET!<\/strong> F\u00f6r att best\u00e4llningen ska kunna behandlas s\u00e5 snabbt som m\u00f6jligt \u00e4r det viktigt att ordernumret anges i betalningen.<\/p>\n\n\n\n<p>Efter betalning av fakturan kommer best\u00e4llningen att behandlas.<\/p>\n\n\n\n<p>Den slutliga fakturan kommer att skickas till dig tillsammans med din best\u00e4llning.<\/p>\n\n\n\n<p>*Best\u00e4llningar som inte har betalats inom 3 dagar kommer att annulleras automatiskt.<\/p>\n\n\n\n<p>Om du har ytterligare fr\u00e5gor, v\u00e4nligen kontakta oss genom att ringa: +371 27337768, eller genom att skriva: <a href=\"mailto:info@santamonica.lv\">info@santamonica.lv<\/a> s\u00e5 ska vi f\u00f6rs\u00f6ka besvara dem s\u00e5 snart som m\u00f6jligt.<\/p>\n","protected":false},"excerpt":{"rendered":"<p>Onlinebetalning Onlinebetalningar p\u00e5 webbplatsen santamonica.lv tillhandah\u00e5lls i samarbete med montonio.lv \u2013 en snabb och s\u00e4ker betalningsl\u00f6sning. Betala enkelt och bekv\u00e4mt online: v\u00e4lj din bank, logga in och bekr\u00e4fta betalningen. Efter att du har lagt din best\u00e4llning kommer en f\u00f6rskottsfaktura att skickas till din e-post och best\u00e4llningen kommer att behandlas. Den slutliga fakturan kommer att skickas&#8230;<\/p>\n","protected":false},"author":1,"featured_media":0,"parent":0,"menu_order":0,"comment_status":"closed","ping_status":"closed","template":"","meta":{"_acf_changed":false,"_uag_custom_page_level_css":"","_kadence_starter_templates_imported_post":false,"_kad_post_transparent":"","_kad_post_title":"","_kad_post_layout":"","_kad_post_sidebar_id":"","_kad_post_content_style":"","_kad_post_vertical_padding":"","_kad_post_feature":"","_kad_post_feature_position":"","_kad_post_header":false,"_kad_post_footer":false,"footnotes":""},"class_list":["post-3463","page","type-page","status-publish","hentry"],"acf":[],"yoast_head":"<!-- This site is optimized with the Yoast SEO plugin v26.4 - https:\/\/yoast.com\/wordpress\/plugins\/seo\/ -->\n<title>Betalning f\u00f6r varor - Santa Monica<\/title>\n<meta name=\"robots\" content=\"index, follow, max-snippet:-1, max-image-preview:large, max-video-preview:-1\" \/>\n<link rel=\"canonical\" href=\"https:\/\/santamonica.lv\/sv\/betalning-for-varor\/\" \/>\n<meta property=\"og:locale\" content=\"sv_SE\" \/>\n<meta property=\"og:type\" content=\"article\" \/>\n<meta property=\"og:title\" content=\"Betalning f\u00f6r varor - Santa Monica\" \/>\n<meta property=\"og:description\" content=\"Onlinebetalning Onlinebetalningar p\u00e5 webbplatsen santamonica.lv tillhandah\u00e5lls i samarbete med montonio.lv \u2013 en snabb och s\u00e4ker betalningsl\u00f6sning. Betala enkelt och bekv\u00e4mt online: v\u00e4lj din bank, logga in och bekr\u00e4fta betalningen. Efter att du har lagt din best\u00e4llning kommer en f\u00f6rskottsfaktura att skickas till din e-post och best\u00e4llningen kommer att behandlas. Den slutliga fakturan kommer att skickas...\" \/>\n<meta property=\"og:url\" content=\"https:\/\/santamonica.lv\/sv\/betalning-for-varor\/\" \/>\n<meta property=\"og:site_name\" content=\"Santa Monica\" \/>\n<meta property=\"article:publisher\" content=\"https:\/\/www.facebook.com\/klinikasantamonica\" \/>\n<meta property=\"article:modified_time\" content=\"2025-03-11T18:15:55+00:00\" \/>\n<meta name=\"twitter:card\" content=\"summary_large_image\" \/>\n<meta name=\"twitter:label1\" content=\"Est. reading time\" \/>\n\t<meta name=\"twitter:data1\" content=\"1 minut\" \/>\n<script type=\"application\/ld+json\" class=\"yoast-schema-graph\">{\"@context\":\"https:\/\/schema.org\",\"@graph\":[{\"@type\":\"WebPage\",\"@id\":\"https:\/\/santamonica.lv\/sv\/betalning-for-varor\/\",\"url\":\"https:\/\/santamonica.lv\/sv\/betalning-for-varor\/\",\"name\":\"Betalning f\u00f6r varor - Santa Monica\",\"isPartOf\":{\"@id\":\"https:\/\/santamonica.lv\/sv\/#website\"},\"datePublished\":\"2025-03-11T17:19:29+00:00\",\"dateModified\":\"2025-03-11T18:15:55+00:00\",\"breadcrumb\":{\"@id\":\"https:\/\/santamonica.lv\/sv\/betalning-for-varor\/#breadcrumb\"},\"inLanguage\":\"sv-SE\",\"potentialAction\":[{\"@type\":\"ReadAction\",\"target\":[\"https:\/\/santamonica.lv\/sv\/betalning-for-varor\/\"]}]},{\"@type\":\"BreadcrumbList\",\"@id\":\"https:\/\/santamonica.lv\/sv\/betalning-for-varor\/#breadcrumb\",\"itemListElement\":[{\"@type\":\"ListItem\",\"position\":1,\"name\":\"Home\",\"item\":\"https:\/\/santamonica.lv\/sv\/borjan\/\"},{\"@type\":\"ListItem\",\"position\":2,\"name\":\"Betalning f\u00f6r varor\"}]},{\"@type\":\"WebSite\",\"@id\":\"https:\/\/santamonica.lv\/sv\/#website\",\"url\":\"https:\/\/santamonica.lv\/sv\/\",\"name\":\"Santa Monica\",\"description\":\"\",\"potentialAction\":[{\"@type\":\"SearchAction\",\"target\":{\"@type\":\"EntryPoint\",\"urlTemplate\":\"https:\/\/santamonica.lv\/sv\/?s={search_term_string}\"},\"query-input\":{\"@type\":\"PropertyValueSpecification\",\"valueRequired\":true,\"valueName\":\"search_term_string\"}}],\"inLanguage\":\"sv-SE\"}]}<\/script>\n<!-- \/ Yoast SEO plugin. -->","yoast_head_json":{"title":"Betalning f\u00f6r varor - Santa Monica","robots":{"index":"index","follow":"follow","max-snippet":"max-snippet:-1","max-image-preview":"max-image-preview:large","max-video-preview":"max-video-preview:-1"},"canonical":"https:\/\/santamonica.lv\/sv\/betalning-for-varor\/","og_locale":"sv_SE","og_type":"article","og_title":"Betalning f\u00f6r varor - Santa Monica","og_description":"Onlinebetalning Onlinebetalningar p\u00e5 webbplatsen santamonica.lv tillhandah\u00e5lls i samarbete med montonio.lv \u2013 en snabb och s\u00e4ker betalningsl\u00f6sning. Betala enkelt och bekv\u00e4mt online: v\u00e4lj din bank, logga in och bekr\u00e4fta betalningen. Efter att du har lagt din best\u00e4llning kommer en f\u00f6rskottsfaktura att skickas till din e-post och best\u00e4llningen kommer att behandlas. Den slutliga fakturan kommer att skickas...","og_url":"https:\/\/santamonica.lv\/sv\/betalning-for-varor\/","og_site_name":"Santa Monica","article_publisher":"https:\/\/www.facebook.com\/klinikasantamonica","article_modified_time":"2025-03-11T18:15:55+00:00","twitter_card":"summary_large_image","twitter_misc":{"Est. reading time":"1 minut"},"schema":{"@context":"https:\/\/schema.org","@graph":[{"@type":"WebPage","@id":"https:\/\/santamonica.lv\/sv\/betalning-for-varor\/","url":"https:\/\/santamonica.lv\/sv\/betalning-for-varor\/","name":"Betalning f\u00f6r varor - Santa Monica","isPartOf":{"@id":"https:\/\/santamonica.lv\/sv\/#website"},"datePublished":"2025-03-11T17:19:29+00:00","dateModified":"2025-03-11T18:15:55+00:00","breadcrumb":{"@id":"https:\/\/santamonica.lv\/sv\/betalning-for-varor\/#breadcrumb"},"inLanguage":"sv-SE","potentialAction":[{"@type":"ReadAction","target":["https:\/\/santamonica.lv\/sv\/betalning-for-varor\/"]}]},{"@type":"BreadcrumbList","@id":"https:\/\/santamonica.lv\/sv\/betalning-for-varor\/#breadcrumb","itemListElement":[{"@type":"ListItem","position":1,"name":"Home","item":"https:\/\/santamonica.lv\/sv\/borjan\/"},{"@type":"ListItem","position":2,"name":"Betalning f\u00f6r varor"}]},{"@type":"WebSite","@id":"https:\/\/santamonica.lv\/sv\/#website","url":"https:\/\/santamonica.lv\/sv\/","name":"Santa Monica","description":"","potentialAction":[{"@type":"SearchAction","target":{"@type":"EntryPoint","urlTemplate":"https:\/\/santamonica.lv\/sv\/?s={search_term_string}"},"query-input":{"@type":"PropertyValueSpecification","valueRequired":true,"valueName":"search_term_string"}}],"inLanguage":"sv-SE"}]}},"uagb_featured_image_src":{"full":false,"thumbnail":false,"medium":false,"medium_large":false,"large":false,"1536x1536":false,"2048x2048":false,"woocommerce_thumbnail":false,"woocommerce_single":false,"woocommerce_gallery_thumbnail":false},"uagb_author_info":{"display_name":"admin","author_link":"https:\/\/santamonica.lv\/sv\/author\/admin\/"},"uagb_comment_info":0,"uagb_excerpt":"Onlinebetalning Onlinebetalningar p\u00e5 webbplatsen santamonica.lv tillhandah\u00e5lls i samarbete med montonio.lv \u2013 en snabb och s\u00e4ker betalningsl\u00f6sning. Betala enkelt och bekv\u00e4mt online: v\u00e4lj din bank, logga in och bekr\u00e4fta betalningen. Efter att du har lagt din best\u00e4llning kommer en f\u00f6rskottsfaktura att skickas till din e-post och best\u00e4llningen kommer att behandlas. Den slutliga fakturan kommer att skickas...","_links":{"self":[{"href":"https:\/\/santamonica.lv\/sv\/wp-json\/wp\/v2\/pages\/3463","targetHints":{"allow":["GET"]}}],"collection":[{"href":"https:\/\/santamonica.lv\/sv\/wp-json\/wp\/v2\/pages"}],"about":[{"href":"https:\/\/santamonica.lv\/sv\/wp-json\/wp\/v2\/types\/page"}],"author":[{"embeddable":true,"href":"https:\/\/santamonica.lv\/sv\/wp-json\/wp\/v2\/users\/1"}],"replies":[{"embeddable":true,"href":"https:\/\/santamonica.lv\/sv\/wp-json\/wp\/v2\/comments?post=3463"}],"version-history":[{"count":2,"href":"https:\/\/santamonica.lv\/sv\/wp-json\/wp\/v2\/pages\/3463\/revisions"}],"predecessor-version":[{"id":3477,"href":"https:\/\/santamonica.lv\/sv\/wp-json\/wp\/v2\/pages\/3463\/revisions\/3477"}],"wp:attachment":[{"href":"https:\/\/santamonica.lv\/sv\/wp-json\/wp\/v2\/media?parent=3463"}],"curies":[{"name":"wp","href":"https:\/\/api.w.org\/{rel}","templated":true}]}}