{"id":3494,"date":"2025-03-11T20:13:04","date_gmt":"2025-03-11T18:13:04","guid":{"rendered":"https:\/\/santamonica.lv\/?page_id=3494"},"modified":"2025-03-11T20:51:33","modified_gmt":"2025-03-11T18:51:33","slug":"anvandarvillkor","status":"publish","type":"page","link":"https:\/\/santamonica.lv\/sv\/anvandarvillkor\/","title":{"rendered":"Anv\u00e4ndarvillkor"},"content":{"rendered":"\n<ol class=\"wp-block-list\">\n<li>I enlighet med dessa villkor s\u00e4ljer &#8221;Santa Monica&#8221; SIA produkter som publiceras p\u00e5 webbplatsen www.santamonica.lv. Kunden k\u00f6per produkter enligt det sortiment som anges i webbutiken och accepterar det genom att bekr\u00e4fta sin best\u00e4llning.<\/li>\n\n\n\n<li>\u201cSanta Monica\u201d SIA anv\u00e4nder den e-postadress och\/eller mobiltelefonnummer som anges i Kundens best\u00e4llning f\u00f6r att kommunicera med Kunden. Alla meddelanden som levereras till Kunden till den e-postadress och telefonnummer som anges i best\u00e4llningen ska anses mottagna.<\/li>\n\n\n\n<li>Bilderna p\u00e5 produkterna som visas i ONLINEBUTIKEN \u00e4r s\u00e5 n\u00e4ra verkligheten som m\u00f6jligt, men kan skilja sig fr\u00e5n den produkt som erbjuds. F\u00f6r att klarg\u00f6ra produktens egenskaper eller f\u00f6r att eliminera eventuella oklarheter som uppst\u00e5r fr\u00e5n eller relaterade till dess best\u00e4llning, samt f\u00f6r att undvika missf\u00f6rst\u00e5nd, har Kunden r\u00e4tt och m\u00f6jlighet att kontakta \u201cSanta Monica\u201d SIA genom att ringa: +371 27337768, eller genom att skriva: <a href=\"mailto:info@santamonica.lv\">info@santamonica.lv<\/a>.<\/li>\n\n\n\n<li>Vi byter eller returnerar inte kampanj- och reaPRODUKTER k\u00f6pta i ONLINEBUTIKEN.<\/li>\n\n\n\n<li>\u00c4gander\u00e4tten till s\u00e5lda PRODUKTER \u00f6verf\u00f6rs fr\u00e5n \u201cSanta Monica\u201d SIA till Kunden f\u00f6rst n\u00e4r Kunden har erlagt full betalning f\u00f6r det mottagna v\u00e4rdet av VAROR till det avr\u00e4kningskonto som anges i f\u00f6ljesedeln &#8211; faktura.<\/li>\n<\/ol>\n\n\n\n<p><\/p>\n","protected":false},"excerpt":{"rendered":"","protected":false},"author":1,"featured_media":0,"parent":0,"menu_order":0,"comment_status":"closed","ping_status":"closed","template":"","meta":{"_acf_changed":false,"_uag_custom_page_level_css":"","_kadence_starter_templates_imported_post":false,"_kad_post_transparent":"","_kad_post_title":"","_kad_post_layout":"","_kad_post_sidebar_id":"","_kad_post_content_style":"","_kad_post_vertical_padding":"","_kad_post_feature":"","_kad_post_feature_position":"","_kad_post_header":false,"_kad_post_footer":false,"footnotes":""},"class_list":["post-3494","page","type-page","status-publish","hentry"],"acf":[],"yoast_head":"<!-- This site is optimized with the Yoast SEO plugin v26.4 - https:\/\/yoast.com\/wordpress\/plugins\/seo\/ -->\n<title>Anv\u00e4ndarvillkor - Santa Monica<\/title>\n<meta name=\"robots\" content=\"index, follow, max-snippet:-1, max-image-preview:large, max-video-preview:-1\" \/>\n<link rel=\"canonical\" href=\"https:\/\/santamonica.lv\/sv\/anvandarvillkor\/\" \/>\n<meta property=\"og:locale\" content=\"sv_SE\" \/>\n<meta property=\"og:type\" content=\"article\" \/>\n<meta property=\"og:title\" content=\"Anv\u00e4ndarvillkor - Santa Monica\" \/>\n<meta property=\"og:url\" content=\"https:\/\/santamonica.lv\/sv\/anvandarvillkor\/\" \/>\n<meta property=\"og:site_name\" content=\"Santa Monica\" \/>\n<meta property=\"article:publisher\" content=\"https:\/\/www.facebook.com\/klinikasantamonica\" \/>\n<meta property=\"article:modified_time\" content=\"2025-03-11T18:51:33+00:00\" \/>\n<meta name=\"twitter:card\" content=\"summary_large_image\" \/>\n<meta name=\"twitter:label1\" content=\"Est. reading time\" \/>\n\t<meta name=\"twitter:data1\" content=\"1 minut\" \/>\n<script type=\"application\/ld+json\" class=\"yoast-schema-graph\">{\"@context\":\"https:\/\/schema.org\",\"@graph\":[{\"@type\":\"WebPage\",\"@id\":\"https:\/\/santamonica.lv\/sv\/anvandarvillkor\/\",\"url\":\"https:\/\/santamonica.lv\/sv\/anvandarvillkor\/\",\"name\":\"Anv\u00e4ndarvillkor - Santa Monica\",\"isPartOf\":{\"@id\":\"https:\/\/santamonica.lv\/sv\/#website\"},\"datePublished\":\"2025-03-11T18:13:04+00:00\",\"dateModified\":\"2025-03-11T18:51:33+00:00\",\"breadcrumb\":{\"@id\":\"https:\/\/santamonica.lv\/sv\/anvandarvillkor\/#breadcrumb\"},\"inLanguage\":\"sv-SE\",\"potentialAction\":[{\"@type\":\"ReadAction\",\"target\":[\"https:\/\/santamonica.lv\/sv\/anvandarvillkor\/\"]}]},{\"@type\":\"BreadcrumbList\",\"@id\":\"https:\/\/santamonica.lv\/sv\/anvandarvillkor\/#breadcrumb\",\"itemListElement\":[{\"@type\":\"ListItem\",\"position\":1,\"name\":\"Home\",\"item\":\"https:\/\/santamonica.lv\/sv\/borjan\/\"},{\"@type\":\"ListItem\",\"position\":2,\"name\":\"Anv\u00e4ndarvillkor\"}]},{\"@type\":\"WebSite\",\"@id\":\"https:\/\/santamonica.lv\/sv\/#website\",\"url\":\"https:\/\/santamonica.lv\/sv\/\",\"name\":\"Santa Monica\",\"description\":\"\",\"potentialAction\":[{\"@type\":\"SearchAction\",\"target\":{\"@type\":\"EntryPoint\",\"urlTemplate\":\"https:\/\/santamonica.lv\/sv\/?s={search_term_string}\"},\"query-input\":{\"@type\":\"PropertyValueSpecification\",\"valueRequired\":true,\"valueName\":\"search_term_string\"}}],\"inLanguage\":\"sv-SE\"}]}<\/script>\n<!-- \/ Yoast SEO plugin. -->","yoast_head_json":{"title":"Anv\u00e4ndarvillkor - Santa Monica","robots":{"index":"index","follow":"follow","max-snippet":"max-snippet:-1","max-image-preview":"max-image-preview:large","max-video-preview":"max-video-preview:-1"},"canonical":"https:\/\/santamonica.lv\/sv\/anvandarvillkor\/","og_locale":"sv_SE","og_type":"article","og_title":"Anv\u00e4ndarvillkor - Santa Monica","og_url":"https:\/\/santamonica.lv\/sv\/anvandarvillkor\/","og_site_name":"Santa Monica","article_publisher":"https:\/\/www.facebook.com\/klinikasantamonica","article_modified_time":"2025-03-11T18:51:33+00:00","twitter_card":"summary_large_image","twitter_misc":{"Est. reading time":"1 minut"},"schema":{"@context":"https:\/\/schema.org","@graph":[{"@type":"WebPage","@id":"https:\/\/santamonica.lv\/sv\/anvandarvillkor\/","url":"https:\/\/santamonica.lv\/sv\/anvandarvillkor\/","name":"Anv\u00e4ndarvillkor - Santa Monica","isPartOf":{"@id":"https:\/\/santamonica.lv\/sv\/#website"},"datePublished":"2025-03-11T18:13:04+00:00","dateModified":"2025-03-11T18:51:33+00:00","breadcrumb":{"@id":"https:\/\/santamonica.lv\/sv\/anvandarvillkor\/#breadcrumb"},"inLanguage":"sv-SE","potentialAction":[{"@type":"ReadAction","target":["https:\/\/santamonica.lv\/sv\/anvandarvillkor\/"]}]},{"@type":"BreadcrumbList","@id":"https:\/\/santamonica.lv\/sv\/anvandarvillkor\/#breadcrumb","itemListElement":[{"@type":"ListItem","position":1,"name":"Home","item":"https:\/\/santamonica.lv\/sv\/borjan\/"},{"@type":"ListItem","position":2,"name":"Anv\u00e4ndarvillkor"}]},{"@type":"WebSite","@id":"https:\/\/santamonica.lv\/sv\/#website","url":"https:\/\/santamonica.lv\/sv\/","name":"Santa Monica","description":"","potentialAction":[{"@type":"SearchAction","target":{"@type":"EntryPoint","urlTemplate":"https:\/\/santamonica.lv\/sv\/?s={search_term_string}"},"query-input":{"@type":"PropertyValueSpecification","valueRequired":true,"valueName":"search_term_string"}}],"inLanguage":"sv-SE"}]}},"uagb_featured_image_src":{"full":false,"thumbnail":false,"medium":false,"medium_large":false,"large":false,"1536x1536":false,"2048x2048":false,"woocommerce_thumbnail":false,"woocommerce_single":false,"woocommerce_gallery_thumbnail":false},"uagb_author_info":{"display_name":"admin","author_link":"https:\/\/santamonica.lv\/sv\/author\/admin\/"},"uagb_comment_info":0,"uagb_excerpt":null,"_links":{"self":[{"href":"https:\/\/santamonica.lv\/sv\/wp-json\/wp\/v2\/pages\/3494","targetHints":{"allow":["GET"]}}],"collection":[{"href":"https:\/\/santamonica.lv\/sv\/wp-json\/wp\/v2\/pages"}],"about":[{"href":"https:\/\/santamonica.lv\/sv\/wp-json\/wp\/v2\/types\/page"}],"author":[{"embeddable":true,"href":"https:\/\/santamonica.lv\/sv\/wp-json\/wp\/v2\/users\/1"}],"replies":[{"embeddable":true,"href":"https:\/\/santamonica.lv\/sv\/wp-json\/wp\/v2\/comments?post=3494"}],"version-history":[{"count":3,"href":"https:\/\/santamonica.lv\/sv\/wp-json\/wp\/v2\/pages\/3494\/revisions"}],"predecessor-version":[{"id":3525,"href":"https:\/\/santamonica.lv\/sv\/wp-json\/wp\/v2\/pages\/3494\/revisions\/3525"}],"wp:attachment":[{"href":"https:\/\/santamonica.lv\/sv\/wp-json\/wp\/v2\/media?parent=3494"}],"curies":[{"name":"wp","href":"https:\/\/api.w.org\/{rel}","templated":true}]}}