{"id":3523,"date":"2025-03-11T20:36:36","date_gmt":"2025-03-11T18:36:36","guid":{"rendered":"https:\/\/santamonica.lv\/?page_id=3523"},"modified":"2025-03-11T22:57:37","modified_gmt":"2025-03-11T20:57:37","slug":"retur-av-varor","status":"publish","type":"page","link":"https:\/\/santamonica.lv\/sv\/retur-av-varor\/","title":{"rendered":"Retur av varor"},"content":{"rendered":"\n<p>Vi erbjuder en 30-dagars pengarna-tillbaka-garanti eftersom vi vill se till att du alltid f\u00e5r precis vad du vill ha. Om den best\u00e4llda produkten inte beh\u00f6vs och inte har \u00f6ppnats, \u00e4r du fri att v\u00e4lja \u00e5terbetalning eller byte av produkten.<\/p>\n\n\n\n<p>Om du vill neka produkten, v\u00e4nligen fyll i <a href=\"https:\/\/santamonica.lv\/wp-content\/uploads\/2025\/03\/returformular_se.docx\" data-type=\"attachment\" data-id=\"3568\">avbokningsformul\u00e4ret<\/a>, ange orsaken till returen, och tillsammans med ett k\u00f6pbevis, skicka den till oss elektroniskt p\u00e5 <a href=\"mailto:info@santamonica.lv\">info@santamonica.lv<\/a> eller leverera\/skicka den till oss p\u00e5 &#8221;Santa Monica&#8221; Nauk\u0161\u0113nu mui\u017ea, Nauk\u0161\u0113ni, Nauk\u0161\u0113nu pag., Valmieras nov., LV-4244 kommer att f\u00e5 en returbekr\u00e4ftelse inom tv\u00e5 arbetsdagar.<\/p>\n\n\n\n<p>Returporto \u00e4r ditt ansvar och din kostnad, men vi kan hj\u00e4lpa till att ordna returfrakt f\u00f6r l\u00e4gsta m\u00f6jliga fraktkostnad.<\/p>\n\n\n\n<p>Inom fjorton (14) kalenderdagar fr\u00e5n datumet f\u00f6r mottagandet av produkterna kommer vi, efter ditt val, att \u00e5terbetala dina pengar till det bankkonto som anges i ditt \u00e5ngerr\u00e4ttsformul\u00e4r eller skicka dig en bytesprodukt.<\/p>\n\n\n\n<p>Vi ber om urs\u00e4kt om du har f\u00e5tt en felaktig eller skadad produkt. Kontakta oss i s\u00e5 fall. Vi kommer att l\u00f6sa situationen s\u00e5 snart som m\u00f6jligt och du kommer att f\u00e5 r\u00e4tt produkt utan extra kostnad.<\/p>\n\n\n\n<p>Om du har n\u00e5gra fr\u00e5gor, v\u00e4nligen kontakta oss p\u00e5 telefon: +371 27337768, eller via e-post:<a href=\"info@santamonica.lv\"> info@santamonica.lv<\/a> s\u00e5 kommer vi att f\u00f6rs\u00f6ka svara s\u00e5 snart som m\u00f6jligt.<\/p>\n","protected":false},"excerpt":{"rendered":"<p>Vi erbjuder en 30-dagars pengarna-tillbaka-garanti eftersom vi vill se till att du alltid f\u00e5r precis vad du vill ha. Om den best\u00e4llda produkten inte beh\u00f6vs och inte har \u00f6ppnats, \u00e4r du fri att v\u00e4lja \u00e5terbetalning eller byte av produkten. Om du vill neka produkten, v\u00e4nligen fyll i avbokningsformul\u00e4ret, ange orsaken till returen, och tillsammans med&#8230;<\/p>\n","protected":false},"author":1,"featured_media":0,"parent":0,"menu_order":0,"comment_status":"closed","ping_status":"closed","template":"","meta":{"_acf_changed":false,"_uag_custom_page_level_css":"","_kadence_starter_templates_imported_post":false,"_kad_post_transparent":"","_kad_post_title":"","_kad_post_layout":"","_kad_post_sidebar_id":"","_kad_post_content_style":"","_kad_post_vertical_padding":"","_kad_post_feature":"","_kad_post_feature_position":"","_kad_post_header":false,"_kad_post_footer":false,"footnotes":""},"class_list":["post-3523","page","type-page","status-publish","hentry"],"acf":[],"yoast_head":"<!-- This site is optimized with the Yoast SEO plugin v26.4 - https:\/\/yoast.com\/wordpress\/plugins\/seo\/ -->\n<title>Retur av varor - Santa Monica<\/title>\n<meta name=\"robots\" content=\"index, follow, max-snippet:-1, max-image-preview:large, max-video-preview:-1\" \/>\n<link rel=\"canonical\" href=\"https:\/\/santamonica.lv\/sv\/retur-av-varor\/\" \/>\n<meta property=\"og:locale\" content=\"sv_SE\" \/>\n<meta property=\"og:type\" content=\"article\" \/>\n<meta property=\"og:title\" content=\"Retur av varor - Santa Monica\" \/>\n<meta property=\"og:description\" content=\"Vi erbjuder en 30-dagars pengarna-tillbaka-garanti eftersom vi vill se till att du alltid f\u00e5r precis vad du vill ha. Om den best\u00e4llda produkten inte beh\u00f6vs och inte har \u00f6ppnats, \u00e4r du fri att v\u00e4lja \u00e5terbetalning eller byte av produkten. Om du vill neka produkten, v\u00e4nligen fyll i avbokningsformul\u00e4ret, ange orsaken till returen, och tillsammans med...\" \/>\n<meta property=\"og:url\" content=\"https:\/\/santamonica.lv\/sv\/retur-av-varor\/\" \/>\n<meta property=\"og:site_name\" content=\"Santa Monica\" \/>\n<meta property=\"article:publisher\" content=\"https:\/\/www.facebook.com\/klinikasantamonica\" \/>\n<meta property=\"article:modified_time\" content=\"2025-03-11T20:57:37+00:00\" \/>\n<meta name=\"twitter:card\" content=\"summary_large_image\" \/>\n<meta name=\"twitter:label1\" content=\"Est. reading time\" \/>\n\t<meta name=\"twitter:data1\" content=\"1 minut\" \/>\n<script type=\"application\/ld+json\" class=\"yoast-schema-graph\">{\"@context\":\"https:\/\/schema.org\",\"@graph\":[{\"@type\":\"WebPage\",\"@id\":\"https:\/\/santamonica.lv\/sv\/retur-av-varor\/\",\"url\":\"https:\/\/santamonica.lv\/sv\/retur-av-varor\/\",\"name\":\"Retur av varor - Santa Monica\",\"isPartOf\":{\"@id\":\"https:\/\/santamonica.lv\/sv\/#website\"},\"datePublished\":\"2025-03-11T18:36:36+00:00\",\"dateModified\":\"2025-03-11T20:57:37+00:00\",\"breadcrumb\":{\"@id\":\"https:\/\/santamonica.lv\/sv\/retur-av-varor\/#breadcrumb\"},\"inLanguage\":\"sv-SE\",\"potentialAction\":[{\"@type\":\"ReadAction\",\"target\":[\"https:\/\/santamonica.lv\/sv\/retur-av-varor\/\"]}]},{\"@type\":\"BreadcrumbList\",\"@id\":\"https:\/\/santamonica.lv\/sv\/retur-av-varor\/#breadcrumb\",\"itemListElement\":[{\"@type\":\"ListItem\",\"position\":1,\"name\":\"Home\",\"item\":\"https:\/\/santamonica.lv\/sv\/borjan\/\"},{\"@type\":\"ListItem\",\"position\":2,\"name\":\"Retur av varor\"}]},{\"@type\":\"WebSite\",\"@id\":\"https:\/\/santamonica.lv\/sv\/#website\",\"url\":\"https:\/\/santamonica.lv\/sv\/\",\"name\":\"Santa Monica\",\"description\":\"\",\"potentialAction\":[{\"@type\":\"SearchAction\",\"target\":{\"@type\":\"EntryPoint\",\"urlTemplate\":\"https:\/\/santamonica.lv\/sv\/?s={search_term_string}\"},\"query-input\":{\"@type\":\"PropertyValueSpecification\",\"valueRequired\":true,\"valueName\":\"search_term_string\"}}],\"inLanguage\":\"sv-SE\"}]}<\/script>\n<!-- \/ Yoast SEO plugin. -->","yoast_head_json":{"title":"Retur av varor - Santa Monica","robots":{"index":"index","follow":"follow","max-snippet":"max-snippet:-1","max-image-preview":"max-image-preview:large","max-video-preview":"max-video-preview:-1"},"canonical":"https:\/\/santamonica.lv\/sv\/retur-av-varor\/","og_locale":"sv_SE","og_type":"article","og_title":"Retur av varor - Santa Monica","og_description":"Vi erbjuder en 30-dagars pengarna-tillbaka-garanti eftersom vi vill se till att du alltid f\u00e5r precis vad du vill ha. Om den best\u00e4llda produkten inte beh\u00f6vs och inte har \u00f6ppnats, \u00e4r du fri att v\u00e4lja \u00e5terbetalning eller byte av produkten. Om du vill neka produkten, v\u00e4nligen fyll i avbokningsformul\u00e4ret, ange orsaken till returen, och tillsammans med...","og_url":"https:\/\/santamonica.lv\/sv\/retur-av-varor\/","og_site_name":"Santa Monica","article_publisher":"https:\/\/www.facebook.com\/klinikasantamonica","article_modified_time":"2025-03-11T20:57:37+00:00","twitter_card":"summary_large_image","twitter_misc":{"Est. reading time":"1 minut"},"schema":{"@context":"https:\/\/schema.org","@graph":[{"@type":"WebPage","@id":"https:\/\/santamonica.lv\/sv\/retur-av-varor\/","url":"https:\/\/santamonica.lv\/sv\/retur-av-varor\/","name":"Retur av varor - Santa Monica","isPartOf":{"@id":"https:\/\/santamonica.lv\/sv\/#website"},"datePublished":"2025-03-11T18:36:36+00:00","dateModified":"2025-03-11T20:57:37+00:00","breadcrumb":{"@id":"https:\/\/santamonica.lv\/sv\/retur-av-varor\/#breadcrumb"},"inLanguage":"sv-SE","potentialAction":[{"@type":"ReadAction","target":["https:\/\/santamonica.lv\/sv\/retur-av-varor\/"]}]},{"@type":"BreadcrumbList","@id":"https:\/\/santamonica.lv\/sv\/retur-av-varor\/#breadcrumb","itemListElement":[{"@type":"ListItem","position":1,"name":"Home","item":"https:\/\/santamonica.lv\/sv\/borjan\/"},{"@type":"ListItem","position":2,"name":"Retur av varor"}]},{"@type":"WebSite","@id":"https:\/\/santamonica.lv\/sv\/#website","url":"https:\/\/santamonica.lv\/sv\/","name":"Santa Monica","description":"","potentialAction":[{"@type":"SearchAction","target":{"@type":"EntryPoint","urlTemplate":"https:\/\/santamonica.lv\/sv\/?s={search_term_string}"},"query-input":{"@type":"PropertyValueSpecification","valueRequired":true,"valueName":"search_term_string"}}],"inLanguage":"sv-SE"}]}},"uagb_featured_image_src":{"full":false,"thumbnail":false,"medium":false,"medium_large":false,"large":false,"1536x1536":false,"2048x2048":false,"woocommerce_thumbnail":false,"woocommerce_single":false,"woocommerce_gallery_thumbnail":false},"uagb_author_info":{"display_name":"admin","author_link":"https:\/\/santamonica.lv\/sv\/author\/admin\/"},"uagb_comment_info":0,"uagb_excerpt":"Vi erbjuder en 30-dagars pengarna-tillbaka-garanti eftersom vi vill se till att du alltid f\u00e5r precis vad du vill ha. Om den best\u00e4llda produkten inte beh\u00f6vs och inte har \u00f6ppnats, \u00e4r du fri att v\u00e4lja \u00e5terbetalning eller byte av produkten. Om du vill neka produkten, v\u00e4nligen fyll i avbokningsformul\u00e4ret, ange orsaken till returen, och tillsammans med...","_links":{"self":[{"href":"https:\/\/santamonica.lv\/sv\/wp-json\/wp\/v2\/pages\/3523","targetHints":{"allow":["GET"]}}],"collection":[{"href":"https:\/\/santamonica.lv\/sv\/wp-json\/wp\/v2\/pages"}],"about":[{"href":"https:\/\/santamonica.lv\/sv\/wp-json\/wp\/v2\/types\/page"}],"author":[{"embeddable":true,"href":"https:\/\/santamonica.lv\/sv\/wp-json\/wp\/v2\/users\/1"}],"replies":[{"embeddable":true,"href":"https:\/\/santamonica.lv\/sv\/wp-json\/wp\/v2\/comments?post=3523"}],"version-history":[{"count":4,"href":"https:\/\/santamonica.lv\/sv\/wp-json\/wp\/v2\/pages\/3523\/revisions"}],"predecessor-version":[{"id":3574,"href":"https:\/\/santamonica.lv\/sv\/wp-json\/wp\/v2\/pages\/3523\/revisions\/3574"}],"wp:attachment":[{"href":"https:\/\/santamonica.lv\/sv\/wp-json\/wp\/v2\/media?parent=3523"}],"curies":[{"name":"wp","href":"https:\/\/api.w.org\/{rel}","templated":true}]}}