{"id":4182,"date":"2025-03-29T22:05:27","date_gmt":"2025-03-29T20:05:27","guid":{"rendered":"https:\/\/santamonica.lv\/e-veikals\/obvprot\/"},"modified":"2025-04-22T20:08:04","modified_gmt":"2025-04-22T17:08:04","slug":"obvprot-protein-prebiotiskt","status":"publish","type":"product","link":"https:\/\/santamonica.lv\/sv\/e-butik\/obvprot-protein-prebiotiskt\/","title":{"rendered":"OBVProt | Protein + prebiotiskt"},"content":{"rendered":"<p><span class=\"HwtZe\" lang=\"sv\"><span class=\"jCAhz ChMk0b\"><span class=\"ryNqvb\"><strong>Ett mycket absorberbart protein, en ren blandning av mj\u00f6lkprotein av h\u00f6gsta kvalitet och kostfiber,<\/strong> vilket \u00e4r en utm\u00e4rkt start p\u00e5 din dagliga morgon, eftersom m\u00e4nniskokroppen har f\u00f6rbrukat alla sina reserver under natten. Det unika med OBVProt ligger i det faktum att dess sammans\u00e4ttning liknar human br\u00f6stmj\u00f6lk, vilket g\u00f6r den extra l\u00e4tt att absorbera.<\/span><\/span><\/span><\/p>\n<ul>\n<li><strong><span class=\"HwtZe\" lang=\"sv\"><span class=\"jCAhz ChMk0b\"><span class=\"ryNqvb\">Uppr\u00e4tth\u00e5ller en m\u00e4ttnadsk\u00e4nsla och hj\u00e4lper till att enkelt kontrollera aptiten; <\/span><\/span><\/span><\/strong><\/li>\n<li><strong><span class=\"HwtZe\" lang=\"sv\"><span class=\"jCAhz ChMk0b\"><span class=\"ryNqvb\">F\u00f6r muskeluppbyggnad &#8211; l\u00e4mplig f\u00f6r alla \u00e5ldersgrupper; <\/span><\/span><\/span><\/strong><\/li>\n<li><strong><span class=\"HwtZe\" lang=\"sv\"><span class=\"jCAhz ChMk0b\"><span class=\"ryNqvb\">R\u00e5material f\u00f6r kollagenbildning, vacker hud och leder; <\/span><\/span><\/span><\/strong><\/li>\n<li><strong><span class=\"HwtZe\" lang=\"sv\"><span class=\"jCAhz ChMk0b\"><span class=\"ryNqvb\">Utm\u00e4rkt k\u00e4lla till naturligt kalcium; <\/span><\/span><\/span><\/strong><\/li>\n<li><strong><span class=\"HwtZe\" lang=\"sv\"><span class=\"jCAhz ChMk0b\"><span class=\"ryNqvb\">K\u00e4lla till naturliga B-vitaminer; <\/span><\/span><\/span><\/strong><\/li>\n<li><strong><span class=\"HwtZe\" lang=\"sv\"><span class=\"jCAhz ChMk0b\"><span class=\"ryNqvb\">Fr\u00e4mjar kroppens naturliga produktion av antioxidanter.<\/span><\/span><\/span><\/strong><\/li>\n<\/ul>\n<h3><strong><span class=\"HwtZe\" lang=\"sv\"><span class=\"jCAhz ChMk0b\"><span class=\"ryNqvb\">Ingredienser (1 paket)<\/span><\/span><\/span><\/strong><\/h3>\n<p><span class=\"HwtZe\" lang=\"sv\"><span class=\"jCAhz ChMk0b\"><span class=\"ryNqvb\">komj\u00f6lkproteinkoncentrat &#8211; 7,8 g, naturligt vassleproteinisolat (fr\u00e5n mj\u00f6lk) &#8211; 9 g, galakto-oligosackarider (h\u00e4rr\u00f6rande fr\u00e5n mj\u00f6lklaktos) &#8211; 3 g, solroslecitin &#8211; 0,2 g.<\/span><\/span><\/span><\/p>\n<p><span class=\"HwtZe\" lang=\"sv\"><span class=\"jCAhz ChMk0b\"><span class=\"ryNqvb\"><strong>A<\/strong> \u2013 Ultrafiltrerad och bearbetad vid l\u00e4gsta m\u00f6jliga temperatur f\u00f6r att f\u00f6rhindra proteindenaturering och bevara mj\u00f6lkproteinernas naturliga egenskaper; inneh\u00e5ller 80 % micell\u00e4rt kasein och 20 % vassleprotein, samt biologiskt aktiva proteinfraktioner, i samma f\u00f6rh\u00e5llande som i mj\u00f6lk. <\/span><\/span><\/span><\/p>\n<p><span class=\"HwtZe\" lang=\"sv\"><span class=\"jCAhz ChMk0b\"><span class=\"ryNqvb\"><strong>B<\/strong> \u2013 erh\u00e5llen fr\u00e5n 100 % komj\u00f6lk (inte fr\u00e5n vassle, en biprodukt fr\u00e5n ost- eller kesoproduktion), bearbetad vid l\u00e4gsta m\u00f6jliga temperatur, vilket bevarar de naturliga fraktionerna av vassleproteiner \u2013 60 % \u03b2-laktoglobulin, 20 % \u03b1-laktoglobulin, 10 % immunglobulin, &lt; 00,00 % albumin, &lt; 00,00 % album. laktoferrin.<\/span><\/span><\/span><\/p>\n<h3><strong><span class=\"HwtZe\" lang=\"sv\"><span class=\"jCAhz ChMk0b\"><span class=\"ryNqvb\">Anv\u00e4ndande<\/span><\/span><\/span><\/strong><\/h3>\n<p><span class=\"HwtZe\" lang=\"sv\"><span class=\"jCAhz ChMk0b\"><span class=\"ryNqvb\">Det rekommenderas att ta 1-4 p\u00e5sar oralt per dag som en extra k\u00e4lla till protein och fibrer, och l\u00e4gga till inneh\u00e5llet i p\u00e5sen till en dryck eller mat.<\/span><\/span><\/span><\/p>\n<ul>\n<li><span class=\"HwtZe\" lang=\"sv\"><span class=\"jCAhz ChMk0b\"><span class=\"ryNqvb\">Rekommenderas f\u00f6r dagligt bruk f\u00f6r barn \u00f6ver 12 \u00e5r och vuxna 1-2 g\u00e5nger om dagen. <\/span><\/span><\/span><\/li>\n<li><span class=\"HwtZe\" lang=\"sv\"><span class=\"jCAhz ChMk0b\"><span class=\"ryNqvb\">Anv\u00e4nd f\u00f6r dig som utf\u00f6r tungt arbete och intensiv fysisk aktivitet 2-4 g\u00e5nger om dagen. <\/span><\/span><\/span><\/li>\n<li><span class=\"HwtZe\" lang=\"sv\"><span class=\"jCAhz ChMk0b\"><span class=\"ryNqvb\">Intermittent fasta inneb\u00e4r att man bryter fastan en g\u00e5ng och \u00e4ter dagens sista m\u00e5ltid. <\/span><\/span><\/span><\/li>\n<li><span class=\"HwtZe\" lang=\"sv\"><span class=\"jCAhz ChMk0b\"><span class=\"ryNqvb\">F\u00f6r seniorer 2-4 g\u00e5nger om dagen.<\/span><\/span><\/span><\/li>\n<\/ul>\n<h3><strong><span class=\"HwtZe\" lang=\"sv\"><span class=\"jCAhz ChMk0b\"><span class=\"ryNqvb\">F\u00f6rberedelse<\/span><\/span><\/span><\/strong><\/h3>\n<ul>\n<li><span class=\"HwtZe\" lang=\"sv\"><span class=\"jCAhz ChMk0b\"><span class=\"ryNqvb\">Med vatten &#8211; h\u00e4ll f\u00f6rst inneh\u00e5llet i p\u00e5sen i en kopp eller ett glas, tills\u00e4tt varmt (ej varmt) vatten och r\u00f6r om m\u00e5lmedvetet med en sked i upp till 1 minut tills produkten har l\u00f6sts upp. Du kan l\u00e4gga till en sked kanel f\u00f6r smak. <\/span><\/span><\/span><\/li>\n<li><span class=\"HwtZe\" lang=\"sv\"><span class=\"jCAhz ChMk0b\"><span class=\"ryNqvb\">Mixer &#8211; blanda ihop med 200-300 ml mj\u00f6lk eller vatten.\u00a0 Du kan l\u00e4gga till avokado, banan och b\u00e4r f\u00f6r smak.<\/span><\/span><\/span><\/li>\n<\/ul>\n","protected":false},"excerpt":{"rendered":"<div class=\"image-with-text__text rte subtitle\">\n<p><span class=\"HwtZe\" lang=\"sv\"><span class=\"jCAhz ChMk0b\"><span class=\"ryNqvb\"><strong>En fiberk\u00e4lla och som substrat<\/strong> f\u00f6r nyttig tarmmikroflora<\/span><\/span><\/span><\/p>\n<\/div>\n<ul>\n<li><strong><span class=\"HwtZe\" lang=\"sv\"><span class=\"jCAhz ChMk0b\"><span class=\"ryNqvb\">\u00d6kar energin <\/span><\/span><\/span><\/strong><\/li>\n<li><strong><span class=\"HwtZe\" lang=\"sv\"><span class=\"jCAhz ChMk0b\"><span class=\"ryNqvb\">Uppr\u00e4tth\u00e5ller en m\u00e4ttnadsk\u00e4nsla och st\u00f6djer matsm\u00e4ltningssystemet <\/span><\/span><\/span><\/strong><\/li>\n<li><strong><span class=\"HwtZe\" lang=\"sv\"><span class=\"jCAhz ChMk0b\"><span class=\"ryNqvb\">Accelererar muskeltillv\u00e4xt, hj\u00e4lper till att bibeh\u00e5lla befintlig muskelmassa och st\u00f6djer benh\u00e4lsan <\/span><\/span><\/span><\/strong><\/li>\n<li><strong><span class=\"HwtZe\" lang=\"sv\"><span class=\"jCAhz ChMk0b\"><span class=\"ryNqvb\">Fr\u00e4mjar kroppens naturliga produktion av antioxidanter <\/span><\/span><\/span><\/strong><\/li>\n<li><strong><span class=\"HwtZe\" lang=\"sv\"><span class=\"jCAhz ChMk0b\"><span class=\"ryNqvb\">Fr\u00e4mjar bildningen av kollagen, vilket \u00e4r viktigt f\u00f6r h\u00e4lsan hos ben, hud, blodk\u00e4rl och kroppsorgan<\/span><\/span><\/span><\/strong><\/li>\n<\/ul>\n<p><a href=\"https:\/\/pakalpojumi.pvd.gov.lv\/lv\/supplements\/15181\" target=\"_blank\" rel=\"noopener\"><span class=\"HwtZe\" lang=\"lv\"><span class=\"jCAhz ChMk0b\"><span class=\"ryNqvb\">Livsmedelsverket Registreringsnummer.<\/span><\/span><\/span> 13109<\/a><\/p>\n","protected":false},"featured_media":3776,"comment_status":"closed","ping_status":"closed","template":"","meta":{"_acf_changed":false,"_uag_custom_page_level_css":"","_kadence_starter_templates_imported_post":false,"_kad_post_transparent":"default","_kad_post_title":"","_kad_post_layout":"default","_kad_post_sidebar_id":"","_kad_post_content_style":"default","_kad_post_vertical_padding":"default","_kad_post_feature":"","_kad_post_feature_position":"","_kad_post_header":false,"_kad_post_footer":false},"product_brand":[75],"product_cat":[63],"product_tag":[],"class_list":{"0":"post-4182","1":"product","2":"type-product","3":"status-publish","4":"has-post-thumbnail","6":"product_brand-preimmu","7":"product_cat-bez-kategorijas-sv","9":"first","10":"outofstock","11":"taxable","12":"shipping-taxable","13":"purchasable","14":"product-type-variable","15":"has-default-attributes","16":"entry","17":"content-bg","18":"loop-entry"},"acf":[],"yoast_head":"<!-- This site is optimized with the Yoast SEO plugin v26.4 - https:\/\/yoast.com\/wordpress\/plugins\/seo\/ -->\n<title>OBVProt | Protein + prebiotiskt - Santa Monica<\/title>\n<meta name=\"description\" content=\"OBVProt - Fiberk\u00e4lla - \u00d6kar energi, bibeh\u00e5ller m\u00e4ttnad, p\u00e5skyndar muskeltillv\u00e4xt och st\u00f6djer benh\u00e4lsa, fr\u00e4mjar kroppens naturliga\" \/>\n<meta name=\"robots\" content=\"index, follow, max-snippet:-1, max-image-preview:large, max-video-preview:-1\" \/>\n<link rel=\"canonical\" href=\"https:\/\/santamonica.lv\/sv\/e-butik\/obvprot-protein-prebiotiskt\/\" \/>\n<meta property=\"og:locale\" content=\"sv_SE\" \/>\n<meta property=\"og:type\" content=\"article\" \/>\n<meta property=\"og:title\" content=\"OBVProt | Protein + prebiotiskt - Santa Monica\" \/>\n<meta property=\"og:description\" content=\"OBVProt - Fiberk\u00e4lla - \u00d6kar energi, bibeh\u00e5ller m\u00e4ttnad, p\u00e5skyndar muskeltillv\u00e4xt och st\u00f6djer benh\u00e4lsa, fr\u00e4mjar kroppens naturliga\" \/>\n<meta property=\"og:url\" content=\"https:\/\/santamonica.lv\/sv\/e-butik\/obvprot-protein-prebiotiskt\/\" \/>\n<meta property=\"og:site_name\" content=\"Santa Monica\" \/>\n<meta property=\"article:publisher\" content=\"https:\/\/www.facebook.com\/klinikasantamonica\" \/>\n<meta property=\"article:modified_time\" content=\"2025-04-22T17:08:04+00:00\" \/>\n<meta property=\"og:image\" content=\"https:\/\/santamonica.lv\/wp-content\/uploads\/2025\/03\/obvprot-preimmu-30-sashets.png\" \/>\n\t<meta property=\"og:image:width\" content=\"1920\" \/>\n\t<meta property=\"og:image:height\" content=\"1294\" \/>\n\t<meta property=\"og:image:type\" content=\"image\/png\" \/>\n<meta name=\"twitter:card\" content=\"summary_large_image\" \/>\n<meta name=\"twitter:label1\" content=\"Est. reading time\" \/>\n\t<meta name=\"twitter:data1\" content=\"2 minuter\" \/>\n<script type=\"application\/ld+json\" class=\"yoast-schema-graph\">{\"@context\":\"https:\/\/schema.org\",\"@graph\":[{\"@type\":\"WebPage\",\"@id\":\"https:\/\/santamonica.lv\/sv\/e-butik\/obvprot-protein-prebiotiskt\/\",\"url\":\"https:\/\/santamonica.lv\/sv\/e-butik\/obvprot-protein-prebiotiskt\/\",\"name\":\"OBVProt | Protein + prebiotiskt - Santa Monica\",\"isPartOf\":{\"@id\":\"https:\/\/santamonica.lv\/sv\/#website\"},\"primaryImageOfPage\":{\"@id\":\"https:\/\/santamonica.lv\/sv\/e-butik\/obvprot-protein-prebiotiskt\/#primaryimage\"},\"image\":{\"@id\":\"https:\/\/santamonica.lv\/sv\/e-butik\/obvprot-protein-prebiotiskt\/#primaryimage\"},\"thumbnailUrl\":\"https:\/\/santamonica.lv\/wp-content\/uploads\/2025\/03\/obvprot-preimmu-30-sashets.png\",\"datePublished\":\"2025-03-29T20:05:27+00:00\",\"dateModified\":\"2025-04-22T17:08:04+00:00\",\"description\":\"OBVProt - Fiberk\u00e4lla - \u00d6kar energi, bibeh\u00e5ller m\u00e4ttnad, p\u00e5skyndar muskeltillv\u00e4xt och st\u00f6djer benh\u00e4lsa, fr\u00e4mjar kroppens naturliga\",\"breadcrumb\":{\"@id\":\"https:\/\/santamonica.lv\/sv\/e-butik\/obvprot-protein-prebiotiskt\/#breadcrumb\"},\"inLanguage\":\"sv-SE\",\"potentialAction\":[{\"@type\":\"ReadAction\",\"target\":[\"https:\/\/santamonica.lv\/sv\/e-butik\/obvprot-protein-prebiotiskt\/\"]}]},{\"@type\":\"ImageObject\",\"inLanguage\":\"sv-SE\",\"@id\":\"https:\/\/santamonica.lv\/sv\/e-butik\/obvprot-protein-prebiotiskt\/#primaryimage\",\"url\":\"https:\/\/santamonica.lv\/wp-content\/uploads\/2025\/03\/obvprot-preimmu-30-sashets.png\",\"contentUrl\":\"https:\/\/santamonica.lv\/wp-content\/uploads\/2025\/03\/obvprot-preimmu-30-sashets.png\",\"width\":1920,\"height\":1294},{\"@type\":\"BreadcrumbList\",\"@id\":\"https:\/\/santamonica.lv\/sv\/e-butik\/obvprot-protein-prebiotiskt\/#breadcrumb\",\"itemListElement\":[{\"@type\":\"ListItem\",\"position\":1,\"name\":\"Home\",\"item\":\"https:\/\/santamonica.lv\/sv\/borjan\/\"},{\"@type\":\"ListItem\",\"position\":2,\"name\":\"E-butik\",\"item\":\"https:\/\/santamonica.lv\/sv\/e-butik-santa-monica\/\"},{\"@type\":\"ListItem\",\"position\":3,\"name\":\"OBVProt | Protein + prebiotiskt\"}]},{\"@type\":\"WebSite\",\"@id\":\"https:\/\/santamonica.lv\/sv\/#website\",\"url\":\"https:\/\/santamonica.lv\/sv\/\",\"name\":\"Santa Monica\",\"description\":\"\",\"potentialAction\":[{\"@type\":\"SearchAction\",\"target\":{\"@type\":\"EntryPoint\",\"urlTemplate\":\"https:\/\/santamonica.lv\/sv\/?s={search_term_string}\"},\"query-input\":{\"@type\":\"PropertyValueSpecification\",\"valueRequired\":true,\"valueName\":\"search_term_string\"}}],\"inLanguage\":\"sv-SE\"}]}<\/script>\n<!-- \/ Yoast SEO plugin. -->","yoast_head_json":{"title":"OBVProt | Protein + prebiotiskt - Santa Monica","description":"OBVProt - Fiberk\u00e4lla - \u00d6kar energi, bibeh\u00e5ller m\u00e4ttnad, p\u00e5skyndar muskeltillv\u00e4xt och st\u00f6djer benh\u00e4lsa, fr\u00e4mjar kroppens naturliga","robots":{"index":"index","follow":"follow","max-snippet":"max-snippet:-1","max-image-preview":"max-image-preview:large","max-video-preview":"max-video-preview:-1"},"canonical":"https:\/\/santamonica.lv\/sv\/e-butik\/obvprot-protein-prebiotiskt\/","og_locale":"sv_SE","og_type":"article","og_title":"OBVProt | Protein + prebiotiskt - Santa Monica","og_description":"OBVProt - Fiberk\u00e4lla - \u00d6kar energi, bibeh\u00e5ller m\u00e4ttnad, p\u00e5skyndar muskeltillv\u00e4xt och st\u00f6djer benh\u00e4lsa, fr\u00e4mjar kroppens naturliga","og_url":"https:\/\/santamonica.lv\/sv\/e-butik\/obvprot-protein-prebiotiskt\/","og_site_name":"Santa Monica","article_publisher":"https:\/\/www.facebook.com\/klinikasantamonica","article_modified_time":"2025-04-22T17:08:04+00:00","og_image":[{"width":1920,"height":1294,"url":"https:\/\/santamonica.lv\/wp-content\/uploads\/2025\/03\/obvprot-preimmu-30-sashets.png","type":"image\/png"}],"twitter_card":"summary_large_image","twitter_misc":{"Est. reading time":"2 minuter"},"schema":{"@context":"https:\/\/schema.org","@graph":[{"@type":"WebPage","@id":"https:\/\/santamonica.lv\/sv\/e-butik\/obvprot-protein-prebiotiskt\/","url":"https:\/\/santamonica.lv\/sv\/e-butik\/obvprot-protein-prebiotiskt\/","name":"OBVProt | Protein + prebiotiskt - Santa Monica","isPartOf":{"@id":"https:\/\/santamonica.lv\/sv\/#website"},"primaryImageOfPage":{"@id":"https:\/\/santamonica.lv\/sv\/e-butik\/obvprot-protein-prebiotiskt\/#primaryimage"},"image":{"@id":"https:\/\/santamonica.lv\/sv\/e-butik\/obvprot-protein-prebiotiskt\/#primaryimage"},"thumbnailUrl":"https:\/\/santamonica.lv\/wp-content\/uploads\/2025\/03\/obvprot-preimmu-30-sashets.png","datePublished":"2025-03-29T20:05:27+00:00","dateModified":"2025-04-22T17:08:04+00:00","description":"OBVProt - Fiberk\u00e4lla - \u00d6kar energi, bibeh\u00e5ller m\u00e4ttnad, p\u00e5skyndar muskeltillv\u00e4xt och st\u00f6djer benh\u00e4lsa, fr\u00e4mjar kroppens naturliga","breadcrumb":{"@id":"https:\/\/santamonica.lv\/sv\/e-butik\/obvprot-protein-prebiotiskt\/#breadcrumb"},"inLanguage":"sv-SE","potentialAction":[{"@type":"ReadAction","target":["https:\/\/santamonica.lv\/sv\/e-butik\/obvprot-protein-prebiotiskt\/"]}]},{"@type":"ImageObject","inLanguage":"sv-SE","@id":"https:\/\/santamonica.lv\/sv\/e-butik\/obvprot-protein-prebiotiskt\/#primaryimage","url":"https:\/\/santamonica.lv\/wp-content\/uploads\/2025\/03\/obvprot-preimmu-30-sashets.png","contentUrl":"https:\/\/santamonica.lv\/wp-content\/uploads\/2025\/03\/obvprot-preimmu-30-sashets.png","width":1920,"height":1294},{"@type":"BreadcrumbList","@id":"https:\/\/santamonica.lv\/sv\/e-butik\/obvprot-protein-prebiotiskt\/#breadcrumb","itemListElement":[{"@type":"ListItem","position":1,"name":"Home","item":"https:\/\/santamonica.lv\/sv\/borjan\/"},{"@type":"ListItem","position":2,"name":"E-butik","item":"https:\/\/santamonica.lv\/sv\/e-butik-santa-monica\/"},{"@type":"ListItem","position":3,"name":"OBVProt | Protein + prebiotiskt"}]},{"@type":"WebSite","@id":"https:\/\/santamonica.lv\/sv\/#website","url":"https:\/\/santamonica.lv\/sv\/","name":"Santa Monica","description":"","potentialAction":[{"@type":"SearchAction","target":{"@type":"EntryPoint","urlTemplate":"https:\/\/santamonica.lv\/sv\/?s={search_term_string}"},"query-input":{"@type":"PropertyValueSpecification","valueRequired":true,"valueName":"search_term_string"}}],"inLanguage":"sv-SE"}]}},"uagb_featured_image_src":{"full":["https:\/\/santamonica.lv\/wp-content\/uploads\/2025\/03\/obvprot-preimmu-30-sashets.png",1920,1294,false],"thumbnail":["https:\/\/santamonica.lv\/wp-content\/uploads\/2025\/03\/obvprot-preimmu-30-sashets-150x150.png",150,150,true],"medium":["https:\/\/santamonica.lv\/wp-content\/uploads\/2025\/03\/obvprot-preimmu-30-sashets-300x202.png",300,202,true],"medium_large":["https:\/\/santamonica.lv\/wp-content\/uploads\/2025\/03\/obvprot-preimmu-30-sashets-768x518.png",768,518,true],"large":["https:\/\/santamonica.lv\/wp-content\/uploads\/2025\/03\/obvprot-preimmu-30-sashets-1024x690.png",1024,690,true],"1536x1536":["https:\/\/santamonica.lv\/wp-content\/uploads\/2025\/03\/obvprot-preimmu-30-sashets-1536x1035.png",1536,1035,true],"2048x2048":["https:\/\/santamonica.lv\/wp-content\/uploads\/2025\/03\/obvprot-preimmu-30-sashets.png",1920,1294,false],"woocommerce_thumbnail":["https:\/\/santamonica.lv\/wp-content\/uploads\/2025\/03\/obvprot-preimmu-30-sashets-300x300.png",300,300,true],"woocommerce_single":["https:\/\/santamonica.lv\/wp-content\/uploads\/2025\/03\/obvprot-preimmu-30-sashets-600x404.png",600,404,true],"woocommerce_gallery_thumbnail":["https:\/\/santamonica.lv\/wp-content\/uploads\/2025\/03\/obvprot-preimmu-30-sashets-100x100.png",100,100,true]},"uagb_author_info":{"display_name":"Aigars","author_link":"https:\/\/santamonica.lv\/sv\/author\/"},"uagb_comment_info":0,"uagb_excerpt":"En fiberk\u00e4lla och som substrat f\u00f6r nyttig tarmmikroflora \u00d6kar energin Uppr\u00e4tth\u00e5ller en m\u00e4ttnadsk\u00e4nsla och st\u00f6djer matsm\u00e4ltningssystemet Accelererar muskeltillv\u00e4xt, hj\u00e4lper till att bibeh\u00e5lla befintlig muskelmassa och st\u00f6djer benh\u00e4lsan Fr\u00e4mjar kroppens naturliga produktion av antioxidanter Fr\u00e4mjar bildningen av kollagen, vilket \u00e4r viktigt f\u00f6r h\u00e4lsan hos ben, hud, blodk\u00e4rl och kroppsorgan Livsmedelsverket Registreringsnummer. 13109","_links":{"self":[{"href":"https:\/\/santamonica.lv\/sv\/wp-json\/wp\/v2\/product\/4182","targetHints":{"allow":["GET"]}}],"collection":[{"href":"https:\/\/santamonica.lv\/sv\/wp-json\/wp\/v2\/product"}],"about":[{"href":"https:\/\/santamonica.lv\/sv\/wp-json\/wp\/v2\/types\/product"}],"replies":[{"embeddable":true,"href":"https:\/\/santamonica.lv\/sv\/wp-json\/wp\/v2\/comments?post=4182"}],"wp:featuredmedia":[{"embeddable":true,"href":"https:\/\/santamonica.lv\/sv\/wp-json\/wp\/v2\/media\/3776"}],"wp:attachment":[{"href":"https:\/\/santamonica.lv\/sv\/wp-json\/wp\/v2\/media?parent=4182"}],"wp:term":[{"taxonomy":"product_brand","embeddable":true,"href":"https:\/\/santamonica.lv\/sv\/wp-json\/wp\/v2\/product_brand?post=4182"},{"taxonomy":"product_cat","embeddable":true,"href":"https:\/\/santamonica.lv\/sv\/wp-json\/wp\/v2\/product_cat?post=4182"},{"taxonomy":"product_tag","embeddable":true,"href":"https:\/\/santamonica.lv\/sv\/wp-json\/wp\/v2\/product_tag?post=4182"}],"curies":[{"name":"wp","href":"https:\/\/api.w.org\/{rel}","templated":true}]}}