{"id":4185,"date":"2025-03-29T22:14:46","date_gmt":"2025-03-29T20:14:46","guid":{"rendered":"https:\/\/santamonica.lv\/e-veikals\/biotic-prebiotika\/"},"modified":"2025-04-22T20:11:32","modified_gmt":"2025-04-22T17:11:32","slug":"biotisk-fibrosa-amnen","status":"publish","type":"product","link":"https:\/\/santamonica.lv\/sv\/e-butik\/biotisk-fibrosa-amnen\/","title":{"rendered":"Biotisk | Fibr\u00f6sa \u00e4mnen"},"content":{"rendered":"<p><span class=\"HwtZe\" lang=\"sv\"><span class=\"jCAhz ChMk0b\"><span class=\"ryNqvb\"><strong>PREBIOTIKA<\/strong> \u2013 fr\u00e5n grekiskan Pre- before, Bios- life, respektive mat f\u00f6r goda bakterier. Den \u00e4r baserad p\u00e5 en l\u00f6slig, l\u00e4ttflytande fiber (galakto-oligosackarid) med s\u00f6t smak och inga kalorier.<\/span><\/span><\/span><\/p>\n<p data-start=\"30\" data-end=\"95\"><span class=\"HwtZe\" lang=\"sv\"><span class=\"jCAhz ChMk0b\"><span class=\"ryNqvb\">N\u00e4r tarmmikrobiotan regelbundet matas med prebiotika f\u00f6r\u00e4ndras den och blir m\u00e5ngsidig, vilket g\u00f6r att den kan:<\/span><\/span><\/span><\/p>\n<ul data-start=\"97\" data-end=\"580\" data-is-only-node=\"\" data-is-last-node=\"\">\n<li data-end=\"346\" data-start=\"255\"><strong><span class=\"HwtZe\" lang=\"sv\"><span class=\"jCAhz ChMk0b\"><span class=\"ryNqvb\">Mindre s\u00f6tsug genom att minska dominansen av sockernedbrytande (sackarolytiska) bakterier. <\/span><\/span><\/span><\/strong><\/li>\n<li data-end=\"346\" data-start=\"255\"><strong><span class=\"HwtZe\" lang=\"sv\"><span class=\"jCAhz ChMk0b\"><span class=\"ryNqvb\">F\u00f6rb\u00e4ttra hudens h\u00e4lsa genom att minska inflammation och toxinproduktion. <\/span><\/span><\/span><\/strong><\/li>\n<li data-end=\"346\" data-start=\"255\"><strong><span class=\"HwtZe\" lang=\"sv\"><span class=\"jCAhz ChMk0b\"><span class=\"ryNqvb\">Fr\u00e4mja l\u00e4ttare matsm\u00e4ltning genom att minska uppbl\u00e5sthet och obehag. <\/span><\/span><\/span><\/strong><\/li>\n<li data-end=\"346\" data-start=\"255\"><strong><span class=\"HwtZe\" lang=\"sv\"><span class=\"jCAhz ChMk0b\"><span class=\"ryNqvb\">\u00c5terh\u00e4mta sig snabbare fr\u00e5n magvirus genom att h\u00e4mma utvecklingen av patogena mikroorganismer. <\/span><\/span><\/span><\/strong><\/li>\n<li data-end=\"346\" data-start=\"255\"><strong><span class=\"HwtZe\" lang=\"sv\"><span class=\"jCAhz ChMk0b\"><span class=\"ryNqvb\">Reglera tarmr\u00f6relserna, g\u00f6r dem regelbundna och enkla. <\/span><\/span><\/span><\/strong><\/li>\n<li data-end=\"346\" data-start=\"255\"><strong><span class=\"HwtZe\" lang=\"sv\"><span class=\"jCAhz ChMk0b\"><span class=\"ryNqvb\">\u00d6ka fysiskt och psykiskt v\u00e4lbefinnande genom att producera serotonin och andra aktiva substanser. <\/span><\/span><\/span><\/strong><\/li>\n<li data-end=\"346\" data-start=\"255\"><strong><span class=\"HwtZe\" lang=\"sv\"><span class=\"jCAhz ChMk0b\"><span class=\"ryNqvb\">Fr\u00e4mja absorptionen av mineraler (kalcium, magnesium), vilket st\u00f6der benh\u00e4lsan. <\/span><\/span><\/span><\/strong><\/li>\n<li data-end=\"346\" data-start=\"255\"><strong><span class=\"HwtZe\" lang=\"sv\"><span class=\"jCAhz ChMk0b\"><span class=\"ryNqvb\">St\u00e4rk kroppens immunitet genom att aktivera immuncellers aktivitet<\/span><\/span><\/span><\/strong><\/li>\n<\/ul>\n<div class=\"summary__title\">\n<h2 class=\"h3 accordion__title\"><span class=\"HwtZe\" lang=\"sv\"><span class=\"jCAhz ChMk0b\"><span class=\"ryNqvb\">Ingredienser<\/span><\/span><\/span><\/h2>\n<\/div>\n<div id=\"ProductAccordion-feb22a62-f768-4b77-b2b8-99539f2137c9-template--16106369974448__main\" class=\"accordion__content rte\"><span class=\"HwtZe\" lang=\"sv\"><span class=\"jCAhz ChMk0b\"><span class=\"ryNqvb\">Den enda ingrediensen i Preimmu \u00e4r galakto-oligosackarider (GOS), som s\u00e4kerst\u00e4ller tillv\u00e4xten av goda bakterier i tarmen. <\/span><\/span><\/span><\/div>\n<div class=\"accordion__content rte\">\n<p><span class=\"HwtZe\" lang=\"sv\"><span class=\"jCAhz ChMk0b\"><span class=\"ryNqvb\">Pulvret \u00e4r vitt, har en s\u00f6t smak och \u00e4r v\u00e4rmestabilt, s\u00e5 det kan l\u00e4ggas till vilken varm eller kall dryck som helst.<\/span><\/span><\/span><\/p>\n<div id=\"ProductAccordion-098d9fc7-5f47-46df-807e-fd3620a5702b-template--16106369974448__main\" class=\"accordion__content rte\">\n<h2 class=\"h3 accordion__title\"><span class=\"HwtZe\" lang=\"sv\"><span class=\"jCAhz ChMk0b\"><span class=\"ryNqvb\">Hur man anv\u00e4nder?<\/span><\/span><\/span><\/h2>\n<p><span class=\"HwtZe\" lang=\"sv\"><span class=\"jCAhz ChMk0b\"><span class=\"ryNqvb\"><strong>Rekommenderad daglig dos:<\/strong> Galakto-oligosackaridpulver 10,5 g i tre dosp\u00e5sar <\/span><\/span><\/span><\/p>\n<\/div>\n<div class=\"accordion__content rte\"><span class=\"HwtZe\" lang=\"sv\"><span class=\"jCAhz ChMk0b\"><span class=\"ryNqvb\">Det rekommenderas att ta oralt 1 till 3 g\u00e5nger om dagen som en extra fiberk\u00e4lla**, och l\u00e4gga till inneh\u00e5llet i p\u00e5sen till en dryck* eller mat. <\/span><\/span><\/span><\/div>\n<div class=\"accordion__content rte\"><span class=\"HwtZe\" lang=\"sv\"><span class=\"jCAhz ChMk0b\"><span class=\"ryNqvb\">6-12 \u00e5r \u2013 1 dosp\u00e5se en g\u00e5ng om dagen. <\/span><\/span><\/span><\/div>\n<div class=\"accordion__content rte\"><span class=\"HwtZe\" lang=\"sv\"><span class=\"jCAhz ChMk0b\"><span class=\"ryNqvb\">Fr\u00e5n 12 \u00e5r och f\u00f6r vuxna 1 dosp\u00e5se 1-3 g\u00e5nger om dagen. <\/span><\/span><\/span><\/div>\n<div class=\"accordion__content rte\"><span class=\"HwtZe\" lang=\"sv\"><span class=\"jCAhz ChMk0b\"><span class=\"ryNqvb\">* Inneh\u00e5llet i p\u00e5sen kan s\u00e4kert l\u00e4ggas till en varm dryck &#8211; kaffe, te, etc. R\u00e5varan som anv\u00e4nds i PreImmu \u00e4r termostabil. <\/span><\/span><\/span><\/div>\n<div class=\"accordion__content rte\"><span class=\"HwtZe\" lang=\"sv\"><span class=\"jCAhz ChMk0b\"><span class=\"ryNqvb\">** n\u00e4r du tar 2-3 p\u00e5sar per dag.<\/span><\/span><\/span><br \/>\n<span class=\"HwtZe\" lang=\"sv\"><span class=\"jCAhz ChMk0b\"><span class=\"ryNqvb\"><strong>Rekommenderat dagligt fiberintag:<\/strong> 7,35 g i 3 p\u00e5sar<\/span><\/span><\/span><\/div>\n<\/div>\n","protected":false},"excerpt":{"rendered":"<ul class=\"icon-with-text icon-with-text--vertical list-unstyled\">\n<li class=\"icon-with-text__item\"><strong><span class=\"HwtZe\" lang=\"sv\"><span class=\"jCAhz ChMk0b\"><span class=\"ryNqvb\">St\u00e4rker immuniteten <\/span><\/span><\/span><\/strong><\/li>\n<li class=\"icon-with-text__item\"><strong><span class=\"HwtZe\" lang=\"sv\"><span class=\"jCAhz ChMk0b\"><span class=\"ryNqvb\">F\u00f6rb\u00e4ttrar hudens h\u00e4lsa <\/span><\/span><\/span><\/strong><\/li>\n<li class=\"icon-with-text__item\"><strong><span class=\"HwtZe\" lang=\"sv\"><span class=\"jCAhz ChMk0b\"><span class=\"ryNqvb\">Lindrar flatulens <\/span><\/span><\/span><\/strong><\/li>\n<li class=\"icon-with-text__item\"><strong><span class=\"HwtZe\" lang=\"sv\"><span class=\"jCAhz ChMk0b\"><span class=\"ryNqvb\">Minskar sockersuget <\/span><\/span><\/span><\/strong><\/li>\n<li class=\"icon-with-text__item\"><strong><span class=\"HwtZe\" lang=\"sv\"><span class=\"jCAhz ChMk0b\"><span class=\"ryNqvb\">Hj\u00e4lper till att f\u00f6rebygga matsm\u00e4ltningsbesv\u00e4r<\/span><\/span><\/span><\/strong><\/li>\n<\/ul>\n<p><a href=\"https:\/\/pakalpojumi.pvd.gov.lv\/lv\/supplements\/15179\" target=\"_blank\" rel=\"noopener\"><span class=\"HwtZe\" lang=\"lv\"><span class=\"jCAhz ChMk0b\"><span class=\"ryNqvb\">Livsmedelsverket Registreringsnummer.<\/span><\/span><\/span> 13068<\/a><\/p>\n","protected":false},"featured_media":3782,"comment_status":"closed","ping_status":"closed","template":"","meta":{"_acf_changed":false,"_uag_custom_page_level_css":"","_kadence_starter_templates_imported_post":false,"_kad_post_transparent":"default","_kad_post_title":"","_kad_post_layout":"default","_kad_post_sidebar_id":"","_kad_post_content_style":"default","_kad_post_vertical_padding":"default","_kad_post_feature":"","_kad_post_feature_position":"","_kad_post_header":false,"_kad_post_footer":false},"product_brand":[75],"product_cat":[63],"product_tag":[],"class_list":{"0":"post-4185","1":"product","2":"type-product","3":"status-publish","4":"has-post-thumbnail","6":"product_brand-preimmu","7":"product_cat-bez-kategorijas-sv","9":"first","10":"outofstock","11":"taxable","12":"shipping-taxable","13":"purchasable","14":"product-type-variable","15":"has-default-attributes","16":"entry","17":"content-bg","18":"loop-entry"},"acf":[],"yoast_head":"<!-- This site is optimized with the Yoast SEO plugin v26.4 - https:\/\/yoast.com\/wordpress\/plugins\/seo\/ -->\n<title>Biotisk | Fibr\u00f6sa \u00e4mnen - Santa Monica<\/title>\n<meta name=\"robots\" content=\"index, follow, max-snippet:-1, max-image-preview:large, max-video-preview:-1\" \/>\n<link rel=\"canonical\" href=\"https:\/\/santamonica.lv\/sv\/e-butik\/biotisk-fibrosa-amnen\/\" \/>\n<meta property=\"og:locale\" content=\"sv_SE\" \/>\n<meta property=\"og:type\" content=\"article\" \/>\n<meta property=\"og:title\" content=\"Biotisk | Fibr\u00f6sa \u00e4mnen - Santa Monica\" \/>\n<meta property=\"og:description\" content=\"St\u00e4rker immuniteten   F\u00f6rb\u00e4ttrar hudens h\u00e4lsa   Lindrar flatulens   Minskar sockersuget   Hj\u00e4lper till att f\u00f6rebygga matsm\u00e4ltningsbesv\u00e4r  Livsmedelsverket Registreringsnummer. 13068\" \/>\n<meta property=\"og:url\" content=\"https:\/\/santamonica.lv\/sv\/e-butik\/biotisk-fibrosa-amnen\/\" \/>\n<meta property=\"og:site_name\" content=\"Santa Monica\" \/>\n<meta property=\"article:publisher\" content=\"https:\/\/www.facebook.com\/klinikasantamonica\" \/>\n<meta property=\"article:modified_time\" content=\"2025-04-22T17:11:32+00:00\" \/>\n<meta property=\"og:image\" content=\"https:\/\/santamonica.lv\/wp-content\/uploads\/2025\/03\/preimmubiotic-preimmu-30-sashets.png\" \/>\n\t<meta property=\"og:image:width\" content=\"1920\" \/>\n\t<meta property=\"og:image:height\" content=\"1324\" \/>\n\t<meta property=\"og:image:type\" content=\"image\/png\" \/>\n<meta name=\"twitter:card\" content=\"summary_large_image\" \/>\n<meta name=\"twitter:label1\" content=\"Est. reading time\" \/>\n\t<meta name=\"twitter:data1\" content=\"2 minuter\" \/>\n<script type=\"application\/ld+json\" class=\"yoast-schema-graph\">{\"@context\":\"https:\/\/schema.org\",\"@graph\":[{\"@type\":\"WebPage\",\"@id\":\"https:\/\/santamonica.lv\/sv\/e-butik\/biotisk-fibrosa-amnen\/\",\"url\":\"https:\/\/santamonica.lv\/sv\/e-butik\/biotisk-fibrosa-amnen\/\",\"name\":\"Biotisk | Fibr\u00f6sa \u00e4mnen - Santa Monica\",\"isPartOf\":{\"@id\":\"https:\/\/santamonica.lv\/sv\/#website\"},\"primaryImageOfPage\":{\"@id\":\"https:\/\/santamonica.lv\/sv\/e-butik\/biotisk-fibrosa-amnen\/#primaryimage\"},\"image\":{\"@id\":\"https:\/\/santamonica.lv\/sv\/e-butik\/biotisk-fibrosa-amnen\/#primaryimage\"},\"thumbnailUrl\":\"https:\/\/santamonica.lv\/wp-content\/uploads\/2025\/03\/preimmubiotic-preimmu-30-sashets.png\",\"datePublished\":\"2025-03-29T20:14:46+00:00\",\"dateModified\":\"2025-04-22T17:11:32+00:00\",\"breadcrumb\":{\"@id\":\"https:\/\/santamonica.lv\/sv\/e-butik\/biotisk-fibrosa-amnen\/#breadcrumb\"},\"inLanguage\":\"sv-SE\",\"potentialAction\":[{\"@type\":\"ReadAction\",\"target\":[\"https:\/\/santamonica.lv\/sv\/e-butik\/biotisk-fibrosa-amnen\/\"]}]},{\"@type\":\"ImageObject\",\"inLanguage\":\"sv-SE\",\"@id\":\"https:\/\/santamonica.lv\/sv\/e-butik\/biotisk-fibrosa-amnen\/#primaryimage\",\"url\":\"https:\/\/santamonica.lv\/wp-content\/uploads\/2025\/03\/preimmubiotic-preimmu-30-sashets.png\",\"contentUrl\":\"https:\/\/santamonica.lv\/wp-content\/uploads\/2025\/03\/preimmubiotic-preimmu-30-sashets.png\",\"width\":1920,\"height\":1324},{\"@type\":\"BreadcrumbList\",\"@id\":\"https:\/\/santamonica.lv\/sv\/e-butik\/biotisk-fibrosa-amnen\/#breadcrumb\",\"itemListElement\":[{\"@type\":\"ListItem\",\"position\":1,\"name\":\"Home\",\"item\":\"https:\/\/santamonica.lv\/sv\/borjan\/\"},{\"@type\":\"ListItem\",\"position\":2,\"name\":\"E-butik\",\"item\":\"https:\/\/santamonica.lv\/sv\/e-butik-santa-monica\/\"},{\"@type\":\"ListItem\",\"position\":3,\"name\":\"Biotisk | Fibr\u00f6sa \u00e4mnen\"}]},{\"@type\":\"WebSite\",\"@id\":\"https:\/\/santamonica.lv\/sv\/#website\",\"url\":\"https:\/\/santamonica.lv\/sv\/\",\"name\":\"Santa Monica\",\"description\":\"\",\"potentialAction\":[{\"@type\":\"SearchAction\",\"target\":{\"@type\":\"EntryPoint\",\"urlTemplate\":\"https:\/\/santamonica.lv\/sv\/?s={search_term_string}\"},\"query-input\":{\"@type\":\"PropertyValueSpecification\",\"valueRequired\":true,\"valueName\":\"search_term_string\"}}],\"inLanguage\":\"sv-SE\"}]}<\/script>\n<!-- \/ Yoast SEO plugin. -->","yoast_head_json":{"title":"Biotisk | Fibr\u00f6sa \u00e4mnen - Santa Monica","robots":{"index":"index","follow":"follow","max-snippet":"max-snippet:-1","max-image-preview":"max-image-preview:large","max-video-preview":"max-video-preview:-1"},"canonical":"https:\/\/santamonica.lv\/sv\/e-butik\/biotisk-fibrosa-amnen\/","og_locale":"sv_SE","og_type":"article","og_title":"Biotisk | Fibr\u00f6sa \u00e4mnen - Santa Monica","og_description":"St\u00e4rker immuniteten   F\u00f6rb\u00e4ttrar hudens h\u00e4lsa   Lindrar flatulens   Minskar sockersuget   Hj\u00e4lper till att f\u00f6rebygga matsm\u00e4ltningsbesv\u00e4r  Livsmedelsverket Registreringsnummer. 13068","og_url":"https:\/\/santamonica.lv\/sv\/e-butik\/biotisk-fibrosa-amnen\/","og_site_name":"Santa Monica","article_publisher":"https:\/\/www.facebook.com\/klinikasantamonica","article_modified_time":"2025-04-22T17:11:32+00:00","og_image":[{"width":1920,"height":1324,"url":"https:\/\/santamonica.lv\/wp-content\/uploads\/2025\/03\/preimmubiotic-preimmu-30-sashets.png","type":"image\/png"}],"twitter_card":"summary_large_image","twitter_misc":{"Est. reading time":"2 minuter"},"schema":{"@context":"https:\/\/schema.org","@graph":[{"@type":"WebPage","@id":"https:\/\/santamonica.lv\/sv\/e-butik\/biotisk-fibrosa-amnen\/","url":"https:\/\/santamonica.lv\/sv\/e-butik\/biotisk-fibrosa-amnen\/","name":"Biotisk | Fibr\u00f6sa \u00e4mnen - Santa Monica","isPartOf":{"@id":"https:\/\/santamonica.lv\/sv\/#website"},"primaryImageOfPage":{"@id":"https:\/\/santamonica.lv\/sv\/e-butik\/biotisk-fibrosa-amnen\/#primaryimage"},"image":{"@id":"https:\/\/santamonica.lv\/sv\/e-butik\/biotisk-fibrosa-amnen\/#primaryimage"},"thumbnailUrl":"https:\/\/santamonica.lv\/wp-content\/uploads\/2025\/03\/preimmubiotic-preimmu-30-sashets.png","datePublished":"2025-03-29T20:14:46+00:00","dateModified":"2025-04-22T17:11:32+00:00","breadcrumb":{"@id":"https:\/\/santamonica.lv\/sv\/e-butik\/biotisk-fibrosa-amnen\/#breadcrumb"},"inLanguage":"sv-SE","potentialAction":[{"@type":"ReadAction","target":["https:\/\/santamonica.lv\/sv\/e-butik\/biotisk-fibrosa-amnen\/"]}]},{"@type":"ImageObject","inLanguage":"sv-SE","@id":"https:\/\/santamonica.lv\/sv\/e-butik\/biotisk-fibrosa-amnen\/#primaryimage","url":"https:\/\/santamonica.lv\/wp-content\/uploads\/2025\/03\/preimmubiotic-preimmu-30-sashets.png","contentUrl":"https:\/\/santamonica.lv\/wp-content\/uploads\/2025\/03\/preimmubiotic-preimmu-30-sashets.png","width":1920,"height":1324},{"@type":"BreadcrumbList","@id":"https:\/\/santamonica.lv\/sv\/e-butik\/biotisk-fibrosa-amnen\/#breadcrumb","itemListElement":[{"@type":"ListItem","position":1,"name":"Home","item":"https:\/\/santamonica.lv\/sv\/borjan\/"},{"@type":"ListItem","position":2,"name":"E-butik","item":"https:\/\/santamonica.lv\/sv\/e-butik-santa-monica\/"},{"@type":"ListItem","position":3,"name":"Biotisk | Fibr\u00f6sa \u00e4mnen"}]},{"@type":"WebSite","@id":"https:\/\/santamonica.lv\/sv\/#website","url":"https:\/\/santamonica.lv\/sv\/","name":"Santa Monica","description":"","potentialAction":[{"@type":"SearchAction","target":{"@type":"EntryPoint","urlTemplate":"https:\/\/santamonica.lv\/sv\/?s={search_term_string}"},"query-input":{"@type":"PropertyValueSpecification","valueRequired":true,"valueName":"search_term_string"}}],"inLanguage":"sv-SE"}]}},"uagb_featured_image_src":{"full":["https:\/\/santamonica.lv\/wp-content\/uploads\/2025\/03\/preimmubiotic-preimmu-30-sashets.png",1920,1324,false],"thumbnail":["https:\/\/santamonica.lv\/wp-content\/uploads\/2025\/03\/preimmubiotic-preimmu-30-sashets-150x150.png",150,150,true],"medium":["https:\/\/santamonica.lv\/wp-content\/uploads\/2025\/03\/preimmubiotic-preimmu-30-sashets-300x207.png",300,207,true],"medium_large":["https:\/\/santamonica.lv\/wp-content\/uploads\/2025\/03\/preimmubiotic-preimmu-30-sashets-768x530.png",768,530,true],"large":["https:\/\/santamonica.lv\/wp-content\/uploads\/2025\/03\/preimmubiotic-preimmu-30-sashets-1024x706.png",1024,706,true],"1536x1536":["https:\/\/santamonica.lv\/wp-content\/uploads\/2025\/03\/preimmubiotic-preimmu-30-sashets-1536x1059.png",1536,1059,true],"2048x2048":["https:\/\/santamonica.lv\/wp-content\/uploads\/2025\/03\/preimmubiotic-preimmu-30-sashets.png",1920,1324,false],"woocommerce_thumbnail":["https:\/\/santamonica.lv\/wp-content\/uploads\/2025\/03\/preimmubiotic-preimmu-30-sashets-300x300.png",300,300,true],"woocommerce_single":["https:\/\/santamonica.lv\/wp-content\/uploads\/2025\/03\/preimmubiotic-preimmu-30-sashets-600x414.png",600,414,true],"woocommerce_gallery_thumbnail":["https:\/\/santamonica.lv\/wp-content\/uploads\/2025\/03\/preimmubiotic-preimmu-30-sashets-100x100.png",100,100,true]},"uagb_author_info":{"display_name":"Aigars","author_link":"https:\/\/santamonica.lv\/sv\/author\/"},"uagb_comment_info":0,"uagb_excerpt":"St\u00e4rker immuniteten F\u00f6rb\u00e4ttrar hudens h\u00e4lsa Lindrar flatulens Minskar sockersuget Hj\u00e4lper till att f\u00f6rebygga matsm\u00e4ltningsbesv\u00e4r Livsmedelsverket Registreringsnummer. 13068","_links":{"self":[{"href":"https:\/\/santamonica.lv\/sv\/wp-json\/wp\/v2\/product\/4185","targetHints":{"allow":["GET"]}}],"collection":[{"href":"https:\/\/santamonica.lv\/sv\/wp-json\/wp\/v2\/product"}],"about":[{"href":"https:\/\/santamonica.lv\/sv\/wp-json\/wp\/v2\/types\/product"}],"replies":[{"embeddable":true,"href":"https:\/\/santamonica.lv\/sv\/wp-json\/wp\/v2\/comments?post=4185"}],"wp:featuredmedia":[{"embeddable":true,"href":"https:\/\/santamonica.lv\/sv\/wp-json\/wp\/v2\/media\/3782"}],"wp:attachment":[{"href":"https:\/\/santamonica.lv\/sv\/wp-json\/wp\/v2\/media?parent=4185"}],"wp:term":[{"taxonomy":"product_brand","embeddable":true,"href":"https:\/\/santamonica.lv\/sv\/wp-json\/wp\/v2\/product_brand?post=4185"},{"taxonomy":"product_cat","embeddable":true,"href":"https:\/\/santamonica.lv\/sv\/wp-json\/wp\/v2\/product_cat?post=4185"},{"taxonomy":"product_tag","embeddable":true,"href":"https:\/\/santamonica.lv\/sv\/wp-json\/wp\/v2\/product_tag?post=4185"}],"curies":[{"name":"wp","href":"https:\/\/api.w.org\/{rel}","templated":true}]}}