{"id":4188,"date":"2025-03-29T20:06:42","date_gmt":"2025-03-29T18:06:42","guid":{"rendered":"https:\/\/santamonica.lv\/e-veikals\/glutations-bellmeda\/"},"modified":"2025-04-22T20:00:06","modified_gmt":"2025-04-22T17:00:06","slug":"glutation-bellmeda","status":"publish","type":"product","link":"https:\/\/santamonica.lv\/sv\/e-butik\/glutation-bellmeda\/","title":{"rendered":"Glutation, BellMeda &#8211; 60 kapslar"},"content":{"rendered":"<p><span class=\"HwtZe\" lang=\"sv\"><span class=\"jCAhz ChMk0b\"><span class=\"ryNqvb\"><strong>F\u00f6rpackningsenhetsstorlek:<\/strong> kapslar om 0,4 g <\/span><\/span><\/span><\/p>\n<p><span class=\"HwtZe\" lang=\"sv\"><span class=\"jCAhz ChMk0b\"><span class=\"ryNqvb\"><strong>Rekommenderad daglig dos:<\/strong> 1 kapsel per dag mellan m\u00e5ltiderna <\/span><\/span><\/span><\/p>\n<p><span class=\"HwtZe\" lang=\"sv\"><span class=\"jCAhz ChMk0b\"><span class=\"ryNqvb\"><strong>Sammans\u00e4ttning:<\/strong> <\/span><\/span><\/span><\/p>\n<ul>\n<li><span class=\"HwtZe\" lang=\"sv\"><span class=\"jCAhz ChMk0b\"><span class=\"ryNqvb\">Reducerat L-glutation (G-SH, reducerad form) \u2013 250 mg <\/span><\/span><\/span><\/li>\n<li><span class=\"HwtZe\" lang=\"sv\"><span class=\"jCAhz ChMk0b\"><span class=\"ryNqvb\">E 460 \u2013 Cellulosa <\/span><\/span><\/span><\/li>\n<li><span class=\"HwtZe\" lang=\"sv\"><span class=\"jCAhz ChMk0b\"><span class=\"ryNqvb\">E 464 \u2013 Hydroxipropylmetylcellulosa <\/span><\/span><\/span><\/li>\n<\/ul>\n<p><span class=\"HwtZe\" lang=\"sv\"><span class=\"jCAhz ChMk0b\"><span class=\"ryNqvb\">I<\/span><\/span><\/span><span class=\"HwtZe\" lang=\"sv\"><span class=\"jCAhz ChMk0b\"><span class=\"ryNqvb\">nneh\u00e5ller inte: gluten, laktos, fruktos, f\u00e4rg\u00e4mnen och klumpf\u00f6rebyggande medel.<\/span><\/span><\/span><\/p>\n","protected":false},"excerpt":{"rendered":"<p><span class=\"HwtZe\" lang=\"sv\"><span class=\"jCAhz ChMk0b\"><span class=\"ryNqvb\">Antioxidant <\/span><\/span><\/span><\/p>\n<p><span class=\"HwtZe\" lang=\"sv\"><span class=\"jCAhz ChMk0b\"><span class=\"ryNqvb\">Det \u00e4r denna aktiva, reducerade form som \u00e4r en av de mest kraftfulla och vanligaste formerna av naturliga antioxidanter. <\/span><\/span><\/span><\/p>\n<p><span class=\"HwtZe\" lang=\"sv\"><span class=\"jCAhz ChMk0b\"><span class=\"ryNqvb\">Neutraliserar fria radikaler, avgiftar kroppen och underl\u00e4ttar immunf\u00f6rsvarets funktion.<\/span><\/span><\/span><\/p>\n<ul>\n<li><strong><span class=\"HwtZe\" lang=\"sv\"><span class=\"jCAhz ChMk0b\"><span class=\"ryNqvb\">St\u00f6d f\u00f6r kroniska sjukdomar <\/span><\/span><\/span><\/strong><\/li>\n<li><strong><span class=\"HwtZe\" lang=\"sv\"><span class=\"jCAhz ChMk0b\"><span class=\"ryNqvb\">St\u00e4rker immunf\u00f6rsvaret <\/span><\/span><\/span><\/strong><\/li>\n<li><strong><span class=\"HwtZe\" lang=\"sv\"><span class=\"jCAhz ChMk0b\"><span class=\"ryNqvb\">F\u00f6r anti-aging \u00e4ndam\u00e5l <\/span><\/span><\/span><\/strong><\/li>\n<li><strong><span class=\"HwtZe\" lang=\"sv\"><span class=\"jCAhz ChMk0b\"><span class=\"ryNqvb\">F\u00f6r behandling av luftv\u00e4gssjukdomar <\/span><\/span><\/span><\/strong><\/li>\n<li><strong><span class=\"HwtZe\" lang=\"sv\"><span class=\"jCAhz ChMk0b\"><span class=\"ryNqvb\">St\u00f6d f\u00f6r leverh\u00e4lsa <\/span><\/span><\/span><\/strong><\/li>\n<li><strong><span class=\"HwtZe\" lang=\"sv\"><span class=\"jCAhz ChMk0b\"><span class=\"ryNqvb\">Hj\u00e4lp f\u00f6r manlig infertilitet<\/span><\/span><\/span><\/strong><\/li>\n<\/ul>\n<p><a href=\"https:\/\/pakalpojumi.pvd.gov.lv\/lv\/supplements\/15858\" target=\"_blank\" rel=\"noopener\">Livsmedelsverket Registreringsnr. 17341<\/a><\/p>\n<p>&nbsp;<\/p>\n","protected":false},"featured_media":3767,"comment_status":"closed","ping_status":"closed","template":"","meta":{"_acf_changed":false,"_uag_custom_page_level_css":"","_kadence_starter_templates_imported_post":false,"_kad_post_transparent":"default","_kad_post_title":"","_kad_post_layout":"default","_kad_post_sidebar_id":"","_kad_post_content_style":"default","_kad_post_vertical_padding":"default","_kad_post_feature":"","_kad_post_feature_position":"","_kad_post_header":false,"_kad_post_footer":false},"product_brand":[74],"product_cat":[63],"product_tag":[],"class_list":{"0":"post-4188","1":"product","2":"type-product","3":"status-publish","4":"has-post-thumbnail","6":"product_brand-bellmeda","7":"product_cat-bez-kategorijas-sv","9":"first","10":"outofstock","11":"taxable","12":"shipping-taxable","13":"purchasable","14":"product-type-variable","15":"has-default-attributes","16":"entry","17":"content-bg","18":"loop-entry"},"acf":[],"yoast_head":"<!-- This site is optimized with the Yoast SEO plugin v26.4 - https:\/\/yoast.com\/wordpress\/plugins\/seo\/ -->\n<title>Glutation, BellMeda - 60 kapslar - Santa Monica<\/title>\n<meta name=\"robots\" content=\"index, follow, max-snippet:-1, max-image-preview:large, max-video-preview:-1\" \/>\n<link rel=\"canonical\" href=\"https:\/\/santamonica.lv\/sv\/e-butik\/glutation-bellmeda\/\" \/>\n<meta property=\"og:locale\" content=\"sv_SE\" \/>\n<meta property=\"og:type\" content=\"article\" \/>\n<meta property=\"og:title\" content=\"Glutation, BellMeda - 60 kapslar - Santa Monica\" \/>\n<meta property=\"og:description\" content=\"Antioxidant   Det \u00e4r denna aktiva, reducerade form som \u00e4r en av de mest kraftfulla och vanligaste formerna av naturliga antioxidanter.   Neutraliserar fria radikaler, avgiftar kroppen och underl\u00e4ttar immunf\u00f6rsvarets funktion.   St\u00f6d f\u00f6r kroniska sjukdomar   St\u00e4rker immunf\u00f6rsvaret   F\u00f6r anti-aging \u00e4ndam\u00e5l   F\u00f6r behandling av luftv\u00e4gssjukdomar   St\u00f6d f\u00f6r leverh\u00e4lsa   Hj\u00e4lp f\u00f6r manlig infertilitet  Livsmedelsverket Registreringsnr. 17341  &nbsp;\" \/>\n<meta property=\"og:url\" content=\"https:\/\/santamonica.lv\/sv\/e-butik\/glutation-bellmeda\/\" \/>\n<meta property=\"og:site_name\" content=\"Santa Monica\" \/>\n<meta property=\"article:publisher\" content=\"https:\/\/www.facebook.com\/klinikasantamonica\" \/>\n<meta property=\"article:modified_time\" content=\"2025-04-22T17:00:06+00:00\" \/>\n<meta property=\"og:image\" content=\"https:\/\/santamonica.lv\/wp-content\/uploads\/2025\/03\/glutations-bellmeda-60-caps.jpg\" \/>\n\t<meta property=\"og:image:width\" content=\"798\" \/>\n\t<meta property=\"og:image:height\" content=\"799\" \/>\n\t<meta property=\"og:image:type\" content=\"image\/jpeg\" \/>\n<meta name=\"twitter:card\" content=\"summary_large_image\" \/>\n<script type=\"application\/ld+json\" class=\"yoast-schema-graph\">{\"@context\":\"https:\/\/schema.org\",\"@graph\":[{\"@type\":\"WebPage\",\"@id\":\"https:\/\/santamonica.lv\/sv\/e-butik\/glutation-bellmeda\/\",\"url\":\"https:\/\/santamonica.lv\/sv\/e-butik\/glutation-bellmeda\/\",\"name\":\"Glutation, BellMeda - 60 kapslar - Santa Monica\",\"isPartOf\":{\"@id\":\"https:\/\/santamonica.lv\/sv\/#website\"},\"primaryImageOfPage\":{\"@id\":\"https:\/\/santamonica.lv\/sv\/e-butik\/glutation-bellmeda\/#primaryimage\"},\"image\":{\"@id\":\"https:\/\/santamonica.lv\/sv\/e-butik\/glutation-bellmeda\/#primaryimage\"},\"thumbnailUrl\":\"https:\/\/santamonica.lv\/wp-content\/uploads\/2025\/03\/glutations-bellmeda-60-caps.jpg\",\"datePublished\":\"2025-03-29T18:06:42+00:00\",\"dateModified\":\"2025-04-22T17:00:06+00:00\",\"breadcrumb\":{\"@id\":\"https:\/\/santamonica.lv\/sv\/e-butik\/glutation-bellmeda\/#breadcrumb\"},\"inLanguage\":\"sv-SE\",\"potentialAction\":[{\"@type\":\"ReadAction\",\"target\":[\"https:\/\/santamonica.lv\/sv\/e-butik\/glutation-bellmeda\/\"]}]},{\"@type\":\"ImageObject\",\"inLanguage\":\"sv-SE\",\"@id\":\"https:\/\/santamonica.lv\/sv\/e-butik\/glutation-bellmeda\/#primaryimage\",\"url\":\"https:\/\/santamonica.lv\/wp-content\/uploads\/2025\/03\/glutations-bellmeda-60-caps.jpg\",\"contentUrl\":\"https:\/\/santamonica.lv\/wp-content\/uploads\/2025\/03\/glutations-bellmeda-60-caps.jpg\",\"width\":798,\"height\":799,\"caption\":\"Glutations no BellMeda - iepakojums 60 kapsulas 23,7g\"},{\"@type\":\"BreadcrumbList\",\"@id\":\"https:\/\/santamonica.lv\/sv\/e-butik\/glutation-bellmeda\/#breadcrumb\",\"itemListElement\":[{\"@type\":\"ListItem\",\"position\":1,\"name\":\"Home\",\"item\":\"https:\/\/santamonica.lv\/sv\/borjan\/\"},{\"@type\":\"ListItem\",\"position\":2,\"name\":\"E-butik\",\"item\":\"https:\/\/santamonica.lv\/sv\/e-butik-santa-monica\/\"},{\"@type\":\"ListItem\",\"position\":3,\"name\":\"Glutation, BellMeda &#8211; 60 kapslar\"}]},{\"@type\":\"WebSite\",\"@id\":\"https:\/\/santamonica.lv\/sv\/#website\",\"url\":\"https:\/\/santamonica.lv\/sv\/\",\"name\":\"Santa Monica\",\"description\":\"\",\"potentialAction\":[{\"@type\":\"SearchAction\",\"target\":{\"@type\":\"EntryPoint\",\"urlTemplate\":\"https:\/\/santamonica.lv\/sv\/?s={search_term_string}\"},\"query-input\":{\"@type\":\"PropertyValueSpecification\",\"valueRequired\":true,\"valueName\":\"search_term_string\"}}],\"inLanguage\":\"sv-SE\"}]}<\/script>\n<!-- \/ Yoast SEO plugin. -->","yoast_head_json":{"title":"Glutation, BellMeda - 60 kapslar - Santa Monica","robots":{"index":"index","follow":"follow","max-snippet":"max-snippet:-1","max-image-preview":"max-image-preview:large","max-video-preview":"max-video-preview:-1"},"canonical":"https:\/\/santamonica.lv\/sv\/e-butik\/glutation-bellmeda\/","og_locale":"sv_SE","og_type":"article","og_title":"Glutation, BellMeda - 60 kapslar - Santa Monica","og_description":"Antioxidant   Det \u00e4r denna aktiva, reducerade form som \u00e4r en av de mest kraftfulla och vanligaste formerna av naturliga antioxidanter.   Neutraliserar fria radikaler, avgiftar kroppen och underl\u00e4ttar immunf\u00f6rsvarets funktion.   St\u00f6d f\u00f6r kroniska sjukdomar   St\u00e4rker immunf\u00f6rsvaret   F\u00f6r anti-aging \u00e4ndam\u00e5l   F\u00f6r behandling av luftv\u00e4gssjukdomar   St\u00f6d f\u00f6r leverh\u00e4lsa   Hj\u00e4lp f\u00f6r manlig infertilitet  Livsmedelsverket Registreringsnr. 17341  &nbsp;","og_url":"https:\/\/santamonica.lv\/sv\/e-butik\/glutation-bellmeda\/","og_site_name":"Santa Monica","article_publisher":"https:\/\/www.facebook.com\/klinikasantamonica","article_modified_time":"2025-04-22T17:00:06+00:00","og_image":[{"width":798,"height":799,"url":"https:\/\/santamonica.lv\/wp-content\/uploads\/2025\/03\/glutations-bellmeda-60-caps.jpg","type":"image\/jpeg"}],"twitter_card":"summary_large_image","schema":{"@context":"https:\/\/schema.org","@graph":[{"@type":"WebPage","@id":"https:\/\/santamonica.lv\/sv\/e-butik\/glutation-bellmeda\/","url":"https:\/\/santamonica.lv\/sv\/e-butik\/glutation-bellmeda\/","name":"Glutation, BellMeda - 60 kapslar - Santa Monica","isPartOf":{"@id":"https:\/\/santamonica.lv\/sv\/#website"},"primaryImageOfPage":{"@id":"https:\/\/santamonica.lv\/sv\/e-butik\/glutation-bellmeda\/#primaryimage"},"image":{"@id":"https:\/\/santamonica.lv\/sv\/e-butik\/glutation-bellmeda\/#primaryimage"},"thumbnailUrl":"https:\/\/santamonica.lv\/wp-content\/uploads\/2025\/03\/glutations-bellmeda-60-caps.jpg","datePublished":"2025-03-29T18:06:42+00:00","dateModified":"2025-04-22T17:00:06+00:00","breadcrumb":{"@id":"https:\/\/santamonica.lv\/sv\/e-butik\/glutation-bellmeda\/#breadcrumb"},"inLanguage":"sv-SE","potentialAction":[{"@type":"ReadAction","target":["https:\/\/santamonica.lv\/sv\/e-butik\/glutation-bellmeda\/"]}]},{"@type":"ImageObject","inLanguage":"sv-SE","@id":"https:\/\/santamonica.lv\/sv\/e-butik\/glutation-bellmeda\/#primaryimage","url":"https:\/\/santamonica.lv\/wp-content\/uploads\/2025\/03\/glutations-bellmeda-60-caps.jpg","contentUrl":"https:\/\/santamonica.lv\/wp-content\/uploads\/2025\/03\/glutations-bellmeda-60-caps.jpg","width":798,"height":799,"caption":"Glutations no BellMeda - iepakojums 60 kapsulas 23,7g"},{"@type":"BreadcrumbList","@id":"https:\/\/santamonica.lv\/sv\/e-butik\/glutation-bellmeda\/#breadcrumb","itemListElement":[{"@type":"ListItem","position":1,"name":"Home","item":"https:\/\/santamonica.lv\/sv\/borjan\/"},{"@type":"ListItem","position":2,"name":"E-butik","item":"https:\/\/santamonica.lv\/sv\/e-butik-santa-monica\/"},{"@type":"ListItem","position":3,"name":"Glutation, BellMeda &#8211; 60 kapslar"}]},{"@type":"WebSite","@id":"https:\/\/santamonica.lv\/sv\/#website","url":"https:\/\/santamonica.lv\/sv\/","name":"Santa Monica","description":"","potentialAction":[{"@type":"SearchAction","target":{"@type":"EntryPoint","urlTemplate":"https:\/\/santamonica.lv\/sv\/?s={search_term_string}"},"query-input":{"@type":"PropertyValueSpecification","valueRequired":true,"valueName":"search_term_string"}}],"inLanguage":"sv-SE"}]}},"uagb_featured_image_src":{"full":["https:\/\/santamonica.lv\/wp-content\/uploads\/2025\/03\/glutations-bellmeda-60-caps.jpg",798,799,false],"thumbnail":["https:\/\/santamonica.lv\/wp-content\/uploads\/2025\/03\/glutations-bellmeda-60-caps-150x150.jpg",150,150,true],"medium":["https:\/\/santamonica.lv\/wp-content\/uploads\/2025\/03\/glutations-bellmeda-60-caps-300x300.jpg",300,300,true],"medium_large":["https:\/\/santamonica.lv\/wp-content\/uploads\/2025\/03\/glutations-bellmeda-60-caps-768x769.jpg",768,769,true],"large":["https:\/\/santamonica.lv\/wp-content\/uploads\/2025\/03\/glutations-bellmeda-60-caps.jpg",798,799,false],"1536x1536":["https:\/\/santamonica.lv\/wp-content\/uploads\/2025\/03\/glutations-bellmeda-60-caps.jpg",798,799,false],"2048x2048":["https:\/\/santamonica.lv\/wp-content\/uploads\/2025\/03\/glutations-bellmeda-60-caps.jpg",798,799,false],"woocommerce_thumbnail":["https:\/\/santamonica.lv\/wp-content\/uploads\/2025\/03\/glutations-bellmeda-60-caps-300x300.jpg",300,300,true],"woocommerce_single":["https:\/\/santamonica.lv\/wp-content\/uploads\/2025\/03\/glutations-bellmeda-60-caps-600x601.jpg",600,601,true],"woocommerce_gallery_thumbnail":["https:\/\/santamonica.lv\/wp-content\/uploads\/2025\/03\/glutations-bellmeda-60-caps-100x100.jpg",100,100,true]},"uagb_author_info":{"display_name":"Aigars","author_link":"https:\/\/santamonica.lv\/sv\/author\/"},"uagb_comment_info":0,"uagb_excerpt":"Antioxidant Det \u00e4r denna aktiva, reducerade form som \u00e4r en av de mest kraftfulla och vanligaste formerna av naturliga antioxidanter. Neutraliserar fria radikaler, avgiftar kroppen och underl\u00e4ttar immunf\u00f6rsvarets funktion. St\u00f6d f\u00f6r kroniska sjukdomar St\u00e4rker immunf\u00f6rsvaret F\u00f6r anti-aging \u00e4ndam\u00e5l F\u00f6r behandling av luftv\u00e4gssjukdomar St\u00f6d f\u00f6r leverh\u00e4lsa Hj\u00e4lp f\u00f6r manlig infertilitet Livsmedelsverket Registreringsnr. 17341 &nbsp;","_links":{"self":[{"href":"https:\/\/santamonica.lv\/sv\/wp-json\/wp\/v2\/product\/4188","targetHints":{"allow":["GET"]}}],"collection":[{"href":"https:\/\/santamonica.lv\/sv\/wp-json\/wp\/v2\/product"}],"about":[{"href":"https:\/\/santamonica.lv\/sv\/wp-json\/wp\/v2\/types\/product"}],"replies":[{"embeddable":true,"href":"https:\/\/santamonica.lv\/sv\/wp-json\/wp\/v2\/comments?post=4188"}],"wp:featuredmedia":[{"embeddable":true,"href":"https:\/\/santamonica.lv\/sv\/wp-json\/wp\/v2\/media\/3767"}],"wp:attachment":[{"href":"https:\/\/santamonica.lv\/sv\/wp-json\/wp\/v2\/media?parent=4188"}],"wp:term":[{"taxonomy":"product_brand","embeddable":true,"href":"https:\/\/santamonica.lv\/sv\/wp-json\/wp\/v2\/product_brand?post=4188"},{"taxonomy":"product_cat","embeddable":true,"href":"https:\/\/santamonica.lv\/sv\/wp-json\/wp\/v2\/product_cat?post=4188"},{"taxonomy":"product_tag","embeddable":true,"href":"https:\/\/santamonica.lv\/sv\/wp-json\/wp\/v2\/product_tag?post=4188"}],"curies":[{"name":"wp","href":"https:\/\/api.w.org\/{rel}","templated":true}]}}