{"id":4197,"date":"2025-03-29T16:21:56","date_gmt":"2025-03-29T14:21:56","guid":{"rendered":"https:\/\/santamonica.lv\/e-veikals\/cellenerq10-bellmeda\/"},"modified":"2025-04-22T19:48:44","modified_gmt":"2025-04-22T16:48:44","slug":"cellenerq10-bellmeda","status":"publish","type":"product","link":"https:\/\/santamonica.lv\/sv\/e-butik\/cellenerq10-bellmeda\/","title":{"rendered":"CellenerQ10, BellMeda"},"content":{"rendered":"<p><span class=\"HwtZe\" lang=\"sv\"><span class=\"jCAhz ChMk0b\"><span class=\"ryNqvb\"><strong>Fasningsenhetsstorlek:<\/strong> kapslar p\u00e5 0,4 g <\/span><\/span><\/span><\/p>\n<p><span class=\"HwtZe\" lang=\"sv\"><span class=\"jCAhz ChMk0b\"><span class=\"ryNqvb\"><strong>Rekommenderad daglig dos:<\/strong> Vuxna 1 kapsel per dag, dricka tillr\u00e4ckligt med v\u00e4tska. <\/span><\/span><\/span><\/p>\n<p><span class=\"HwtZe\" lang=\"sv\"><span class=\"jCAhz ChMk0b\"><span class=\"ryNqvb\"><strong>Nutrient Daily Dosage (1 kapsel):<\/strong> Coenzyme Q10 -komplex: 280 mg av dess koenzym Q10: 100 mg <\/span><\/span><\/span><\/p>\n<p><span class=\"HwtZe\" lang=\"sv\"><span class=\"jCAhz ChMk0b\"><span class=\"ryNqvb\"><strong>Ingredienser:<\/strong> <\/span><\/span><\/span><\/p>\n<ul>\n<li><span class=\"HwtZe\" lang=\"sv\"><span class=\"jCAhz ChMk0b\"><span class=\"ryNqvb\">Ubihinon-cyklodextrinkomplex-280 mg <\/span><\/span><\/span><\/li>\n<li><span class=\"HwtZe\" lang=\"sv\"><span class=\"jCAhz ChMk0b\"><span class=\"ryNqvb\">E 464 &#8211; hydroxipropylmetylcellulosa<\/span><\/span><\/span><\/li>\n<\/ul>\n<p><strong><span class=\"HwtZe\" lang=\"sv\"><span class=\"jCAhz ChMk0b\"><span class=\"ryNqvb\">Inga gluten, laktos, fruktos, f\u00e4rg\u00e4mnen, smak\u00e4mnen, svampd\u00f6dande \u00e4mnen och konserveringsmedel.<\/span><\/span><\/span><\/strong><\/p>\n<div class=\"usGWQd\">\n<div class=\"KkbLmb\">\n<div class=\"lRu31\" dir=\"ltr\"><span class=\"HwtZe\" lang=\"sv\"><span class=\"jCAhz ChMk0b\"><span class=\"ryNqvb\">Koenzym Q10 \u00e4r en vitaminoid som \u00e4r direkt involverad i cellul\u00e4r energiproduktion. Det fungerar som en elektron\u00f6verf\u00f6ring i mitokondrierna i andningskedjan i ATP -bildningsprocessen. Den genomsnittliga dagliga ATP -oms\u00e4ttningen f\u00f6r en person \u00e4r 200 kg, vilket visar den enast\u00e5ende betydelsen av detta \u00e4mne. <\/span><\/span><\/span><\/div>\n<div dir=\"ltr\"><\/div>\n<div class=\"lRu31\" dir=\"ltr\"><span class=\"HwtZe\" lang=\"sv\"><span class=\"jCAhz ChMk0b\"><span class=\"ryNqvb\">Koenzym Q10 \u00e4r den enda lipofila antioxidanten i kroppen; Det minskar lipidperoxidationen och \u00f6kar lipidoxidationsmotst\u00e5ndet. Som ett resultat stabiliserar det cellmembranen och \u00f6kar membranfl\u00f6det. <\/span><\/span><\/span><\/div>\n<div dir=\"ltr\"><\/div>\n<div class=\"lRu31\" dir=\"ltr\"><span class=\"HwtZe\" lang=\"sv\"><span class=\"jCAhz ChMk0b\"><span class=\"ryNqvb\">Koenzym Q10 st\u00f6der immunsystemet genom att \u00f6ka makrofagfagocytosaktiviteten och regenererande tokoferiladikal f\u00f6r antioxidant vitamin E.<\/span><\/span><\/span><\/div>\n<div dir=\"ltr\"><\/div>\n<div dir=\"ltr\"><span class=\"HwtZe\" lang=\"sv\"><span class=\"jCAhz ChMk0b\"><span class=\"ryNqvb\">Den speciella egenskapen hos cellenerq10 \u00e4r dess h\u00f6ga biotillg\u00e4nglighet p\u00e5 grund av komplexiteten i cyklodextrin. Cyklodextriner \u00e4r st\u00e4rkelsenedbrytningsprodukter som best\u00e5r av a-1,4-glukosidala relaterade glukosmolekyler. De \u00e4r ringade med lipofila h\u00e5lrum och den yttre ytan p\u00e5 det hydrofila. Cyklodextrins kan binda organiskt material, vilket g\u00f6r dem vattenl\u00f6sliga och biotillg\u00e4ngliga. De skyddar \u00e4mnet p\u00e5 \u00e4mnet fr\u00e5n oxidation, ljus och fukt. \u00c4mnen p\u00e5 aktiveringen kan uts\u00f6ndras under en l\u00e4ngre tid.<\/span><\/span><\/span><\/div>\n<div dir=\"ltr\"><\/div>\n<div dir=\"ltr\"><span class=\"HwtZe\" lang=\"sv\"><span class=\"jCAhz ChMk0b\"><span class=\"ryNqvb\">F\u00f6rdelarna med produkt-koenzymet Q10 \u00e4r tillg\u00e4ngliga som ett vattenl\u00f6sligt komplex, s\u00e5 dess biotillg\u00e4nglighet \u00e4r upp till fyra g\u00e5nger h\u00f6gre. <\/span><\/span><\/span><\/div>\n<div dir=\"ltr\"><span class=\"HwtZe\" lang=\"sv\"><span class=\"jCAhz ChMk0b\"><span class=\"ryNqvb\">Cyklodextrin sm\u00e4lts p\u00e5 samma s\u00e4tt som vanliga oligosackarider. <\/span><\/span><\/span><\/div>\n<div dir=\"ltr\"><span class=\"HwtZe\" lang=\"sv\"><span class=\"jCAhz ChMk0b\"><span class=\"ryNqvb\">Hypoallergen och formulerad med minimala biverkningar.<\/span><\/span><\/span><\/div>\n<div dir=\"ltr\"><\/div>\n<div dir=\"ltr\"><span class=\"HwtZe\" lang=\"sv\"><span class=\"jCAhz ChMk0b\"><span class=\"ryNqvb\"><strong>Anv\u00e4ndning av l\u00e4kemedel (f\u00f6rlust av viktiga \u00e4mnen):<\/strong> <\/span><\/span><\/span><\/div>\n<ul>\n<li dir=\"ltr\"><span class=\"HwtZe\" lang=\"sv\"><span class=\"jCAhz ChMk0b\"><span class=\"ryNqvb\">CSE -h\u00e4mmare <\/span><\/span><\/span><\/li>\n<li dir=\"ltr\"><span class=\"HwtZe\" lang=\"sv\"><span class=\"jCAhz ChMk0b\"><span class=\"ryNqvb\">Betablockare <\/span><\/span><\/span><\/li>\n<li dir=\"ltr\"><span class=\"HwtZe\" lang=\"sv\"><span class=\"jCAhz ChMk0b\"><span class=\"ryNqvb\">Antidepressiva medel <\/span><\/span><\/span><\/li>\n<li dir=\"ltr\"><span class=\"HwtZe\" lang=\"sv\"><span class=\"jCAhz ChMk0b\"><span class=\"ryNqvb\">Hj\u00e4rt <\/span><\/span><\/span><\/li>\n<li dir=\"ltr\"><span class=\"HwtZe\" lang=\"sv\"><span class=\"jCAhz ChMk0b\"><span class=\"ryNqvb\">Preventivmedel <\/span><\/span><\/span><\/li>\n<li dir=\"ltr\"><span class=\"HwtZe\" lang=\"sv\"><span class=\"jCAhz ChMk0b\"><span class=\"ryNqvb\">Cancerterapi <\/span><\/span><\/span><\/li>\n<li dir=\"ltr\"><span class=\"HwtZe\" lang=\"sv\"><span class=\"jCAhz ChMk0b\"><span class=\"ryNqvb\">Statiner <\/span><\/span><\/span><\/li>\n<li dir=\"ltr\"><span class=\"HwtZe\" lang=\"sv\"><span class=\"jCAhz ChMk0b\"><span class=\"ryNqvb\">Tamoxifen <\/span><\/span><\/span><\/li>\n<li dir=\"ltr\"><span class=\"HwtZe\" lang=\"sv\"><span class=\"jCAhz ChMk0b\"><span class=\"ryNqvb\">Psykotropiska \u00e4mnen<\/span><\/span><\/span><\/li>\n<\/ul>\n<p><em><span class=\"HwtZe\" lang=\"sv\"><span class=\"jCAhz ChMk0b\"><span class=\"ryNqvb\">Termen &#8221;Anv\u00e4ndning av l\u00e4kemedel (f\u00f6rlust av vitala \u00e4mnen)&#8221; h\u00e4nvisar till situationer d\u00e4r f\u00f6reskrivna l\u00e4kemedel som anv\u00e4nds i l\u00e5ngvariga eller h\u00f6ga doser kan minska niv\u00e5n p\u00e5 v\u00e4sentliga \u00e4mnen i kroppen. Detta beror p\u00e5 att detta l\u00e4kemedel kan st\u00f6ra absorptionen av n\u00e4rings\u00e4mnen, \u00e4mnesoms\u00e4ttning eller f\u00e5 den att p\u00e5skynda kroppens eliminering.<\/span><\/span><\/span><\/em><\/p>\n<p><em><span class=\"HwtZe\" lang=\"sv\"><span class=\"jCAhz ChMk0b\"><span class=\"ryNqvb\">Exempel: <\/span><\/span><\/span><\/em><\/p>\n<ul>\n<li><em><span class=\"HwtZe\" lang=\"sv\"><span class=\"jCAhz ChMk0b\"><span class=\"ryNqvb\">Statiner: Kan minska niv\u00e5n av koenzym Q10 som beh\u00f6vs f\u00f6r cellul\u00e4r energiproduktion. <\/span><\/span><\/span><\/em><\/li>\n<li><em><span class=\"HwtZe\" lang=\"sv\"><span class=\"jCAhz ChMk0b\"><span class=\"ryNqvb\">Beta -blockerare: kan p\u00e5verka mitokondriernas funktion och minska tillg\u00e4ngligheten av energi. <\/span><\/span><\/span><\/em><\/li>\n<li><em><span class=\"HwtZe\" lang=\"sv\"><span class=\"jCAhz ChMk0b\"><span class=\"ryNqvb\">Antidepressiva medel och psykotropa \u00e4mnen: kan p\u00e5verka en viss niv\u00e5 av vitaminer (s\u00e5som grupp B) eller mineraler. <\/span><\/span><\/span><\/em><\/li>\n<li><em><span class=\"HwtZe\" lang=\"sv\"><span class=\"jCAhz ChMk0b\"><span class=\"ryNqvb\">Preventivmedel: L\u00e5ngvarig anv\u00e4ndning kan leda till en minskning av vitamin B, magnesium och zinkniv\u00e5er. <\/span><\/span><\/span><\/em><\/li>\n<li><em><span class=\"HwtZe\" lang=\"sv\"><span class=\"jCAhz ChMk0b\"><span class=\"ryNqvb\">Cancerterapi (s\u00e5som kemoterapi): kan orsaka oxidativ stress och p\u00e5skynda v\u00e4sentliga antioxidanter s\u00e5som vitamin E och koenzym Q10.<\/span><\/span><\/span><\/em><\/li>\n<\/ul>\n<\/div>\n<\/div>\n","protected":false},"excerpt":{"rendered":"<p><span class=\"HwtZe\" lang=\"sv\"><span class=\"jCAhz ChMk0b\"><span class=\"ryNqvb\"><strong>Koenzym Q10 med h\u00f6g absorption i form av ett vattenl\u00f6sligt komplex, s\u00e5 dess biotillg\u00e4nglighet \u00e4r upp till fyra g\u00e5nger h\u00f6gre.<\/strong> <\/span><\/span><\/span><\/p>\n<p><span class=\"HwtZe\" lang=\"sv\"><span class=\"jCAhz ChMk0b\"><span class=\"ryNqvb\">Synergi: <\/span><\/span><\/span><\/p>\n<ul>\n<li><strong><span class=\"HwtZe\" lang=\"sv\"><span class=\"jCAhz ChMk0b\"><span class=\"ryNqvb\">Hj\u00e4rnbalans: St\u00f6der hj\u00e4rnfunktion och kognitiva f\u00f6rm\u00e5gor. <\/span><\/span><\/span><\/strong><\/li>\n<li><strong><span class=\"HwtZe\" lang=\"sv\"><span class=\"jCAhz ChMk0b\"><span class=\"ryNqvb\">NADH: Fr\u00e4mjar cellul\u00e4r energiproduktion och hj\u00e4lper till att bek\u00e4mpa tr\u00f6tthet. <\/span><\/span><\/span><\/strong><\/li>\n<li><strong><span class=\"HwtZe\" lang=\"sv\"><span class=\"jCAhz ChMk0b\"><span class=\"ryNqvb\">PQQ 20: st\u00f6der mitokondriell funktion och skyddar celler fr\u00e5n oxidativ stress.<\/span><\/span><\/span><\/strong><\/li>\n<\/ul>\n<p><span class=\"HwtZe\" lang=\"sv\"><span class=\"jCAhz ChMk0b\"><span class=\"ryNqvb\"><strong>Ans\u00f6kningsomr\u00e5den:<\/strong> <\/span><\/span><\/span><\/p>\n<ul>\n<li><strong><span class=\"HwtZe\" lang=\"sv\"><span class=\"jCAhz ChMk0b\"><span class=\"ryNqvb\">Mitokondriell dysfunktion <\/span><\/span><\/span><\/strong><\/li>\n<li><strong><span class=\"HwtZe\" lang=\"sv\"><span class=\"jCAhz ChMk0b\"><span class=\"ryNqvb\">Kardiovaskul\u00e4r sjukdom (hj\u00e4rtsvikt, hypertoni) <\/span><\/span><\/span><\/strong><\/li>\n<li><strong><span class=\"HwtZe\" lang=\"sv\"><span class=\"jCAhz ChMk0b\"><span class=\"ryNqvb\">Immunbrist <\/span><\/span><\/span><\/strong><\/li>\n<li><strong><span class=\"HwtZe\" lang=\"sv\"><span class=\"jCAhz ChMk0b\"><span class=\"ryNqvb\">Diabetes och makuladegeneration <\/span><\/span><\/span><\/strong><\/li>\n<li><strong><span class=\"HwtZe\" lang=\"sv\"><span class=\"jCAhz ChMk0b\"><span class=\"ryNqvb\">Migr\u00e4n och tinnitus <\/span><\/span><\/span><\/strong><\/li>\n<li><strong><span class=\"HwtZe\" lang=\"sv\"><span class=\"jCAhz ChMk0b\"><span class=\"ryNqvb\">Muskeldystrofi <\/span><\/span><\/span><\/strong><\/li>\n<li><strong><span class=\"HwtZe\" lang=\"sv\"><span class=\"jCAhz ChMk0b\"><span class=\"ryNqvb\">Sportaktiviteter med h\u00f6g belastning <\/span><\/span><\/span><\/strong><\/li>\n<li><strong><span class=\"HwtZe\" lang=\"sv\"><span class=\"jCAhz ChMk0b\"><span class=\"ryNqvb\">Utbr\u00e4nningssyndrom och kronisk tr\u00f6tthetssyndrom (CFS) <\/span><\/span><\/span><\/strong><\/li>\n<li><strong><span class=\"HwtZe\" lang=\"sv\"><span class=\"jCAhz ChMk0b\"><span class=\"ryNqvb\">Till\u00e4gg till Parkinson och demensterapi<\/span><\/span><\/span><\/strong><\/li>\n<\/ul>\n<p><a href=\"https:\/\/pakalpojumi.pvd.gov.lv\/lv\/supplements\/15861\" target=\"_blank\" rel=\"noopener\"><span class=\"HwtZe\" lang=\"sv\"><span class=\"jCAhz ChMk0b\"><span class=\"ryNqvb\">Livsmedelsverket Registreringsnr. <\/span><\/span><\/span>17344<\/a><\/p>\n<p>&nbsp;<\/p>\n","protected":false},"featured_media":3641,"comment_status":"closed","ping_status":"closed","template":"","meta":{"_acf_changed":false,"_uag_custom_page_level_css":"","_kadence_starter_templates_imported_post":false,"_kad_post_transparent":"default","_kad_post_title":"","_kad_post_layout":"default","_kad_post_sidebar_id":"","_kad_post_content_style":"default","_kad_post_vertical_padding":"default","_kad_post_feature":"","_kad_post_feature_position":"","_kad_post_header":false,"_kad_post_footer":false},"product_brand":[74],"product_cat":[63],"product_tag":[],"class_list":{"0":"post-4197","1":"product","2":"type-product","3":"status-publish","4":"has-post-thumbnail","6":"product_brand-bellmeda","7":"product_cat-bez-kategorijas-sv","9":"first","10":"outofstock","11":"taxable","12":"shipping-taxable","13":"purchasable","14":"product-type-variable","15":"has-default-attributes","16":"entry","17":"content-bg","18":"loop-entry"},"acf":[],"yoast_head":"<!-- This site is optimized with the Yoast SEO plugin v26.4 - https:\/\/yoast.com\/wordpress\/plugins\/seo\/ -->\n<title>CellenerQ10, BellMeda - Santa Monica<\/title>\n<meta name=\"robots\" content=\"index, follow, max-snippet:-1, max-image-preview:large, max-video-preview:-1\" \/>\n<link rel=\"canonical\" href=\"https:\/\/santamonica.lv\/sv\/e-butik\/cellenerq10-bellmeda\/\" \/>\n<meta property=\"og:locale\" content=\"sv_SE\" \/>\n<meta property=\"og:type\" content=\"article\" \/>\n<meta property=\"og:title\" content=\"CellenerQ10, BellMeda - Santa Monica\" \/>\n<meta property=\"og:description\" content=\"Koenzym Q10 med h\u00f6g absorption i form av ett vattenl\u00f6sligt komplex, s\u00e5 dess biotillg\u00e4nglighet \u00e4r upp till fyra g\u00e5nger h\u00f6gre.   Synergi:    Hj\u00e4rnbalans: St\u00f6der hj\u00e4rnfunktion och kognitiva f\u00f6rm\u00e5gor.   NADH: Fr\u00e4mjar cellul\u00e4r energiproduktion och hj\u00e4lper till att bek\u00e4mpa tr\u00f6tthet.   PQQ 20: st\u00f6der mitokondriell funktion och skyddar celler fr\u00e5n oxidativ stress.  Ans\u00f6kningsomr\u00e5den:    Mitokondriell dysfunktion   Kardiovaskul\u00e4r sjukdom (hj\u00e4rtsvikt, hypertoni)   Immunbrist   Diabetes och makuladegeneration   Migr\u00e4n och tinnitus   Muskeldystrofi   Sportaktiviteter med h\u00f6g belastning   Utbr\u00e4nningssyndrom och kronisk tr\u00f6tthetssyndrom (CFS)   Till\u00e4gg till Parkinson och demensterapi  Livsmedelsverket Registreringsnr. 17344  &nbsp;\" \/>\n<meta property=\"og:url\" content=\"https:\/\/santamonica.lv\/sv\/e-butik\/cellenerq10-bellmeda\/\" \/>\n<meta property=\"og:site_name\" content=\"Santa Monica\" \/>\n<meta property=\"article:publisher\" content=\"https:\/\/www.facebook.com\/klinikasantamonica\" \/>\n<meta property=\"article:modified_time\" content=\"2025-04-22T16:48:44+00:00\" \/>\n<meta property=\"og:image\" content=\"https:\/\/santamonica.lv\/wp-content\/uploads\/2025\/03\/cellenerq10-bellmeda-60-caps.png\" \/>\n\t<meta property=\"og:image:width\" content=\"800\" \/>\n\t<meta property=\"og:image:height\" content=\"800\" \/>\n\t<meta property=\"og:image:type\" content=\"image\/png\" \/>\n<meta name=\"twitter:card\" content=\"summary_large_image\" \/>\n<meta name=\"twitter:label1\" content=\"Est. reading time\" \/>\n\t<meta name=\"twitter:data1\" content=\"2 minuter\" \/>\n<script type=\"application\/ld+json\" class=\"yoast-schema-graph\">{\"@context\":\"https:\/\/schema.org\",\"@graph\":[{\"@type\":\"WebPage\",\"@id\":\"https:\/\/santamonica.lv\/sv\/e-butik\/cellenerq10-bellmeda\/\",\"url\":\"https:\/\/santamonica.lv\/sv\/e-butik\/cellenerq10-bellmeda\/\",\"name\":\"CellenerQ10, BellMeda - Santa Monica\",\"isPartOf\":{\"@id\":\"https:\/\/santamonica.lv\/sv\/#website\"},\"primaryImageOfPage\":{\"@id\":\"https:\/\/santamonica.lv\/sv\/e-butik\/cellenerq10-bellmeda\/#primaryimage\"},\"image\":{\"@id\":\"https:\/\/santamonica.lv\/sv\/e-butik\/cellenerq10-bellmeda\/#primaryimage\"},\"thumbnailUrl\":\"https:\/\/santamonica.lv\/wp-content\/uploads\/2025\/03\/cellenerq10-bellmeda-60-caps.png\",\"datePublished\":\"2025-03-29T14:21:56+00:00\",\"dateModified\":\"2025-04-22T16:48:44+00:00\",\"breadcrumb\":{\"@id\":\"https:\/\/santamonica.lv\/sv\/e-butik\/cellenerq10-bellmeda\/#breadcrumb\"},\"inLanguage\":\"sv-SE\",\"potentialAction\":[{\"@type\":\"ReadAction\",\"target\":[\"https:\/\/santamonica.lv\/sv\/e-butik\/cellenerq10-bellmeda\/\"]}]},{\"@type\":\"ImageObject\",\"inLanguage\":\"sv-SE\",\"@id\":\"https:\/\/santamonica.lv\/sv\/e-butik\/cellenerq10-bellmeda\/#primaryimage\",\"url\":\"https:\/\/santamonica.lv\/wp-content\/uploads\/2025\/03\/cellenerq10-bellmeda-60-caps.png\",\"contentUrl\":\"https:\/\/santamonica.lv\/wp-content\/uploads\/2025\/03\/cellenerq10-bellmeda-60-caps.png\",\"width\":800,\"height\":800,\"caption\":\"CellenerQ10 no BellMeda - Iepakojums, 60 kapsulas, 23.8g\"},{\"@type\":\"BreadcrumbList\",\"@id\":\"https:\/\/santamonica.lv\/sv\/e-butik\/cellenerq10-bellmeda\/#breadcrumb\",\"itemListElement\":[{\"@type\":\"ListItem\",\"position\":1,\"name\":\"Home\",\"item\":\"https:\/\/santamonica.lv\/sv\/borjan\/\"},{\"@type\":\"ListItem\",\"position\":2,\"name\":\"E-butik\",\"item\":\"https:\/\/santamonica.lv\/sv\/e-butik-santa-monica\/\"},{\"@type\":\"ListItem\",\"position\":3,\"name\":\"CellenerQ10, BellMeda\"}]},{\"@type\":\"WebSite\",\"@id\":\"https:\/\/santamonica.lv\/sv\/#website\",\"url\":\"https:\/\/santamonica.lv\/sv\/\",\"name\":\"Santa Monica\",\"description\":\"\",\"potentialAction\":[{\"@type\":\"SearchAction\",\"target\":{\"@type\":\"EntryPoint\",\"urlTemplate\":\"https:\/\/santamonica.lv\/sv\/?s={search_term_string}\"},\"query-input\":{\"@type\":\"PropertyValueSpecification\",\"valueRequired\":true,\"valueName\":\"search_term_string\"}}],\"inLanguage\":\"sv-SE\"}]}<\/script>\n<!-- \/ Yoast SEO plugin. -->","yoast_head_json":{"title":"CellenerQ10, BellMeda - Santa Monica","robots":{"index":"index","follow":"follow","max-snippet":"max-snippet:-1","max-image-preview":"max-image-preview:large","max-video-preview":"max-video-preview:-1"},"canonical":"https:\/\/santamonica.lv\/sv\/e-butik\/cellenerq10-bellmeda\/","og_locale":"sv_SE","og_type":"article","og_title":"CellenerQ10, BellMeda - Santa Monica","og_description":"Koenzym Q10 med h\u00f6g absorption i form av ett vattenl\u00f6sligt komplex, s\u00e5 dess biotillg\u00e4nglighet \u00e4r upp till fyra g\u00e5nger h\u00f6gre.   Synergi:    Hj\u00e4rnbalans: St\u00f6der hj\u00e4rnfunktion och kognitiva f\u00f6rm\u00e5gor.   NADH: Fr\u00e4mjar cellul\u00e4r energiproduktion och hj\u00e4lper till att bek\u00e4mpa tr\u00f6tthet.   PQQ 20: st\u00f6der mitokondriell funktion och skyddar celler fr\u00e5n oxidativ stress.  Ans\u00f6kningsomr\u00e5den:    Mitokondriell dysfunktion   Kardiovaskul\u00e4r sjukdom (hj\u00e4rtsvikt, hypertoni)   Immunbrist   Diabetes och makuladegeneration   Migr\u00e4n och tinnitus   Muskeldystrofi   Sportaktiviteter med h\u00f6g belastning   Utbr\u00e4nningssyndrom och kronisk tr\u00f6tthetssyndrom (CFS)   Till\u00e4gg till Parkinson och demensterapi  Livsmedelsverket Registreringsnr. 17344  &nbsp;","og_url":"https:\/\/santamonica.lv\/sv\/e-butik\/cellenerq10-bellmeda\/","og_site_name":"Santa Monica","article_publisher":"https:\/\/www.facebook.com\/klinikasantamonica","article_modified_time":"2025-04-22T16:48:44+00:00","og_image":[{"width":800,"height":800,"url":"https:\/\/santamonica.lv\/wp-content\/uploads\/2025\/03\/cellenerq10-bellmeda-60-caps.png","type":"image\/png"}],"twitter_card":"summary_large_image","twitter_misc":{"Est. reading time":"2 minuter"},"schema":{"@context":"https:\/\/schema.org","@graph":[{"@type":"WebPage","@id":"https:\/\/santamonica.lv\/sv\/e-butik\/cellenerq10-bellmeda\/","url":"https:\/\/santamonica.lv\/sv\/e-butik\/cellenerq10-bellmeda\/","name":"CellenerQ10, BellMeda - Santa Monica","isPartOf":{"@id":"https:\/\/santamonica.lv\/sv\/#website"},"primaryImageOfPage":{"@id":"https:\/\/santamonica.lv\/sv\/e-butik\/cellenerq10-bellmeda\/#primaryimage"},"image":{"@id":"https:\/\/santamonica.lv\/sv\/e-butik\/cellenerq10-bellmeda\/#primaryimage"},"thumbnailUrl":"https:\/\/santamonica.lv\/wp-content\/uploads\/2025\/03\/cellenerq10-bellmeda-60-caps.png","datePublished":"2025-03-29T14:21:56+00:00","dateModified":"2025-04-22T16:48:44+00:00","breadcrumb":{"@id":"https:\/\/santamonica.lv\/sv\/e-butik\/cellenerq10-bellmeda\/#breadcrumb"},"inLanguage":"sv-SE","potentialAction":[{"@type":"ReadAction","target":["https:\/\/santamonica.lv\/sv\/e-butik\/cellenerq10-bellmeda\/"]}]},{"@type":"ImageObject","inLanguage":"sv-SE","@id":"https:\/\/santamonica.lv\/sv\/e-butik\/cellenerq10-bellmeda\/#primaryimage","url":"https:\/\/santamonica.lv\/wp-content\/uploads\/2025\/03\/cellenerq10-bellmeda-60-caps.png","contentUrl":"https:\/\/santamonica.lv\/wp-content\/uploads\/2025\/03\/cellenerq10-bellmeda-60-caps.png","width":800,"height":800,"caption":"CellenerQ10 no BellMeda - Iepakojums, 60 kapsulas, 23.8g"},{"@type":"BreadcrumbList","@id":"https:\/\/santamonica.lv\/sv\/e-butik\/cellenerq10-bellmeda\/#breadcrumb","itemListElement":[{"@type":"ListItem","position":1,"name":"Home","item":"https:\/\/santamonica.lv\/sv\/borjan\/"},{"@type":"ListItem","position":2,"name":"E-butik","item":"https:\/\/santamonica.lv\/sv\/e-butik-santa-monica\/"},{"@type":"ListItem","position":3,"name":"CellenerQ10, BellMeda"}]},{"@type":"WebSite","@id":"https:\/\/santamonica.lv\/sv\/#website","url":"https:\/\/santamonica.lv\/sv\/","name":"Santa Monica","description":"","potentialAction":[{"@type":"SearchAction","target":{"@type":"EntryPoint","urlTemplate":"https:\/\/santamonica.lv\/sv\/?s={search_term_string}"},"query-input":{"@type":"PropertyValueSpecification","valueRequired":true,"valueName":"search_term_string"}}],"inLanguage":"sv-SE"}]}},"uagb_featured_image_src":{"full":["https:\/\/santamonica.lv\/wp-content\/uploads\/2025\/03\/cellenerq10-bellmeda-60-caps.png",800,800,false],"thumbnail":["https:\/\/santamonica.lv\/wp-content\/uploads\/2025\/03\/cellenerq10-bellmeda-60-caps-150x150.png",150,150,true],"medium":["https:\/\/santamonica.lv\/wp-content\/uploads\/2025\/03\/cellenerq10-bellmeda-60-caps-300x300.png",300,300,true],"medium_large":["https:\/\/santamonica.lv\/wp-content\/uploads\/2025\/03\/cellenerq10-bellmeda-60-caps-768x768.png",768,768,true],"large":["https:\/\/santamonica.lv\/wp-content\/uploads\/2025\/03\/cellenerq10-bellmeda-60-caps.png",800,800,false],"1536x1536":["https:\/\/santamonica.lv\/wp-content\/uploads\/2025\/03\/cellenerq10-bellmeda-60-caps.png",800,800,false],"2048x2048":["https:\/\/santamonica.lv\/wp-content\/uploads\/2025\/03\/cellenerq10-bellmeda-60-caps.png",800,800,false],"woocommerce_thumbnail":["https:\/\/santamonica.lv\/wp-content\/uploads\/2025\/03\/cellenerq10-bellmeda-60-caps-300x300.png",300,300,true],"woocommerce_single":["https:\/\/santamonica.lv\/wp-content\/uploads\/2025\/03\/cellenerq10-bellmeda-60-caps-600x600.png",600,600,true],"woocommerce_gallery_thumbnail":["https:\/\/santamonica.lv\/wp-content\/uploads\/2025\/03\/cellenerq10-bellmeda-60-caps-100x100.png",100,100,true]},"uagb_author_info":{"display_name":"Aigars","author_link":"https:\/\/santamonica.lv\/sv\/author\/"},"uagb_comment_info":0,"uagb_excerpt":"Koenzym Q10 med h\u00f6g absorption i form av ett vattenl\u00f6sligt komplex, s\u00e5 dess biotillg\u00e4nglighet \u00e4r upp till fyra g\u00e5nger h\u00f6gre. Synergi: Hj\u00e4rnbalans: St\u00f6der hj\u00e4rnfunktion och kognitiva f\u00f6rm\u00e5gor. NADH: Fr\u00e4mjar cellul\u00e4r energiproduktion och hj\u00e4lper till att bek\u00e4mpa tr\u00f6tthet. PQQ 20: st\u00f6der mitokondriell funktion och skyddar celler fr\u00e5n oxidativ stress. Ans\u00f6kningsomr\u00e5den: Mitokondriell dysfunktion Kardiovaskul\u00e4r sjukdom (hj\u00e4rtsvikt, hypertoni)&hellip;","_links":{"self":[{"href":"https:\/\/santamonica.lv\/sv\/wp-json\/wp\/v2\/product\/4197","targetHints":{"allow":["GET"]}}],"collection":[{"href":"https:\/\/santamonica.lv\/sv\/wp-json\/wp\/v2\/product"}],"about":[{"href":"https:\/\/santamonica.lv\/sv\/wp-json\/wp\/v2\/types\/product"}],"replies":[{"embeddable":true,"href":"https:\/\/santamonica.lv\/sv\/wp-json\/wp\/v2\/comments?post=4197"}],"wp:featuredmedia":[{"embeddable":true,"href":"https:\/\/santamonica.lv\/sv\/wp-json\/wp\/v2\/media\/3641"}],"wp:attachment":[{"href":"https:\/\/santamonica.lv\/sv\/wp-json\/wp\/v2\/media?parent=4197"}],"wp:term":[{"taxonomy":"product_brand","embeddable":true,"href":"https:\/\/santamonica.lv\/sv\/wp-json\/wp\/v2\/product_brand?post=4197"},{"taxonomy":"product_cat","embeddable":true,"href":"https:\/\/santamonica.lv\/sv\/wp-json\/wp\/v2\/product_cat?post=4197"},{"taxonomy":"product_tag","embeddable":true,"href":"https:\/\/santamonica.lv\/sv\/wp-json\/wp\/v2\/product_tag?post=4197"}],"curies":[{"name":"wp","href":"https:\/\/api.w.org\/{rel}","templated":true}]}}