{"id":4217,"date":"2025-03-29T14:32:03","date_gmt":"2025-03-29T12:32:03","guid":{"rendered":"https:\/\/santamonica.lv\/e-veikals\/bosvelija-bellmeda\/"},"modified":"2025-04-22T19:55:25","modified_gmt":"2025-04-22T16:55:25","slug":"boswellia-bellmeda","status":"publish","type":"product","link":"https:\/\/santamonica.lv\/sv\/e-butik\/boswellia-bellmeda\/","title":{"rendered":"Boswellia, Bellmeda &#8211; 90 kapslar"},"content":{"rendered":"<p><span class=\"HwtZe\" lang=\"sv\"><span class=\"jCAhz ChMk0b\"><span class=\"ryNqvb\"><strong>Enhetsstorlek:<\/strong> kapslar p\u00e5 0,63 g <\/span><\/span><\/span><\/p>\n<p><span class=\"HwtZe\" lang=\"sv\"><span class=\"jCAhz ChMk0b\"><span class=\"ryNqvb\"><strong>Rekommenderad daglig dos:<\/strong> f\u00f6r vuxna, 1 kapsel per dag f\u00f6re m\u00e5ltid, med tillr\u00e4ckligt med v\u00e4tska. <\/span><\/span><\/span><\/p>\n<p><span class=\"HwtZe\" lang=\"sv\"><span class=\"jCAhz ChMk0b\"><span class=\"ryNqvb\"><strong>Sammans\u00e4ttning:<\/strong> <\/span><\/span><\/span><\/p>\n<ul>\n<li><span class=\"HwtZe\" lang=\"sv\"><span class=\"jCAhz ChMk0b\"><span class=\"ryNqvb\">Boswellia (Boswellia serrata), harts, extrakt \u2013 500 mg <\/span><\/span><\/span><\/li>\n<li><span class=\"HwtZe\" lang=\"sv\"><span class=\"jCAhz ChMk0b\"><span class=\"ryNqvb\">E 464 \u2013 Hydroxipropylmetylcellulosa<\/span><\/span><\/span><\/li>\n<\/ul>\n<p><span class=\"HwtZe\" lang=\"sv\"><span class=\"jCAhz ChMk0b\"><span class=\"ryNqvb\"><strong>Inverkan:<\/strong> <\/span><\/span><\/span><\/p>\n<ul>\n<li><span class=\"HwtZe\" lang=\"sv\"><span class=\"jCAhz ChMk0b\"><span class=\"ryNqvb\">Antiinflammatorisk <\/span><\/span><\/span><\/li>\n<li><span class=\"HwtZe\" lang=\"sv\"><span class=\"jCAhz ChMk0b\"><span class=\"ryNqvb\">Sm\u00e4rtstillande <\/span><\/span><\/span><\/li>\n<li><span class=\"HwtZe\" lang=\"sv\"><span class=\"jCAhz ChMk0b\"><span class=\"ryNqvb\">H\u00e4mmar 5-lipoxygenas och f\u00f6rhindrar fris\u00e4ttning av leukotrien <\/span><\/span><\/span><\/li>\n<li><span class=\"HwtZe\" lang=\"sv\"><span class=\"jCAhz ChMk0b\"><span class=\"ryNqvb\">Antiproliferativ effekt p\u00e5 cancerceller<\/span><\/span><\/span><\/li>\n<\/ul>\n<p><span class=\"HwtZe\" lang=\"sv\"><span class=\"jCAhz ChMk0b\"><span class=\"ryNqvb\">Frankincense har anv\u00e4nts som en medicinsk \u00f6rt i tusentals \u00e5r och \u00e4r ocks\u00e5 ett bepr\u00f6vat ayurvediskt botemedel. De antiinflammatoriska effekterna av r\u00f6kelse \u00e4r baserade p\u00e5 h\u00e4mning av 12-lipoxygenas, leukocytelastas, cathepsin G och NF-kB-signalv\u00e4gen. De farmakologiska effekterna av r\u00f6kelseextrakt har visats in vivo. Av de mer \u00e4n 200 substanser som identifierats i hartserna fr\u00e5n olika Boswellia-arter inkluderar de farmakologiskt aktiva substanserna de pentacykliska triterpenerna: acetyl-11-keto-\u03b2-boswellsyra (AKBA), 11-keto-\u03b2-boswellsyra (KBA) och acetyl-\u03b2-boswellsyra (ABA).<\/span><\/span><\/span><\/p>\n","protected":false},"excerpt":{"rendered":"<p><span class=\"HwtZe\" lang=\"sv\"><span class=\"jCAhz ChMk0b\"><span class=\"ryNqvb\">H\u00f6gkvalitativt r\u00f6kelseextrakt, standardiserat till 70 % boswellinsyra. <\/span><\/span><\/span><\/p>\n<ul>\n<li><strong><span class=\"HwtZe\" lang=\"sv\"><span class=\"jCAhz ChMk0b\"><span class=\"ryNqvb\">Reumatism<\/span><\/span><\/span><\/strong><\/li>\n<li><strong><span class=\"HwtZe\" lang=\"sv\"><span class=\"jCAhz ChMk0b\"><span class=\"ryNqvb\"> Artros <\/span><\/span><\/span><\/strong><\/li>\n<li><strong><span class=\"HwtZe\" lang=\"sv\"><span class=\"jCAhz ChMk0b\"><span class=\"ryNqvb\">Astma <\/span><\/span><\/span><\/strong><\/li>\n<li><strong><span class=\"HwtZe\" lang=\"sv\"><span class=\"jCAhz ChMk0b\"><span class=\"ryNqvb\">Psoriasis <\/span><\/span><\/span><\/strong><\/li>\n<li><strong><span class=\"HwtZe\" lang=\"sv\"><span class=\"jCAhz ChMk0b\"><span class=\"ryNqvb\">Neurodermatit <\/span><\/span><\/span><\/strong><\/li>\n<li><strong><span class=\"HwtZe\" lang=\"sv\"><span class=\"jCAhz ChMk0b\"><span class=\"ryNqvb\">Crohns sjukdom <\/span><\/span><\/span><\/strong><\/li>\n<li><strong><span class=\"HwtZe\" lang=\"sv\"><span class=\"jCAhz ChMk0b\"><span class=\"ryNqvb\">Ulcer\u00f6s kolit <\/span><\/span><\/span><\/strong><\/li>\n<li><strong><span class=\"HwtZe\" lang=\"sv\"><span class=\"jCAhz ChMk0b\"><span class=\"ryNqvb\">Allergier<\/span><\/span><\/span><\/strong><\/li>\n<\/ul>\n<p><a href=\"https:\/\/pakalpojumi.pvd.gov.lv\/lv\/supplements\/15856\" target=\"_blank\" rel=\"noopener\">Livsmedelsverket Registreringsnr. 17339<\/a><\/p>\n","protected":false},"featured_media":3725,"comment_status":"closed","ping_status":"closed","template":"","meta":{"_acf_changed":false,"_uag_custom_page_level_css":"","_kadence_starter_templates_imported_post":false,"_kad_post_transparent":"default","_kad_post_title":"","_kad_post_layout":"default","_kad_post_sidebar_id":"","_kad_post_content_style":"default","_kad_post_vertical_padding":"default","_kad_post_feature":"","_kad_post_feature_position":"","_kad_post_header":false,"_kad_post_footer":false},"product_brand":[74],"product_cat":[63],"product_tag":[],"class_list":{"0":"post-4217","1":"product","2":"type-product","3":"status-publish","4":"has-post-thumbnail","6":"product_brand-bellmeda","7":"product_cat-bez-kategorijas-sv","9":"first","10":"outofstock","11":"taxable","12":"shipping-taxable","13":"purchasable","14":"product-type-variable","15":"has-default-attributes","16":"entry","17":"content-bg","18":"loop-entry"},"acf":[],"yoast_head":"<!-- This site is optimized with the Yoast SEO plugin v26.4 - https:\/\/yoast.com\/wordpress\/plugins\/seo\/ -->\n<title>Boswellia, Bellmeda - 90 kapslar - Santa Monica<\/title>\n<meta name=\"robots\" content=\"index, follow, max-snippet:-1, max-image-preview:large, max-video-preview:-1\" \/>\n<link rel=\"canonical\" href=\"https:\/\/santamonica.lv\/sv\/e-butik\/boswellia-bellmeda\/\" \/>\n<meta property=\"og:locale\" content=\"sv_SE\" \/>\n<meta property=\"og:type\" content=\"article\" \/>\n<meta property=\"og:title\" content=\"Boswellia, Bellmeda - 90 kapslar - Santa Monica\" \/>\n<meta property=\"og:description\" content=\"H\u00f6gkvalitativt r\u00f6kelseextrakt, standardiserat till 70 % boswellinsyra.    Reumatism   Artros   Astma   Psoriasis   Neurodermatit   Crohns sjukdom   Ulcer\u00f6s kolit   Allergier  Livsmedelsverket Registreringsnr. 17339\" \/>\n<meta property=\"og:url\" content=\"https:\/\/santamonica.lv\/sv\/e-butik\/boswellia-bellmeda\/\" \/>\n<meta property=\"og:site_name\" content=\"Santa Monica\" \/>\n<meta property=\"article:publisher\" content=\"https:\/\/www.facebook.com\/klinikasantamonica\" \/>\n<meta property=\"article:modified_time\" content=\"2025-04-22T16:55:25+00:00\" \/>\n<meta property=\"og:image\" content=\"https:\/\/santamonica.lv\/wp-content\/uploads\/2025\/03\/bosvelia-bellmeda-90-caps.png\" \/>\n\t<meta property=\"og:image:width\" content=\"800\" \/>\n\t<meta property=\"og:image:height\" content=\"800\" \/>\n\t<meta property=\"og:image:type\" content=\"image\/png\" \/>\n<meta name=\"twitter:card\" content=\"summary_large_image\" \/>\n<meta name=\"twitter:label1\" content=\"Est. reading time\" \/>\n\t<meta name=\"twitter:data1\" content=\"1 minut\" \/>\n<script type=\"application\/ld+json\" class=\"yoast-schema-graph\">{\"@context\":\"https:\/\/schema.org\",\"@graph\":[{\"@type\":\"WebPage\",\"@id\":\"https:\/\/santamonica.lv\/sv\/e-butik\/boswellia-bellmeda\/\",\"url\":\"https:\/\/santamonica.lv\/sv\/e-butik\/boswellia-bellmeda\/\",\"name\":\"Boswellia, Bellmeda - 90 kapslar - Santa Monica\",\"isPartOf\":{\"@id\":\"https:\/\/santamonica.lv\/sv\/#website\"},\"primaryImageOfPage\":{\"@id\":\"https:\/\/santamonica.lv\/sv\/e-butik\/boswellia-bellmeda\/#primaryimage\"},\"image\":{\"@id\":\"https:\/\/santamonica.lv\/sv\/e-butik\/boswellia-bellmeda\/#primaryimage\"},\"thumbnailUrl\":\"https:\/\/santamonica.lv\/wp-content\/uploads\/2025\/03\/bosvelia-bellmeda-90-caps.png\",\"datePublished\":\"2025-03-29T12:32:03+00:00\",\"dateModified\":\"2025-04-22T16:55:25+00:00\",\"breadcrumb\":{\"@id\":\"https:\/\/santamonica.lv\/sv\/e-butik\/boswellia-bellmeda\/#breadcrumb\"},\"inLanguage\":\"sv-SE\",\"potentialAction\":[{\"@type\":\"ReadAction\",\"target\":[\"https:\/\/santamonica.lv\/sv\/e-butik\/boswellia-bellmeda\/\"]}]},{\"@type\":\"ImageObject\",\"inLanguage\":\"sv-SE\",\"@id\":\"https:\/\/santamonica.lv\/sv\/e-butik\/boswellia-bellmeda\/#primaryimage\",\"url\":\"https:\/\/santamonica.lv\/wp-content\/uploads\/2025\/03\/bosvelia-bellmeda-90-caps.png\",\"contentUrl\":\"https:\/\/santamonica.lv\/wp-content\/uploads\/2025\/03\/bosvelia-bellmeda-90-caps.png\",\"width\":800,\"height\":800,\"caption\":\"Bosv\u0113lija no BellMeda - Iepakojums, 90 kapsulas, 57.1g\"},{\"@type\":\"BreadcrumbList\",\"@id\":\"https:\/\/santamonica.lv\/sv\/e-butik\/boswellia-bellmeda\/#breadcrumb\",\"itemListElement\":[{\"@type\":\"ListItem\",\"position\":1,\"name\":\"Home\",\"item\":\"https:\/\/santamonica.lv\/sv\/borjan\/\"},{\"@type\":\"ListItem\",\"position\":2,\"name\":\"E-butik\",\"item\":\"https:\/\/santamonica.lv\/sv\/e-butik-santa-monica\/\"},{\"@type\":\"ListItem\",\"position\":3,\"name\":\"Boswellia, Bellmeda &#8211; 90 kapslar\"}]},{\"@type\":\"WebSite\",\"@id\":\"https:\/\/santamonica.lv\/sv\/#website\",\"url\":\"https:\/\/santamonica.lv\/sv\/\",\"name\":\"Santa Monica\",\"description\":\"\",\"potentialAction\":[{\"@type\":\"SearchAction\",\"target\":{\"@type\":\"EntryPoint\",\"urlTemplate\":\"https:\/\/santamonica.lv\/sv\/?s={search_term_string}\"},\"query-input\":{\"@type\":\"PropertyValueSpecification\",\"valueRequired\":true,\"valueName\":\"search_term_string\"}}],\"inLanguage\":\"sv-SE\"}]}<\/script>\n<!-- \/ Yoast SEO plugin. -->","yoast_head_json":{"title":"Boswellia, Bellmeda - 90 kapslar - Santa Monica","robots":{"index":"index","follow":"follow","max-snippet":"max-snippet:-1","max-image-preview":"max-image-preview:large","max-video-preview":"max-video-preview:-1"},"canonical":"https:\/\/santamonica.lv\/sv\/e-butik\/boswellia-bellmeda\/","og_locale":"sv_SE","og_type":"article","og_title":"Boswellia, Bellmeda - 90 kapslar - Santa Monica","og_description":"H\u00f6gkvalitativt r\u00f6kelseextrakt, standardiserat till 70 % boswellinsyra.    Reumatism   Artros   Astma   Psoriasis   Neurodermatit   Crohns sjukdom   Ulcer\u00f6s kolit   Allergier  Livsmedelsverket Registreringsnr. 17339","og_url":"https:\/\/santamonica.lv\/sv\/e-butik\/boswellia-bellmeda\/","og_site_name":"Santa Monica","article_publisher":"https:\/\/www.facebook.com\/klinikasantamonica","article_modified_time":"2025-04-22T16:55:25+00:00","og_image":[{"width":800,"height":800,"url":"https:\/\/santamonica.lv\/wp-content\/uploads\/2025\/03\/bosvelia-bellmeda-90-caps.png","type":"image\/png"}],"twitter_card":"summary_large_image","twitter_misc":{"Est. reading time":"1 minut"},"schema":{"@context":"https:\/\/schema.org","@graph":[{"@type":"WebPage","@id":"https:\/\/santamonica.lv\/sv\/e-butik\/boswellia-bellmeda\/","url":"https:\/\/santamonica.lv\/sv\/e-butik\/boswellia-bellmeda\/","name":"Boswellia, Bellmeda - 90 kapslar - Santa Monica","isPartOf":{"@id":"https:\/\/santamonica.lv\/sv\/#website"},"primaryImageOfPage":{"@id":"https:\/\/santamonica.lv\/sv\/e-butik\/boswellia-bellmeda\/#primaryimage"},"image":{"@id":"https:\/\/santamonica.lv\/sv\/e-butik\/boswellia-bellmeda\/#primaryimage"},"thumbnailUrl":"https:\/\/santamonica.lv\/wp-content\/uploads\/2025\/03\/bosvelia-bellmeda-90-caps.png","datePublished":"2025-03-29T12:32:03+00:00","dateModified":"2025-04-22T16:55:25+00:00","breadcrumb":{"@id":"https:\/\/santamonica.lv\/sv\/e-butik\/boswellia-bellmeda\/#breadcrumb"},"inLanguage":"sv-SE","potentialAction":[{"@type":"ReadAction","target":["https:\/\/santamonica.lv\/sv\/e-butik\/boswellia-bellmeda\/"]}]},{"@type":"ImageObject","inLanguage":"sv-SE","@id":"https:\/\/santamonica.lv\/sv\/e-butik\/boswellia-bellmeda\/#primaryimage","url":"https:\/\/santamonica.lv\/wp-content\/uploads\/2025\/03\/bosvelia-bellmeda-90-caps.png","contentUrl":"https:\/\/santamonica.lv\/wp-content\/uploads\/2025\/03\/bosvelia-bellmeda-90-caps.png","width":800,"height":800,"caption":"Bosv\u0113lija no BellMeda - Iepakojums, 90 kapsulas, 57.1g"},{"@type":"BreadcrumbList","@id":"https:\/\/santamonica.lv\/sv\/e-butik\/boswellia-bellmeda\/#breadcrumb","itemListElement":[{"@type":"ListItem","position":1,"name":"Home","item":"https:\/\/santamonica.lv\/sv\/borjan\/"},{"@type":"ListItem","position":2,"name":"E-butik","item":"https:\/\/santamonica.lv\/sv\/e-butik-santa-monica\/"},{"@type":"ListItem","position":3,"name":"Boswellia, Bellmeda &#8211; 90 kapslar"}]},{"@type":"WebSite","@id":"https:\/\/santamonica.lv\/sv\/#website","url":"https:\/\/santamonica.lv\/sv\/","name":"Santa Monica","description":"","potentialAction":[{"@type":"SearchAction","target":{"@type":"EntryPoint","urlTemplate":"https:\/\/santamonica.lv\/sv\/?s={search_term_string}"},"query-input":{"@type":"PropertyValueSpecification","valueRequired":true,"valueName":"search_term_string"}}],"inLanguage":"sv-SE"}]}},"uagb_featured_image_src":{"full":["https:\/\/santamonica.lv\/wp-content\/uploads\/2025\/03\/bosvelia-bellmeda-90-caps.png",800,800,false],"thumbnail":["https:\/\/santamonica.lv\/wp-content\/uploads\/2025\/03\/bosvelia-bellmeda-90-caps-150x150.png",150,150,true],"medium":["https:\/\/santamonica.lv\/wp-content\/uploads\/2025\/03\/bosvelia-bellmeda-90-caps-300x300.png",300,300,true],"medium_large":["https:\/\/santamonica.lv\/wp-content\/uploads\/2025\/03\/bosvelia-bellmeda-90-caps-768x768.png",768,768,true],"large":["https:\/\/santamonica.lv\/wp-content\/uploads\/2025\/03\/bosvelia-bellmeda-90-caps.png",800,800,false],"1536x1536":["https:\/\/santamonica.lv\/wp-content\/uploads\/2025\/03\/bosvelia-bellmeda-90-caps.png",800,800,false],"2048x2048":["https:\/\/santamonica.lv\/wp-content\/uploads\/2025\/03\/bosvelia-bellmeda-90-caps.png",800,800,false],"woocommerce_thumbnail":["https:\/\/santamonica.lv\/wp-content\/uploads\/2025\/03\/bosvelia-bellmeda-90-caps-300x300.png",300,300,true],"woocommerce_single":["https:\/\/santamonica.lv\/wp-content\/uploads\/2025\/03\/bosvelia-bellmeda-90-caps-600x600.png",600,600,true],"woocommerce_gallery_thumbnail":["https:\/\/santamonica.lv\/wp-content\/uploads\/2025\/03\/bosvelia-bellmeda-90-caps-100x100.png",100,100,true]},"uagb_author_info":{"display_name":"admin","author_link":"https:\/\/santamonica.lv\/sv\/author\/"},"uagb_comment_info":0,"uagb_excerpt":"H\u00f6gkvalitativt r\u00f6kelseextrakt, standardiserat till 70 % boswellinsyra. Reumatism Artros Astma Psoriasis Neurodermatit Crohns sjukdom Ulcer\u00f6s kolit Allergier Livsmedelsverket Registreringsnr. 17339","_links":{"self":[{"href":"https:\/\/santamonica.lv\/sv\/wp-json\/wp\/v2\/product\/4217","targetHints":{"allow":["GET"]}}],"collection":[{"href":"https:\/\/santamonica.lv\/sv\/wp-json\/wp\/v2\/product"}],"about":[{"href":"https:\/\/santamonica.lv\/sv\/wp-json\/wp\/v2\/types\/product"}],"replies":[{"embeddable":true,"href":"https:\/\/santamonica.lv\/sv\/wp-json\/wp\/v2\/comments?post=4217"}],"wp:featuredmedia":[{"embeddable":true,"href":"https:\/\/santamonica.lv\/sv\/wp-json\/wp\/v2\/media\/3725"}],"wp:attachment":[{"href":"https:\/\/santamonica.lv\/sv\/wp-json\/wp\/v2\/media?parent=4217"}],"wp:term":[{"taxonomy":"product_brand","embeddable":true,"href":"https:\/\/santamonica.lv\/sv\/wp-json\/wp\/v2\/product_brand?post=4217"},{"taxonomy":"product_cat","embeddable":true,"href":"https:\/\/santamonica.lv\/sv\/wp-json\/wp\/v2\/product_cat?post=4217"},{"taxonomy":"product_tag","embeddable":true,"href":"https:\/\/santamonica.lv\/sv\/wp-json\/wp\/v2\/product_tag?post=4217"}],"curies":[{"name":"wp","href":"https:\/\/api.w.org\/{rel}","templated":true}]}}