{"id":4220,"date":"2025-03-23T18:54:43","date_gmt":"2025-03-23T16:54:43","guid":{"rendered":"https:\/\/santamonica.lv\/e-veikals\/magnija-bisglicinats-bellmeda\/"},"modified":"2025-04-22T20:03:35","modified_gmt":"2025-04-22T17:03:35","slug":"magnesiumglycinat-bellmeda","status":"publish","type":"product","link":"https:\/\/santamonica.lv\/sv\/e-butik\/magnesiumglycinat-bellmeda\/","title":{"rendered":"Magnesiumglycinat, BellMeda"},"content":{"rendered":"<p><span class=\"HwtZe\" lang=\"sv\"><span class=\"jCAhz ChMk0b\"><span class=\"ryNqvb\"><strong>Enhetsstorlek:<\/strong> 0,72 g kapslar <\/span><\/span><\/span><\/p>\n<p><span class=\"HwtZe\" lang=\"sv\"><span class=\"jCAhz ChMk0b\"><span class=\"ryNqvb\"><strong>Rekommenderad daglig dos:<\/strong> vuxna 1-3 kapslar <\/span><\/span><\/span><\/p>\n<p><span class=\"HwtZe\" lang=\"sv\"><span class=\"jCAhz ChMk0b\"><span class=\"ryNqvb\"><strong>N\u00e4ringsinneh\u00e5ll per kapsel:<\/strong> Magnesium: 125 mg (33 % NRV*) <\/span><\/span><\/span><\/p>\n<p><span class=\"HwtZe\" lang=\"sv\"><span class=\"jCAhz ChMk0b\"><span class=\"ryNqvb\"><strong>Sammans\u00e4ttning:<\/strong> <\/span><\/span><\/span><\/p>\n<ul>\n<li><span class=\"HwtZe\" lang=\"sv\"><span class=\"jCAhz ChMk0b\"><span class=\"ryNqvb\">Magnesium (magnesiumbisglycinat) \u2013 375 mg <\/span><\/span><\/span><\/li>\n<li><span class=\"HwtZe\" lang=\"sv\"><span class=\"jCAhz ChMk0b\"><span class=\"ryNqvb\">E 464 \u2013 Hydroxipropylmetylcellulosa<\/span><\/span><\/span><\/li>\n<\/ul>\n<p><span class=\"HwtZe\" lang=\"sv\"><span class=\"jCAhz ChMk0b\"><span class=\"ryNqvb\">Magnesium hj\u00e4lper till att minska tr\u00f6tthet och utmattning, och st\u00f6der den normala funktionen av nervsystemet och musklerna. Som en organisk kelatf\u00f6rening tolereras magnesium s\u00e4rskilt v\u00e4l och har h\u00f6g biotillg\u00e4nglighet. Genom att binda till aminosyran glycin skyddar magnesium de k\u00e4nsliga slemhinnorna i matsm\u00e4ltningskanalen fr\u00e5n irritation. Magnesiumglycinat beh\u00f6ver inte konkurrera med andra mineraler f\u00f6r absorption i blodomloppet eftersom det har olika absorptionsv\u00e4gar. P\u00e5 samma s\u00e4tt kan kelat magnesium inte binda till s\u00e5 kallade &#8221;antikroppar&#8221; (som fytinsyra). Risken f\u00f6r diarr\u00e9 minskar avsev\u00e4rt eftersom magnesiumglycinat inte har n\u00e5gon signifikant effekt p\u00e5 avf\u00f6ringspassagen och tarmperistaltiken. Detta \u00e4r en s\u00e4ker och bra l\u00e5ngsiktig l\u00f6sning f\u00f6r att f\u00f6rebygga magnesiumbrist. Dessutom har glycin en lugnande och avslappnande effekt p\u00e5 det centrala nervsystemet.<\/span><\/span><\/span><\/p>\n","protected":false},"excerpt":{"rendered":"<p><span class=\"HwtZe\" lang=\"sv\"><span class=\"jCAhz ChMk0b\"><span class=\"ryNqvb\">Ett s\u00e4kert, effektivt och v\u00e4ltolererat val f\u00f6r l\u00e5ngvarigt magnesiumtillskott. <\/span><\/span><\/span><\/p>\n<ul>\n<li><span class=\"HwtZe\" lang=\"sv\"><span class=\"jCAhz ChMk0b\"><span class=\"ryNqvb\">Reglerar det centrala nervsystemets funktion <\/span><\/span><\/span><\/li>\n<li><span class=\"HwtZe\" lang=\"sv\"><span class=\"jCAhz ChMk0b\"><span class=\"ryNqvb\">Normaliserar nervcellers excitabilitet <\/span><\/span><\/span><\/li>\n<li><span class=\"HwtZe\" lang=\"sv\"><span class=\"jCAhz ChMk0b\"><span class=\"ryNqvb\">Stabiliserar cellmembran <\/span><\/span><\/span><\/li>\n<li><span class=\"HwtZe\" lang=\"sv\"><span class=\"jCAhz ChMk0b\"><span class=\"ryNqvb\">Reglerar syreutnyttjandet <\/span><\/span><\/span><\/li>\n<li><span class=\"HwtZe\" lang=\"sv\"><span class=\"jCAhz ChMk0b\"><span class=\"ryNqvb\">Modulerar cellregenerering <\/span><\/span><\/span><\/li>\n<li><span class=\"HwtZe\" lang=\"sv\"><span class=\"jCAhz ChMk0b\"><span class=\"ryNqvb\">\u00d6kar uth\u00e5llighet och stresstolerans.<\/span><\/span><\/span><\/li>\n<\/ul>\n<p><a href=\"https:\/\/pakalpojumi.pvd.gov.lv\/lv\/supplements\/15859\" target=\"_blank\" rel=\"noopener\"><span class=\"HwtZe\" lang=\"lv\"><span class=\"jCAhz ChMk0b\"><span class=\"ryNqvb\">Livsmedelsverket Registreringsnummer.<\/span><\/span><\/span> 17342<\/a><\/p>\n","protected":false},"featured_media":3617,"comment_status":"closed","ping_status":"closed","template":"","meta":{"_acf_changed":false,"_uag_custom_page_level_css":"","_kadence_starter_templates_imported_post":false,"_kad_post_transparent":"default","_kad_post_title":"","_kad_post_layout":"default","_kad_post_sidebar_id":"","_kad_post_content_style":"default","_kad_post_vertical_padding":"default","_kad_post_feature":"","_kad_post_feature_position":"","_kad_post_header":false,"_kad_post_footer":false},"product_brand":[74],"product_cat":[63],"product_tag":[],"class_list":{"0":"post-4220","1":"product","2":"type-product","3":"status-publish","4":"has-post-thumbnail","6":"product_brand-bellmeda","7":"product_cat-bez-kategorijas-sv","9":"first","10":"outofstock","11":"taxable","12":"shipping-taxable","13":"purchasable","14":"product-type-variable","15":"has-default-attributes","16":"entry","17":"content-bg","18":"loop-entry"},"acf":[],"yoast_head":"<!-- This site is optimized with the Yoast SEO plugin v26.4 - https:\/\/yoast.com\/wordpress\/plugins\/seo\/ -->\n<title>Magnesiumglycinat, BellMeda - Santa Monica<\/title>\n<meta name=\"robots\" content=\"index, follow, max-snippet:-1, max-image-preview:large, max-video-preview:-1\" \/>\n<link rel=\"canonical\" href=\"https:\/\/santamonica.lv\/sv\/e-butik\/magnesiumglycinat-bellmeda\/\" \/>\n<meta property=\"og:locale\" content=\"sv_SE\" \/>\n<meta property=\"og:type\" content=\"article\" \/>\n<meta property=\"og:title\" content=\"Magnesiumglycinat, BellMeda - Santa Monica\" \/>\n<meta property=\"og:description\" content=\"Ett s\u00e4kert, effektivt och v\u00e4ltolererat val f\u00f6r l\u00e5ngvarigt magnesiumtillskott.    Reglerar det centrala nervsystemets funktion   Normaliserar nervcellers excitabilitet   Stabiliserar cellmembran   Reglerar syreutnyttjandet   Modulerar cellregenerering   \u00d6kar uth\u00e5llighet och stresstolerans.  Livsmedelsverket Registreringsnummer. 17342\" \/>\n<meta property=\"og:url\" content=\"https:\/\/santamonica.lv\/sv\/e-butik\/magnesiumglycinat-bellmeda\/\" \/>\n<meta property=\"og:site_name\" content=\"Santa Monica\" \/>\n<meta property=\"article:publisher\" content=\"https:\/\/www.facebook.com\/klinikasantamonica\" \/>\n<meta property=\"article:modified_time\" content=\"2025-04-22T17:03:35+00:00\" \/>\n<meta property=\"og:image\" content=\"https:\/\/santamonica.lv\/wp-content\/uploads\/2025\/03\/magnija-bisglicinats-bellmeda-60-caps-1.png\" \/>\n\t<meta property=\"og:image:width\" content=\"800\" \/>\n\t<meta property=\"og:image:height\" content=\"800\" \/>\n\t<meta property=\"og:image:type\" content=\"image\/png\" \/>\n<meta name=\"twitter:card\" content=\"summary_large_image\" \/>\n<meta name=\"twitter:label1\" content=\"Est. reading time\" \/>\n\t<meta name=\"twitter:data1\" content=\"1 minut\" \/>\n<script type=\"application\/ld+json\" class=\"yoast-schema-graph\">{\"@context\":\"https:\/\/schema.org\",\"@graph\":[{\"@type\":\"WebPage\",\"@id\":\"https:\/\/santamonica.lv\/sv\/e-butik\/magnesiumglycinat-bellmeda\/\",\"url\":\"https:\/\/santamonica.lv\/sv\/e-butik\/magnesiumglycinat-bellmeda\/\",\"name\":\"Magnesiumglycinat, BellMeda - Santa Monica\",\"isPartOf\":{\"@id\":\"https:\/\/santamonica.lv\/sv\/#website\"},\"primaryImageOfPage\":{\"@id\":\"https:\/\/santamonica.lv\/sv\/e-butik\/magnesiumglycinat-bellmeda\/#primaryimage\"},\"image\":{\"@id\":\"https:\/\/santamonica.lv\/sv\/e-butik\/magnesiumglycinat-bellmeda\/#primaryimage\"},\"thumbnailUrl\":\"https:\/\/santamonica.lv\/wp-content\/uploads\/2025\/03\/magnija-bisglicinats-bellmeda-60-caps-1.png\",\"datePublished\":\"2025-03-23T16:54:43+00:00\",\"dateModified\":\"2025-04-22T17:03:35+00:00\",\"breadcrumb\":{\"@id\":\"https:\/\/santamonica.lv\/sv\/e-butik\/magnesiumglycinat-bellmeda\/#breadcrumb\"},\"inLanguage\":\"sv-SE\",\"potentialAction\":[{\"@type\":\"ReadAction\",\"target\":[\"https:\/\/santamonica.lv\/sv\/e-butik\/magnesiumglycinat-bellmeda\/\"]}]},{\"@type\":\"ImageObject\",\"inLanguage\":\"sv-SE\",\"@id\":\"https:\/\/santamonica.lv\/sv\/e-butik\/magnesiumglycinat-bellmeda\/#primaryimage\",\"url\":\"https:\/\/santamonica.lv\/wp-content\/uploads\/2025\/03\/magnija-bisglicinats-bellmeda-60-caps-1.png\",\"contentUrl\":\"https:\/\/santamonica.lv\/wp-content\/uploads\/2025\/03\/magnija-bisglicinats-bellmeda-60-caps-1.png\",\"width\":800,\"height\":800,\"caption\":\"Magnija bi\"},{\"@type\":\"BreadcrumbList\",\"@id\":\"https:\/\/santamonica.lv\/sv\/e-butik\/magnesiumglycinat-bellmeda\/#breadcrumb\",\"itemListElement\":[{\"@type\":\"ListItem\",\"position\":1,\"name\":\"Home\",\"item\":\"https:\/\/santamonica.lv\/sv\/borjan\/\"},{\"@type\":\"ListItem\",\"position\":2,\"name\":\"E-butik\",\"item\":\"https:\/\/santamonica.lv\/sv\/e-butik-santa-monica\/\"},{\"@type\":\"ListItem\",\"position\":3,\"name\":\"Magnesiumglycinat, BellMeda\"}]},{\"@type\":\"WebSite\",\"@id\":\"https:\/\/santamonica.lv\/sv\/#website\",\"url\":\"https:\/\/santamonica.lv\/sv\/\",\"name\":\"Santa Monica\",\"description\":\"\",\"potentialAction\":[{\"@type\":\"SearchAction\",\"target\":{\"@type\":\"EntryPoint\",\"urlTemplate\":\"https:\/\/santamonica.lv\/sv\/?s={search_term_string}\"},\"query-input\":{\"@type\":\"PropertyValueSpecification\",\"valueRequired\":true,\"valueName\":\"search_term_string\"}}],\"inLanguage\":\"sv-SE\"}]}<\/script>\n<!-- \/ Yoast SEO plugin. -->","yoast_head_json":{"title":"Magnesiumglycinat, BellMeda - Santa Monica","robots":{"index":"index","follow":"follow","max-snippet":"max-snippet:-1","max-image-preview":"max-image-preview:large","max-video-preview":"max-video-preview:-1"},"canonical":"https:\/\/santamonica.lv\/sv\/e-butik\/magnesiumglycinat-bellmeda\/","og_locale":"sv_SE","og_type":"article","og_title":"Magnesiumglycinat, BellMeda - Santa Monica","og_description":"Ett s\u00e4kert, effektivt och v\u00e4ltolererat val f\u00f6r l\u00e5ngvarigt magnesiumtillskott.    Reglerar det centrala nervsystemets funktion   Normaliserar nervcellers excitabilitet   Stabiliserar cellmembran   Reglerar syreutnyttjandet   Modulerar cellregenerering   \u00d6kar uth\u00e5llighet och stresstolerans.  Livsmedelsverket Registreringsnummer. 17342","og_url":"https:\/\/santamonica.lv\/sv\/e-butik\/magnesiumglycinat-bellmeda\/","og_site_name":"Santa Monica","article_publisher":"https:\/\/www.facebook.com\/klinikasantamonica","article_modified_time":"2025-04-22T17:03:35+00:00","og_image":[{"width":800,"height":800,"url":"https:\/\/santamonica.lv\/wp-content\/uploads\/2025\/03\/magnija-bisglicinats-bellmeda-60-caps-1.png","type":"image\/png"}],"twitter_card":"summary_large_image","twitter_misc":{"Est. reading time":"1 minut"},"schema":{"@context":"https:\/\/schema.org","@graph":[{"@type":"WebPage","@id":"https:\/\/santamonica.lv\/sv\/e-butik\/magnesiumglycinat-bellmeda\/","url":"https:\/\/santamonica.lv\/sv\/e-butik\/magnesiumglycinat-bellmeda\/","name":"Magnesiumglycinat, BellMeda - Santa Monica","isPartOf":{"@id":"https:\/\/santamonica.lv\/sv\/#website"},"primaryImageOfPage":{"@id":"https:\/\/santamonica.lv\/sv\/e-butik\/magnesiumglycinat-bellmeda\/#primaryimage"},"image":{"@id":"https:\/\/santamonica.lv\/sv\/e-butik\/magnesiumglycinat-bellmeda\/#primaryimage"},"thumbnailUrl":"https:\/\/santamonica.lv\/wp-content\/uploads\/2025\/03\/magnija-bisglicinats-bellmeda-60-caps-1.png","datePublished":"2025-03-23T16:54:43+00:00","dateModified":"2025-04-22T17:03:35+00:00","breadcrumb":{"@id":"https:\/\/santamonica.lv\/sv\/e-butik\/magnesiumglycinat-bellmeda\/#breadcrumb"},"inLanguage":"sv-SE","potentialAction":[{"@type":"ReadAction","target":["https:\/\/santamonica.lv\/sv\/e-butik\/magnesiumglycinat-bellmeda\/"]}]},{"@type":"ImageObject","inLanguage":"sv-SE","@id":"https:\/\/santamonica.lv\/sv\/e-butik\/magnesiumglycinat-bellmeda\/#primaryimage","url":"https:\/\/santamonica.lv\/wp-content\/uploads\/2025\/03\/magnija-bisglicinats-bellmeda-60-caps-1.png","contentUrl":"https:\/\/santamonica.lv\/wp-content\/uploads\/2025\/03\/magnija-bisglicinats-bellmeda-60-caps-1.png","width":800,"height":800,"caption":"Magnija bi"},{"@type":"BreadcrumbList","@id":"https:\/\/santamonica.lv\/sv\/e-butik\/magnesiumglycinat-bellmeda\/#breadcrumb","itemListElement":[{"@type":"ListItem","position":1,"name":"Home","item":"https:\/\/santamonica.lv\/sv\/borjan\/"},{"@type":"ListItem","position":2,"name":"E-butik","item":"https:\/\/santamonica.lv\/sv\/e-butik-santa-monica\/"},{"@type":"ListItem","position":3,"name":"Magnesiumglycinat, BellMeda"}]},{"@type":"WebSite","@id":"https:\/\/santamonica.lv\/sv\/#website","url":"https:\/\/santamonica.lv\/sv\/","name":"Santa Monica","description":"","potentialAction":[{"@type":"SearchAction","target":{"@type":"EntryPoint","urlTemplate":"https:\/\/santamonica.lv\/sv\/?s={search_term_string}"},"query-input":{"@type":"PropertyValueSpecification","valueRequired":true,"valueName":"search_term_string"}}],"inLanguage":"sv-SE"}]}},"uagb_featured_image_src":{"full":["https:\/\/santamonica.lv\/wp-content\/uploads\/2025\/03\/magnija-bisglicinats-bellmeda-60-caps-1.png",800,800,false],"thumbnail":["https:\/\/santamonica.lv\/wp-content\/uploads\/2025\/03\/magnija-bisglicinats-bellmeda-60-caps-1-150x150.png",150,150,true],"medium":["https:\/\/santamonica.lv\/wp-content\/uploads\/2025\/03\/magnija-bisglicinats-bellmeda-60-caps-1-300x300.png",300,300,true],"medium_large":["https:\/\/santamonica.lv\/wp-content\/uploads\/2025\/03\/magnija-bisglicinats-bellmeda-60-caps-1-768x768.png",768,768,true],"large":["https:\/\/santamonica.lv\/wp-content\/uploads\/2025\/03\/magnija-bisglicinats-bellmeda-60-caps-1.png",800,800,false],"1536x1536":["https:\/\/santamonica.lv\/wp-content\/uploads\/2025\/03\/magnija-bisglicinats-bellmeda-60-caps-1.png",800,800,false],"2048x2048":["https:\/\/santamonica.lv\/wp-content\/uploads\/2025\/03\/magnija-bisglicinats-bellmeda-60-caps-1.png",800,800,false],"woocommerce_thumbnail":["https:\/\/santamonica.lv\/wp-content\/uploads\/2025\/03\/magnija-bisglicinats-bellmeda-60-caps-1-300x300.png",300,300,true],"woocommerce_single":["https:\/\/santamonica.lv\/wp-content\/uploads\/2025\/03\/magnija-bisglicinats-bellmeda-60-caps-1-600x600.png",600,600,true],"woocommerce_gallery_thumbnail":["https:\/\/santamonica.lv\/wp-content\/uploads\/2025\/03\/magnija-bisglicinats-bellmeda-60-caps-1-100x100.png",100,100,true]},"uagb_author_info":{"display_name":"admin","author_link":"https:\/\/santamonica.lv\/sv\/author\/"},"uagb_comment_info":0,"uagb_excerpt":"Ett s\u00e4kert, effektivt och v\u00e4ltolererat val f\u00f6r l\u00e5ngvarigt magnesiumtillskott. Reglerar det centrala nervsystemets funktion Normaliserar nervcellers excitabilitet Stabiliserar cellmembran Reglerar syreutnyttjandet Modulerar cellregenerering \u00d6kar uth\u00e5llighet och stresstolerans. Livsmedelsverket Registreringsnummer. 17342","_links":{"self":[{"href":"https:\/\/santamonica.lv\/sv\/wp-json\/wp\/v2\/product\/4220","targetHints":{"allow":["GET"]}}],"collection":[{"href":"https:\/\/santamonica.lv\/sv\/wp-json\/wp\/v2\/product"}],"about":[{"href":"https:\/\/santamonica.lv\/sv\/wp-json\/wp\/v2\/types\/product"}],"replies":[{"embeddable":true,"href":"https:\/\/santamonica.lv\/sv\/wp-json\/wp\/v2\/comments?post=4220"}],"wp:featuredmedia":[{"embeddable":true,"href":"https:\/\/santamonica.lv\/sv\/wp-json\/wp\/v2\/media\/3617"}],"wp:attachment":[{"href":"https:\/\/santamonica.lv\/sv\/wp-json\/wp\/v2\/media?parent=4220"}],"wp:term":[{"taxonomy":"product_brand","embeddable":true,"href":"https:\/\/santamonica.lv\/sv\/wp-json\/wp\/v2\/product_brand?post=4220"},{"taxonomy":"product_cat","embeddable":true,"href":"https:\/\/santamonica.lv\/sv\/wp-json\/wp\/v2\/product_cat?post=4220"},{"taxonomy":"product_tag","embeddable":true,"href":"https:\/\/santamonica.lv\/sv\/wp-json\/wp\/v2\/product_tag?post=4220"}],"curies":[{"name":"wp","href":"https:\/\/api.w.org\/{rel}","templated":true}]}}