{"id":4224,"date":"2025-03-10T19:29:25","date_gmt":"2025-03-10T17:29:25","guid":{"rendered":"https:\/\/santamonica.lv\/e-veikals\/gaba-bellmeda\/"},"modified":"2025-04-22T19:34:06","modified_gmt":"2025-04-22T16:34:06","slug":"gaba-bellmeda","status":"publish","type":"product","link":"https:\/\/santamonica.lv\/sv\/e-butik\/gaba-bellmeda\/","title":{"rendered":"GABA, BellMeda &#8211; 60 kapslar"},"content":{"rendered":"<h2>Gamma-aminosm\u00f6rsyra<\/h2>\n<p>GABA (gamma-aminosm\u00f6rsyra) \u00e4r en aminosyra som fungerar som den huvudsakliga h\u00e4mmande signalsubstansen i den m\u00e4nskliga hj\u00e4rnan. Dess huvudsakliga funktion \u00e4r att minska aktiviteten i nervsystemet genom att h\u00e4mma excitationen av nervceller. Det hj\u00e4lper till att reglera nerv\u00f6s upphetsning, fr\u00e4mjar avslappning och minskar \u00e5ngest.<\/p>\n<p>GABA \u00e4r ett viktigt element i nervsystemets funktion, och dess balans \u00e4r avg\u00f6rande f\u00f6r att uppr\u00e4tth\u00e5lla mental och fysisk h\u00e4lsa. Det spelar en viktig roll i m\u00e5nga fysiologiska processer, inklusive s\u00f6mn, muskeltonus, \u00e5ngestniv\u00e5er och stressreaktioner. Till exempel \u00e4r minskningen av \u00e5ngest ofta f\u00f6rknippad med \u00f6kad GABA-aktivitet.<\/p>\n<p>Gamma-aminosm\u00f6rsyra (<em>gamma-aminosm\u00f6rsyra, y-aminosm\u00f6rsyra<\/em>). Kapselskal: bulkmedel (hydroxipropylmetylcellulosa)<\/p>\n<p>Inneh\u00e5ller inte: gluten, laktos, fruktos, f\u00e4rg\u00e4mnen, aromer, antiklumpningsmedel.<\/p>\n<p><span class=\"HwtZe\" lang=\"sv\"><span class=\"jCAhz ChMk0b\"><span class=\"ryNqvb\"><strong>F\u00f6rpackningsenhetsstorlek:<\/strong> 0,6 g kapslar <\/span><\/span><\/span><\/p>\n<p><span class=\"HwtZe\" lang=\"sv\"><span class=\"jCAhz ChMk0b\"><span class=\"ryNqvb\"><strong>Rekommenderad daglig dos:<\/strong> Vuxna tar 1 kapsel en g\u00e5ng om dagen med tillr\u00e4ckligt med v\u00e4tska. <\/span><\/span><\/span><\/p>\n<p><span class=\"HwtZe\" lang=\"sv\"><span class=\"jCAhz ChMk0b\"><span class=\"ryNqvb\"><strong>Sammans\u00e4ttning<\/strong> <\/span><\/span><\/span><\/p>\n<ul>\n<li><span class=\"HwtZe\" lang=\"sv\"><span class=\"jCAhz ChMk0b\"><span class=\"ryNqvb\">Gamma-aminosm\u00f6rsyra &#8211; 500 mg <\/span><\/span><\/span><\/li>\n<li><span class=\"HwtZe\" lang=\"sv\"><span class=\"jCAhz ChMk0b\"><span class=\"ryNqvb\">E 464 \u2013 Hydroxipropylmetylcellulosa<\/span><\/span><\/span><\/li>\n<\/ul>\n<p class=\"\" data-start=\"0\" data-end=\"177\">Om GABA tas i betydligt h\u00f6gre doser \u00e4n vad som rekommenderas, kan ett antal biverkningar uppst\u00e5 eftersom det direkt p\u00e5verkar nervsystemet:<\/p>\n<ol data-start=\"179\" data-end=\"1208\">\n<li class=\"\" data-start=\"179\" data-end=\"360\"><strong>\u00d6verdriven s\u00f6mnighet och tr\u00f6tthet<\/strong><\/li>\n<li class=\"\" data-start=\"179\" data-end=\"360\"><strong>Nedsatt koncentrationsf\u00f6rm\u00e5ga<\/strong><\/li>\n<li class=\"\" data-start=\"179\" data-end=\"360\"><strong>L\u00e5gt blodtryck<\/strong><\/li>\n<li class=\"\" data-start=\"179\" data-end=\"360\"><strong>Gastrointestinala st\u00f6rningar<\/strong><\/li>\n<li class=\"\" data-start=\"179\" data-end=\"360\"><strong>Neurologiska f\u00f6r\u00e4ndringar<\/strong><\/li>\n<li class=\"\" data-start=\"179\" data-end=\"360\"><strong>Bromsning av andningen<\/strong><\/li>\n<\/ol>\n<p class=\"\" data-start=\"1210\" data-end=\"1408\">N\u00e4r du tar GABA som kosttillskott \u00e4r det alltid viktigt att f\u00f6lja de rekommenderade doserna. Vid biverkningar rekommenderas att konsultera en l\u00e4kare.<\/p>\n<ul>\n<li><strong>\u00d6verskrid inte den rekommenderade dagliga dosen.<\/strong><\/li>\n<li><strong>Anv\u00e4nd inte kosttillskott f\u00f6r att ers\u00e4tta en komplett och balanserad kost.<\/strong><\/li>\n<li><strong>En balanserad kost och en h\u00e4lsosam livsstil rekommenderas.<\/strong><\/li>\n<\/ul>\n","protected":false},"excerpt":{"rendered":"<p>Kroppens naturliga h\u00e4mmande signalsubstans som har perifera avslappnande och lugnande effekter. GABA har en positiv effekt p\u00e5 s\u00f6mncykler och s\u00f6mnkvalitet.<\/p>\n<ul>\n<li><strong>F\u00f6rb\u00e4ttrar s\u00f6mnen<\/strong><\/li>\n<li><strong>Minskar stress och \u00e5ngest<\/strong><\/li>\n<li><strong>Minskar muskelsp\u00e4nningar<\/strong><\/li>\n<\/ul>\n<p><a href=\"https:\/\/pakalpojumi.pvd.gov.lv\/lv\/supplements\/15862\" target=\"_blank\" rel=\"noopener\">Livsmedelsverket <span class=\"HwtZe\" lang=\"sv\"><span class=\"jCAhz ChMk0b\"><span class=\"ryNqvb\">Registreringsnr.<\/span><\/span><\/span> 17345<\/a><\/p>\n","protected":false},"featured_media":3375,"comment_status":"closed","ping_status":"closed","template":"","meta":{"_acf_changed":false,"_uag_custom_page_level_css":"","_kadence_starter_templates_imported_post":false,"_kad_post_transparent":"default","_kad_post_title":"","_kad_post_layout":"default","_kad_post_sidebar_id":"","_kad_post_content_style":"default","_kad_post_vertical_padding":"default","_kad_post_feature":"","_kad_post_feature_position":"","_kad_post_header":false,"_kad_post_footer":false},"product_brand":[74],"product_cat":[63],"product_tag":[],"class_list":{"0":"post-4224","1":"product","2":"type-product","3":"status-publish","4":"has-post-thumbnail","6":"product_brand-bellmeda","7":"product_cat-bez-kategorijas-sv","9":"first","10":"outofstock","11":"taxable","12":"shipping-taxable","13":"purchasable","14":"product-type-variable","15":"has-default-attributes","16":"entry","17":"content-bg","18":"loop-entry"},"acf":[],"yoast_head":"<!-- This site is optimized with the Yoast SEO plugin v26.4 - https:\/\/yoast.com\/wordpress\/plugins\/seo\/ -->\n<title>GABA, BellMeda - 60 kapslar - Santa Monica<\/title>\n<meta name=\"robots\" content=\"index, follow, max-snippet:-1, max-image-preview:large, max-video-preview:-1\" \/>\n<link rel=\"canonical\" href=\"https:\/\/santamonica.lv\/sv\/e-butik\/gaba-bellmeda\/\" \/>\n<meta property=\"og:locale\" content=\"sv_SE\" \/>\n<meta property=\"og:type\" content=\"article\" \/>\n<meta property=\"og:title\" content=\"GABA, BellMeda - 60 kapslar - Santa Monica\" \/>\n<meta property=\"og:description\" content=\"Kroppens naturliga h\u00e4mmande signalsubstans som har perifera avslappnande och lugnande effekter. GABA har en positiv effekt p\u00e5 s\u00f6mncykler och s\u00f6mnkvalitet.   F\u00f6rb\u00e4ttrar s\u00f6mnen  Minskar stress och \u00e5ngest  Minskar muskelsp\u00e4nningar  Livsmedelsverket Registreringsnr. 17345\" \/>\n<meta property=\"og:url\" content=\"https:\/\/santamonica.lv\/sv\/e-butik\/gaba-bellmeda\/\" \/>\n<meta property=\"og:site_name\" content=\"Santa Monica\" \/>\n<meta property=\"article:publisher\" content=\"https:\/\/www.facebook.com\/klinikasantamonica\" \/>\n<meta property=\"article:modified_time\" content=\"2025-04-22T16:34:06+00:00\" \/>\n<meta property=\"og:image\" content=\"https:\/\/santamonica.lv\/wp-content\/uploads\/2025\/03\/gaba-bellmeda-60-caps.png\" \/>\n\t<meta property=\"og:image:width\" content=\"800\" \/>\n\t<meta property=\"og:image:height\" content=\"800\" \/>\n\t<meta property=\"og:image:type\" content=\"image\/png\" \/>\n<meta name=\"twitter:card\" content=\"summary_large_image\" \/>\n<meta name=\"twitter:label1\" content=\"Est. reading time\" \/>\n\t<meta name=\"twitter:data1\" content=\"1 minut\" \/>\n<script type=\"application\/ld+json\" class=\"yoast-schema-graph\">{\"@context\":\"https:\/\/schema.org\",\"@graph\":[{\"@type\":\"WebPage\",\"@id\":\"https:\/\/santamonica.lv\/sv\/e-butik\/gaba-bellmeda\/\",\"url\":\"https:\/\/santamonica.lv\/sv\/e-butik\/gaba-bellmeda\/\",\"name\":\"GABA, BellMeda - 60 kapslar - Santa Monica\",\"isPartOf\":{\"@id\":\"https:\/\/santamonica.lv\/sv\/#website\"},\"primaryImageOfPage\":{\"@id\":\"https:\/\/santamonica.lv\/sv\/e-butik\/gaba-bellmeda\/#primaryimage\"},\"image\":{\"@id\":\"https:\/\/santamonica.lv\/sv\/e-butik\/gaba-bellmeda\/#primaryimage\"},\"thumbnailUrl\":\"https:\/\/santamonica.lv\/wp-content\/uploads\/2025\/03\/gaba-bellmeda-60-caps.png\",\"datePublished\":\"2025-03-10T17:29:25+00:00\",\"dateModified\":\"2025-04-22T16:34:06+00:00\",\"breadcrumb\":{\"@id\":\"https:\/\/santamonica.lv\/sv\/e-butik\/gaba-bellmeda\/#breadcrumb\"},\"inLanguage\":\"sv-SE\",\"potentialAction\":[{\"@type\":\"ReadAction\",\"target\":[\"https:\/\/santamonica.lv\/sv\/e-butik\/gaba-bellmeda\/\"]}]},{\"@type\":\"ImageObject\",\"inLanguage\":\"sv-SE\",\"@id\":\"https:\/\/santamonica.lv\/sv\/e-butik\/gaba-bellmeda\/#primaryimage\",\"url\":\"https:\/\/santamonica.lv\/wp-content\/uploads\/2025\/03\/gaba-bellmeda-60-caps.png\",\"contentUrl\":\"https:\/\/santamonica.lv\/wp-content\/uploads\/2025\/03\/gaba-bellmeda-60-caps.png\",\"width\":800,\"height\":800,\"caption\":\"Gaba, Bellmeda - 60 kapsulas, 37.5g kapsul\u0101\"},{\"@type\":\"BreadcrumbList\",\"@id\":\"https:\/\/santamonica.lv\/sv\/e-butik\/gaba-bellmeda\/#breadcrumb\",\"itemListElement\":[{\"@type\":\"ListItem\",\"position\":1,\"name\":\"Home\",\"item\":\"https:\/\/santamonica.lv\/sv\/borjan\/\"},{\"@type\":\"ListItem\",\"position\":2,\"name\":\"E-butik\",\"item\":\"https:\/\/santamonica.lv\/sv\/e-butik-santa-monica\/\"},{\"@type\":\"ListItem\",\"position\":3,\"name\":\"GABA, BellMeda &#8211; 60 kapslar\"}]},{\"@type\":\"WebSite\",\"@id\":\"https:\/\/santamonica.lv\/sv\/#website\",\"url\":\"https:\/\/santamonica.lv\/sv\/\",\"name\":\"Santa Monica\",\"description\":\"\",\"potentialAction\":[{\"@type\":\"SearchAction\",\"target\":{\"@type\":\"EntryPoint\",\"urlTemplate\":\"https:\/\/santamonica.lv\/sv\/?s={search_term_string}\"},\"query-input\":{\"@type\":\"PropertyValueSpecification\",\"valueRequired\":true,\"valueName\":\"search_term_string\"}}],\"inLanguage\":\"sv-SE\"}]}<\/script>\n<!-- \/ Yoast SEO plugin. -->","yoast_head_json":{"title":"GABA, BellMeda - 60 kapslar - Santa Monica","robots":{"index":"index","follow":"follow","max-snippet":"max-snippet:-1","max-image-preview":"max-image-preview:large","max-video-preview":"max-video-preview:-1"},"canonical":"https:\/\/santamonica.lv\/sv\/e-butik\/gaba-bellmeda\/","og_locale":"sv_SE","og_type":"article","og_title":"GABA, BellMeda - 60 kapslar - Santa Monica","og_description":"Kroppens naturliga h\u00e4mmande signalsubstans som har perifera avslappnande och lugnande effekter. GABA har en positiv effekt p\u00e5 s\u00f6mncykler och s\u00f6mnkvalitet.   F\u00f6rb\u00e4ttrar s\u00f6mnen  Minskar stress och \u00e5ngest  Minskar muskelsp\u00e4nningar  Livsmedelsverket Registreringsnr. 17345","og_url":"https:\/\/santamonica.lv\/sv\/e-butik\/gaba-bellmeda\/","og_site_name":"Santa Monica","article_publisher":"https:\/\/www.facebook.com\/klinikasantamonica","article_modified_time":"2025-04-22T16:34:06+00:00","og_image":[{"width":800,"height":800,"url":"https:\/\/santamonica.lv\/wp-content\/uploads\/2025\/03\/gaba-bellmeda-60-caps.png","type":"image\/png"}],"twitter_card":"summary_large_image","twitter_misc":{"Est. reading time":"1 minut"},"schema":{"@context":"https:\/\/schema.org","@graph":[{"@type":"WebPage","@id":"https:\/\/santamonica.lv\/sv\/e-butik\/gaba-bellmeda\/","url":"https:\/\/santamonica.lv\/sv\/e-butik\/gaba-bellmeda\/","name":"GABA, BellMeda - 60 kapslar - Santa Monica","isPartOf":{"@id":"https:\/\/santamonica.lv\/sv\/#website"},"primaryImageOfPage":{"@id":"https:\/\/santamonica.lv\/sv\/e-butik\/gaba-bellmeda\/#primaryimage"},"image":{"@id":"https:\/\/santamonica.lv\/sv\/e-butik\/gaba-bellmeda\/#primaryimage"},"thumbnailUrl":"https:\/\/santamonica.lv\/wp-content\/uploads\/2025\/03\/gaba-bellmeda-60-caps.png","datePublished":"2025-03-10T17:29:25+00:00","dateModified":"2025-04-22T16:34:06+00:00","breadcrumb":{"@id":"https:\/\/santamonica.lv\/sv\/e-butik\/gaba-bellmeda\/#breadcrumb"},"inLanguage":"sv-SE","potentialAction":[{"@type":"ReadAction","target":["https:\/\/santamonica.lv\/sv\/e-butik\/gaba-bellmeda\/"]}]},{"@type":"ImageObject","inLanguage":"sv-SE","@id":"https:\/\/santamonica.lv\/sv\/e-butik\/gaba-bellmeda\/#primaryimage","url":"https:\/\/santamonica.lv\/wp-content\/uploads\/2025\/03\/gaba-bellmeda-60-caps.png","contentUrl":"https:\/\/santamonica.lv\/wp-content\/uploads\/2025\/03\/gaba-bellmeda-60-caps.png","width":800,"height":800,"caption":"Gaba, Bellmeda - 60 kapsulas, 37.5g kapsul\u0101"},{"@type":"BreadcrumbList","@id":"https:\/\/santamonica.lv\/sv\/e-butik\/gaba-bellmeda\/#breadcrumb","itemListElement":[{"@type":"ListItem","position":1,"name":"Home","item":"https:\/\/santamonica.lv\/sv\/borjan\/"},{"@type":"ListItem","position":2,"name":"E-butik","item":"https:\/\/santamonica.lv\/sv\/e-butik-santa-monica\/"},{"@type":"ListItem","position":3,"name":"GABA, BellMeda &#8211; 60 kapslar"}]},{"@type":"WebSite","@id":"https:\/\/santamonica.lv\/sv\/#website","url":"https:\/\/santamonica.lv\/sv\/","name":"Santa Monica","description":"","potentialAction":[{"@type":"SearchAction","target":{"@type":"EntryPoint","urlTemplate":"https:\/\/santamonica.lv\/sv\/?s={search_term_string}"},"query-input":{"@type":"PropertyValueSpecification","valueRequired":true,"valueName":"search_term_string"}}],"inLanguage":"sv-SE"}]}},"uagb_featured_image_src":{"full":["https:\/\/santamonica.lv\/wp-content\/uploads\/2025\/03\/gaba-bellmeda-60-caps.png",800,800,false],"thumbnail":["https:\/\/santamonica.lv\/wp-content\/uploads\/2025\/03\/gaba-bellmeda-60-caps-150x150.png",150,150,true],"medium":["https:\/\/santamonica.lv\/wp-content\/uploads\/2025\/03\/gaba-bellmeda-60-caps-300x300.png",300,300,true],"medium_large":["https:\/\/santamonica.lv\/wp-content\/uploads\/2025\/03\/gaba-bellmeda-60-caps-768x768.png",768,768,true],"large":["https:\/\/santamonica.lv\/wp-content\/uploads\/2025\/03\/gaba-bellmeda-60-caps.png",800,800,false],"1536x1536":["https:\/\/santamonica.lv\/wp-content\/uploads\/2025\/03\/gaba-bellmeda-60-caps.png",800,800,false],"2048x2048":["https:\/\/santamonica.lv\/wp-content\/uploads\/2025\/03\/gaba-bellmeda-60-caps.png",800,800,false],"woocommerce_thumbnail":["https:\/\/santamonica.lv\/wp-content\/uploads\/2025\/03\/gaba-bellmeda-60-caps-300x300.png",300,300,true],"woocommerce_single":["https:\/\/santamonica.lv\/wp-content\/uploads\/2025\/03\/gaba-bellmeda-60-caps-600x600.png",600,600,true],"woocommerce_gallery_thumbnail":["https:\/\/santamonica.lv\/wp-content\/uploads\/2025\/03\/gaba-bellmeda-60-caps-100x100.png",100,100,true]},"uagb_author_info":{"display_name":"admin","author_link":"https:\/\/santamonica.lv\/sv\/author\/"},"uagb_comment_info":0,"uagb_excerpt":"Kroppens naturliga h\u00e4mmande signalsubstans som har perifera avslappnande och lugnande effekter. GABA har en positiv effekt p\u00e5 s\u00f6mncykler och s\u00f6mnkvalitet. F\u00f6rb\u00e4ttrar s\u00f6mnen Minskar stress och \u00e5ngest Minskar muskelsp\u00e4nningar Livsmedelsverket Registreringsnr. 17345","_links":{"self":[{"href":"https:\/\/santamonica.lv\/sv\/wp-json\/wp\/v2\/product\/4224","targetHints":{"allow":["GET"]}}],"collection":[{"href":"https:\/\/santamonica.lv\/sv\/wp-json\/wp\/v2\/product"}],"about":[{"href":"https:\/\/santamonica.lv\/sv\/wp-json\/wp\/v2\/types\/product"}],"replies":[{"embeddable":true,"href":"https:\/\/santamonica.lv\/sv\/wp-json\/wp\/v2\/comments?post=4224"}],"wp:featuredmedia":[{"embeddable":true,"href":"https:\/\/santamonica.lv\/sv\/wp-json\/wp\/v2\/media\/3375"}],"wp:attachment":[{"href":"https:\/\/santamonica.lv\/sv\/wp-json\/wp\/v2\/media?parent=4224"}],"wp:term":[{"taxonomy":"product_brand","embeddable":true,"href":"https:\/\/santamonica.lv\/sv\/wp-json\/wp\/v2\/product_brand?post=4224"},{"taxonomy":"product_cat","embeddable":true,"href":"https:\/\/santamonica.lv\/sv\/wp-json\/wp\/v2\/product_cat?post=4224"},{"taxonomy":"product_tag","embeddable":true,"href":"https:\/\/santamonica.lv\/sv\/wp-json\/wp\/v2\/product_tag?post=4224"}],"curies":[{"name":"wp","href":"https:\/\/api.w.org\/{rel}","templated":true}]}}